{"id":304564,"date":"2025-07-27T22:45:13","date_gmt":"2025-07-27T21:45:13","guid":{"rendered":"https:\/\/ecosupplements.be\/product\/yango-collagen-for-the-joints-500-ml-169-fl-oz\/"},"modified":"2025-08-28T04:20:04","modified_gmt":"2025-08-28T03:20:04","slug":"yango-collagen-for-the-joints-500-ml-169-fl-oz","status":"publish","type":"product","link":"https:\/\/ecosupplements.be\/fr\/produit\/yango-collagen-for-the-joints-500-ml-169-fl-oz\/","title":{"rendered":"Collag\u00e8ne pour les articulations YANGO (500 ml \/ 16,9 fl. oz.)"},"content":{"rendered":"<h2 style=\"text-align:justify\">Kolagen na stawy<\/h2>\n<p style=\"text-align:justify\">B\u00f3l staw\u00f3w to dolegliwo\u015b\u0107 z kt\u00f3r\u0105 mierzy\u0107 musi si\u0119 coraz wi\u0119cej os\u00f3b, niezale\u017cnie od wieku. Problemy ze stawami wynikaj\u0105 z r\u00f3\u017cnorodnych przyczyn i cz\u0119sto s\u0105 trudne w eliminacji. Cho\u0107 proces naprawczy mo\u017ce wymaga\u0107 czasu, warto go rozpocz\u0105\u0107 by ukierunkowa\u0107 swoje stawy na zdrowie. Dla os\u00f3b borykaj\u0105cych si\u0119 z b\u00f3lem staw\u00f3w, stworzyli\u015bmy naturalny produkt na bazie najwy\u017cszej jako\u015bci kolagenu rybiego.<\/p>\n<p><strong>Optymalne po\u0142\u0105czenie sk\u0142adnik\u00f3w:<\/strong><\/p>\n<table>\n<tbody>\n<tr>\n<td><img loading=\"lazy\" decoding=\"async\" src=\"https:\/\/ecosupplements.be\/wp-content\/uploads\/2025\/08\/Tick24pxH-1.png\" alt=\"\" width=\"22\" height=\"24\" \/><\/td>\n<td>\n<p>Kolagen nadaje elastyczno\u015b\u0107 tkance \u0142\u0105cznej w \u015bci\u0119gnach.<\/p>\n<\/td>\n<\/tr>\n<tr>\n<td><img loading=\"lazy\" decoding=\"async\" src=\"https:\/\/ecosupplements.be\/wp-content\/uploads\/2025\/08\/Tick24pxH-1.png\" alt=\"\" width=\"22\" height=\"24\" \/><\/td>\n<td>\n<p>MSM \u0142agodzi b\u00f3l, zmniejsza obrz\u0119ki i sztywno\u015b\u0107 staw\u00f3w.<\/p>\n<\/td>\n<\/tr>\n<tr>\n<td><img loading=\"lazy\" decoding=\"async\" src=\"https:\/\/ecosupplements.be\/wp-content\/uploads\/2025\/08\/Tick24pxH-1.png\" alt=\"\" width=\"22\" height=\"24\" \/><\/td>\n<td>\n<p>Glukozamina jest podstawowym budulcem chrz\u0105stki stawowej.<\/p>\n<\/td>\n<\/tr>\n<tr>\n<td><img loading=\"lazy\" decoding=\"async\" src=\"https:\/\/ecosupplements.be\/wp-content\/uploads\/2025\/08\/Tick24pxH-1.png\" alt=\"\" width=\"22\" height=\"24\" \/><\/td>\n<td>\n<p>Witamina D3 usprawnia funkcjonowanie mi\u0119\u015bni i wzmacnia ko\u015bci.<\/p>\n<\/td>\n<\/tr>\n<tr>\n<td><img loading=\"lazy\" decoding=\"async\" src=\"https:\/\/ecosupplements.be\/wp-content\/uploads\/2025\/08\/Tick24pxH-1.png\" alt=\"\" width=\"22\" height=\"24\" \/><\/td>\n<td>\n<p>Witamina C wspiera odporno\u015b\u0107 oraz wspomaga zmniejszenie obrz\u0119ku staw\u00f3w.<\/p>\n<\/td>\n<\/tr>\n<\/tbody>\n<\/table>\n<h3><span style=\"color:#91192d\"><br \/>JAKO\u015a\u0106, KT\u00d3RA CZYNI CUDA.<\/span><\/h3>\n<p>Kolagen to podstawowy budulec wielu narz\u0105d\u00f3w, takich jak sk\u00f3ra, chrz\u0105stki, \u015bci\u0119gna, ko\u015bci i z\u0119by. Bez niego poprawne funkcjonowanie organizmu by\u0142oby niemo\u017cliwe. Kolagen jest mi\u0119dzy innymi jednym ze sk\u0142adnik\u00f3w buduj\u0105cych tkanki chrz\u0119stne, w tym stawy. <strong>Kolagen na stawy<\/strong> zawiera wysok\u0105 dawk\u0119 kolagenu typu II oraz dodatkowe substancje, kt\u00f3re wspomagaj\u0105 regeneracj\u0119 staw\u00f3w.<\/p>\n<p><strong>SK\u0141ADNIKI:<\/strong><span> <b> <\/b>woda wielokrotnie filtrowana, hydrolizat kolagenu typu II (zawiera aminokwasy: L-glicyna, L-prolina, L-alanina, L-hydroksyproli- na, kwas L-glutaminowy, L-arginina, kwas L-asparaginowy, L-seryna, L-lizyna, L-leucyna, L-walina, L-treonina, L-fenyloalanina, L-izoleucyna, L-hydroksylizyna, L-metionina, L-histydyna, L-tyrozyna, L-cysteina), regulator kwasowo\u015bci (kwas cytrynowy, kwas jab\u0142kowy, kwas fosforowy), metylosulfonylometan (MSM), siarczan glukozaminy, siarczan chondroityny, L-karnityna, kwas L-askorbinowy (witamina C), naturalny aromat (owocowy), substancje konserwuj\u0105ce (sorbinian potasu, benzoesan sodu), naturalny barwnik (ekstrakt z fioletowych ziemniak\u00f3w), emulgator (guma ksantanowa), substancje s\u0142odz\u0105ce (sukraloza, acesulfam K, glikozydy stewiolowe), sproszkowany korze\u0144 kurkumy, sproszkowana zielona herbata, cholekalcyferol (witamina D), cyjanokobalamina (witamina B12).<br \/><\/span><\/p>\n<table border=\"1\">\n<tbody>\n<tr>\n<td><strong>Sk\u0142adniki aktywne<\/strong><\/td>\n<td><strong>15 ml &#8211; dawka dzienna<\/strong><\/td>\n<td><strong>%RWS<\/strong><\/td>\n<\/tr>\n<tr>\n<td>Witamina C<\/td>\n<td>120\u00a0mg<\/td>\n<td>150%<\/td>\n<\/tr>\n<tr>\n<td>Witamina B12<\/td>\n<td>5 ug<\/td>\n<td>200%<\/td>\n<\/tr>\n<tr>\n<td>Witamina D3<\/td>\n<td>15 ug<\/td>\n<td>300%<\/td>\n<\/tr>\n<tr>\n<td>Kolagen (typu II)<\/td>\n<td>5000 mg<\/td>\n<td>&#8211;<\/td>\n<\/tr>\n<tr>\n<td>MSM (metylosulfonylometan)<\/td>\n<td>250 mg<\/td>\n<td>&#8211;<\/td>\n<\/tr>\n<tr>\n<td>Siarczan glukozaminy<\/td>\n<td>250 mg<\/td>\n<td>&#8211;<\/td>\n<\/tr>\n<tr>\n<td>Siarczan chondroityny<\/td>\n<td>250 mg<\/td>\n<td>&#8211;<\/td>\n<\/tr>\n<tr>\n<td>L-karnityna<\/td>\n<td>250 mg<\/td>\n<td>&#8211;<\/td>\n<\/tr>\n<tr>\n<td>Sproszkowana kurkuma<\/td>\n<td>10 mg<\/td>\n<td>&#8211;<\/td>\n<\/tr>\n<tr>\n<td>Sproszkowana zielona herbata<\/td>\n<td>10 mg<\/td>\n<td>&#8211;<\/td>\n<\/tr>\n<\/tbody>\n<\/table>\n<p>RWS\u00a0&#8211; zalecane dzienne spo\u017cycie<\/p>\n<table>\n<tbody>\n<tr>\n<td><strong>Pozosta\u0142e informacje<\/strong><\/td>\n<td><\/td>\n<\/tr>\n<tr>\n<td>Obj\u0119to\u015b\u0107 netto<\/td>\n<td>500 ml<\/td>\n<\/tr>\n<tr>\n<td>Sugerowana dawka dzienna<\/td>\n<td>15 ml<\/td>\n<\/tr>\n<tr>\n<td>1 opakowanie wystarcza na<\/td>\n<td>33 dni<\/td>\n<\/tr>\n<\/tbody>\n<\/table>\n<p><strong>SPOS\u00d3B U\u017bYCIA:<\/strong><\/p>\n<p>15 ml codziennie wieczorem, wstrz\u0105sn\u0105\u0107 przed u\u017cyciem. Po otwarciu przechowywa\u0107 w lod\u00f3wce. Spo\u017cy\u0107 w ci\u0105gu 2 miesi\u0119cy od otwarcia.<\/p>\n<p>Informacja: Suplement diety nie mo\u017ce by\u0107 stosowany jako substytut zr\u00f3\u017cnicowanej diety i zdrowego trybu \u017cycia.<\/p>\n<p>Produkt wolny od GMO, glutenu, soi, jajek, orzech\u00f3w i laktozy.<\/p>\n<p><strong>PRZECIWSKAZANIA:<\/strong><\/p>\n<p>Osoby przyjmuj\u0105ce leki przed u\u017cyciem powinny skonsultowa\u0107 si\u0119 z lekarzem lub farmaceut\u0105. Niewskazane ma\u0142ym dzieciom, kobietom w ci\u0105\u017cy oraz karmi\u0105cym.\u00a0<strong>Zawiera\u00a0<\/strong><strong>sk\u0142adniki pochodz\u0105ce z ryb.<\/strong><\/p>\n<p>Wyprodukowano w Unii Europejskiej. Podmiot odpowiedzialny: Yango Sp. z o.o. Masa netto: 500 ml.<\/p>\n<p>Produkt wolny od GMO, glutenu, soi, jajek, orzech\u00f3w i laktozy.<\/p>\n<p><strong>PRZECHOWYWANIE:<\/strong><\/p>\n<p>Przechowywa\u0107 w ciemnym i suchym miejscu w temperaturze pokojowej, w spos\u00f3b niedost\u0119pny dla ma\u0142ych dzieci.<\/p>\n","protected":false},"excerpt":{"rendered":"<p>Kolagen na stawy B\u00f3l staw\u00f3w to dolegliwo\u015b\u0107 z kt\u00f3r\u0105 mierzy\u0107 musi si\u0119 coraz wi\u0119cej os\u00f3b, niezale\u017cnie od wieku. Problemy ze stawami wynikaj\u0105 z r\u00f3\u017cnorodnych przyczyn i cz\u0119sto s\u0105 trudne w eliminacji. Cho\u0107 proces naprawczy mo\u017ce wymaga\u0107 czasu, warto go rozpocz\u0105\u0107 by ukierunkowa\u0107 swoje stawy na zdrowie. Dla os\u00f3b borykaj\u0105cych si\u0119 z b\u00f3lem staw\u00f3w, stworzyli\u015bmy naturalny [&#8230;]\n","protected":false},"featured_media":278703,"comment_status":"closed","ping_status":"open","template":"","meta":[],"product_brand":[5393],"product_cat":[5121,5052,5053],"product_tag":[],"class_list":{"0":"post-304564","1":"product","2":"type-product","3":"status-publish","4":"has-post-thumbnail","6":"product_brand-yango-2","7":"product_cat-collagene","8":"product_cat-sante-et-bien-etre","9":"product_cat-vitamines-et-mineraux","11":"first","12":"instock","13":"taxable","14":"shipping-taxable","15":"purchasable","16":"product-type-simple"},"yoast_head":"<!-- This site is optimized with the Yoast SEO Premium plugin v27.3 (Yoast SEO v27.3) - https:\/\/yoast.com\/product\/yoast-seo-premium-wordpress\/ -->\n<title>Collag\u00e8ne pour les articulations YANGO (500 ml \/ 16,9 fl. oz.) - ECO Supplements<\/title>\n<meta name=\"description\" content=\"Wij hebben een ruime keuze aan producten van Collag\u00e8ne pour les articulations YANGO (500 ml \/ 16,9 fl. oz.) . Winkel bij Eco Supplements altijd gratis verzending boven 100\u20ac\" \/>\n<meta name=\"robots\" content=\"index, follow, max-snippet:-1, max-image-preview:large, max-video-preview:-1\" \/>\n<link rel=\"canonical\" href=\"https:\/\/ecosupplements.be\/fr\/produit\/yango-collagen-for-the-joints-500-ml-169-fl-oz\/\" \/>\n<meta property=\"og:locale\" content=\"fr_FR\" \/>\n<meta property=\"og:type\" content=\"article\" \/>\n<meta property=\"og:title\" content=\"Collag\u00e8ne pour les articulations YANGO (500 ml \/ 16,9 fl. oz.)\" \/>\n<meta property=\"og:description\" content=\"Wij hebben een ruime keuze aan producten van Collag\u00e8ne pour les articulations YANGO (500 ml \/ 16,9 fl. oz.) . Winkel bij Eco Supplements altijd gratis verzending boven 100\u20ac\" \/>\n<meta property=\"og:url\" content=\"https:\/\/ecosupplements.be\/fr\/produit\/yango-collagen-for-the-joints-500-ml-169-fl-oz\/\" \/>\n<meta property=\"og:site_name\" content=\"ECO Supplements\" \/>\n<meta property=\"article:modified_time\" content=\"2025-08-28T03:20:04+00:00\" \/>\n<meta property=\"og:image\" content=\"https:\/\/ecosupplements.be\/wp-content\/uploads\/2025\/08\/YANGO-Collagen-for-the-joints-500-ml-169-fl.-oz.jpg\" \/>\n\t<meta property=\"og:image:width\" content=\"800\" \/>\n\t<meta property=\"og:image:height\" content=\"800\" \/>\n\t<meta property=\"og:image:type\" content=\"image\/jpeg\" \/>\n<meta name=\"twitter:card\" content=\"summary_large_image\" \/>\n<meta name=\"twitter:label1\" content=\"Prix\" \/>\n\t<meta name=\"twitter:data1\" content=\"25.60&nbsp;&euro;\" \/>\n\t<meta name=\"twitter:label2\" content=\"Disponibilit\u00e9\" \/>\n\t<meta name=\"twitter:data2\" content=\"En stock\" \/>\n<script type=\"application\/ld+json\" class=\"yoast-schema-graph\">{\"@context\":\"https:\\\/\\\/schema.org\",\"@graph\":[{\"@type\":[\"WebPage\",\"ItemPage\"],\"@id\":\"https:\\\/\\\/ecosupplements.be\\\/fr\\\/produit\\\/yango-collagen-for-the-joints-500-ml-169-fl-oz\\\/\",\"url\":\"https:\\\/\\\/ecosupplements.be\\\/fr\\\/produit\\\/yango-collagen-for-the-joints-500-ml-169-fl-oz\\\/\",\"name\":\"Collag\u00e8ne pour les articulations YANGO (500 ml \\\/ 16,9 fl. oz.) - ECO Supplements\",\"isPartOf\":{\"@id\":\"https:\\\/\\\/ecosupplements.be\\\/fr\\\/#website\"},\"primaryImageOfPage\":{\"@id\":\"https:\\\/\\\/ecosupplements.be\\\/fr\\\/produit\\\/yango-collagen-for-the-joints-500-ml-169-fl-oz\\\/#primaryimage\"},\"image\":{\"@id\":\"https:\\\/\\\/ecosupplements.be\\\/fr\\\/produit\\\/yango-collagen-for-the-joints-500-ml-169-fl-oz\\\/#primaryimage\"},\"thumbnailUrl\":\"https:\\\/\\\/ecosupplements.be\\\/wp-content\\\/uploads\\\/2025\\\/08\\\/YANGO-Collagen-for-the-joints-500-ml-169-fl.-oz.jpg\",\"datePublished\":\"2025-07-27T21:45:13+00:00\",\"dateModified\":\"2025-08-28T03:20:04+00:00\",\"description\":\"Wij hebben een ruime keuze aan producten van Collag\u00e8ne pour les articulations YANGO (500 ml \\\/ 16,9 fl. oz.) . Winkel bij Eco Supplements altijd gratis verzending boven 100\u20ac\",\"breadcrumb\":{\"@id\":\"https:\\\/\\\/ecosupplements.be\\\/fr\\\/produit\\\/yango-collagen-for-the-joints-500-ml-169-fl-oz\\\/#breadcrumb\"},\"inLanguage\":\"fr-FR\",\"potentialAction\":[{\"@type\":\"ReadAction\",\"target\":[\"https:\\\/\\\/ecosupplements.be\\\/fr\\\/produit\\\/yango-collagen-for-the-joints-500-ml-169-fl-oz\\\/\"]}]},{\"@type\":\"ImageObject\",\"inLanguage\":\"fr-FR\",\"@id\":\"https:\\\/\\\/ecosupplements.be\\\/fr\\\/produit\\\/yango-collagen-for-the-joints-500-ml-169-fl-oz\\\/#primaryimage\",\"url\":\"https:\\\/\\\/ecosupplements.be\\\/wp-content\\\/uploads\\\/2025\\\/08\\\/YANGO-Collagen-for-the-joints-500-ml-169-fl.-oz.jpg\",\"contentUrl\":\"https:\\\/\\\/ecosupplements.be\\\/wp-content\\\/uploads\\\/2025\\\/08\\\/YANGO-Collagen-for-the-joints-500-ml-169-fl.-oz.jpg\",\"width\":800,\"height\":800},{\"@type\":\"BreadcrumbList\",\"@id\":\"https:\\\/\\\/ecosupplements.be\\\/fr\\\/produit\\\/yango-collagen-for-the-joints-500-ml-169-fl-oz\\\/#breadcrumb\",\"itemListElement\":[{\"@type\":\"ListItem\",\"position\":1,\"name\":\"Home\",\"item\":\"https:\\\/\\\/ecosupplements.be\\\/fr\\\/\"},{\"@type\":\"ListItem\",\"position\":2,\"name\":\"Boutique\",\"item\":\"https:\\\/\\\/ecosupplements.be\\\/fr\\\/boutique\\\/\"},{\"@type\":\"ListItem\",\"position\":3,\"name\":\"Collag\u00e8ne pour les articulations YANGO (500 ml \\\/ 16,9 fl. oz.)\"}]},{\"@type\":\"WebSite\",\"@id\":\"https:\\\/\\\/ecosupplements.be\\\/fr\\\/#website\",\"url\":\"https:\\\/\\\/ecosupplements.be\\\/fr\\\/\",\"name\":\"ECO Supplements\",\"description\":\"Eco Supplements - Gezonde supplementen\",\"publisher\":{\"@id\":\"https:\\\/\\\/ecosupplements.be\\\/fr\\\/#organization\"},\"potentialAction\":[{\"@type\":\"SearchAction\",\"target\":{\"@type\":\"EntryPoint\",\"urlTemplate\":\"https:\\\/\\\/ecosupplements.be\\\/fr\\\/?s={search_term_string}\"},\"query-input\":{\"@type\":\"PropertyValueSpecification\",\"valueRequired\":true,\"valueName\":\"search_term_string\"}}],\"inLanguage\":\"fr-FR\"},{\"@type\":\"Organization\",\"@id\":\"https:\\\/\\\/ecosupplements.be\\\/fr\\\/#organization\",\"name\":\"Eco Supplements\",\"url\":\"https:\\\/\\\/ecosupplements.be\\\/fr\\\/\",\"logo\":{\"@type\":\"ImageObject\",\"inLanguage\":\"fr-FR\",\"@id\":\"https:\\\/\\\/ecosupplements.be\\\/fr\\\/#\\\/schema\\\/logo\\\/image\\\/\",\"url\":\"https:\\\/\\\/ecosupplements.be\\\/wp-content\\\/uploads\\\/2022\\\/06\\\/ecosupplement-family.png\",\"contentUrl\":\"https:\\\/\\\/ecosupplements.be\\\/wp-content\\\/uploads\\\/2022\\\/06\\\/ecosupplement-family.png\",\"width\":593,\"height\":374,\"caption\":\"Eco Supplements\"},\"image\":{\"@id\":\"https:\\\/\\\/ecosupplements.be\\\/fr\\\/#\\\/schema\\\/logo\\\/image\\\/\"}}]}<\/script>\n<meta property=\"product:brand\" content=\"Yango\" \/>\n<meta property=\"product:price:amount\" content=\"25.60\" \/>\n<meta property=\"product:price:currency\" content=\"EUR\" \/>\n<meta property=\"og:availability\" content=\"instock\" \/>\n<meta property=\"product:availability\" content=\"instock\" \/>\n<meta property=\"product:retailer_item_id\" content=\"5904194064037\" \/>\n<meta property=\"product:condition\" content=\"new\" \/>\n<!-- \/ Yoast SEO Premium plugin. -->","yoast_head_json":{"title":"Collag\u00e8ne pour les articulations YANGO (500 ml \/ 16,9 fl. oz.) - ECO Supplements","description":"Wij hebben een ruime keuze aan producten van Collag\u00e8ne pour les articulations YANGO (500 ml \/ 16,9 fl. oz.) . Winkel bij Eco Supplements altijd gratis verzending boven 100\u20ac","robots":{"index":"index","follow":"follow","max-snippet":"max-snippet:-1","max-image-preview":"max-image-preview:large","max-video-preview":"max-video-preview:-1"},"canonical":"https:\/\/ecosupplements.be\/fr\/produit\/yango-collagen-for-the-joints-500-ml-169-fl-oz\/","og_locale":"fr_FR","og_type":"article","og_title":"Collag\u00e8ne pour les articulations YANGO (500 ml \/ 16,9 fl. oz.)","og_description":"Wij hebben een ruime keuze aan producten van Collag\u00e8ne pour les articulations YANGO (500 ml \/ 16,9 fl. oz.) . Winkel bij Eco Supplements altijd gratis verzending boven 100\u20ac","og_url":"https:\/\/ecosupplements.be\/fr\/produit\/yango-collagen-for-the-joints-500-ml-169-fl-oz\/","og_site_name":"ECO Supplements","article_modified_time":"2025-08-28T03:20:04+00:00","og_image":[{"width":800,"height":800,"url":"https:\/\/ecosupplements.be\/wp-content\/uploads\/2025\/08\/YANGO-Collagen-for-the-joints-500-ml-169-fl.-oz.jpg","type":"image\/jpeg"}],"twitter_card":"summary_large_image","twitter_misc":{"Prix":"25.60&nbsp;&euro;","Disponibilit\u00e9":"En stock"},"schema":{"@context":"https:\/\/schema.org","@graph":[{"@type":["WebPage","ItemPage"],"@id":"https:\/\/ecosupplements.be\/fr\/produit\/yango-collagen-for-the-joints-500-ml-169-fl-oz\/","url":"https:\/\/ecosupplements.be\/fr\/produit\/yango-collagen-for-the-joints-500-ml-169-fl-oz\/","name":"Collag\u00e8ne pour les articulations YANGO (500 ml \/ 16,9 fl. oz.) - ECO Supplements","isPartOf":{"@id":"https:\/\/ecosupplements.be\/fr\/#website"},"primaryImageOfPage":{"@id":"https:\/\/ecosupplements.be\/fr\/produit\/yango-collagen-for-the-joints-500-ml-169-fl-oz\/#primaryimage"},"image":{"@id":"https:\/\/ecosupplements.be\/fr\/produit\/yango-collagen-for-the-joints-500-ml-169-fl-oz\/#primaryimage"},"thumbnailUrl":"https:\/\/ecosupplements.be\/wp-content\/uploads\/2025\/08\/YANGO-Collagen-for-the-joints-500-ml-169-fl.-oz.jpg","datePublished":"2025-07-27T21:45:13+00:00","dateModified":"2025-08-28T03:20:04+00:00","description":"Wij hebben een ruime keuze aan producten van Collag\u00e8ne pour les articulations YANGO (500 ml \/ 16,9 fl. oz.) . Winkel bij Eco Supplements altijd gratis verzending boven 100\u20ac","breadcrumb":{"@id":"https:\/\/ecosupplements.be\/fr\/produit\/yango-collagen-for-the-joints-500-ml-169-fl-oz\/#breadcrumb"},"inLanguage":"fr-FR","potentialAction":[{"@type":"ReadAction","target":["https:\/\/ecosupplements.be\/fr\/produit\/yango-collagen-for-the-joints-500-ml-169-fl-oz\/"]}]},{"@type":"ImageObject","inLanguage":"fr-FR","@id":"https:\/\/ecosupplements.be\/fr\/produit\/yango-collagen-for-the-joints-500-ml-169-fl-oz\/#primaryimage","url":"https:\/\/ecosupplements.be\/wp-content\/uploads\/2025\/08\/YANGO-Collagen-for-the-joints-500-ml-169-fl.-oz.jpg","contentUrl":"https:\/\/ecosupplements.be\/wp-content\/uploads\/2025\/08\/YANGO-Collagen-for-the-joints-500-ml-169-fl.-oz.jpg","width":800,"height":800},{"@type":"BreadcrumbList","@id":"https:\/\/ecosupplements.be\/fr\/produit\/yango-collagen-for-the-joints-500-ml-169-fl-oz\/#breadcrumb","itemListElement":[{"@type":"ListItem","position":1,"name":"Home","item":"https:\/\/ecosupplements.be\/fr\/"},{"@type":"ListItem","position":2,"name":"Boutique","item":"https:\/\/ecosupplements.be\/fr\/boutique\/"},{"@type":"ListItem","position":3,"name":"Collag\u00e8ne pour les articulations YANGO (500 ml \/ 16,9 fl. oz.)"}]},{"@type":"WebSite","@id":"https:\/\/ecosupplements.be\/fr\/#website","url":"https:\/\/ecosupplements.be\/fr\/","name":"ECO Supplements","description":"Eco Supplements - Gezonde supplementen","publisher":{"@id":"https:\/\/ecosupplements.be\/fr\/#organization"},"potentialAction":[{"@type":"SearchAction","target":{"@type":"EntryPoint","urlTemplate":"https:\/\/ecosupplements.be\/fr\/?s={search_term_string}"},"query-input":{"@type":"PropertyValueSpecification","valueRequired":true,"valueName":"search_term_string"}}],"inLanguage":"fr-FR"},{"@type":"Organization","@id":"https:\/\/ecosupplements.be\/fr\/#organization","name":"Eco Supplements","url":"https:\/\/ecosupplements.be\/fr\/","logo":{"@type":"ImageObject","inLanguage":"fr-FR","@id":"https:\/\/ecosupplements.be\/fr\/#\/schema\/logo\/image\/","url":"https:\/\/ecosupplements.be\/wp-content\/uploads\/2022\/06\/ecosupplement-family.png","contentUrl":"https:\/\/ecosupplements.be\/wp-content\/uploads\/2022\/06\/ecosupplement-family.png","width":593,"height":374,"caption":"Eco Supplements"},"image":{"@id":"https:\/\/ecosupplements.be\/fr\/#\/schema\/logo\/image\/"}}]},"product_brand":"Yango","product_price_amount":"25.60","product_price_currency":"EUR","og_availability":"instock","product_availability":"instock","product_retailer_item_id":"5904194064037","product_condition":"new"},"_links":{"self":[{"href":"https:\/\/ecosupplements.be\/fr\/wp-json\/wp\/v2\/product\/304564","targetHints":{"allow":["GET"]}}],"collection":[{"href":"https:\/\/ecosupplements.be\/fr\/wp-json\/wp\/v2\/product"}],"about":[{"href":"https:\/\/ecosupplements.be\/fr\/wp-json\/wp\/v2\/types\/product"}],"replies":[{"embeddable":true,"href":"https:\/\/ecosupplements.be\/fr\/wp-json\/wp\/v2\/comments?post=304564"}],"wp:featuredmedia":[{"embeddable":true,"href":"https:\/\/ecosupplements.be\/fr\/wp-json\/wp\/v2\/media\/278703"}],"wp:attachment":[{"href":"https:\/\/ecosupplements.be\/fr\/wp-json\/wp\/v2\/media?parent=304564"}],"wp:term":[{"taxonomy":"product_brand","embeddable":true,"href":"https:\/\/ecosupplements.be\/fr\/wp-json\/wp\/v2\/product_brand?post=304564"},{"taxonomy":"product_cat","embeddable":true,"href":"https:\/\/ecosupplements.be\/fr\/wp-json\/wp\/v2\/product_cat?post=304564"},{"taxonomy":"product_tag","embeddable":true,"href":"https:\/\/ecosupplements.be\/fr\/wp-json\/wp\/v2\/product_tag?post=304564"}],"curies":[{"name":"wp","href":"https:\/\/api.w.org\/{rel}","templated":true}]}}