{"id":304570,"date":"2025-07-27T22:45:13","date_gmt":"2025-07-27T21:45:13","guid":{"rendered":"https:\/\/ecosupplements.be\/product\/yango-collagen-type-ii-300-g-10582-oz\/"},"modified":"2025-08-28T04:20:12","modified_gmt":"2025-08-28T03:20:12","slug":"yango-collagen-type-ii-300-g-10582-oz","status":"publish","type":"product","link":"https:\/\/ecosupplements.be\/fr\/produit\/yango-collagen-type-ii-300-g-10582-oz\/","title":{"rendered":"Collag\u00e8ne de type II YANGO (300 g \/ 10,582 oz.)"},"content":{"rendered":"<h2>Description du Produit : YANGO Collagen type II (300 g \/ 10,582 oz.)<\/h2>\n<p><strong>Nom du produit :<\/strong> YANGO Collagen type II<\/p>\n<p><strong>Ingr\u00e9dients principaux :<\/strong> Hydrolizowany kolagen wo\u0142owy typu II. Ce produit contient \u00e9galement un ensemble d&#8217;acides amin\u00e9s tels que L-glycine, L-proline, L-hydroxyproline, acide L-glutamique, L-alanine et autres.<\/p>\n<p><strong>Contenu et emballage :<\/strong> Chaque paquet contient 300 g de produit.<\/p>\n<p><strong>Utilisation recommand\u00e9e :<\/strong> M\u00e9langer deux mesures plates dans 250 ml d&#8217;eau. Agiter intens\u00e9ment pour une dissolution compl\u00e8te.<\/p>\n<p>Ce compl\u00e9ment alimentaire est fabriqu\u00e9 \u00e0 partir de sources naturelles de haute puret\u00e9 pour assurer une qualit\u00e9 exceptionnelle. Il est id\u00e9al pour ceux qui appr\u00e9cient les produits naturels dans leur quotidien. Le collag\u00e8ne utilis\u00e9 provient de bovins et est trait\u00e9 avec soin pour pr\u00e9server ses qualit\u00e9s.<\/p>\n<p><em>Note:<\/em> Ce produit ne doit pas \u00eatre utilis\u00e9 comme substitut \u00e0 une alimentation vari\u00e9e et \u00e9quilibr\u00e9e ni \u00e0 un mode de vie sain. Conserver dans un endroit sec et sombre \u00e0 temp\u00e9rature ambiante, hors de port\u00e9e des enfants en bas \u00e2ge. Consultez un professionnel de sant\u00e9 avant utilisation si vous \u00eates sous traitement m\u00e9dical ou si vous avez des conditions particuli\u00e8res.<\/p>\n<p><strong>Allerg\u00e8nes :<\/strong> ce produit ne contient ni gluten, ni sucre ajout\u00e9, ni ingr\u00e9dients laitiers; il est \u00e9galement exempt d&#8217;additifs artificiels tels que conservateurs ou colorants artificiels et ne contient pas de m\u00e9taux lourds comme l&#8217;arsenic ou le plomb.<\/p>\n","protected":false},"excerpt":{"rendered":"<p>Description du Produit : YANGO Collagen type II (300 g \/ 10,582 oz.) Nom du produit : YANGO Collagen type II Ingr\u00e9dients principaux : Hydrolizowany kolagen wo\u0142owy typu II. Ce produit contient \u00e9galement un ensemble d&#8217;acides amin\u00e9s tels que L-glycine, L-proline, L-hydroxyproline, acide L-glutamique, L-alanine et autres. Contenu et emballage : Chaque paquet contient 300 [&#8230;]\n","protected":false},"featured_media":278709,"comment_status":"closed","ping_status":"open","template":"","meta":[],"product_brand":[5393],"product_cat":[5121,5052,5053],"product_tag":[],"class_list":{"0":"post-304570","1":"product","2":"type-product","3":"status-publish","4":"has-post-thumbnail","6":"product_brand-yango-2","7":"product_cat-collagene","8":"product_cat-sante-et-bien-etre","9":"product_cat-vitamines-et-mineraux","11":"first","12":"instock","13":"taxable","14":"shipping-taxable","15":"purchasable","16":"product-type-simple"},"yoast_head":"<!-- This site is optimized with the Yoast SEO Premium plugin v27.3 (Yoast SEO v27.3) - https:\/\/yoast.com\/product\/yoast-seo-premium-wordpress\/ -->\n<title>Collag\u00e8ne de type II YANGO (300 g \/ 10,582 oz.) - ECO Supplements<\/title>\n<meta name=\"description\" content=\"Wij hebben een ruime keuze aan producten van Collag\u00e8ne de type II YANGO (300 g \/ 10,582 oz.) . Winkel bij Eco Supplements altijd gratis verzending boven 100\u20ac\" \/>\n<meta name=\"robots\" content=\"index, follow, max-snippet:-1, max-image-preview:large, max-video-preview:-1\" \/>\n<link rel=\"canonical\" href=\"https:\/\/ecosupplements.be\/fr\/produit\/yango-collagen-type-ii-300-g-10582-oz\/\" \/>\n<meta property=\"og:locale\" content=\"fr_FR\" \/>\n<meta property=\"og:type\" content=\"article\" \/>\n<meta property=\"og:title\" content=\"Collag\u00e8ne de type II YANGO (300 g \/ 10,582 oz.)\" \/>\n<meta property=\"og:description\" content=\"Wij hebben een ruime keuze aan producten van Collag\u00e8ne de type II YANGO (300 g \/ 10,582 oz.) . Winkel bij Eco Supplements altijd gratis verzending boven 100\u20ac\" \/>\n<meta property=\"og:url\" content=\"https:\/\/ecosupplements.be\/fr\/produit\/yango-collagen-type-ii-300-g-10582-oz\/\" \/>\n<meta property=\"og:site_name\" content=\"ECO Supplements\" \/>\n<meta property=\"article:modified_time\" content=\"2025-08-28T03:20:12+00:00\" \/>\n<meta property=\"og:image\" content=\"https:\/\/ecosupplements.be\/wp-content\/uploads\/2025\/08\/Yango-YANGO-Collagen-type-II-300-g-10582-oz.jpg\" \/>\n\t<meta property=\"og:image:width\" content=\"622\" \/>\n\t<meta property=\"og:image:height\" content=\"705\" \/>\n\t<meta property=\"og:image:type\" content=\"image\/jpeg\" \/>\n<meta name=\"twitter:card\" content=\"summary_large_image\" \/>\n<meta name=\"twitter:label1\" content=\"Prix\" \/>\n\t<meta name=\"twitter:data1\" content=\"27.81&nbsp;&euro;\" \/>\n\t<meta name=\"twitter:label2\" content=\"Disponibilit\u00e9\" \/>\n\t<meta name=\"twitter:data2\" content=\"En stock\" \/>\n<script type=\"application\/ld+json\" class=\"yoast-schema-graph\">{\"@context\":\"https:\\\/\\\/schema.org\",\"@graph\":[{\"@type\":[\"WebPage\",\"ItemPage\"],\"@id\":\"https:\\\/\\\/ecosupplements.be\\\/fr\\\/produit\\\/yango-collagen-type-ii-300-g-10582-oz\\\/\",\"url\":\"https:\\\/\\\/ecosupplements.be\\\/fr\\\/produit\\\/yango-collagen-type-ii-300-g-10582-oz\\\/\",\"name\":\"Collag\u00e8ne de type II YANGO (300 g \\\/ 10,582 oz.) - ECO Supplements\",\"isPartOf\":{\"@id\":\"https:\\\/\\\/ecosupplements.be\\\/fr\\\/#website\"},\"primaryImageOfPage\":{\"@id\":\"https:\\\/\\\/ecosupplements.be\\\/fr\\\/produit\\\/yango-collagen-type-ii-300-g-10582-oz\\\/#primaryimage\"},\"image\":{\"@id\":\"https:\\\/\\\/ecosupplements.be\\\/fr\\\/produit\\\/yango-collagen-type-ii-300-g-10582-oz\\\/#primaryimage\"},\"thumbnailUrl\":\"https:\\\/\\\/ecosupplements.be\\\/wp-content\\\/uploads\\\/2025\\\/08\\\/YANGO-Collagen-type-II-300-g-10582-oz.jpg\",\"datePublished\":\"2025-07-27T21:45:13+00:00\",\"dateModified\":\"2025-08-28T03:20:12+00:00\",\"description\":\"Wij hebben een ruime keuze aan producten van Collag\u00e8ne de type II YANGO (300 g \\\/ 10,582 oz.) . Winkel bij Eco Supplements altijd gratis verzending boven 100\u20ac\",\"breadcrumb\":{\"@id\":\"https:\\\/\\\/ecosupplements.be\\\/fr\\\/produit\\\/yango-collagen-type-ii-300-g-10582-oz\\\/#breadcrumb\"},\"inLanguage\":\"fr-FR\",\"potentialAction\":[{\"@type\":\"ReadAction\",\"target\":[\"https:\\\/\\\/ecosupplements.be\\\/fr\\\/produit\\\/yango-collagen-type-ii-300-g-10582-oz\\\/\"]}]},{\"@type\":\"ImageObject\",\"inLanguage\":\"fr-FR\",\"@id\":\"https:\\\/\\\/ecosupplements.be\\\/fr\\\/produit\\\/yango-collagen-type-ii-300-g-10582-oz\\\/#primaryimage\",\"url\":\"https:\\\/\\\/ecosupplements.be\\\/wp-content\\\/uploads\\\/2025\\\/08\\\/YANGO-Collagen-type-II-300-g-10582-oz.jpg\",\"contentUrl\":\"https:\\\/\\\/ecosupplements.be\\\/wp-content\\\/uploads\\\/2025\\\/08\\\/YANGO-Collagen-type-II-300-g-10582-oz.jpg\",\"width\":622,\"height\":705},{\"@type\":\"BreadcrumbList\",\"@id\":\"https:\\\/\\\/ecosupplements.be\\\/fr\\\/produit\\\/yango-collagen-type-ii-300-g-10582-oz\\\/#breadcrumb\",\"itemListElement\":[{\"@type\":\"ListItem\",\"position\":1,\"name\":\"Home\",\"item\":\"https:\\\/\\\/ecosupplements.be\\\/fr\\\/\"},{\"@type\":\"ListItem\",\"position\":2,\"name\":\"Boutique\",\"item\":\"https:\\\/\\\/ecosupplements.be\\\/fr\\\/boutique\\\/\"},{\"@type\":\"ListItem\",\"position\":3,\"name\":\"Collag\u00e8ne de type II YANGO (300 g \\\/ 10,582 oz.)\"}]},{\"@type\":\"WebSite\",\"@id\":\"https:\\\/\\\/ecosupplements.be\\\/fr\\\/#website\",\"url\":\"https:\\\/\\\/ecosupplements.be\\\/fr\\\/\",\"name\":\"ECO Supplements\",\"description\":\"Eco Supplements - Gezonde supplementen\",\"publisher\":{\"@id\":\"https:\\\/\\\/ecosupplements.be\\\/fr\\\/#organization\"},\"potentialAction\":[{\"@type\":\"SearchAction\",\"target\":{\"@type\":\"EntryPoint\",\"urlTemplate\":\"https:\\\/\\\/ecosupplements.be\\\/fr\\\/?s={search_term_string}\"},\"query-input\":{\"@type\":\"PropertyValueSpecification\",\"valueRequired\":true,\"valueName\":\"search_term_string\"}}],\"inLanguage\":\"fr-FR\"},{\"@type\":\"Organization\",\"@id\":\"https:\\\/\\\/ecosupplements.be\\\/fr\\\/#organization\",\"name\":\"Eco Supplements\",\"url\":\"https:\\\/\\\/ecosupplements.be\\\/fr\\\/\",\"logo\":{\"@type\":\"ImageObject\",\"inLanguage\":\"fr-FR\",\"@id\":\"https:\\\/\\\/ecosupplements.be\\\/fr\\\/#\\\/schema\\\/logo\\\/image\\\/\",\"url\":\"https:\\\/\\\/ecosupplements.be\\\/wp-content\\\/uploads\\\/2022\\\/06\\\/ecosupplement-family.png\",\"contentUrl\":\"https:\\\/\\\/ecosupplements.be\\\/wp-content\\\/uploads\\\/2022\\\/06\\\/ecosupplement-family.png\",\"width\":593,\"height\":374,\"caption\":\"Eco Supplements\"},\"image\":{\"@id\":\"https:\\\/\\\/ecosupplements.be\\\/fr\\\/#\\\/schema\\\/logo\\\/image\\\/\"}}]}<\/script>\n<meta property=\"product:brand\" content=\"Yango\" \/>\n<meta property=\"product:price:amount\" content=\"27.81\" \/>\n<meta property=\"product:price:currency\" content=\"EUR\" \/>\n<meta property=\"og:availability\" content=\"instock\" \/>\n<meta property=\"product:availability\" content=\"instock\" \/>\n<meta property=\"product:retailer_item_id\" content=\"5904194064242\" \/>\n<meta property=\"product:condition\" content=\"new\" \/>\n<!-- \/ Yoast SEO Premium plugin. -->","yoast_head_json":{"title":"Collag\u00e8ne de type II YANGO (300 g \/ 10,582 oz.) - ECO Supplements","description":"Wij hebben een ruime keuze aan producten van Collag\u00e8ne de type II YANGO (300 g \/ 10,582 oz.) . Winkel bij Eco Supplements altijd gratis verzending boven 100\u20ac","robots":{"index":"index","follow":"follow","max-snippet":"max-snippet:-1","max-image-preview":"max-image-preview:large","max-video-preview":"max-video-preview:-1"},"canonical":"https:\/\/ecosupplements.be\/fr\/produit\/yango-collagen-type-ii-300-g-10582-oz\/","og_locale":"fr_FR","og_type":"article","og_title":"Collag\u00e8ne de type II YANGO (300 g \/ 10,582 oz.)","og_description":"Wij hebben een ruime keuze aan producten van Collag\u00e8ne de type II YANGO (300 g \/ 10,582 oz.) . Winkel bij Eco Supplements altijd gratis verzending boven 100\u20ac","og_url":"https:\/\/ecosupplements.be\/fr\/produit\/yango-collagen-type-ii-300-g-10582-oz\/","og_site_name":"ECO Supplements","article_modified_time":"2025-08-28T03:20:12+00:00","og_image":[{"width":622,"height":705,"url":"https:\/\/ecosupplements.be\/wp-content\/uploads\/2025\/08\/Yango-YANGO-Collagen-type-II-300-g-10582-oz.jpg","type":"image\/jpeg"}],"twitter_card":"summary_large_image","twitter_misc":{"Prix":"27.81&nbsp;&euro;","Disponibilit\u00e9":"En stock"},"schema":{"@context":"https:\/\/schema.org","@graph":[{"@type":["WebPage","ItemPage"],"@id":"https:\/\/ecosupplements.be\/fr\/produit\/yango-collagen-type-ii-300-g-10582-oz\/","url":"https:\/\/ecosupplements.be\/fr\/produit\/yango-collagen-type-ii-300-g-10582-oz\/","name":"Collag\u00e8ne de type II YANGO (300 g \/ 10,582 oz.) - ECO Supplements","isPartOf":{"@id":"https:\/\/ecosupplements.be\/fr\/#website"},"primaryImageOfPage":{"@id":"https:\/\/ecosupplements.be\/fr\/produit\/yango-collagen-type-ii-300-g-10582-oz\/#primaryimage"},"image":{"@id":"https:\/\/ecosupplements.be\/fr\/produit\/yango-collagen-type-ii-300-g-10582-oz\/#primaryimage"},"thumbnailUrl":"https:\/\/ecosupplements.be\/wp-content\/uploads\/2025\/08\/YANGO-Collagen-type-II-300-g-10582-oz.jpg","datePublished":"2025-07-27T21:45:13+00:00","dateModified":"2025-08-28T03:20:12+00:00","description":"Wij hebben een ruime keuze aan producten van Collag\u00e8ne de type II YANGO (300 g \/ 10,582 oz.) . Winkel bij Eco Supplements altijd gratis verzending boven 100\u20ac","breadcrumb":{"@id":"https:\/\/ecosupplements.be\/fr\/produit\/yango-collagen-type-ii-300-g-10582-oz\/#breadcrumb"},"inLanguage":"fr-FR","potentialAction":[{"@type":"ReadAction","target":["https:\/\/ecosupplements.be\/fr\/produit\/yango-collagen-type-ii-300-g-10582-oz\/"]}]},{"@type":"ImageObject","inLanguage":"fr-FR","@id":"https:\/\/ecosupplements.be\/fr\/produit\/yango-collagen-type-ii-300-g-10582-oz\/#primaryimage","url":"https:\/\/ecosupplements.be\/wp-content\/uploads\/2025\/08\/YANGO-Collagen-type-II-300-g-10582-oz.jpg","contentUrl":"https:\/\/ecosupplements.be\/wp-content\/uploads\/2025\/08\/YANGO-Collagen-type-II-300-g-10582-oz.jpg","width":622,"height":705},{"@type":"BreadcrumbList","@id":"https:\/\/ecosupplements.be\/fr\/produit\/yango-collagen-type-ii-300-g-10582-oz\/#breadcrumb","itemListElement":[{"@type":"ListItem","position":1,"name":"Home","item":"https:\/\/ecosupplements.be\/fr\/"},{"@type":"ListItem","position":2,"name":"Boutique","item":"https:\/\/ecosupplements.be\/fr\/boutique\/"},{"@type":"ListItem","position":3,"name":"Collag\u00e8ne de type II YANGO (300 g \/ 10,582 oz.)"}]},{"@type":"WebSite","@id":"https:\/\/ecosupplements.be\/fr\/#website","url":"https:\/\/ecosupplements.be\/fr\/","name":"ECO Supplements","description":"Eco Supplements - Gezonde supplementen","publisher":{"@id":"https:\/\/ecosupplements.be\/fr\/#organization"},"potentialAction":[{"@type":"SearchAction","target":{"@type":"EntryPoint","urlTemplate":"https:\/\/ecosupplements.be\/fr\/?s={search_term_string}"},"query-input":{"@type":"PropertyValueSpecification","valueRequired":true,"valueName":"search_term_string"}}],"inLanguage":"fr-FR"},{"@type":"Organization","@id":"https:\/\/ecosupplements.be\/fr\/#organization","name":"Eco Supplements","url":"https:\/\/ecosupplements.be\/fr\/","logo":{"@type":"ImageObject","inLanguage":"fr-FR","@id":"https:\/\/ecosupplements.be\/fr\/#\/schema\/logo\/image\/","url":"https:\/\/ecosupplements.be\/wp-content\/uploads\/2022\/06\/ecosupplement-family.png","contentUrl":"https:\/\/ecosupplements.be\/wp-content\/uploads\/2022\/06\/ecosupplement-family.png","width":593,"height":374,"caption":"Eco Supplements"},"image":{"@id":"https:\/\/ecosupplements.be\/fr\/#\/schema\/logo\/image\/"}}]},"product_brand":"Yango","product_price_amount":"27.81","product_price_currency":"EUR","og_availability":"instock","product_availability":"instock","product_retailer_item_id":"5904194064242","product_condition":"new"},"_links":{"self":[{"href":"https:\/\/ecosupplements.be\/fr\/wp-json\/wp\/v2\/product\/304570","targetHints":{"allow":["GET"]}}],"collection":[{"href":"https:\/\/ecosupplements.be\/fr\/wp-json\/wp\/v2\/product"}],"about":[{"href":"https:\/\/ecosupplements.be\/fr\/wp-json\/wp\/v2\/types\/product"}],"replies":[{"embeddable":true,"href":"https:\/\/ecosupplements.be\/fr\/wp-json\/wp\/v2\/comments?post=304570"}],"wp:featuredmedia":[{"embeddable":true,"href":"https:\/\/ecosupplements.be\/fr\/wp-json\/wp\/v2\/media\/278709"}],"wp:attachment":[{"href":"https:\/\/ecosupplements.be\/fr\/wp-json\/wp\/v2\/media?parent=304570"}],"wp:term":[{"taxonomy":"product_brand","embeddable":true,"href":"https:\/\/ecosupplements.be\/fr\/wp-json\/wp\/v2\/product_brand?post=304570"},{"taxonomy":"product_cat","embeddable":true,"href":"https:\/\/ecosupplements.be\/fr\/wp-json\/wp\/v2\/product_cat?post=304570"},{"taxonomy":"product_tag","embeddable":true,"href":"https:\/\/ecosupplements.be\/fr\/wp-json\/wp\/v2\/product_tag?post=304570"}],"curies":[{"name":"wp","href":"https:\/\/api.w.org\/{rel}","templated":true}]}}