{"id":304639,"date":"2025-07-28T00:00:31","date_gmt":"2025-07-27T23:00:31","guid":{"rendered":"https:\/\/ecosupplements.be\/product\/yango-folic-acid-vitamin-b9-90-caps\/"},"modified":"2025-08-28T04:22:00","modified_gmt":"2025-08-28T03:22:00","slug":"yango-folic-acid-vitamin-b9-90-caps","status":"publish","type":"product","link":"https:\/\/ecosupplements.be\/fr\/produit\/yango-folic-acid-vitamin-b9-90-caps\/","title":{"rendered":"Acide folique YANGO &#8211; Vitamine B9 (90 g\u00e9lules)"},"content":{"rendered":"<h1>YANGO Folic acid &#8211; Vitamin B9 (90 caps)<\/h1>\n<p>D\u00e9couvrez YANGO folic acid &#8211; Vitamin B9, un choix parfait pour ceux qui appr\u00e9cient les ingr\u00e9dients naturels dans un mode de vie sain.Ce produit est con\u00e7u avec une composition simple et naturelle, id\u00e9ale pour une utilisation quotidienne.<\/p>\n<h2>Ingr\u00e9dients principaux<\/h2>\n<p>Ce compl\u00e9ment contient de la vitamine B9 (acide folique) encapsul\u00e9e dans des g\u00e9lules v\u00e9g\u00e9tales \u00e0 base de cellulose. Les capsules sont exemptes d&#8217;additifs artificiels, garantissant une grande puret\u00e9 et qualit\u00e9.<\/p>\n<h2>Contenu et emballage<\/h2>\n<p>Le produit est pr\u00e9sent\u00e9 sous forme de capsules faciles \u00e0 avaler, conditionn\u00e9es en flacon de 90 unit\u00e9s.<\/p>\n<h2>Utilisation<\/h2>\n<p>Pour un usage optimal, il est recommand\u00e9 de prendre une capsule par jour avec beaucoup d&#8217;eau apr\u00e8s le repas.<\/p>\n<h3>Caract\u00e9ristiques pratiques<\/h3>\n<p>Ces capsules sont con\u00e7ues pour \u00eatre simples \u00e0 utiliser au quotidien. Leur format pratique permet d&#8217;emporter votre compl\u00e9ment o\u00f9 que vous alliez sans aucun souci.<\/p>\n<p><strong>Note:<\/strong> Conserver dans un endroit sec et sombre \u00e0 temp\u00e9rature ambiante. Tenir hors de port\u00e9e des enfants.Ce produit est libre de m\u00e9taux lourds tels que l&#8217;arsenic, le cadmium, le plomb ou le mercure.<\/p>\n<p>avec YANGO folic acid &#8211; Vitamin B9, int\u00e9grez facilement la vitamine B9 \u00e0 votre routine quotidienne tout en faisant confiance \u00e0 un produit naturel et pur.<\/p>\n","protected":false},"excerpt":{"rendered":"<p>YANGO Folic acid &#8211; Vitamin B9 (90 caps) D\u00e9couvrez YANGO folic acid &#8211; Vitamin B9, un choix parfait pour ceux qui appr\u00e9cient les ingr\u00e9dients naturels dans un mode de vie sain.Ce produit est con\u00e7u avec une composition simple et naturelle, id\u00e9ale pour une utilisation quotidienne. Ingr\u00e9dients principaux Ce compl\u00e9ment contient de la vitamine B9 (acide [&#8230;]\n","protected":false},"featured_media":278778,"comment_status":"closed","ping_status":"open","template":"","meta":[],"product_brand":[5393],"product_cat":[5053],"product_tag":[],"class_list":{"0":"post-304639","1":"product","2":"type-product","3":"status-publish","4":"has-post-thumbnail","6":"product_brand-yango-2","7":"product_cat-vitamines-et-mineraux","9":"first","10":"instock","11":"taxable","12":"shipping-taxable","13":"purchasable","14":"product-type-simple"},"yoast_head":"<!-- This site is optimized with the Yoast SEO Premium plugin v27.3 (Yoast SEO v27.3) - https:\/\/yoast.com\/product\/yoast-seo-premium-wordpress\/ -->\n<title>Acide folique YANGO - Vitamine B9 (90 g\u00e9lules) - ECO Supplements<\/title>\n<meta name=\"description\" content=\"Wij hebben een ruime keuze aan producten van Acide folique YANGO - Vitamine B9 (90 g\u00e9lules) . Winkel bij Eco Supplements altijd gratis verzending boven 100\u20ac\" \/>\n<meta name=\"robots\" content=\"index, follow, max-snippet:-1, max-image-preview:large, max-video-preview:-1\" \/>\n<link rel=\"canonical\" href=\"https:\/\/ecosupplements.be\/fr\/produit\/yango-folic-acid-vitamin-b9-90-caps\/\" \/>\n<meta property=\"og:locale\" content=\"fr_FR\" \/>\n<meta property=\"og:type\" content=\"article\" \/>\n<meta property=\"og:title\" content=\"Acide folique YANGO - Vitamine B9 (90 g\u00e9lules)\" \/>\n<meta property=\"og:description\" content=\"Wij hebben een ruime keuze aan producten van Acide folique YANGO - Vitamine B9 (90 g\u00e9lules) . Winkel bij Eco Supplements altijd gratis verzending boven 100\u20ac\" \/>\n<meta property=\"og:url\" content=\"https:\/\/ecosupplements.be\/fr\/produit\/yango-folic-acid-vitamin-b9-90-caps\/\" \/>\n<meta property=\"og:site_name\" content=\"ECO Supplements\" \/>\n<meta property=\"article:modified_time\" content=\"2025-08-28T03:22:00+00:00\" \/>\n<meta property=\"og:image\" content=\"https:\/\/ecosupplements.be\/wp-content\/uploads\/2025\/08\/Yango-YANGO-Folic-acid-Vitamin-B9-90-caps.jpg\" \/>\n\t<meta property=\"og:image:width\" content=\"800\" \/>\n\t<meta property=\"og:image:height\" content=\"800\" \/>\n\t<meta property=\"og:image:type\" content=\"image\/jpeg\" \/>\n<meta name=\"twitter:card\" content=\"summary_large_image\" \/>\n<meta name=\"twitter:label1\" content=\"Prix\" \/>\n\t<meta name=\"twitter:data1\" content=\"9.16&nbsp;&euro;\" \/>\n\t<meta name=\"twitter:label2\" content=\"Disponibilit\u00e9\" \/>\n\t<meta name=\"twitter:data2\" content=\"En stock\" \/>\n<script type=\"application\/ld+json\" class=\"yoast-schema-graph\">{\"@context\":\"https:\\\/\\\/schema.org\",\"@graph\":[{\"@type\":[\"WebPage\",\"ItemPage\"],\"@id\":\"https:\\\/\\\/ecosupplements.be\\\/fr\\\/produit\\\/yango-folic-acid-vitamin-b9-90-caps\\\/\",\"url\":\"https:\\\/\\\/ecosupplements.be\\\/fr\\\/produit\\\/yango-folic-acid-vitamin-b9-90-caps\\\/\",\"name\":\"Acide folique YANGO - Vitamine B9 (90 g\u00e9lules) - ECO Supplements\",\"isPartOf\":{\"@id\":\"https:\\\/\\\/ecosupplements.be\\\/fr\\\/#website\"},\"primaryImageOfPage\":{\"@id\":\"https:\\\/\\\/ecosupplements.be\\\/fr\\\/produit\\\/yango-folic-acid-vitamin-b9-90-caps\\\/#primaryimage\"},\"image\":{\"@id\":\"https:\\\/\\\/ecosupplements.be\\\/fr\\\/produit\\\/yango-folic-acid-vitamin-b9-90-caps\\\/#primaryimage\"},\"thumbnailUrl\":\"https:\\\/\\\/ecosupplements.be\\\/wp-content\\\/uploads\\\/2025\\\/08\\\/YANGO-Folic-acid-Vitamin-B9-90-caps.jpg\",\"datePublished\":\"2025-07-27T23:00:31+00:00\",\"dateModified\":\"2025-08-28T03:22:00+00:00\",\"description\":\"Wij hebben een ruime keuze aan producten van Acide folique YANGO - Vitamine B9 (90 g\u00e9lules) . Winkel bij Eco Supplements altijd gratis verzending boven 100\u20ac\",\"breadcrumb\":{\"@id\":\"https:\\\/\\\/ecosupplements.be\\\/fr\\\/produit\\\/yango-folic-acid-vitamin-b9-90-caps\\\/#breadcrumb\"},\"inLanguage\":\"fr-FR\",\"potentialAction\":[{\"@type\":\"ReadAction\",\"target\":[\"https:\\\/\\\/ecosupplements.be\\\/fr\\\/produit\\\/yango-folic-acid-vitamin-b9-90-caps\\\/\"]}]},{\"@type\":\"ImageObject\",\"inLanguage\":\"fr-FR\",\"@id\":\"https:\\\/\\\/ecosupplements.be\\\/fr\\\/produit\\\/yango-folic-acid-vitamin-b9-90-caps\\\/#primaryimage\",\"url\":\"https:\\\/\\\/ecosupplements.be\\\/wp-content\\\/uploads\\\/2025\\\/08\\\/YANGO-Folic-acid-Vitamin-B9-90-caps.jpg\",\"contentUrl\":\"https:\\\/\\\/ecosupplements.be\\\/wp-content\\\/uploads\\\/2025\\\/08\\\/YANGO-Folic-acid-Vitamin-B9-90-caps.jpg\",\"width\":800,\"height\":800},{\"@type\":\"BreadcrumbList\",\"@id\":\"https:\\\/\\\/ecosupplements.be\\\/fr\\\/produit\\\/yango-folic-acid-vitamin-b9-90-caps\\\/#breadcrumb\",\"itemListElement\":[{\"@type\":\"ListItem\",\"position\":1,\"name\":\"Home\",\"item\":\"https:\\\/\\\/ecosupplements.be\\\/fr\\\/\"},{\"@type\":\"ListItem\",\"position\":2,\"name\":\"Boutique\",\"item\":\"https:\\\/\\\/ecosupplements.be\\\/fr\\\/boutique\\\/\"},{\"@type\":\"ListItem\",\"position\":3,\"name\":\"Acide folique YANGO &#8211; Vitamine B9 (90 g\u00e9lules)\"}]},{\"@type\":\"WebSite\",\"@id\":\"https:\\\/\\\/ecosupplements.be\\\/fr\\\/#website\",\"url\":\"https:\\\/\\\/ecosupplements.be\\\/fr\\\/\",\"name\":\"ECO Supplements\",\"description\":\"Eco Supplements - Gezonde supplementen\",\"publisher\":{\"@id\":\"https:\\\/\\\/ecosupplements.be\\\/fr\\\/#organization\"},\"potentialAction\":[{\"@type\":\"SearchAction\",\"target\":{\"@type\":\"EntryPoint\",\"urlTemplate\":\"https:\\\/\\\/ecosupplements.be\\\/fr\\\/?s={search_term_string}\"},\"query-input\":{\"@type\":\"PropertyValueSpecification\",\"valueRequired\":true,\"valueName\":\"search_term_string\"}}],\"inLanguage\":\"fr-FR\"},{\"@type\":\"Organization\",\"@id\":\"https:\\\/\\\/ecosupplements.be\\\/fr\\\/#organization\",\"name\":\"Eco Supplements\",\"url\":\"https:\\\/\\\/ecosupplements.be\\\/fr\\\/\",\"logo\":{\"@type\":\"ImageObject\",\"inLanguage\":\"fr-FR\",\"@id\":\"https:\\\/\\\/ecosupplements.be\\\/fr\\\/#\\\/schema\\\/logo\\\/image\\\/\",\"url\":\"https:\\\/\\\/ecosupplements.be\\\/wp-content\\\/uploads\\\/2022\\\/06\\\/ecosupplement-family.png\",\"contentUrl\":\"https:\\\/\\\/ecosupplements.be\\\/wp-content\\\/uploads\\\/2022\\\/06\\\/ecosupplement-family.png\",\"width\":593,\"height\":374,\"caption\":\"Eco Supplements\"},\"image\":{\"@id\":\"https:\\\/\\\/ecosupplements.be\\\/fr\\\/#\\\/schema\\\/logo\\\/image\\\/\"}}]}<\/script>\n<meta property=\"product:brand\" content=\"Yango\" \/>\n<meta property=\"product:price:amount\" content=\"9.16\" \/>\n<meta property=\"product:price:currency\" content=\"EUR\" \/>\n<meta property=\"og:availability\" content=\"instock\" \/>\n<meta property=\"product:availability\" content=\"instock\" \/>\n<meta property=\"product:retailer_item_id\" content=\"5904194060848\" \/>\n<meta property=\"product:condition\" content=\"new\" \/>\n<!-- \/ Yoast SEO Premium plugin. -->","yoast_head_json":{"title":"Acide folique YANGO - Vitamine B9 (90 g\u00e9lules) - ECO Supplements","description":"Wij hebben een ruime keuze aan producten van Acide folique YANGO - Vitamine B9 (90 g\u00e9lules) . Winkel bij Eco Supplements altijd gratis verzending boven 100\u20ac","robots":{"index":"index","follow":"follow","max-snippet":"max-snippet:-1","max-image-preview":"max-image-preview:large","max-video-preview":"max-video-preview:-1"},"canonical":"https:\/\/ecosupplements.be\/fr\/produit\/yango-folic-acid-vitamin-b9-90-caps\/","og_locale":"fr_FR","og_type":"article","og_title":"Acide folique YANGO - Vitamine B9 (90 g\u00e9lules)","og_description":"Wij hebben een ruime keuze aan producten van Acide folique YANGO - Vitamine B9 (90 g\u00e9lules) . Winkel bij Eco Supplements altijd gratis verzending boven 100\u20ac","og_url":"https:\/\/ecosupplements.be\/fr\/produit\/yango-folic-acid-vitamin-b9-90-caps\/","og_site_name":"ECO Supplements","article_modified_time":"2025-08-28T03:22:00+00:00","og_image":[{"width":800,"height":800,"url":"https:\/\/ecosupplements.be\/wp-content\/uploads\/2025\/08\/Yango-YANGO-Folic-acid-Vitamin-B9-90-caps.jpg","type":"image\/jpeg"}],"twitter_card":"summary_large_image","twitter_misc":{"Prix":"9.16&nbsp;&euro;","Disponibilit\u00e9":"En stock"},"schema":{"@context":"https:\/\/schema.org","@graph":[{"@type":["WebPage","ItemPage"],"@id":"https:\/\/ecosupplements.be\/fr\/produit\/yango-folic-acid-vitamin-b9-90-caps\/","url":"https:\/\/ecosupplements.be\/fr\/produit\/yango-folic-acid-vitamin-b9-90-caps\/","name":"Acide folique YANGO - Vitamine B9 (90 g\u00e9lules) - ECO Supplements","isPartOf":{"@id":"https:\/\/ecosupplements.be\/fr\/#website"},"primaryImageOfPage":{"@id":"https:\/\/ecosupplements.be\/fr\/produit\/yango-folic-acid-vitamin-b9-90-caps\/#primaryimage"},"image":{"@id":"https:\/\/ecosupplements.be\/fr\/produit\/yango-folic-acid-vitamin-b9-90-caps\/#primaryimage"},"thumbnailUrl":"https:\/\/ecosupplements.be\/wp-content\/uploads\/2025\/08\/YANGO-Folic-acid-Vitamin-B9-90-caps.jpg","datePublished":"2025-07-27T23:00:31+00:00","dateModified":"2025-08-28T03:22:00+00:00","description":"Wij hebben een ruime keuze aan producten van Acide folique YANGO - Vitamine B9 (90 g\u00e9lules) . Winkel bij Eco Supplements altijd gratis verzending boven 100\u20ac","breadcrumb":{"@id":"https:\/\/ecosupplements.be\/fr\/produit\/yango-folic-acid-vitamin-b9-90-caps\/#breadcrumb"},"inLanguage":"fr-FR","potentialAction":[{"@type":"ReadAction","target":["https:\/\/ecosupplements.be\/fr\/produit\/yango-folic-acid-vitamin-b9-90-caps\/"]}]},{"@type":"ImageObject","inLanguage":"fr-FR","@id":"https:\/\/ecosupplements.be\/fr\/produit\/yango-folic-acid-vitamin-b9-90-caps\/#primaryimage","url":"https:\/\/ecosupplements.be\/wp-content\/uploads\/2025\/08\/YANGO-Folic-acid-Vitamin-B9-90-caps.jpg","contentUrl":"https:\/\/ecosupplements.be\/wp-content\/uploads\/2025\/08\/YANGO-Folic-acid-Vitamin-B9-90-caps.jpg","width":800,"height":800},{"@type":"BreadcrumbList","@id":"https:\/\/ecosupplements.be\/fr\/produit\/yango-folic-acid-vitamin-b9-90-caps\/#breadcrumb","itemListElement":[{"@type":"ListItem","position":1,"name":"Home","item":"https:\/\/ecosupplements.be\/fr\/"},{"@type":"ListItem","position":2,"name":"Boutique","item":"https:\/\/ecosupplements.be\/fr\/boutique\/"},{"@type":"ListItem","position":3,"name":"Acide folique YANGO &#8211; Vitamine B9 (90 g\u00e9lules)"}]},{"@type":"WebSite","@id":"https:\/\/ecosupplements.be\/fr\/#website","url":"https:\/\/ecosupplements.be\/fr\/","name":"ECO Supplements","description":"Eco Supplements - Gezonde supplementen","publisher":{"@id":"https:\/\/ecosupplements.be\/fr\/#organization"},"potentialAction":[{"@type":"SearchAction","target":{"@type":"EntryPoint","urlTemplate":"https:\/\/ecosupplements.be\/fr\/?s={search_term_string}"},"query-input":{"@type":"PropertyValueSpecification","valueRequired":true,"valueName":"search_term_string"}}],"inLanguage":"fr-FR"},{"@type":"Organization","@id":"https:\/\/ecosupplements.be\/fr\/#organization","name":"Eco Supplements","url":"https:\/\/ecosupplements.be\/fr\/","logo":{"@type":"ImageObject","inLanguage":"fr-FR","@id":"https:\/\/ecosupplements.be\/fr\/#\/schema\/logo\/image\/","url":"https:\/\/ecosupplements.be\/wp-content\/uploads\/2022\/06\/ecosupplement-family.png","contentUrl":"https:\/\/ecosupplements.be\/wp-content\/uploads\/2022\/06\/ecosupplement-family.png","width":593,"height":374,"caption":"Eco Supplements"},"image":{"@id":"https:\/\/ecosupplements.be\/fr\/#\/schema\/logo\/image\/"}}]},"product_brand":"Yango","product_price_amount":"9.16","product_price_currency":"EUR","og_availability":"instock","product_availability":"instock","product_retailer_item_id":"5904194060848","product_condition":"new"},"_links":{"self":[{"href":"https:\/\/ecosupplements.be\/fr\/wp-json\/wp\/v2\/product\/304639","targetHints":{"allow":["GET"]}}],"collection":[{"href":"https:\/\/ecosupplements.be\/fr\/wp-json\/wp\/v2\/product"}],"about":[{"href":"https:\/\/ecosupplements.be\/fr\/wp-json\/wp\/v2\/types\/product"}],"replies":[{"embeddable":true,"href":"https:\/\/ecosupplements.be\/fr\/wp-json\/wp\/v2\/comments?post=304639"}],"wp:featuredmedia":[{"embeddable":true,"href":"https:\/\/ecosupplements.be\/fr\/wp-json\/wp\/v2\/media\/278778"}],"wp:attachment":[{"href":"https:\/\/ecosupplements.be\/fr\/wp-json\/wp\/v2\/media?parent=304639"}],"wp:term":[{"taxonomy":"product_brand","embeddable":true,"href":"https:\/\/ecosupplements.be\/fr\/wp-json\/wp\/v2\/product_brand?post=304639"},{"taxonomy":"product_cat","embeddable":true,"href":"https:\/\/ecosupplements.be\/fr\/wp-json\/wp\/v2\/product_cat?post=304639"},{"taxonomy":"product_tag","embeddable":true,"href":"https:\/\/ecosupplements.be\/fr\/wp-json\/wp\/v2\/product_tag?post=304639"}],"curies":[{"name":"wp","href":"https:\/\/api.w.org\/{rel}","templated":true}]}}