{"id":304657,"date":"2025-07-28T00:30:24","date_gmt":"2025-07-27T23:30:24","guid":{"rendered":"https:\/\/ecosupplements.be\/product\/yango-l-ornithine-l-aspartate-50-g-1764-oz\/"},"modified":"2025-08-28T04:22:25","modified_gmt":"2025-08-28T03:22:25","slug":"yango-l-ornithine-l-aspartate-50-g-1764-oz","status":"publish","type":"product","link":"https:\/\/ecosupplements.be\/fr\/produit\/yango-l-ornithine-l-aspartate-50-g-1764-oz\/","title":{"rendered":"YANGO L-ornithine L-aspartate (50 g \/ 1,764 oz.) -&gt; YANGO L-ornithine L-aspartate (50 g \/ 1,764 oz.)"},"content":{"rendered":"<p><strong>Nom du produit :<\/strong> YANGO L-ornithine L-aspartate (50 g \/ 1,764 oz.)<\/p>\n<p><strong>Ingr\u00e9dients principaux :<\/strong> L-asparaginian L-ornityny.<\/p>\n<p>Ce produit est compos\u00e9 exclusivement de composants naturels de haute puret\u00e9, offrant une option de qualit\u00e9 pour ceux qui appr\u00e9cient les ingr\u00e9dients purs et simples dans leur quotidien.<\/p>\n<table style=\"width:100%\" border=\"1\">\n<tbody>\n<tr>\n<td><strong>Contenu net<\/strong><\/td>\n<td>50 g (1,764 oz.)<\/td>\n<\/tr>\n<tr>\n<td><strong>emballage<\/strong><\/td>\n<td>Pot pratique et s\u00e9curis\u00e9 pour une conservation optimale.<\/td>\n<\/tr>\n<tr>\n<td><strong>Dose journali\u00e8re recommand\u00e9e<\/strong><\/td>\n<td>500 mg \u00e0 1000 mg, selon l&#8217;utilisation. Dissoudre la quantit\u00e9 recommand\u00e9e dans l&#8217;eau et consommer pendant ou apr\u00e8s le repas.<\/td>\n<\/tr>\n<tr>\n<td colspan=\"2\"><em>Note : Ne pas d\u00e9passer la dose journali\u00e8re recommand\u00e9e.Ce compl\u00e9ment alimentaire ne remplace pas une alimentation vari\u00e9e et \u00e9quilibr\u00e9e ni un mode de vie sain. Consultez un professionnel avant utilisation si vous \u00eates sous traitement m\u00e9dical ou si vous avez des conditions particuli\u00e8res.<\/em><\/td>\n<\/tr>\n<tr>\n<th colspan=\"2\">Pr\u00e9cautions d&#8217;emploi:<\/th>\n<\/tr>\n<tr>\n<td colspan=\"2\">Conserver dans un endroit sec et sombre \u00e0 temp\u00e9rature ambiante. Tenir hors de port\u00e9e des enfants.<\/td>\n<\/tr>\n<\/tbody>\n<\/table>\n<p>Ce produit est id\u00e9al pour int\u00e9grer facilement \u00e0 votre routine quotidienne gr\u00e2ce \u00e0 son format simple d&#8217;utilisation. Il se dissout rapidement dans l&#8217;eau, permettant ainsi une pr\u00e9paration sans effort.<\/p>\n","protected":false},"excerpt":{"rendered":"<p>Nom du produit : YANGO L-ornithine L-aspartate (50 g \/ 1,764 oz.) Ingr\u00e9dients principaux : L-asparaginian L-ornityny. Ce produit est compos\u00e9 exclusivement de composants naturels de haute puret\u00e9, offrant une option de qualit\u00e9 pour ceux qui appr\u00e9cient les ingr\u00e9dients purs et simples dans leur quotidien. Contenu net 50 g (1,764 oz.) emballage Pot pratique et [&#8230;]\n","protected":false},"featured_media":278796,"comment_status":"closed","ping_status":"open","template":"","meta":[],"product_brand":[5393],"product_cat":[5067,5053],"product_tag":[],"class_list":{"0":"post-304657","1":"product","2":"type-product","3":"status-publish","4":"has-post-thumbnail","6":"product_brand-yango-2","7":"product_cat-acides-amines-et-bcaa","8":"product_cat-vitamines-et-mineraux","10":"first","11":"instock","12":"taxable","13":"shipping-taxable","14":"purchasable","15":"product-type-simple"},"yoast_head":"<!-- This site is optimized with the Yoast SEO Premium plugin v27.3 (Yoast SEO v27.3) - https:\/\/yoast.com\/product\/yoast-seo-premium-wordpress\/ -->\n<title>YANGO L-ornithine L-aspartate (50 g \/ 1,764 oz.) -&gt; YANGO L-ornithine L-aspartate (50 g \/ 1,764 oz.) - ECO Supplements<\/title>\n<meta name=\"description\" content=\"Wij hebben een ruime keuze aan producten van YANGO L-ornithine L-aspartate (50 g \/ 1,764 oz.) -&gt; YANGO L-ornithine L-aspartate (50 g \/ 1,764 oz.) . Winkel bij Eco Supplements altijd gratis verzending boven 100\u20ac\" \/>\n<meta name=\"robots\" content=\"index, follow, max-snippet:-1, max-image-preview:large, max-video-preview:-1\" \/>\n<link rel=\"canonical\" href=\"https:\/\/ecosupplements.be\/fr\/produit\/yango-l-ornithine-l-aspartate-50-g-1764-oz\/\" \/>\n<meta property=\"og:locale\" content=\"fr_FR\" \/>\n<meta property=\"og:type\" content=\"article\" \/>\n<meta property=\"og:title\" content=\"YANGO L-ornithine L-aspartate (50 g \/ 1,764 oz.) -&gt; YANGO L-ornithine L-aspartate (50 g \/ 1,764 oz.)\" \/>\n<meta property=\"og:description\" content=\"Wij hebben een ruime keuze aan producten van YANGO L-ornithine L-aspartate (50 g \/ 1,764 oz.) -&gt; YANGO L-ornithine L-aspartate (50 g \/ 1,764 oz.) . Winkel bij Eco Supplements altijd gratis verzending boven 100\u20ac\" \/>\n<meta property=\"og:url\" content=\"https:\/\/ecosupplements.be\/fr\/produit\/yango-l-ornithine-l-aspartate-50-g-1764-oz\/\" \/>\n<meta property=\"og:site_name\" content=\"ECO Supplements\" \/>\n<meta property=\"article:modified_time\" content=\"2025-08-28T03:22:25+00:00\" \/>\n<meta property=\"og:image\" content=\"https:\/\/ecosupplements.be\/wp-content\/uploads\/2025\/08\/Yango-YANGO-L-ornithine-L-aspartate-50-g-1764-oz.jpg\" \/>\n\t<meta property=\"og:image:width\" content=\"800\" \/>\n\t<meta property=\"og:image:height\" content=\"800\" \/>\n\t<meta property=\"og:image:type\" content=\"image\/jpeg\" \/>\n<meta name=\"twitter:card\" content=\"summary_large_image\" \/>\n<meta name=\"twitter:label1\" content=\"Prix\" \/>\n\t<meta name=\"twitter:data1\" content=\"10.96&nbsp;&euro;\" \/>\n\t<meta name=\"twitter:label2\" content=\"Disponibilit\u00e9\" \/>\n\t<meta name=\"twitter:data2\" content=\"En stock\" \/>\n<script type=\"application\/ld+json\" class=\"yoast-schema-graph\">{\"@context\":\"https:\\\/\\\/schema.org\",\"@graph\":[{\"@type\":[\"WebPage\",\"ItemPage\"],\"@id\":\"https:\\\/\\\/ecosupplements.be\\\/fr\\\/produit\\\/yango-l-ornithine-l-aspartate-50-g-1764-oz\\\/\",\"url\":\"https:\\\/\\\/ecosupplements.be\\\/fr\\\/produit\\\/yango-l-ornithine-l-aspartate-50-g-1764-oz\\\/\",\"name\":\"YANGO L-ornithine L-aspartate (50 g \\\/ 1,764 oz.) -&gt; YANGO L-ornithine L-aspartate (50 g \\\/ 1,764 oz.) - ECO Supplements\",\"isPartOf\":{\"@id\":\"https:\\\/\\\/ecosupplements.be\\\/fr\\\/#website\"},\"primaryImageOfPage\":{\"@id\":\"https:\\\/\\\/ecosupplements.be\\\/fr\\\/produit\\\/yango-l-ornithine-l-aspartate-50-g-1764-oz\\\/#primaryimage\"},\"image\":{\"@id\":\"https:\\\/\\\/ecosupplements.be\\\/fr\\\/produit\\\/yango-l-ornithine-l-aspartate-50-g-1764-oz\\\/#primaryimage\"},\"thumbnailUrl\":\"https:\\\/\\\/ecosupplements.be\\\/wp-content\\\/uploads\\\/2025\\\/08\\\/YANGO-L-ornithine-L-aspartate-50-g-1764-oz.jpg\",\"datePublished\":\"2025-07-27T23:30:24+00:00\",\"dateModified\":\"2025-08-28T03:22:25+00:00\",\"description\":\"Wij hebben een ruime keuze aan producten van YANGO L-ornithine L-aspartate (50 g \\\/ 1,764 oz.) -&gt; YANGO L-ornithine L-aspartate (50 g \\\/ 1,764 oz.) . Winkel bij Eco Supplements altijd gratis verzending boven 100\u20ac\",\"breadcrumb\":{\"@id\":\"https:\\\/\\\/ecosupplements.be\\\/fr\\\/produit\\\/yango-l-ornithine-l-aspartate-50-g-1764-oz\\\/#breadcrumb\"},\"inLanguage\":\"fr-FR\",\"potentialAction\":[{\"@type\":\"ReadAction\",\"target\":[\"https:\\\/\\\/ecosupplements.be\\\/fr\\\/produit\\\/yango-l-ornithine-l-aspartate-50-g-1764-oz\\\/\"]}]},{\"@type\":\"ImageObject\",\"inLanguage\":\"fr-FR\",\"@id\":\"https:\\\/\\\/ecosupplements.be\\\/fr\\\/produit\\\/yango-l-ornithine-l-aspartate-50-g-1764-oz\\\/#primaryimage\",\"url\":\"https:\\\/\\\/ecosupplements.be\\\/wp-content\\\/uploads\\\/2025\\\/08\\\/YANGO-L-ornithine-L-aspartate-50-g-1764-oz.jpg\",\"contentUrl\":\"https:\\\/\\\/ecosupplements.be\\\/wp-content\\\/uploads\\\/2025\\\/08\\\/YANGO-L-ornithine-L-aspartate-50-g-1764-oz.jpg\",\"width\":800,\"height\":800},{\"@type\":\"BreadcrumbList\",\"@id\":\"https:\\\/\\\/ecosupplements.be\\\/fr\\\/produit\\\/yango-l-ornithine-l-aspartate-50-g-1764-oz\\\/#breadcrumb\",\"itemListElement\":[{\"@type\":\"ListItem\",\"position\":1,\"name\":\"Home\",\"item\":\"https:\\\/\\\/ecosupplements.be\\\/fr\\\/\"},{\"@type\":\"ListItem\",\"position\":2,\"name\":\"Boutique\",\"item\":\"https:\\\/\\\/ecosupplements.be\\\/fr\\\/boutique\\\/\"},{\"@type\":\"ListItem\",\"position\":3,\"name\":\"YANGO L-ornithine L-aspartate (50 g \\\/ 1,764 oz.) -&gt; YANGO L-ornithine L-aspartate (50 g \\\/ 1,764 oz.)\"}]},{\"@type\":\"WebSite\",\"@id\":\"https:\\\/\\\/ecosupplements.be\\\/fr\\\/#website\",\"url\":\"https:\\\/\\\/ecosupplements.be\\\/fr\\\/\",\"name\":\"ECO Supplements\",\"description\":\"Eco Supplements - Gezonde supplementen\",\"publisher\":{\"@id\":\"https:\\\/\\\/ecosupplements.be\\\/fr\\\/#organization\"},\"potentialAction\":[{\"@type\":\"SearchAction\",\"target\":{\"@type\":\"EntryPoint\",\"urlTemplate\":\"https:\\\/\\\/ecosupplements.be\\\/fr\\\/?s={search_term_string}\"},\"query-input\":{\"@type\":\"PropertyValueSpecification\",\"valueRequired\":true,\"valueName\":\"search_term_string\"}}],\"inLanguage\":\"fr-FR\"},{\"@type\":\"Organization\",\"@id\":\"https:\\\/\\\/ecosupplements.be\\\/fr\\\/#organization\",\"name\":\"Eco Supplements\",\"url\":\"https:\\\/\\\/ecosupplements.be\\\/fr\\\/\",\"logo\":{\"@type\":\"ImageObject\",\"inLanguage\":\"fr-FR\",\"@id\":\"https:\\\/\\\/ecosupplements.be\\\/fr\\\/#\\\/schema\\\/logo\\\/image\\\/\",\"url\":\"https:\\\/\\\/ecosupplements.be\\\/wp-content\\\/uploads\\\/2022\\\/06\\\/ecosupplement-family.png\",\"contentUrl\":\"https:\\\/\\\/ecosupplements.be\\\/wp-content\\\/uploads\\\/2022\\\/06\\\/ecosupplement-family.png\",\"width\":593,\"height\":374,\"caption\":\"Eco Supplements\"},\"image\":{\"@id\":\"https:\\\/\\\/ecosupplements.be\\\/fr\\\/#\\\/schema\\\/logo\\\/image\\\/\"}}]}<\/script>\n<meta property=\"product:brand\" content=\"Yango\" \/>\n<meta property=\"product:price:amount\" content=\"10.96\" \/>\n<meta property=\"product:price:currency\" content=\"EUR\" \/>\n<meta property=\"og:availability\" content=\"instock\" \/>\n<meta property=\"product:availability\" content=\"instock\" \/>\n<meta property=\"product:retailer_item_id\" content=\"5904194062071\" \/>\n<meta property=\"product:condition\" content=\"new\" \/>\n<!-- \/ Yoast SEO Premium plugin. -->","yoast_head_json":{"title":"YANGO L-ornithine L-aspartate (50 g \/ 1,764 oz.) -&gt; YANGO L-ornithine L-aspartate (50 g \/ 1,764 oz.) - ECO Supplements","description":"Wij hebben een ruime keuze aan producten van YANGO L-ornithine L-aspartate (50 g \/ 1,764 oz.) -&gt; YANGO L-ornithine L-aspartate (50 g \/ 1,764 oz.) . Winkel bij Eco Supplements altijd gratis verzending boven 100\u20ac","robots":{"index":"index","follow":"follow","max-snippet":"max-snippet:-1","max-image-preview":"max-image-preview:large","max-video-preview":"max-video-preview:-1"},"canonical":"https:\/\/ecosupplements.be\/fr\/produit\/yango-l-ornithine-l-aspartate-50-g-1764-oz\/","og_locale":"fr_FR","og_type":"article","og_title":"YANGO L-ornithine L-aspartate (50 g \/ 1,764 oz.) -&gt; YANGO L-ornithine L-aspartate (50 g \/ 1,764 oz.)","og_description":"Wij hebben een ruime keuze aan producten van YANGO L-ornithine L-aspartate (50 g \/ 1,764 oz.) -&gt; YANGO L-ornithine L-aspartate (50 g \/ 1,764 oz.) . Winkel bij Eco Supplements altijd gratis verzending boven 100\u20ac","og_url":"https:\/\/ecosupplements.be\/fr\/produit\/yango-l-ornithine-l-aspartate-50-g-1764-oz\/","og_site_name":"ECO Supplements","article_modified_time":"2025-08-28T03:22:25+00:00","og_image":[{"width":800,"height":800,"url":"https:\/\/ecosupplements.be\/wp-content\/uploads\/2025\/08\/Yango-YANGO-L-ornithine-L-aspartate-50-g-1764-oz.jpg","type":"image\/jpeg"}],"twitter_card":"summary_large_image","twitter_misc":{"Prix":"10.96&nbsp;&euro;","Disponibilit\u00e9":"En stock"},"schema":{"@context":"https:\/\/schema.org","@graph":[{"@type":["WebPage","ItemPage"],"@id":"https:\/\/ecosupplements.be\/fr\/produit\/yango-l-ornithine-l-aspartate-50-g-1764-oz\/","url":"https:\/\/ecosupplements.be\/fr\/produit\/yango-l-ornithine-l-aspartate-50-g-1764-oz\/","name":"YANGO L-ornithine L-aspartate (50 g \/ 1,764 oz.) -&gt; YANGO L-ornithine L-aspartate (50 g \/ 1,764 oz.) - ECO Supplements","isPartOf":{"@id":"https:\/\/ecosupplements.be\/fr\/#website"},"primaryImageOfPage":{"@id":"https:\/\/ecosupplements.be\/fr\/produit\/yango-l-ornithine-l-aspartate-50-g-1764-oz\/#primaryimage"},"image":{"@id":"https:\/\/ecosupplements.be\/fr\/produit\/yango-l-ornithine-l-aspartate-50-g-1764-oz\/#primaryimage"},"thumbnailUrl":"https:\/\/ecosupplements.be\/wp-content\/uploads\/2025\/08\/YANGO-L-ornithine-L-aspartate-50-g-1764-oz.jpg","datePublished":"2025-07-27T23:30:24+00:00","dateModified":"2025-08-28T03:22:25+00:00","description":"Wij hebben een ruime keuze aan producten van YANGO L-ornithine L-aspartate (50 g \/ 1,764 oz.) -&gt; YANGO L-ornithine L-aspartate (50 g \/ 1,764 oz.) . Winkel bij Eco Supplements altijd gratis verzending boven 100\u20ac","breadcrumb":{"@id":"https:\/\/ecosupplements.be\/fr\/produit\/yango-l-ornithine-l-aspartate-50-g-1764-oz\/#breadcrumb"},"inLanguage":"fr-FR","potentialAction":[{"@type":"ReadAction","target":["https:\/\/ecosupplements.be\/fr\/produit\/yango-l-ornithine-l-aspartate-50-g-1764-oz\/"]}]},{"@type":"ImageObject","inLanguage":"fr-FR","@id":"https:\/\/ecosupplements.be\/fr\/produit\/yango-l-ornithine-l-aspartate-50-g-1764-oz\/#primaryimage","url":"https:\/\/ecosupplements.be\/wp-content\/uploads\/2025\/08\/YANGO-L-ornithine-L-aspartate-50-g-1764-oz.jpg","contentUrl":"https:\/\/ecosupplements.be\/wp-content\/uploads\/2025\/08\/YANGO-L-ornithine-L-aspartate-50-g-1764-oz.jpg","width":800,"height":800},{"@type":"BreadcrumbList","@id":"https:\/\/ecosupplements.be\/fr\/produit\/yango-l-ornithine-l-aspartate-50-g-1764-oz\/#breadcrumb","itemListElement":[{"@type":"ListItem","position":1,"name":"Home","item":"https:\/\/ecosupplements.be\/fr\/"},{"@type":"ListItem","position":2,"name":"Boutique","item":"https:\/\/ecosupplements.be\/fr\/boutique\/"},{"@type":"ListItem","position":3,"name":"YANGO L-ornithine L-aspartate (50 g \/ 1,764 oz.) -&gt; YANGO L-ornithine L-aspartate (50 g \/ 1,764 oz.)"}]},{"@type":"WebSite","@id":"https:\/\/ecosupplements.be\/fr\/#website","url":"https:\/\/ecosupplements.be\/fr\/","name":"ECO Supplements","description":"Eco Supplements - Gezonde supplementen","publisher":{"@id":"https:\/\/ecosupplements.be\/fr\/#organization"},"potentialAction":[{"@type":"SearchAction","target":{"@type":"EntryPoint","urlTemplate":"https:\/\/ecosupplements.be\/fr\/?s={search_term_string}"},"query-input":{"@type":"PropertyValueSpecification","valueRequired":true,"valueName":"search_term_string"}}],"inLanguage":"fr-FR"},{"@type":"Organization","@id":"https:\/\/ecosupplements.be\/fr\/#organization","name":"Eco Supplements","url":"https:\/\/ecosupplements.be\/fr\/","logo":{"@type":"ImageObject","inLanguage":"fr-FR","@id":"https:\/\/ecosupplements.be\/fr\/#\/schema\/logo\/image\/","url":"https:\/\/ecosupplements.be\/wp-content\/uploads\/2022\/06\/ecosupplement-family.png","contentUrl":"https:\/\/ecosupplements.be\/wp-content\/uploads\/2022\/06\/ecosupplement-family.png","width":593,"height":374,"caption":"Eco Supplements"},"image":{"@id":"https:\/\/ecosupplements.be\/fr\/#\/schema\/logo\/image\/"}}]},"product_brand":"Yango","product_price_amount":"10.96","product_price_currency":"EUR","og_availability":"instock","product_availability":"instock","product_retailer_item_id":"5904194062071","product_condition":"new"},"_links":{"self":[{"href":"https:\/\/ecosupplements.be\/fr\/wp-json\/wp\/v2\/product\/304657","targetHints":{"allow":["GET"]}}],"collection":[{"href":"https:\/\/ecosupplements.be\/fr\/wp-json\/wp\/v2\/product"}],"about":[{"href":"https:\/\/ecosupplements.be\/fr\/wp-json\/wp\/v2\/types\/product"}],"replies":[{"embeddable":true,"href":"https:\/\/ecosupplements.be\/fr\/wp-json\/wp\/v2\/comments?post=304657"}],"wp:featuredmedia":[{"embeddable":true,"href":"https:\/\/ecosupplements.be\/fr\/wp-json\/wp\/v2\/media\/278796"}],"wp:attachment":[{"href":"https:\/\/ecosupplements.be\/fr\/wp-json\/wp\/v2\/media?parent=304657"}],"wp:term":[{"taxonomy":"product_brand","embeddable":true,"href":"https:\/\/ecosupplements.be\/fr\/wp-json\/wp\/v2\/product_brand?post=304657"},{"taxonomy":"product_cat","embeddable":true,"href":"https:\/\/ecosupplements.be\/fr\/wp-json\/wp\/v2\/product_cat?post=304657"},{"taxonomy":"product_tag","embeddable":true,"href":"https:\/\/ecosupplements.be\/fr\/wp-json\/wp\/v2\/product_tag?post=304657"}],"curies":[{"name":"wp","href":"https:\/\/api.w.org\/{rel}","templated":true}]}}