{"id":304753,"date":"2025-07-28T01:30:27","date_gmt":"2025-07-28T00:30:27","guid":{"rendered":"https:\/\/ecosupplements.be\/product\/yango-moringa-120-caps\/"},"modified":"2025-08-28T04:24:33","modified_gmt":"2025-08-28T03:24:33","slug":"yango-moringa-120-caps","status":"publish","type":"product","link":"https:\/\/ecosupplements.be\/fr\/produit\/yango-moringa-120-caps\/","title":{"rendered":"Moringa YANGO (120 g\u00e9lules)"},"content":{"rendered":"<table>\n<tbody>\n<tr>\n<td><img loading=\"lazy\" decoding=\"async\" src=\"https:\/\/b2b.yango.pl\/img\/cms\/Tick24pxH.png\" alt=\"\" width=\"22\" height=\"24\" \/><\/td>\n<td>100% sproszkowane li\u015bcie moringi<\/td>\n<\/tr>\n<tr>\n<td><img loading=\"lazy\" decoding=\"async\" src=\"https:\/\/b2b.yango.pl\/img\/cms\/Tick24pxH.png\" alt=\"\" width=\"22\" height=\"24\" \/><\/td>\n<td>Moringa zawarta w kapsu\u0142kach pochodzi z Indii<\/td>\n<\/tr>\n<tr>\n<td><img loading=\"lazy\" decoding=\"async\" src=\"https:\/\/b2b.yango.pl\/img\/cms\/Tick24pxH.png\" alt=\"\" width=\"22\" height=\"24\" \/><\/td>\n<td>Bez dodatk\u00f3w i wype\u0142niaczy<\/td>\n<\/tr>\n<tr>\n<td><img loading=\"lazy\" decoding=\"async\" src=\"https:\/\/b2b.yango.pl\/img\/cms\/Tick24pxH.png\" alt=\"\" width=\"22\" height=\"24\" \/><\/td>\n<td>Kapsu\u0142ki ro\u015blinne, delikatne dla \u017co\u0142\u0105dka, przyjazne wegetarianom i weganom<\/td>\n<\/tr>\n<\/tbody>\n<\/table>\n<p>Sk\u0142adniki:<\/p>\n<p>Sproszkowane li\u015bcie moringi olejodajnej\u00a0<em>(Moringa oleifera)<\/em>; kapsu\u0142ka: celuloza ro\u015blinna.<\/p>\n<table border=\"1\">\n<tbody>\n<tr>\n<td><strong>Sk\u0142adnik aktywny<\/strong><\/td>\n<td><strong>1 kapsu\u0142ka<\/strong><\/td>\n<td><strong>4 kapsu\u0142ki<\/strong><\/td>\n<\/tr>\n<tr>\n<td>Sproszkowane li\u015bcie moringi olejodajnej<\/td>\n<td>300 mg<\/td>\n<td>1200 mg<\/td>\n<\/tr>\n<tr>\n<td>Kapsu\u0142ek w opakowaniu<\/td>\n<td>120 kapsu\u0142ek<\/td>\n<\/tr>\n<tr>\n<td>Rodzaj kapsu\u0142ek<\/td>\n<td>Ro\u015blinne<\/td>\n<\/tr>\n<tr>\n<td>Sugerowana dawka dzienna<\/td>\n<td>2-4 kapsu\u0142ki<\/td>\n<\/tr>\n<tr>\n<td>1 opakowanie wystarcza na<\/td>\n<td>30-60 dni<\/td>\n<\/tr>\n<\/tbody>\n<\/table>\n<p>SPOS\u00d3B U\u017bYCIA:<\/p>\n<p>1-2 kapsu\u0142ki 2 razy dziennie. Kapsu\u0142k\u0119 po\u0142kn\u0105\u0107 i popi\u0107 du\u017c\u0105 ilo\u015bci\u0105 wody po posi\u0142ku.<\/p>\n<p>Informacja: Suplement diety nie mo\u017ce by\u0107 stosowany jako substytut zr\u00f3\u017cnicowanej diety i zdrowego trybu \u017cycia. Przechowywa\u0107 w ciemnym i suchym miejscu w temperaturze pokojowej, w spos\u00f3b niedost\u0119pny dla ma\u0142ych dzieci. Osoby przyjmuj\u0105ce leki przed u\u017cyciem powinny skonsultowa\u0107 si\u0119 z lekarzem lub farmaceut\u0105. Niewskazane ma\u0142ym dzieciom, kobietom w ci\u0105\u017cy oraz karmi\u0105cym. Wyprodukowano w Unii Europejskiej. Podmiot odpowiedzialny: YANGO Sp. z o.o. Masa netto:\u00a035,1 g.<\/p>\n<p>Informacja alergiczna:\u00a0<\/p>\n<p>Nie zawiera skorupiak\u00f3w, jaj, ryb, orzech\u00f3w, soi, sk\u0142adnik\u00f3w mlecznych, selera, gorczycy, sezamu. Produkowane bez u\u017cycia sztucznych substancji konserwuj\u0105cych, zapachowych lub barwi\u0105cych. Produkt wolny od metali ci\u0119\u017ckich, takich jak arsen, kadm, o\u0142\u00f3w czy rt\u0119\u0107.<\/p>\n","protected":false},"excerpt":{"rendered":"<p>100% sproszkowane li\u015bcie moringi Moringa zawarta w kapsu\u0142kach pochodzi z Indii Bez dodatk\u00f3w i wype\u0142niaczy Kapsu\u0142ki ro\u015blinne, delikatne dla \u017co\u0142\u0105dka, przyjazne wegetarianom i weganom Sk\u0142adniki: Sproszkowane li\u015bcie moringi olejodajnej\u00a0(Moringa oleifera); kapsu\u0142ka: celuloza ro\u015blinna. Sk\u0142adnik aktywny 1 kapsu\u0142ka 4 kapsu\u0142ki Sproszkowane li\u015bcie moringi olejodajnej 300 mg 1200 mg Kapsu\u0142ek w opakowaniu 120 kapsu\u0142ek Rodzaj kapsu\u0142ek Ro\u015blinne [&#8230;]\n","protected":false},"featured_media":278892,"comment_status":"closed","ping_status":"open","template":"","meta":[],"product_brand":[5393],"product_cat":[5052,5094,5053],"product_tag":[],"class_list":{"0":"post-304753","1":"product","2":"type-product","3":"status-publish","4":"has-post-thumbnail","6":"product_brand-yango-2","7":"product_cat-sante-et-bien-etre","8":"product_cat-supplements-a-base-de-plantes","9":"product_cat-vitamines-et-mineraux","11":"first","12":"instock","13":"taxable","14":"shipping-taxable","15":"purchasable","16":"product-type-simple"},"yoast_head":"<!-- This site is optimized with the Yoast SEO Premium plugin v27.5 (Yoast SEO v27.5) - https:\/\/yoast.com\/product\/yoast-seo-premium-wordpress\/ -->\n<title>Moringa YANGO (120 g\u00e9lules) - ECO Supplements<\/title>\n<meta name=\"description\" content=\"Wij hebben een ruime keuze aan producten van Moringa YANGO (120 g\u00e9lules) . Winkel bij Eco Supplements altijd gratis verzending boven 100\u20ac\" \/>\n<meta name=\"robots\" content=\"index, follow, max-snippet:-1, max-image-preview:large, max-video-preview:-1\" \/>\n<link rel=\"canonical\" href=\"https:\/\/ecosupplements.be\/fr\/produit\/yango-moringa-120-caps\/\" \/>\n<meta property=\"og:locale\" content=\"fr_FR\" \/>\n<meta property=\"og:type\" content=\"article\" \/>\n<meta property=\"og:title\" content=\"Moringa YANGO (120 g\u00e9lules)\" \/>\n<meta property=\"og:description\" content=\"Wij hebben een ruime keuze aan producten van Moringa YANGO (120 g\u00e9lules) . Winkel bij Eco Supplements altijd gratis verzending boven 100\u20ac\" \/>\n<meta property=\"og:url\" content=\"https:\/\/ecosupplements.be\/fr\/produit\/yango-moringa-120-caps\/\" \/>\n<meta property=\"og:site_name\" content=\"ECO Supplements\" \/>\n<meta property=\"article:modified_time\" content=\"2025-08-28T03:24:33+00:00\" \/>\n<meta property=\"og:image\" content=\"https:\/\/ecosupplements.be\/wp-content\/uploads\/2025\/08\/YANGO-Moringa-120-caps.jpg\" \/>\n\t<meta property=\"og:image:width\" content=\"460\" \/>\n\t<meta property=\"og:image:height\" content=\"460\" \/>\n\t<meta property=\"og:image:type\" content=\"image\/jpeg\" \/>\n<meta name=\"twitter:card\" content=\"summary_large_image\" \/>\n<meta name=\"twitter:label1\" content=\"Prix\" \/>\n\t<meta name=\"twitter:data1\" content=\"10.99&nbsp;&euro;\" \/>\n\t<meta name=\"twitter:label2\" content=\"Disponibilit\u00e9\" \/>\n\t<meta name=\"twitter:data2\" content=\"En stock\" \/>\n<script type=\"application\/ld+json\" class=\"yoast-schema-graph\">{\"@context\":\"https:\\\/\\\/schema.org\",\"@graph\":[{\"@type\":[\"WebPage\",\"ItemPage\"],\"@id\":\"https:\\\/\\\/ecosupplements.be\\\/fr\\\/produit\\\/yango-moringa-120-caps\\\/\",\"url\":\"https:\\\/\\\/ecosupplements.be\\\/fr\\\/produit\\\/yango-moringa-120-caps\\\/\",\"name\":\"Moringa YANGO (120 g\u00e9lules) - ECO Supplements\",\"isPartOf\":{\"@id\":\"https:\\\/\\\/ecosupplements.be\\\/fr\\\/#website\"},\"primaryImageOfPage\":{\"@id\":\"https:\\\/\\\/ecosupplements.be\\\/fr\\\/produit\\\/yango-moringa-120-caps\\\/#primaryimage\"},\"image\":{\"@id\":\"https:\\\/\\\/ecosupplements.be\\\/fr\\\/produit\\\/yango-moringa-120-caps\\\/#primaryimage\"},\"thumbnailUrl\":\"https:\\\/\\\/ecosupplements.be\\\/wp-content\\\/uploads\\\/2025\\\/08\\\/YANGO-Moringa-120-caps.jpg\",\"datePublished\":\"2025-07-28T00:30:27+00:00\",\"dateModified\":\"2025-08-28T03:24:33+00:00\",\"description\":\"Wij hebben een ruime keuze aan producten van Moringa YANGO (120 g\u00e9lules) . Winkel bij Eco Supplements altijd gratis verzending boven 100\u20ac\",\"breadcrumb\":{\"@id\":\"https:\\\/\\\/ecosupplements.be\\\/fr\\\/produit\\\/yango-moringa-120-caps\\\/#breadcrumb\"},\"inLanguage\":\"fr-FR\",\"potentialAction\":[{\"@type\":\"ReadAction\",\"target\":[\"https:\\\/\\\/ecosupplements.be\\\/fr\\\/produit\\\/yango-moringa-120-caps\\\/\"]}]},{\"@type\":\"ImageObject\",\"inLanguage\":\"fr-FR\",\"@id\":\"https:\\\/\\\/ecosupplements.be\\\/fr\\\/produit\\\/yango-moringa-120-caps\\\/#primaryimage\",\"url\":\"https:\\\/\\\/ecosupplements.be\\\/wp-content\\\/uploads\\\/2025\\\/08\\\/YANGO-Moringa-120-caps.jpg\",\"contentUrl\":\"https:\\\/\\\/ecosupplements.be\\\/wp-content\\\/uploads\\\/2025\\\/08\\\/YANGO-Moringa-120-caps.jpg\",\"width\":460,\"height\":460},{\"@type\":\"BreadcrumbList\",\"@id\":\"https:\\\/\\\/ecosupplements.be\\\/fr\\\/produit\\\/yango-moringa-120-caps\\\/#breadcrumb\",\"itemListElement\":[{\"@type\":\"ListItem\",\"position\":1,\"name\":\"Home\",\"item\":\"https:\\\/\\\/ecosupplements.be\\\/fr\\\/\"},{\"@type\":\"ListItem\",\"position\":2,\"name\":\"Boutique\",\"item\":\"https:\\\/\\\/ecosupplements.be\\\/fr\\\/boutique\\\/\"},{\"@type\":\"ListItem\",\"position\":3,\"name\":\"Moringa YANGO (120 g\u00e9lules)\"}]},{\"@type\":\"WebSite\",\"@id\":\"https:\\\/\\\/ecosupplements.be\\\/fr\\\/#website\",\"url\":\"https:\\\/\\\/ecosupplements.be\\\/fr\\\/\",\"name\":\"ECO Supplements\",\"description\":\"Eco Supplements - Gezonde supplementen\",\"publisher\":{\"@id\":\"https:\\\/\\\/ecosupplements.be\\\/fr\\\/#organization\"},\"potentialAction\":[{\"@type\":\"SearchAction\",\"target\":{\"@type\":\"EntryPoint\",\"urlTemplate\":\"https:\\\/\\\/ecosupplements.be\\\/fr\\\/?s={search_term_string}\"},\"query-input\":{\"@type\":\"PropertyValueSpecification\",\"valueRequired\":true,\"valueName\":\"search_term_string\"}}],\"inLanguage\":\"fr-FR\"},{\"@type\":\"Organization\",\"@id\":\"https:\\\/\\\/ecosupplements.be\\\/fr\\\/#organization\",\"name\":\"Eco Supplements\",\"url\":\"https:\\\/\\\/ecosupplements.be\\\/fr\\\/\",\"logo\":{\"@type\":\"ImageObject\",\"inLanguage\":\"fr-FR\",\"@id\":\"https:\\\/\\\/ecosupplements.be\\\/fr\\\/#\\\/schema\\\/logo\\\/image\\\/\",\"url\":\"https:\\\/\\\/ecosupplements.be\\\/wp-content\\\/uploads\\\/2022\\\/06\\\/ecosupplement-family.png\",\"contentUrl\":\"https:\\\/\\\/ecosupplements.be\\\/wp-content\\\/uploads\\\/2022\\\/06\\\/ecosupplement-family.png\",\"width\":593,\"height\":374,\"caption\":\"Eco Supplements\"},\"image\":{\"@id\":\"https:\\\/\\\/ecosupplements.be\\\/fr\\\/#\\\/schema\\\/logo\\\/image\\\/\"}}]}<\/script>\n<meta property=\"product:brand\" content=\"Yango\" \/>\n<meta property=\"product:price:amount\" content=\"10.99\" \/>\n<meta property=\"product:price:currency\" content=\"EUR\" \/>\n<meta property=\"og:availability\" content=\"instock\" \/>\n<meta property=\"product:availability\" content=\"instock\" \/>\n<meta property=\"product:retailer_item_id\" content=\"5904194063016\" \/>\n<meta property=\"product:condition\" content=\"new\" \/>\n<!-- \/ Yoast SEO Premium plugin. -->","yoast_head_json":{"title":"Moringa YANGO (120 g\u00e9lules) - ECO Supplements","description":"Wij hebben een ruime keuze aan producten van Moringa YANGO (120 g\u00e9lules) . Winkel bij Eco Supplements altijd gratis verzending boven 100\u20ac","robots":{"index":"index","follow":"follow","max-snippet":"max-snippet:-1","max-image-preview":"max-image-preview:large","max-video-preview":"max-video-preview:-1"},"canonical":"https:\/\/ecosupplements.be\/fr\/produit\/yango-moringa-120-caps\/","og_locale":"fr_FR","og_type":"article","og_title":"Moringa YANGO (120 g\u00e9lules)","og_description":"Wij hebben een ruime keuze aan producten van Moringa YANGO (120 g\u00e9lules) . Winkel bij Eco Supplements altijd gratis verzending boven 100\u20ac","og_url":"https:\/\/ecosupplements.be\/fr\/produit\/yango-moringa-120-caps\/","og_site_name":"ECO Supplements","article_modified_time":"2025-08-28T03:24:33+00:00","og_image":[{"width":460,"height":460,"url":"https:\/\/ecosupplements.be\/wp-content\/uploads\/2025\/08\/YANGO-Moringa-120-caps.jpg","type":"image\/jpeg"}],"twitter_card":"summary_large_image","twitter_misc":{"Prix":"10.99&nbsp;&euro;","Disponibilit\u00e9":"En stock"},"schema":{"@context":"https:\/\/schema.org","@graph":[{"@type":["WebPage","ItemPage"],"@id":"https:\/\/ecosupplements.be\/fr\/produit\/yango-moringa-120-caps\/","url":"https:\/\/ecosupplements.be\/fr\/produit\/yango-moringa-120-caps\/","name":"Moringa YANGO (120 g\u00e9lules) - ECO Supplements","isPartOf":{"@id":"https:\/\/ecosupplements.be\/fr\/#website"},"primaryImageOfPage":{"@id":"https:\/\/ecosupplements.be\/fr\/produit\/yango-moringa-120-caps\/#primaryimage"},"image":{"@id":"https:\/\/ecosupplements.be\/fr\/produit\/yango-moringa-120-caps\/#primaryimage"},"thumbnailUrl":"https:\/\/ecosupplements.be\/wp-content\/uploads\/2025\/08\/YANGO-Moringa-120-caps.jpg","datePublished":"2025-07-28T00:30:27+00:00","dateModified":"2025-08-28T03:24:33+00:00","description":"Wij hebben een ruime keuze aan producten van Moringa YANGO (120 g\u00e9lules) . Winkel bij Eco Supplements altijd gratis verzending boven 100\u20ac","breadcrumb":{"@id":"https:\/\/ecosupplements.be\/fr\/produit\/yango-moringa-120-caps\/#breadcrumb"},"inLanguage":"fr-FR","potentialAction":[{"@type":"ReadAction","target":["https:\/\/ecosupplements.be\/fr\/produit\/yango-moringa-120-caps\/"]}]},{"@type":"ImageObject","inLanguage":"fr-FR","@id":"https:\/\/ecosupplements.be\/fr\/produit\/yango-moringa-120-caps\/#primaryimage","url":"https:\/\/ecosupplements.be\/wp-content\/uploads\/2025\/08\/YANGO-Moringa-120-caps.jpg","contentUrl":"https:\/\/ecosupplements.be\/wp-content\/uploads\/2025\/08\/YANGO-Moringa-120-caps.jpg","width":460,"height":460},{"@type":"BreadcrumbList","@id":"https:\/\/ecosupplements.be\/fr\/produit\/yango-moringa-120-caps\/#breadcrumb","itemListElement":[{"@type":"ListItem","position":1,"name":"Home","item":"https:\/\/ecosupplements.be\/fr\/"},{"@type":"ListItem","position":2,"name":"Boutique","item":"https:\/\/ecosupplements.be\/fr\/boutique\/"},{"@type":"ListItem","position":3,"name":"Moringa YANGO (120 g\u00e9lules)"}]},{"@type":"WebSite","@id":"https:\/\/ecosupplements.be\/fr\/#website","url":"https:\/\/ecosupplements.be\/fr\/","name":"ECO Supplements","description":"Eco Supplements - Gezonde supplementen","publisher":{"@id":"https:\/\/ecosupplements.be\/fr\/#organization"},"potentialAction":[{"@type":"SearchAction","target":{"@type":"EntryPoint","urlTemplate":"https:\/\/ecosupplements.be\/fr\/?s={search_term_string}"},"query-input":{"@type":"PropertyValueSpecification","valueRequired":true,"valueName":"search_term_string"}}],"inLanguage":"fr-FR"},{"@type":"Organization","@id":"https:\/\/ecosupplements.be\/fr\/#organization","name":"Eco Supplements","url":"https:\/\/ecosupplements.be\/fr\/","logo":{"@type":"ImageObject","inLanguage":"fr-FR","@id":"https:\/\/ecosupplements.be\/fr\/#\/schema\/logo\/image\/","url":"https:\/\/ecosupplements.be\/wp-content\/uploads\/2022\/06\/ecosupplement-family.png","contentUrl":"https:\/\/ecosupplements.be\/wp-content\/uploads\/2022\/06\/ecosupplement-family.png","width":593,"height":374,"caption":"Eco Supplements"},"image":{"@id":"https:\/\/ecosupplements.be\/fr\/#\/schema\/logo\/image\/"}}]},"product_brand":"Yango","product_price_amount":"10.99","product_price_currency":"EUR","og_availability":"instock","product_availability":"instock","product_retailer_item_id":"5904194063016","product_condition":"new"},"_links":{"self":[{"href":"https:\/\/ecosupplements.be\/fr\/wp-json\/wp\/v2\/product\/304753","targetHints":{"allow":["GET"]}}],"collection":[{"href":"https:\/\/ecosupplements.be\/fr\/wp-json\/wp\/v2\/product"}],"about":[{"href":"https:\/\/ecosupplements.be\/fr\/wp-json\/wp\/v2\/types\/product"}],"replies":[{"embeddable":true,"href":"https:\/\/ecosupplements.be\/fr\/wp-json\/wp\/v2\/comments?post=304753"}],"wp:featuredmedia":[{"embeddable":true,"href":"https:\/\/ecosupplements.be\/fr\/wp-json\/wp\/v2\/media\/278892"}],"wp:attachment":[{"href":"https:\/\/ecosupplements.be\/fr\/wp-json\/wp\/v2\/media?parent=304753"}],"wp:term":[{"taxonomy":"product_brand","embeddable":true,"href":"https:\/\/ecosupplements.be\/fr\/wp-json\/wp\/v2\/product_brand?post=304753"},{"taxonomy":"product_cat","embeddable":true,"href":"https:\/\/ecosupplements.be\/fr\/wp-json\/wp\/v2\/product_cat?post=304753"},{"taxonomy":"product_tag","embeddable":true,"href":"https:\/\/ecosupplements.be\/fr\/wp-json\/wp\/v2\/product_tag?post=304753"}],"curies":[{"name":"wp","href":"https:\/\/api.w.org\/{rel}","templated":true}]}}