{"id":304819,"date":"2025-07-28T02:30:26","date_gmt":"2025-07-28T01:30:26","guid":{"rendered":"https:\/\/ecosupplements.be\/product\/yango-omega-3-500mg-60-caps\/"},"modified":"2025-08-28T04:26:11","modified_gmt":"2025-08-28T03:26:11","slug":"yango-omega-3-500mg-60-caps","status":"publish","type":"product","link":"https:\/\/ecosupplements.be\/fr\/produit\/yango-omega-3-500mg-60-caps\/","title":{"rendered":"YANGO Om\u00e9ga 3 500mg (60 g\u00e9lules)"},"content":{"rendered":"<div class=\"rte\">\n<p>Kwasy omega-3 stanowi\u0105 naturalny materia\u0142 budulcowy dla organizmu. Posiadaj\u0105 szerokie spektrum w\u0142a\u015bciwo\u015bci: wspomagaj\u0105 redukcj\u0119 tr\u00f3jgliceryd\u00f3w, posiadaj\u0105 w\u0142a\u015bciwo\u015bci przeciwzapalne, wp\u0142ywaj\u0105 na lepsze funkcjonowanie b\u0142on, kom\u00f3rkowych neuron\u00f3w w m\u00f3zgu, oraz wspomagaj\u0105 odpowiednie nawil\u017cenie sk\u00f3ry. EPA i DHA przyczyniaj\u0105 si\u0119 do prawid\u0142owego funkcjonowania serca, natomiast sam DHA jest r\u00f3wnie\u017c\u00a0odpowiedzialny za prawid\u0142owe funkcjonowanie m\u00f3zgu i wzroku. Dodatek witaminy E przyczynia si\u0119 do ochrony kom\u00f3rek przed stresem oksydacyjnym.<\/p>\n<table>\n<tbody>\n<tr>\n<td><img loading=\"lazy\" decoding=\"async\" src=\"https:\/\/ecosupplements.be\/wp-content\/uploads\/2025\/08\/Tick24pxH-1.png\" alt=\"\" width=\"22\" height=\"24\" \/><\/td>\n<td>A\u017c 1000 mg oleju rybiego w dawce dziennej<\/td>\n<\/tr>\n<tr>\n<td><img loading=\"lazy\" decoding=\"async\" src=\"https:\/\/ecosupplements.be\/wp-content\/uploads\/2025\/08\/Tick24pxH-1.png\" alt=\"\" width=\"22\" height=\"24\" \/><\/td>\n<td>Dodatek witaminy E<\/td>\n<\/tr>\n<\/tbody>\n<\/table>\n<p>SK\u0141ADNIKI:<\/p>\n<p>Olej rybi standaryzowany na zawarto\u015b\u0107 35% EPA (kwas eikozapentaenowy) i 25% DHA (kwas dokozaheksaenowy), gliceryna, D-alfa tokoferol; kapsu\u0142ka: \u017celatyna.<\/p>\n<table border=\"3\">\n<tbody>\n<tr>\n<td><strong>Sk\u0142adnik aktywny<\/strong><\/td>\n<td style=\"text-align:center\"><strong>1 kapsu\u0142ka<\/strong><\/td>\n<td style=\"text-align:center\"><strong>2 kapsu\u0142ki<\/strong><\/td>\n<\/tr>\n<tr>\n<td>Olej rybi<\/td>\n<td style=\"text-align:center\">500 mg<\/td>\n<td style=\"text-align:center\">1000 mg<\/td>\n<\/tr>\n<tr>\n<td>\u00a0w tym EPA (35%)<\/td>\n<td style=\"text-align:center\">175 mg<\/td>\n<td style=\"text-align:center\">350 mg<\/td>\n<\/tr>\n<tr>\n<td>\u00a0w tym DHA (25%)<\/td>\n<td style=\"text-align:center\">125 mg<\/td>\n<td style=\"text-align:center\">250 mg<\/td>\n<\/tr>\n<tr>\n<td>Witamina E<\/td>\n<td style=\"text-align:center\">2,5 mg (21% RWS*)<\/td>\n<td style=\"text-align:center\">5 mg (42% RWS*)<\/td>\n<\/tr>\n<tr>\n<td><strong>Pozosta\u0142e informacje<\/strong><\/td>\n<td style=\"text-align:center\"><\/td>\n<td style=\"text-align:center\"><\/td>\n<\/tr>\n<tr>\n<td>Kapsu\u0142ek w opakowaniu<\/td>\n<td style=\"text-align:center\">60 kapsu\u0142ek<\/td>\n<td style=\"text-align:center\"><\/td>\n<\/tr>\n<tr>\n<td>Rodzaj kapsu\u0142ek<\/td>\n<td style=\"text-align:center\">\u017belatyna<\/td>\n<td style=\"text-align:center\"><\/td>\n<\/tr>\n<tr>\n<td>Sugerowana dawka dzienna<\/td>\n<td style=\"text-align:center\">1-2 kapsu\u0142ek<\/td>\n<td style=\"text-align:center\"><\/td>\n<\/tr>\n<tr>\n<td>1 opakowanie wystarcza na<\/td>\n<td style=\"text-align:center\">30 &#8211; 60 dni<\/td>\n<td style=\"text-align:center\">\n<p>\u00a0<\/p>\n<\/td>\n<\/tr>\n<\/tbody>\n<\/table>\n<p>*%RWS &#8211; rekomendowana warto\u015b\u0107 spo\u017cycia<\/p>\n<p>SPOS\u00d3B U\u017bYCIA:<\/p>\n<p><strong><\/strong>1 kapsu\u0142ka 1-2 razy dziennie po posi\u0142ku.<\/p>\n<p>PRZECIWWSKAZANIA:<\/p>\n<p>Nie nale\u017cy przekracza\u0107 zalecanej porcji do spo\u017cycia w ci\u0105gu dnia. Suplementy diety nie mog\u0105 by\u0107 stosowane jako substytut (zamiennik) zr\u00f3\u017cnicowanej diety.<\/p>\n<p>Osoby przyjmuj\u0105ce leki przed u\u017cyciem powinny skonsultowa\u0107 si\u0119 z lekarzem lub farmaceut\u0105. Niewskazane ma\u0142ym dzieciom, kobietom w ci\u0105\u017cy oraz karmi\u0105cym.<\/p>\n<p>INFORMACJA DLA ALERGIK\u00d3W:<\/p>\n<p>Produkt nie zawiera glutenu, cukru, sk\u0142adnik\u00f3w mlecznych, soli spo\u017cywczej, kukurydzy, skorupiak\u00f3w, pszenicy, soi.<br \/>Produkowane bez u\u017cycia sztucznych substancji konserwuj\u0105cych, zapachowych lub barwi\u0105cych.<br \/>Produkt wolny od metali ci\u0119\u017ckich, takich jak arsen, kadm, o\u0142\u00f3w czy rt\u0119\u0107.<\/p>\n<p>PRZECHOWYWANIE:<\/p>\n<p>Przechowywa\u0107 w ciemnym i suchym miejscu w temperaturze pokojowej, w spos\u00f3b niedost\u0119pny dla ma\u0142ych dzieci.<\/p>\n<p>G\u0142\u00f3wny Inspektorat Sanitarny:\u00a0<span class=\"fontstyle0\">GIS-\u017bP-SD-4230-00843\/KC\/19<\/span><\/p>\n<\/p><\/div>\n","protected":false},"excerpt":{"rendered":"<p>Kwasy omega-3 stanowi\u0105 naturalny materia\u0142 budulcowy dla organizmu. Posiadaj\u0105 szerokie spektrum w\u0142a\u015bciwo\u015bci: wspomagaj\u0105 redukcj\u0119 tr\u00f3jgliceryd\u00f3w, posiadaj\u0105 w\u0142a\u015bciwo\u015bci przeciwzapalne, wp\u0142ywaj\u0105 na lepsze funkcjonowanie b\u0142on, kom\u00f3rkowych neuron\u00f3w w m\u00f3zgu, oraz wspomagaj\u0105 odpowiednie nawil\u017cenie sk\u00f3ry. EPA i DHA przyczyniaj\u0105 si\u0119 do prawid\u0142owego funkcjonowania serca, natomiast sam DHA jest r\u00f3wnie\u017c\u00a0odpowiedzialny za prawid\u0142owe funkcjonowanie m\u00f3zgu i wzroku. Dodatek witaminy E [&#8230;]\n","protected":false},"featured_media":278958,"comment_status":"closed","ping_status":"open","template":"","meta":[],"product_brand":[5393],"product_cat":[5082,5053],"product_tag":[],"class_list":{"0":"post-304819","1":"product","2":"type-product","3":"status-publish","4":"has-post-thumbnail","6":"product_brand-yango-2","7":"product_cat-omegas-efa-cla-huiles","8":"product_cat-vitamines-et-mineraux","10":"first","11":"instock","12":"taxable","13":"shipping-taxable","14":"purchasable","15":"product-type-simple"},"yoast_head":"<!-- This site is optimized with the Yoast SEO Premium plugin v27.5 (Yoast SEO v27.5) - https:\/\/yoast.com\/product\/yoast-seo-premium-wordpress\/ -->\n<title>YANGO Om\u00e9ga 3 500mg (60 g\u00e9lules) - ECO Supplements<\/title>\n<meta name=\"description\" content=\"Wij hebben een ruime keuze aan producten van YANGO Om\u00e9ga 3 500mg (60 g\u00e9lules) . Winkel bij Eco Supplements altijd gratis verzending boven 100\u20ac\" \/>\n<meta name=\"robots\" content=\"index, follow, max-snippet:-1, max-image-preview:large, max-video-preview:-1\" \/>\n<link rel=\"canonical\" href=\"https:\/\/ecosupplements.be\/fr\/produit\/yango-omega-3-500mg-60-caps\/\" \/>\n<meta property=\"og:locale\" content=\"fr_FR\" \/>\n<meta property=\"og:type\" content=\"article\" \/>\n<meta property=\"og:title\" content=\"YANGO Om\u00e9ga 3 500mg (60 g\u00e9lules)\" \/>\n<meta property=\"og:description\" content=\"Wij hebben een ruime keuze aan producten van YANGO Om\u00e9ga 3 500mg (60 g\u00e9lules) . Winkel bij Eco Supplements altijd gratis verzending boven 100\u20ac\" \/>\n<meta property=\"og:url\" content=\"https:\/\/ecosupplements.be\/fr\/produit\/yango-omega-3-500mg-60-caps\/\" \/>\n<meta property=\"og:site_name\" content=\"ECO Supplements\" \/>\n<meta property=\"article:modified_time\" content=\"2025-08-28T03:26:11+00:00\" \/>\n<meta property=\"og:image\" content=\"https:\/\/ecosupplements.be\/wp-content\/uploads\/2025\/08\/YANGO-Omega-3-500mg-60-caps.jpg\" \/>\n\t<meta property=\"og:image:width\" content=\"800\" \/>\n\t<meta property=\"og:image:height\" content=\"800\" \/>\n\t<meta property=\"og:image:type\" content=\"image\/jpeg\" \/>\n<meta name=\"twitter:card\" content=\"summary_large_image\" \/>\n<meta name=\"twitter:label1\" content=\"Prix\" \/>\n\t<meta name=\"twitter:data1\" content=\"8.52&nbsp;&euro;\" \/>\n\t<meta name=\"twitter:label2\" content=\"Disponibilit\u00e9\" \/>\n\t<meta name=\"twitter:data2\" content=\"En stock\" \/>\n<script type=\"application\/ld+json\" class=\"yoast-schema-graph\">{\"@context\":\"https:\\\/\\\/schema.org\",\"@graph\":[{\"@type\":[\"WebPage\",\"ItemPage\"],\"@id\":\"https:\\\/\\\/ecosupplements.be\\\/fr\\\/produit\\\/yango-omega-3-500mg-60-caps\\\/\",\"url\":\"https:\\\/\\\/ecosupplements.be\\\/fr\\\/produit\\\/yango-omega-3-500mg-60-caps\\\/\",\"name\":\"YANGO Om\u00e9ga 3 500mg (60 g\u00e9lules) - ECO Supplements\",\"isPartOf\":{\"@id\":\"https:\\\/\\\/ecosupplements.be\\\/fr\\\/#website\"},\"primaryImageOfPage\":{\"@id\":\"https:\\\/\\\/ecosupplements.be\\\/fr\\\/produit\\\/yango-omega-3-500mg-60-caps\\\/#primaryimage\"},\"image\":{\"@id\":\"https:\\\/\\\/ecosupplements.be\\\/fr\\\/produit\\\/yango-omega-3-500mg-60-caps\\\/#primaryimage\"},\"thumbnailUrl\":\"https:\\\/\\\/ecosupplements.be\\\/wp-content\\\/uploads\\\/2025\\\/08\\\/YANGO-Omega-3-500mg-60-caps.jpg\",\"datePublished\":\"2025-07-28T01:30:26+00:00\",\"dateModified\":\"2025-08-28T03:26:11+00:00\",\"description\":\"Wij hebben een ruime keuze aan producten van YANGO Om\u00e9ga 3 500mg (60 g\u00e9lules) . Winkel bij Eco Supplements altijd gratis verzending boven 100\u20ac\",\"breadcrumb\":{\"@id\":\"https:\\\/\\\/ecosupplements.be\\\/fr\\\/produit\\\/yango-omega-3-500mg-60-caps\\\/#breadcrumb\"},\"inLanguage\":\"fr-FR\",\"potentialAction\":[{\"@type\":\"ReadAction\",\"target\":[\"https:\\\/\\\/ecosupplements.be\\\/fr\\\/produit\\\/yango-omega-3-500mg-60-caps\\\/\"]}]},{\"@type\":\"ImageObject\",\"inLanguage\":\"fr-FR\",\"@id\":\"https:\\\/\\\/ecosupplements.be\\\/fr\\\/produit\\\/yango-omega-3-500mg-60-caps\\\/#primaryimage\",\"url\":\"https:\\\/\\\/ecosupplements.be\\\/wp-content\\\/uploads\\\/2025\\\/08\\\/YANGO-Omega-3-500mg-60-caps.jpg\",\"contentUrl\":\"https:\\\/\\\/ecosupplements.be\\\/wp-content\\\/uploads\\\/2025\\\/08\\\/YANGO-Omega-3-500mg-60-caps.jpg\",\"width\":800,\"height\":800},{\"@type\":\"BreadcrumbList\",\"@id\":\"https:\\\/\\\/ecosupplements.be\\\/fr\\\/produit\\\/yango-omega-3-500mg-60-caps\\\/#breadcrumb\",\"itemListElement\":[{\"@type\":\"ListItem\",\"position\":1,\"name\":\"Home\",\"item\":\"https:\\\/\\\/ecosupplements.be\\\/fr\\\/\"},{\"@type\":\"ListItem\",\"position\":2,\"name\":\"Boutique\",\"item\":\"https:\\\/\\\/ecosupplements.be\\\/fr\\\/boutique\\\/\"},{\"@type\":\"ListItem\",\"position\":3,\"name\":\"YANGO Om\u00e9ga 3 500mg (60 g\u00e9lules)\"}]},{\"@type\":\"WebSite\",\"@id\":\"https:\\\/\\\/ecosupplements.be\\\/fr\\\/#website\",\"url\":\"https:\\\/\\\/ecosupplements.be\\\/fr\\\/\",\"name\":\"ECO Supplements\",\"description\":\"Eco Supplements - Gezonde supplementen\",\"publisher\":{\"@id\":\"https:\\\/\\\/ecosupplements.be\\\/fr\\\/#organization\"},\"potentialAction\":[{\"@type\":\"SearchAction\",\"target\":{\"@type\":\"EntryPoint\",\"urlTemplate\":\"https:\\\/\\\/ecosupplements.be\\\/fr\\\/?s={search_term_string}\"},\"query-input\":{\"@type\":\"PropertyValueSpecification\",\"valueRequired\":true,\"valueName\":\"search_term_string\"}}],\"inLanguage\":\"fr-FR\"},{\"@type\":\"Organization\",\"@id\":\"https:\\\/\\\/ecosupplements.be\\\/fr\\\/#organization\",\"name\":\"Eco Supplements\",\"url\":\"https:\\\/\\\/ecosupplements.be\\\/fr\\\/\",\"logo\":{\"@type\":\"ImageObject\",\"inLanguage\":\"fr-FR\",\"@id\":\"https:\\\/\\\/ecosupplements.be\\\/fr\\\/#\\\/schema\\\/logo\\\/image\\\/\",\"url\":\"https:\\\/\\\/ecosupplements.be\\\/wp-content\\\/uploads\\\/2022\\\/06\\\/ecosupplement-family.png\",\"contentUrl\":\"https:\\\/\\\/ecosupplements.be\\\/wp-content\\\/uploads\\\/2022\\\/06\\\/ecosupplement-family.png\",\"width\":593,\"height\":374,\"caption\":\"Eco Supplements\"},\"image\":{\"@id\":\"https:\\\/\\\/ecosupplements.be\\\/fr\\\/#\\\/schema\\\/logo\\\/image\\\/\"}}]}<\/script>\n<meta property=\"product:brand\" content=\"Yango\" \/>\n<meta property=\"product:price:amount\" content=\"8.52\" \/>\n<meta property=\"product:price:currency\" content=\"EUR\" \/>\n<meta property=\"og:availability\" content=\"instock\" \/>\n<meta property=\"product:availability\" content=\"instock\" \/>\n<meta property=\"product:retailer_item_id\" content=\"5907483417033\" \/>\n<meta property=\"product:condition\" content=\"new\" \/>\n<!-- \/ Yoast SEO Premium plugin. -->","yoast_head_json":{"title":"YANGO Om\u00e9ga 3 500mg (60 g\u00e9lules) - ECO Supplements","description":"Wij hebben een ruime keuze aan producten van YANGO Om\u00e9ga 3 500mg (60 g\u00e9lules) . Winkel bij Eco Supplements altijd gratis verzending boven 100\u20ac","robots":{"index":"index","follow":"follow","max-snippet":"max-snippet:-1","max-image-preview":"max-image-preview:large","max-video-preview":"max-video-preview:-1"},"canonical":"https:\/\/ecosupplements.be\/fr\/produit\/yango-omega-3-500mg-60-caps\/","og_locale":"fr_FR","og_type":"article","og_title":"YANGO Om\u00e9ga 3 500mg (60 g\u00e9lules)","og_description":"Wij hebben een ruime keuze aan producten van YANGO Om\u00e9ga 3 500mg (60 g\u00e9lules) . Winkel bij Eco Supplements altijd gratis verzending boven 100\u20ac","og_url":"https:\/\/ecosupplements.be\/fr\/produit\/yango-omega-3-500mg-60-caps\/","og_site_name":"ECO Supplements","article_modified_time":"2025-08-28T03:26:11+00:00","og_image":[{"width":800,"height":800,"url":"https:\/\/ecosupplements.be\/wp-content\/uploads\/2025\/08\/YANGO-Omega-3-500mg-60-caps.jpg","type":"image\/jpeg"}],"twitter_card":"summary_large_image","twitter_misc":{"Prix":"8.52&nbsp;&euro;","Disponibilit\u00e9":"En stock"},"schema":{"@context":"https:\/\/schema.org","@graph":[{"@type":["WebPage","ItemPage"],"@id":"https:\/\/ecosupplements.be\/fr\/produit\/yango-omega-3-500mg-60-caps\/","url":"https:\/\/ecosupplements.be\/fr\/produit\/yango-omega-3-500mg-60-caps\/","name":"YANGO Om\u00e9ga 3 500mg (60 g\u00e9lules) - ECO Supplements","isPartOf":{"@id":"https:\/\/ecosupplements.be\/fr\/#website"},"primaryImageOfPage":{"@id":"https:\/\/ecosupplements.be\/fr\/produit\/yango-omega-3-500mg-60-caps\/#primaryimage"},"image":{"@id":"https:\/\/ecosupplements.be\/fr\/produit\/yango-omega-3-500mg-60-caps\/#primaryimage"},"thumbnailUrl":"https:\/\/ecosupplements.be\/wp-content\/uploads\/2025\/08\/YANGO-Omega-3-500mg-60-caps.jpg","datePublished":"2025-07-28T01:30:26+00:00","dateModified":"2025-08-28T03:26:11+00:00","description":"Wij hebben een ruime keuze aan producten van YANGO Om\u00e9ga 3 500mg (60 g\u00e9lules) . Winkel bij Eco Supplements altijd gratis verzending boven 100\u20ac","breadcrumb":{"@id":"https:\/\/ecosupplements.be\/fr\/produit\/yango-omega-3-500mg-60-caps\/#breadcrumb"},"inLanguage":"fr-FR","potentialAction":[{"@type":"ReadAction","target":["https:\/\/ecosupplements.be\/fr\/produit\/yango-omega-3-500mg-60-caps\/"]}]},{"@type":"ImageObject","inLanguage":"fr-FR","@id":"https:\/\/ecosupplements.be\/fr\/produit\/yango-omega-3-500mg-60-caps\/#primaryimage","url":"https:\/\/ecosupplements.be\/wp-content\/uploads\/2025\/08\/YANGO-Omega-3-500mg-60-caps.jpg","contentUrl":"https:\/\/ecosupplements.be\/wp-content\/uploads\/2025\/08\/YANGO-Omega-3-500mg-60-caps.jpg","width":800,"height":800},{"@type":"BreadcrumbList","@id":"https:\/\/ecosupplements.be\/fr\/produit\/yango-omega-3-500mg-60-caps\/#breadcrumb","itemListElement":[{"@type":"ListItem","position":1,"name":"Home","item":"https:\/\/ecosupplements.be\/fr\/"},{"@type":"ListItem","position":2,"name":"Boutique","item":"https:\/\/ecosupplements.be\/fr\/boutique\/"},{"@type":"ListItem","position":3,"name":"YANGO Om\u00e9ga 3 500mg (60 g\u00e9lules)"}]},{"@type":"WebSite","@id":"https:\/\/ecosupplements.be\/fr\/#website","url":"https:\/\/ecosupplements.be\/fr\/","name":"ECO Supplements","description":"Eco Supplements - Gezonde supplementen","publisher":{"@id":"https:\/\/ecosupplements.be\/fr\/#organization"},"potentialAction":[{"@type":"SearchAction","target":{"@type":"EntryPoint","urlTemplate":"https:\/\/ecosupplements.be\/fr\/?s={search_term_string}"},"query-input":{"@type":"PropertyValueSpecification","valueRequired":true,"valueName":"search_term_string"}}],"inLanguage":"fr-FR"},{"@type":"Organization","@id":"https:\/\/ecosupplements.be\/fr\/#organization","name":"Eco Supplements","url":"https:\/\/ecosupplements.be\/fr\/","logo":{"@type":"ImageObject","inLanguage":"fr-FR","@id":"https:\/\/ecosupplements.be\/fr\/#\/schema\/logo\/image\/","url":"https:\/\/ecosupplements.be\/wp-content\/uploads\/2022\/06\/ecosupplement-family.png","contentUrl":"https:\/\/ecosupplements.be\/wp-content\/uploads\/2022\/06\/ecosupplement-family.png","width":593,"height":374,"caption":"Eco Supplements"},"image":{"@id":"https:\/\/ecosupplements.be\/fr\/#\/schema\/logo\/image\/"}}]},"product_brand":"Yango","product_price_amount":"8.52","product_price_currency":"EUR","og_availability":"instock","product_availability":"instock","product_retailer_item_id":"5907483417033","product_condition":"new"},"_links":{"self":[{"href":"https:\/\/ecosupplements.be\/fr\/wp-json\/wp\/v2\/product\/304819","targetHints":{"allow":["GET"]}}],"collection":[{"href":"https:\/\/ecosupplements.be\/fr\/wp-json\/wp\/v2\/product"}],"about":[{"href":"https:\/\/ecosupplements.be\/fr\/wp-json\/wp\/v2\/types\/product"}],"replies":[{"embeddable":true,"href":"https:\/\/ecosupplements.be\/fr\/wp-json\/wp\/v2\/comments?post=304819"}],"wp:featuredmedia":[{"embeddable":true,"href":"https:\/\/ecosupplements.be\/fr\/wp-json\/wp\/v2\/media\/278958"}],"wp:attachment":[{"href":"https:\/\/ecosupplements.be\/fr\/wp-json\/wp\/v2\/media?parent=304819"}],"wp:term":[{"taxonomy":"product_brand","embeddable":true,"href":"https:\/\/ecosupplements.be\/fr\/wp-json\/wp\/v2\/product_brand?post=304819"},{"taxonomy":"product_cat","embeddable":true,"href":"https:\/\/ecosupplements.be\/fr\/wp-json\/wp\/v2\/product_cat?post=304819"},{"taxonomy":"product_tag","embeddable":true,"href":"https:\/\/ecosupplements.be\/fr\/wp-json\/wp\/v2\/product_tag?post=304819"}],"curies":[{"name":"wp","href":"https:\/\/api.w.org\/{rel}","templated":true}]}}