{"id":304822,"date":"2025-07-28T02:30:26","date_gmt":"2025-07-28T01:30:26","guid":{"rendered":"https:\/\/ecosupplements.be\/product\/yango-omega-3d3-4000iu-60-caps\/"},"modified":"2025-08-28T04:26:15","modified_gmt":"2025-08-28T03:26:15","slug":"yango-omega-3d3-4000iu-60-caps","status":"publish","type":"product","link":"https:\/\/ecosupplements.be\/fr\/produit\/yango-omega-3d3-4000iu-60-caps\/","title":{"rendered":"YANGO Om\u00e9ga 3+D3 4000 UI (60 g\u00e9lules)"},"content":{"rendered":"<p><strong>Nom du produit :<\/strong> YANGO Omega 3+D3 4000IU (60 caps)<\/p>\n<p><strong>Description :<\/strong> D\u00e9couvrez un choix naturel pour votre quotidien avec YANGO Omega 3+D3. Ce produit est formul\u00e9 \u00e0 partir d&#8217;ingr\u00e9dients de haute qualit\u00e9, incluant de l&#8217;huile de poisson riche en EPA et DHA, ainsi que de la vitamine D3. Ces composants sont extraits dans le respect des normes les plus strictes pour garantir leur puret\u00e9 et leur efficacit\u00e9.<\/p>\n<p><strong>Ingr\u00e9dients principaux :<\/strong> Huile de poisson standardis\u00e9e contenant 35% d&#8217;EPA (acide eicosapenta\u00e9no\u00efque) et 25% de DHA (acide docosahexa\u00e9no\u00efque), cholecalciferol (vitamine D3). La capsule est compos\u00e9e de g\u00e9latine bovine et glyc\u00e9rol pour maintenir l&#8217;humidit\u00e9.<\/p>\n<table style=\"width:100%\" border=\"1\">\n<tbody>\n<tr>\n<td><strong>Ingr\u00e9dient actif<\/strong><\/td>\n<td style=\"text-align:center\"><strong>Quantit\u00e9 par capsule<\/strong><\/td>\n<\/tr>\n<tr>\n<td>Vitamine D3<\/td>\n<td style=\"text-align:center\">100 mcg<\/td>\n<\/tr>\n<tr>\n<td>Huile de poisson<br \/>EPA (35%)<br \/>DHA (25%)<\/td>\n<td style=\"text-align:center\">1000 mg<br \/>350 mg<br \/>250 mg<\/td>\n<\/tr>\n<\/tbody>\n<\/table>\n<p><strong>Utilisation recommand\u00e9e :<\/strong> Prendre une capsule par jour avec une grande quantit\u00e9 d&#8217;eau, apr\u00e8s le premier repas.<\/p>\n<p>Ce compl\u00e9ment alimentaire est un excellent ajout \u00e0 votre routine quotidienne, offrant une solution pratique sans pr\u00e9tendre remplacer une alimentation vari\u00e9e et \u00e9quilibr\u00e9e ou un mode de vie sain.<\/p>\n<p><em>Note : Avant utilisation, il est conseill\u00e9 aux personnes sous m\u00e9dication ou ayant des conditions particuli\u00e8res de consulter un professionnel. D\u00e9conseill\u00e9 aux enfants, femmes enceintes ou allaitantes.<\/em><\/p>\n<p><strong>Conservation :<\/strong> Conserver dans un endroit sec et sombre \u00e0 temp\u00e9rature ambiante,hors de port\u00e9e des enfants.<\/p>\n<p>Ce produit se distingue par son engagement envers la qualit\u00e9 et sa composition soigneusement s\u00e9lectionn\u00e9e pour ceux qui appr\u00e9cient les ingr\u00e9dients naturels dans leur r\u00e9gime quotidien.<\/p>\n","protected":false},"excerpt":{"rendered":"<p>Nom du produit : YANGO Omega 3+D3 4000IU (60 caps) Description : D\u00e9couvrez un choix naturel pour votre quotidien avec YANGO Omega 3+D3. Ce produit est formul\u00e9 \u00e0 partir d&#8217;ingr\u00e9dients de haute qualit\u00e9, incluant de l&#8217;huile de poisson riche en EPA et DHA, ainsi que de la vitamine D3. Ces composants sont extraits dans le [&#8230;]\n","protected":false},"featured_media":278961,"comment_status":"closed","ping_status":"open","template":"","meta":[],"product_brand":[5393],"product_cat":[5082,5053],"product_tag":[],"class_list":{"0":"post-304822","1":"product","2":"type-product","3":"status-publish","4":"has-post-thumbnail","6":"product_brand-yango-2","7":"product_cat-omegas-efa-cla-huiles","8":"product_cat-vitamines-et-mineraux","10":"first","11":"instock","12":"taxable","13":"shipping-taxable","14":"purchasable","15":"product-type-simple"},"yoast_head":"<!-- This site is optimized with the Yoast SEO Premium plugin v27.5 (Yoast SEO v27.5) - https:\/\/yoast.com\/product\/yoast-seo-premium-wordpress\/ -->\n<title>YANGO Om\u00e9ga 3+D3 4000 UI (60 g\u00e9lules) - ECO Supplements<\/title>\n<meta name=\"description\" content=\"Wij hebben een ruime keuze aan producten van YANGO Om\u00e9ga 3+D3 4000 UI (60 g\u00e9lules) . Winkel bij Eco Supplements altijd gratis verzending boven 100\u20ac\" \/>\n<meta name=\"robots\" content=\"index, follow, max-snippet:-1, max-image-preview:large, max-video-preview:-1\" \/>\n<link rel=\"canonical\" href=\"https:\/\/ecosupplements.be\/fr\/produit\/yango-omega-3d3-4000iu-60-caps\/\" \/>\n<meta property=\"og:locale\" content=\"fr_FR\" \/>\n<meta property=\"og:type\" content=\"article\" \/>\n<meta property=\"og:title\" content=\"YANGO Om\u00e9ga 3+D3 4000 UI (60 g\u00e9lules)\" \/>\n<meta property=\"og:description\" content=\"Wij hebben een ruime keuze aan producten van YANGO Om\u00e9ga 3+D3 4000 UI (60 g\u00e9lules) . Winkel bij Eco Supplements altijd gratis verzending boven 100\u20ac\" \/>\n<meta property=\"og:url\" content=\"https:\/\/ecosupplements.be\/fr\/produit\/yango-omega-3d3-4000iu-60-caps\/\" \/>\n<meta property=\"og:site_name\" content=\"ECO Supplements\" \/>\n<meta property=\"article:modified_time\" content=\"2025-08-28T03:26:15+00:00\" \/>\n<meta property=\"og:image\" content=\"https:\/\/ecosupplements.be\/wp-content\/uploads\/2025\/08\/Yango-YANGO-Omega-3D3-4000IU-60-caps.jpg\" \/>\n\t<meta property=\"og:image:width\" content=\"800\" \/>\n\t<meta property=\"og:image:height\" content=\"800\" \/>\n\t<meta property=\"og:image:type\" content=\"image\/jpeg\" \/>\n<meta name=\"twitter:card\" content=\"summary_large_image\" \/>\n<meta name=\"twitter:label1\" content=\"Prix\" \/>\n\t<meta name=\"twitter:data1\" content=\"16.11&nbsp;&euro;\" \/>\n\t<meta name=\"twitter:label2\" content=\"Disponibilit\u00e9\" \/>\n\t<meta name=\"twitter:data2\" content=\"En stock\" \/>\n<script type=\"application\/ld+json\" class=\"yoast-schema-graph\">{\"@context\":\"https:\\\/\\\/schema.org\",\"@graph\":[{\"@type\":[\"WebPage\",\"ItemPage\"],\"@id\":\"https:\\\/\\\/ecosupplements.be\\\/fr\\\/produit\\\/yango-omega-3d3-4000iu-60-caps\\\/\",\"url\":\"https:\\\/\\\/ecosupplements.be\\\/fr\\\/produit\\\/yango-omega-3d3-4000iu-60-caps\\\/\",\"name\":\"YANGO Om\u00e9ga 3+D3 4000 UI (60 g\u00e9lules) - ECO Supplements\",\"isPartOf\":{\"@id\":\"https:\\\/\\\/ecosupplements.be\\\/fr\\\/#website\"},\"primaryImageOfPage\":{\"@id\":\"https:\\\/\\\/ecosupplements.be\\\/fr\\\/produit\\\/yango-omega-3d3-4000iu-60-caps\\\/#primaryimage\"},\"image\":{\"@id\":\"https:\\\/\\\/ecosupplements.be\\\/fr\\\/produit\\\/yango-omega-3d3-4000iu-60-caps\\\/#primaryimage\"},\"thumbnailUrl\":\"https:\\\/\\\/ecosupplements.be\\\/wp-content\\\/uploads\\\/2025\\\/08\\\/YANGO-Omega-3D3-4000IU-60-caps.jpg\",\"datePublished\":\"2025-07-28T01:30:26+00:00\",\"dateModified\":\"2025-08-28T03:26:15+00:00\",\"description\":\"Wij hebben een ruime keuze aan producten van YANGO Om\u00e9ga 3+D3 4000 UI (60 g\u00e9lules) . Winkel bij Eco Supplements altijd gratis verzending boven 100\u20ac\",\"breadcrumb\":{\"@id\":\"https:\\\/\\\/ecosupplements.be\\\/fr\\\/produit\\\/yango-omega-3d3-4000iu-60-caps\\\/#breadcrumb\"},\"inLanguage\":\"fr-FR\",\"potentialAction\":[{\"@type\":\"ReadAction\",\"target\":[\"https:\\\/\\\/ecosupplements.be\\\/fr\\\/produit\\\/yango-omega-3d3-4000iu-60-caps\\\/\"]}]},{\"@type\":\"ImageObject\",\"inLanguage\":\"fr-FR\",\"@id\":\"https:\\\/\\\/ecosupplements.be\\\/fr\\\/produit\\\/yango-omega-3d3-4000iu-60-caps\\\/#primaryimage\",\"url\":\"https:\\\/\\\/ecosupplements.be\\\/wp-content\\\/uploads\\\/2025\\\/08\\\/YANGO-Omega-3D3-4000IU-60-caps.jpg\",\"contentUrl\":\"https:\\\/\\\/ecosupplements.be\\\/wp-content\\\/uploads\\\/2025\\\/08\\\/YANGO-Omega-3D3-4000IU-60-caps.jpg\",\"width\":800,\"height\":800},{\"@type\":\"BreadcrumbList\",\"@id\":\"https:\\\/\\\/ecosupplements.be\\\/fr\\\/produit\\\/yango-omega-3d3-4000iu-60-caps\\\/#breadcrumb\",\"itemListElement\":[{\"@type\":\"ListItem\",\"position\":1,\"name\":\"Home\",\"item\":\"https:\\\/\\\/ecosupplements.be\\\/fr\\\/\"},{\"@type\":\"ListItem\",\"position\":2,\"name\":\"Boutique\",\"item\":\"https:\\\/\\\/ecosupplements.be\\\/fr\\\/boutique\\\/\"},{\"@type\":\"ListItem\",\"position\":3,\"name\":\"YANGO Om\u00e9ga 3+D3 4000 UI (60 g\u00e9lules)\"}]},{\"@type\":\"WebSite\",\"@id\":\"https:\\\/\\\/ecosupplements.be\\\/fr\\\/#website\",\"url\":\"https:\\\/\\\/ecosupplements.be\\\/fr\\\/\",\"name\":\"ECO Supplements\",\"description\":\"Eco Supplements - Gezonde supplementen\",\"publisher\":{\"@id\":\"https:\\\/\\\/ecosupplements.be\\\/fr\\\/#organization\"},\"potentialAction\":[{\"@type\":\"SearchAction\",\"target\":{\"@type\":\"EntryPoint\",\"urlTemplate\":\"https:\\\/\\\/ecosupplements.be\\\/fr\\\/?s={search_term_string}\"},\"query-input\":{\"@type\":\"PropertyValueSpecification\",\"valueRequired\":true,\"valueName\":\"search_term_string\"}}],\"inLanguage\":\"fr-FR\"},{\"@type\":\"Organization\",\"@id\":\"https:\\\/\\\/ecosupplements.be\\\/fr\\\/#organization\",\"name\":\"Eco Supplements\",\"url\":\"https:\\\/\\\/ecosupplements.be\\\/fr\\\/\",\"logo\":{\"@type\":\"ImageObject\",\"inLanguage\":\"fr-FR\",\"@id\":\"https:\\\/\\\/ecosupplements.be\\\/fr\\\/#\\\/schema\\\/logo\\\/image\\\/\",\"url\":\"https:\\\/\\\/ecosupplements.be\\\/wp-content\\\/uploads\\\/2022\\\/06\\\/ecosupplement-family.png\",\"contentUrl\":\"https:\\\/\\\/ecosupplements.be\\\/wp-content\\\/uploads\\\/2022\\\/06\\\/ecosupplement-family.png\",\"width\":593,\"height\":374,\"caption\":\"Eco Supplements\"},\"image\":{\"@id\":\"https:\\\/\\\/ecosupplements.be\\\/fr\\\/#\\\/schema\\\/logo\\\/image\\\/\"}}]}<\/script>\n<meta property=\"product:brand\" content=\"Yango\" \/>\n<meta property=\"product:price:amount\" content=\"16.11\" \/>\n<meta property=\"product:price:currency\" content=\"EUR\" \/>\n<meta property=\"og:availability\" content=\"instock\" \/>\n<meta property=\"product:availability\" content=\"instock\" \/>\n<meta property=\"product:retailer_item_id\" content=\"5904194061210\" \/>\n<meta property=\"product:condition\" content=\"new\" \/>\n<!-- \/ Yoast SEO Premium plugin. -->","yoast_head_json":{"title":"YANGO Om\u00e9ga 3+D3 4000 UI (60 g\u00e9lules) - ECO Supplements","description":"Wij hebben een ruime keuze aan producten van YANGO Om\u00e9ga 3+D3 4000 UI (60 g\u00e9lules) . Winkel bij Eco Supplements altijd gratis verzending boven 100\u20ac","robots":{"index":"index","follow":"follow","max-snippet":"max-snippet:-1","max-image-preview":"max-image-preview:large","max-video-preview":"max-video-preview:-1"},"canonical":"https:\/\/ecosupplements.be\/fr\/produit\/yango-omega-3d3-4000iu-60-caps\/","og_locale":"fr_FR","og_type":"article","og_title":"YANGO Om\u00e9ga 3+D3 4000 UI (60 g\u00e9lules)","og_description":"Wij hebben een ruime keuze aan producten van YANGO Om\u00e9ga 3+D3 4000 UI (60 g\u00e9lules) . Winkel bij Eco Supplements altijd gratis verzending boven 100\u20ac","og_url":"https:\/\/ecosupplements.be\/fr\/produit\/yango-omega-3d3-4000iu-60-caps\/","og_site_name":"ECO Supplements","article_modified_time":"2025-08-28T03:26:15+00:00","og_image":[{"width":800,"height":800,"url":"https:\/\/ecosupplements.be\/wp-content\/uploads\/2025\/08\/Yango-YANGO-Omega-3D3-4000IU-60-caps.jpg","type":"image\/jpeg"}],"twitter_card":"summary_large_image","twitter_misc":{"Prix":"16.11&nbsp;&euro;","Disponibilit\u00e9":"En stock"},"schema":{"@context":"https:\/\/schema.org","@graph":[{"@type":["WebPage","ItemPage"],"@id":"https:\/\/ecosupplements.be\/fr\/produit\/yango-omega-3d3-4000iu-60-caps\/","url":"https:\/\/ecosupplements.be\/fr\/produit\/yango-omega-3d3-4000iu-60-caps\/","name":"YANGO Om\u00e9ga 3+D3 4000 UI (60 g\u00e9lules) - ECO Supplements","isPartOf":{"@id":"https:\/\/ecosupplements.be\/fr\/#website"},"primaryImageOfPage":{"@id":"https:\/\/ecosupplements.be\/fr\/produit\/yango-omega-3d3-4000iu-60-caps\/#primaryimage"},"image":{"@id":"https:\/\/ecosupplements.be\/fr\/produit\/yango-omega-3d3-4000iu-60-caps\/#primaryimage"},"thumbnailUrl":"https:\/\/ecosupplements.be\/wp-content\/uploads\/2025\/08\/YANGO-Omega-3D3-4000IU-60-caps.jpg","datePublished":"2025-07-28T01:30:26+00:00","dateModified":"2025-08-28T03:26:15+00:00","description":"Wij hebben een ruime keuze aan producten van YANGO Om\u00e9ga 3+D3 4000 UI (60 g\u00e9lules) . Winkel bij Eco Supplements altijd gratis verzending boven 100\u20ac","breadcrumb":{"@id":"https:\/\/ecosupplements.be\/fr\/produit\/yango-omega-3d3-4000iu-60-caps\/#breadcrumb"},"inLanguage":"fr-FR","potentialAction":[{"@type":"ReadAction","target":["https:\/\/ecosupplements.be\/fr\/produit\/yango-omega-3d3-4000iu-60-caps\/"]}]},{"@type":"ImageObject","inLanguage":"fr-FR","@id":"https:\/\/ecosupplements.be\/fr\/produit\/yango-omega-3d3-4000iu-60-caps\/#primaryimage","url":"https:\/\/ecosupplements.be\/wp-content\/uploads\/2025\/08\/YANGO-Omega-3D3-4000IU-60-caps.jpg","contentUrl":"https:\/\/ecosupplements.be\/wp-content\/uploads\/2025\/08\/YANGO-Omega-3D3-4000IU-60-caps.jpg","width":800,"height":800},{"@type":"BreadcrumbList","@id":"https:\/\/ecosupplements.be\/fr\/produit\/yango-omega-3d3-4000iu-60-caps\/#breadcrumb","itemListElement":[{"@type":"ListItem","position":1,"name":"Home","item":"https:\/\/ecosupplements.be\/fr\/"},{"@type":"ListItem","position":2,"name":"Boutique","item":"https:\/\/ecosupplements.be\/fr\/boutique\/"},{"@type":"ListItem","position":3,"name":"YANGO Om\u00e9ga 3+D3 4000 UI (60 g\u00e9lules)"}]},{"@type":"WebSite","@id":"https:\/\/ecosupplements.be\/fr\/#website","url":"https:\/\/ecosupplements.be\/fr\/","name":"ECO Supplements","description":"Eco Supplements - Gezonde supplementen","publisher":{"@id":"https:\/\/ecosupplements.be\/fr\/#organization"},"potentialAction":[{"@type":"SearchAction","target":{"@type":"EntryPoint","urlTemplate":"https:\/\/ecosupplements.be\/fr\/?s={search_term_string}"},"query-input":{"@type":"PropertyValueSpecification","valueRequired":true,"valueName":"search_term_string"}}],"inLanguage":"fr-FR"},{"@type":"Organization","@id":"https:\/\/ecosupplements.be\/fr\/#organization","name":"Eco Supplements","url":"https:\/\/ecosupplements.be\/fr\/","logo":{"@type":"ImageObject","inLanguage":"fr-FR","@id":"https:\/\/ecosupplements.be\/fr\/#\/schema\/logo\/image\/","url":"https:\/\/ecosupplements.be\/wp-content\/uploads\/2022\/06\/ecosupplement-family.png","contentUrl":"https:\/\/ecosupplements.be\/wp-content\/uploads\/2022\/06\/ecosupplement-family.png","width":593,"height":374,"caption":"Eco Supplements"},"image":{"@id":"https:\/\/ecosupplements.be\/fr\/#\/schema\/logo\/image\/"}}]},"product_brand":"Yango","product_price_amount":"16.11","product_price_currency":"EUR","og_availability":"instock","product_availability":"instock","product_retailer_item_id":"5904194061210","product_condition":"new"},"_links":{"self":[{"href":"https:\/\/ecosupplements.be\/fr\/wp-json\/wp\/v2\/product\/304822","targetHints":{"allow":["GET"]}}],"collection":[{"href":"https:\/\/ecosupplements.be\/fr\/wp-json\/wp\/v2\/product"}],"about":[{"href":"https:\/\/ecosupplements.be\/fr\/wp-json\/wp\/v2\/types\/product"}],"replies":[{"embeddable":true,"href":"https:\/\/ecosupplements.be\/fr\/wp-json\/wp\/v2\/comments?post=304822"}],"wp:featuredmedia":[{"embeddable":true,"href":"https:\/\/ecosupplements.be\/fr\/wp-json\/wp\/v2\/media\/278961"}],"wp:attachment":[{"href":"https:\/\/ecosupplements.be\/fr\/wp-json\/wp\/v2\/media?parent=304822"}],"wp:term":[{"taxonomy":"product_brand","embeddable":true,"href":"https:\/\/ecosupplements.be\/fr\/wp-json\/wp\/v2\/product_brand?post=304822"},{"taxonomy":"product_cat","embeddable":true,"href":"https:\/\/ecosupplements.be\/fr\/wp-json\/wp\/v2\/product_cat?post=304822"},{"taxonomy":"product_tag","embeddable":true,"href":"https:\/\/ecosupplements.be\/fr\/wp-json\/wp\/v2\/product_tag?post=304822"}],"curies":[{"name":"wp","href":"https:\/\/api.w.org\/{rel}","templated":true}]}}