{"id":304825,"date":"2025-07-28T02:31:23","date_gmt":"2025-07-28T01:31:23","guid":{"rendered":"https:\/\/ecosupplements.be\/product\/yango-omega-3-1000-mg-60-caps\/"},"modified":"2025-08-28T04:26:18","modified_gmt":"2025-08-28T03:26:18","slug":"yango-omega-3-1000-mg-60-caps","status":"publish","type":"product","link":"https:\/\/ecosupplements.be\/fr\/produit\/yango-omega-3-1000-mg-60-caps\/","title":{"rendered":"Om\u00e9ga 3 YANGO, 1000 mg (60 g\u00e9lules)"},"content":{"rendered":"<div>\n<h2>YANGO Omega 3, 1000 mg (60 caps)<\/h2>\n<p>D\u00e9couvrez YANGO Omega 3, un choix parfait pour ceux qui appr\u00e9cient les ingr\u00e9dients naturels dans un mode de vie sain. Chaque capsule contient 1000 mg d&#8217;huile de poisson de haute puret\u00e9, riche en acides gras essentiels.<\/p>\n<h3>Ingr\u00e9dients principaux<\/h3>\n<ul>\n<li>Huile de poisson standardis\u00e9e<\/li>\n<li>Vitamine E (comme antioxydant naturel)<\/li>\n<li>Capsule : G\u00e9latine bovine, glyc\u00e9rol (humectant)<\/li>\n<\/ul>\n<h3>Contenu et emballage<\/h3>\n<p>Ce produit est pr\u00e9sent\u00e9 dans un emballage contenant 60 capsules faciles \u00e0 avaler.<\/p>\n<h3>Utilisation recommand\u00e9e<\/h3>\n<p>Pour une utilisation quotidienne simple, il est conseill\u00e9 de prendre une capsule avec un repas principal. Ce format pratique vous permet d&#8217;int\u00e9grer facilement YANGO omega-3 \u00e0 votre routine quotidienne.<\/p>\n<h4>Caract\u00e9ristiques pratiques :<\/h4>\n<p>   &#8211; Facilit\u00e9 d&#8217;utilisation<br \/>\n   &#8211; Capsules faciles \u00e0 avaler<br \/>\n   &#8211; Go\u00fbt neutre<\/p>\n<p>Avec YANGO Omega-3, int\u00e9grez simplement des \u00e9l\u00e9ments naturels dans votre quotidien sans compromis sur la qualit\u00e9.<\/p>\n<h4>Note :<\/h4>\n<p><small>Ce produit est destin\u00e9 \u00e0 \u00eatre utilis\u00e9 dans le cadre d&#8217;un mode de vie vari\u00e9 et \u00e9quilibr\u00e9 et non comme substitut \u00e0 une alimentation vari\u00e9e. Conserver le produit hors de port\u00e9e des enfants et stocker dans un endroit sec et frais.<\/small><\/div>\n","protected":false},"excerpt":{"rendered":"<p>YANGO Omega 3, 1000 mg (60 caps) D\u00e9couvrez YANGO Omega 3, un choix parfait pour ceux qui appr\u00e9cient les ingr\u00e9dients naturels dans un mode de vie sain. Chaque capsule contient 1000 mg d&#8217;huile de poisson de haute puret\u00e9, riche en acides gras essentiels. Ingr\u00e9dients principaux Huile de poisson standardis\u00e9e Vitamine E (comme antioxydant naturel) Capsule [&#8230;]\n","protected":false},"featured_media":278964,"comment_status":"closed","ping_status":"open","template":"","meta":[],"product_brand":[5393],"product_cat":[5082,5053],"product_tag":[],"class_list":{"0":"post-304825","1":"product","2":"type-product","3":"status-publish","4":"has-post-thumbnail","6":"product_brand-yango-2","7":"product_cat-omegas-efa-cla-huiles","8":"product_cat-vitamines-et-mineraux","10":"first","11":"instock","12":"taxable","13":"shipping-taxable","14":"purchasable","15":"product-type-simple"},"yoast_head":"<!-- This site is optimized with the Yoast SEO Premium plugin v27.3 (Yoast SEO v27.3) - https:\/\/yoast.com\/product\/yoast-seo-premium-wordpress\/ -->\n<title>Om\u00e9ga 3 YANGO, 1000 mg (60 g\u00e9lules) - ECO Supplements<\/title>\n<meta name=\"description\" content=\"Wij hebben een ruime keuze aan producten van Om\u00e9ga 3 YANGO, 1000 mg (60 g\u00e9lules) . Winkel bij Eco Supplements altijd gratis verzending boven 100\u20ac\" \/>\n<meta name=\"robots\" content=\"index, follow, max-snippet:-1, max-image-preview:large, max-video-preview:-1\" \/>\n<link rel=\"canonical\" href=\"https:\/\/ecosupplements.be\/fr\/produit\/yango-omega-3-1000-mg-60-caps\/\" \/>\n<meta property=\"og:locale\" content=\"fr_FR\" \/>\n<meta property=\"og:type\" content=\"article\" \/>\n<meta property=\"og:title\" content=\"Om\u00e9ga 3 YANGO, 1000 mg (60 g\u00e9lules)\" \/>\n<meta property=\"og:description\" content=\"Wij hebben een ruime keuze aan producten van Om\u00e9ga 3 YANGO, 1000 mg (60 g\u00e9lules) . Winkel bij Eco Supplements altijd gratis verzending boven 100\u20ac\" \/>\n<meta property=\"og:url\" content=\"https:\/\/ecosupplements.be\/fr\/produit\/yango-omega-3-1000-mg-60-caps\/\" \/>\n<meta property=\"og:site_name\" content=\"ECO Supplements\" \/>\n<meta property=\"article:modified_time\" content=\"2025-08-28T03:26:18+00:00\" \/>\n<meta property=\"og:image\" content=\"https:\/\/ecosupplements.be\/wp-content\/uploads\/2025\/08\/Yango-YANGO-Omega-3-1000-mg-60-caps.jpg\" \/>\n\t<meta property=\"og:image:width\" content=\"1000\" \/>\n\t<meta property=\"og:image:height\" content=\"1243\" \/>\n\t<meta property=\"og:image:type\" content=\"image\/jpeg\" \/>\n<meta name=\"twitter:card\" content=\"summary_large_image\" \/>\n<meta name=\"twitter:label1\" content=\"Prix\" \/>\n\t<meta name=\"twitter:data1\" content=\"8.52&nbsp;&euro;\" \/>\n\t<meta name=\"twitter:label2\" content=\"Disponibilit\u00e9\" \/>\n\t<meta name=\"twitter:data2\" content=\"En stock\" \/>\n<script type=\"application\/ld+json\" class=\"yoast-schema-graph\">{\"@context\":\"https:\\\/\\\/schema.org\",\"@graph\":[{\"@type\":[\"WebPage\",\"ItemPage\"],\"@id\":\"https:\\\/\\\/ecosupplements.be\\\/fr\\\/produit\\\/yango-omega-3-1000-mg-60-caps\\\/\",\"url\":\"https:\\\/\\\/ecosupplements.be\\\/fr\\\/produit\\\/yango-omega-3-1000-mg-60-caps\\\/\",\"name\":\"Om\u00e9ga 3 YANGO, 1000 mg (60 g\u00e9lules) - ECO Supplements\",\"isPartOf\":{\"@id\":\"https:\\\/\\\/ecosupplements.be\\\/fr\\\/#website\"},\"primaryImageOfPage\":{\"@id\":\"https:\\\/\\\/ecosupplements.be\\\/fr\\\/produit\\\/yango-omega-3-1000-mg-60-caps\\\/#primaryimage\"},\"image\":{\"@id\":\"https:\\\/\\\/ecosupplements.be\\\/fr\\\/produit\\\/yango-omega-3-1000-mg-60-caps\\\/#primaryimage\"},\"thumbnailUrl\":\"https:\\\/\\\/ecosupplements.be\\\/wp-content\\\/uploads\\\/2025\\\/08\\\/YANGO-Omega-3-1000-mg-60-caps.jpg\",\"datePublished\":\"2025-07-28T01:31:23+00:00\",\"dateModified\":\"2025-08-28T03:26:18+00:00\",\"description\":\"Wij hebben een ruime keuze aan producten van Om\u00e9ga 3 YANGO, 1000 mg (60 g\u00e9lules) . Winkel bij Eco Supplements altijd gratis verzending boven 100\u20ac\",\"breadcrumb\":{\"@id\":\"https:\\\/\\\/ecosupplements.be\\\/fr\\\/produit\\\/yango-omega-3-1000-mg-60-caps\\\/#breadcrumb\"},\"inLanguage\":\"fr-FR\",\"potentialAction\":[{\"@type\":\"ReadAction\",\"target\":[\"https:\\\/\\\/ecosupplements.be\\\/fr\\\/produit\\\/yango-omega-3-1000-mg-60-caps\\\/\"]}]},{\"@type\":\"ImageObject\",\"inLanguage\":\"fr-FR\",\"@id\":\"https:\\\/\\\/ecosupplements.be\\\/fr\\\/produit\\\/yango-omega-3-1000-mg-60-caps\\\/#primaryimage\",\"url\":\"https:\\\/\\\/ecosupplements.be\\\/wp-content\\\/uploads\\\/2025\\\/08\\\/YANGO-Omega-3-1000-mg-60-caps.jpg\",\"contentUrl\":\"https:\\\/\\\/ecosupplements.be\\\/wp-content\\\/uploads\\\/2025\\\/08\\\/YANGO-Omega-3-1000-mg-60-caps.jpg\",\"width\":1000,\"height\":1243},{\"@type\":\"BreadcrumbList\",\"@id\":\"https:\\\/\\\/ecosupplements.be\\\/fr\\\/produit\\\/yango-omega-3-1000-mg-60-caps\\\/#breadcrumb\",\"itemListElement\":[{\"@type\":\"ListItem\",\"position\":1,\"name\":\"Home\",\"item\":\"https:\\\/\\\/ecosupplements.be\\\/fr\\\/\"},{\"@type\":\"ListItem\",\"position\":2,\"name\":\"Boutique\",\"item\":\"https:\\\/\\\/ecosupplements.be\\\/fr\\\/boutique\\\/\"},{\"@type\":\"ListItem\",\"position\":3,\"name\":\"Om\u00e9ga 3 YANGO, 1000 mg (60 g\u00e9lules)\"}]},{\"@type\":\"WebSite\",\"@id\":\"https:\\\/\\\/ecosupplements.be\\\/fr\\\/#website\",\"url\":\"https:\\\/\\\/ecosupplements.be\\\/fr\\\/\",\"name\":\"ECO Supplements\",\"description\":\"Eco Supplements - Gezonde supplementen\",\"publisher\":{\"@id\":\"https:\\\/\\\/ecosupplements.be\\\/fr\\\/#organization\"},\"potentialAction\":[{\"@type\":\"SearchAction\",\"target\":{\"@type\":\"EntryPoint\",\"urlTemplate\":\"https:\\\/\\\/ecosupplements.be\\\/fr\\\/?s={search_term_string}\"},\"query-input\":{\"@type\":\"PropertyValueSpecification\",\"valueRequired\":true,\"valueName\":\"search_term_string\"}}],\"inLanguage\":\"fr-FR\"},{\"@type\":\"Organization\",\"@id\":\"https:\\\/\\\/ecosupplements.be\\\/fr\\\/#organization\",\"name\":\"Eco Supplements\",\"url\":\"https:\\\/\\\/ecosupplements.be\\\/fr\\\/\",\"logo\":{\"@type\":\"ImageObject\",\"inLanguage\":\"fr-FR\",\"@id\":\"https:\\\/\\\/ecosupplements.be\\\/fr\\\/#\\\/schema\\\/logo\\\/image\\\/\",\"url\":\"https:\\\/\\\/ecosupplements.be\\\/wp-content\\\/uploads\\\/2022\\\/06\\\/ecosupplement-family.png\",\"contentUrl\":\"https:\\\/\\\/ecosupplements.be\\\/wp-content\\\/uploads\\\/2022\\\/06\\\/ecosupplement-family.png\",\"width\":593,\"height\":374,\"caption\":\"Eco Supplements\"},\"image\":{\"@id\":\"https:\\\/\\\/ecosupplements.be\\\/fr\\\/#\\\/schema\\\/logo\\\/image\\\/\"}}]}<\/script>\n<meta property=\"product:brand\" content=\"Yango\" \/>\n<meta property=\"product:price:amount\" content=\"8.52\" \/>\n<meta property=\"product:price:currency\" content=\"EUR\" \/>\n<meta property=\"og:availability\" content=\"instock\" \/>\n<meta property=\"product:availability\" content=\"instock\" \/>\n<meta property=\"product:retailer_item_id\" content=\"5904194064044\" \/>\n<meta property=\"product:condition\" content=\"new\" \/>\n<!-- \/ Yoast SEO Premium plugin. -->","yoast_head_json":{"title":"Om\u00e9ga 3 YANGO, 1000 mg (60 g\u00e9lules) - ECO Supplements","description":"Wij hebben een ruime keuze aan producten van Om\u00e9ga 3 YANGO, 1000 mg (60 g\u00e9lules) . Winkel bij Eco Supplements altijd gratis verzending boven 100\u20ac","robots":{"index":"index","follow":"follow","max-snippet":"max-snippet:-1","max-image-preview":"max-image-preview:large","max-video-preview":"max-video-preview:-1"},"canonical":"https:\/\/ecosupplements.be\/fr\/produit\/yango-omega-3-1000-mg-60-caps\/","og_locale":"fr_FR","og_type":"article","og_title":"Om\u00e9ga 3 YANGO, 1000 mg (60 g\u00e9lules)","og_description":"Wij hebben een ruime keuze aan producten van Om\u00e9ga 3 YANGO, 1000 mg (60 g\u00e9lules) . Winkel bij Eco Supplements altijd gratis verzending boven 100\u20ac","og_url":"https:\/\/ecosupplements.be\/fr\/produit\/yango-omega-3-1000-mg-60-caps\/","og_site_name":"ECO Supplements","article_modified_time":"2025-08-28T03:26:18+00:00","og_image":[{"width":1000,"height":1243,"url":"https:\/\/ecosupplements.be\/wp-content\/uploads\/2025\/08\/Yango-YANGO-Omega-3-1000-mg-60-caps.jpg","type":"image\/jpeg"}],"twitter_card":"summary_large_image","twitter_misc":{"Prix":"8.52&nbsp;&euro;","Disponibilit\u00e9":"En stock"},"schema":{"@context":"https:\/\/schema.org","@graph":[{"@type":["WebPage","ItemPage"],"@id":"https:\/\/ecosupplements.be\/fr\/produit\/yango-omega-3-1000-mg-60-caps\/","url":"https:\/\/ecosupplements.be\/fr\/produit\/yango-omega-3-1000-mg-60-caps\/","name":"Om\u00e9ga 3 YANGO, 1000 mg (60 g\u00e9lules) - ECO Supplements","isPartOf":{"@id":"https:\/\/ecosupplements.be\/fr\/#website"},"primaryImageOfPage":{"@id":"https:\/\/ecosupplements.be\/fr\/produit\/yango-omega-3-1000-mg-60-caps\/#primaryimage"},"image":{"@id":"https:\/\/ecosupplements.be\/fr\/produit\/yango-omega-3-1000-mg-60-caps\/#primaryimage"},"thumbnailUrl":"https:\/\/ecosupplements.be\/wp-content\/uploads\/2025\/08\/YANGO-Omega-3-1000-mg-60-caps.jpg","datePublished":"2025-07-28T01:31:23+00:00","dateModified":"2025-08-28T03:26:18+00:00","description":"Wij hebben een ruime keuze aan producten van Om\u00e9ga 3 YANGO, 1000 mg (60 g\u00e9lules) . Winkel bij Eco Supplements altijd gratis verzending boven 100\u20ac","breadcrumb":{"@id":"https:\/\/ecosupplements.be\/fr\/produit\/yango-omega-3-1000-mg-60-caps\/#breadcrumb"},"inLanguage":"fr-FR","potentialAction":[{"@type":"ReadAction","target":["https:\/\/ecosupplements.be\/fr\/produit\/yango-omega-3-1000-mg-60-caps\/"]}]},{"@type":"ImageObject","inLanguage":"fr-FR","@id":"https:\/\/ecosupplements.be\/fr\/produit\/yango-omega-3-1000-mg-60-caps\/#primaryimage","url":"https:\/\/ecosupplements.be\/wp-content\/uploads\/2025\/08\/YANGO-Omega-3-1000-mg-60-caps.jpg","contentUrl":"https:\/\/ecosupplements.be\/wp-content\/uploads\/2025\/08\/YANGO-Omega-3-1000-mg-60-caps.jpg","width":1000,"height":1243},{"@type":"BreadcrumbList","@id":"https:\/\/ecosupplements.be\/fr\/produit\/yango-omega-3-1000-mg-60-caps\/#breadcrumb","itemListElement":[{"@type":"ListItem","position":1,"name":"Home","item":"https:\/\/ecosupplements.be\/fr\/"},{"@type":"ListItem","position":2,"name":"Boutique","item":"https:\/\/ecosupplements.be\/fr\/boutique\/"},{"@type":"ListItem","position":3,"name":"Om\u00e9ga 3 YANGO, 1000 mg (60 g\u00e9lules)"}]},{"@type":"WebSite","@id":"https:\/\/ecosupplements.be\/fr\/#website","url":"https:\/\/ecosupplements.be\/fr\/","name":"ECO Supplements","description":"Eco Supplements - Gezonde supplementen","publisher":{"@id":"https:\/\/ecosupplements.be\/fr\/#organization"},"potentialAction":[{"@type":"SearchAction","target":{"@type":"EntryPoint","urlTemplate":"https:\/\/ecosupplements.be\/fr\/?s={search_term_string}"},"query-input":{"@type":"PropertyValueSpecification","valueRequired":true,"valueName":"search_term_string"}}],"inLanguage":"fr-FR"},{"@type":"Organization","@id":"https:\/\/ecosupplements.be\/fr\/#organization","name":"Eco Supplements","url":"https:\/\/ecosupplements.be\/fr\/","logo":{"@type":"ImageObject","inLanguage":"fr-FR","@id":"https:\/\/ecosupplements.be\/fr\/#\/schema\/logo\/image\/","url":"https:\/\/ecosupplements.be\/wp-content\/uploads\/2022\/06\/ecosupplement-family.png","contentUrl":"https:\/\/ecosupplements.be\/wp-content\/uploads\/2022\/06\/ecosupplement-family.png","width":593,"height":374,"caption":"Eco Supplements"},"image":{"@id":"https:\/\/ecosupplements.be\/fr\/#\/schema\/logo\/image\/"}}]},"product_brand":"Yango","product_price_amount":"8.52","product_price_currency":"EUR","og_availability":"instock","product_availability":"instock","product_retailer_item_id":"5904194064044","product_condition":"new"},"_links":{"self":[{"href":"https:\/\/ecosupplements.be\/fr\/wp-json\/wp\/v2\/product\/304825","targetHints":{"allow":["GET"]}}],"collection":[{"href":"https:\/\/ecosupplements.be\/fr\/wp-json\/wp\/v2\/product"}],"about":[{"href":"https:\/\/ecosupplements.be\/fr\/wp-json\/wp\/v2\/types\/product"}],"replies":[{"embeddable":true,"href":"https:\/\/ecosupplements.be\/fr\/wp-json\/wp\/v2\/comments?post=304825"}],"wp:featuredmedia":[{"embeddable":true,"href":"https:\/\/ecosupplements.be\/fr\/wp-json\/wp\/v2\/media\/278964"}],"wp:attachment":[{"href":"https:\/\/ecosupplements.be\/fr\/wp-json\/wp\/v2\/media?parent=304825"}],"wp:term":[{"taxonomy":"product_brand","embeddable":true,"href":"https:\/\/ecosupplements.be\/fr\/wp-json\/wp\/v2\/product_brand?post=304825"},{"taxonomy":"product_cat","embeddable":true,"href":"https:\/\/ecosupplements.be\/fr\/wp-json\/wp\/v2\/product_cat?post=304825"},{"taxonomy":"product_tag","embeddable":true,"href":"https:\/\/ecosupplements.be\/fr\/wp-json\/wp\/v2\/product_tag?post=304825"}],"curies":[{"name":"wp","href":"https:\/\/api.w.org\/{rel}","templated":true}]}}