{"id":304849,"date":"2025-07-28T02:46:09","date_gmt":"2025-07-28T01:46:09","guid":{"rendered":"https:\/\/ecosupplements.be\/product\/yango-saw-palmetto-with-cordyceps-100-caps\/"},"modified":"2025-08-28T04:27:02","modified_gmt":"2025-08-28T03:27:02","slug":"yango-saw-palmetto-with-cordyceps-100-caps","status":"publish","type":"product","link":"https:\/\/ecosupplements.be\/fr\/produit\/yango-saw-palmetto-with-cordyceps-100-caps\/","title":{"rendered":"Sabal avec cordyceps (100 g\u00e9lules)"},"content":{"rendered":"<p>Ekstrakt z owoc\u00f3w palmy saba\u0142owej po\u0142\u0105czony z kordycepsem to suplement stworzony z my\u015bl\u0105 o m\u0119skiej sprawno\u015bci i witalno\u015bci. Zadbaj o zdrowie prostaty oraz energi\u0119 seksualn\u0105. Kwasy t\u0142uszczowe zawarte w palmie saba\u0142owej wspomagaj\u0105 prawid\u0142ow\u0105 prac\u0119 uk\u0142adu moczowego. Palma saba\u0142owa wykazuje r\u00f3wnie\u017c potencja\u0142 przeciwzapalny i przeciw obrz\u0119kowy. Zawarty kordyceps pomaga zachowa\u0107 odpowiedni poziom testosteronu w organizmie, jest te\u017c silnym afrodyzjakiem.<\/p>\n<table>\n<tbody>\n<tr>\n<td><img loading=\"lazy\" decoding=\"async\" src=\"https:\/\/ecosupplements.be\/wp-content\/uploads\/2025\/08\/Tick24pxH-1.png\" alt=\"\" width=\"22\" height=\"24\" \/><\/td>\n<td>560 mg ekstraktu z palmy saba\u0142owej w dawce dziennej<\/td>\n<\/tr>\n<tr>\n<td><img loading=\"lazy\" decoding=\"async\" src=\"https:\/\/ecosupplements.be\/wp-content\/uploads\/2025\/08\/Tick24pxH-1.png\" alt=\"\" width=\"22\" height=\"24\" \/><\/td>\n<td>Prawie 252 mg cennych kwas\u00f3w t\u0142uszczowych w dawce dziennej<\/td>\n<\/tr>\n<tr>\n<td><img loading=\"lazy\" decoding=\"async\" src=\"https:\/\/ecosupplements.be\/wp-content\/uploads\/2025\/08\/Tick24pxH-1.png\" alt=\"\" width=\"22\" height=\"24\" \/><\/td>\n<td>Skuteczne wsparcie m\u0119skiej sprawno\u015bci i witalno\u015bci<\/td>\n<\/tr>\n<tr>\n<td><img loading=\"lazy\" decoding=\"async\" src=\"https:\/\/ecosupplements.be\/wp-content\/uploads\/2025\/08\/Tick24pxH-1.png\" alt=\"\" width=\"22\" height=\"24\" \/><\/td>\n<td>Bez dodatk\u00f3w i wype\u0142niaczy<\/td>\n<\/tr>\n<tr>\n<td><img loading=\"lazy\" decoding=\"async\" src=\"https:\/\/ecosupplements.be\/wp-content\/uploads\/2025\/08\/Tick24pxH-1.png\" alt=\"\" width=\"22\" height=\"24\" \/><\/td>\n<td>Kapsu\u0142ki ro\u015blinne, delikatne dla \u017co\u0142\u0105dka, przyjazne wegetarianom i weganom<\/td>\n<\/tr>\n<\/tbody>\n<\/table>\n<h3><span style=\"color:#91192d\"><br \/>JAKO\u015a\u0106, KT\u00d3RA CZYNI CUDA.<\/span><\/h3>\n<table border=\"1\">\n<tbody>\n<tr>\n<td><strong>Sk\u0142adnik aktywny<\/strong><\/td>\n<td><strong>1 kapsu\u0142ka<\/strong><\/td>\n<td><strong>2 kapsu\u0142ki<\/strong><\/td>\n<\/tr>\n<tr>\n<td>Ekstrakt z Palmy saba\u0142owej<\/td>\n<td>280 mg<\/td>\n<td>560 mg<\/td>\n<\/tr>\n<tr>\n<td>\u00a0w tym kwasy t\u0142uszczowe (45%)<\/td>\n<td>126 mg<\/td>\n<td>252 mg<\/td>\n<\/tr>\n<tr>\n<td>Ekstrakt z grzyba kordyceps<\/td>\n<td>50 mg<\/td>\n<td>100 mg<\/td>\n<\/tr>\n<tr>\n<td>\u00a0w tym polisacharydy (10%)<\/td>\n<td>5 mg<\/td>\n<td>10 mg<\/td>\n<\/tr>\n<tr>\n<td><strong>Pozosta\u0142e informacje<\/strong><\/td>\n<td><\/td>\n<td><\/td>\n<\/tr>\n<tr>\n<td>Kapsu\u0142ek w opakowaniu<\/td>\n<td>100 kapsu\u0142ek<\/td>\n<td><\/td>\n<\/tr>\n<tr>\n<td>Rodzaj kapsu\u0142ek<\/td>\n<td>Ro\u015blinne<\/td>\n<td><\/td>\n<\/tr>\n<tr>\n<td>Sugerowana dawka dzienna<\/td>\n<td>1 kapsu\u0142ka 1-2 razy dziennie<\/td>\n<td><\/td>\n<\/tr>\n<tr>\n<td>1 opakowanie wystarcza na<\/td>\n<td>50-100 dni<\/td>\n<td><\/td>\n<\/tr>\n<\/tbody>\n<\/table>\n<p><strong>Spos\u00f3b u\u017cycia:<\/strong> 1 kapsu\u0142ka 1-2 razy dziennie po posi\u0142ku.<\/p>\n<p>Sk\u0142adniki: ekstrakt z owoc\u00f3w palmy saba\u0142owej <em>(Serenoa repens)<\/em> standaryzowany na zawarto\u015b\u0107 min. 45% kwas\u00f3w t\u0142uszczowych, ekstrakt z grzyba kordyceps <em>(Cordyceps sinensis)<\/em> standaryzowany na zawarto\u015b\u0107 min. 10% polisacharyd\u00f3w. ; kapsu\u0142ka: celuloza ro\u015blinna.<\/p>\n<p>Informacja: Suplement diety nie mo\u017ce by\u0107 stosowany jako substytut zr\u00f3\u017cnicowanej diety i zdrowego trybu \u017cycia. Przechowywa\u0107 w ciemnym i suchym miejscu w temperaturze pokojowej, w spos\u00f3b niedost\u0119pny dla ma\u0142ych dzieci. Osoby przyjmuj\u0105ce leki przed u\u017cyciem powinny skonsultowa\u0107 si\u0119 z lekarzem lub farmaceut\u0105. Niewskazane ma\u0142ym dzieciom, kobietom w ci\u0105\u017cy oraz karmi\u0105cym. Wyprodukowano w Unii Europejskiej. Podmiot odpowiedzialny: YANGO Sp. z o.o. Masa netto:\u00a028 g.<\/p>\n<p>Informacja alergiczna: produkt nie zawiera glutenu, cukru, sk\u0142adnik\u00f3w mlecznych, soli spo\u017cywczej, kukurydzy, skorupiak\u00f3w, pszenicy, soi.<br \/>Produkowane bez u\u017cycia sztucznych substancji konserwuj\u0105cych, zapachowych lub barwi\u0105cych.<br \/>Produkt wolny od metali ci\u0119\u017ckich, takich jak arsen, kadm, o\u0142\u00f3w czy rt\u0119\u0107.<\/p>\n","protected":false},"excerpt":{"rendered":"<p>Ekstrakt z owoc\u00f3w palmy saba\u0142owej po\u0142\u0105czony z kordycepsem to suplement stworzony z my\u015bl\u0105 o m\u0119skiej sprawno\u015bci i witalno\u015bci. Zadbaj o zdrowie prostaty oraz energi\u0119 seksualn\u0105. Kwasy t\u0142uszczowe zawarte w palmie saba\u0142owej wspomagaj\u0105 prawid\u0142ow\u0105 prac\u0119 uk\u0142adu moczowego. Palma saba\u0142owa wykazuje r\u00f3wnie\u017c potencja\u0142 przeciwzapalny i przeciw obrz\u0119kowy. Zawarty kordyceps pomaga zachowa\u0107 odpowiedni poziom testosteronu w organizmie, jest [&#8230;]\n","protected":false},"featured_media":278988,"comment_status":"closed","ping_status":"open","template":"","meta":[],"product_brand":[5393],"product_cat":[5052,5094,5053],"product_tag":[],"class_list":{"0":"post-304849","1":"product","2":"type-product","3":"status-publish","4":"has-post-thumbnail","6":"product_brand-yango-2","7":"product_cat-sante-et-bien-etre","8":"product_cat-supplements-a-base-de-plantes","9":"product_cat-vitamines-et-mineraux","11":"first","12":"instock","13":"taxable","14":"shipping-taxable","15":"purchasable","16":"product-type-simple"},"yoast_head":"<!-- This site is optimized with the Yoast SEO Premium plugin v27.3 (Yoast SEO v27.3) - https:\/\/yoast.com\/product\/yoast-seo-premium-wordpress\/ -->\n<title>Sabal avec cordyceps (100 g\u00e9lules) - ECO Supplements<\/title>\n<meta name=\"description\" content=\"Wij hebben een ruime keuze aan producten van Sabal avec cordyceps (100 g\u00e9lules) . Winkel bij Eco Supplements altijd gratis verzending boven 100\u20ac\" \/>\n<meta name=\"robots\" content=\"index, follow, max-snippet:-1, max-image-preview:large, max-video-preview:-1\" \/>\n<link rel=\"canonical\" href=\"https:\/\/ecosupplements.be\/fr\/produit\/yango-saw-palmetto-with-cordyceps-100-caps\/\" \/>\n<meta property=\"og:locale\" content=\"fr_FR\" \/>\n<meta property=\"og:type\" content=\"article\" \/>\n<meta property=\"og:title\" content=\"Sabal avec cordyceps (100 g\u00e9lules)\" \/>\n<meta property=\"og:description\" content=\"Wij hebben een ruime keuze aan producten van Sabal avec cordyceps (100 g\u00e9lules) . Winkel bij Eco Supplements altijd gratis verzending boven 100\u20ac\" \/>\n<meta property=\"og:url\" content=\"https:\/\/ecosupplements.be\/fr\/produit\/yango-saw-palmetto-with-cordyceps-100-caps\/\" \/>\n<meta property=\"og:site_name\" content=\"ECO Supplements\" \/>\n<meta property=\"article:modified_time\" content=\"2025-08-28T03:27:02+00:00\" \/>\n<meta property=\"og:image\" content=\"https:\/\/ecosupplements.be\/wp-content\/uploads\/2025\/08\/YANGO-Saw-palmetto-with-cordyceps-100-caps.jpg\" \/>\n\t<meta property=\"og:image:width\" content=\"800\" \/>\n\t<meta property=\"og:image:height\" content=\"800\" \/>\n\t<meta property=\"og:image:type\" content=\"image\/jpeg\" \/>\n<meta name=\"twitter:card\" content=\"summary_large_image\" \/>\n<meta name=\"twitter:label1\" content=\"Prix\" \/>\n\t<meta name=\"twitter:data1\" content=\"12.65&nbsp;&euro;\" \/>\n\t<meta name=\"twitter:label2\" content=\"Disponibilit\u00e9\" \/>\n\t<meta name=\"twitter:data2\" content=\"En stock\" \/>\n<script type=\"application\/ld+json\" class=\"yoast-schema-graph\">{\"@context\":\"https:\\\/\\\/schema.org\",\"@graph\":[{\"@type\":[\"WebPage\",\"ItemPage\"],\"@id\":\"https:\\\/\\\/ecosupplements.be\\\/fr\\\/produit\\\/yango-saw-palmetto-with-cordyceps-100-caps\\\/\",\"url\":\"https:\\\/\\\/ecosupplements.be\\\/fr\\\/produit\\\/yango-saw-palmetto-with-cordyceps-100-caps\\\/\",\"name\":\"Sabal avec cordyceps (100 g\u00e9lules) - ECO Supplements\",\"isPartOf\":{\"@id\":\"https:\\\/\\\/ecosupplements.be\\\/fr\\\/#website\"},\"primaryImageOfPage\":{\"@id\":\"https:\\\/\\\/ecosupplements.be\\\/fr\\\/produit\\\/yango-saw-palmetto-with-cordyceps-100-caps\\\/#primaryimage\"},\"image\":{\"@id\":\"https:\\\/\\\/ecosupplements.be\\\/fr\\\/produit\\\/yango-saw-palmetto-with-cordyceps-100-caps\\\/#primaryimage\"},\"thumbnailUrl\":\"https:\\\/\\\/ecosupplements.be\\\/wp-content\\\/uploads\\\/2025\\\/08\\\/YANGO-Saw-palmetto-with-cordyceps-100-caps.jpg\",\"datePublished\":\"2025-07-28T01:46:09+00:00\",\"dateModified\":\"2025-08-28T03:27:02+00:00\",\"description\":\"Wij hebben een ruime keuze aan producten van Sabal avec cordyceps (100 g\u00e9lules) . Winkel bij Eco Supplements altijd gratis verzending boven 100\u20ac\",\"breadcrumb\":{\"@id\":\"https:\\\/\\\/ecosupplements.be\\\/fr\\\/produit\\\/yango-saw-palmetto-with-cordyceps-100-caps\\\/#breadcrumb\"},\"inLanguage\":\"fr-FR\",\"potentialAction\":[{\"@type\":\"ReadAction\",\"target\":[\"https:\\\/\\\/ecosupplements.be\\\/fr\\\/produit\\\/yango-saw-palmetto-with-cordyceps-100-caps\\\/\"]}]},{\"@type\":\"ImageObject\",\"inLanguage\":\"fr-FR\",\"@id\":\"https:\\\/\\\/ecosupplements.be\\\/fr\\\/produit\\\/yango-saw-palmetto-with-cordyceps-100-caps\\\/#primaryimage\",\"url\":\"https:\\\/\\\/ecosupplements.be\\\/wp-content\\\/uploads\\\/2025\\\/08\\\/YANGO-Saw-palmetto-with-cordyceps-100-caps.jpg\",\"contentUrl\":\"https:\\\/\\\/ecosupplements.be\\\/wp-content\\\/uploads\\\/2025\\\/08\\\/YANGO-Saw-palmetto-with-cordyceps-100-caps.jpg\",\"width\":800,\"height\":800},{\"@type\":\"BreadcrumbList\",\"@id\":\"https:\\\/\\\/ecosupplements.be\\\/fr\\\/produit\\\/yango-saw-palmetto-with-cordyceps-100-caps\\\/#breadcrumb\",\"itemListElement\":[{\"@type\":\"ListItem\",\"position\":1,\"name\":\"Home\",\"item\":\"https:\\\/\\\/ecosupplements.be\\\/fr\\\/\"},{\"@type\":\"ListItem\",\"position\":2,\"name\":\"Boutique\",\"item\":\"https:\\\/\\\/ecosupplements.be\\\/fr\\\/boutique\\\/\"},{\"@type\":\"ListItem\",\"position\":3,\"name\":\"Sabal avec cordyceps (100 g\u00e9lules)\"}]},{\"@type\":\"WebSite\",\"@id\":\"https:\\\/\\\/ecosupplements.be\\\/fr\\\/#website\",\"url\":\"https:\\\/\\\/ecosupplements.be\\\/fr\\\/\",\"name\":\"ECO Supplements\",\"description\":\"Eco Supplements - Gezonde supplementen\",\"publisher\":{\"@id\":\"https:\\\/\\\/ecosupplements.be\\\/fr\\\/#organization\"},\"potentialAction\":[{\"@type\":\"SearchAction\",\"target\":{\"@type\":\"EntryPoint\",\"urlTemplate\":\"https:\\\/\\\/ecosupplements.be\\\/fr\\\/?s={search_term_string}\"},\"query-input\":{\"@type\":\"PropertyValueSpecification\",\"valueRequired\":true,\"valueName\":\"search_term_string\"}}],\"inLanguage\":\"fr-FR\"},{\"@type\":\"Organization\",\"@id\":\"https:\\\/\\\/ecosupplements.be\\\/fr\\\/#organization\",\"name\":\"Eco Supplements\",\"url\":\"https:\\\/\\\/ecosupplements.be\\\/fr\\\/\",\"logo\":{\"@type\":\"ImageObject\",\"inLanguage\":\"fr-FR\",\"@id\":\"https:\\\/\\\/ecosupplements.be\\\/fr\\\/#\\\/schema\\\/logo\\\/image\\\/\",\"url\":\"https:\\\/\\\/ecosupplements.be\\\/wp-content\\\/uploads\\\/2022\\\/06\\\/ecosupplement-family.png\",\"contentUrl\":\"https:\\\/\\\/ecosupplements.be\\\/wp-content\\\/uploads\\\/2022\\\/06\\\/ecosupplement-family.png\",\"width\":593,\"height\":374,\"caption\":\"Eco Supplements\"},\"image\":{\"@id\":\"https:\\\/\\\/ecosupplements.be\\\/fr\\\/#\\\/schema\\\/logo\\\/image\\\/\"}}]}<\/script>\n<meta property=\"product:brand\" content=\"Yango\" \/>\n<meta property=\"product:price:amount\" content=\"12.65\" \/>\n<meta property=\"product:price:currency\" content=\"EUR\" \/>\n<meta property=\"og:availability\" content=\"instock\" \/>\n<meta property=\"product:availability\" content=\"instock\" \/>\n<meta property=\"product:retailer_item_id\" content=\"5904194063108\" \/>\n<meta property=\"product:condition\" content=\"new\" \/>\n<!-- \/ Yoast SEO Premium plugin. -->","yoast_head_json":{"title":"Sabal avec cordyceps (100 g\u00e9lules) - ECO Supplements","description":"Wij hebben een ruime keuze aan producten van Sabal avec cordyceps (100 g\u00e9lules) . Winkel bij Eco Supplements altijd gratis verzending boven 100\u20ac","robots":{"index":"index","follow":"follow","max-snippet":"max-snippet:-1","max-image-preview":"max-image-preview:large","max-video-preview":"max-video-preview:-1"},"canonical":"https:\/\/ecosupplements.be\/fr\/produit\/yango-saw-palmetto-with-cordyceps-100-caps\/","og_locale":"fr_FR","og_type":"article","og_title":"Sabal avec cordyceps (100 g\u00e9lules)","og_description":"Wij hebben een ruime keuze aan producten van Sabal avec cordyceps (100 g\u00e9lules) . Winkel bij Eco Supplements altijd gratis verzending boven 100\u20ac","og_url":"https:\/\/ecosupplements.be\/fr\/produit\/yango-saw-palmetto-with-cordyceps-100-caps\/","og_site_name":"ECO Supplements","article_modified_time":"2025-08-28T03:27:02+00:00","og_image":[{"width":800,"height":800,"url":"https:\/\/ecosupplements.be\/wp-content\/uploads\/2025\/08\/YANGO-Saw-palmetto-with-cordyceps-100-caps.jpg","type":"image\/jpeg"}],"twitter_card":"summary_large_image","twitter_misc":{"Prix":"12.65&nbsp;&euro;","Disponibilit\u00e9":"En stock"},"schema":{"@context":"https:\/\/schema.org","@graph":[{"@type":["WebPage","ItemPage"],"@id":"https:\/\/ecosupplements.be\/fr\/produit\/yango-saw-palmetto-with-cordyceps-100-caps\/","url":"https:\/\/ecosupplements.be\/fr\/produit\/yango-saw-palmetto-with-cordyceps-100-caps\/","name":"Sabal avec cordyceps (100 g\u00e9lules) - ECO Supplements","isPartOf":{"@id":"https:\/\/ecosupplements.be\/fr\/#website"},"primaryImageOfPage":{"@id":"https:\/\/ecosupplements.be\/fr\/produit\/yango-saw-palmetto-with-cordyceps-100-caps\/#primaryimage"},"image":{"@id":"https:\/\/ecosupplements.be\/fr\/produit\/yango-saw-palmetto-with-cordyceps-100-caps\/#primaryimage"},"thumbnailUrl":"https:\/\/ecosupplements.be\/wp-content\/uploads\/2025\/08\/YANGO-Saw-palmetto-with-cordyceps-100-caps.jpg","datePublished":"2025-07-28T01:46:09+00:00","dateModified":"2025-08-28T03:27:02+00:00","description":"Wij hebben een ruime keuze aan producten van Sabal avec cordyceps (100 g\u00e9lules) . Winkel bij Eco Supplements altijd gratis verzending boven 100\u20ac","breadcrumb":{"@id":"https:\/\/ecosupplements.be\/fr\/produit\/yango-saw-palmetto-with-cordyceps-100-caps\/#breadcrumb"},"inLanguage":"fr-FR","potentialAction":[{"@type":"ReadAction","target":["https:\/\/ecosupplements.be\/fr\/produit\/yango-saw-palmetto-with-cordyceps-100-caps\/"]}]},{"@type":"ImageObject","inLanguage":"fr-FR","@id":"https:\/\/ecosupplements.be\/fr\/produit\/yango-saw-palmetto-with-cordyceps-100-caps\/#primaryimage","url":"https:\/\/ecosupplements.be\/wp-content\/uploads\/2025\/08\/YANGO-Saw-palmetto-with-cordyceps-100-caps.jpg","contentUrl":"https:\/\/ecosupplements.be\/wp-content\/uploads\/2025\/08\/YANGO-Saw-palmetto-with-cordyceps-100-caps.jpg","width":800,"height":800},{"@type":"BreadcrumbList","@id":"https:\/\/ecosupplements.be\/fr\/produit\/yango-saw-palmetto-with-cordyceps-100-caps\/#breadcrumb","itemListElement":[{"@type":"ListItem","position":1,"name":"Home","item":"https:\/\/ecosupplements.be\/fr\/"},{"@type":"ListItem","position":2,"name":"Boutique","item":"https:\/\/ecosupplements.be\/fr\/boutique\/"},{"@type":"ListItem","position":3,"name":"Sabal avec cordyceps (100 g\u00e9lules)"}]},{"@type":"WebSite","@id":"https:\/\/ecosupplements.be\/fr\/#website","url":"https:\/\/ecosupplements.be\/fr\/","name":"ECO Supplements","description":"Eco Supplements - Gezonde supplementen","publisher":{"@id":"https:\/\/ecosupplements.be\/fr\/#organization"},"potentialAction":[{"@type":"SearchAction","target":{"@type":"EntryPoint","urlTemplate":"https:\/\/ecosupplements.be\/fr\/?s={search_term_string}"},"query-input":{"@type":"PropertyValueSpecification","valueRequired":true,"valueName":"search_term_string"}}],"inLanguage":"fr-FR"},{"@type":"Organization","@id":"https:\/\/ecosupplements.be\/fr\/#organization","name":"Eco Supplements","url":"https:\/\/ecosupplements.be\/fr\/","logo":{"@type":"ImageObject","inLanguage":"fr-FR","@id":"https:\/\/ecosupplements.be\/fr\/#\/schema\/logo\/image\/","url":"https:\/\/ecosupplements.be\/wp-content\/uploads\/2022\/06\/ecosupplement-family.png","contentUrl":"https:\/\/ecosupplements.be\/wp-content\/uploads\/2022\/06\/ecosupplement-family.png","width":593,"height":374,"caption":"Eco Supplements"},"image":{"@id":"https:\/\/ecosupplements.be\/fr\/#\/schema\/logo\/image\/"}}]},"product_brand":"Yango","product_price_amount":"12.65","product_price_currency":"EUR","og_availability":"instock","product_availability":"instock","product_retailer_item_id":"5904194063108","product_condition":"new"},"_links":{"self":[{"href":"https:\/\/ecosupplements.be\/fr\/wp-json\/wp\/v2\/product\/304849","targetHints":{"allow":["GET"]}}],"collection":[{"href":"https:\/\/ecosupplements.be\/fr\/wp-json\/wp\/v2\/product"}],"about":[{"href":"https:\/\/ecosupplements.be\/fr\/wp-json\/wp\/v2\/types\/product"}],"replies":[{"embeddable":true,"href":"https:\/\/ecosupplements.be\/fr\/wp-json\/wp\/v2\/comments?post=304849"}],"wp:featuredmedia":[{"embeddable":true,"href":"https:\/\/ecosupplements.be\/fr\/wp-json\/wp\/v2\/media\/278988"}],"wp:attachment":[{"href":"https:\/\/ecosupplements.be\/fr\/wp-json\/wp\/v2\/media?parent=304849"}],"wp:term":[{"taxonomy":"product_brand","embeddable":true,"href":"https:\/\/ecosupplements.be\/fr\/wp-json\/wp\/v2\/product_brand?post=304849"},{"taxonomy":"product_cat","embeddable":true,"href":"https:\/\/ecosupplements.be\/fr\/wp-json\/wp\/v2\/product_cat?post=304849"},{"taxonomy":"product_tag","embeddable":true,"href":"https:\/\/ecosupplements.be\/fr\/wp-json\/wp\/v2\/product_tag?post=304849"}],"curies":[{"name":"wp","href":"https:\/\/api.w.org\/{rel}","templated":true}]}}