{"id":304873,"date":"2025-07-28T03:15:12","date_gmt":"2025-07-28T02:15:12","guid":{"rendered":"https:\/\/ecosupplements.be\/product\/yango-probiotic-scb-10-with-prebiotic-90-caps\/"},"modified":"2025-08-28T04:27:46","modified_gmt":"2025-08-28T03:27:46","slug":"yango-probiotic-scb-10-with-prebiotic-90-caps","status":"publish","type":"product","link":"https:\/\/ecosupplements.be\/fr\/produit\/yango-probiotic-scb-10-with-prebiotic-90-caps\/","title":{"rendered":"YANGO Probiotique SCB-10 avec pr\u00e9biotique (90 g\u00e9lules)"},"content":{"rendered":"<h2>YANGO Probiotic SCB-10 avec pr\u00e9biotique (90 caps)<\/h2>\n<p><strong>Description :<\/strong> D\u00e9couvrez YANGO Probiotic SCB-10, un choix parfait pour ceux qui appr\u00e9cient les ingr\u00e9dients naturels dans un mode de vie sain.Ce produit est formul\u00e9 \u00e0 partir de levures <em>Saccharomyces cerevisiae var. Boulardii CNCM-3799<\/em> et d&#8217;inuline issue du racine de chicor\u00e9e, connue pour sa puret\u00e9 et son origine naturelle.<\/p>\n<p><strong>Ingr\u00e9dients principaux :<\/strong><\/p>\n<ul>\n<li>Lynside\u00ae Pro SCB (Saccharomyces cerevisiae var. Boulardii CNCM-3799)<\/li>\n<li>Inuline de chicor\u00e9e (Cichorium intybus)<\/li>\n<li>Emulsifiant : monost\u00e9arate de sorbitol<\/li>\n<\/ul>\n<table style=\"width:100%\" border=\"1\">\n<tbody>\n<tr style=\"text-align:center\">\n<td><strong>Ingr\u00e9dient actif<\/strong><\/td>\n<td><strong>1 capsule<\/strong><\/td>\n<td><strong>2 capsules<\/strong><\/td>\n<\/tr>\n<tr style=\"text-align:center\">\n<td>Lynside\u00ae Pro SCB Saccharomyces cerevisiae var.Boulardii CNCM-3799<\/td>\n<td>5 milliards CFU<\/td>\n<td>10 milliards CFU<\/td>\n<\/tr>\n<tr style=\"text-align:center\">\n<td>Inuline<\/td>\n<p>      &lt;<\/p>\n<td>150 mg<\/td>\n<p>       &lt;<\/p>\n<td>300 mg<\/td>\n<p>     <\/ tr ><br \/>\n   <\/ tbody ><br \/>\n<\/table>\n<p><strong> Utilisation :<\/strong> Prendre deux capsules par jour. Avaler avec une grande quantit\u00e9 d&#8217;eau apr\u00e8s le repas . Un compl\u00e9ment simple pour un usage quotidien .<\/p>\n<p><strong> Contenu et emballage :<\/strong> Bo\u00eete contenant 90 capsules ,pratique \u00e0 utiliser au quotidien.<\/p>\n<p><strong> Caract\u00e9ristiques pratiques :<\/strong> Ce produit se distingue par sa facilit\u00e9 d&#8217;utilisation et son format adapt\u00e9 \u00e0 la vie active moderne . Id\u00e9al pour int\u00e9grer dans votre routine quotidienne sans complication.<\/p>\n<p><em>Note:<\/em>Ce suppl\u00e9ment alimentaire ne doit pas \u00eatre utilis\u00e9 comme substitut \u00e0 une alimentation vari\u00e9e et \u00e9quilibr\u00e9e ni \u00e0 un mode de vie sain.<\/p>\n<p><em>Mise en garde:<\/em>Pour les personnes sous m\u00e9dication, il est conseill\u00e9 de consulter un professionnel de sant\u00e9 avant utilisation. Non recommand\u00e9 pour les enfants, les femmes enceintes ou allaitantes.<\/p>\n<p><Strong>Rangement:<\/Strong>Gardez le produit dans un endroit sec et sombre,hors port\u00e9e des enfants.&lt;\/p<\/p>\n","protected":false},"excerpt":{"rendered":"<p>YANGO Probiotic SCB-10 avec pr\u00e9biotique (90 caps) Description : D\u00e9couvrez YANGO Probiotic SCB-10, un choix parfait pour ceux qui appr\u00e9cient les ingr\u00e9dients naturels dans un mode de vie sain.Ce produit est formul\u00e9 \u00e0 partir de levures Saccharomyces cerevisiae var. Boulardii CNCM-3799 et d&#8217;inuline issue du racine de chicor\u00e9e, connue pour sa puret\u00e9 et son origine [&#8230;]\n","protected":false},"featured_media":279012,"comment_status":"closed","ping_status":"open","template":"","meta":[],"product_brand":[5393],"product_cat":[5086,5052,5053],"product_tag":[],"class_list":{"0":"post-304873","1":"product","2":"type-product","3":"status-publish","4":"has-post-thumbnail","6":"product_brand-yango-2","7":"product_cat-probiotiques","8":"product_cat-sante-et-bien-etre","9":"product_cat-vitamines-et-mineraux","11":"first","12":"instock","13":"taxable","14":"shipping-taxable","15":"purchasable","16":"product-type-simple"},"yoast_head":"<!-- This site is optimized with the Yoast SEO Premium plugin v27.5 (Yoast SEO v27.5) - https:\/\/yoast.com\/product\/yoast-seo-premium-wordpress\/ -->\n<title>YANGO Probiotique SCB-10 avec pr\u00e9biotique (90 g\u00e9lules) - ECO Supplements<\/title>\n<meta name=\"description\" content=\"Wij hebben een ruime keuze aan producten van YANGO Probiotique SCB-10 avec pr\u00e9biotique (90 g\u00e9lules) . Winkel bij Eco Supplements altijd gratis verzending boven 100\u20ac\" \/>\n<meta name=\"robots\" content=\"index, follow, max-snippet:-1, max-image-preview:large, max-video-preview:-1\" \/>\n<link rel=\"canonical\" href=\"https:\/\/ecosupplements.be\/fr\/produit\/yango-probiotic-scb-10-with-prebiotic-90-caps\/\" \/>\n<meta property=\"og:locale\" content=\"fr_FR\" \/>\n<meta property=\"og:type\" content=\"article\" \/>\n<meta property=\"og:title\" content=\"YANGO Probiotique SCB-10 avec pr\u00e9biotique (90 g\u00e9lules)\" \/>\n<meta property=\"og:description\" content=\"Wij hebben een ruime keuze aan producten van YANGO Probiotique SCB-10 avec pr\u00e9biotique (90 g\u00e9lules) . Winkel bij Eco Supplements altijd gratis verzending boven 100\u20ac\" \/>\n<meta property=\"og:url\" content=\"https:\/\/ecosupplements.be\/fr\/produit\/yango-probiotic-scb-10-with-prebiotic-90-caps\/\" \/>\n<meta property=\"og:site_name\" content=\"ECO Supplements\" \/>\n<meta property=\"article:modified_time\" content=\"2025-08-28T03:27:46+00:00\" \/>\n<meta property=\"og:image\" content=\"https:\/\/ecosupplements.be\/wp-content\/uploads\/2025\/08\/Yango-YANGO-Probiotic-SCB-10-with-prebiotic-90-caps.jpg\" \/>\n\t<meta property=\"og:image:width\" content=\"800\" \/>\n\t<meta property=\"og:image:height\" content=\"800\" \/>\n\t<meta property=\"og:image:type\" content=\"image\/jpeg\" \/>\n<meta name=\"twitter:card\" content=\"summary_large_image\" \/>\n<meta name=\"twitter:label1\" content=\"Prix\" \/>\n\t<meta name=\"twitter:data1\" content=\"21.93&nbsp;&euro;\" \/>\n\t<meta name=\"twitter:label2\" content=\"Disponibilit\u00e9\" \/>\n\t<meta name=\"twitter:data2\" content=\"En stock\" \/>\n<script type=\"application\/ld+json\" class=\"yoast-schema-graph\">{\"@context\":\"https:\\\/\\\/schema.org\",\"@graph\":[{\"@type\":[\"WebPage\",\"ItemPage\"],\"@id\":\"https:\\\/\\\/ecosupplements.be\\\/fr\\\/produit\\\/yango-probiotic-scb-10-with-prebiotic-90-caps\\\/\",\"url\":\"https:\\\/\\\/ecosupplements.be\\\/fr\\\/produit\\\/yango-probiotic-scb-10-with-prebiotic-90-caps\\\/\",\"name\":\"YANGO Probiotique SCB-10 avec pr\u00e9biotique (90 g\u00e9lules) - ECO Supplements\",\"isPartOf\":{\"@id\":\"https:\\\/\\\/ecosupplements.be\\\/fr\\\/#website\"},\"primaryImageOfPage\":{\"@id\":\"https:\\\/\\\/ecosupplements.be\\\/fr\\\/produit\\\/yango-probiotic-scb-10-with-prebiotic-90-caps\\\/#primaryimage\"},\"image\":{\"@id\":\"https:\\\/\\\/ecosupplements.be\\\/fr\\\/produit\\\/yango-probiotic-scb-10-with-prebiotic-90-caps\\\/#primaryimage\"},\"thumbnailUrl\":\"https:\\\/\\\/ecosupplements.be\\\/wp-content\\\/uploads\\\/2025\\\/08\\\/YANGO-Probiotic-SCB-10-with-prebiotic-90-caps.jpg\",\"datePublished\":\"2025-07-28T02:15:12+00:00\",\"dateModified\":\"2025-08-28T03:27:46+00:00\",\"description\":\"Wij hebben een ruime keuze aan producten van YANGO Probiotique SCB-10 avec pr\u00e9biotique (90 g\u00e9lules) . Winkel bij Eco Supplements altijd gratis verzending boven 100\u20ac\",\"breadcrumb\":{\"@id\":\"https:\\\/\\\/ecosupplements.be\\\/fr\\\/produit\\\/yango-probiotic-scb-10-with-prebiotic-90-caps\\\/#breadcrumb\"},\"inLanguage\":\"fr-FR\",\"potentialAction\":[{\"@type\":\"ReadAction\",\"target\":[\"https:\\\/\\\/ecosupplements.be\\\/fr\\\/produit\\\/yango-probiotic-scb-10-with-prebiotic-90-caps\\\/\"]}]},{\"@type\":\"ImageObject\",\"inLanguage\":\"fr-FR\",\"@id\":\"https:\\\/\\\/ecosupplements.be\\\/fr\\\/produit\\\/yango-probiotic-scb-10-with-prebiotic-90-caps\\\/#primaryimage\",\"url\":\"https:\\\/\\\/ecosupplements.be\\\/wp-content\\\/uploads\\\/2025\\\/08\\\/YANGO-Probiotic-SCB-10-with-prebiotic-90-caps.jpg\",\"contentUrl\":\"https:\\\/\\\/ecosupplements.be\\\/wp-content\\\/uploads\\\/2025\\\/08\\\/YANGO-Probiotic-SCB-10-with-prebiotic-90-caps.jpg\",\"width\":800,\"height\":800},{\"@type\":\"BreadcrumbList\",\"@id\":\"https:\\\/\\\/ecosupplements.be\\\/fr\\\/produit\\\/yango-probiotic-scb-10-with-prebiotic-90-caps\\\/#breadcrumb\",\"itemListElement\":[{\"@type\":\"ListItem\",\"position\":1,\"name\":\"Home\",\"item\":\"https:\\\/\\\/ecosupplements.be\\\/fr\\\/\"},{\"@type\":\"ListItem\",\"position\":2,\"name\":\"Boutique\",\"item\":\"https:\\\/\\\/ecosupplements.be\\\/fr\\\/boutique\\\/\"},{\"@type\":\"ListItem\",\"position\":3,\"name\":\"YANGO Probiotique SCB-10 avec pr\u00e9biotique (90 g\u00e9lules)\"}]},{\"@type\":\"WebSite\",\"@id\":\"https:\\\/\\\/ecosupplements.be\\\/fr\\\/#website\",\"url\":\"https:\\\/\\\/ecosupplements.be\\\/fr\\\/\",\"name\":\"ECO Supplements\",\"description\":\"Eco Supplements - Gezonde supplementen\",\"publisher\":{\"@id\":\"https:\\\/\\\/ecosupplements.be\\\/fr\\\/#organization\"},\"potentialAction\":[{\"@type\":\"SearchAction\",\"target\":{\"@type\":\"EntryPoint\",\"urlTemplate\":\"https:\\\/\\\/ecosupplements.be\\\/fr\\\/?s={search_term_string}\"},\"query-input\":{\"@type\":\"PropertyValueSpecification\",\"valueRequired\":true,\"valueName\":\"search_term_string\"}}],\"inLanguage\":\"fr-FR\"},{\"@type\":\"Organization\",\"@id\":\"https:\\\/\\\/ecosupplements.be\\\/fr\\\/#organization\",\"name\":\"Eco Supplements\",\"url\":\"https:\\\/\\\/ecosupplements.be\\\/fr\\\/\",\"logo\":{\"@type\":\"ImageObject\",\"inLanguage\":\"fr-FR\",\"@id\":\"https:\\\/\\\/ecosupplements.be\\\/fr\\\/#\\\/schema\\\/logo\\\/image\\\/\",\"url\":\"https:\\\/\\\/ecosupplements.be\\\/wp-content\\\/uploads\\\/2022\\\/06\\\/ecosupplement-family.png\",\"contentUrl\":\"https:\\\/\\\/ecosupplements.be\\\/wp-content\\\/uploads\\\/2022\\\/06\\\/ecosupplement-family.png\",\"width\":593,\"height\":374,\"caption\":\"Eco Supplements\"},\"image\":{\"@id\":\"https:\\\/\\\/ecosupplements.be\\\/fr\\\/#\\\/schema\\\/logo\\\/image\\\/\"}}]}<\/script>\n<meta property=\"product:brand\" content=\"Yango\" \/>\n<meta property=\"product:price:amount\" content=\"21.93\" \/>\n<meta property=\"product:price:currency\" content=\"EUR\" \/>\n<meta property=\"og:availability\" content=\"instock\" \/>\n<meta property=\"product:availability\" content=\"instock\" \/>\n<meta property=\"product:retailer_item_id\" content=\"5904194061906\" \/>\n<meta property=\"product:condition\" content=\"new\" \/>\n<!-- \/ Yoast SEO Premium plugin. -->","yoast_head_json":{"title":"YANGO Probiotique SCB-10 avec pr\u00e9biotique (90 g\u00e9lules) - ECO Supplements","description":"Wij hebben een ruime keuze aan producten van YANGO Probiotique SCB-10 avec pr\u00e9biotique (90 g\u00e9lules) . Winkel bij Eco Supplements altijd gratis verzending boven 100\u20ac","robots":{"index":"index","follow":"follow","max-snippet":"max-snippet:-1","max-image-preview":"max-image-preview:large","max-video-preview":"max-video-preview:-1"},"canonical":"https:\/\/ecosupplements.be\/fr\/produit\/yango-probiotic-scb-10-with-prebiotic-90-caps\/","og_locale":"fr_FR","og_type":"article","og_title":"YANGO Probiotique SCB-10 avec pr\u00e9biotique (90 g\u00e9lules)","og_description":"Wij hebben een ruime keuze aan producten van YANGO Probiotique SCB-10 avec pr\u00e9biotique (90 g\u00e9lules) . Winkel bij Eco Supplements altijd gratis verzending boven 100\u20ac","og_url":"https:\/\/ecosupplements.be\/fr\/produit\/yango-probiotic-scb-10-with-prebiotic-90-caps\/","og_site_name":"ECO Supplements","article_modified_time":"2025-08-28T03:27:46+00:00","og_image":[{"width":800,"height":800,"url":"https:\/\/ecosupplements.be\/wp-content\/uploads\/2025\/08\/Yango-YANGO-Probiotic-SCB-10-with-prebiotic-90-caps.jpg","type":"image\/jpeg"}],"twitter_card":"summary_large_image","twitter_misc":{"Prix":"21.93&nbsp;&euro;","Disponibilit\u00e9":"En stock"},"schema":{"@context":"https:\/\/schema.org","@graph":[{"@type":["WebPage","ItemPage"],"@id":"https:\/\/ecosupplements.be\/fr\/produit\/yango-probiotic-scb-10-with-prebiotic-90-caps\/","url":"https:\/\/ecosupplements.be\/fr\/produit\/yango-probiotic-scb-10-with-prebiotic-90-caps\/","name":"YANGO Probiotique SCB-10 avec pr\u00e9biotique (90 g\u00e9lules) - ECO Supplements","isPartOf":{"@id":"https:\/\/ecosupplements.be\/fr\/#website"},"primaryImageOfPage":{"@id":"https:\/\/ecosupplements.be\/fr\/produit\/yango-probiotic-scb-10-with-prebiotic-90-caps\/#primaryimage"},"image":{"@id":"https:\/\/ecosupplements.be\/fr\/produit\/yango-probiotic-scb-10-with-prebiotic-90-caps\/#primaryimage"},"thumbnailUrl":"https:\/\/ecosupplements.be\/wp-content\/uploads\/2025\/08\/YANGO-Probiotic-SCB-10-with-prebiotic-90-caps.jpg","datePublished":"2025-07-28T02:15:12+00:00","dateModified":"2025-08-28T03:27:46+00:00","description":"Wij hebben een ruime keuze aan producten van YANGO Probiotique SCB-10 avec pr\u00e9biotique (90 g\u00e9lules) . Winkel bij Eco Supplements altijd gratis verzending boven 100\u20ac","breadcrumb":{"@id":"https:\/\/ecosupplements.be\/fr\/produit\/yango-probiotic-scb-10-with-prebiotic-90-caps\/#breadcrumb"},"inLanguage":"fr-FR","potentialAction":[{"@type":"ReadAction","target":["https:\/\/ecosupplements.be\/fr\/produit\/yango-probiotic-scb-10-with-prebiotic-90-caps\/"]}]},{"@type":"ImageObject","inLanguage":"fr-FR","@id":"https:\/\/ecosupplements.be\/fr\/produit\/yango-probiotic-scb-10-with-prebiotic-90-caps\/#primaryimage","url":"https:\/\/ecosupplements.be\/wp-content\/uploads\/2025\/08\/YANGO-Probiotic-SCB-10-with-prebiotic-90-caps.jpg","contentUrl":"https:\/\/ecosupplements.be\/wp-content\/uploads\/2025\/08\/YANGO-Probiotic-SCB-10-with-prebiotic-90-caps.jpg","width":800,"height":800},{"@type":"BreadcrumbList","@id":"https:\/\/ecosupplements.be\/fr\/produit\/yango-probiotic-scb-10-with-prebiotic-90-caps\/#breadcrumb","itemListElement":[{"@type":"ListItem","position":1,"name":"Home","item":"https:\/\/ecosupplements.be\/fr\/"},{"@type":"ListItem","position":2,"name":"Boutique","item":"https:\/\/ecosupplements.be\/fr\/boutique\/"},{"@type":"ListItem","position":3,"name":"YANGO Probiotique SCB-10 avec pr\u00e9biotique (90 g\u00e9lules)"}]},{"@type":"WebSite","@id":"https:\/\/ecosupplements.be\/fr\/#website","url":"https:\/\/ecosupplements.be\/fr\/","name":"ECO Supplements","description":"Eco Supplements - Gezonde supplementen","publisher":{"@id":"https:\/\/ecosupplements.be\/fr\/#organization"},"potentialAction":[{"@type":"SearchAction","target":{"@type":"EntryPoint","urlTemplate":"https:\/\/ecosupplements.be\/fr\/?s={search_term_string}"},"query-input":{"@type":"PropertyValueSpecification","valueRequired":true,"valueName":"search_term_string"}}],"inLanguage":"fr-FR"},{"@type":"Organization","@id":"https:\/\/ecosupplements.be\/fr\/#organization","name":"Eco Supplements","url":"https:\/\/ecosupplements.be\/fr\/","logo":{"@type":"ImageObject","inLanguage":"fr-FR","@id":"https:\/\/ecosupplements.be\/fr\/#\/schema\/logo\/image\/","url":"https:\/\/ecosupplements.be\/wp-content\/uploads\/2022\/06\/ecosupplement-family.png","contentUrl":"https:\/\/ecosupplements.be\/wp-content\/uploads\/2022\/06\/ecosupplement-family.png","width":593,"height":374,"caption":"Eco Supplements"},"image":{"@id":"https:\/\/ecosupplements.be\/fr\/#\/schema\/logo\/image\/"}}]},"product_brand":"Yango","product_price_amount":"21.93","product_price_currency":"EUR","og_availability":"instock","product_availability":"instock","product_retailer_item_id":"5904194061906","product_condition":"new"},"_links":{"self":[{"href":"https:\/\/ecosupplements.be\/fr\/wp-json\/wp\/v2\/product\/304873","targetHints":{"allow":["GET"]}}],"collection":[{"href":"https:\/\/ecosupplements.be\/fr\/wp-json\/wp\/v2\/product"}],"about":[{"href":"https:\/\/ecosupplements.be\/fr\/wp-json\/wp\/v2\/types\/product"}],"replies":[{"embeddable":true,"href":"https:\/\/ecosupplements.be\/fr\/wp-json\/wp\/v2\/comments?post=304873"}],"wp:featuredmedia":[{"embeddable":true,"href":"https:\/\/ecosupplements.be\/fr\/wp-json\/wp\/v2\/media\/279012"}],"wp:attachment":[{"href":"https:\/\/ecosupplements.be\/fr\/wp-json\/wp\/v2\/media?parent=304873"}],"wp:term":[{"taxonomy":"product_brand","embeddable":true,"href":"https:\/\/ecosupplements.be\/fr\/wp-json\/wp\/v2\/product_brand?post=304873"},{"taxonomy":"product_cat","embeddable":true,"href":"https:\/\/ecosupplements.be\/fr\/wp-json\/wp\/v2\/product_cat?post=304873"},{"taxonomy":"product_tag","embeddable":true,"href":"https:\/\/ecosupplements.be\/fr\/wp-json\/wp\/v2\/product_tag?post=304873"}],"curies":[{"name":"wp","href":"https:\/\/api.w.org\/{rel}","templated":true}]}}