{"id":304906,"date":"2025-07-28T03:45:13","date_gmt":"2025-07-28T02:45:13","guid":{"rendered":"https:\/\/ecosupplements.be\/product\/yango-ph-balance-90-caps\/"},"modified":"2025-08-28T04:28:36","modified_gmt":"2025-08-28T03:28:36","slug":"yango-ph-balance-90-caps","status":"publish","type":"product","link":"https:\/\/ecosupplements.be\/fr\/produit\/yango-ph-balance-90-caps\/","title":{"rendered":"\u00c9quilibre du pH YANGO (90 g\u00e9lules)"},"content":{"rendered":"<p><b><span><\/span><\/b><span>Je\u017celi w diecie przewa\u017caj\u0105 zwi\u0105zki kwasotw\u00f3rcze, mo\u017ce doj\u015b\u0107 do nadprodukcji kwas\u00f3w, kt\u00f3re b\u0119d\u0105 obni\u017ca\u0142y pH p\u0142yn\u00f3w ustrojowych. Kwa\u015bny odczyn p\u0142yn\u00f3w i tkanek mo\u017ce skutkowa\u0107 licznymi problemami zdrowotnymi. Do przyczyn zakwaszenia zalicza si\u0119 r\u00f3wnie\u017c stresuj\u0105cy tryb \u017cycia, brak aktywno\u015bci fizycznej, czy stosowanie u\u017cywek. <\/p>\n<p>R\u00f3wnowaga pH\u2122 to skuteczna kompozycja ekstrakt\u00f3w ro\u015blinnych wzbogacona cynkiem.<\/p>\n<p>Technolodzy Yango opracowali synergiczne po\u0142\u0105czenie ro\u015blin, dzia\u0142aj\u0105cych na wielu p\u0142aszczyznach jednocze\u015bnie \u2013 przyczyniaj\u0105c si\u0119 do zr\u00f3wnowa\u017cenia i utrzymania prawid\u0142owego poziomu pH p\u0142yn\u00f3w ustrojowych.<\/span><\/p>\n<table style=\"height:260px\" width=\"605\">\n<tbody>\n<tr>\n<td><img loading=\"lazy\" decoding=\"async\" src=\"https:\/\/ecosupplements.be\/wp-content\/uploads\/2025\/08\/Tick24pxH-1.png\" alt=\"\" width=\"22\" height=\"24\" \/><\/td>\n<td>Wsparcie zdrowia uk\u0142adu trawiennego<\/td>\n<\/tr>\n<tr>\n<td><img loading=\"lazy\" decoding=\"async\" src=\"https:\/\/ecosupplements.be\/wp-content\/uploads\/2025\/08\/Tick24pxH-1.png\" alt=\"\" width=\"22\" height=\"24\" \/><\/td>\n<td>Prawid\u0142owy metabolizm kwasowo-zasadowy dzi\u0119ki zawarto\u015bci cynku<\/td>\n<\/tr>\n<tr>\n<td><img loading=\"lazy\" decoding=\"async\" src=\"https:\/\/ecosupplements.be\/wp-content\/uploads\/2025\/08\/Tick24pxH-1.png\" alt=\"\" width=\"22\" height=\"24\" \/><\/td>\n<td>Zapobieganie owrzodzeniom z uwagi na obecno\u015b\u0107 gotu koli<\/td>\n<\/tr>\n<tr>\n<td><img loading=\"lazy\" decoding=\"async\" src=\"https:\/\/ecosupplements.be\/wp-content\/uploads\/2025\/08\/Tick24pxH-1.png\" alt=\"\" width=\"22\" height=\"24\" \/><\/td>\n<td>W\u0142a\u015bciwy metabolizm glukozy ze wzgl\u0119du na zawarto\u015b\u0107 gorzkiego melona<\/td>\n<\/tr>\n<tr>\n<td><img loading=\"lazy\" decoding=\"async\" src=\"https:\/\/ecosupplements.be\/wp-content\/uploads\/2025\/08\/Tick24pxH-1.png\" alt=\"\" width=\"22\" height=\"24\" \/><\/td>\n<td>Naturalne \u017ar\u00f3d\u0142o witamin i minera\u0142\u00f3w z pszenicy i j\u0119czmienia<\/td>\n<\/tr>\n<tr>\n<td><img loading=\"lazy\" decoding=\"async\" src=\"https:\/\/ecosupplements.be\/wp-content\/uploads\/2025\/08\/Tick24pxH-1.png\" alt=\"\" width=\"22\" height=\"24\" \/><\/td>\n<td>Regeneracja i wzmocnienie cia\u0142a dzi\u0119ki zawarto\u015bci lucerny<\/td>\n<\/tr>\n<tr>\n<td><img loading=\"lazy\" decoding=\"async\" src=\"https:\/\/ecosupplements.be\/wp-content\/uploads\/2025\/08\/Tick24pxH-1.png\" alt=\"\" width=\"22\" height=\"24\" \/><\/td>\n<td>30 dni suplementacji<\/td>\n<\/tr>\n<tr>\n<td><img loading=\"lazy\" decoding=\"async\" src=\"https:\/\/ecosupplements.be\/wp-content\/uploads\/2025\/08\/Tick24pxH-1.png\" alt=\"\" width=\"22\" height=\"24\" \/><\/td>\n<td>Kapsu\u0142ki z celulozy ro\u015blinnej, delikatne dla \u017co\u0142\u0105dka, przyjazne wegetarianom i weganom<\/td>\n<\/tr>\n<\/tbody>\n<\/table>\n<p><strong>\u00a0<br \/><\/strong><\/p>\n<table border=\"1\">\n<tbody>\n<tr>\n<td><strong>Sk\u0142adnik aktywny<\/strong><\/td>\n<td><strong>1\u00a0kapsu\u0142ka\u00a0<\/strong><\/td>\n<td><strong>3 kapsu\u0142ki\u00a0<\/strong><\/td>\n<\/tr>\n<tr>\n<td>M\u0142ody j\u0119czmie\u0144 &#8211; ekstrakt 10:1<\/td>\n<td>40 mg<\/td>\n<td>120 mg<\/td>\n<\/tr>\n<tr>\n<td>Lucerna &#8211; ekstrakt 10:1<\/td>\n<td>40 mg<\/td>\n<td>120 mg<\/td>\n<\/tr>\n<tr>\n<td>Chlorellia<\/td>\n<td>40 mg<\/td>\n<td>120 mg<\/td>\n<\/tr>\n<tr>\n<td>Gotu kola &#8211; ekstrakt<\/td>\n<td>40 mg<\/td>\n<td>120 mg<\/td>\n<\/tr>\n<tr>\n<td>\u00a0w tym saponiny triterpenowe (10%)<\/td>\n<td>4 mg<\/td>\n<td>12 mg<\/td>\n<\/tr>\n<tr>\n<td>Traganek &#8211; ekstrakt 10:1<\/td>\n<td>40 mg<\/td>\n<td>120 mg<\/td>\n<\/tr>\n<tr>\n<td>Rukiew wodna &#8211; ekstrakt 20:1<\/td>\n<td>40 mg<\/td>\n<td>120 mg<\/td>\n<\/tr>\n<tr>\n<td>Spirulina &#8211; ekstrakt\u00a0<\/td>\n<td>40 mg<\/td>\n<td>120 mg<\/td>\n<\/tr>\n<tr>\n<td>\u00a0w tym bia\u0142ko (60%)<\/td>\n<td>24 mg<\/td>\n<td>72 mg<\/td>\n<\/tr>\n<tr>\n<td>Cytryna &#8211; ekstrakt\u00a0<\/td>\n<td>40 mg<\/td>\n<td>120 mg<\/td>\n<\/tr>\n<tr>\n<td>\u00a0w tym flawonoidy (10%)<\/td>\n<td>4 mg<\/td>\n<td>12 mg<\/td>\n<\/tr>\n<tr>\n<td>Pikolinian cynku<\/td>\n<td>25 mg<\/td>\n<td>75 mg<\/td>\n<\/tr>\n<tr>\n<td>\u00a0w tym cynk (20%)<\/td>\n<td>5 mg (50%*)<\/td>\n<td>15 mg (150%*)<\/td>\n<\/tr>\n<\/tbody>\n<\/table>\n<p>*%RWS &#8211; referencyjna warto\u015b\u0107 spo\u017cycia<\/p>\n<p><strong>Zalecane dawkowanie:<\/strong>\u00a03 kapsu\u0142ki raz dziennie<\/p>\n<p><strong>Spos\u00f3b u\u017cycia:<\/strong>\u00a0Kapsu\u0142ki po\u0142kn\u0105\u0107 i popi\u0107 du\u017c\u0105 ilo\u015bci\u0105 wody, po posi\u0142ku.<\/p>\n<p><strong>Sk\u0142adniki:<\/strong> E<span>kstrakt z m\u0142odego j\u0119czmienia (<i>Hordeum vulgare<\/i>) 10:1, ekstrakt z lucerny siewnej (<i>Medicago sativa<\/i>) 10:1, chlorella z rozerwanymi \u015bcianami kom\u00f3rkowymi (<i>Chlorella vulgaris<\/i>), ekstrakt z gotu kola (<i>Centella asiatica<\/i>) standaryzowany na zawarto\u015bc 10% saponin tri terpenowych, ekstrakt z gorzkiego melona (<i>Momordica charantia<\/i>) standaryzowany na zawarto\u015b\u0107 10% saponin, ekstrakt z traganka (<i>Astragalus membranaceus) <\/i>10:1,<i> <\/i>ekstrakt z rukwi wodnej (<i>Nasturtium officinale<\/i>) 20:1, spirulina (<i>Arthrospira platensis<\/i>) standaryzowana na zawarto\u015b\u0107 min. 60% bia\u0142ka, ekstrakt z cytryny (<i>Citrus limon<\/i>) standaryzowany na zawarto\u015b\u0107 10% flawonoid\u00f3w, pikolinian cynku (cynk).\u00a0<\/span>\u00a0<strong>Sk\u0142ad kapsu\u0142ki:<\/strong> celuloza ro\u015blinna (wegetaria\u0144skie)<\/p>\n<p><strong>Informacja:<\/strong><strong>\u00a0<\/strong>Nie przekracza\u0107 zalecanej dziennej porcji. Suplement diety nie mo\u017ce by\u0107 stosowany jako substytut zr\u00f3\u017cnicowanej diety i zdrowego trybu \u017cycia. Przechowywa\u0107 w suchym i ciemnym miejscu w temperaturze pokojowej, w spos\u00f3b niedost\u0119pny dla ma\u0142ych dzieci. Osoby przyjmuj\u0105ce leki przed u\u017cyciem powinny skonsultowa\u0107 si\u0119 z lekarzem lub farmaceut\u0105. Niewskazane dzieciom, kobietom w ci\u0105\u017cy oraz karmi\u0105cym.\u00a0\u00a0\u00a0<strong>Wyprodukowano w UE.\u00a0Podmiot odpowiedzialny:<\/strong>\u00a0YANGO Sp. z o.o. ul. Granitowa 3\/14, 02-681 Warszawa.<\/p>\n<p><strong>Informacja alergiczna:<\/strong>\u00a0<br \/>Nie zawiera skorupiak\u00f3w, jaj, ryb, orzech\u00f3w, soi, sk\u0142adnik\u00f3w mlecznych, selera, gorczycy, sezamu.<\/p>\n<p>Produkowane bez u\u017cycia sztucznych substancji konserwuj\u0105cych, zapachowych lub barwi\u0105cych.<br \/>Produkt wolny od metali ci\u0119\u017ckich, takich jak arsen, kadm, o\u0142\u00f3w czy rt\u0119\u0107.<\/p>\n","protected":false},"excerpt":{"rendered":"<p>Je\u017celi w diecie przewa\u017caj\u0105 zwi\u0105zki kwasotw\u00f3rcze, mo\u017ce doj\u015b\u0107 do nadprodukcji kwas\u00f3w, kt\u00f3re b\u0119d\u0105 obni\u017ca\u0142y pH p\u0142yn\u00f3w ustrojowych. Kwa\u015bny odczyn p\u0142yn\u00f3w i tkanek mo\u017ce skutkowa\u0107 licznymi problemami zdrowotnymi. Do przyczyn zakwaszenia zalicza si\u0119 r\u00f3wnie\u017c stresuj\u0105cy tryb \u017cycia, brak aktywno\u015bci fizycznej, czy stosowanie u\u017cywek. R\u00f3wnowaga pH\u2122 to skuteczna kompozycja ekstrakt\u00f3w ro\u015blinnych wzbogacona cynkiem. Technolodzy Yango opracowali synergiczne [&#8230;]\n","protected":false},"featured_media":279045,"comment_status":"closed","ping_status":"open","template":"","meta":[],"product_brand":[5393],"product_cat":[5171,5053],"product_tag":[],"class_list":{"0":"post-304906","1":"product","2":"type-product","3":"status-publish","4":"has-post-thumbnail","6":"product_brand-yango-2","7":"product_cat-superaliments","8":"product_cat-vitamines-et-mineraux","10":"first","11":"outofstock","12":"taxable","13":"shipping-taxable","14":"purchasable","15":"product-type-simple"},"yoast_head":"<!-- This site is optimized with the Yoast SEO Premium plugin v27.5 (Yoast SEO v27.5) - https:\/\/yoast.com\/product\/yoast-seo-premium-wordpress\/ -->\n<title>\u00c9quilibre du pH YANGO (90 g\u00e9lules) - ECO Supplements<\/title>\n<meta name=\"description\" content=\"Wij hebben een ruime keuze aan producten van \u00c9quilibre du pH YANGO (90 g\u00e9lules) . Winkel bij Eco Supplements altijd gratis verzending boven 100\u20ac\" \/>\n<meta name=\"robots\" content=\"index, follow, max-snippet:-1, max-image-preview:large, max-video-preview:-1\" \/>\n<link rel=\"canonical\" href=\"https:\/\/ecosupplements.be\/fr\/produit\/yango-ph-balance-90-caps\/\" \/>\n<meta property=\"og:locale\" content=\"fr_FR\" \/>\n<meta property=\"og:type\" content=\"article\" \/>\n<meta property=\"og:title\" content=\"\u00c9quilibre du pH YANGO (90 g\u00e9lules)\" \/>\n<meta property=\"og:description\" content=\"Wij hebben een ruime keuze aan producten van \u00c9quilibre du pH YANGO (90 g\u00e9lules) . Winkel bij Eco Supplements altijd gratis verzending boven 100\u20ac\" \/>\n<meta property=\"og:url\" content=\"https:\/\/ecosupplements.be\/fr\/produit\/yango-ph-balance-90-caps\/\" \/>\n<meta property=\"og:site_name\" content=\"ECO Supplements\" \/>\n<meta property=\"article:modified_time\" content=\"2025-08-28T03:28:36+00:00\" \/>\n<meta property=\"og:image\" content=\"https:\/\/ecosupplements.be\/wp-content\/uploads\/2025\/08\/YANGO-pH-balance-90-caps.jpg\" \/>\n\t<meta property=\"og:image:width\" content=\"800\" \/>\n\t<meta property=\"og:image:height\" content=\"800\" \/>\n\t<meta property=\"og:image:type\" content=\"image\/jpeg\" \/>\n<meta name=\"twitter:card\" content=\"summary_large_image\" \/>\n<meta name=\"twitter:label1\" content=\"Prix\" \/>\n\t<meta name=\"twitter:data1\" content=\"18.32&nbsp;&euro;\" \/>\n\t<meta name=\"twitter:label2\" content=\"Disponibilit\u00e9\" \/>\n\t<meta name=\"twitter:data2\" content=\"Rupture de stock\" \/>\n<script type=\"application\/ld+json\" class=\"yoast-schema-graph\">{\"@context\":\"https:\\\/\\\/schema.org\",\"@graph\":[{\"@type\":[\"WebPage\",\"ItemPage\"],\"@id\":\"https:\\\/\\\/ecosupplements.be\\\/fr\\\/produit\\\/yango-ph-balance-90-caps\\\/\",\"url\":\"https:\\\/\\\/ecosupplements.be\\\/fr\\\/produit\\\/yango-ph-balance-90-caps\\\/\",\"name\":\"\u00c9quilibre du pH YANGO (90 g\u00e9lules) - ECO Supplements\",\"isPartOf\":{\"@id\":\"https:\\\/\\\/ecosupplements.be\\\/fr\\\/#website\"},\"primaryImageOfPage\":{\"@id\":\"https:\\\/\\\/ecosupplements.be\\\/fr\\\/produit\\\/yango-ph-balance-90-caps\\\/#primaryimage\"},\"image\":{\"@id\":\"https:\\\/\\\/ecosupplements.be\\\/fr\\\/produit\\\/yango-ph-balance-90-caps\\\/#primaryimage\"},\"thumbnailUrl\":\"https:\\\/\\\/ecosupplements.be\\\/wp-content\\\/uploads\\\/2025\\\/08\\\/YANGO-pH-balance-90-caps.jpg\",\"datePublished\":\"2025-07-28T02:45:13+00:00\",\"dateModified\":\"2025-08-28T03:28:36+00:00\",\"description\":\"Wij hebben een ruime keuze aan producten van \u00c9quilibre du pH YANGO (90 g\u00e9lules) . Winkel bij Eco Supplements altijd gratis verzending boven 100\u20ac\",\"breadcrumb\":{\"@id\":\"https:\\\/\\\/ecosupplements.be\\\/fr\\\/produit\\\/yango-ph-balance-90-caps\\\/#breadcrumb\"},\"inLanguage\":\"fr-FR\",\"potentialAction\":[{\"@type\":\"ReadAction\",\"target\":[\"https:\\\/\\\/ecosupplements.be\\\/fr\\\/produit\\\/yango-ph-balance-90-caps\\\/\"]}]},{\"@type\":\"ImageObject\",\"inLanguage\":\"fr-FR\",\"@id\":\"https:\\\/\\\/ecosupplements.be\\\/fr\\\/produit\\\/yango-ph-balance-90-caps\\\/#primaryimage\",\"url\":\"https:\\\/\\\/ecosupplements.be\\\/wp-content\\\/uploads\\\/2025\\\/08\\\/YANGO-pH-balance-90-caps.jpg\",\"contentUrl\":\"https:\\\/\\\/ecosupplements.be\\\/wp-content\\\/uploads\\\/2025\\\/08\\\/YANGO-pH-balance-90-caps.jpg\",\"width\":800,\"height\":800},{\"@type\":\"BreadcrumbList\",\"@id\":\"https:\\\/\\\/ecosupplements.be\\\/fr\\\/produit\\\/yango-ph-balance-90-caps\\\/#breadcrumb\",\"itemListElement\":[{\"@type\":\"ListItem\",\"position\":1,\"name\":\"Home\",\"item\":\"https:\\\/\\\/ecosupplements.be\\\/fr\\\/\"},{\"@type\":\"ListItem\",\"position\":2,\"name\":\"Boutique\",\"item\":\"https:\\\/\\\/ecosupplements.be\\\/fr\\\/boutique\\\/\"},{\"@type\":\"ListItem\",\"position\":3,\"name\":\"\u00c9quilibre du pH YANGO (90 g\u00e9lules)\"}]},{\"@type\":\"WebSite\",\"@id\":\"https:\\\/\\\/ecosupplements.be\\\/fr\\\/#website\",\"url\":\"https:\\\/\\\/ecosupplements.be\\\/fr\\\/\",\"name\":\"ECO Supplements\",\"description\":\"Eco Supplements - Gezonde supplementen\",\"publisher\":{\"@id\":\"https:\\\/\\\/ecosupplements.be\\\/fr\\\/#organization\"},\"potentialAction\":[{\"@type\":\"SearchAction\",\"target\":{\"@type\":\"EntryPoint\",\"urlTemplate\":\"https:\\\/\\\/ecosupplements.be\\\/fr\\\/?s={search_term_string}\"},\"query-input\":{\"@type\":\"PropertyValueSpecification\",\"valueRequired\":true,\"valueName\":\"search_term_string\"}}],\"inLanguage\":\"fr-FR\"},{\"@type\":\"Organization\",\"@id\":\"https:\\\/\\\/ecosupplements.be\\\/fr\\\/#organization\",\"name\":\"Eco Supplements\",\"url\":\"https:\\\/\\\/ecosupplements.be\\\/fr\\\/\",\"logo\":{\"@type\":\"ImageObject\",\"inLanguage\":\"fr-FR\",\"@id\":\"https:\\\/\\\/ecosupplements.be\\\/fr\\\/#\\\/schema\\\/logo\\\/image\\\/\",\"url\":\"https:\\\/\\\/ecosupplements.be\\\/wp-content\\\/uploads\\\/2022\\\/06\\\/ecosupplement-family.png\",\"contentUrl\":\"https:\\\/\\\/ecosupplements.be\\\/wp-content\\\/uploads\\\/2022\\\/06\\\/ecosupplement-family.png\",\"width\":593,\"height\":374,\"caption\":\"Eco Supplements\"},\"image\":{\"@id\":\"https:\\\/\\\/ecosupplements.be\\\/fr\\\/#\\\/schema\\\/logo\\\/image\\\/\"}}]}<\/script>\n<meta property=\"product:brand\" content=\"Yango\" \/>\n<meta property=\"product:price:amount\" content=\"18.32\" \/>\n<meta property=\"product:price:currency\" content=\"EUR\" \/>\n<meta property=\"og:availability\" content=\"out of stock\" \/>\n<meta property=\"product:availability\" content=\"out of stock\" \/>\n<meta property=\"product:retailer_item_id\" content=\"5904194060176\" \/>\n<meta property=\"product:condition\" content=\"new\" \/>\n<!-- \/ Yoast SEO Premium plugin. -->","yoast_head_json":{"title":"\u00c9quilibre du pH YANGO (90 g\u00e9lules) - ECO Supplements","description":"Wij hebben een ruime keuze aan producten van \u00c9quilibre du pH YANGO (90 g\u00e9lules) . Winkel bij Eco Supplements altijd gratis verzending boven 100\u20ac","robots":{"index":"index","follow":"follow","max-snippet":"max-snippet:-1","max-image-preview":"max-image-preview:large","max-video-preview":"max-video-preview:-1"},"canonical":"https:\/\/ecosupplements.be\/fr\/produit\/yango-ph-balance-90-caps\/","og_locale":"fr_FR","og_type":"article","og_title":"\u00c9quilibre du pH YANGO (90 g\u00e9lules)","og_description":"Wij hebben een ruime keuze aan producten van \u00c9quilibre du pH YANGO (90 g\u00e9lules) . Winkel bij Eco Supplements altijd gratis verzending boven 100\u20ac","og_url":"https:\/\/ecosupplements.be\/fr\/produit\/yango-ph-balance-90-caps\/","og_site_name":"ECO Supplements","article_modified_time":"2025-08-28T03:28:36+00:00","og_image":[{"width":800,"height":800,"url":"https:\/\/ecosupplements.be\/wp-content\/uploads\/2025\/08\/YANGO-pH-balance-90-caps.jpg","type":"image\/jpeg"}],"twitter_card":"summary_large_image","twitter_misc":{"Prix":"18.32&nbsp;&euro;","Disponibilit\u00e9":"Rupture de stock"},"schema":{"@context":"https:\/\/schema.org","@graph":[{"@type":["WebPage","ItemPage"],"@id":"https:\/\/ecosupplements.be\/fr\/produit\/yango-ph-balance-90-caps\/","url":"https:\/\/ecosupplements.be\/fr\/produit\/yango-ph-balance-90-caps\/","name":"\u00c9quilibre du pH YANGO (90 g\u00e9lules) - ECO Supplements","isPartOf":{"@id":"https:\/\/ecosupplements.be\/fr\/#website"},"primaryImageOfPage":{"@id":"https:\/\/ecosupplements.be\/fr\/produit\/yango-ph-balance-90-caps\/#primaryimage"},"image":{"@id":"https:\/\/ecosupplements.be\/fr\/produit\/yango-ph-balance-90-caps\/#primaryimage"},"thumbnailUrl":"https:\/\/ecosupplements.be\/wp-content\/uploads\/2025\/08\/YANGO-pH-balance-90-caps.jpg","datePublished":"2025-07-28T02:45:13+00:00","dateModified":"2025-08-28T03:28:36+00:00","description":"Wij hebben een ruime keuze aan producten van \u00c9quilibre du pH YANGO (90 g\u00e9lules) . Winkel bij Eco Supplements altijd gratis verzending boven 100\u20ac","breadcrumb":{"@id":"https:\/\/ecosupplements.be\/fr\/produit\/yango-ph-balance-90-caps\/#breadcrumb"},"inLanguage":"fr-FR","potentialAction":[{"@type":"ReadAction","target":["https:\/\/ecosupplements.be\/fr\/produit\/yango-ph-balance-90-caps\/"]}]},{"@type":"ImageObject","inLanguage":"fr-FR","@id":"https:\/\/ecosupplements.be\/fr\/produit\/yango-ph-balance-90-caps\/#primaryimage","url":"https:\/\/ecosupplements.be\/wp-content\/uploads\/2025\/08\/YANGO-pH-balance-90-caps.jpg","contentUrl":"https:\/\/ecosupplements.be\/wp-content\/uploads\/2025\/08\/YANGO-pH-balance-90-caps.jpg","width":800,"height":800},{"@type":"BreadcrumbList","@id":"https:\/\/ecosupplements.be\/fr\/produit\/yango-ph-balance-90-caps\/#breadcrumb","itemListElement":[{"@type":"ListItem","position":1,"name":"Home","item":"https:\/\/ecosupplements.be\/fr\/"},{"@type":"ListItem","position":2,"name":"Boutique","item":"https:\/\/ecosupplements.be\/fr\/boutique\/"},{"@type":"ListItem","position":3,"name":"\u00c9quilibre du pH YANGO (90 g\u00e9lules)"}]},{"@type":"WebSite","@id":"https:\/\/ecosupplements.be\/fr\/#website","url":"https:\/\/ecosupplements.be\/fr\/","name":"ECO Supplements","description":"Eco Supplements - Gezonde supplementen","publisher":{"@id":"https:\/\/ecosupplements.be\/fr\/#organization"},"potentialAction":[{"@type":"SearchAction","target":{"@type":"EntryPoint","urlTemplate":"https:\/\/ecosupplements.be\/fr\/?s={search_term_string}"},"query-input":{"@type":"PropertyValueSpecification","valueRequired":true,"valueName":"search_term_string"}}],"inLanguage":"fr-FR"},{"@type":"Organization","@id":"https:\/\/ecosupplements.be\/fr\/#organization","name":"Eco Supplements","url":"https:\/\/ecosupplements.be\/fr\/","logo":{"@type":"ImageObject","inLanguage":"fr-FR","@id":"https:\/\/ecosupplements.be\/fr\/#\/schema\/logo\/image\/","url":"https:\/\/ecosupplements.be\/wp-content\/uploads\/2022\/06\/ecosupplement-family.png","contentUrl":"https:\/\/ecosupplements.be\/wp-content\/uploads\/2022\/06\/ecosupplement-family.png","width":593,"height":374,"caption":"Eco Supplements"},"image":{"@id":"https:\/\/ecosupplements.be\/fr\/#\/schema\/logo\/image\/"}}]},"product_brand":"Yango","product_price_amount":"18.32","product_price_currency":"EUR","og_availability":"out of stock","product_availability":"out of stock","product_retailer_item_id":"5904194060176","product_condition":"new"},"_links":{"self":[{"href":"https:\/\/ecosupplements.be\/fr\/wp-json\/wp\/v2\/product\/304906","targetHints":{"allow":["GET"]}}],"collection":[{"href":"https:\/\/ecosupplements.be\/fr\/wp-json\/wp\/v2\/product"}],"about":[{"href":"https:\/\/ecosupplements.be\/fr\/wp-json\/wp\/v2\/types\/product"}],"replies":[{"embeddable":true,"href":"https:\/\/ecosupplements.be\/fr\/wp-json\/wp\/v2\/comments?post=304906"}],"wp:featuredmedia":[{"embeddable":true,"href":"https:\/\/ecosupplements.be\/fr\/wp-json\/wp\/v2\/media\/279045"}],"wp:attachment":[{"href":"https:\/\/ecosupplements.be\/fr\/wp-json\/wp\/v2\/media?parent=304906"}],"wp:term":[{"taxonomy":"product_brand","embeddable":true,"href":"https:\/\/ecosupplements.be\/fr\/wp-json\/wp\/v2\/product_brand?post=304906"},{"taxonomy":"product_cat","embeddable":true,"href":"https:\/\/ecosupplements.be\/fr\/wp-json\/wp\/v2\/product_cat?post=304906"},{"taxonomy":"product_tag","embeddable":true,"href":"https:\/\/ecosupplements.be\/fr\/wp-json\/wp\/v2\/product_tag?post=304906"}],"curies":[{"name":"wp","href":"https:\/\/api.w.org\/{rel}","templated":true}]}}