{"id":304918,"date":"2025-07-28T04:00:31","date_gmt":"2025-07-28T03:00:31","guid":{"rendered":"https:\/\/ecosupplements.be\/product\/yango-butchers-broom-extract-90-caps\/"},"modified":"2025-08-28T04:28:57","modified_gmt":"2025-08-28T03:28:57","slug":"yango-butchers-broom-extract-90-caps","status":"publish","type":"product","link":"https:\/\/ecosupplements.be\/fr\/produit\/yango-butchers-broom-extract-90-caps\/","title":{"rendered":"Extrait de Fragon \u00e9pineux (90 g\u00e9lules)"},"content":{"rendered":"<p><strong>Ruszczyk kolczasty<\/strong>\u00a0to niewielki krzew z charakterystycznymi czerwonymi jagodami. Znany jest r\u00f3wnie\u017c pod nazw\u0105\u00a0<strong>myszop\u0142och kolczasty<\/strong>. Najcenniejsz\u0105 substancj\u0105 znajduj\u0105c\u0105 si\u0119 w korzeniu ro\u015bliny jest\u00a0<strong>ruskogenina<\/strong>. Suplementacja wp\u0142ywa korzystnie na kr\u0105\u017cenie \u017cylne. Zapobiega obrz\u0119kom i uczuciu oci\u0119\u017ca\u0142ych n\u00f3g, a tym samym rewitalizuje, od\u015bwie\u017ca i przynosi uczucie lekko\u015bci nogom.<\/p>\n<p>\u00a0 \u00a0<\/p>\n<table>\n<tbody>\n<tr>\n<td><img loading=\"lazy\" decoding=\"async\" src=\"https:\/\/b2b.yango.pl\/img\/cms\/Tick24pxH.png\" alt=\"\" width=\"22\" height=\"24\" \/><\/td>\n<td>35 mg ruskogeniny w dawce dziennej!<\/td>\n<\/tr>\n<tr>\n<td><img loading=\"lazy\" decoding=\"async\" src=\"https:\/\/b2b.yango.pl\/img\/cms\/Tick24pxH.png\" alt=\"\" width=\"22\" height=\"24\" \/><\/td>\n<td>Zapobiega uczuciu oci\u0119\u017ca\u0142ych n\u00f3g<\/td>\n<\/tr>\n<tr>\n<td><img loading=\"lazy\" decoding=\"async\" src=\"https:\/\/b2b.yango.pl\/img\/cms\/Tick24pxH.png\" alt=\"\" width=\"22\" height=\"24\" \/><\/td>\n<td>Wsparcie kr\u0105\u017cenia \u017cylnego<\/td>\n<\/tr>\n<tr>\n<td><img loading=\"lazy\" decoding=\"async\" src=\"https:\/\/b2b.yango.pl\/img\/cms\/Tick24pxH.png\" alt=\"\" width=\"22\" height=\"24\" \/><\/td>\n<td>Bez dodatk\u00f3w i wype\u0142niaczy<\/td>\n<\/tr>\n<tr>\n<td><img loading=\"lazy\" decoding=\"async\" src=\"https:\/\/b2b.yango.pl\/img\/cms\/Tick24pxH.png\" alt=\"\" width=\"22\" height=\"24\" \/><\/td>\n<td>Kapsu\u0142ki z celulozy ro\u015blinnej, delikatne dla \u017co\u0142\u0105dka, przyjazne wegetarianom i weganom<\/td>\n<\/tr>\n<\/tbody>\n<\/table>\n<p>\u00a0 \u00a0<\/p>\n<table>\n<tbody>\n<tr>\n<td><strong>Sk\u0142adnik aktywny<\/strong><\/td>\n<td>1 kapsu\u0142ka\u00a0<\/td>\n<td>2 kapsu\u0142ki\u00a0<\/td>\n<\/tr>\n<tr>\n<td>Ekstrakt z ruszczyka kolczastego<\/td>\n<td>350 mg<\/td>\n<td>700 mg<\/td>\n<\/tr>\n<tr>\n<td>\u00a0w tym ruskogeniny (5%)\u00a0<\/td>\n<td>17,5 mg<\/td>\n<td>35 mg<\/td>\n<\/tr>\n<\/tbody>\n<\/table>\n<p>\u00a0\u00a0<\/p>\n<p><strong>Zalecane dawkowanie:<\/strong>\u00a01 kapsu\u0142ka 2 razy dziennie.<\/p>\n<p><strong>Spos\u00f3b u\u017cycia:<\/strong>\u00a0Kapsu\u0142k\u0119 po\u0142kn\u0105\u0107 i popi\u0107 du\u017c\u0105 ilo\u015bci\u0105 wody, po posi\u0142ku.\u00a0<\/p>\n<p><strong>Masa netto:<\/strong>\u00a090 kapsu\u0142ek po 350 mg ka\u017cda (=31,5 g)<\/p>\n<p><strong>Sk\u0142adniki:\u00a0<\/strong>Ekstrakt z ruszczyka kolczastego (<em>Ruscus aculeatus<\/em>) standaryzowany na zawarto\u015b\u0107 min. 5% ruskogenin.\u00a0<strong>Sk\u0142ad kapsu\u0142ki:<\/strong>\u00a0celuloza ro\u015blinna (wegetaria\u0144skie)<strong>\u00a0<\/strong><strong>Podmiot odpowiedzialny:<\/strong>\u00a0YANGO Sp. z o.o. ul. Granitowa 3\/14, 02-681 Warszawa.\u00a0<strong>Wyprodukowano w UE.\u00a0<\/strong><\/p>\n<p><strong>Informacja:<\/strong>\u00a0Nie przekracza\u0107 zalecanej dziennej porcji. Suplement diety nie mo\u017ce by\u0107 stosowany jako substytut zr\u00f3\u017cnicowanej diety i zdrowego trybu \u017cycia. Przechowywa\u0107 w suchym i ciemnym miejscu w temperaturze pokojowej, w spos\u00f3b niedost\u0119pnym dla ma\u0142ych dzieci.\u00a0<\/p>\n<p><strong>Ostrze\u017cenie<\/strong>:\u00a0Osoby przyjmuj\u0105ce leki przed u\u017cyciem powinny skonsultowa\u0107 si\u0119 z lekarzem lub farmaceut\u0105. Niewskazane dzieciom, kobietom w ci\u0105\u017cy oraz karmi\u0105cym.\u00a0<\/p>\n<p>\u00a0\u00a0<\/p>\n<p>G\u0142\u00f3wny Inspektorat Sanitarny:\u00a0<span class=\"fontstyle0\">GIS-\u017bP-SD-4230-00746\/KC\/20<\/span><\/p>\n","protected":false},"excerpt":{"rendered":"<p>Ruszczyk kolczasty\u00a0to niewielki krzew z charakterystycznymi czerwonymi jagodami. Znany jest r\u00f3wnie\u017c pod nazw\u0105\u00a0myszop\u0142och kolczasty. Najcenniejsz\u0105 substancj\u0105 znajduj\u0105c\u0105 si\u0119 w korzeniu ro\u015bliny jest\u00a0ruskogenina. Suplementacja wp\u0142ywa korzystnie na kr\u0105\u017cenie \u017cylne. Zapobiega obrz\u0119kom i uczuciu oci\u0119\u017ca\u0142ych n\u00f3g, a tym samym rewitalizuje, od\u015bwie\u017ca i przynosi uczucie lekko\u015bci nogom. \u00a0 \u00a0 35 mg ruskogeniny w dawce dziennej! Zapobiega uczuciu oci\u0119\u017ca\u0142ych [&#8230;]\n","protected":false},"featured_media":279057,"comment_status":"closed","ping_status":"open","template":"","meta":[],"product_brand":[5393],"product_cat":[5053],"product_tag":[],"class_list":{"0":"post-304918","1":"product","2":"type-product","3":"status-publish","4":"has-post-thumbnail","6":"product_brand-yango-2","7":"product_cat-vitamines-et-mineraux","9":"first","10":"instock","11":"taxable","12":"shipping-taxable","13":"purchasable","14":"product-type-simple"},"yoast_head":"<!-- This site is optimized with the Yoast SEO Premium plugin v27.3 (Yoast SEO v27.3) - https:\/\/yoast.com\/product\/yoast-seo-premium-wordpress\/ -->\n<title>Extrait de Fragon \u00e9pineux (90 g\u00e9lules) - ECO Supplements<\/title>\n<meta name=\"description\" content=\"Wij hebben een ruime keuze aan producten van Extrait de Fragon \u00e9pineux (90 g\u00e9lules) . Winkel bij Eco Supplements altijd gratis verzending boven 100\u20ac\" \/>\n<meta name=\"robots\" content=\"index, follow, max-snippet:-1, max-image-preview:large, max-video-preview:-1\" \/>\n<link rel=\"canonical\" href=\"https:\/\/ecosupplements.be\/fr\/produit\/yango-butchers-broom-extract-90-caps\/\" \/>\n<meta property=\"og:locale\" content=\"fr_FR\" \/>\n<meta property=\"og:type\" content=\"article\" \/>\n<meta property=\"og:title\" content=\"Extrait de Fragon \u00e9pineux (90 g\u00e9lules)\" \/>\n<meta property=\"og:description\" content=\"Wij hebben een ruime keuze aan producten van Extrait de Fragon \u00e9pineux (90 g\u00e9lules) . Winkel bij Eco Supplements altijd gratis verzending boven 100\u20ac\" \/>\n<meta property=\"og:url\" content=\"https:\/\/ecosupplements.be\/fr\/produit\/yango-butchers-broom-extract-90-caps\/\" \/>\n<meta property=\"og:site_name\" content=\"ECO Supplements\" \/>\n<meta property=\"article:modified_time\" content=\"2025-08-28T03:28:57+00:00\" \/>\n<meta property=\"og:image\" content=\"https:\/\/ecosupplements.be\/wp-content\/uploads\/2025\/08\/YANGO-Butchers-Broom-extract-90-caps.jpg\" \/>\n\t<meta property=\"og:image:width\" content=\"800\" \/>\n\t<meta property=\"og:image:height\" content=\"800\" \/>\n\t<meta property=\"og:image:type\" content=\"image\/jpeg\" \/>\n<meta name=\"twitter:card\" content=\"summary_large_image\" \/>\n<meta name=\"twitter:label1\" content=\"Prix\" \/>\n\t<meta name=\"twitter:data1\" content=\"13.86&nbsp;&euro;\" \/>\n\t<meta name=\"twitter:label2\" content=\"Disponibilit\u00e9\" \/>\n\t<meta name=\"twitter:data2\" content=\"En stock\" \/>\n<script type=\"application\/ld+json\" class=\"yoast-schema-graph\">{\"@context\":\"https:\\\/\\\/schema.org\",\"@graph\":[{\"@type\":[\"WebPage\",\"ItemPage\"],\"@id\":\"https:\\\/\\\/ecosupplements.be\\\/fr\\\/produit\\\/yango-butchers-broom-extract-90-caps\\\/\",\"url\":\"https:\\\/\\\/ecosupplements.be\\\/fr\\\/produit\\\/yango-butchers-broom-extract-90-caps\\\/\",\"name\":\"Extrait de Fragon \u00e9pineux (90 g\u00e9lules) - ECO Supplements\",\"isPartOf\":{\"@id\":\"https:\\\/\\\/ecosupplements.be\\\/fr\\\/#website\"},\"primaryImageOfPage\":{\"@id\":\"https:\\\/\\\/ecosupplements.be\\\/fr\\\/produit\\\/yango-butchers-broom-extract-90-caps\\\/#primaryimage\"},\"image\":{\"@id\":\"https:\\\/\\\/ecosupplements.be\\\/fr\\\/produit\\\/yango-butchers-broom-extract-90-caps\\\/#primaryimage\"},\"thumbnailUrl\":\"https:\\\/\\\/ecosupplements.be\\\/wp-content\\\/uploads\\\/2025\\\/08\\\/YANGO-Butchers-Broom-extract-90-caps.jpg\",\"datePublished\":\"2025-07-28T03:00:31+00:00\",\"dateModified\":\"2025-08-28T03:28:57+00:00\",\"description\":\"Wij hebben een ruime keuze aan producten van Extrait de Fragon \u00e9pineux (90 g\u00e9lules) . Winkel bij Eco Supplements altijd gratis verzending boven 100\u20ac\",\"breadcrumb\":{\"@id\":\"https:\\\/\\\/ecosupplements.be\\\/fr\\\/produit\\\/yango-butchers-broom-extract-90-caps\\\/#breadcrumb\"},\"inLanguage\":\"fr-FR\",\"potentialAction\":[{\"@type\":\"ReadAction\",\"target\":[\"https:\\\/\\\/ecosupplements.be\\\/fr\\\/produit\\\/yango-butchers-broom-extract-90-caps\\\/\"]}]},{\"@type\":\"ImageObject\",\"inLanguage\":\"fr-FR\",\"@id\":\"https:\\\/\\\/ecosupplements.be\\\/fr\\\/produit\\\/yango-butchers-broom-extract-90-caps\\\/#primaryimage\",\"url\":\"https:\\\/\\\/ecosupplements.be\\\/wp-content\\\/uploads\\\/2025\\\/08\\\/YANGO-Butchers-Broom-extract-90-caps.jpg\",\"contentUrl\":\"https:\\\/\\\/ecosupplements.be\\\/wp-content\\\/uploads\\\/2025\\\/08\\\/YANGO-Butchers-Broom-extract-90-caps.jpg\",\"width\":800,\"height\":800},{\"@type\":\"BreadcrumbList\",\"@id\":\"https:\\\/\\\/ecosupplements.be\\\/fr\\\/produit\\\/yango-butchers-broom-extract-90-caps\\\/#breadcrumb\",\"itemListElement\":[{\"@type\":\"ListItem\",\"position\":1,\"name\":\"Home\",\"item\":\"https:\\\/\\\/ecosupplements.be\\\/fr\\\/\"},{\"@type\":\"ListItem\",\"position\":2,\"name\":\"Boutique\",\"item\":\"https:\\\/\\\/ecosupplements.be\\\/fr\\\/boutique\\\/\"},{\"@type\":\"ListItem\",\"position\":3,\"name\":\"Extrait de Fragon \u00e9pineux (90 g\u00e9lules)\"}]},{\"@type\":\"WebSite\",\"@id\":\"https:\\\/\\\/ecosupplements.be\\\/fr\\\/#website\",\"url\":\"https:\\\/\\\/ecosupplements.be\\\/fr\\\/\",\"name\":\"ECO Supplements\",\"description\":\"Eco Supplements - Gezonde supplementen\",\"publisher\":{\"@id\":\"https:\\\/\\\/ecosupplements.be\\\/fr\\\/#organization\"},\"potentialAction\":[{\"@type\":\"SearchAction\",\"target\":{\"@type\":\"EntryPoint\",\"urlTemplate\":\"https:\\\/\\\/ecosupplements.be\\\/fr\\\/?s={search_term_string}\"},\"query-input\":{\"@type\":\"PropertyValueSpecification\",\"valueRequired\":true,\"valueName\":\"search_term_string\"}}],\"inLanguage\":\"fr-FR\"},{\"@type\":\"Organization\",\"@id\":\"https:\\\/\\\/ecosupplements.be\\\/fr\\\/#organization\",\"name\":\"Eco Supplements\",\"url\":\"https:\\\/\\\/ecosupplements.be\\\/fr\\\/\",\"logo\":{\"@type\":\"ImageObject\",\"inLanguage\":\"fr-FR\",\"@id\":\"https:\\\/\\\/ecosupplements.be\\\/fr\\\/#\\\/schema\\\/logo\\\/image\\\/\",\"url\":\"https:\\\/\\\/ecosupplements.be\\\/wp-content\\\/uploads\\\/2022\\\/06\\\/ecosupplement-family.png\",\"contentUrl\":\"https:\\\/\\\/ecosupplements.be\\\/wp-content\\\/uploads\\\/2022\\\/06\\\/ecosupplement-family.png\",\"width\":593,\"height\":374,\"caption\":\"Eco Supplements\"},\"image\":{\"@id\":\"https:\\\/\\\/ecosupplements.be\\\/fr\\\/#\\\/schema\\\/logo\\\/image\\\/\"}}]}<\/script>\n<meta property=\"product:brand\" content=\"Yango\" \/>\n<meta property=\"product:price:amount\" content=\"13.86\" \/>\n<meta property=\"product:price:currency\" content=\"EUR\" \/>\n<meta property=\"og:availability\" content=\"instock\" \/>\n<meta property=\"product:availability\" content=\"instock\" \/>\n<meta property=\"product:retailer_item_id\" content=\"5907483417286\" \/>\n<meta property=\"product:condition\" content=\"new\" \/>\n<!-- \/ Yoast SEO Premium plugin. -->","yoast_head_json":{"title":"Extrait de Fragon \u00e9pineux (90 g\u00e9lules) - ECO Supplements","description":"Wij hebben een ruime keuze aan producten van Extrait de Fragon \u00e9pineux (90 g\u00e9lules) . Winkel bij Eco Supplements altijd gratis verzending boven 100\u20ac","robots":{"index":"index","follow":"follow","max-snippet":"max-snippet:-1","max-image-preview":"max-image-preview:large","max-video-preview":"max-video-preview:-1"},"canonical":"https:\/\/ecosupplements.be\/fr\/produit\/yango-butchers-broom-extract-90-caps\/","og_locale":"fr_FR","og_type":"article","og_title":"Extrait de Fragon \u00e9pineux (90 g\u00e9lules)","og_description":"Wij hebben een ruime keuze aan producten van Extrait de Fragon \u00e9pineux (90 g\u00e9lules) . Winkel bij Eco Supplements altijd gratis verzending boven 100\u20ac","og_url":"https:\/\/ecosupplements.be\/fr\/produit\/yango-butchers-broom-extract-90-caps\/","og_site_name":"ECO Supplements","article_modified_time":"2025-08-28T03:28:57+00:00","og_image":[{"width":800,"height":800,"url":"https:\/\/ecosupplements.be\/wp-content\/uploads\/2025\/08\/YANGO-Butchers-Broom-extract-90-caps.jpg","type":"image\/jpeg"}],"twitter_card":"summary_large_image","twitter_misc":{"Prix":"13.86&nbsp;&euro;","Disponibilit\u00e9":"En stock"},"schema":{"@context":"https:\/\/schema.org","@graph":[{"@type":["WebPage","ItemPage"],"@id":"https:\/\/ecosupplements.be\/fr\/produit\/yango-butchers-broom-extract-90-caps\/","url":"https:\/\/ecosupplements.be\/fr\/produit\/yango-butchers-broom-extract-90-caps\/","name":"Extrait de Fragon \u00e9pineux (90 g\u00e9lules) - ECO Supplements","isPartOf":{"@id":"https:\/\/ecosupplements.be\/fr\/#website"},"primaryImageOfPage":{"@id":"https:\/\/ecosupplements.be\/fr\/produit\/yango-butchers-broom-extract-90-caps\/#primaryimage"},"image":{"@id":"https:\/\/ecosupplements.be\/fr\/produit\/yango-butchers-broom-extract-90-caps\/#primaryimage"},"thumbnailUrl":"https:\/\/ecosupplements.be\/wp-content\/uploads\/2025\/08\/YANGO-Butchers-Broom-extract-90-caps.jpg","datePublished":"2025-07-28T03:00:31+00:00","dateModified":"2025-08-28T03:28:57+00:00","description":"Wij hebben een ruime keuze aan producten van Extrait de Fragon \u00e9pineux (90 g\u00e9lules) . Winkel bij Eco Supplements altijd gratis verzending boven 100\u20ac","breadcrumb":{"@id":"https:\/\/ecosupplements.be\/fr\/produit\/yango-butchers-broom-extract-90-caps\/#breadcrumb"},"inLanguage":"fr-FR","potentialAction":[{"@type":"ReadAction","target":["https:\/\/ecosupplements.be\/fr\/produit\/yango-butchers-broom-extract-90-caps\/"]}]},{"@type":"ImageObject","inLanguage":"fr-FR","@id":"https:\/\/ecosupplements.be\/fr\/produit\/yango-butchers-broom-extract-90-caps\/#primaryimage","url":"https:\/\/ecosupplements.be\/wp-content\/uploads\/2025\/08\/YANGO-Butchers-Broom-extract-90-caps.jpg","contentUrl":"https:\/\/ecosupplements.be\/wp-content\/uploads\/2025\/08\/YANGO-Butchers-Broom-extract-90-caps.jpg","width":800,"height":800},{"@type":"BreadcrumbList","@id":"https:\/\/ecosupplements.be\/fr\/produit\/yango-butchers-broom-extract-90-caps\/#breadcrumb","itemListElement":[{"@type":"ListItem","position":1,"name":"Home","item":"https:\/\/ecosupplements.be\/fr\/"},{"@type":"ListItem","position":2,"name":"Boutique","item":"https:\/\/ecosupplements.be\/fr\/boutique\/"},{"@type":"ListItem","position":3,"name":"Extrait de Fragon \u00e9pineux (90 g\u00e9lules)"}]},{"@type":"WebSite","@id":"https:\/\/ecosupplements.be\/fr\/#website","url":"https:\/\/ecosupplements.be\/fr\/","name":"ECO Supplements","description":"Eco Supplements - Gezonde supplementen","publisher":{"@id":"https:\/\/ecosupplements.be\/fr\/#organization"},"potentialAction":[{"@type":"SearchAction","target":{"@type":"EntryPoint","urlTemplate":"https:\/\/ecosupplements.be\/fr\/?s={search_term_string}"},"query-input":{"@type":"PropertyValueSpecification","valueRequired":true,"valueName":"search_term_string"}}],"inLanguage":"fr-FR"},{"@type":"Organization","@id":"https:\/\/ecosupplements.be\/fr\/#organization","name":"Eco Supplements","url":"https:\/\/ecosupplements.be\/fr\/","logo":{"@type":"ImageObject","inLanguage":"fr-FR","@id":"https:\/\/ecosupplements.be\/fr\/#\/schema\/logo\/image\/","url":"https:\/\/ecosupplements.be\/wp-content\/uploads\/2022\/06\/ecosupplement-family.png","contentUrl":"https:\/\/ecosupplements.be\/wp-content\/uploads\/2022\/06\/ecosupplement-family.png","width":593,"height":374,"caption":"Eco Supplements"},"image":{"@id":"https:\/\/ecosupplements.be\/fr\/#\/schema\/logo\/image\/"}}]},"product_brand":"Yango","product_price_amount":"13.86","product_price_currency":"EUR","og_availability":"instock","product_availability":"instock","product_retailer_item_id":"5907483417286","product_condition":"new"},"_links":{"self":[{"href":"https:\/\/ecosupplements.be\/fr\/wp-json\/wp\/v2\/product\/304918","targetHints":{"allow":["GET"]}}],"collection":[{"href":"https:\/\/ecosupplements.be\/fr\/wp-json\/wp\/v2\/product"}],"about":[{"href":"https:\/\/ecosupplements.be\/fr\/wp-json\/wp\/v2\/types\/product"}],"replies":[{"embeddable":true,"href":"https:\/\/ecosupplements.be\/fr\/wp-json\/wp\/v2\/comments?post=304918"}],"wp:featuredmedia":[{"embeddable":true,"href":"https:\/\/ecosupplements.be\/fr\/wp-json\/wp\/v2\/media\/279057"}],"wp:attachment":[{"href":"https:\/\/ecosupplements.be\/fr\/wp-json\/wp\/v2\/media?parent=304918"}],"wp:term":[{"taxonomy":"product_brand","embeddable":true,"href":"https:\/\/ecosupplements.be\/fr\/wp-json\/wp\/v2\/product_brand?post=304918"},{"taxonomy":"product_cat","embeddable":true,"href":"https:\/\/ecosupplements.be\/fr\/wp-json\/wp\/v2\/product_cat?post=304918"},{"taxonomy":"product_tag","embeddable":true,"href":"https:\/\/ecosupplements.be\/fr\/wp-json\/wp\/v2\/product_tag?post=304918"}],"curies":[{"name":"wp","href":"https:\/\/api.w.org\/{rel}","templated":true}]}}