{"id":304972,"date":"2025-07-28T04:45:13","date_gmt":"2025-07-28T03:45:13","guid":{"rendered":"https:\/\/ecosupplements.be\/product\/yango-sylimarin-90-caps\/"},"modified":"2025-08-28T04:30:34","modified_gmt":"2025-08-28T03:30:34","slug":"yango-sylimarin-90-caps","status":"publish","type":"product","link":"https:\/\/ecosupplements.be\/fr\/produit\/yango-sylimarin-90-caps\/","title":{"rendered":"YANGO Silymarine (90 g\u00e9lules)"},"content":{"rendered":"<div class=\"tab-content page-product-content\">\n<div class=\"rte\">\n<p dir=\"ltr\"><span>Ostropest\u00a0plamisty<\/span>\u00a0(<em>Silybum marianium L.<\/em><em>)<\/em>\u00a0to\u00a0ro\u015blina z\u00a0rodziny astrowatych, pochodz\u0105ca z\u00a0basenu Morza \u015ar\u00f3dziemnego. Obecnie wyst\u0119puje powszechnie na\u00a0ca\u0142ym \u015bwiecie \u2013 ro\u015bnie g\u0142\u00f3wnie na\u00a0polach, \u0142\u0105kach i\u00a0w\u00a0ogrodach. Stosowany w\u00a0zielarstwie od\u00a0ponad 2000\u00a0lat, uprawiany jest komercyjnie w\u00a0Europie i\u00a0Ameryce.<\/p>\n<p dir=\"ltr\">\u00a0<\/p>\n<p dir=\"ltr\"><span>\u0179r\u00f3d\u0142o sylimaryny<\/span><\/p>\n<p dir=\"ltr\">Surowcem zielarskim s\u0105 owoce \u2013 niewielkie szarobr\u0105zowe nie\u0142upki zlokalizowane w\u00a0koszyczkach kwiatowych. W\u00a01969\u00a0roku wyizolowano z\u00a0nich aktywne zwi\u0105zki, w tym\u00a0sylimaryn\u0119\u00a0(kompleks flawonolignan\u00f3w), kt\u00f3re zacz\u0119to stosowa\u0107 w suplementacji.<\/p>\n<p dir=\"ltr\">\u00a0<\/p>\n<p dir=\"ltr\"><span>Wsparcie w\u0105troby<\/span><\/p>\n<p dir=\"ltr\">Sylimaryna\u00a0zawarta w ostrope\u015bcie plamistym odznacza si\u0119 bardzo szerokim spektrum pozytywnego dzia\u0142ania na kom\u00f3rki\u00a0w\u0105troby \u2013 ostropest przyczynia si\u0119 do utrzymania\u00a0jej w prawid\u0142owej kondycji. Wspomaga tak\u017ce\u00a0trawienie i oczyszcza organizm. Dodatkowo ma pozytywny wp\u0142yw na\u00a0serce i zwi\u0119ksza odporno\u015b\u0107 organizmu\u00a0na trudne warunki \u015brodowiska.<\/p>\n<\/p>\n<p dir=\"ltr\"><span>Dodatkowe wsparcie<\/span><\/p>\n<p dir=\"ltr\">Ekstrakt z ostropestu zosta\u0142 wzbogacony o szereg innych sk\u0142adnik\u00f3w cenionych za w\u0142a\u015bciwo\u015bci dla w\u0105troby.\u00a0Karczoch\u00a0usprawnia trawienie dzi\u0119ki pobudzaniu wydzielania kwas\u00f3w \u017c\u00f3\u0142ciowych przez w\u0105trob\u0119.\u00a0Kurkuma,\u00a0a w szczeg\u00f3lno\u015bci zawarta w niej kurkumina, ma w\u0142a\u015bciwo\u015bci przeciwutleniaj\u0105ce.\u00a0Grzyb reishi\u00a0wspiera uk\u0142ad immunologiczny oraz przyczynia si\u0119 do obni\u017cenia poziomu cholesterolu.\u00a0<\/p>\n<\/p>\n<p dir=\"ltr\"><span>Inozytol i cholina nale\u017c\u0105 do naturalnych sk\u0142adnik\u00f3w\u00a0lecytyny, kt\u00f3rej polarna budowa sprawia, \u017ce zwi\u0105zek ten mo\u017ce transportowa\u0107 we krwi kwasy t\u0142uszczowe oraz cholesterol.<\/span><\/p>\n<p>\u00a0<\/p>\n<p>\u00a0<\/p>\n<table>\n<tbody>\n<tr>\n<td><img loading=\"lazy\" decoding=\"async\" src=\"https:\/\/ecosupplements.be\/wp-content\/uploads\/2025\/08\/Tick24pxH-1-1.png\" alt=\"\" width=\"22\" height=\"24\" \/><\/td>\n<td>Karczoch, kurkuma, reishi zwi\u0119kszaj\u0105 spektrum dzia\u0142ania preparatu!<\/td>\n<\/tr>\n<tr>\n<td><img loading=\"lazy\" decoding=\"async\" src=\"https:\/\/ecosupplements.be\/wp-content\/uploads\/2025\/08\/Tick24pxH-1-1.png\" alt=\"\" width=\"22\" height=\"24\" \/><\/td>\n<td>Ekonomiczne opakowanie wystarcza na\u00a0<span>3 miesi\u0105ce codziennej suplementacji\u00a0<\/span><\/td>\n<\/tr>\n<tr>\n<td><img loading=\"lazy\" decoding=\"async\" src=\"https:\/\/ecosupplements.be\/wp-content\/uploads\/2025\/08\/Tick24pxH-1-1.png\" alt=\"\" width=\"22\" height=\"24\" \/><\/td>\n<td>Bez dodatk\u00f3w i wype\u0142niaczy<\/td>\n<\/tr>\n<tr>\n<td><img loading=\"lazy\" decoding=\"async\" src=\"https:\/\/ecosupplements.be\/wp-content\/uploads\/2025\/08\/Tick24pxH-1-1.png\" alt=\"\" width=\"22\" height=\"24\" \/><\/td>\n<td>Kapsu\u0142ki z celulozy ro\u015blinnej, delikatne dla \u017co\u0142\u0105dka, przyjazne wegetarianom i weganom<\/td>\n<\/tr>\n<\/tbody>\n<\/table>\n<p><img loading=\"lazy\" decoding=\"async\" src=\"https:\/\/b2b.yango.pl\/img\/cms\/icons\/BezWypelniaczy.png\" alt=\"\" width=\"120\" height=\"120\" \/><img loading=\"lazy\" decoding=\"async\" src=\"https:\/\/b2b.yango.pl\/img\/cms\/icons\/Standaryzowany.png\" alt=\"\" width=\"120\" height=\"120\" \/><img loading=\"lazy\" decoding=\"async\" src=\"https:\/\/b2b.yango.pl\/img\/cms\/icons\/Vegan.png\" alt=\"\" width=\"120\" height=\"120\" \/><\/p>\n<h3><span>STAWIAMY NA JAKO\u015a\u0106!\u00a0<\/span><\/h3>\n<p>Suplementy YANGO produkujemy zachowuj\u0105c najwy\u017csze rygory kontroli jako\u015bci. Dbamy o odpowiednie st\u0119\u017cenie substancji czynnych i ca\u0142kowite bezpiecze\u0144stwo produkt\u00f3w. Wierzymy, \u017ce w ten spos\u00f3b mo\u017cemy skutecznie pom\u00f3c Ci w osi\u0105gni\u0119ciu zamierzonych cel\u00f3w.\u00a0<\/p>\n<p>\u00a0\u00a0<\/p>\n<table border=\"1\">\n<tbody>\n<tr>\n<td><span>Sk\u0142adnik aktywny<\/span><\/td>\n<td><span>1 kapsu\u0142ka<\/span><\/td>\n<\/tr>\n<tr>\n<td>Ekstrakt z ostropestu plamistego<\/td>\n<td>125 mg<\/td>\n<\/tr>\n<tr>\n<td>\u00a0w tym sylimaryna (80%)<\/td>\n<td>100 mg<\/td>\n<\/tr>\n<tr>\n<td>\u00a0 w tym sylibina (50%)<\/td>\n<td>50 mg<\/td>\n<\/tr>\n<tr>\n<td>Ekstrakt 10:1 z li\u015bci karczocha<\/td>\n<td>75 mg<\/td>\n<\/tr>\n<tr>\n<td>Ekstrakt z Kurkumy 10:1<\/td>\n<td>75 mg<\/td>\n<\/tr>\n<tr>\n<td>Ekstrakt z grzyba Reishi<\/td>\n<td>50 mg<\/td>\n<\/tr>\n<tr>\n<td>\u00a0w tym polisacharydy (10%)<\/td>\n<td>5 mg<\/td>\n<\/tr>\n<tr>\n<td><span>Pozosta\u0142e informacje<\/span><\/td>\n<td>\u00a0<\/td>\n<\/tr>\n<tr>\n<td>Kapsu\u0142ek w opakowaniu<\/td>\n<td>90 kapsu\u0142ek<\/td>\n<\/tr>\n<tr>\n<td>Rodzaj kapsu\u0142ek<\/td>\n<td>Ro\u015blinne<\/td>\n<\/tr>\n<tr>\n<td>Sugerowana dawka dzienna<\/td>\n<td>1 kapsu\u0142ka<\/td>\n<\/tr>\n<tr>\n<td>1 opakowanie wystarcza na<\/td>\n<td>90 dni<\/td>\n<\/tr>\n<\/tbody>\n<\/table>\n<p><span>Zalecane dawkowanie:<\/span>\u00a01 kapsu\u0142ka raz dziennie.<\/p>\n<p><span>Spos\u00f3b u\u017cycia:<\/span>\u00a0Kapsu\u0142k\u0119 po\u0142kn\u0105\u0107 i popi\u0107 du\u017c\u0105 ilo\u015bci\u0105 wody w trakcie posi\u0142ku.<\/p>\n<p><span>Sk\u0142adniki:<\/span>\u00a0ekstrakt z nasion ostropestu plamistego (<em>Silybum marianum<\/em>) standaryzowany na zawarto\u015b\u0107 min. 80% sylimaryny (w tym min. 50% sylibiny), ekstrakt 10:1 z k\u0142\u0105cza kurkumy (<em>Curcuma longa<\/em>), ekstrakt z grzyb\u00f3w Reishi (<em>Ganoderma lucidum<\/em>) standaryzowany na zawarto\u015b\u0107 min. 10% polisacharyd\u00f3w, ekstrakt 10:1 z li\u015bci karczocha;\u00a0<span>Sk\u0142ad kapsu\u0142ki:<\/span>\u00a0celuloza ro\u015blinna.<\/p>\n<p><span>Informacja:<\/span>\u00a0Suplement diety nie mo\u017ce by\u0107 stosowany jako substytut zr\u00f3\u017cnicowanej diety i zdrowego trybu \u017cycia. Przechowywa\u0107 w ciemnym i suchym miejscu w temperaturze pokojowej, w spos\u00f3b niedost\u0119pny dla ma\u0142ych dzieci. Osoby przyjmuj\u0105ce leki przed u\u017cyciem powinny skonsultowa\u0107 si\u0119 z lekarzem lub farmaceut\u0105. Niewskazane ma\u0142ym dzieciom, kobietom w ci\u0105\u017cy oraz karmi\u0105cym. Wyprodukowano w Unii Europejskiej. Podmiot odpowiedzialny: YANGO Sp. z o.o. Masa netto: 37,4 g.<\/p>\n<p><span>Informacja alergiczna:<\/span><br \/>Nie zawiera skorupiak\u00f3w, jaj, ryb, orzech\u00f3w, soi, sk\u0142adnik\u00f3w mlecznych, selera, gorczycy, sezamu.<\/p>\n<p>Produkowane bez u\u017cycia sztucznych substancji konserwuj\u0105cych, zapachowych lub barwi\u0105cych.<br \/>Produkt wolny od metali ci\u0119\u017ckich, takich jak arsen, kadm, o\u0142\u00f3w czy rt\u0119\u0107.<\/p>\n<p>G\u0142\u00f3wny Inspektorat Sanitarny: 2022\/01\/11\/SD\/DE9A9C<\/p>\n<p>*Eliza Gos\u0142awska,\u00a0Dietetyk kliniczny,\u00a0https:\/\/www.domzdrowia.pl\/artykul\/lecytyna-nie-tylko-na-pamiec-1696 [Dost\u0119p:24.09.2019]\n<\/p><\/div>\n<\/p><\/div>\n","protected":false},"excerpt":{"rendered":"<p>Ostropest\u00a0plamisty\u00a0(Silybum marianium L.)\u00a0to\u00a0ro\u015blina z\u00a0rodziny astrowatych, pochodz\u0105ca z\u00a0basenu Morza \u015ar\u00f3dziemnego. Obecnie wyst\u0119puje powszechnie na\u00a0ca\u0142ym \u015bwiecie \u2013 ro\u015bnie g\u0142\u00f3wnie na\u00a0polach, \u0142\u0105kach i\u00a0w\u00a0ogrodach. Stosowany w\u00a0zielarstwie od\u00a0ponad 2000\u00a0lat, uprawiany jest komercyjnie w\u00a0Europie i\u00a0Ameryce. \u00a0 \u0179r\u00f3d\u0142o sylimaryny Surowcem zielarskim s\u0105 owoce \u2013 niewielkie szarobr\u0105zowe nie\u0142upki zlokalizowane w\u00a0koszyczkach kwiatowych. W\u00a01969\u00a0roku wyizolowano z\u00a0nich aktywne zwi\u0105zki, w tym\u00a0sylimaryn\u0119\u00a0(kompleks flawonolignan\u00f3w), kt\u00f3re zacz\u0119to stosowa\u0107 w [&#8230;]\n","protected":false},"featured_media":279111,"comment_status":"closed","ping_status":"open","template":"","meta":[],"product_brand":[5393],"product_cat":[5052,5094,5053],"product_tag":[],"class_list":{"0":"post-304972","1":"product","2":"type-product","3":"status-publish","4":"has-post-thumbnail","6":"product_brand-yango-2","7":"product_cat-sante-et-bien-etre","8":"product_cat-supplements-a-base-de-plantes","9":"product_cat-vitamines-et-mineraux","11":"first","12":"instock","13":"taxable","14":"shipping-taxable","15":"purchasable","16":"product-type-simple"},"yoast_head":"<!-- This site is optimized with the Yoast SEO Premium plugin v27.3 (Yoast SEO v27.3) - https:\/\/yoast.com\/product\/yoast-seo-premium-wordpress\/ -->\n<title>YANGO Silymarine (90 g\u00e9lules) - ECO Supplements<\/title>\n<meta name=\"description\" content=\"Wij hebben een ruime keuze aan producten van YANGO Silymarine (90 g\u00e9lules) . Winkel bij Eco Supplements altijd gratis verzending boven 100\u20ac\" \/>\n<meta name=\"robots\" content=\"index, follow, max-snippet:-1, max-image-preview:large, max-video-preview:-1\" \/>\n<link rel=\"canonical\" href=\"https:\/\/ecosupplements.be\/fr\/produit\/yango-sylimarin-90-caps\/\" \/>\n<meta property=\"og:locale\" content=\"fr_FR\" \/>\n<meta property=\"og:type\" content=\"article\" \/>\n<meta property=\"og:title\" content=\"YANGO Silymarine (90 g\u00e9lules)\" \/>\n<meta property=\"og:description\" content=\"Wij hebben een ruime keuze aan producten van YANGO Silymarine (90 g\u00e9lules) . Winkel bij Eco Supplements altijd gratis verzending boven 100\u20ac\" \/>\n<meta property=\"og:url\" content=\"https:\/\/ecosupplements.be\/fr\/produit\/yango-sylimarin-90-caps\/\" \/>\n<meta property=\"og:site_name\" content=\"ECO Supplements\" \/>\n<meta property=\"article:modified_time\" content=\"2025-08-28T03:30:34+00:00\" \/>\n<meta property=\"og:image\" content=\"https:\/\/ecosupplements.be\/wp-content\/uploads\/2025\/08\/YANGO-Sylimarin-90-caps.jpg\" \/>\n\t<meta property=\"og:image:width\" content=\"800\" \/>\n\t<meta property=\"og:image:height\" content=\"800\" \/>\n\t<meta property=\"og:image:type\" content=\"image\/jpeg\" \/>\n<meta name=\"twitter:card\" content=\"summary_large_image\" \/>\n<meta name=\"twitter:label1\" content=\"Prix\" \/>\n\t<meta name=\"twitter:data1\" content=\"18.78&nbsp;&euro;\" \/>\n\t<meta name=\"twitter:label2\" content=\"Disponibilit\u00e9\" \/>\n\t<meta name=\"twitter:data2\" content=\"En stock\" \/>\n<script type=\"application\/ld+json\" class=\"yoast-schema-graph\">{\"@context\":\"https:\\\/\\\/schema.org\",\"@graph\":[{\"@type\":[\"WebPage\",\"ItemPage\"],\"@id\":\"https:\\\/\\\/ecosupplements.be\\\/fr\\\/produit\\\/yango-sylimarin-90-caps\\\/\",\"url\":\"https:\\\/\\\/ecosupplements.be\\\/fr\\\/produit\\\/yango-sylimarin-90-caps\\\/\",\"name\":\"YANGO Silymarine (90 g\u00e9lules) - ECO Supplements\",\"isPartOf\":{\"@id\":\"https:\\\/\\\/ecosupplements.be\\\/fr\\\/#website\"},\"primaryImageOfPage\":{\"@id\":\"https:\\\/\\\/ecosupplements.be\\\/fr\\\/produit\\\/yango-sylimarin-90-caps\\\/#primaryimage\"},\"image\":{\"@id\":\"https:\\\/\\\/ecosupplements.be\\\/fr\\\/produit\\\/yango-sylimarin-90-caps\\\/#primaryimage\"},\"thumbnailUrl\":\"https:\\\/\\\/ecosupplements.be\\\/wp-content\\\/uploads\\\/2025\\\/08\\\/YANGO-Sylimarin-90-caps.jpg\",\"datePublished\":\"2025-07-28T03:45:13+00:00\",\"dateModified\":\"2025-08-28T03:30:34+00:00\",\"description\":\"Wij hebben een ruime keuze aan producten van YANGO Silymarine (90 g\u00e9lules) . Winkel bij Eco Supplements altijd gratis verzending boven 100\u20ac\",\"breadcrumb\":{\"@id\":\"https:\\\/\\\/ecosupplements.be\\\/fr\\\/produit\\\/yango-sylimarin-90-caps\\\/#breadcrumb\"},\"inLanguage\":\"fr-FR\",\"potentialAction\":[{\"@type\":\"ReadAction\",\"target\":[\"https:\\\/\\\/ecosupplements.be\\\/fr\\\/produit\\\/yango-sylimarin-90-caps\\\/\"]}]},{\"@type\":\"ImageObject\",\"inLanguage\":\"fr-FR\",\"@id\":\"https:\\\/\\\/ecosupplements.be\\\/fr\\\/produit\\\/yango-sylimarin-90-caps\\\/#primaryimage\",\"url\":\"https:\\\/\\\/ecosupplements.be\\\/wp-content\\\/uploads\\\/2025\\\/08\\\/YANGO-Sylimarin-90-caps.jpg\",\"contentUrl\":\"https:\\\/\\\/ecosupplements.be\\\/wp-content\\\/uploads\\\/2025\\\/08\\\/YANGO-Sylimarin-90-caps.jpg\",\"width\":800,\"height\":800},{\"@type\":\"BreadcrumbList\",\"@id\":\"https:\\\/\\\/ecosupplements.be\\\/fr\\\/produit\\\/yango-sylimarin-90-caps\\\/#breadcrumb\",\"itemListElement\":[{\"@type\":\"ListItem\",\"position\":1,\"name\":\"Home\",\"item\":\"https:\\\/\\\/ecosupplements.be\\\/fr\\\/\"},{\"@type\":\"ListItem\",\"position\":2,\"name\":\"Boutique\",\"item\":\"https:\\\/\\\/ecosupplements.be\\\/fr\\\/boutique\\\/\"},{\"@type\":\"ListItem\",\"position\":3,\"name\":\"YANGO Silymarine (90 g\u00e9lules)\"}]},{\"@type\":\"WebSite\",\"@id\":\"https:\\\/\\\/ecosupplements.be\\\/fr\\\/#website\",\"url\":\"https:\\\/\\\/ecosupplements.be\\\/fr\\\/\",\"name\":\"ECO Supplements\",\"description\":\"Eco Supplements - Gezonde supplementen\",\"publisher\":{\"@id\":\"https:\\\/\\\/ecosupplements.be\\\/fr\\\/#organization\"},\"potentialAction\":[{\"@type\":\"SearchAction\",\"target\":{\"@type\":\"EntryPoint\",\"urlTemplate\":\"https:\\\/\\\/ecosupplements.be\\\/fr\\\/?s={search_term_string}\"},\"query-input\":{\"@type\":\"PropertyValueSpecification\",\"valueRequired\":true,\"valueName\":\"search_term_string\"}}],\"inLanguage\":\"fr-FR\"},{\"@type\":\"Organization\",\"@id\":\"https:\\\/\\\/ecosupplements.be\\\/fr\\\/#organization\",\"name\":\"Eco Supplements\",\"url\":\"https:\\\/\\\/ecosupplements.be\\\/fr\\\/\",\"logo\":{\"@type\":\"ImageObject\",\"inLanguage\":\"fr-FR\",\"@id\":\"https:\\\/\\\/ecosupplements.be\\\/fr\\\/#\\\/schema\\\/logo\\\/image\\\/\",\"url\":\"https:\\\/\\\/ecosupplements.be\\\/wp-content\\\/uploads\\\/2022\\\/06\\\/ecosupplement-family.png\",\"contentUrl\":\"https:\\\/\\\/ecosupplements.be\\\/wp-content\\\/uploads\\\/2022\\\/06\\\/ecosupplement-family.png\",\"width\":593,\"height\":374,\"caption\":\"Eco Supplements\"},\"image\":{\"@id\":\"https:\\\/\\\/ecosupplements.be\\\/fr\\\/#\\\/schema\\\/logo\\\/image\\\/\"}}]}<\/script>\n<meta property=\"product:brand\" content=\"Yango\" \/>\n<meta property=\"product:price:amount\" content=\"18.78\" \/>\n<meta property=\"product:price:currency\" content=\"EUR\" \/>\n<meta property=\"og:availability\" content=\"instock\" \/>\n<meta property=\"product:availability\" content=\"instock\" \/>\n<meta property=\"product:retailer_item_id\" content=\"5904194061104\" \/>\n<meta property=\"product:condition\" content=\"new\" \/>\n<!-- \/ Yoast SEO Premium plugin. -->","yoast_head_json":{"title":"YANGO Silymarine (90 g\u00e9lules) - ECO Supplements","description":"Wij hebben een ruime keuze aan producten van YANGO Silymarine (90 g\u00e9lules) . Winkel bij Eco Supplements altijd gratis verzending boven 100\u20ac","robots":{"index":"index","follow":"follow","max-snippet":"max-snippet:-1","max-image-preview":"max-image-preview:large","max-video-preview":"max-video-preview:-1"},"canonical":"https:\/\/ecosupplements.be\/fr\/produit\/yango-sylimarin-90-caps\/","og_locale":"fr_FR","og_type":"article","og_title":"YANGO Silymarine (90 g\u00e9lules)","og_description":"Wij hebben een ruime keuze aan producten van YANGO Silymarine (90 g\u00e9lules) . Winkel bij Eco Supplements altijd gratis verzending boven 100\u20ac","og_url":"https:\/\/ecosupplements.be\/fr\/produit\/yango-sylimarin-90-caps\/","og_site_name":"ECO Supplements","article_modified_time":"2025-08-28T03:30:34+00:00","og_image":[{"width":800,"height":800,"url":"https:\/\/ecosupplements.be\/wp-content\/uploads\/2025\/08\/YANGO-Sylimarin-90-caps.jpg","type":"image\/jpeg"}],"twitter_card":"summary_large_image","twitter_misc":{"Prix":"18.78&nbsp;&euro;","Disponibilit\u00e9":"En stock"},"schema":{"@context":"https:\/\/schema.org","@graph":[{"@type":["WebPage","ItemPage"],"@id":"https:\/\/ecosupplements.be\/fr\/produit\/yango-sylimarin-90-caps\/","url":"https:\/\/ecosupplements.be\/fr\/produit\/yango-sylimarin-90-caps\/","name":"YANGO Silymarine (90 g\u00e9lules) - ECO Supplements","isPartOf":{"@id":"https:\/\/ecosupplements.be\/fr\/#website"},"primaryImageOfPage":{"@id":"https:\/\/ecosupplements.be\/fr\/produit\/yango-sylimarin-90-caps\/#primaryimage"},"image":{"@id":"https:\/\/ecosupplements.be\/fr\/produit\/yango-sylimarin-90-caps\/#primaryimage"},"thumbnailUrl":"https:\/\/ecosupplements.be\/wp-content\/uploads\/2025\/08\/YANGO-Sylimarin-90-caps.jpg","datePublished":"2025-07-28T03:45:13+00:00","dateModified":"2025-08-28T03:30:34+00:00","description":"Wij hebben een ruime keuze aan producten van YANGO Silymarine (90 g\u00e9lules) . Winkel bij Eco Supplements altijd gratis verzending boven 100\u20ac","breadcrumb":{"@id":"https:\/\/ecosupplements.be\/fr\/produit\/yango-sylimarin-90-caps\/#breadcrumb"},"inLanguage":"fr-FR","potentialAction":[{"@type":"ReadAction","target":["https:\/\/ecosupplements.be\/fr\/produit\/yango-sylimarin-90-caps\/"]}]},{"@type":"ImageObject","inLanguage":"fr-FR","@id":"https:\/\/ecosupplements.be\/fr\/produit\/yango-sylimarin-90-caps\/#primaryimage","url":"https:\/\/ecosupplements.be\/wp-content\/uploads\/2025\/08\/YANGO-Sylimarin-90-caps.jpg","contentUrl":"https:\/\/ecosupplements.be\/wp-content\/uploads\/2025\/08\/YANGO-Sylimarin-90-caps.jpg","width":800,"height":800},{"@type":"BreadcrumbList","@id":"https:\/\/ecosupplements.be\/fr\/produit\/yango-sylimarin-90-caps\/#breadcrumb","itemListElement":[{"@type":"ListItem","position":1,"name":"Home","item":"https:\/\/ecosupplements.be\/fr\/"},{"@type":"ListItem","position":2,"name":"Boutique","item":"https:\/\/ecosupplements.be\/fr\/boutique\/"},{"@type":"ListItem","position":3,"name":"YANGO Silymarine (90 g\u00e9lules)"}]},{"@type":"WebSite","@id":"https:\/\/ecosupplements.be\/fr\/#website","url":"https:\/\/ecosupplements.be\/fr\/","name":"ECO Supplements","description":"Eco Supplements - Gezonde supplementen","publisher":{"@id":"https:\/\/ecosupplements.be\/fr\/#organization"},"potentialAction":[{"@type":"SearchAction","target":{"@type":"EntryPoint","urlTemplate":"https:\/\/ecosupplements.be\/fr\/?s={search_term_string}"},"query-input":{"@type":"PropertyValueSpecification","valueRequired":true,"valueName":"search_term_string"}}],"inLanguage":"fr-FR"},{"@type":"Organization","@id":"https:\/\/ecosupplements.be\/fr\/#organization","name":"Eco Supplements","url":"https:\/\/ecosupplements.be\/fr\/","logo":{"@type":"ImageObject","inLanguage":"fr-FR","@id":"https:\/\/ecosupplements.be\/fr\/#\/schema\/logo\/image\/","url":"https:\/\/ecosupplements.be\/wp-content\/uploads\/2022\/06\/ecosupplement-family.png","contentUrl":"https:\/\/ecosupplements.be\/wp-content\/uploads\/2022\/06\/ecosupplement-family.png","width":593,"height":374,"caption":"Eco Supplements"},"image":{"@id":"https:\/\/ecosupplements.be\/fr\/#\/schema\/logo\/image\/"}}]},"product_brand":"Yango","product_price_amount":"18.78","product_price_currency":"EUR","og_availability":"instock","product_availability":"instock","product_retailer_item_id":"5904194061104","product_condition":"new"},"_links":{"self":[{"href":"https:\/\/ecosupplements.be\/fr\/wp-json\/wp\/v2\/product\/304972","targetHints":{"allow":["GET"]}}],"collection":[{"href":"https:\/\/ecosupplements.be\/fr\/wp-json\/wp\/v2\/product"}],"about":[{"href":"https:\/\/ecosupplements.be\/fr\/wp-json\/wp\/v2\/types\/product"}],"replies":[{"embeddable":true,"href":"https:\/\/ecosupplements.be\/fr\/wp-json\/wp\/v2\/comments?post=304972"}],"wp:featuredmedia":[{"embeddable":true,"href":"https:\/\/ecosupplements.be\/fr\/wp-json\/wp\/v2\/media\/279111"}],"wp:attachment":[{"href":"https:\/\/ecosupplements.be\/fr\/wp-json\/wp\/v2\/media?parent=304972"}],"wp:term":[{"taxonomy":"product_brand","embeddable":true,"href":"https:\/\/ecosupplements.be\/fr\/wp-json\/wp\/v2\/product_brand?post=304972"},{"taxonomy":"product_cat","embeddable":true,"href":"https:\/\/ecosupplements.be\/fr\/wp-json\/wp\/v2\/product_cat?post=304972"},{"taxonomy":"product_tag","embeddable":true,"href":"https:\/\/ecosupplements.be\/fr\/wp-json\/wp\/v2\/product_tag?post=304972"}],"curies":[{"name":"wp","href":"https:\/\/api.w.org\/{rel}","templated":true}]}}