{"id":305025,"date":"2025-07-28T05:45:14","date_gmt":"2025-07-28T04:45:14","guid":{"rendered":"https:\/\/ecosupplements.be\/product\/yango-calcium-frrom-red-algae-90-caps\/"},"modified":"2025-08-28T04:31:52","modified_gmt":"2025-08-28T03:31:52","slug":"yango-calcium-frrom-red-algae-90-caps","status":"publish","type":"product","link":"https:\/\/ecosupplements.be\/fr\/produit\/yango-calcium-frrom-red-algae-90-caps\/","title":{"rendered":"Calcium d&#8217;algues rouges YANGO (90 g\u00e9lules)"},"content":{"rendered":"<p>OPIS:<\/p>\n<h4>Wap\u0144 z Alg Czerwonych jeden z niezast\u0105pionych!<\/h4>\n<p style=\"font-weight:400\">Algi stanowi\u0105 bogate \u017ar\u00f3d\u0142o mikro- i makroelement\u00f3w, witamin oraz substancji o w\u0142a\u015bciwo\u015bciach przeciwutleniaj\u0105cych*.<br \/>Wap\u0144 znajduj\u0105cy si\u0119 w algach Lithothamnium calcareum wyr\u00f3\u017cnia si\u0119 du\u017c\u0105 biodost\u0119pno\u015bci\u0105*. Jest lepiej przyswajalny ni\u017c wap\u0144 z muszli ostryg i wapienia. Wap\u0144 z alg czerwonych wykazuje te\u017c wy\u017cszy wp\u0142yw na gospodark\u0119 wapniow\u0105 i poziom marker\u00f3w wapniowych w por\u00f3wnaniu z suplementem w\u0119glanu wapnia niepochodz\u0105cego z alg*.<\/p>\n<p style=\"font-weight:400\">Algi\u00a0<em>Lithothamnium calcareum<\/em>\u00a0pobieraj\u0105 z wody morskiej minera\u0142y i gromadz\u0105 je w postaci soli w\u0119glanowych w \u015bcianach kom\u00f3rkowych. Plechy alg sk\u0142adaj\u0105 si\u0119 a\u017c w 95-99,5% z minera\u0142\u00f3w. Zwapnia\u0142e fragmenty odrywaj\u0105 si\u0119 od \u017cywego organizmu i opadaj\u0105 na dno oceanu, sk\u0105d s\u0105 pobierane i suszone.\u00a0\u00a0<\/p>\n<h4>Wiedzia\u0142e\u015b o tym?<\/h4>\n<p style=\"font-weight:400\">\u2022 Wap\u0144 pomo\u017ce Ci w utrzymaniu zdrowych ko\u015bci jak i z\u0119b\u00f3w.\u00a0<br \/>\u2022 Dodatkowo zadba o sylwetk\u0119, wspomo\u017ce prawid\u0142owy metabolizm, dzi\u0119ki temu b\u0119dziesz mia\u0142 wi\u0119cej energii.<br \/>\u2022 Wap\u0144 przyczynia si\u0119 r\u00f3wnie\u017c do prawid\u0142owego krzepni\u0119cia krwi, lepszego funkcjonowania mi\u0119\u015bni.<br \/>\u2022 Wspomaga prawid\u0142ow\u0105 prac\u0119 neuroprzeka\u017anik\u00f3w, prze\u0142o\u017cy si\u0119 to na lepsze samopoczucie oraz zmniejszy uczucie stresu.<\/p>\n<p>\u00a0 \u00a0 \u00a0\u00a0<\/p>\n<table>\n<tbody>\n<tr>\n<td><img loading=\"lazy\" decoding=\"async\" src=\"https:\/\/ecosupplements.be\/wp-content\/uploads\/2025\/08\/Tick24pxH-1.png\" alt=\"\" width=\"22\" height=\"24\" \/><\/td>\n<td>Ekstrakt standaryzowany z alg morskich na zawarto\u015b\u0107 wapnia<\/td>\n<\/tr>\n<tr>\n<td><img loading=\"lazy\" decoding=\"async\" src=\"https:\/\/ecosupplements.be\/wp-content\/uploads\/2025\/08\/Tick24pxH-1.png\" alt=\"\" width=\"22\" height=\"24\" \/><\/td>\n<td>Bez dodatk\u00f3w i wype\u0142niaczy!<\/td>\n<\/tr>\n<tr>\n<td><img loading=\"lazy\" decoding=\"async\" src=\"https:\/\/ecosupplements.be\/wp-content\/uploads\/2025\/08\/Tick24pxH-1.png\" alt=\"\" width=\"22\" height=\"24\" \/><\/td>\n<td>Bezpieczny dla wegan i wegetarian!<\/td>\n<\/tr>\n<\/tbody>\n<\/table>\n<p>\u00a0<\/p>\n<p><strong><br \/>Wap\u0144 jest potrzeby do utrzymania zdrowych ko\u015bci i z\u0119b\u00f3w oraz pomaga w prawid\u0142owym funkcjonowaniu mi\u0119\u015bni. <\/strong><\/p>\n<p>SK\u0141AD:<\/p>\n<p class=\"Standard\" style=\"text-align:justify\">Wap\u0144 z alg morskich (Lithothamnium calcareum). Sk\u0142ad kapsu\u0142ki: Celuloza ro\u015blinna (wegetaria\u0144skie)<\/p>\n<table style=\"height:75px\" width=\"511\" border=\"1\">\n<tbody>\n<tr>\n<td><strong>Sk\u0142adnik aktywny<\/strong><\/td>\n<td><strong>1 kapsu\u0142ka<\/strong><\/td>\n<td><strong>2 kapsu\u0142ki<\/strong><\/td>\n<\/tr>\n<tr>\n<td>Algi morskie<\/td>\n<td>600 mg<\/td>\n<td>1200 mg<\/td>\n<\/tr>\n<tr>\n<td>\u00a0w tym wap\u0144 (33%)<\/td>\n<td>198 mg (24,75%*)<\/td>\n<td>396 mg (49,5%*)<\/td>\n<\/tr>\n<\/tbody>\n<\/table>\n<p>*RWS &#8211; Referencyjna warto\u015b\u0107 spo\u017cycia\u00a0 \u00a0 \u00a0 \u00a0 \u00a0<\/p>\n<p>* Referencyjna warto\u015b\u0107 spo\u017cycia dla przeci\u0119tnej osoby doros\u0142ej.<\/p>\n<p class=\"Standard\" style=\"text-align:justify\">SPOS\u00d3B U\u017bYCIA:<b><br \/><\/b><\/p>\n<p class=\"Standard\" style=\"text-align:justify\">Jedna kapsu\u0142ka 2 razy dziennie.<\/p>\n<p class=\"Standard\" style=\"text-align:justify\">Nie nale\u017cy przekracza\u0107 zalecanej porcji do spo\u017cycia w ci\u0105gu dnia.<\/p>\n<p class=\"Standard\" style=\"text-align:justify\">Suplement diety nie mo\u017ce by\u0107 stosowany jako substytut (zamiennik) zr\u00f3\u017cnicowanej diety.<\/p>\n<p class=\"Standard\" style=\"text-align:justify\">Zr\u00f3\u017cnicowana dieta i zdrowy tryb \u017cycia s\u0105 istotne dla zachowania zdrowia. Suplementy diety powinny by\u0107 przechowywane w spos\u00f3b niedost\u0119pny dla ma\u0142ych dzieci.<\/p>\n<p class=\"Standard\" style=\"text-align:justify\">SPOS\u00d3B PRZECHOWYWANIA:<\/p>\n<p class=\"Standard\" style=\"text-align:justify\">Chroni\u0107 przed bezpo\u015brednim oddzia\u0142ywaniem promieni s\u0142onecznych. Przechowywa\u0107 w temperaturze pokojowej w suchym miejscu niedost\u0119pnym dla ma\u0142ych dzieci.<\/p>\n","protected":false},"excerpt":{"rendered":"<p>OPIS: Wap\u0144 z Alg Czerwonych jeden z niezast\u0105pionych! Algi stanowi\u0105 bogate \u017ar\u00f3d\u0142o mikro- i makroelement\u00f3w, witamin oraz substancji o w\u0142a\u015bciwo\u015bciach przeciwutleniaj\u0105cych*.Wap\u0144 znajduj\u0105cy si\u0119 w algach Lithothamnium calcareum wyr\u00f3\u017cnia si\u0119 du\u017c\u0105 biodost\u0119pno\u015bci\u0105*. Jest lepiej przyswajalny ni\u017c wap\u0144 z muszli ostryg i wapienia. Wap\u0144 z alg czerwonych wykazuje te\u017c wy\u017cszy wp\u0142yw na gospodark\u0119 wapniow\u0105 i poziom marker\u00f3w [&#8230;]\n","protected":false},"featured_media":279162,"comment_status":"closed","ping_status":"open","template":"","meta":[],"product_brand":[5393],"product_cat":[5064,5053],"product_tag":[],"class_list":{"0":"post-305025","1":"product","2":"type-product","3":"status-publish","4":"has-post-thumbnail","6":"product_brand-yango-2","7":"product_cat-mineraux-simples","8":"product_cat-vitamines-et-mineraux","10":"first","11":"instock","12":"taxable","13":"shipping-taxable","14":"purchasable","15":"product-type-simple"},"yoast_head":"<!-- This site is optimized with the Yoast SEO Premium plugin v27.5 (Yoast SEO v27.5) - https:\/\/yoast.com\/product\/yoast-seo-premium-wordpress\/ -->\n<title>Calcium d&#039;algues rouges YANGO (90 g\u00e9lules) - ECO Supplements<\/title>\n<meta name=\"description\" content=\"Wij hebben een ruime keuze aan producten van Calcium d&#039;algues rouges YANGO (90 g\u00e9lules) . Winkel bij Eco Supplements altijd gratis verzending boven 100\u20ac\" \/>\n<meta name=\"robots\" content=\"index, follow, max-snippet:-1, max-image-preview:large, max-video-preview:-1\" \/>\n<link rel=\"canonical\" href=\"https:\/\/ecosupplements.be\/fr\/produit\/yango-calcium-frrom-red-algae-90-caps\/\" \/>\n<meta property=\"og:locale\" content=\"fr_FR\" \/>\n<meta property=\"og:type\" content=\"article\" \/>\n<meta property=\"og:title\" content=\"Calcium d&#039;algues rouges YANGO (90 g\u00e9lules)\" \/>\n<meta property=\"og:description\" content=\"Wij hebben een ruime keuze aan producten van Calcium d&#039;algues rouges YANGO (90 g\u00e9lules) . Winkel bij Eco Supplements altijd gratis verzending boven 100\u20ac\" \/>\n<meta property=\"og:url\" content=\"https:\/\/ecosupplements.be\/fr\/produit\/yango-calcium-frrom-red-algae-90-caps\/\" \/>\n<meta property=\"og:site_name\" content=\"ECO Supplements\" \/>\n<meta property=\"article:modified_time\" content=\"2025-08-28T03:31:52+00:00\" \/>\n<meta property=\"og:image\" content=\"https:\/\/ecosupplements.be\/wp-content\/uploads\/2025\/08\/YANGO-Calcium-frrom-red-algae-90-caps.jpg\" \/>\n\t<meta property=\"og:image:width\" content=\"800\" \/>\n\t<meta property=\"og:image:height\" content=\"800\" \/>\n\t<meta property=\"og:image:type\" content=\"image\/jpeg\" \/>\n<meta name=\"twitter:card\" content=\"summary_large_image\" \/>\n<meta name=\"twitter:label1\" content=\"Prix\" \/>\n\t<meta name=\"twitter:data1\" content=\"8.58&nbsp;&euro;\" \/>\n\t<meta name=\"twitter:label2\" content=\"Disponibilit\u00e9\" \/>\n\t<meta name=\"twitter:data2\" content=\"En stock\" \/>\n<script type=\"application\/ld+json\" class=\"yoast-schema-graph\">{\"@context\":\"https:\\\/\\\/schema.org\",\"@graph\":[{\"@type\":[\"WebPage\",\"ItemPage\"],\"@id\":\"https:\\\/\\\/ecosupplements.be\\\/fr\\\/produit\\\/yango-calcium-frrom-red-algae-90-caps\\\/\",\"url\":\"https:\\\/\\\/ecosupplements.be\\\/fr\\\/produit\\\/yango-calcium-frrom-red-algae-90-caps\\\/\",\"name\":\"Calcium d'algues rouges YANGO (90 g\u00e9lules) - ECO Supplements\",\"isPartOf\":{\"@id\":\"https:\\\/\\\/ecosupplements.be\\\/fr\\\/#website\"},\"primaryImageOfPage\":{\"@id\":\"https:\\\/\\\/ecosupplements.be\\\/fr\\\/produit\\\/yango-calcium-frrom-red-algae-90-caps\\\/#primaryimage\"},\"image\":{\"@id\":\"https:\\\/\\\/ecosupplements.be\\\/fr\\\/produit\\\/yango-calcium-frrom-red-algae-90-caps\\\/#primaryimage\"},\"thumbnailUrl\":\"https:\\\/\\\/ecosupplements.be\\\/wp-content\\\/uploads\\\/2025\\\/08\\\/YANGO-Calcium-frrom-red-algae-90-caps.jpg\",\"datePublished\":\"2025-07-28T04:45:14+00:00\",\"dateModified\":\"2025-08-28T03:31:52+00:00\",\"description\":\"Wij hebben een ruime keuze aan producten van Calcium d'algues rouges YANGO (90 g\u00e9lules) . Winkel bij Eco Supplements altijd gratis verzending boven 100\u20ac\",\"breadcrumb\":{\"@id\":\"https:\\\/\\\/ecosupplements.be\\\/fr\\\/produit\\\/yango-calcium-frrom-red-algae-90-caps\\\/#breadcrumb\"},\"inLanguage\":\"fr-FR\",\"potentialAction\":[{\"@type\":\"ReadAction\",\"target\":[\"https:\\\/\\\/ecosupplements.be\\\/fr\\\/produit\\\/yango-calcium-frrom-red-algae-90-caps\\\/\"]}]},{\"@type\":\"ImageObject\",\"inLanguage\":\"fr-FR\",\"@id\":\"https:\\\/\\\/ecosupplements.be\\\/fr\\\/produit\\\/yango-calcium-frrom-red-algae-90-caps\\\/#primaryimage\",\"url\":\"https:\\\/\\\/ecosupplements.be\\\/wp-content\\\/uploads\\\/2025\\\/08\\\/YANGO-Calcium-frrom-red-algae-90-caps.jpg\",\"contentUrl\":\"https:\\\/\\\/ecosupplements.be\\\/wp-content\\\/uploads\\\/2025\\\/08\\\/YANGO-Calcium-frrom-red-algae-90-caps.jpg\",\"width\":800,\"height\":800},{\"@type\":\"BreadcrumbList\",\"@id\":\"https:\\\/\\\/ecosupplements.be\\\/fr\\\/produit\\\/yango-calcium-frrom-red-algae-90-caps\\\/#breadcrumb\",\"itemListElement\":[{\"@type\":\"ListItem\",\"position\":1,\"name\":\"Home\",\"item\":\"https:\\\/\\\/ecosupplements.be\\\/fr\\\/\"},{\"@type\":\"ListItem\",\"position\":2,\"name\":\"Boutique\",\"item\":\"https:\\\/\\\/ecosupplements.be\\\/fr\\\/boutique\\\/\"},{\"@type\":\"ListItem\",\"position\":3,\"name\":\"Calcium d&#8217;algues rouges YANGO (90 g\u00e9lules)\"}]},{\"@type\":\"WebSite\",\"@id\":\"https:\\\/\\\/ecosupplements.be\\\/fr\\\/#website\",\"url\":\"https:\\\/\\\/ecosupplements.be\\\/fr\\\/\",\"name\":\"ECO Supplements\",\"description\":\"Eco Supplements - Gezonde supplementen\",\"publisher\":{\"@id\":\"https:\\\/\\\/ecosupplements.be\\\/fr\\\/#organization\"},\"potentialAction\":[{\"@type\":\"SearchAction\",\"target\":{\"@type\":\"EntryPoint\",\"urlTemplate\":\"https:\\\/\\\/ecosupplements.be\\\/fr\\\/?s={search_term_string}\"},\"query-input\":{\"@type\":\"PropertyValueSpecification\",\"valueRequired\":true,\"valueName\":\"search_term_string\"}}],\"inLanguage\":\"fr-FR\"},{\"@type\":\"Organization\",\"@id\":\"https:\\\/\\\/ecosupplements.be\\\/fr\\\/#organization\",\"name\":\"Eco Supplements\",\"url\":\"https:\\\/\\\/ecosupplements.be\\\/fr\\\/\",\"logo\":{\"@type\":\"ImageObject\",\"inLanguage\":\"fr-FR\",\"@id\":\"https:\\\/\\\/ecosupplements.be\\\/fr\\\/#\\\/schema\\\/logo\\\/image\\\/\",\"url\":\"https:\\\/\\\/ecosupplements.be\\\/wp-content\\\/uploads\\\/2022\\\/06\\\/ecosupplement-family.png\",\"contentUrl\":\"https:\\\/\\\/ecosupplements.be\\\/wp-content\\\/uploads\\\/2022\\\/06\\\/ecosupplement-family.png\",\"width\":593,\"height\":374,\"caption\":\"Eco Supplements\"},\"image\":{\"@id\":\"https:\\\/\\\/ecosupplements.be\\\/fr\\\/#\\\/schema\\\/logo\\\/image\\\/\"}}]}<\/script>\n<meta property=\"product:brand\" content=\"Yango\" \/>\n<meta property=\"product:price:amount\" content=\"8.58\" \/>\n<meta property=\"product:price:currency\" content=\"EUR\" \/>\n<meta property=\"og:availability\" content=\"instock\" \/>\n<meta property=\"product:availability\" content=\"instock\" \/>\n<meta property=\"product:retailer_item_id\" content=\"5903796650198\" \/>\n<meta property=\"product:condition\" content=\"new\" \/>\n<!-- \/ Yoast SEO Premium plugin. -->","yoast_head_json":{"title":"Calcium d'algues rouges YANGO (90 g\u00e9lules) - ECO Supplements","description":"Wij hebben een ruime keuze aan producten van Calcium d'algues rouges YANGO (90 g\u00e9lules) . Winkel bij Eco Supplements altijd gratis verzending boven 100\u20ac","robots":{"index":"index","follow":"follow","max-snippet":"max-snippet:-1","max-image-preview":"max-image-preview:large","max-video-preview":"max-video-preview:-1"},"canonical":"https:\/\/ecosupplements.be\/fr\/produit\/yango-calcium-frrom-red-algae-90-caps\/","og_locale":"fr_FR","og_type":"article","og_title":"Calcium d'algues rouges YANGO (90 g\u00e9lules)","og_description":"Wij hebben een ruime keuze aan producten van Calcium d'algues rouges YANGO (90 g\u00e9lules) . Winkel bij Eco Supplements altijd gratis verzending boven 100\u20ac","og_url":"https:\/\/ecosupplements.be\/fr\/produit\/yango-calcium-frrom-red-algae-90-caps\/","og_site_name":"ECO Supplements","article_modified_time":"2025-08-28T03:31:52+00:00","og_image":[{"width":800,"height":800,"url":"https:\/\/ecosupplements.be\/wp-content\/uploads\/2025\/08\/YANGO-Calcium-frrom-red-algae-90-caps.jpg","type":"image\/jpeg"}],"twitter_card":"summary_large_image","twitter_misc":{"Prix":"8.58&nbsp;&euro;","Disponibilit\u00e9":"En stock"},"schema":{"@context":"https:\/\/schema.org","@graph":[{"@type":["WebPage","ItemPage"],"@id":"https:\/\/ecosupplements.be\/fr\/produit\/yango-calcium-frrom-red-algae-90-caps\/","url":"https:\/\/ecosupplements.be\/fr\/produit\/yango-calcium-frrom-red-algae-90-caps\/","name":"Calcium d'algues rouges YANGO (90 g\u00e9lules) - ECO Supplements","isPartOf":{"@id":"https:\/\/ecosupplements.be\/fr\/#website"},"primaryImageOfPage":{"@id":"https:\/\/ecosupplements.be\/fr\/produit\/yango-calcium-frrom-red-algae-90-caps\/#primaryimage"},"image":{"@id":"https:\/\/ecosupplements.be\/fr\/produit\/yango-calcium-frrom-red-algae-90-caps\/#primaryimage"},"thumbnailUrl":"https:\/\/ecosupplements.be\/wp-content\/uploads\/2025\/08\/YANGO-Calcium-frrom-red-algae-90-caps.jpg","datePublished":"2025-07-28T04:45:14+00:00","dateModified":"2025-08-28T03:31:52+00:00","description":"Wij hebben een ruime keuze aan producten van Calcium d'algues rouges YANGO (90 g\u00e9lules) . Winkel bij Eco Supplements altijd gratis verzending boven 100\u20ac","breadcrumb":{"@id":"https:\/\/ecosupplements.be\/fr\/produit\/yango-calcium-frrom-red-algae-90-caps\/#breadcrumb"},"inLanguage":"fr-FR","potentialAction":[{"@type":"ReadAction","target":["https:\/\/ecosupplements.be\/fr\/produit\/yango-calcium-frrom-red-algae-90-caps\/"]}]},{"@type":"ImageObject","inLanguage":"fr-FR","@id":"https:\/\/ecosupplements.be\/fr\/produit\/yango-calcium-frrom-red-algae-90-caps\/#primaryimage","url":"https:\/\/ecosupplements.be\/wp-content\/uploads\/2025\/08\/YANGO-Calcium-frrom-red-algae-90-caps.jpg","contentUrl":"https:\/\/ecosupplements.be\/wp-content\/uploads\/2025\/08\/YANGO-Calcium-frrom-red-algae-90-caps.jpg","width":800,"height":800},{"@type":"BreadcrumbList","@id":"https:\/\/ecosupplements.be\/fr\/produit\/yango-calcium-frrom-red-algae-90-caps\/#breadcrumb","itemListElement":[{"@type":"ListItem","position":1,"name":"Home","item":"https:\/\/ecosupplements.be\/fr\/"},{"@type":"ListItem","position":2,"name":"Boutique","item":"https:\/\/ecosupplements.be\/fr\/boutique\/"},{"@type":"ListItem","position":3,"name":"Calcium d&#8217;algues rouges YANGO (90 g\u00e9lules)"}]},{"@type":"WebSite","@id":"https:\/\/ecosupplements.be\/fr\/#website","url":"https:\/\/ecosupplements.be\/fr\/","name":"ECO Supplements","description":"Eco Supplements - Gezonde supplementen","publisher":{"@id":"https:\/\/ecosupplements.be\/fr\/#organization"},"potentialAction":[{"@type":"SearchAction","target":{"@type":"EntryPoint","urlTemplate":"https:\/\/ecosupplements.be\/fr\/?s={search_term_string}"},"query-input":{"@type":"PropertyValueSpecification","valueRequired":true,"valueName":"search_term_string"}}],"inLanguage":"fr-FR"},{"@type":"Organization","@id":"https:\/\/ecosupplements.be\/fr\/#organization","name":"Eco Supplements","url":"https:\/\/ecosupplements.be\/fr\/","logo":{"@type":"ImageObject","inLanguage":"fr-FR","@id":"https:\/\/ecosupplements.be\/fr\/#\/schema\/logo\/image\/","url":"https:\/\/ecosupplements.be\/wp-content\/uploads\/2022\/06\/ecosupplement-family.png","contentUrl":"https:\/\/ecosupplements.be\/wp-content\/uploads\/2022\/06\/ecosupplement-family.png","width":593,"height":374,"caption":"Eco Supplements"},"image":{"@id":"https:\/\/ecosupplements.be\/fr\/#\/schema\/logo\/image\/"}}]},"product_brand":"Yango","product_price_amount":"8.58","product_price_currency":"EUR","og_availability":"instock","product_availability":"instock","product_retailer_item_id":"5903796650198","product_condition":"new"},"_links":{"self":[{"href":"https:\/\/ecosupplements.be\/fr\/wp-json\/wp\/v2\/product\/305025","targetHints":{"allow":["GET"]}}],"collection":[{"href":"https:\/\/ecosupplements.be\/fr\/wp-json\/wp\/v2\/product"}],"about":[{"href":"https:\/\/ecosupplements.be\/fr\/wp-json\/wp\/v2\/types\/product"}],"replies":[{"embeddable":true,"href":"https:\/\/ecosupplements.be\/fr\/wp-json\/wp\/v2\/comments?post=305025"}],"wp:featuredmedia":[{"embeddable":true,"href":"https:\/\/ecosupplements.be\/fr\/wp-json\/wp\/v2\/media\/279162"}],"wp:attachment":[{"href":"https:\/\/ecosupplements.be\/fr\/wp-json\/wp\/v2\/media?parent=305025"}],"wp:term":[{"taxonomy":"product_brand","embeddable":true,"href":"https:\/\/ecosupplements.be\/fr\/wp-json\/wp\/v2\/product_brand?post=305025"},{"taxonomy":"product_cat","embeddable":true,"href":"https:\/\/ecosupplements.be\/fr\/wp-json\/wp\/v2\/product_cat?post=305025"},{"taxonomy":"product_tag","embeddable":true,"href":"https:\/\/ecosupplements.be\/fr\/wp-json\/wp\/v2\/product_tag?post=305025"}],"curies":[{"name":"wp","href":"https:\/\/api.w.org\/{rel}","templated":true}]}}