{"id":305046,"date":"2025-07-28T06:15:14","date_gmt":"2025-07-28T05:15:14","guid":{"rendered":"https:\/\/ecosupplements.be\/product\/yango-vitamin-c-with-bioflavonoids-organic-zinc-90-caps\/"},"modified":"2025-08-28T04:32:24","modified_gmt":"2025-08-28T03:32:24","slug":"yango-vitamin-c-with-bioflavonoids-organic-zinc-90-caps","status":"publish","type":"product","link":"https:\/\/ecosupplements.be\/fr\/produit\/yango-vitamin-c-with-bioflavonoids-organic-zinc-90-caps\/","title":{"rendered":"Vitamine C avec Bioflavono\u00efdes + Zinc Organique (90 g\u00e9lules)"},"content":{"rendered":"<div id=\"description\">OPIS:<\/p>\n<p>Witamina C pe\u0142ni szereg kluczowych funkcji. Przyczynia si\u0119 do utrzymania prawid\u0142owego funkcjonowania uk\u0142adu odporno\u015bciowego i nerwowego. Jako silny antyoksydant, chroni kom\u00f3rki przed stresem oksydacyjnym i przyczynia si\u0119 do zmniejszenia uczucia zm\u0119czenia. Zwi\u0119ksza wch\u0142anianie i dzia\u0142anie wielu innych witamin i minera\u0142\u00f3w m. in. \u017celaza, wapnia czy fosforu czy witaminy E. Przyczynia si\u0119 r\u00f3wnie\u017c do tworzenia kolagenu oraz prawid\u0142owego funkcjonowania naczy\u0144 krwiono\u015bnych, sk\u00f3ry czy chrz\u0105stek.<\/p>\n<p>Cynk wspiera prawid\u0142ow\u0105 syntez\u0119 DNA, pozytywnie wp\u0142ywa na prawid\u0142owy metabolizm kwasowo \u2013 zasadowy i metabolizm w\u0119glowodan\u00f3w. Poprawia wygl\u0105d sk\u00f3ry, w\u0142os\u00f3w i paznokci. Pomaga utrzymywa\u0107 odpowiedni poziom hormon\u00f3w tarczycy i wspomaga dzia\u0142anie uk\u0142adu nerwowego.<\/p>\n<p>Bioflawonoidy cytrusowe to nic innego jak polifenole, kt\u00f3re skutecznie spowalniaj\u0105 wolne rodniki tlenowe, powoduj\u0105ce degradacj\u0119 kom\u00f3rek naszego organizmu. Stanowi\u0105 zatem idealne wsparcie dla witaminy C i cynku. <\/p>\n<table>\n<tbody>\n<tr>\n<td><img loading=\"lazy\" decoding=\"async\" src=\"https:\/\/ecosupplements.be\/wp-content\/uploads\/2025\/08\/Tick24pxH-1.png\" alt=\"\" width=\"22\" height=\"24\" \/><\/td>\n<td>665 mg sk\u0142adnik\u00f3w aktywnych w dawce dziennej<\/td>\n<\/tr>\n<tr>\n<td><img loading=\"lazy\" decoding=\"async\" src=\"https:\/\/ecosupplements.be\/wp-content\/uploads\/2025\/08\/Tick24pxH-1.png\" alt=\"\" width=\"22\" height=\"24\" \/><\/td>\n<td>Jedno opakowanie wystarczy na 3 miesi\u0105ce suplementacji<\/td>\n<\/tr>\n<tr>\n<td><img loading=\"lazy\" decoding=\"async\" src=\"https:\/\/ecosupplements.be\/wp-content\/uploads\/2025\/08\/Tick24pxH-1.png\" alt=\"\" width=\"22\" height=\"24\" \/><\/td>\n<td>Bez dodatk\u00f3w i wype\u0142niaczy<\/td>\n<\/tr>\n<tr>\n<td><img loading=\"lazy\" decoding=\"async\" src=\"https:\/\/ecosupplements.be\/wp-content\/uploads\/2025\/08\/Tick24pxH-1.png\" alt=\"\" width=\"22\" height=\"24\" \/><\/td>\n<td>Kapsu\u0142ki wykonane z celulozy ro\u015blinnej<\/td>\n<\/tr>\n<\/tbody>\n<\/table>\n<p>SK\u0141ADNIKI:<br \/><span>Kwas L-askorbinowy (witamina C), pikolinian cynku (cynk), ekstrakt z pomara\u0144czy s\u0142odkiej (Citrus sinensis) standaryzowany na zawarto\u015b\u0107 50% bioflawonoid\u00f3w cytrusowych.\u00a0Sk\u0142ad kapsu\u0142ki: celuloza ro\u015blinna (wegetaria\u0144skie)<\/p>\n<p><\/span><\/span> <\/p>\n<table style=\"height:127px\" width=\"532\" border=\"3\">\n<tbody>\n<tr>\n<td><strong>Sk\u0142adniki<\/strong><\/td>\n<td><strong>W dziennej porcji (1 kapsu\u0142ka)<\/strong><\/td>\n<td><strong>RWS<\/strong><\/td>\n<\/tr>\n<tr>\n<td>Witamina C<\/td>\n<td>440 mg<\/td>\n<td>550%<\/td>\n<\/tr>\n<tr>\n<td>Cynk organiczny<\/td>\n<td>15 mg<\/td>\n<td>150%<\/td>\n<\/tr>\n<tr>\n<td>Pomara\u0144cza s\u0142odka &#8211; ekstrakt<br \/>w tym bioflawonoidy cytrusowe (50%) <\/p>\n<\/td>\n<td>60 mg<br \/>30 mg<\/p>\n<\/td>\n<td>&#8211;<\/td>\n<\/tr>\n<\/tbody>\n<\/table>\n<p>SPOS\u00d3B U\u017bYCIA:<strong><br \/><\/strong><\/p>\n<p><span>1 kapsu\u0142ka raz dziennie. Kapsu\u0142k\u0119 po\u0142kn\u0105\u0107 i popi\u0107 du\u017c\u0105 ilo\u015bci\u0105 wody po posi\u0142ku. <br \/><\/span><\/span><\/p>\n<p> PRZECIWWSKAZANIA: <\/p>\n<p>Nie przekracza\u0107 zalecanej dziennej porcji. Suplement diety nie mo\u017ce by\u0107 stosowany jako substytut zr\u00f3\u017cnicowanej diety i zdrowego trybu \u017cycia. Osoby przyjmuj\u0105ce leki powinny przed u\u017cyciem skonsultowa\u0107 si\u0119 z lekarzem lub farmaceut\u0105. Niewskazane dzieciom, kobietom w ci\u0105\u017cy oraz karmi\u0105cym.<\/p>\n<p>SPOS\u00d3B PRZECHOWYWANIA:<\/p>\n<p> Chroni\u0107 od \u015bwiat\u0142a, przechowywa\u0107 w temperaturze poni\u017cej 25 \u00b0C, w ch\u0142odnym i suchym miejscu niedost\u0119pnym dla ma\u0142ych dzieci.<\/p><\/div>\n","protected":false},"excerpt":{"rendered":"<p>OPIS: Witamina C pe\u0142ni szereg kluczowych funkcji. Przyczynia si\u0119 do utrzymania prawid\u0142owego funkcjonowania uk\u0142adu odporno\u015bciowego i nerwowego. Jako silny antyoksydant, chroni kom\u00f3rki przed stresem oksydacyjnym i przyczynia si\u0119 do zmniejszenia uczucia zm\u0119czenia. Zwi\u0119ksza wch\u0142anianie i dzia\u0142anie wielu innych witamin i minera\u0142\u00f3w m. in. \u017celaza, wapnia czy fosforu czy witaminy E. Przyczynia si\u0119 r\u00f3wnie\u017c do tworzenia [&#8230;]\n","protected":false},"featured_media":279183,"comment_status":"closed","ping_status":"open","template":"","meta":[],"product_brand":[5393],"product_cat":[5053,5059],"product_tag":[],"class_list":{"0":"post-305046","1":"product","2":"type-product","3":"status-publish","4":"has-post-thumbnail","6":"product_brand-yango-2","7":"product_cat-vitamines-et-mineraux","8":"product_cat-vitamines-simples","10":"first","11":"instock","12":"taxable","13":"shipping-taxable","14":"purchasable","15":"product-type-simple"},"yoast_head":"<!-- This site is optimized with the Yoast SEO Premium plugin v27.3 (Yoast SEO v27.3) - https:\/\/yoast.com\/product\/yoast-seo-premium-wordpress\/ -->\n<title>Vitamine C avec Bioflavono\u00efdes + Zinc Organique (90 g\u00e9lules) - ECO Supplements<\/title>\n<meta name=\"description\" content=\"Wij hebben een ruime keuze aan producten van Vitamine C avec Bioflavono\u00efdes + Zinc Organique (90 g\u00e9lules) . Winkel bij Eco Supplements altijd gratis verzending boven 100\u20ac\" \/>\n<meta name=\"robots\" content=\"index, follow, max-snippet:-1, max-image-preview:large, max-video-preview:-1\" \/>\n<link rel=\"canonical\" href=\"https:\/\/ecosupplements.be\/fr\/produit\/yango-vitamin-c-with-bioflavonoids-organic-zinc-90-caps\/\" \/>\n<meta property=\"og:locale\" content=\"fr_FR\" \/>\n<meta property=\"og:type\" content=\"article\" \/>\n<meta property=\"og:title\" content=\"Vitamine C avec Bioflavono\u00efdes + Zinc Organique (90 g\u00e9lules)\" \/>\n<meta property=\"og:description\" content=\"Wij hebben een ruime keuze aan producten van Vitamine C avec Bioflavono\u00efdes + Zinc Organique (90 g\u00e9lules) . Winkel bij Eco Supplements altijd gratis verzending boven 100\u20ac\" \/>\n<meta property=\"og:url\" content=\"https:\/\/ecosupplements.be\/fr\/produit\/yango-vitamin-c-with-bioflavonoids-organic-zinc-90-caps\/\" \/>\n<meta property=\"og:site_name\" content=\"ECO Supplements\" \/>\n<meta property=\"article:modified_time\" content=\"2025-08-28T03:32:24+00:00\" \/>\n<meta property=\"og:image\" content=\"https:\/\/ecosupplements.be\/wp-content\/uploads\/2025\/08\/YANGO-Vitamin-C-with-Bioflavonoids-Organic-Zinc-90-caps.jpg\" \/>\n\t<meta property=\"og:image:width\" content=\"1000\" \/>\n\t<meta property=\"og:image:height\" content=\"1243\" \/>\n\t<meta property=\"og:image:type\" content=\"image\/jpeg\" \/>\n<meta name=\"twitter:card\" content=\"summary_large_image\" \/>\n<meta name=\"twitter:label1\" content=\"Prix\" \/>\n\t<meta name=\"twitter:data1\" content=\"8.26&nbsp;&euro;\" \/>\n\t<meta name=\"twitter:label2\" content=\"Disponibilit\u00e9\" \/>\n\t<meta name=\"twitter:data2\" content=\"En stock\" \/>\n<script type=\"application\/ld+json\" class=\"yoast-schema-graph\">{\"@context\":\"https:\\\/\\\/schema.org\",\"@graph\":[{\"@type\":[\"WebPage\",\"ItemPage\"],\"@id\":\"https:\\\/\\\/ecosupplements.be\\\/fr\\\/produit\\\/yango-vitamin-c-with-bioflavonoids-organic-zinc-90-caps\\\/\",\"url\":\"https:\\\/\\\/ecosupplements.be\\\/fr\\\/produit\\\/yango-vitamin-c-with-bioflavonoids-organic-zinc-90-caps\\\/\",\"name\":\"Vitamine C avec Bioflavono\u00efdes + Zinc Organique (90 g\u00e9lules) - ECO Supplements\",\"isPartOf\":{\"@id\":\"https:\\\/\\\/ecosupplements.be\\\/fr\\\/#website\"},\"primaryImageOfPage\":{\"@id\":\"https:\\\/\\\/ecosupplements.be\\\/fr\\\/produit\\\/yango-vitamin-c-with-bioflavonoids-organic-zinc-90-caps\\\/#primaryimage\"},\"image\":{\"@id\":\"https:\\\/\\\/ecosupplements.be\\\/fr\\\/produit\\\/yango-vitamin-c-with-bioflavonoids-organic-zinc-90-caps\\\/#primaryimage\"},\"thumbnailUrl\":\"https:\\\/\\\/ecosupplements.be\\\/wp-content\\\/uploads\\\/2025\\\/08\\\/YANGO-Vitamin-C-with-Bioflavonoids-Organic-Zinc-90-caps.jpg\",\"datePublished\":\"2025-07-28T05:15:14+00:00\",\"dateModified\":\"2025-08-28T03:32:24+00:00\",\"description\":\"Wij hebben een ruime keuze aan producten van Vitamine C avec Bioflavono\u00efdes + Zinc Organique (90 g\u00e9lules) . Winkel bij Eco Supplements altijd gratis verzending boven 100\u20ac\",\"breadcrumb\":{\"@id\":\"https:\\\/\\\/ecosupplements.be\\\/fr\\\/produit\\\/yango-vitamin-c-with-bioflavonoids-organic-zinc-90-caps\\\/#breadcrumb\"},\"inLanguage\":\"fr-FR\",\"potentialAction\":[{\"@type\":\"ReadAction\",\"target\":[\"https:\\\/\\\/ecosupplements.be\\\/fr\\\/produit\\\/yango-vitamin-c-with-bioflavonoids-organic-zinc-90-caps\\\/\"]}]},{\"@type\":\"ImageObject\",\"inLanguage\":\"fr-FR\",\"@id\":\"https:\\\/\\\/ecosupplements.be\\\/fr\\\/produit\\\/yango-vitamin-c-with-bioflavonoids-organic-zinc-90-caps\\\/#primaryimage\",\"url\":\"https:\\\/\\\/ecosupplements.be\\\/wp-content\\\/uploads\\\/2025\\\/08\\\/YANGO-Vitamin-C-with-Bioflavonoids-Organic-Zinc-90-caps.jpg\",\"contentUrl\":\"https:\\\/\\\/ecosupplements.be\\\/wp-content\\\/uploads\\\/2025\\\/08\\\/YANGO-Vitamin-C-with-Bioflavonoids-Organic-Zinc-90-caps.jpg\",\"width\":1000,\"height\":1243},{\"@type\":\"BreadcrumbList\",\"@id\":\"https:\\\/\\\/ecosupplements.be\\\/fr\\\/produit\\\/yango-vitamin-c-with-bioflavonoids-organic-zinc-90-caps\\\/#breadcrumb\",\"itemListElement\":[{\"@type\":\"ListItem\",\"position\":1,\"name\":\"Home\",\"item\":\"https:\\\/\\\/ecosupplements.be\\\/fr\\\/\"},{\"@type\":\"ListItem\",\"position\":2,\"name\":\"Boutique\",\"item\":\"https:\\\/\\\/ecosupplements.be\\\/fr\\\/boutique\\\/\"},{\"@type\":\"ListItem\",\"position\":3,\"name\":\"Vitamine C avec Bioflavono\u00efdes + Zinc Organique (90 g\u00e9lules)\"}]},{\"@type\":\"WebSite\",\"@id\":\"https:\\\/\\\/ecosupplements.be\\\/fr\\\/#website\",\"url\":\"https:\\\/\\\/ecosupplements.be\\\/fr\\\/\",\"name\":\"ECO Supplements\",\"description\":\"Eco Supplements - Gezonde supplementen\",\"publisher\":{\"@id\":\"https:\\\/\\\/ecosupplements.be\\\/fr\\\/#organization\"},\"potentialAction\":[{\"@type\":\"SearchAction\",\"target\":{\"@type\":\"EntryPoint\",\"urlTemplate\":\"https:\\\/\\\/ecosupplements.be\\\/fr\\\/?s={search_term_string}\"},\"query-input\":{\"@type\":\"PropertyValueSpecification\",\"valueRequired\":true,\"valueName\":\"search_term_string\"}}],\"inLanguage\":\"fr-FR\"},{\"@type\":\"Organization\",\"@id\":\"https:\\\/\\\/ecosupplements.be\\\/fr\\\/#organization\",\"name\":\"Eco Supplements\",\"url\":\"https:\\\/\\\/ecosupplements.be\\\/fr\\\/\",\"logo\":{\"@type\":\"ImageObject\",\"inLanguage\":\"fr-FR\",\"@id\":\"https:\\\/\\\/ecosupplements.be\\\/fr\\\/#\\\/schema\\\/logo\\\/image\\\/\",\"url\":\"https:\\\/\\\/ecosupplements.be\\\/wp-content\\\/uploads\\\/2022\\\/06\\\/ecosupplement-family.png\",\"contentUrl\":\"https:\\\/\\\/ecosupplements.be\\\/wp-content\\\/uploads\\\/2022\\\/06\\\/ecosupplement-family.png\",\"width\":593,\"height\":374,\"caption\":\"Eco Supplements\"},\"image\":{\"@id\":\"https:\\\/\\\/ecosupplements.be\\\/fr\\\/#\\\/schema\\\/logo\\\/image\\\/\"}}]}<\/script>\n<meta property=\"product:brand\" content=\"Yango\" \/>\n<meta property=\"product:price:amount\" content=\"8.26\" \/>\n<meta property=\"product:price:currency\" content=\"EUR\" \/>\n<meta property=\"og:availability\" content=\"instock\" \/>\n<meta property=\"product:availability\" content=\"instock\" \/>\n<meta property=\"product:retailer_item_id\" content=\"5904194060589\" \/>\n<meta property=\"product:condition\" content=\"new\" \/>\n<!-- \/ Yoast SEO Premium plugin. -->","yoast_head_json":{"title":"Vitamine C avec Bioflavono\u00efdes + Zinc Organique (90 g\u00e9lules) - ECO Supplements","description":"Wij hebben een ruime keuze aan producten van Vitamine C avec Bioflavono\u00efdes + Zinc Organique (90 g\u00e9lules) . Winkel bij Eco Supplements altijd gratis verzending boven 100\u20ac","robots":{"index":"index","follow":"follow","max-snippet":"max-snippet:-1","max-image-preview":"max-image-preview:large","max-video-preview":"max-video-preview:-1"},"canonical":"https:\/\/ecosupplements.be\/fr\/produit\/yango-vitamin-c-with-bioflavonoids-organic-zinc-90-caps\/","og_locale":"fr_FR","og_type":"article","og_title":"Vitamine C avec Bioflavono\u00efdes + Zinc Organique (90 g\u00e9lules)","og_description":"Wij hebben een ruime keuze aan producten van Vitamine C avec Bioflavono\u00efdes + Zinc Organique (90 g\u00e9lules) . Winkel bij Eco Supplements altijd gratis verzending boven 100\u20ac","og_url":"https:\/\/ecosupplements.be\/fr\/produit\/yango-vitamin-c-with-bioflavonoids-organic-zinc-90-caps\/","og_site_name":"ECO Supplements","article_modified_time":"2025-08-28T03:32:24+00:00","og_image":[{"width":1000,"height":1243,"url":"https:\/\/ecosupplements.be\/wp-content\/uploads\/2025\/08\/YANGO-Vitamin-C-with-Bioflavonoids-Organic-Zinc-90-caps.jpg","type":"image\/jpeg"}],"twitter_card":"summary_large_image","twitter_misc":{"Prix":"8.26&nbsp;&euro;","Disponibilit\u00e9":"En stock"},"schema":{"@context":"https:\/\/schema.org","@graph":[{"@type":["WebPage","ItemPage"],"@id":"https:\/\/ecosupplements.be\/fr\/produit\/yango-vitamin-c-with-bioflavonoids-organic-zinc-90-caps\/","url":"https:\/\/ecosupplements.be\/fr\/produit\/yango-vitamin-c-with-bioflavonoids-organic-zinc-90-caps\/","name":"Vitamine C avec Bioflavono\u00efdes + Zinc Organique (90 g\u00e9lules) - ECO Supplements","isPartOf":{"@id":"https:\/\/ecosupplements.be\/fr\/#website"},"primaryImageOfPage":{"@id":"https:\/\/ecosupplements.be\/fr\/produit\/yango-vitamin-c-with-bioflavonoids-organic-zinc-90-caps\/#primaryimage"},"image":{"@id":"https:\/\/ecosupplements.be\/fr\/produit\/yango-vitamin-c-with-bioflavonoids-organic-zinc-90-caps\/#primaryimage"},"thumbnailUrl":"https:\/\/ecosupplements.be\/wp-content\/uploads\/2025\/08\/YANGO-Vitamin-C-with-Bioflavonoids-Organic-Zinc-90-caps.jpg","datePublished":"2025-07-28T05:15:14+00:00","dateModified":"2025-08-28T03:32:24+00:00","description":"Wij hebben een ruime keuze aan producten van Vitamine C avec Bioflavono\u00efdes + Zinc Organique (90 g\u00e9lules) . Winkel bij Eco Supplements altijd gratis verzending boven 100\u20ac","breadcrumb":{"@id":"https:\/\/ecosupplements.be\/fr\/produit\/yango-vitamin-c-with-bioflavonoids-organic-zinc-90-caps\/#breadcrumb"},"inLanguage":"fr-FR","potentialAction":[{"@type":"ReadAction","target":["https:\/\/ecosupplements.be\/fr\/produit\/yango-vitamin-c-with-bioflavonoids-organic-zinc-90-caps\/"]}]},{"@type":"ImageObject","inLanguage":"fr-FR","@id":"https:\/\/ecosupplements.be\/fr\/produit\/yango-vitamin-c-with-bioflavonoids-organic-zinc-90-caps\/#primaryimage","url":"https:\/\/ecosupplements.be\/wp-content\/uploads\/2025\/08\/YANGO-Vitamin-C-with-Bioflavonoids-Organic-Zinc-90-caps.jpg","contentUrl":"https:\/\/ecosupplements.be\/wp-content\/uploads\/2025\/08\/YANGO-Vitamin-C-with-Bioflavonoids-Organic-Zinc-90-caps.jpg","width":1000,"height":1243},{"@type":"BreadcrumbList","@id":"https:\/\/ecosupplements.be\/fr\/produit\/yango-vitamin-c-with-bioflavonoids-organic-zinc-90-caps\/#breadcrumb","itemListElement":[{"@type":"ListItem","position":1,"name":"Home","item":"https:\/\/ecosupplements.be\/fr\/"},{"@type":"ListItem","position":2,"name":"Boutique","item":"https:\/\/ecosupplements.be\/fr\/boutique\/"},{"@type":"ListItem","position":3,"name":"Vitamine C avec Bioflavono\u00efdes + Zinc Organique (90 g\u00e9lules)"}]},{"@type":"WebSite","@id":"https:\/\/ecosupplements.be\/fr\/#website","url":"https:\/\/ecosupplements.be\/fr\/","name":"ECO Supplements","description":"Eco Supplements - Gezonde supplementen","publisher":{"@id":"https:\/\/ecosupplements.be\/fr\/#organization"},"potentialAction":[{"@type":"SearchAction","target":{"@type":"EntryPoint","urlTemplate":"https:\/\/ecosupplements.be\/fr\/?s={search_term_string}"},"query-input":{"@type":"PropertyValueSpecification","valueRequired":true,"valueName":"search_term_string"}}],"inLanguage":"fr-FR"},{"@type":"Organization","@id":"https:\/\/ecosupplements.be\/fr\/#organization","name":"Eco Supplements","url":"https:\/\/ecosupplements.be\/fr\/","logo":{"@type":"ImageObject","inLanguage":"fr-FR","@id":"https:\/\/ecosupplements.be\/fr\/#\/schema\/logo\/image\/","url":"https:\/\/ecosupplements.be\/wp-content\/uploads\/2022\/06\/ecosupplement-family.png","contentUrl":"https:\/\/ecosupplements.be\/wp-content\/uploads\/2022\/06\/ecosupplement-family.png","width":593,"height":374,"caption":"Eco Supplements"},"image":{"@id":"https:\/\/ecosupplements.be\/fr\/#\/schema\/logo\/image\/"}}]},"product_brand":"Yango","product_price_amount":"8.26","product_price_currency":"EUR","og_availability":"instock","product_availability":"instock","product_retailer_item_id":"5904194060589","product_condition":"new"},"_links":{"self":[{"href":"https:\/\/ecosupplements.be\/fr\/wp-json\/wp\/v2\/product\/305046","targetHints":{"allow":["GET"]}}],"collection":[{"href":"https:\/\/ecosupplements.be\/fr\/wp-json\/wp\/v2\/product"}],"about":[{"href":"https:\/\/ecosupplements.be\/fr\/wp-json\/wp\/v2\/types\/product"}],"replies":[{"embeddable":true,"href":"https:\/\/ecosupplements.be\/fr\/wp-json\/wp\/v2\/comments?post=305046"}],"wp:featuredmedia":[{"embeddable":true,"href":"https:\/\/ecosupplements.be\/fr\/wp-json\/wp\/v2\/media\/279183"}],"wp:attachment":[{"href":"https:\/\/ecosupplements.be\/fr\/wp-json\/wp\/v2\/media?parent=305046"}],"wp:term":[{"taxonomy":"product_brand","embeddable":true,"href":"https:\/\/ecosupplements.be\/fr\/wp-json\/wp\/v2\/product_brand?post=305046"},{"taxonomy":"product_cat","embeddable":true,"href":"https:\/\/ecosupplements.be\/fr\/wp-json\/wp\/v2\/product_cat?post=305046"},{"taxonomy":"product_tag","embeddable":true,"href":"https:\/\/ecosupplements.be\/fr\/wp-json\/wp\/v2\/product_tag?post=305046"}],"curies":[{"name":"wp","href":"https:\/\/api.w.org\/{rel}","templated":true}]}}