{"id":305061,"date":"2025-07-28T06:30:24","date_gmt":"2025-07-28T05:30:24","guid":{"rendered":"https:\/\/ecosupplements.be\/product\/yango-vitamin-d3-apple-pectin-jellies-40-jellies\/"},"modified":"2025-08-28T04:32:44","modified_gmt":"2025-08-28T03:32:44","slug":"yango-vitamin-d3-apple-pectin-jellies-40-jellies","status":"publish","type":"product","link":"https:\/\/ecosupplements.be\/fr\/produit\/yango-vitamin-d3-apple-pectin-jellies-40-jellies\/","title":{"rendered":"Gommes \u00e0 la vitamine D3 et \u00e0 la pectine de pomme YANGO (40 gommes)"},"content":{"rendered":"<p><strong>Nom du produit :<\/strong> YANGO Vitamin D3 apple pectin jellies (40 jellies)<\/p>\n<p><strong>Description :<\/strong> Savourez le go\u00fbt naturel et la qualit\u00e9 exceptionnelle des jellies \u00e0 la pectine de pomme enrichies en vitamine D3. Con\u00e7ues pour \u00eatre int\u00e9gr\u00e9es facilement dans votre quotidien, ces g\u00e9lifi\u00e9s sans sucre ajout\u00e9 offrent une exp\u00e9rience gustative agr\u00e9able avec leur saveur naturelle.<\/p>\n<p><strong>Ingr\u00e9dients principaux :<\/strong> Pectine de pomme, \u00e9dulcorants (sirop de maltitol, maltitol), ar\u00f4me naturel de framboise, vitamine D3 v\u00e9gane en huile MCT, antioxydant (D-alfa-tocoph\u00e9rol), agent d&#8217;enrobage (cire de carnauba).<\/p>\n<p><strong>Contenu et emballage :<\/strong> Chaque paquet contient 40 jellies d\u00e9licieusement pr\u00e9par\u00e9es pour compl\u00e9menter votre alimentation quotidienne.<\/p>\n<p><strong>Utilisation recommand\u00e9e :<\/strong> Consommer une jelly par jour pour les enfants \u00e0 partir de 3 ans. Les adolescents d\u00e8s 11 ans et les adultes peuvent consommer jusqu&#8217;\u00e0 deux jellies par jour.<\/p>\n<p><strong>Caract\u00e9ristiques pratiques :<\/strong> Ces jellies sont faciles \u00e0 prendre n&#8217;importe o\u00f9 gr\u00e2ce \u00e0 leur format pratique. Leur texture g\u00e9lifi\u00e9e et leur go\u00fbt fruit\u00e9 en font un choix id\u00e9al pour toute la famille.<\/p>\n<p>Ces informations sont fournies dans le but d&#8217;accompagner un mode de vie actif et ne remplacent pas une alimentation vari\u00e9e et \u00e9quilibr\u00e9e.<\/p>\n","protected":false},"excerpt":{"rendered":"<p>Nom du produit : YANGO Vitamin D3 apple pectin jellies (40 jellies) Description : Savourez le go\u00fbt naturel et la qualit\u00e9 exceptionnelle des jellies \u00e0 la pectine de pomme enrichies en vitamine D3. Con\u00e7ues pour \u00eatre int\u00e9gr\u00e9es facilement dans votre quotidien, ces g\u00e9lifi\u00e9s sans sucre ajout\u00e9 offrent une exp\u00e9rience gustative agr\u00e9able avec leur saveur naturelle. [&#8230;]\n","protected":false},"featured_media":279198,"comment_status":"closed","ping_status":"open","template":"","meta":[],"product_brand":[5393],"product_cat":[5053,5059],"product_tag":[],"class_list":{"0":"post-305061","1":"product","2":"type-product","3":"status-publish","4":"has-post-thumbnail","6":"product_brand-yango-2","7":"product_cat-vitamines-et-mineraux","8":"product_cat-vitamines-simples","10":"first","11":"instock","12":"taxable","13":"shipping-taxable","14":"purchasable","15":"product-type-simple"},"yoast_head":"<!-- This site is optimized with the Yoast SEO Premium plugin v27.3 (Yoast SEO v27.3) - https:\/\/yoast.com\/product\/yoast-seo-premium-wordpress\/ -->\n<title>Gommes \u00e0 la vitamine D3 et \u00e0 la pectine de pomme YANGO (40 gommes) - ECO Supplements<\/title>\n<meta name=\"description\" content=\"Wij hebben een ruime keuze aan producten van Gommes \u00e0 la vitamine D3 et \u00e0 la pectine de pomme YANGO (40 gommes) . Winkel bij Eco Supplements altijd gratis verzending boven 100\u20ac\" \/>\n<meta name=\"robots\" content=\"index, follow, max-snippet:-1, max-image-preview:large, max-video-preview:-1\" \/>\n<link rel=\"canonical\" href=\"https:\/\/ecosupplements.be\/fr\/produit\/yango-vitamin-d3-apple-pectin-jellies-40-jellies\/\" \/>\n<meta property=\"og:locale\" content=\"fr_FR\" \/>\n<meta property=\"og:type\" content=\"article\" \/>\n<meta property=\"og:title\" content=\"Gommes \u00e0 la vitamine D3 et \u00e0 la pectine de pomme YANGO (40 gommes)\" \/>\n<meta property=\"og:description\" content=\"Wij hebben een ruime keuze aan producten van Gommes \u00e0 la vitamine D3 et \u00e0 la pectine de pomme YANGO (40 gommes) . Winkel bij Eco Supplements altijd gratis verzending boven 100\u20ac\" \/>\n<meta property=\"og:url\" content=\"https:\/\/ecosupplements.be\/fr\/produit\/yango-vitamin-d3-apple-pectin-jellies-40-jellies\/\" \/>\n<meta property=\"og:site_name\" content=\"ECO Supplements\" \/>\n<meta property=\"article:modified_time\" content=\"2025-08-28T03:32:44+00:00\" \/>\n<meta property=\"og:image\" content=\"https:\/\/ecosupplements.be\/wp-content\/uploads\/2025\/08\/Yango-YANGO-Vitamin-D3-apple-pectin-jellies-40-jellies.jpg\" \/>\n\t<meta property=\"og:image:width\" content=\"596\" \/>\n\t<meta property=\"og:image:height\" content=\"662\" \/>\n\t<meta property=\"og:image:type\" content=\"image\/jpeg\" \/>\n<meta name=\"twitter:card\" content=\"summary_large_image\" \/>\n<meta name=\"twitter:label1\" content=\"Prix\" \/>\n\t<meta name=\"twitter:data1\" content=\"8.32&nbsp;&euro;\" \/>\n\t<meta name=\"twitter:label2\" content=\"Disponibilit\u00e9\" \/>\n\t<meta name=\"twitter:data2\" content=\"En stock\" \/>\n<script type=\"application\/ld+json\" class=\"yoast-schema-graph\">{\"@context\":\"https:\\\/\\\/schema.org\",\"@graph\":[{\"@type\":[\"WebPage\",\"ItemPage\"],\"@id\":\"https:\\\/\\\/ecosupplements.be\\\/fr\\\/produit\\\/yango-vitamin-d3-apple-pectin-jellies-40-jellies\\\/\",\"url\":\"https:\\\/\\\/ecosupplements.be\\\/fr\\\/produit\\\/yango-vitamin-d3-apple-pectin-jellies-40-jellies\\\/\",\"name\":\"Gommes \u00e0 la vitamine D3 et \u00e0 la pectine de pomme YANGO (40 gommes) - ECO Supplements\",\"isPartOf\":{\"@id\":\"https:\\\/\\\/ecosupplements.be\\\/fr\\\/#website\"},\"primaryImageOfPage\":{\"@id\":\"https:\\\/\\\/ecosupplements.be\\\/fr\\\/produit\\\/yango-vitamin-d3-apple-pectin-jellies-40-jellies\\\/#primaryimage\"},\"image\":{\"@id\":\"https:\\\/\\\/ecosupplements.be\\\/fr\\\/produit\\\/yango-vitamin-d3-apple-pectin-jellies-40-jellies\\\/#primaryimage\"},\"thumbnailUrl\":\"https:\\\/\\\/ecosupplements.be\\\/wp-content\\\/uploads\\\/2025\\\/08\\\/YANGO-Vitamin-D3-apple-pectin-jellies-40-jellies.jpg\",\"datePublished\":\"2025-07-28T05:30:24+00:00\",\"dateModified\":\"2025-08-28T03:32:44+00:00\",\"description\":\"Wij hebben een ruime keuze aan producten van Gommes \u00e0 la vitamine D3 et \u00e0 la pectine de pomme YANGO (40 gommes) . Winkel bij Eco Supplements altijd gratis verzending boven 100\u20ac\",\"breadcrumb\":{\"@id\":\"https:\\\/\\\/ecosupplements.be\\\/fr\\\/produit\\\/yango-vitamin-d3-apple-pectin-jellies-40-jellies\\\/#breadcrumb\"},\"inLanguage\":\"fr-FR\",\"potentialAction\":[{\"@type\":\"ReadAction\",\"target\":[\"https:\\\/\\\/ecosupplements.be\\\/fr\\\/produit\\\/yango-vitamin-d3-apple-pectin-jellies-40-jellies\\\/\"]}]},{\"@type\":\"ImageObject\",\"inLanguage\":\"fr-FR\",\"@id\":\"https:\\\/\\\/ecosupplements.be\\\/fr\\\/produit\\\/yango-vitamin-d3-apple-pectin-jellies-40-jellies\\\/#primaryimage\",\"url\":\"https:\\\/\\\/ecosupplements.be\\\/wp-content\\\/uploads\\\/2025\\\/08\\\/YANGO-Vitamin-D3-apple-pectin-jellies-40-jellies.jpg\",\"contentUrl\":\"https:\\\/\\\/ecosupplements.be\\\/wp-content\\\/uploads\\\/2025\\\/08\\\/YANGO-Vitamin-D3-apple-pectin-jellies-40-jellies.jpg\",\"width\":596,\"height\":662},{\"@type\":\"BreadcrumbList\",\"@id\":\"https:\\\/\\\/ecosupplements.be\\\/fr\\\/produit\\\/yango-vitamin-d3-apple-pectin-jellies-40-jellies\\\/#breadcrumb\",\"itemListElement\":[{\"@type\":\"ListItem\",\"position\":1,\"name\":\"Home\",\"item\":\"https:\\\/\\\/ecosupplements.be\\\/fr\\\/\"},{\"@type\":\"ListItem\",\"position\":2,\"name\":\"Boutique\",\"item\":\"https:\\\/\\\/ecosupplements.be\\\/fr\\\/boutique\\\/\"},{\"@type\":\"ListItem\",\"position\":3,\"name\":\"Gommes \u00e0 la vitamine D3 et \u00e0 la pectine de pomme YANGO (40 gommes)\"}]},{\"@type\":\"WebSite\",\"@id\":\"https:\\\/\\\/ecosupplements.be\\\/fr\\\/#website\",\"url\":\"https:\\\/\\\/ecosupplements.be\\\/fr\\\/\",\"name\":\"ECO Supplements\",\"description\":\"Eco Supplements - Gezonde supplementen\",\"publisher\":{\"@id\":\"https:\\\/\\\/ecosupplements.be\\\/fr\\\/#organization\"},\"potentialAction\":[{\"@type\":\"SearchAction\",\"target\":{\"@type\":\"EntryPoint\",\"urlTemplate\":\"https:\\\/\\\/ecosupplements.be\\\/fr\\\/?s={search_term_string}\"},\"query-input\":{\"@type\":\"PropertyValueSpecification\",\"valueRequired\":true,\"valueName\":\"search_term_string\"}}],\"inLanguage\":\"fr-FR\"},{\"@type\":\"Organization\",\"@id\":\"https:\\\/\\\/ecosupplements.be\\\/fr\\\/#organization\",\"name\":\"Eco Supplements\",\"url\":\"https:\\\/\\\/ecosupplements.be\\\/fr\\\/\",\"logo\":{\"@type\":\"ImageObject\",\"inLanguage\":\"fr-FR\",\"@id\":\"https:\\\/\\\/ecosupplements.be\\\/fr\\\/#\\\/schema\\\/logo\\\/image\\\/\",\"url\":\"https:\\\/\\\/ecosupplements.be\\\/wp-content\\\/uploads\\\/2022\\\/06\\\/ecosupplement-family.png\",\"contentUrl\":\"https:\\\/\\\/ecosupplements.be\\\/wp-content\\\/uploads\\\/2022\\\/06\\\/ecosupplement-family.png\",\"width\":593,\"height\":374,\"caption\":\"Eco Supplements\"},\"image\":{\"@id\":\"https:\\\/\\\/ecosupplements.be\\\/fr\\\/#\\\/schema\\\/logo\\\/image\\\/\"}}]}<\/script>\n<meta property=\"product:brand\" content=\"Yango\" \/>\n<meta property=\"product:price:amount\" content=\"8.32\" \/>\n<meta property=\"product:price:currency\" content=\"EUR\" \/>\n<meta property=\"og:availability\" content=\"instock\" \/>\n<meta property=\"product:availability\" content=\"instock\" \/>\n<meta property=\"product:retailer_item_id\" content=\"5904194063962\" \/>\n<meta property=\"product:condition\" content=\"new\" \/>\n<!-- \/ Yoast SEO Premium plugin. -->","yoast_head_json":{"title":"Gommes \u00e0 la vitamine D3 et \u00e0 la pectine de pomme YANGO (40 gommes) - ECO Supplements","description":"Wij hebben een ruime keuze aan producten van Gommes \u00e0 la vitamine D3 et \u00e0 la pectine de pomme YANGO (40 gommes) . Winkel bij Eco Supplements altijd gratis verzending boven 100\u20ac","robots":{"index":"index","follow":"follow","max-snippet":"max-snippet:-1","max-image-preview":"max-image-preview:large","max-video-preview":"max-video-preview:-1"},"canonical":"https:\/\/ecosupplements.be\/fr\/produit\/yango-vitamin-d3-apple-pectin-jellies-40-jellies\/","og_locale":"fr_FR","og_type":"article","og_title":"Gommes \u00e0 la vitamine D3 et \u00e0 la pectine de pomme YANGO (40 gommes)","og_description":"Wij hebben een ruime keuze aan producten van Gommes \u00e0 la vitamine D3 et \u00e0 la pectine de pomme YANGO (40 gommes) . Winkel bij Eco Supplements altijd gratis verzending boven 100\u20ac","og_url":"https:\/\/ecosupplements.be\/fr\/produit\/yango-vitamin-d3-apple-pectin-jellies-40-jellies\/","og_site_name":"ECO Supplements","article_modified_time":"2025-08-28T03:32:44+00:00","og_image":[{"width":596,"height":662,"url":"https:\/\/ecosupplements.be\/wp-content\/uploads\/2025\/08\/Yango-YANGO-Vitamin-D3-apple-pectin-jellies-40-jellies.jpg","type":"image\/jpeg"}],"twitter_card":"summary_large_image","twitter_misc":{"Prix":"8.32&nbsp;&euro;","Disponibilit\u00e9":"En stock"},"schema":{"@context":"https:\/\/schema.org","@graph":[{"@type":["WebPage","ItemPage"],"@id":"https:\/\/ecosupplements.be\/fr\/produit\/yango-vitamin-d3-apple-pectin-jellies-40-jellies\/","url":"https:\/\/ecosupplements.be\/fr\/produit\/yango-vitamin-d3-apple-pectin-jellies-40-jellies\/","name":"Gommes \u00e0 la vitamine D3 et \u00e0 la pectine de pomme YANGO (40 gommes) - ECO Supplements","isPartOf":{"@id":"https:\/\/ecosupplements.be\/fr\/#website"},"primaryImageOfPage":{"@id":"https:\/\/ecosupplements.be\/fr\/produit\/yango-vitamin-d3-apple-pectin-jellies-40-jellies\/#primaryimage"},"image":{"@id":"https:\/\/ecosupplements.be\/fr\/produit\/yango-vitamin-d3-apple-pectin-jellies-40-jellies\/#primaryimage"},"thumbnailUrl":"https:\/\/ecosupplements.be\/wp-content\/uploads\/2025\/08\/YANGO-Vitamin-D3-apple-pectin-jellies-40-jellies.jpg","datePublished":"2025-07-28T05:30:24+00:00","dateModified":"2025-08-28T03:32:44+00:00","description":"Wij hebben een ruime keuze aan producten van Gommes \u00e0 la vitamine D3 et \u00e0 la pectine de pomme YANGO (40 gommes) . Winkel bij Eco Supplements altijd gratis verzending boven 100\u20ac","breadcrumb":{"@id":"https:\/\/ecosupplements.be\/fr\/produit\/yango-vitamin-d3-apple-pectin-jellies-40-jellies\/#breadcrumb"},"inLanguage":"fr-FR","potentialAction":[{"@type":"ReadAction","target":["https:\/\/ecosupplements.be\/fr\/produit\/yango-vitamin-d3-apple-pectin-jellies-40-jellies\/"]}]},{"@type":"ImageObject","inLanguage":"fr-FR","@id":"https:\/\/ecosupplements.be\/fr\/produit\/yango-vitamin-d3-apple-pectin-jellies-40-jellies\/#primaryimage","url":"https:\/\/ecosupplements.be\/wp-content\/uploads\/2025\/08\/YANGO-Vitamin-D3-apple-pectin-jellies-40-jellies.jpg","contentUrl":"https:\/\/ecosupplements.be\/wp-content\/uploads\/2025\/08\/YANGO-Vitamin-D3-apple-pectin-jellies-40-jellies.jpg","width":596,"height":662},{"@type":"BreadcrumbList","@id":"https:\/\/ecosupplements.be\/fr\/produit\/yango-vitamin-d3-apple-pectin-jellies-40-jellies\/#breadcrumb","itemListElement":[{"@type":"ListItem","position":1,"name":"Home","item":"https:\/\/ecosupplements.be\/fr\/"},{"@type":"ListItem","position":2,"name":"Boutique","item":"https:\/\/ecosupplements.be\/fr\/boutique\/"},{"@type":"ListItem","position":3,"name":"Gommes \u00e0 la vitamine D3 et \u00e0 la pectine de pomme YANGO (40 gommes)"}]},{"@type":"WebSite","@id":"https:\/\/ecosupplements.be\/fr\/#website","url":"https:\/\/ecosupplements.be\/fr\/","name":"ECO Supplements","description":"Eco Supplements - Gezonde supplementen","publisher":{"@id":"https:\/\/ecosupplements.be\/fr\/#organization"},"potentialAction":[{"@type":"SearchAction","target":{"@type":"EntryPoint","urlTemplate":"https:\/\/ecosupplements.be\/fr\/?s={search_term_string}"},"query-input":{"@type":"PropertyValueSpecification","valueRequired":true,"valueName":"search_term_string"}}],"inLanguage":"fr-FR"},{"@type":"Organization","@id":"https:\/\/ecosupplements.be\/fr\/#organization","name":"Eco Supplements","url":"https:\/\/ecosupplements.be\/fr\/","logo":{"@type":"ImageObject","inLanguage":"fr-FR","@id":"https:\/\/ecosupplements.be\/fr\/#\/schema\/logo\/image\/","url":"https:\/\/ecosupplements.be\/wp-content\/uploads\/2022\/06\/ecosupplement-family.png","contentUrl":"https:\/\/ecosupplements.be\/wp-content\/uploads\/2022\/06\/ecosupplement-family.png","width":593,"height":374,"caption":"Eco Supplements"},"image":{"@id":"https:\/\/ecosupplements.be\/fr\/#\/schema\/logo\/image\/"}}]},"product_brand":"Yango","product_price_amount":"8.32","product_price_currency":"EUR","og_availability":"instock","product_availability":"instock","product_retailer_item_id":"5904194063962","product_condition":"new"},"_links":{"self":[{"href":"https:\/\/ecosupplements.be\/fr\/wp-json\/wp\/v2\/product\/305061","targetHints":{"allow":["GET"]}}],"collection":[{"href":"https:\/\/ecosupplements.be\/fr\/wp-json\/wp\/v2\/product"}],"about":[{"href":"https:\/\/ecosupplements.be\/fr\/wp-json\/wp\/v2\/types\/product"}],"replies":[{"embeddable":true,"href":"https:\/\/ecosupplements.be\/fr\/wp-json\/wp\/v2\/comments?post=305061"}],"wp:featuredmedia":[{"embeddable":true,"href":"https:\/\/ecosupplements.be\/fr\/wp-json\/wp\/v2\/media\/279198"}],"wp:attachment":[{"href":"https:\/\/ecosupplements.be\/fr\/wp-json\/wp\/v2\/media?parent=305061"}],"wp:term":[{"taxonomy":"product_brand","embeddable":true,"href":"https:\/\/ecosupplements.be\/fr\/wp-json\/wp\/v2\/product_brand?post=305061"},{"taxonomy":"product_cat","embeddable":true,"href":"https:\/\/ecosupplements.be\/fr\/wp-json\/wp\/v2\/product_cat?post=305061"},{"taxonomy":"product_tag","embeddable":true,"href":"https:\/\/ecosupplements.be\/fr\/wp-json\/wp\/v2\/product_tag?post=305061"}],"curies":[{"name":"wp","href":"https:\/\/api.w.org\/{rel}","templated":true}]}}