{"id":305070,"date":"2025-07-28T06:45:12","date_gmt":"2025-07-28T05:45:12","guid":{"rendered":"https:\/\/ecosupplements.be\/product\/yango-hair-skin-nails-500-ml-169-fl-oz\/"},"modified":"2025-08-28T04:32:54","modified_gmt":"2025-08-28T03:32:54","slug":"yango-hair-skin-nails-500-ml-169-fl-oz","status":"publish","type":"product","link":"https:\/\/ecosupplements.be\/fr\/produit\/yango-hair-skin-nails-500-ml-169-fl-oz\/","title":{"rendered":"YANGO Cheveux, Peau, Ongles (500 ml \/ 16,9 fl. oz.)"},"content":{"rendered":"<h2 style=\"text-align:justify\">Naturalne wsparcie w\u0142os\u00f3w, sk\u00f3ry i paznokci<\/h2>\n<p style=\"text-align:justify\">Marzysz o zdrowych, pi\u0119knych w\u0142osach? O g\u0142adkiej, j\u0119drnej sk\u00f3rze i silnych paznokciach? Teraz to mo\u017cliwe! Dla os\u00f3b takich jak Ty, stworzyli\u015bmy naturalny produkt wzbogacaj\u0105cy diet\u0119 o liczne witaminy, minera\u0142y, kolagen oraz sk\u0142adniki ro\u015blinne. Dzi\u0119ki nim do\u015bwiadczysz wyj\u0105tkowych efekt\u00f3w, kt\u00f3re zadowol\u0105 nawet najbardziej wymagaj\u0105cych konsument\u00f3w.<\/p>\n<p style=\"text-align:justify\">Forma p\u0142ynna suplementu u\u0142atwia jego stosowanie, a tak\u017ce gwarantuje doskona\u0142\u0105 przyswajalno\u015b\u0107.<\/p>\n<table>\n<tbody>\n<tr>\n<td><img loading=\"lazy\" decoding=\"async\" src=\"https:\/\/ecosupplements.be\/wp-content\/uploads\/2025\/08\/Tick24pxH-1.png\" alt=\"\" width=\"22\" height=\"24\" \/><\/td>\n<td>Poprawia elastyczno\u015b\u0107 i j\u0119drno\u015b\u0107 sk\u00f3ry<\/td>\n<\/tr>\n<tr>\n<td><img loading=\"lazy\" decoding=\"async\" src=\"https:\/\/ecosupplements.be\/wp-content\/uploads\/2025\/08\/Tick24pxH-1.png\" alt=\"\" width=\"22\" height=\"24\" \/><\/td>\n<td>Zwi\u0119ksza wytrzyma\u0142o\u015b\u0107, grubo\u015b\u0107 i obj\u0119to\u015b\u0107 w\u0142os\u00f3w<\/td>\n<\/tr>\n<tr>\n<td><img loading=\"lazy\" decoding=\"async\" src=\"https:\/\/ecosupplements.be\/wp-content\/uploads\/2025\/08\/Tick24pxH-1.png\" alt=\"\" width=\"22\" height=\"24\" \/><\/td>\n<td>Wzmacnia i wyg\u0142adza p\u0142ytk\u0119 paznokci<\/td>\n<\/tr>\n<tr>\n<td><img loading=\"lazy\" decoding=\"async\" src=\"https:\/\/ecosupplements.be\/wp-content\/uploads\/2025\/08\/Tick24pxH-1.png\" alt=\"\" width=\"22\" height=\"24\" \/><\/td>\n<td>33 dni suplementacji<\/td>\n<\/tr>\n<tr>\n<td><img loading=\"lazy\" decoding=\"async\" src=\"https:\/\/ecosupplements.be\/wp-content\/uploads\/2025\/08\/Tick24pxH-1.png\" alt=\"\" width=\"22\" height=\"24\" \/><\/td>\n<td>Wzmacnia odporno\u015b\u0107<\/td>\n<\/tr>\n<tr>\n<td><img loading=\"lazy\" decoding=\"async\" src=\"https:\/\/ecosupplements.be\/wp-content\/uploads\/2025\/08\/Tick24pxH-1.png\" alt=\"\" width=\"22\" height=\"24\" \/><\/td>\n<td>Uzupe\u0142nia diet\u0119 w kilkadziesi\u0105t substancji od\u017cywczych<\/td>\n<\/tr>\n<\/tbody>\n<\/table>\n<h3><span style=\"color:#91192d\"><br \/>JAKO\u015a\u0106, KT\u00d3RA CZYNI CUDA.<\/span><\/h3>\n<table border=\"1\">\n<tbody>\n<tr>\n<td><strong>Sk\u0142adnik aktywny<\/strong><\/td>\n<td><strong>15 ml &#8211; dawka dzienna<\/strong><\/td>\n<td><strong>% ZDS<\/strong><\/td>\n<\/tr>\n<tr>\n<td>Witamina A<\/td>\n<td>800 ug<\/td>\n<td>100%<\/td>\n<\/tr>\n<tr>\n<td>Witamina C<\/td>\n<td>120\u00a0mg<\/td>\n<td>150%<\/td>\n<\/tr>\n<tr>\n<td>Witamina D3<\/td>\n<td>5 ug<\/td>\n<td>100%<\/td>\n<\/tr>\n<tr>\n<td>Witamina E<\/td>\n<td>12 mg<\/td>\n<td>100%<\/td>\n<\/tr>\n<tr>\n<td>Witamina B1<\/td>\n<td>5 mg<\/td>\n<td>455%<\/td>\n<\/tr>\n<tr>\n<td>Witamina B2<\/td>\n<td>5 mg<\/td>\n<td>357%<\/td>\n<\/tr>\n<tr>\n<td>Witamina B3<\/td>\n<td>16 mg<\/td>\n<td>100%<\/td>\n<\/tr>\n<tr>\n<td>Witamina B6<\/td>\n<td>5 mg<\/td>\n<td>357%<\/td>\n<\/tr>\n<tr>\n<td>Witamina B9 (kwas foliowy)<\/td>\n<td>400 ug<\/td>\n<td>200%<\/td>\n<\/tr>\n<tr>\n<td>Witamina B12<\/td>\n<td>20 ug<\/td>\n<td>800%<\/td>\n<\/tr>\n<tr>\n<td>Witamina B7 (biotyna)<\/td>\n<td>5000 ug<\/td>\n<td>10 000%<\/td>\n<\/tr>\n<tr>\n<td>Witamina B5 (kwas pantotenowy)<\/td>\n<td>20 mg<\/td>\n<td>333%<\/td>\n<\/tr>\n<tr>\n<td>Wap\u0144<\/td>\n<td>13 mg<\/td>\n<td>2%<\/td>\n<\/tr>\n<tr>\n<td>Magnez<\/td>\n<td>3 mg<\/td>\n<td>1%<\/td>\n<\/tr>\n<tr>\n<td>Cynk<\/td>\n<td>3,25 mg<\/td>\n<td>33%<\/td>\n<\/tr>\n<tr>\n<td>Mied\u017a<\/td>\n<td>500 ug<\/td>\n<td>50%<\/td>\n<\/tr>\n<tr>\n<td>Cholina<\/td>\n<td>6 mg<\/td>\n<td>&#8211;<\/td>\n<\/tr>\n<tr>\n<td>MSM<\/td>\n<td>500 mg<\/td>\n<td>&#8211;<\/td>\n<\/tr>\n<tr>\n<td>Hydrolizat Kolagenu<\/td>\n<td>1000 mg<\/td>\n<td>&#8211;<\/td>\n<\/tr>\n<tr>\n<td>Zielona herbata<\/td>\n<td>15 mg<\/td>\n<td>&#8211;<\/td>\n<\/tr>\n<tr>\n<td>Kwas hialuronowy<\/td>\n<td>5 mg<\/td>\n<td>&#8211;<\/td>\n<\/tr>\n<tr>\n<td>Aloes<\/td>\n<td>25 mg<\/td>\n<td>&#8211;<\/td>\n<\/tr>\n<tr>\n<td>Sproszkowane pestki winogron<\/td>\n<td>5 mg<\/td>\n<td>&#8211;<\/td>\n<\/tr>\n<tr>\n<td>PABA<\/td>\n<td>3 mg<\/td>\n<td>&#8211;<\/td>\n<\/tr>\n<tr>\n<td>Skrzyp polny<\/td>\n<td>100 mg<\/td>\n<td>&#8211;<\/td>\n<\/tr>\n<tr>\n<td>Krzem<\/td>\n<td>7 mg<\/td>\n<td>&#8211;<\/td>\n<\/tr>\n<tr>\n<td>Koenzym Q10<\/td>\n<td>5 mg<\/td>\n<td>&#8211;<\/td>\n<\/tr>\n<\/tbody>\n<\/table>\n<p>ZDS &#8211; zalecane dzienne spo\u017cycie<\/p>\n<table>\n<tbody>\n<tr>\n<td><strong>Pozosta\u0142e informacje<\/strong><\/td>\n<td><\/td>\n<\/tr>\n<tr>\n<td>Obj\u0119to\u015b\u0107 netto<\/td>\n<td>500 ml<\/td>\n<\/tr>\n<tr>\n<td>Sugerowana dawka dzienna<\/td>\n<td>15 ml<\/td>\n<\/tr>\n<tr>\n<td>1 opakowanie wystarcza na<\/td>\n<td>33 dni<\/td>\n<\/tr>\n<\/tbody>\n<\/table>\n<p><strong>Spos\u00f3b u\u017cycia:<\/strong> 15 ml codziennie rano, wstrz\u0105sn\u0105\u0107 przed u\u017cyciem. Po otwarciu przechowywa\u0107 w lod\u00f3wce. Spo\u017cy\u0107 w ci\u0105gu 2 miesi\u0119cy od otwarcia.<\/p>\n<p>Produkt wolny od GMO, glutenu, soi, jajek, orzech\u00f3w i laktozy.<\/p>\n<p>Sk\u0142adniki: woda wielokrotnie filtrowana; mieszanka naturalnych sok\u00f3w owocowych z koncentrat\u00f3w (pomara\u0144cza, jab\u0142ko, mandarynka, guawa, papaja, limonka, mango, ananas, winogrono); substancje s\u0142odz\u0105ce (fruktoza); hydrolizat kolagenu (zawiera aminokwasy: l-glicyna, l-prolina, l-alanina, l-hydroksyprolina, kwas l-glutaminowy, l-arginina, kwas l-asparaginowy, l-seryna, l-lizyna, l-leucyna, l-walina, l-treonina, l-fenyloalanina, l-izoleucyna, l-hydroksylizyna, l-metionina, l-histydyna, l-tyrozyna, l-cysteina); metylosulfonylometan; naturalne aromaty (pomara\u0144czowy i truskawkowy); glukonian wapnia; kwas l-askorbinowy; substancje konserwuj\u0105ce (kwas cytrynowy, kwas jab\u0142kowy); glukonian magnezu; glukonian cynku; octan dl-alfa-tokoferylu; kwas pantotenowy; substancje konserwuj\u0105ca (sorbinian potasu, benzoesan sodu); niacyna; dwutlenek krzemu; naturalne aromaty (pomara\u0144czowy, truskawkowy); l-dwuwinian choliny; koenzym Q10 (ubichinon); biotyna; chlorowodorek pirydoksyny; ryboflawina; chlorowodorek tiaminy; kwas aminobenzoesowy (PABA); palmitynian terinylu, cholekalcyferol; glukonian miedziowy; emulgator (guma ksantanowa); hialuronian sodu; substancja s\u0142odz\u0105ca (glikozydy stewiolowe); sproszkowany aloes; sproszkowana zielona herbata; sproszkowane pestki winogron; skrzyp polny; beta karoten; naturalny aromat (wanilia); kwas foliowy; cyjanokobalamina.<\/p>\n<p>Informacja: Suplement diety nie mo\u017ce by\u0107 stosowany jako substytut zr\u00f3\u017cnicowanej diety i zdrowego trybu \u017cycia. Przechowywa\u0107 w ciemnym i suchym miejscu w temperaturze pokojowej, w spos\u00f3b niedost\u0119pny dla ma\u0142ych dzieci. Osoby przyjmuj\u0105ce leki przed u\u017cyciem powinny skonsultowa\u0107 si\u0119 z lekarzem lub farmaceut\u0105. Niewskazane ma\u0142ym dzieciom, kobietom w ci\u0105\u017cy oraz karmi\u0105cym. Wyprodukowano w Unii Europejskiej. Podmiot odpowiedzialny: Yango Sp. z o.o. Masa netto: 500 ml.<\/p>\n","protected":false},"excerpt":{"rendered":"<p>Naturalne wsparcie w\u0142os\u00f3w, sk\u00f3ry i paznokci Marzysz o zdrowych, pi\u0119knych w\u0142osach? O g\u0142adkiej, j\u0119drnej sk\u00f3rze i silnych paznokciach? Teraz to mo\u017cliwe! Dla os\u00f3b takich jak Ty, stworzyli\u015bmy naturalny produkt wzbogacaj\u0105cy diet\u0119 o liczne witaminy, minera\u0142y, kolagen oraz sk\u0142adniki ro\u015blinne. Dzi\u0119ki nim do\u015bwiadczysz wyj\u0105tkowych efekt\u00f3w, kt\u00f3re zadowol\u0105 nawet najbardziej wymagaj\u0105cych konsument\u00f3w. Forma p\u0142ynna suplementu u\u0142atwia jego [&#8230;]\n","protected":false},"featured_media":279207,"comment_status":"closed","ping_status":"open","template":"","meta":[],"product_brand":[5393],"product_cat":[5052,5053,5175],"product_tag":[],"class_list":{"0":"post-305070","1":"product","2":"type-product","3":"status-publish","4":"has-post-thumbnail","6":"product_brand-yango-2","7":"product_cat-sante-et-bien-etre","8":"product_cat-vitamines-et-mineraux","9":"product_cat-vitamines-pour-femmes","11":"first","12":"instock","13":"taxable","14":"shipping-taxable","15":"purchasable","16":"product-type-simple"},"yoast_head":"<!-- This site is optimized with the Yoast SEO Premium plugin v27.3 (Yoast SEO v27.3) - https:\/\/yoast.com\/product\/yoast-seo-premium-wordpress\/ -->\n<title>YANGO Cheveux, Peau, Ongles (500 ml \/ 16,9 fl. oz.) - ECO Supplements<\/title>\n<meta name=\"description\" content=\"Wij hebben een ruime keuze aan producten van YANGO Cheveux, Peau, Ongles (500 ml \/ 16,9 fl. oz.) . Winkel bij Eco Supplements altijd gratis verzending boven 100\u20ac\" \/>\n<meta name=\"robots\" content=\"index, follow, max-snippet:-1, max-image-preview:large, max-video-preview:-1\" \/>\n<link rel=\"canonical\" href=\"https:\/\/ecosupplements.be\/fr\/produit\/yango-hair-skin-nails-500-ml-169-fl-oz\/\" \/>\n<meta property=\"og:locale\" content=\"fr_FR\" \/>\n<meta property=\"og:type\" content=\"article\" \/>\n<meta property=\"og:title\" content=\"YANGO Cheveux, Peau, Ongles (500 ml \/ 16,9 fl. oz.)\" \/>\n<meta property=\"og:description\" content=\"Wij hebben een ruime keuze aan producten van YANGO Cheveux, Peau, Ongles (500 ml \/ 16,9 fl. oz.) . Winkel bij Eco Supplements altijd gratis verzending boven 100\u20ac\" \/>\n<meta property=\"og:url\" content=\"https:\/\/ecosupplements.be\/fr\/produit\/yango-hair-skin-nails-500-ml-169-fl-oz\/\" \/>\n<meta property=\"og:site_name\" content=\"ECO Supplements\" \/>\n<meta property=\"article:modified_time\" content=\"2025-08-28T03:32:54+00:00\" \/>\n<meta property=\"og:image\" content=\"https:\/\/ecosupplements.be\/wp-content\/uploads\/2025\/08\/YANGO-Hair-Skin-Nails-500-ml-169-fl.-oz.jpg\" \/>\n\t<meta property=\"og:image:width\" content=\"800\" \/>\n\t<meta property=\"og:image:height\" content=\"800\" \/>\n\t<meta property=\"og:image:type\" content=\"image\/jpeg\" \/>\n<meta name=\"twitter:card\" content=\"summary_large_image\" \/>\n<meta name=\"twitter:label1\" content=\"Prix\" \/>\n\t<meta name=\"twitter:data1\" content=\"27.03&nbsp;&euro;\" \/>\n\t<meta name=\"twitter:label2\" content=\"Disponibilit\u00e9\" \/>\n\t<meta name=\"twitter:data2\" content=\"En stock\" \/>\n<script type=\"application\/ld+json\" class=\"yoast-schema-graph\">{\"@context\":\"https:\\\/\\\/schema.org\",\"@graph\":[{\"@type\":[\"WebPage\",\"ItemPage\"],\"@id\":\"https:\\\/\\\/ecosupplements.be\\\/fr\\\/produit\\\/yango-hair-skin-nails-500-ml-169-fl-oz\\\/\",\"url\":\"https:\\\/\\\/ecosupplements.be\\\/fr\\\/produit\\\/yango-hair-skin-nails-500-ml-169-fl-oz\\\/\",\"name\":\"YANGO Cheveux, Peau, Ongles (500 ml \\\/ 16,9 fl. oz.) - ECO Supplements\",\"isPartOf\":{\"@id\":\"https:\\\/\\\/ecosupplements.be\\\/fr\\\/#website\"},\"primaryImageOfPage\":{\"@id\":\"https:\\\/\\\/ecosupplements.be\\\/fr\\\/produit\\\/yango-hair-skin-nails-500-ml-169-fl-oz\\\/#primaryimage\"},\"image\":{\"@id\":\"https:\\\/\\\/ecosupplements.be\\\/fr\\\/produit\\\/yango-hair-skin-nails-500-ml-169-fl-oz\\\/#primaryimage\"},\"thumbnailUrl\":\"https:\\\/\\\/ecosupplements.be\\\/wp-content\\\/uploads\\\/2025\\\/08\\\/YANGO-Hair-Skin-Nails-500-ml-169-fl.-oz.jpg\",\"datePublished\":\"2025-07-28T05:45:12+00:00\",\"dateModified\":\"2025-08-28T03:32:54+00:00\",\"description\":\"Wij hebben een ruime keuze aan producten van YANGO Cheveux, Peau, Ongles (500 ml \\\/ 16,9 fl. oz.) . Winkel bij Eco Supplements altijd gratis verzending boven 100\u20ac\",\"breadcrumb\":{\"@id\":\"https:\\\/\\\/ecosupplements.be\\\/fr\\\/produit\\\/yango-hair-skin-nails-500-ml-169-fl-oz\\\/#breadcrumb\"},\"inLanguage\":\"fr-FR\",\"potentialAction\":[{\"@type\":\"ReadAction\",\"target\":[\"https:\\\/\\\/ecosupplements.be\\\/fr\\\/produit\\\/yango-hair-skin-nails-500-ml-169-fl-oz\\\/\"]}]},{\"@type\":\"ImageObject\",\"inLanguage\":\"fr-FR\",\"@id\":\"https:\\\/\\\/ecosupplements.be\\\/fr\\\/produit\\\/yango-hair-skin-nails-500-ml-169-fl-oz\\\/#primaryimage\",\"url\":\"https:\\\/\\\/ecosupplements.be\\\/wp-content\\\/uploads\\\/2025\\\/08\\\/YANGO-Hair-Skin-Nails-500-ml-169-fl.-oz.jpg\",\"contentUrl\":\"https:\\\/\\\/ecosupplements.be\\\/wp-content\\\/uploads\\\/2025\\\/08\\\/YANGO-Hair-Skin-Nails-500-ml-169-fl.-oz.jpg\",\"width\":800,\"height\":800},{\"@type\":\"BreadcrumbList\",\"@id\":\"https:\\\/\\\/ecosupplements.be\\\/fr\\\/produit\\\/yango-hair-skin-nails-500-ml-169-fl-oz\\\/#breadcrumb\",\"itemListElement\":[{\"@type\":\"ListItem\",\"position\":1,\"name\":\"Home\",\"item\":\"https:\\\/\\\/ecosupplements.be\\\/fr\\\/\"},{\"@type\":\"ListItem\",\"position\":2,\"name\":\"Boutique\",\"item\":\"https:\\\/\\\/ecosupplements.be\\\/fr\\\/boutique\\\/\"},{\"@type\":\"ListItem\",\"position\":3,\"name\":\"YANGO Cheveux, Peau, Ongles (500 ml \\\/ 16,9 fl. oz.)\"}]},{\"@type\":\"WebSite\",\"@id\":\"https:\\\/\\\/ecosupplements.be\\\/fr\\\/#website\",\"url\":\"https:\\\/\\\/ecosupplements.be\\\/fr\\\/\",\"name\":\"ECO Supplements\",\"description\":\"Eco Supplements - Gezonde supplementen\",\"publisher\":{\"@id\":\"https:\\\/\\\/ecosupplements.be\\\/fr\\\/#organization\"},\"potentialAction\":[{\"@type\":\"SearchAction\",\"target\":{\"@type\":\"EntryPoint\",\"urlTemplate\":\"https:\\\/\\\/ecosupplements.be\\\/fr\\\/?s={search_term_string}\"},\"query-input\":{\"@type\":\"PropertyValueSpecification\",\"valueRequired\":true,\"valueName\":\"search_term_string\"}}],\"inLanguage\":\"fr-FR\"},{\"@type\":\"Organization\",\"@id\":\"https:\\\/\\\/ecosupplements.be\\\/fr\\\/#organization\",\"name\":\"Eco Supplements\",\"url\":\"https:\\\/\\\/ecosupplements.be\\\/fr\\\/\",\"logo\":{\"@type\":\"ImageObject\",\"inLanguage\":\"fr-FR\",\"@id\":\"https:\\\/\\\/ecosupplements.be\\\/fr\\\/#\\\/schema\\\/logo\\\/image\\\/\",\"url\":\"https:\\\/\\\/ecosupplements.be\\\/wp-content\\\/uploads\\\/2022\\\/06\\\/ecosupplement-family.png\",\"contentUrl\":\"https:\\\/\\\/ecosupplements.be\\\/wp-content\\\/uploads\\\/2022\\\/06\\\/ecosupplement-family.png\",\"width\":593,\"height\":374,\"caption\":\"Eco Supplements\"},\"image\":{\"@id\":\"https:\\\/\\\/ecosupplements.be\\\/fr\\\/#\\\/schema\\\/logo\\\/image\\\/\"}}]}<\/script>\n<meta property=\"product:brand\" content=\"Yango\" \/>\n<meta property=\"product:price:amount\" content=\"27.03\" \/>\n<meta property=\"product:price:currency\" content=\"EUR\" \/>\n<meta property=\"og:availability\" content=\"instock\" \/>\n<meta property=\"product:availability\" content=\"instock\" \/>\n<meta property=\"product:retailer_item_id\" content=\"5903796650457\" \/>\n<meta property=\"product:condition\" content=\"new\" \/>\n<!-- \/ Yoast SEO Premium plugin. -->","yoast_head_json":{"title":"YANGO Cheveux, Peau, Ongles (500 ml \/ 16,9 fl. oz.) - ECO Supplements","description":"Wij hebben een ruime keuze aan producten van YANGO Cheveux, Peau, Ongles (500 ml \/ 16,9 fl. oz.) . Winkel bij Eco Supplements altijd gratis verzending boven 100\u20ac","robots":{"index":"index","follow":"follow","max-snippet":"max-snippet:-1","max-image-preview":"max-image-preview:large","max-video-preview":"max-video-preview:-1"},"canonical":"https:\/\/ecosupplements.be\/fr\/produit\/yango-hair-skin-nails-500-ml-169-fl-oz\/","og_locale":"fr_FR","og_type":"article","og_title":"YANGO Cheveux, Peau, Ongles (500 ml \/ 16,9 fl. oz.)","og_description":"Wij hebben een ruime keuze aan producten van YANGO Cheveux, Peau, Ongles (500 ml \/ 16,9 fl. oz.) . Winkel bij Eco Supplements altijd gratis verzending boven 100\u20ac","og_url":"https:\/\/ecosupplements.be\/fr\/produit\/yango-hair-skin-nails-500-ml-169-fl-oz\/","og_site_name":"ECO Supplements","article_modified_time":"2025-08-28T03:32:54+00:00","og_image":[{"width":800,"height":800,"url":"https:\/\/ecosupplements.be\/wp-content\/uploads\/2025\/08\/YANGO-Hair-Skin-Nails-500-ml-169-fl.-oz.jpg","type":"image\/jpeg"}],"twitter_card":"summary_large_image","twitter_misc":{"Prix":"27.03&nbsp;&euro;","Disponibilit\u00e9":"En stock"},"schema":{"@context":"https:\/\/schema.org","@graph":[{"@type":["WebPage","ItemPage"],"@id":"https:\/\/ecosupplements.be\/fr\/produit\/yango-hair-skin-nails-500-ml-169-fl-oz\/","url":"https:\/\/ecosupplements.be\/fr\/produit\/yango-hair-skin-nails-500-ml-169-fl-oz\/","name":"YANGO Cheveux, Peau, Ongles (500 ml \/ 16,9 fl. oz.) - ECO Supplements","isPartOf":{"@id":"https:\/\/ecosupplements.be\/fr\/#website"},"primaryImageOfPage":{"@id":"https:\/\/ecosupplements.be\/fr\/produit\/yango-hair-skin-nails-500-ml-169-fl-oz\/#primaryimage"},"image":{"@id":"https:\/\/ecosupplements.be\/fr\/produit\/yango-hair-skin-nails-500-ml-169-fl-oz\/#primaryimage"},"thumbnailUrl":"https:\/\/ecosupplements.be\/wp-content\/uploads\/2025\/08\/YANGO-Hair-Skin-Nails-500-ml-169-fl.-oz.jpg","datePublished":"2025-07-28T05:45:12+00:00","dateModified":"2025-08-28T03:32:54+00:00","description":"Wij hebben een ruime keuze aan producten van YANGO Cheveux, Peau, Ongles (500 ml \/ 16,9 fl. oz.) . Winkel bij Eco Supplements altijd gratis verzending boven 100\u20ac","breadcrumb":{"@id":"https:\/\/ecosupplements.be\/fr\/produit\/yango-hair-skin-nails-500-ml-169-fl-oz\/#breadcrumb"},"inLanguage":"fr-FR","potentialAction":[{"@type":"ReadAction","target":["https:\/\/ecosupplements.be\/fr\/produit\/yango-hair-skin-nails-500-ml-169-fl-oz\/"]}]},{"@type":"ImageObject","inLanguage":"fr-FR","@id":"https:\/\/ecosupplements.be\/fr\/produit\/yango-hair-skin-nails-500-ml-169-fl-oz\/#primaryimage","url":"https:\/\/ecosupplements.be\/wp-content\/uploads\/2025\/08\/YANGO-Hair-Skin-Nails-500-ml-169-fl.-oz.jpg","contentUrl":"https:\/\/ecosupplements.be\/wp-content\/uploads\/2025\/08\/YANGO-Hair-Skin-Nails-500-ml-169-fl.-oz.jpg","width":800,"height":800},{"@type":"BreadcrumbList","@id":"https:\/\/ecosupplements.be\/fr\/produit\/yango-hair-skin-nails-500-ml-169-fl-oz\/#breadcrumb","itemListElement":[{"@type":"ListItem","position":1,"name":"Home","item":"https:\/\/ecosupplements.be\/fr\/"},{"@type":"ListItem","position":2,"name":"Boutique","item":"https:\/\/ecosupplements.be\/fr\/boutique\/"},{"@type":"ListItem","position":3,"name":"YANGO Cheveux, Peau, Ongles (500 ml \/ 16,9 fl. oz.)"}]},{"@type":"WebSite","@id":"https:\/\/ecosupplements.be\/fr\/#website","url":"https:\/\/ecosupplements.be\/fr\/","name":"ECO Supplements","description":"Eco Supplements - Gezonde supplementen","publisher":{"@id":"https:\/\/ecosupplements.be\/fr\/#organization"},"potentialAction":[{"@type":"SearchAction","target":{"@type":"EntryPoint","urlTemplate":"https:\/\/ecosupplements.be\/fr\/?s={search_term_string}"},"query-input":{"@type":"PropertyValueSpecification","valueRequired":true,"valueName":"search_term_string"}}],"inLanguage":"fr-FR"},{"@type":"Organization","@id":"https:\/\/ecosupplements.be\/fr\/#organization","name":"Eco Supplements","url":"https:\/\/ecosupplements.be\/fr\/","logo":{"@type":"ImageObject","inLanguage":"fr-FR","@id":"https:\/\/ecosupplements.be\/fr\/#\/schema\/logo\/image\/","url":"https:\/\/ecosupplements.be\/wp-content\/uploads\/2022\/06\/ecosupplement-family.png","contentUrl":"https:\/\/ecosupplements.be\/wp-content\/uploads\/2022\/06\/ecosupplement-family.png","width":593,"height":374,"caption":"Eco Supplements"},"image":{"@id":"https:\/\/ecosupplements.be\/fr\/#\/schema\/logo\/image\/"}}]},"product_brand":"Yango","product_price_amount":"27.03","product_price_currency":"EUR","og_availability":"instock","product_availability":"instock","product_retailer_item_id":"5903796650457","product_condition":"new"},"_links":{"self":[{"href":"https:\/\/ecosupplements.be\/fr\/wp-json\/wp\/v2\/product\/305070","targetHints":{"allow":["GET"]}}],"collection":[{"href":"https:\/\/ecosupplements.be\/fr\/wp-json\/wp\/v2\/product"}],"about":[{"href":"https:\/\/ecosupplements.be\/fr\/wp-json\/wp\/v2\/types\/product"}],"replies":[{"embeddable":true,"href":"https:\/\/ecosupplements.be\/fr\/wp-json\/wp\/v2\/comments?post=305070"}],"wp:featuredmedia":[{"embeddable":true,"href":"https:\/\/ecosupplements.be\/fr\/wp-json\/wp\/v2\/media\/279207"}],"wp:attachment":[{"href":"https:\/\/ecosupplements.be\/fr\/wp-json\/wp\/v2\/media?parent=305070"}],"wp:term":[{"taxonomy":"product_brand","embeddable":true,"href":"https:\/\/ecosupplements.be\/fr\/wp-json\/wp\/v2\/product_brand?post=305070"},{"taxonomy":"product_cat","embeddable":true,"href":"https:\/\/ecosupplements.be\/fr\/wp-json\/wp\/v2\/product_cat?post=305070"},{"taxonomy":"product_tag","embeddable":true,"href":"https:\/\/ecosupplements.be\/fr\/wp-json\/wp\/v2\/product_tag?post=305070"}],"curies":[{"name":"wp","href":"https:\/\/api.w.org\/{rel}","templated":true}]}}