{"id":305097,"date":"2025-07-28T07:15:13","date_gmt":"2025-07-28T06:15:13","guid":{"rendered":"https:\/\/ecosupplements.be\/product\/yango-siberian-ginseng-90-caps\/"},"modified":"2025-08-28T04:33:29","modified_gmt":"2025-08-28T03:33:29","slug":"yango-siberian-ginseng-90-caps","status":"publish","type":"product","link":"https:\/\/ecosupplements.be\/fr\/produit\/yango-siberian-ginseng-90-caps\/","title":{"rendered":"Ginseng de Sib\u00e9rie YANGO (90 g\u00e9lules)"},"content":{"rendered":"<p><strong>Nom du produit :<\/strong> YANGO Siberian Ginseng (90 caps)<\/p>\n<p><strong>Description :<\/strong> D\u00e9couvrez le choix naturel pour les amateurs de qualit\u00e9 avec YANGO Siberian Ginseng. Ce compl\u00e9ment alimentaire est compos\u00e9 exclusivement d&#8217;extrait de ginseng sib\u00e9rien, connu pour sa grande puret\u00e9 et son origine naturelle.<\/p>\n<p><strong>Ingr\u00e9dients principaux :<\/strong> Extrait 10:1 de ginseng sib\u00e9rien; enveloppe de la capsule : cellulose v\u00e9g\u00e9tale.<\/p>\n<table style=\"height:41px\" width=\"335\" border=\"3\">\n<tbody>\n<tr>\n<td><strong>Ingr\u00e9dient actif<\/strong><\/td>\n<td style=\"text-align:center\"><strong>1 capsule<\/strong><\/td>\n<\/tr>\n<tr>\n<td>Ginseng sib\u00e9rien &#8211; extrait 10:1<\/td>\n<td style=\"text-align:center\">400 mg<\/td>\n<\/tr>\n<\/tbody>\n<\/table>\n<p><strong>Utilisation :<\/strong> Prendre une capsule par jour, le matin apr\u00e8s un repas. \u00c0 consommer avec une grande quantit\u00e9 d&#8217;eau. Ne pas d\u00e9passer la dose journali\u00e8re recommand\u00e9e.<\/p>\n<p><em>Ce produit est un compl\u00e9ment simple pour un usage quotidien et se pr\u00e9sente dans un format pratique qui facilite son int\u00e9gration \u00e0 votre routine quotidienne.<\/em><\/p>\n<p><em>note:<\/em> Ce suppl\u00e9ment di\u00e9t\u00e9tique ne doit pas \u00eatre utilis\u00e9 comme substitut \u00e0 une alimentation vari\u00e9e et \u00e9quilibr\u00e9e ni \u00e0 un mode de vie sain. Conserver dans un endroit sombre et sec, \u00e0 temp\u00e9rature ambiante, hors de port\u00e9e des enfants. Les personnes sous m\u00e9dication devraient consulter leur m\u00e9decin avant utilisation. Non recommand\u00e9 pour les jeunes enfants, les femmes enceintes ou allaitantes.<\/p>\n<p><em>Rangement:<\/em> Conserver dans un lieu sombre et sec \u00e0 temp\u00e9rature ambiante, inaccessible aux petits enfants.<\/p>\n","protected":false},"excerpt":{"rendered":"<p>Nom du produit : YANGO Siberian Ginseng (90 caps) Description : D\u00e9couvrez le choix naturel pour les amateurs de qualit\u00e9 avec YANGO Siberian Ginseng. Ce compl\u00e9ment alimentaire est compos\u00e9 exclusivement d&#8217;extrait de ginseng sib\u00e9rien, connu pour sa grande puret\u00e9 et son origine naturelle. Ingr\u00e9dients principaux : Extrait 10:1 de ginseng sib\u00e9rien; enveloppe de la capsule [&#8230;]\n","protected":false},"featured_media":279234,"comment_status":"closed","ping_status":"open","template":"","meta":[],"product_brand":[5393],"product_cat":[5052,5094,5053],"product_tag":[],"class_list":{"0":"post-305097","1":"product","2":"type-product","3":"status-publish","4":"has-post-thumbnail","6":"product_brand-yango-2","7":"product_cat-sante-et-bien-etre","8":"product_cat-supplements-a-base-de-plantes","9":"product_cat-vitamines-et-mineraux","11":"first","12":"instock","13":"taxable","14":"shipping-taxable","15":"purchasable","16":"product-type-simple"},"yoast_head":"<!-- This site is optimized with the Yoast SEO Premium plugin v27.3 (Yoast SEO v27.3) - https:\/\/yoast.com\/product\/yoast-seo-premium-wordpress\/ -->\n<title>Ginseng de Sib\u00e9rie YANGO (90 g\u00e9lules) - ECO Supplements<\/title>\n<meta name=\"description\" content=\"Wij hebben een ruime keuze aan producten van Ginseng de Sib\u00e9rie YANGO (90 g\u00e9lules) . Winkel bij Eco Supplements altijd gratis verzending boven 100\u20ac\" \/>\n<meta name=\"robots\" content=\"index, follow, max-snippet:-1, max-image-preview:large, max-video-preview:-1\" \/>\n<link rel=\"canonical\" href=\"https:\/\/ecosupplements.be\/fr\/produit\/yango-siberian-ginseng-90-caps\/\" \/>\n<meta property=\"og:locale\" content=\"fr_FR\" \/>\n<meta property=\"og:type\" content=\"article\" \/>\n<meta property=\"og:title\" content=\"Ginseng de Sib\u00e9rie YANGO (90 g\u00e9lules)\" \/>\n<meta property=\"og:description\" content=\"Wij hebben een ruime keuze aan producten van Ginseng de Sib\u00e9rie YANGO (90 g\u00e9lules) . Winkel bij Eco Supplements altijd gratis verzending boven 100\u20ac\" \/>\n<meta property=\"og:url\" content=\"https:\/\/ecosupplements.be\/fr\/produit\/yango-siberian-ginseng-90-caps\/\" \/>\n<meta property=\"og:site_name\" content=\"ECO Supplements\" \/>\n<meta property=\"article:modified_time\" content=\"2025-08-28T03:33:29+00:00\" \/>\n<meta property=\"og:image\" content=\"https:\/\/ecosupplements.be\/wp-content\/uploads\/2025\/08\/Yango-YANGO-Siberian-Ginseng-90-caps.jpg\" \/>\n\t<meta property=\"og:image:width\" content=\"800\" \/>\n\t<meta property=\"og:image:height\" content=\"800\" \/>\n\t<meta property=\"og:image:type\" content=\"image\/jpeg\" \/>\n<meta name=\"twitter:card\" content=\"summary_large_image\" \/>\n<meta name=\"twitter:label1\" content=\"Prix\" \/>\n\t<meta name=\"twitter:data1\" content=\"10.83&nbsp;&euro;\" \/>\n\t<meta name=\"twitter:label2\" content=\"Disponibilit\u00e9\" \/>\n\t<meta name=\"twitter:data2\" content=\"En stock\" \/>\n<script type=\"application\/ld+json\" class=\"yoast-schema-graph\">{\"@context\":\"https:\\\/\\\/schema.org\",\"@graph\":[{\"@type\":[\"WebPage\",\"ItemPage\"],\"@id\":\"https:\\\/\\\/ecosupplements.be\\\/fr\\\/produit\\\/yango-siberian-ginseng-90-caps\\\/\",\"url\":\"https:\\\/\\\/ecosupplements.be\\\/fr\\\/produit\\\/yango-siberian-ginseng-90-caps\\\/\",\"name\":\"Ginseng de Sib\u00e9rie YANGO (90 g\u00e9lules) - ECO Supplements\",\"isPartOf\":{\"@id\":\"https:\\\/\\\/ecosupplements.be\\\/fr\\\/#website\"},\"primaryImageOfPage\":{\"@id\":\"https:\\\/\\\/ecosupplements.be\\\/fr\\\/produit\\\/yango-siberian-ginseng-90-caps\\\/#primaryimage\"},\"image\":{\"@id\":\"https:\\\/\\\/ecosupplements.be\\\/fr\\\/produit\\\/yango-siberian-ginseng-90-caps\\\/#primaryimage\"},\"thumbnailUrl\":\"https:\\\/\\\/ecosupplements.be\\\/wp-content\\\/uploads\\\/2025\\\/08\\\/YANGO-Siberian-Ginseng-90-caps.jpg\",\"datePublished\":\"2025-07-28T06:15:13+00:00\",\"dateModified\":\"2025-08-28T03:33:29+00:00\",\"description\":\"Wij hebben een ruime keuze aan producten van Ginseng de Sib\u00e9rie YANGO (90 g\u00e9lules) . Winkel bij Eco Supplements altijd gratis verzending boven 100\u20ac\",\"breadcrumb\":{\"@id\":\"https:\\\/\\\/ecosupplements.be\\\/fr\\\/produit\\\/yango-siberian-ginseng-90-caps\\\/#breadcrumb\"},\"inLanguage\":\"fr-FR\",\"potentialAction\":[{\"@type\":\"ReadAction\",\"target\":[\"https:\\\/\\\/ecosupplements.be\\\/fr\\\/produit\\\/yango-siberian-ginseng-90-caps\\\/\"]}]},{\"@type\":\"ImageObject\",\"inLanguage\":\"fr-FR\",\"@id\":\"https:\\\/\\\/ecosupplements.be\\\/fr\\\/produit\\\/yango-siberian-ginseng-90-caps\\\/#primaryimage\",\"url\":\"https:\\\/\\\/ecosupplements.be\\\/wp-content\\\/uploads\\\/2025\\\/08\\\/YANGO-Siberian-Ginseng-90-caps.jpg\",\"contentUrl\":\"https:\\\/\\\/ecosupplements.be\\\/wp-content\\\/uploads\\\/2025\\\/08\\\/YANGO-Siberian-Ginseng-90-caps.jpg\",\"width\":800,\"height\":800},{\"@type\":\"BreadcrumbList\",\"@id\":\"https:\\\/\\\/ecosupplements.be\\\/fr\\\/produit\\\/yango-siberian-ginseng-90-caps\\\/#breadcrumb\",\"itemListElement\":[{\"@type\":\"ListItem\",\"position\":1,\"name\":\"Home\",\"item\":\"https:\\\/\\\/ecosupplements.be\\\/fr\\\/\"},{\"@type\":\"ListItem\",\"position\":2,\"name\":\"Boutique\",\"item\":\"https:\\\/\\\/ecosupplements.be\\\/fr\\\/boutique\\\/\"},{\"@type\":\"ListItem\",\"position\":3,\"name\":\"Ginseng de Sib\u00e9rie YANGO (90 g\u00e9lules)\"}]},{\"@type\":\"WebSite\",\"@id\":\"https:\\\/\\\/ecosupplements.be\\\/fr\\\/#website\",\"url\":\"https:\\\/\\\/ecosupplements.be\\\/fr\\\/\",\"name\":\"ECO Supplements\",\"description\":\"Eco Supplements - Gezonde supplementen\",\"publisher\":{\"@id\":\"https:\\\/\\\/ecosupplements.be\\\/fr\\\/#organization\"},\"potentialAction\":[{\"@type\":\"SearchAction\",\"target\":{\"@type\":\"EntryPoint\",\"urlTemplate\":\"https:\\\/\\\/ecosupplements.be\\\/fr\\\/?s={search_term_string}\"},\"query-input\":{\"@type\":\"PropertyValueSpecification\",\"valueRequired\":true,\"valueName\":\"search_term_string\"}}],\"inLanguage\":\"fr-FR\"},{\"@type\":\"Organization\",\"@id\":\"https:\\\/\\\/ecosupplements.be\\\/fr\\\/#organization\",\"name\":\"Eco Supplements\",\"url\":\"https:\\\/\\\/ecosupplements.be\\\/fr\\\/\",\"logo\":{\"@type\":\"ImageObject\",\"inLanguage\":\"fr-FR\",\"@id\":\"https:\\\/\\\/ecosupplements.be\\\/fr\\\/#\\\/schema\\\/logo\\\/image\\\/\",\"url\":\"https:\\\/\\\/ecosupplements.be\\\/wp-content\\\/uploads\\\/2022\\\/06\\\/ecosupplement-family.png\",\"contentUrl\":\"https:\\\/\\\/ecosupplements.be\\\/wp-content\\\/uploads\\\/2022\\\/06\\\/ecosupplement-family.png\",\"width\":593,\"height\":374,\"caption\":\"Eco Supplements\"},\"image\":{\"@id\":\"https:\\\/\\\/ecosupplements.be\\\/fr\\\/#\\\/schema\\\/logo\\\/image\\\/\"}}]}<\/script>\n<meta property=\"product:brand\" content=\"Yango\" \/>\n<meta property=\"product:price:amount\" content=\"10.83\" \/>\n<meta property=\"product:price:currency\" content=\"EUR\" \/>\n<meta property=\"og:availability\" content=\"instock\" \/>\n<meta property=\"product:availability\" content=\"instock\" \/>\n<meta property=\"product:retailer_item_id\" content=\"5904194063214\" \/>\n<meta property=\"product:condition\" content=\"new\" \/>\n<!-- \/ Yoast SEO Premium plugin. -->","yoast_head_json":{"title":"Ginseng de Sib\u00e9rie YANGO (90 g\u00e9lules) - ECO Supplements","description":"Wij hebben een ruime keuze aan producten van Ginseng de Sib\u00e9rie YANGO (90 g\u00e9lules) . Winkel bij Eco Supplements altijd gratis verzending boven 100\u20ac","robots":{"index":"index","follow":"follow","max-snippet":"max-snippet:-1","max-image-preview":"max-image-preview:large","max-video-preview":"max-video-preview:-1"},"canonical":"https:\/\/ecosupplements.be\/fr\/produit\/yango-siberian-ginseng-90-caps\/","og_locale":"fr_FR","og_type":"article","og_title":"Ginseng de Sib\u00e9rie YANGO (90 g\u00e9lules)","og_description":"Wij hebben een ruime keuze aan producten van Ginseng de Sib\u00e9rie YANGO (90 g\u00e9lules) . Winkel bij Eco Supplements altijd gratis verzending boven 100\u20ac","og_url":"https:\/\/ecosupplements.be\/fr\/produit\/yango-siberian-ginseng-90-caps\/","og_site_name":"ECO Supplements","article_modified_time":"2025-08-28T03:33:29+00:00","og_image":[{"width":800,"height":800,"url":"https:\/\/ecosupplements.be\/wp-content\/uploads\/2025\/08\/Yango-YANGO-Siberian-Ginseng-90-caps.jpg","type":"image\/jpeg"}],"twitter_card":"summary_large_image","twitter_misc":{"Prix":"10.83&nbsp;&euro;","Disponibilit\u00e9":"En stock"},"schema":{"@context":"https:\/\/schema.org","@graph":[{"@type":["WebPage","ItemPage"],"@id":"https:\/\/ecosupplements.be\/fr\/produit\/yango-siberian-ginseng-90-caps\/","url":"https:\/\/ecosupplements.be\/fr\/produit\/yango-siberian-ginseng-90-caps\/","name":"Ginseng de Sib\u00e9rie YANGO (90 g\u00e9lules) - ECO Supplements","isPartOf":{"@id":"https:\/\/ecosupplements.be\/fr\/#website"},"primaryImageOfPage":{"@id":"https:\/\/ecosupplements.be\/fr\/produit\/yango-siberian-ginseng-90-caps\/#primaryimage"},"image":{"@id":"https:\/\/ecosupplements.be\/fr\/produit\/yango-siberian-ginseng-90-caps\/#primaryimage"},"thumbnailUrl":"https:\/\/ecosupplements.be\/wp-content\/uploads\/2025\/08\/YANGO-Siberian-Ginseng-90-caps.jpg","datePublished":"2025-07-28T06:15:13+00:00","dateModified":"2025-08-28T03:33:29+00:00","description":"Wij hebben een ruime keuze aan producten van Ginseng de Sib\u00e9rie YANGO (90 g\u00e9lules) . Winkel bij Eco Supplements altijd gratis verzending boven 100\u20ac","breadcrumb":{"@id":"https:\/\/ecosupplements.be\/fr\/produit\/yango-siberian-ginseng-90-caps\/#breadcrumb"},"inLanguage":"fr-FR","potentialAction":[{"@type":"ReadAction","target":["https:\/\/ecosupplements.be\/fr\/produit\/yango-siberian-ginseng-90-caps\/"]}]},{"@type":"ImageObject","inLanguage":"fr-FR","@id":"https:\/\/ecosupplements.be\/fr\/produit\/yango-siberian-ginseng-90-caps\/#primaryimage","url":"https:\/\/ecosupplements.be\/wp-content\/uploads\/2025\/08\/YANGO-Siberian-Ginseng-90-caps.jpg","contentUrl":"https:\/\/ecosupplements.be\/wp-content\/uploads\/2025\/08\/YANGO-Siberian-Ginseng-90-caps.jpg","width":800,"height":800},{"@type":"BreadcrumbList","@id":"https:\/\/ecosupplements.be\/fr\/produit\/yango-siberian-ginseng-90-caps\/#breadcrumb","itemListElement":[{"@type":"ListItem","position":1,"name":"Home","item":"https:\/\/ecosupplements.be\/fr\/"},{"@type":"ListItem","position":2,"name":"Boutique","item":"https:\/\/ecosupplements.be\/fr\/boutique\/"},{"@type":"ListItem","position":3,"name":"Ginseng de Sib\u00e9rie YANGO (90 g\u00e9lules)"}]},{"@type":"WebSite","@id":"https:\/\/ecosupplements.be\/fr\/#website","url":"https:\/\/ecosupplements.be\/fr\/","name":"ECO Supplements","description":"Eco Supplements - Gezonde supplementen","publisher":{"@id":"https:\/\/ecosupplements.be\/fr\/#organization"},"potentialAction":[{"@type":"SearchAction","target":{"@type":"EntryPoint","urlTemplate":"https:\/\/ecosupplements.be\/fr\/?s={search_term_string}"},"query-input":{"@type":"PropertyValueSpecification","valueRequired":true,"valueName":"search_term_string"}}],"inLanguage":"fr-FR"},{"@type":"Organization","@id":"https:\/\/ecosupplements.be\/fr\/#organization","name":"Eco Supplements","url":"https:\/\/ecosupplements.be\/fr\/","logo":{"@type":"ImageObject","inLanguage":"fr-FR","@id":"https:\/\/ecosupplements.be\/fr\/#\/schema\/logo\/image\/","url":"https:\/\/ecosupplements.be\/wp-content\/uploads\/2022\/06\/ecosupplement-family.png","contentUrl":"https:\/\/ecosupplements.be\/wp-content\/uploads\/2022\/06\/ecosupplement-family.png","width":593,"height":374,"caption":"Eco Supplements"},"image":{"@id":"https:\/\/ecosupplements.be\/fr\/#\/schema\/logo\/image\/"}}]},"product_brand":"Yango","product_price_amount":"10.83","product_price_currency":"EUR","og_availability":"instock","product_availability":"instock","product_retailer_item_id":"5904194063214","product_condition":"new"},"_links":{"self":[{"href":"https:\/\/ecosupplements.be\/fr\/wp-json\/wp\/v2\/product\/305097","targetHints":{"allow":["GET"]}}],"collection":[{"href":"https:\/\/ecosupplements.be\/fr\/wp-json\/wp\/v2\/product"}],"about":[{"href":"https:\/\/ecosupplements.be\/fr\/wp-json\/wp\/v2\/types\/product"}],"replies":[{"embeddable":true,"href":"https:\/\/ecosupplements.be\/fr\/wp-json\/wp\/v2\/comments?post=305097"}],"wp:featuredmedia":[{"embeddable":true,"href":"https:\/\/ecosupplements.be\/fr\/wp-json\/wp\/v2\/media\/279234"}],"wp:attachment":[{"href":"https:\/\/ecosupplements.be\/fr\/wp-json\/wp\/v2\/media?parent=305097"}],"wp:term":[{"taxonomy":"product_brand","embeddable":true,"href":"https:\/\/ecosupplements.be\/fr\/wp-json\/wp\/v2\/product_brand?post=305097"},{"taxonomy":"product_cat","embeddable":true,"href":"https:\/\/ecosupplements.be\/fr\/wp-json\/wp\/v2\/product_cat?post=305097"},{"taxonomy":"product_tag","embeddable":true,"href":"https:\/\/ecosupplements.be\/fr\/wp-json\/wp\/v2\/product_tag?post=305097"}],"curies":[{"name":"wp","href":"https:\/\/api.w.org\/{rel}","templated":true}]}}