{"id":305112,"date":"2025-07-28T07:30:26","date_gmt":"2025-07-28T06:30:26","guid":{"rendered":"https:\/\/ecosupplements.be\/product\/langsteiner-bubble-gel-75-ml-264-fl-oz\/"},"modified":"2025-08-28T04:33:50","modified_gmt":"2025-08-28T03:33:50","slug":"langsteiner-bubble-gel-75-ml-264-fl-oz","status":"publish","type":"product","link":"https:\/\/ecosupplements.be\/fr\/produit\/langsteiner-bubble-gel-75-ml-264-fl-oz\/","title":{"rendered":"Gel moussant LANGSTEINER (75 ml \/ 2,64 fl. oz.)"},"content":{"rendered":"<div class=\"product-description\">\n<h2>LANGSTEINER Bubble Gel (75 ml \/ 2,64 fl. oz.)<\/h2>\n<p>D\u00e9couvrez le LANGSTEINER Bubble Gel, un choix parfait pour ceux qui appr\u00e9cient les ingr\u00e9dients naturels dans un mode de vie actif. Ce gel est formul\u00e9 avec des composants de grande puret\u00e9 tels que l&#8217;huile essentielle d&#8217;eucalyptus, l&#8217;huile de menthe poivr\u00e9e, le menthol et l&#8217;huile de tournesol.<\/p>\n<ul>\n<li>L&#8217;huile essentielle d&#8217;eucalyptus est reconnue pour son parfum rafra\u00eechissant.<\/li>\n<li>L&#8217;huile de menthe poivr\u00e9e offre une sensation agr\u00e9able gr\u00e2ce \u00e0 sa texture unique.<\/li>\n<li>Le menthol est appr\u00e9ci\u00e9 pour son parfum vivifiant.<\/li>\n<\/ul>\n<p>Ce produit se pr\u00e9sente dans un emballage pratique de 75 ml \/ 2,64 fl. oz., id\u00e9al pour une utilisation quotidienne.<\/p>\n<p>    <strong>Ingr\u00e9dients:<\/strong><br \/>\n    <span>Aqua,PEG-40 Hydrogenated Castor oil,Phenoxyethanol,Ethylhexylglycerin,Menthol,Acrylates\/C10-30 Alkyl Acrylate Crosspolymer,triethanolamine,Helianthus Annuus Seed Oil (Huile de Tournesol),Paraffinum Liquidum (Huile Min\u00e9rale),Camphor (Camphre),Eucalyptus Globulus Leaf Oil (Huile Essentielle d&#8217;Eucalyptus),Mentha Piperita Oil (Huile de Menthe poivr\u00e9e),Limonene.<\/span><\/p>\n<p>    <strong>Utilisation:<\/strong> <\/p>\n<p>Appliquer une petite quantit\u00e9 du gel sur la zone souhait\u00e9e et masser doucement jusqu&#8217;\u00e0 absorption compl\u00e8te. Utiliser deux \u00e0 trois fois par jour selon vos besoins quotidiens.<\/p>\n<p>  \t<strong>Conservation:<\/strong><\/p>\n<p>Garder le produit \u00e0 temp\u00e9rature ambiante dans un endroit sec. Assurez-vous qu&#8217;il reste hors de port\u00e9e des enfants.<\/p>\n<p>Ce gel est un excellent ajout \u00e0 votre routine quotidienne gr\u00e2ce \u00e0 sa composition soigneusement s\u00e9lectionn\u00e9e et son format facile \u00e0 utiliser.<\/p>\n<\/div>\n","protected":false},"excerpt":{"rendered":"<p>LANGSTEINER Bubble Gel (75 ml \/ 2,64 fl. oz.) D\u00e9couvrez le LANGSTEINER Bubble Gel, un choix parfait pour ceux qui appr\u00e9cient les ingr\u00e9dients naturels dans un mode de vie actif. Ce gel est formul\u00e9 avec des composants de grande puret\u00e9 tels que l&#8217;huile essentielle d&#8217;eucalyptus, l&#8217;huile de menthe poivr\u00e9e, le menthol et l&#8217;huile de tournesol. [&#8230;]\n","protected":false},"featured_media":279249,"comment_status":"closed","ping_status":"open","template":"","meta":[],"product_brand":[5394],"product_cat":[5155],"product_tag":[],"class_list":{"0":"post-305112","1":"product","2":"type-product","3":"status-publish","4":"has-post-thumbnail","6":"product_brand-langsteiner-2","7":"product_cat-cosmetiques","9":"first","10":"instock","11":"taxable","12":"shipping-taxable","13":"purchasable","14":"product-type-simple"},"yoast_head":"<!-- This site is optimized with the Yoast SEO Premium plugin v27.5 (Yoast SEO v27.5) - https:\/\/yoast.com\/product\/yoast-seo-premium-wordpress\/ -->\n<title>Gel moussant LANGSTEINER (75 ml \/ 2,64 fl. oz.) - ECO Supplements<\/title>\n<meta name=\"description\" content=\"Wij hebben een ruime keuze aan producten van Gel moussant LANGSTEINER (75 ml \/ 2,64 fl. oz.) . Winkel bij Eco Supplements altijd gratis verzending boven 100\u20ac\" \/>\n<meta name=\"robots\" content=\"index, follow, max-snippet:-1, max-image-preview:large, max-video-preview:-1\" \/>\n<link rel=\"canonical\" href=\"https:\/\/ecosupplements.be\/fr\/produit\/langsteiner-bubble-gel-75-ml-264-fl-oz\/\" \/>\n<meta property=\"og:locale\" content=\"fr_FR\" \/>\n<meta property=\"og:type\" content=\"article\" \/>\n<meta property=\"og:title\" content=\"Gel moussant LANGSTEINER (75 ml \/ 2,64 fl. oz.)\" \/>\n<meta property=\"og:description\" content=\"Wij hebben een ruime keuze aan producten van Gel moussant LANGSTEINER (75 ml \/ 2,64 fl. oz.) . Winkel bij Eco Supplements altijd gratis verzending boven 100\u20ac\" \/>\n<meta property=\"og:url\" content=\"https:\/\/ecosupplements.be\/fr\/produit\/langsteiner-bubble-gel-75-ml-264-fl-oz\/\" \/>\n<meta property=\"og:site_name\" content=\"ECO Supplements\" \/>\n<meta property=\"article:modified_time\" content=\"2025-08-28T03:33:50+00:00\" \/>\n<meta property=\"og:image\" content=\"https:\/\/ecosupplements.be\/wp-content\/uploads\/2025\/08\/Langsteiner-LANGSTEINER-Bubble-Gel-75-ml-264-fl.-oz.jpg\" \/>\n\t<meta property=\"og:image:width\" content=\"500\" \/>\n\t<meta property=\"og:image:height\" content=\"500\" \/>\n\t<meta property=\"og:image:type\" content=\"image\/jpeg\" \/>\n<meta name=\"twitter:card\" content=\"summary_large_image\" \/>\n<meta name=\"twitter:label1\" content=\"Prix\" \/>\n\t<meta name=\"twitter:data1\" content=\"2.28&nbsp;&euro;\" \/>\n\t<meta name=\"twitter:label2\" content=\"Disponibilit\u00e9\" \/>\n\t<meta name=\"twitter:data2\" content=\"En stock\" \/>\n<script type=\"application\/ld+json\" class=\"yoast-schema-graph\">{\"@context\":\"https:\\\/\\\/schema.org\",\"@graph\":[{\"@type\":[\"WebPage\",\"ItemPage\"],\"@id\":\"https:\\\/\\\/ecosupplements.be\\\/fr\\\/produit\\\/langsteiner-bubble-gel-75-ml-264-fl-oz\\\/\",\"url\":\"https:\\\/\\\/ecosupplements.be\\\/fr\\\/produit\\\/langsteiner-bubble-gel-75-ml-264-fl-oz\\\/\",\"name\":\"Gel moussant LANGSTEINER (75 ml \\\/ 2,64 fl. oz.) - ECO Supplements\",\"isPartOf\":{\"@id\":\"https:\\\/\\\/ecosupplements.be\\\/fr\\\/#website\"},\"primaryImageOfPage\":{\"@id\":\"https:\\\/\\\/ecosupplements.be\\\/fr\\\/produit\\\/langsteiner-bubble-gel-75-ml-264-fl-oz\\\/#primaryimage\"},\"image\":{\"@id\":\"https:\\\/\\\/ecosupplements.be\\\/fr\\\/produit\\\/langsteiner-bubble-gel-75-ml-264-fl-oz\\\/#primaryimage\"},\"thumbnailUrl\":\"https:\\\/\\\/ecosupplements.be\\\/wp-content\\\/uploads\\\/2025\\\/08\\\/LANGSTEINER-Bubble-Gel-75-ml-264-fl.-oz.jpg\",\"datePublished\":\"2025-07-28T06:30:26+00:00\",\"dateModified\":\"2025-08-28T03:33:50+00:00\",\"description\":\"Wij hebben een ruime keuze aan producten van Gel moussant LANGSTEINER (75 ml \\\/ 2,64 fl. oz.) . Winkel bij Eco Supplements altijd gratis verzending boven 100\u20ac\",\"breadcrumb\":{\"@id\":\"https:\\\/\\\/ecosupplements.be\\\/fr\\\/produit\\\/langsteiner-bubble-gel-75-ml-264-fl-oz\\\/#breadcrumb\"},\"inLanguage\":\"fr-FR\",\"potentialAction\":[{\"@type\":\"ReadAction\",\"target\":[\"https:\\\/\\\/ecosupplements.be\\\/fr\\\/produit\\\/langsteiner-bubble-gel-75-ml-264-fl-oz\\\/\"]}]},{\"@type\":\"ImageObject\",\"inLanguage\":\"fr-FR\",\"@id\":\"https:\\\/\\\/ecosupplements.be\\\/fr\\\/produit\\\/langsteiner-bubble-gel-75-ml-264-fl-oz\\\/#primaryimage\",\"url\":\"https:\\\/\\\/ecosupplements.be\\\/wp-content\\\/uploads\\\/2025\\\/08\\\/LANGSTEINER-Bubble-Gel-75-ml-264-fl.-oz.jpg\",\"contentUrl\":\"https:\\\/\\\/ecosupplements.be\\\/wp-content\\\/uploads\\\/2025\\\/08\\\/LANGSTEINER-Bubble-Gel-75-ml-264-fl.-oz.jpg\",\"width\":500,\"height\":500},{\"@type\":\"BreadcrumbList\",\"@id\":\"https:\\\/\\\/ecosupplements.be\\\/fr\\\/produit\\\/langsteiner-bubble-gel-75-ml-264-fl-oz\\\/#breadcrumb\",\"itemListElement\":[{\"@type\":\"ListItem\",\"position\":1,\"name\":\"Home\",\"item\":\"https:\\\/\\\/ecosupplements.be\\\/fr\\\/\"},{\"@type\":\"ListItem\",\"position\":2,\"name\":\"Boutique\",\"item\":\"https:\\\/\\\/ecosupplements.be\\\/fr\\\/boutique\\\/\"},{\"@type\":\"ListItem\",\"position\":3,\"name\":\"Gel moussant LANGSTEINER (75 ml \\\/ 2,64 fl. oz.)\"}]},{\"@type\":\"WebSite\",\"@id\":\"https:\\\/\\\/ecosupplements.be\\\/fr\\\/#website\",\"url\":\"https:\\\/\\\/ecosupplements.be\\\/fr\\\/\",\"name\":\"ECO Supplements\",\"description\":\"Eco Supplements - Gezonde supplementen\",\"publisher\":{\"@id\":\"https:\\\/\\\/ecosupplements.be\\\/fr\\\/#organization\"},\"potentialAction\":[{\"@type\":\"SearchAction\",\"target\":{\"@type\":\"EntryPoint\",\"urlTemplate\":\"https:\\\/\\\/ecosupplements.be\\\/fr\\\/?s={search_term_string}\"},\"query-input\":{\"@type\":\"PropertyValueSpecification\",\"valueRequired\":true,\"valueName\":\"search_term_string\"}}],\"inLanguage\":\"fr-FR\"},{\"@type\":\"Organization\",\"@id\":\"https:\\\/\\\/ecosupplements.be\\\/fr\\\/#organization\",\"name\":\"Eco Supplements\",\"url\":\"https:\\\/\\\/ecosupplements.be\\\/fr\\\/\",\"logo\":{\"@type\":\"ImageObject\",\"inLanguage\":\"fr-FR\",\"@id\":\"https:\\\/\\\/ecosupplements.be\\\/fr\\\/#\\\/schema\\\/logo\\\/image\\\/\",\"url\":\"https:\\\/\\\/ecosupplements.be\\\/wp-content\\\/uploads\\\/2022\\\/06\\\/ecosupplement-family.png\",\"contentUrl\":\"https:\\\/\\\/ecosupplements.be\\\/wp-content\\\/uploads\\\/2022\\\/06\\\/ecosupplement-family.png\",\"width\":593,\"height\":374,\"caption\":\"Eco Supplements\"},\"image\":{\"@id\":\"https:\\\/\\\/ecosupplements.be\\\/fr\\\/#\\\/schema\\\/logo\\\/image\\\/\"}}]}<\/script>\n<meta property=\"product:brand\" content=\"Langsteiner\" \/>\n<meta property=\"product:price:amount\" content=\"2.28\" \/>\n<meta property=\"product:price:currency\" content=\"EUR\" \/>\n<meta property=\"og:availability\" content=\"instock\" \/>\n<meta property=\"product:availability\" content=\"instock\" \/>\n<meta property=\"product:retailer_item_id\" content=\"5901448250925\" \/>\n<meta property=\"product:condition\" content=\"new\" \/>\n<!-- \/ Yoast SEO Premium plugin. -->","yoast_head_json":{"title":"Gel moussant LANGSTEINER (75 ml \/ 2,64 fl. oz.) - ECO Supplements","description":"Wij hebben een ruime keuze aan producten van Gel moussant LANGSTEINER (75 ml \/ 2,64 fl. oz.) . Winkel bij Eco Supplements altijd gratis verzending boven 100\u20ac","robots":{"index":"index","follow":"follow","max-snippet":"max-snippet:-1","max-image-preview":"max-image-preview:large","max-video-preview":"max-video-preview:-1"},"canonical":"https:\/\/ecosupplements.be\/fr\/produit\/langsteiner-bubble-gel-75-ml-264-fl-oz\/","og_locale":"fr_FR","og_type":"article","og_title":"Gel moussant LANGSTEINER (75 ml \/ 2,64 fl. oz.)","og_description":"Wij hebben een ruime keuze aan producten van Gel moussant LANGSTEINER (75 ml \/ 2,64 fl. oz.) . Winkel bij Eco Supplements altijd gratis verzending boven 100\u20ac","og_url":"https:\/\/ecosupplements.be\/fr\/produit\/langsteiner-bubble-gel-75-ml-264-fl-oz\/","og_site_name":"ECO Supplements","article_modified_time":"2025-08-28T03:33:50+00:00","og_image":[{"width":500,"height":500,"url":"https:\/\/ecosupplements.be\/wp-content\/uploads\/2025\/08\/Langsteiner-LANGSTEINER-Bubble-Gel-75-ml-264-fl.-oz.jpg","type":"image\/jpeg"}],"twitter_card":"summary_large_image","twitter_misc":{"Prix":"2.28&nbsp;&euro;","Disponibilit\u00e9":"En stock"},"schema":{"@context":"https:\/\/schema.org","@graph":[{"@type":["WebPage","ItemPage"],"@id":"https:\/\/ecosupplements.be\/fr\/produit\/langsteiner-bubble-gel-75-ml-264-fl-oz\/","url":"https:\/\/ecosupplements.be\/fr\/produit\/langsteiner-bubble-gel-75-ml-264-fl-oz\/","name":"Gel moussant LANGSTEINER (75 ml \/ 2,64 fl. oz.) - ECO Supplements","isPartOf":{"@id":"https:\/\/ecosupplements.be\/fr\/#website"},"primaryImageOfPage":{"@id":"https:\/\/ecosupplements.be\/fr\/produit\/langsteiner-bubble-gel-75-ml-264-fl-oz\/#primaryimage"},"image":{"@id":"https:\/\/ecosupplements.be\/fr\/produit\/langsteiner-bubble-gel-75-ml-264-fl-oz\/#primaryimage"},"thumbnailUrl":"https:\/\/ecosupplements.be\/wp-content\/uploads\/2025\/08\/LANGSTEINER-Bubble-Gel-75-ml-264-fl.-oz.jpg","datePublished":"2025-07-28T06:30:26+00:00","dateModified":"2025-08-28T03:33:50+00:00","description":"Wij hebben een ruime keuze aan producten van Gel moussant LANGSTEINER (75 ml \/ 2,64 fl. oz.) . Winkel bij Eco Supplements altijd gratis verzending boven 100\u20ac","breadcrumb":{"@id":"https:\/\/ecosupplements.be\/fr\/produit\/langsteiner-bubble-gel-75-ml-264-fl-oz\/#breadcrumb"},"inLanguage":"fr-FR","potentialAction":[{"@type":"ReadAction","target":["https:\/\/ecosupplements.be\/fr\/produit\/langsteiner-bubble-gel-75-ml-264-fl-oz\/"]}]},{"@type":"ImageObject","inLanguage":"fr-FR","@id":"https:\/\/ecosupplements.be\/fr\/produit\/langsteiner-bubble-gel-75-ml-264-fl-oz\/#primaryimage","url":"https:\/\/ecosupplements.be\/wp-content\/uploads\/2025\/08\/LANGSTEINER-Bubble-Gel-75-ml-264-fl.-oz.jpg","contentUrl":"https:\/\/ecosupplements.be\/wp-content\/uploads\/2025\/08\/LANGSTEINER-Bubble-Gel-75-ml-264-fl.-oz.jpg","width":500,"height":500},{"@type":"BreadcrumbList","@id":"https:\/\/ecosupplements.be\/fr\/produit\/langsteiner-bubble-gel-75-ml-264-fl-oz\/#breadcrumb","itemListElement":[{"@type":"ListItem","position":1,"name":"Home","item":"https:\/\/ecosupplements.be\/fr\/"},{"@type":"ListItem","position":2,"name":"Boutique","item":"https:\/\/ecosupplements.be\/fr\/boutique\/"},{"@type":"ListItem","position":3,"name":"Gel moussant LANGSTEINER (75 ml \/ 2,64 fl. oz.)"}]},{"@type":"WebSite","@id":"https:\/\/ecosupplements.be\/fr\/#website","url":"https:\/\/ecosupplements.be\/fr\/","name":"ECO Supplements","description":"Eco Supplements - Gezonde supplementen","publisher":{"@id":"https:\/\/ecosupplements.be\/fr\/#organization"},"potentialAction":[{"@type":"SearchAction","target":{"@type":"EntryPoint","urlTemplate":"https:\/\/ecosupplements.be\/fr\/?s={search_term_string}"},"query-input":{"@type":"PropertyValueSpecification","valueRequired":true,"valueName":"search_term_string"}}],"inLanguage":"fr-FR"},{"@type":"Organization","@id":"https:\/\/ecosupplements.be\/fr\/#organization","name":"Eco Supplements","url":"https:\/\/ecosupplements.be\/fr\/","logo":{"@type":"ImageObject","inLanguage":"fr-FR","@id":"https:\/\/ecosupplements.be\/fr\/#\/schema\/logo\/image\/","url":"https:\/\/ecosupplements.be\/wp-content\/uploads\/2022\/06\/ecosupplement-family.png","contentUrl":"https:\/\/ecosupplements.be\/wp-content\/uploads\/2022\/06\/ecosupplement-family.png","width":593,"height":374,"caption":"Eco Supplements"},"image":{"@id":"https:\/\/ecosupplements.be\/fr\/#\/schema\/logo\/image\/"}}]},"product_brand":"Langsteiner","product_price_amount":"2.28","product_price_currency":"EUR","og_availability":"instock","product_availability":"instock","product_retailer_item_id":"5901448250925","product_condition":"new"},"_links":{"self":[{"href":"https:\/\/ecosupplements.be\/fr\/wp-json\/wp\/v2\/product\/305112","targetHints":{"allow":["GET"]}}],"collection":[{"href":"https:\/\/ecosupplements.be\/fr\/wp-json\/wp\/v2\/product"}],"about":[{"href":"https:\/\/ecosupplements.be\/fr\/wp-json\/wp\/v2\/types\/product"}],"replies":[{"embeddable":true,"href":"https:\/\/ecosupplements.be\/fr\/wp-json\/wp\/v2\/comments?post=305112"}],"wp:featuredmedia":[{"embeddable":true,"href":"https:\/\/ecosupplements.be\/fr\/wp-json\/wp\/v2\/media\/279249"}],"wp:attachment":[{"href":"https:\/\/ecosupplements.be\/fr\/wp-json\/wp\/v2\/media?parent=305112"}],"wp:term":[{"taxonomy":"product_brand","embeddable":true,"href":"https:\/\/ecosupplements.be\/fr\/wp-json\/wp\/v2\/product_brand?post=305112"},{"taxonomy":"product_cat","embeddable":true,"href":"https:\/\/ecosupplements.be\/fr\/wp-json\/wp\/v2\/product_cat?post=305112"},{"taxonomy":"product_tag","embeddable":true,"href":"https:\/\/ecosupplements.be\/fr\/wp-json\/wp\/v2\/product_tag?post=305112"}],"curies":[{"name":"wp","href":"https:\/\/api.w.org\/{rel}","templated":true}]}}