{"id":305140,"date":"2025-07-28T08:15:14","date_gmt":"2025-07-28T07:15:14","guid":{"rendered":"https:\/\/ecosupplements.be\/product\/fushi-organic-brahmi-60-caps\/"},"modified":"2025-08-28T04:34:25","modified_gmt":"2025-08-28T03:34:25","slug":"fushi-organic-brahmi-60-caps","status":"publish","type":"product","link":"https:\/\/ecosupplements.be\/fr\/produit\/fushi-organic-brahmi-60-caps\/","title":{"rendered":"FUSHI Brahmi Bio (60 g\u00e9lules)"},"content":{"rendered":"<h2>Description du produit : FUSHI Organic Brahmi (60 caps)<\/h2>\n<p><strong>Nom du produit :<\/strong> FUSHI Organic Brahmi<\/p>\n<p><strong>Contenu et emballage :<\/strong> Bo\u00eete contenant 60 capsules.<\/p>\n<h3>Ingr\u00e9dients principaux :<\/h3>\n<ul>\n<li>Bacopa monnieri (Brahmi) biologique en poudre<\/li>\n<li>Hydroxypropylm\u00e9thylcellulose (enveloppe de la capsule)<\/li>\n<\/ul>\n<h3>Utilisation :<\/h3>\n<p>Ce produit est con\u00e7u pour \u00eatre int\u00e9gr\u00e9 facilement dans votre routine quotidienne. Il est recommand\u00e9 de consommer une capsule deux fois par jour.<\/p>\n<h3>Caract\u00e9ristiques pratiques :<\/h3>\n<p>FUSHI Organic Brahmi se pr\u00e9sente sous forme de capsules faciles \u00e0 avaler,adapt\u00e9es \u00e0 un usage r\u00e9gulier. L&#8217;emballage pratique permet une conservation optimale des capsules.<\/p>\n<h4>D\u00e9tails suppl\u00e9mentaires:<\/h4>\n<ul>\n<li>Ingr\u00e9dients issus de l&#8217;agriculture biologique<\/li>\n<li>Sans additifs artificiels, conservant l&#8217;int\u00e9grit\u00e9 naturelle des ingr\u00e9dients<\/li>\n<li>Sources durables garantissant le respect de l&#8217;environnement<\/li>\n<\/ul>\n<p>Ce produit est un choix parfait pour ceux qui appr\u00e9cient les ingr\u00e9dients naturels et souhaitent incorporer des \u00e9l\u00e9ments biologiques dans leur quotidien sans compromis sur la qualit\u00e9.<\/p>\n<h5>Note importante:<\/h5>\n<p>Garder hors de port\u00e9e des enfants. Conserver dans un endroit frais et sec,\u00e0 une temp\u00e9rature inf\u00e9rieure \u00e0 30\u00b0C. Ne pas d\u00e9passer la dose journali\u00e8re recommand\u00e9e. Ce produit n&#8217;est pas destin\u00e9 \u00e0 substituer une alimentation vari\u00e9e.<\/p>\n","protected":false},"excerpt":{"rendered":"<p>Description du produit : FUSHI Organic Brahmi (60 caps) Nom du produit : FUSHI Organic Brahmi Contenu et emballage : Bo\u00eete contenant 60 capsules. Ingr\u00e9dients principaux : Bacopa monnieri (Brahmi) biologique en poudre Hydroxypropylm\u00e9thylcellulose (enveloppe de la capsule) Utilisation : Ce produit est con\u00e7u pour \u00eatre int\u00e9gr\u00e9 facilement dans votre routine quotidienne. Il est recommand\u00e9 [&#8230;]\n","protected":false},"featured_media":279276,"comment_status":"closed","ping_status":"open","template":"","meta":[],"product_brand":[5351],"product_cat":[5052,5094,5053],"product_tag":[],"class_list":{"0":"post-305140","1":"product","2":"type-product","3":"status-publish","4":"has-post-thumbnail","6":"product_brand-fushi-2","7":"product_cat-sante-et-bien-etre","8":"product_cat-supplements-a-base-de-plantes","9":"product_cat-vitamines-et-mineraux","11":"first","12":"outofstock","13":"taxable","14":"shipping-taxable","15":"purchasable","16":"product-type-simple"},"yoast_head":"<!-- This site is optimized with the Yoast SEO Premium plugin v27.3 (Yoast SEO v27.3) - https:\/\/yoast.com\/product\/yoast-seo-premium-wordpress\/ -->\n<title>FUSHI Brahmi Bio (60 g\u00e9lules) - ECO Supplements<\/title>\n<meta name=\"description\" content=\"Wij hebben een ruime keuze aan producten van FUSHI Brahmi Bio (60 g\u00e9lules) . Winkel bij Eco Supplements altijd gratis verzending boven 100\u20ac\" \/>\n<meta name=\"robots\" content=\"index, follow, max-snippet:-1, max-image-preview:large, max-video-preview:-1\" \/>\n<link rel=\"canonical\" href=\"https:\/\/ecosupplements.be\/fr\/produit\/fushi-organic-brahmi-60-caps\/\" \/>\n<meta property=\"og:locale\" content=\"fr_FR\" \/>\n<meta property=\"og:type\" content=\"article\" \/>\n<meta property=\"og:title\" content=\"FUSHI Brahmi Bio (60 g\u00e9lules)\" \/>\n<meta property=\"og:description\" content=\"Wij hebben een ruime keuze aan producten van FUSHI Brahmi Bio (60 g\u00e9lules) . Winkel bij Eco Supplements altijd gratis verzending boven 100\u20ac\" \/>\n<meta property=\"og:url\" content=\"https:\/\/ecosupplements.be\/fr\/produit\/fushi-organic-brahmi-60-caps\/\" \/>\n<meta property=\"og:site_name\" content=\"ECO Supplements\" \/>\n<meta property=\"article:modified_time\" content=\"2025-08-28T03:34:25+00:00\" \/>\n<meta property=\"og:image\" content=\"https:\/\/ecosupplements.be\/wp-content\/uploads\/2025\/08\/Fushi-FUSHI-Organic-Brahmi-60-caps.jpg\" \/>\n\t<meta property=\"og:image:width\" content=\"720\" \/>\n\t<meta property=\"og:image:height\" content=\"720\" \/>\n\t<meta property=\"og:image:type\" content=\"image\/jpeg\" \/>\n<meta name=\"twitter:card\" content=\"summary_large_image\" \/>\n<meta name=\"twitter:label1\" content=\"Prix\" \/>\n\t<meta name=\"twitter:data1\" content=\"20.57&nbsp;&euro;\" \/>\n\t<meta name=\"twitter:label2\" content=\"Disponibilit\u00e9\" \/>\n\t<meta name=\"twitter:data2\" content=\"Rupture de stock\" \/>\n<script type=\"application\/ld+json\" class=\"yoast-schema-graph\">{\"@context\":\"https:\\\/\\\/schema.org\",\"@graph\":[{\"@type\":[\"WebPage\",\"ItemPage\"],\"@id\":\"https:\\\/\\\/ecosupplements.be\\\/fr\\\/produit\\\/fushi-organic-brahmi-60-caps\\\/\",\"url\":\"https:\\\/\\\/ecosupplements.be\\\/fr\\\/produit\\\/fushi-organic-brahmi-60-caps\\\/\",\"name\":\"FUSHI Brahmi Bio (60 g\u00e9lules) - ECO Supplements\",\"isPartOf\":{\"@id\":\"https:\\\/\\\/ecosupplements.be\\\/fr\\\/#website\"},\"primaryImageOfPage\":{\"@id\":\"https:\\\/\\\/ecosupplements.be\\\/fr\\\/produit\\\/fushi-organic-brahmi-60-caps\\\/#primaryimage\"},\"image\":{\"@id\":\"https:\\\/\\\/ecosupplements.be\\\/fr\\\/produit\\\/fushi-organic-brahmi-60-caps\\\/#primaryimage\"},\"thumbnailUrl\":\"https:\\\/\\\/ecosupplements.be\\\/wp-content\\\/uploads\\\/2025\\\/08\\\/FUSHI-Organic-Brahmi-60-caps.jpg\",\"datePublished\":\"2025-07-28T07:15:14+00:00\",\"dateModified\":\"2025-08-28T03:34:25+00:00\",\"description\":\"Wij hebben een ruime keuze aan producten van FUSHI Brahmi Bio (60 g\u00e9lules) . Winkel bij Eco Supplements altijd gratis verzending boven 100\u20ac\",\"breadcrumb\":{\"@id\":\"https:\\\/\\\/ecosupplements.be\\\/fr\\\/produit\\\/fushi-organic-brahmi-60-caps\\\/#breadcrumb\"},\"inLanguage\":\"fr-FR\",\"potentialAction\":[{\"@type\":\"ReadAction\",\"target\":[\"https:\\\/\\\/ecosupplements.be\\\/fr\\\/produit\\\/fushi-organic-brahmi-60-caps\\\/\"]}]},{\"@type\":\"ImageObject\",\"inLanguage\":\"fr-FR\",\"@id\":\"https:\\\/\\\/ecosupplements.be\\\/fr\\\/produit\\\/fushi-organic-brahmi-60-caps\\\/#primaryimage\",\"url\":\"https:\\\/\\\/ecosupplements.be\\\/wp-content\\\/uploads\\\/2025\\\/08\\\/FUSHI-Organic-Brahmi-60-caps.jpg\",\"contentUrl\":\"https:\\\/\\\/ecosupplements.be\\\/wp-content\\\/uploads\\\/2025\\\/08\\\/FUSHI-Organic-Brahmi-60-caps.jpg\",\"width\":720,\"height\":720},{\"@type\":\"BreadcrumbList\",\"@id\":\"https:\\\/\\\/ecosupplements.be\\\/fr\\\/produit\\\/fushi-organic-brahmi-60-caps\\\/#breadcrumb\",\"itemListElement\":[{\"@type\":\"ListItem\",\"position\":1,\"name\":\"Home\",\"item\":\"https:\\\/\\\/ecosupplements.be\\\/fr\\\/\"},{\"@type\":\"ListItem\",\"position\":2,\"name\":\"Boutique\",\"item\":\"https:\\\/\\\/ecosupplements.be\\\/fr\\\/boutique\\\/\"},{\"@type\":\"ListItem\",\"position\":3,\"name\":\"FUSHI Brahmi Bio (60 g\u00e9lules)\"}]},{\"@type\":\"WebSite\",\"@id\":\"https:\\\/\\\/ecosupplements.be\\\/fr\\\/#website\",\"url\":\"https:\\\/\\\/ecosupplements.be\\\/fr\\\/\",\"name\":\"ECO Supplements\",\"description\":\"Eco Supplements - Gezonde supplementen\",\"publisher\":{\"@id\":\"https:\\\/\\\/ecosupplements.be\\\/fr\\\/#organization\"},\"potentialAction\":[{\"@type\":\"SearchAction\",\"target\":{\"@type\":\"EntryPoint\",\"urlTemplate\":\"https:\\\/\\\/ecosupplements.be\\\/fr\\\/?s={search_term_string}\"},\"query-input\":{\"@type\":\"PropertyValueSpecification\",\"valueRequired\":true,\"valueName\":\"search_term_string\"}}],\"inLanguage\":\"fr-FR\"},{\"@type\":\"Organization\",\"@id\":\"https:\\\/\\\/ecosupplements.be\\\/fr\\\/#organization\",\"name\":\"Eco Supplements\",\"url\":\"https:\\\/\\\/ecosupplements.be\\\/fr\\\/\",\"logo\":{\"@type\":\"ImageObject\",\"inLanguage\":\"fr-FR\",\"@id\":\"https:\\\/\\\/ecosupplements.be\\\/fr\\\/#\\\/schema\\\/logo\\\/image\\\/\",\"url\":\"https:\\\/\\\/ecosupplements.be\\\/wp-content\\\/uploads\\\/2022\\\/06\\\/ecosupplement-family.png\",\"contentUrl\":\"https:\\\/\\\/ecosupplements.be\\\/wp-content\\\/uploads\\\/2022\\\/06\\\/ecosupplement-family.png\",\"width\":593,\"height\":374,\"caption\":\"Eco Supplements\"},\"image\":{\"@id\":\"https:\\\/\\\/ecosupplements.be\\\/fr\\\/#\\\/schema\\\/logo\\\/image\\\/\"}}]}<\/script>\n<meta property=\"product:brand\" content=\"Fushi\" \/>\n<meta property=\"product:price:amount\" content=\"20.57\" \/>\n<meta property=\"product:price:currency\" content=\"EUR\" \/>\n<meta property=\"og:availability\" content=\"out of stock\" \/>\n<meta property=\"product:availability\" content=\"out of stock\" \/>\n<meta property=\"product:retailer_item_id\" content=\"5060112864834\" \/>\n<meta property=\"product:condition\" content=\"new\" \/>\n<!-- \/ Yoast SEO Premium plugin. -->","yoast_head_json":{"title":"FUSHI Brahmi Bio (60 g\u00e9lules) - ECO Supplements","description":"Wij hebben een ruime keuze aan producten van FUSHI Brahmi Bio (60 g\u00e9lules) . Winkel bij Eco Supplements altijd gratis verzending boven 100\u20ac","robots":{"index":"index","follow":"follow","max-snippet":"max-snippet:-1","max-image-preview":"max-image-preview:large","max-video-preview":"max-video-preview:-1"},"canonical":"https:\/\/ecosupplements.be\/fr\/produit\/fushi-organic-brahmi-60-caps\/","og_locale":"fr_FR","og_type":"article","og_title":"FUSHI Brahmi Bio (60 g\u00e9lules)","og_description":"Wij hebben een ruime keuze aan producten van FUSHI Brahmi Bio (60 g\u00e9lules) . Winkel bij Eco Supplements altijd gratis verzending boven 100\u20ac","og_url":"https:\/\/ecosupplements.be\/fr\/produit\/fushi-organic-brahmi-60-caps\/","og_site_name":"ECO Supplements","article_modified_time":"2025-08-28T03:34:25+00:00","og_image":[{"width":720,"height":720,"url":"https:\/\/ecosupplements.be\/wp-content\/uploads\/2025\/08\/Fushi-FUSHI-Organic-Brahmi-60-caps.jpg","type":"image\/jpeg"}],"twitter_card":"summary_large_image","twitter_misc":{"Prix":"20.57&nbsp;&euro;","Disponibilit\u00e9":"Rupture de stock"},"schema":{"@context":"https:\/\/schema.org","@graph":[{"@type":["WebPage","ItemPage"],"@id":"https:\/\/ecosupplements.be\/fr\/produit\/fushi-organic-brahmi-60-caps\/","url":"https:\/\/ecosupplements.be\/fr\/produit\/fushi-organic-brahmi-60-caps\/","name":"FUSHI Brahmi Bio (60 g\u00e9lules) - ECO Supplements","isPartOf":{"@id":"https:\/\/ecosupplements.be\/fr\/#website"},"primaryImageOfPage":{"@id":"https:\/\/ecosupplements.be\/fr\/produit\/fushi-organic-brahmi-60-caps\/#primaryimage"},"image":{"@id":"https:\/\/ecosupplements.be\/fr\/produit\/fushi-organic-brahmi-60-caps\/#primaryimage"},"thumbnailUrl":"https:\/\/ecosupplements.be\/wp-content\/uploads\/2025\/08\/FUSHI-Organic-Brahmi-60-caps.jpg","datePublished":"2025-07-28T07:15:14+00:00","dateModified":"2025-08-28T03:34:25+00:00","description":"Wij hebben een ruime keuze aan producten van FUSHI Brahmi Bio (60 g\u00e9lules) . Winkel bij Eco Supplements altijd gratis verzending boven 100\u20ac","breadcrumb":{"@id":"https:\/\/ecosupplements.be\/fr\/produit\/fushi-organic-brahmi-60-caps\/#breadcrumb"},"inLanguage":"fr-FR","potentialAction":[{"@type":"ReadAction","target":["https:\/\/ecosupplements.be\/fr\/produit\/fushi-organic-brahmi-60-caps\/"]}]},{"@type":"ImageObject","inLanguage":"fr-FR","@id":"https:\/\/ecosupplements.be\/fr\/produit\/fushi-organic-brahmi-60-caps\/#primaryimage","url":"https:\/\/ecosupplements.be\/wp-content\/uploads\/2025\/08\/FUSHI-Organic-Brahmi-60-caps.jpg","contentUrl":"https:\/\/ecosupplements.be\/wp-content\/uploads\/2025\/08\/FUSHI-Organic-Brahmi-60-caps.jpg","width":720,"height":720},{"@type":"BreadcrumbList","@id":"https:\/\/ecosupplements.be\/fr\/produit\/fushi-organic-brahmi-60-caps\/#breadcrumb","itemListElement":[{"@type":"ListItem","position":1,"name":"Home","item":"https:\/\/ecosupplements.be\/fr\/"},{"@type":"ListItem","position":2,"name":"Boutique","item":"https:\/\/ecosupplements.be\/fr\/boutique\/"},{"@type":"ListItem","position":3,"name":"FUSHI Brahmi Bio (60 g\u00e9lules)"}]},{"@type":"WebSite","@id":"https:\/\/ecosupplements.be\/fr\/#website","url":"https:\/\/ecosupplements.be\/fr\/","name":"ECO Supplements","description":"Eco Supplements - Gezonde supplementen","publisher":{"@id":"https:\/\/ecosupplements.be\/fr\/#organization"},"potentialAction":[{"@type":"SearchAction","target":{"@type":"EntryPoint","urlTemplate":"https:\/\/ecosupplements.be\/fr\/?s={search_term_string}"},"query-input":{"@type":"PropertyValueSpecification","valueRequired":true,"valueName":"search_term_string"}}],"inLanguage":"fr-FR"},{"@type":"Organization","@id":"https:\/\/ecosupplements.be\/fr\/#organization","name":"Eco Supplements","url":"https:\/\/ecosupplements.be\/fr\/","logo":{"@type":"ImageObject","inLanguage":"fr-FR","@id":"https:\/\/ecosupplements.be\/fr\/#\/schema\/logo\/image\/","url":"https:\/\/ecosupplements.be\/wp-content\/uploads\/2022\/06\/ecosupplement-family.png","contentUrl":"https:\/\/ecosupplements.be\/wp-content\/uploads\/2022\/06\/ecosupplement-family.png","width":593,"height":374,"caption":"Eco Supplements"},"image":{"@id":"https:\/\/ecosupplements.be\/fr\/#\/schema\/logo\/image\/"}}]},"product_brand":"Fushi","product_price_amount":"20.57","product_price_currency":"EUR","og_availability":"out of stock","product_availability":"out of stock","product_retailer_item_id":"5060112864834","product_condition":"new"},"_links":{"self":[{"href":"https:\/\/ecosupplements.be\/fr\/wp-json\/wp\/v2\/product\/305140","targetHints":{"allow":["GET"]}}],"collection":[{"href":"https:\/\/ecosupplements.be\/fr\/wp-json\/wp\/v2\/product"}],"about":[{"href":"https:\/\/ecosupplements.be\/fr\/wp-json\/wp\/v2\/types\/product"}],"replies":[{"embeddable":true,"href":"https:\/\/ecosupplements.be\/fr\/wp-json\/wp\/v2\/comments?post=305140"}],"wp:featuredmedia":[{"embeddable":true,"href":"https:\/\/ecosupplements.be\/fr\/wp-json\/wp\/v2\/media\/279276"}],"wp:attachment":[{"href":"https:\/\/ecosupplements.be\/fr\/wp-json\/wp\/v2\/media?parent=305140"}],"wp:term":[{"taxonomy":"product_brand","embeddable":true,"href":"https:\/\/ecosupplements.be\/fr\/wp-json\/wp\/v2\/product_brand?post=305140"},{"taxonomy":"product_cat","embeddable":true,"href":"https:\/\/ecosupplements.be\/fr\/wp-json\/wp\/v2\/product_cat?post=305140"},{"taxonomy":"product_tag","embeddable":true,"href":"https:\/\/ecosupplements.be\/fr\/wp-json\/wp\/v2\/product_tag?post=305140"}],"curies":[{"name":"wp","href":"https:\/\/api.w.org\/{rel}","templated":true}]}}