{"id":305215,"date":"2025-07-28T09:45:13","date_gmt":"2025-07-28T08:45:13","guid":{"rendered":"https:\/\/ecosupplements.be\/product\/ostrovit-ekstrakt-z-grzybow-reishi-50-g\/"},"modified":"2025-08-28T04:35:51","modified_gmt":"2025-08-28T03:35:51","slug":"ostrovit-ekstrakt-z-grzybow-reishi-50-g","status":"publish","type":"product","link":"https:\/\/ecosupplements.be\/fr\/produit\/ostrovit-ekstrakt-z-grzybow-reishi-50-g\/","title":{"rendered":"Extrait de Champignons Reishi OSTROVIT &#8211; (50 g)"},"content":{"rendered":"<h2>OSTROVIT Ekstrakt z Grzyb\u00f3w Reishi &#8211; 50 g<\/h2>\n<p>D\u00e9couvrez OSTROVIT Ekstrakt z Grzyb\u00f3w Reishi,un compl\u00e9ment en poudre simple et naturel,con\u00e7u pour ceux qui appr\u00e9cient les produits de haute qualit\u00e9 issus de sources naturelles. Ce produit est id\u00e9al pour int\u00e9grer facilement dans votre quotidien.<\/p>\n<ul>\n<li><strong>Composition pure<\/strong> : Contient exclusivement de l&#8217;extrait de champignon Reishi (Ganoderma lucidum), standardis\u00e9 \u00e0 40% de polysaccharides, sans additifs superflus.<\/li>\n<li><strong>Dosage<\/strong> : Une mesure par portion, facilitant son utilisation au quotidien.<\/li>\n<li><strong>Rendement<\/strong> : Chaque paquet contient environ 83 portions.<\/li>\n<li><strong>Format pratique<\/strong> : Pr\u00e9sent\u00e9 sous forme de poudre pour une utilisation simplifi\u00e9e, particuli\u00e8rement adapt\u00e9e \u00e0 ceux qui pr\u00e9f\u00e8rent \u00e9viter les comprim\u00e9s.<\/li>\n<li><strong>Vegan friendly<\/strong>: Convient aux v\u00e9g\u00e9tariens et v\u00e9gans,ne contenant aucun ingr\u00e9dient d&#8217;origine animale.<\/li>\n<\/ul>\n<h3>Ingr\u00e9dients principaux<\/h3>\n<p>L&#8217;extrait du champignon Reishi (Ganoderma lucidum) standardis\u00e9 \u00e0 contenir 40% de polysaccharides offre une source concentr\u00e9e et pure. <\/p>\n<p>Note: Ce produit peut contenir des traces de lait (y compris lactose), soja, arachides, autres noix, graines de s\u00e9same, c\u00e9r\u00e9ales contenant du gluten, \u0153ufs, crustac\u00e9s et poissons.<\/p>\n<h3>Valeur nutritionnelle par portion:<\/h3>\n<table border=\"1\">\n<tbody>\n<tr>\n<th>Ingr\u00e9dients actifs:<\/th>\n<\/tr>\n<tr>\n<td>Extrait du champignon Reishi:<\/td>\n<\/tr>\n<tr>\n<td>&#8211; dont polysaccharides (40%) :<\/td>\n<\/tr>\n<\/tbody>\n<\/table>\n<p><label>Poids net: <\/label>50 g<br \/>\n<label>Nombres d&#8217;unit\u00e9s par emballage: <\/label>83<br \/>\n<label>Taille d&#8217;une unit\u00e9: <\/label>600 mg<\/p>\n<p>Ce compl\u00e9ment est un choix parfait pour enrichir votre alimentation avec des composants naturels dans le cadre d&#8217;un mode vie \u00e9quilibr\u00e9 et actif. profitez chaque jour des bienfaits d&#8217;un produit \u00e9labor\u00e9 avec soin et attention.<\/p>\n","protected":false},"excerpt":{"rendered":"<p>OSTROVIT Ekstrakt z Grzyb\u00f3w Reishi &#8211; 50 g D\u00e9couvrez OSTROVIT Ekstrakt z Grzyb\u00f3w Reishi,un compl\u00e9ment en poudre simple et naturel,con\u00e7u pour ceux qui appr\u00e9cient les produits de haute qualit\u00e9 issus de sources naturelles. Ce produit est id\u00e9al pour int\u00e9grer facilement dans votre quotidien. Composition pure : Contient exclusivement de l&#8217;extrait de champignon Reishi (Ganoderma lucidum), [&#8230;]\n","protected":false},"featured_media":279351,"comment_status":"closed","ping_status":"open","template":"","meta":[],"product_brand":[5326],"product_cat":[5053],"product_tag":[],"class_list":{"0":"post-305215","1":"product","2":"type-product","3":"status-publish","4":"has-post-thumbnail","6":"product_brand-ostrovit-2","7":"product_cat-vitamines-et-mineraux","9":"first","10":"instock","11":"taxable","12":"shipping-taxable","13":"purchasable","14":"product-type-simple"},"yoast_head":"<!-- This site is optimized with the Yoast SEO Premium plugin v27.3 (Yoast SEO v27.3) - https:\/\/yoast.com\/product\/yoast-seo-premium-wordpress\/ -->\n<title>Extrait de Champignons Reishi OSTROVIT - (50 g) - ECO Supplements<\/title>\n<meta name=\"description\" content=\"Wij hebben een ruime keuze aan producten van Extrait de Champignons Reishi OSTROVIT - (50 g) . Winkel bij Eco Supplements altijd gratis verzending boven 100\u20ac\" \/>\n<meta name=\"robots\" content=\"index, follow, max-snippet:-1, max-image-preview:large, max-video-preview:-1\" \/>\n<link rel=\"canonical\" href=\"https:\/\/ecosupplements.be\/fr\/produit\/ostrovit-ekstrakt-z-grzybow-reishi-50-g\/\" \/>\n<meta property=\"og:locale\" content=\"fr_FR\" \/>\n<meta property=\"og:type\" content=\"article\" \/>\n<meta property=\"og:title\" content=\"Extrait de Champignons Reishi OSTROVIT - (50 g)\" \/>\n<meta property=\"og:description\" content=\"Wij hebben een ruime keuze aan producten van Extrait de Champignons Reishi OSTROVIT - (50 g) . Winkel bij Eco Supplements altijd gratis verzending boven 100\u20ac\" \/>\n<meta property=\"og:url\" content=\"https:\/\/ecosupplements.be\/fr\/produit\/ostrovit-ekstrakt-z-grzybow-reishi-50-g\/\" \/>\n<meta property=\"og:site_name\" content=\"ECO Supplements\" \/>\n<meta property=\"article:modified_time\" content=\"2025-08-28T03:35:51+00:00\" \/>\n<meta property=\"og:image\" content=\"https:\/\/ecosupplements.be\/wp-content\/uploads\/2025\/08\/Ostrovit-OSTROVIT-Ekstrakt-z-Grzybow-Reishi-50-g.jpg\" \/>\n\t<meta property=\"og:image:width\" content=\"529\" \/>\n\t<meta property=\"og:image:height\" content=\"541\" \/>\n\t<meta property=\"og:image:type\" content=\"image\/jpeg\" \/>\n<meta name=\"twitter:card\" content=\"summary_large_image\" \/>\n<meta name=\"twitter:label1\" content=\"Prix\" \/>\n\t<meta name=\"twitter:data1\" content=\"6.32&nbsp;&euro;\" \/>\n\t<meta name=\"twitter:label2\" content=\"Disponibilit\u00e9\" \/>\n\t<meta name=\"twitter:data2\" content=\"En stock\" \/>\n<script type=\"application\/ld+json\" class=\"yoast-schema-graph\">{\"@context\":\"https:\\\/\\\/schema.org\",\"@graph\":[{\"@type\":[\"WebPage\",\"ItemPage\"],\"@id\":\"https:\\\/\\\/ecosupplements.be\\\/fr\\\/produit\\\/ostrovit-ekstrakt-z-grzybow-reishi-50-g\\\/\",\"url\":\"https:\\\/\\\/ecosupplements.be\\\/fr\\\/produit\\\/ostrovit-ekstrakt-z-grzybow-reishi-50-g\\\/\",\"name\":\"Extrait de Champignons Reishi OSTROVIT - (50 g) - ECO Supplements\",\"isPartOf\":{\"@id\":\"https:\\\/\\\/ecosupplements.be\\\/fr\\\/#website\"},\"primaryImageOfPage\":{\"@id\":\"https:\\\/\\\/ecosupplements.be\\\/fr\\\/produit\\\/ostrovit-ekstrakt-z-grzybow-reishi-50-g\\\/#primaryimage\"},\"image\":{\"@id\":\"https:\\\/\\\/ecosupplements.be\\\/fr\\\/produit\\\/ostrovit-ekstrakt-z-grzybow-reishi-50-g\\\/#primaryimage\"},\"thumbnailUrl\":\"https:\\\/\\\/ecosupplements.be\\\/wp-content\\\/uploads\\\/2025\\\/08\\\/OSTROVIT-Ekstrakt-z-Grzybow-Reishi-50-g.jpg\",\"datePublished\":\"2025-07-28T08:45:13+00:00\",\"dateModified\":\"2025-08-28T03:35:51+00:00\",\"description\":\"Wij hebben een ruime keuze aan producten van Extrait de Champignons Reishi OSTROVIT - (50 g) . Winkel bij Eco Supplements altijd gratis verzending boven 100\u20ac\",\"breadcrumb\":{\"@id\":\"https:\\\/\\\/ecosupplements.be\\\/fr\\\/produit\\\/ostrovit-ekstrakt-z-grzybow-reishi-50-g\\\/#breadcrumb\"},\"inLanguage\":\"fr-FR\",\"potentialAction\":[{\"@type\":\"ReadAction\",\"target\":[\"https:\\\/\\\/ecosupplements.be\\\/fr\\\/produit\\\/ostrovit-ekstrakt-z-grzybow-reishi-50-g\\\/\"]}]},{\"@type\":\"ImageObject\",\"inLanguage\":\"fr-FR\",\"@id\":\"https:\\\/\\\/ecosupplements.be\\\/fr\\\/produit\\\/ostrovit-ekstrakt-z-grzybow-reishi-50-g\\\/#primaryimage\",\"url\":\"https:\\\/\\\/ecosupplements.be\\\/wp-content\\\/uploads\\\/2025\\\/08\\\/OSTROVIT-Ekstrakt-z-Grzybow-Reishi-50-g.jpg\",\"contentUrl\":\"https:\\\/\\\/ecosupplements.be\\\/wp-content\\\/uploads\\\/2025\\\/08\\\/OSTROVIT-Ekstrakt-z-Grzybow-Reishi-50-g.jpg\",\"width\":529,\"height\":541},{\"@type\":\"BreadcrumbList\",\"@id\":\"https:\\\/\\\/ecosupplements.be\\\/fr\\\/produit\\\/ostrovit-ekstrakt-z-grzybow-reishi-50-g\\\/#breadcrumb\",\"itemListElement\":[{\"@type\":\"ListItem\",\"position\":1,\"name\":\"Home\",\"item\":\"https:\\\/\\\/ecosupplements.be\\\/fr\\\/\"},{\"@type\":\"ListItem\",\"position\":2,\"name\":\"Boutique\",\"item\":\"https:\\\/\\\/ecosupplements.be\\\/fr\\\/boutique\\\/\"},{\"@type\":\"ListItem\",\"position\":3,\"name\":\"Extrait de Champignons Reishi OSTROVIT &#8211; (50 g)\"}]},{\"@type\":\"WebSite\",\"@id\":\"https:\\\/\\\/ecosupplements.be\\\/fr\\\/#website\",\"url\":\"https:\\\/\\\/ecosupplements.be\\\/fr\\\/\",\"name\":\"ECO Supplements\",\"description\":\"Eco Supplements - Gezonde supplementen\",\"publisher\":{\"@id\":\"https:\\\/\\\/ecosupplements.be\\\/fr\\\/#organization\"},\"potentialAction\":[{\"@type\":\"SearchAction\",\"target\":{\"@type\":\"EntryPoint\",\"urlTemplate\":\"https:\\\/\\\/ecosupplements.be\\\/fr\\\/?s={search_term_string}\"},\"query-input\":{\"@type\":\"PropertyValueSpecification\",\"valueRequired\":true,\"valueName\":\"search_term_string\"}}],\"inLanguage\":\"fr-FR\"},{\"@type\":\"Organization\",\"@id\":\"https:\\\/\\\/ecosupplements.be\\\/fr\\\/#organization\",\"name\":\"Eco Supplements\",\"url\":\"https:\\\/\\\/ecosupplements.be\\\/fr\\\/\",\"logo\":{\"@type\":\"ImageObject\",\"inLanguage\":\"fr-FR\",\"@id\":\"https:\\\/\\\/ecosupplements.be\\\/fr\\\/#\\\/schema\\\/logo\\\/image\\\/\",\"url\":\"https:\\\/\\\/ecosupplements.be\\\/wp-content\\\/uploads\\\/2022\\\/06\\\/ecosupplement-family.png\",\"contentUrl\":\"https:\\\/\\\/ecosupplements.be\\\/wp-content\\\/uploads\\\/2022\\\/06\\\/ecosupplement-family.png\",\"width\":593,\"height\":374,\"caption\":\"Eco Supplements\"},\"image\":{\"@id\":\"https:\\\/\\\/ecosupplements.be\\\/fr\\\/#\\\/schema\\\/logo\\\/image\\\/\"}}]}<\/script>\n<meta property=\"product:brand\" content=\"Ostrovit\" \/>\n<meta property=\"product:price:amount\" content=\"6.32\" \/>\n<meta property=\"product:price:currency\" content=\"EUR\" \/>\n<meta property=\"og:availability\" content=\"instock\" \/>\n<meta property=\"product:availability\" content=\"instock\" \/>\n<meta property=\"product:retailer_item_id\" content=\"5903933905051\" \/>\n<meta property=\"product:condition\" content=\"new\" \/>\n<!-- \/ Yoast SEO Premium plugin. -->","yoast_head_json":{"title":"Extrait de Champignons Reishi OSTROVIT - (50 g) - ECO Supplements","description":"Wij hebben een ruime keuze aan producten van Extrait de Champignons Reishi OSTROVIT - (50 g) . Winkel bij Eco Supplements altijd gratis verzending boven 100\u20ac","robots":{"index":"index","follow":"follow","max-snippet":"max-snippet:-1","max-image-preview":"max-image-preview:large","max-video-preview":"max-video-preview:-1"},"canonical":"https:\/\/ecosupplements.be\/fr\/produit\/ostrovit-ekstrakt-z-grzybow-reishi-50-g\/","og_locale":"fr_FR","og_type":"article","og_title":"Extrait de Champignons Reishi OSTROVIT - (50 g)","og_description":"Wij hebben een ruime keuze aan producten van Extrait de Champignons Reishi OSTROVIT - (50 g) . Winkel bij Eco Supplements altijd gratis verzending boven 100\u20ac","og_url":"https:\/\/ecosupplements.be\/fr\/produit\/ostrovit-ekstrakt-z-grzybow-reishi-50-g\/","og_site_name":"ECO Supplements","article_modified_time":"2025-08-28T03:35:51+00:00","og_image":[{"width":529,"height":541,"url":"https:\/\/ecosupplements.be\/wp-content\/uploads\/2025\/08\/Ostrovit-OSTROVIT-Ekstrakt-z-Grzybow-Reishi-50-g.jpg","type":"image\/jpeg"}],"twitter_card":"summary_large_image","twitter_misc":{"Prix":"6.32&nbsp;&euro;","Disponibilit\u00e9":"En stock"},"schema":{"@context":"https:\/\/schema.org","@graph":[{"@type":["WebPage","ItemPage"],"@id":"https:\/\/ecosupplements.be\/fr\/produit\/ostrovit-ekstrakt-z-grzybow-reishi-50-g\/","url":"https:\/\/ecosupplements.be\/fr\/produit\/ostrovit-ekstrakt-z-grzybow-reishi-50-g\/","name":"Extrait de Champignons Reishi OSTROVIT - (50 g) - ECO Supplements","isPartOf":{"@id":"https:\/\/ecosupplements.be\/fr\/#website"},"primaryImageOfPage":{"@id":"https:\/\/ecosupplements.be\/fr\/produit\/ostrovit-ekstrakt-z-grzybow-reishi-50-g\/#primaryimage"},"image":{"@id":"https:\/\/ecosupplements.be\/fr\/produit\/ostrovit-ekstrakt-z-grzybow-reishi-50-g\/#primaryimage"},"thumbnailUrl":"https:\/\/ecosupplements.be\/wp-content\/uploads\/2025\/08\/OSTROVIT-Ekstrakt-z-Grzybow-Reishi-50-g.jpg","datePublished":"2025-07-28T08:45:13+00:00","dateModified":"2025-08-28T03:35:51+00:00","description":"Wij hebben een ruime keuze aan producten van Extrait de Champignons Reishi OSTROVIT - (50 g) . Winkel bij Eco Supplements altijd gratis verzending boven 100\u20ac","breadcrumb":{"@id":"https:\/\/ecosupplements.be\/fr\/produit\/ostrovit-ekstrakt-z-grzybow-reishi-50-g\/#breadcrumb"},"inLanguage":"fr-FR","potentialAction":[{"@type":"ReadAction","target":["https:\/\/ecosupplements.be\/fr\/produit\/ostrovit-ekstrakt-z-grzybow-reishi-50-g\/"]}]},{"@type":"ImageObject","inLanguage":"fr-FR","@id":"https:\/\/ecosupplements.be\/fr\/produit\/ostrovit-ekstrakt-z-grzybow-reishi-50-g\/#primaryimage","url":"https:\/\/ecosupplements.be\/wp-content\/uploads\/2025\/08\/OSTROVIT-Ekstrakt-z-Grzybow-Reishi-50-g.jpg","contentUrl":"https:\/\/ecosupplements.be\/wp-content\/uploads\/2025\/08\/OSTROVIT-Ekstrakt-z-Grzybow-Reishi-50-g.jpg","width":529,"height":541},{"@type":"BreadcrumbList","@id":"https:\/\/ecosupplements.be\/fr\/produit\/ostrovit-ekstrakt-z-grzybow-reishi-50-g\/#breadcrumb","itemListElement":[{"@type":"ListItem","position":1,"name":"Home","item":"https:\/\/ecosupplements.be\/fr\/"},{"@type":"ListItem","position":2,"name":"Boutique","item":"https:\/\/ecosupplements.be\/fr\/boutique\/"},{"@type":"ListItem","position":3,"name":"Extrait de Champignons Reishi OSTROVIT &#8211; (50 g)"}]},{"@type":"WebSite","@id":"https:\/\/ecosupplements.be\/fr\/#website","url":"https:\/\/ecosupplements.be\/fr\/","name":"ECO Supplements","description":"Eco Supplements - Gezonde supplementen","publisher":{"@id":"https:\/\/ecosupplements.be\/fr\/#organization"},"potentialAction":[{"@type":"SearchAction","target":{"@type":"EntryPoint","urlTemplate":"https:\/\/ecosupplements.be\/fr\/?s={search_term_string}"},"query-input":{"@type":"PropertyValueSpecification","valueRequired":true,"valueName":"search_term_string"}}],"inLanguage":"fr-FR"},{"@type":"Organization","@id":"https:\/\/ecosupplements.be\/fr\/#organization","name":"Eco Supplements","url":"https:\/\/ecosupplements.be\/fr\/","logo":{"@type":"ImageObject","inLanguage":"fr-FR","@id":"https:\/\/ecosupplements.be\/fr\/#\/schema\/logo\/image\/","url":"https:\/\/ecosupplements.be\/wp-content\/uploads\/2022\/06\/ecosupplement-family.png","contentUrl":"https:\/\/ecosupplements.be\/wp-content\/uploads\/2022\/06\/ecosupplement-family.png","width":593,"height":374,"caption":"Eco Supplements"},"image":{"@id":"https:\/\/ecosupplements.be\/fr\/#\/schema\/logo\/image\/"}}]},"product_brand":"Ostrovit","product_price_amount":"6.32","product_price_currency":"EUR","og_availability":"instock","product_availability":"instock","product_retailer_item_id":"5903933905051","product_condition":"new"},"_links":{"self":[{"href":"https:\/\/ecosupplements.be\/fr\/wp-json\/wp\/v2\/product\/305215","targetHints":{"allow":["GET"]}}],"collection":[{"href":"https:\/\/ecosupplements.be\/fr\/wp-json\/wp\/v2\/product"}],"about":[{"href":"https:\/\/ecosupplements.be\/fr\/wp-json\/wp\/v2\/types\/product"}],"replies":[{"embeddable":true,"href":"https:\/\/ecosupplements.be\/fr\/wp-json\/wp\/v2\/comments?post=305215"}],"wp:featuredmedia":[{"embeddable":true,"href":"https:\/\/ecosupplements.be\/fr\/wp-json\/wp\/v2\/media\/279351"}],"wp:attachment":[{"href":"https:\/\/ecosupplements.be\/fr\/wp-json\/wp\/v2\/media?parent=305215"}],"wp:term":[{"taxonomy":"product_brand","embeddable":true,"href":"https:\/\/ecosupplements.be\/fr\/wp-json\/wp\/v2\/product_brand?post=305215"},{"taxonomy":"product_cat","embeddable":true,"href":"https:\/\/ecosupplements.be\/fr\/wp-json\/wp\/v2\/product_cat?post=305215"},{"taxonomy":"product_tag","embeddable":true,"href":"https:\/\/ecosupplements.be\/fr\/wp-json\/wp\/v2\/product_tag?post=305215"}],"curies":[{"name":"wp","href":"https:\/\/api.w.org\/{rel}","templated":true}]}}