{"id":305287,"date":"2025-07-28T11:15:14","date_gmt":"2025-07-28T10:15:14","guid":{"rendered":"https:\/\/ecosupplements.be\/product\/hepatica-nattokinaza-nsk-sd-20-60-caps\/"},"modified":"2025-08-28T04:37:09","modified_gmt":"2025-08-28T03:37:09","slug":"hepatica-nattokinaza-nsk-sd-20-60-caps","status":"publish","type":"product","link":"https:\/\/ecosupplements.be\/fr\/produit\/hepatica-nattokinaza-nsk-sd-20-60-caps\/","title":{"rendered":"H\u00e9patique Nattokinase &#8211; NSK &#8211; SD 20 (60 g\u00e9lules)"},"content":{"rendered":"<div class=\"product-description\">\n<h2>HEPATICA Nattokinaza &#8211; NSK &#8211; SD 20 (60 caps)<\/h2>\n<p>D\u00e9couvrez le choix parfait pour ceux qui appr\u00e9cient les ingr\u00e9dients naturels dans un mode de vie sain. HEPATICA Nattokinaza &#8211; NSK &#8211; SD 20 est un produit issu d&#8217;une tradition japonaise mill\u00e9naire, \u00e9labor\u00e9 avec soin pour garantir une qualit\u00e9 sup\u00e9rieure.<\/p>\n<p>Ce compl\u00e9ment alimentaire contient de la nattokinase NSK-SD\u00ae, extraite de soja ferment\u00e9 selon des m\u00e9thodes traditionnelles et modernes, assurant une grande puret\u00e9 et authenticit\u00e9 du produit. La production se d\u00e9roule au Japon, en respectant des normes strictes telles que GMP et HACCP pour vous offrir un produit fiable et de haute qualit\u00e9.<\/p>\n<p><strong>Ingr\u00e9dients :<\/strong> Nattokinase NSK-SD\u00ae (issue d&#8217;extraits de soja ferment\u00e9s), cellulose microcristalline, hydroxypropylmethylcellulose (composant de l&#8217;enveloppe de la capsule).<\/p>\n<p><strong>Contenu :<\/strong> Chaque emballage contient 60 capsules.<\/p>\n<p><strong>Utilisation recommand\u00e9e :<\/strong> Prendre une capsule par jour. Ne pas d\u00e9passer la dose journali\u00e8re recommand\u00e9e.<\/p>\n<h3>D\u00e9tails pratiques<\/h3>\n<ul>\n<li>Fabrication sans OGM<\/li>\n<li>Teneur tr\u00e8s faible en vitamine K<\/li>\n<li>Convient aux v\u00e9g\u00e9tariens<\/li>\n<\/ul>\n<p>Ce compl\u00e9ment simple est id\u00e9al pour une utilisation quotidienne dans le cadre d&#8217;un r\u00e9gime alimentaire vari\u00e9. Il est important de conserver le produit dans un endroit sec \u00e0 l&#8217;abri des hautes temp\u00e9ratures et hors de port\u00e9e des enfants.<\/P><\/p>\n<p><em>Note : Ce produit n&#8217;est pas destin\u00e9 \u00e0 diagnostiquer, traiter, gu\u00e9rir ou pr\u00e9venir aucune maladie. Pour toute condition m\u00e9dicale ou si vous prenez d\u00e9j\u00e0 d&#8217;autres m\u00e9dicaments, veuillez consulter un professionnel avant utilisation.<\/em><\/P><\/p>\n<p>Nous nous engageons \u00e0 fournir des produits respectueux du bien-\u00eatre g\u00e9n\u00e9ral sans faire allusion \u00e0 des effets sp\u00e9cifiques sur la sant\u00e9. Choisissez HEPATICA Nattokinaza &#8211; NSK &#8211; SD 20 pour sa qualit\u00e9 exceptionnelle et son engagement envers les standards \u00e9lev\u00e9s.<\/P><\/p>\n<\/div>\n","protected":false},"excerpt":{"rendered":"<p>HEPATICA Nattokinaza &#8211; NSK &#8211; SD 20 (60 caps) D\u00e9couvrez le choix parfait pour ceux qui appr\u00e9cient les ingr\u00e9dients naturels dans un mode de vie sain. HEPATICA Nattokinaza &#8211; NSK &#8211; SD 20 est un produit issu d&#8217;une tradition japonaise mill\u00e9naire, \u00e9labor\u00e9 avec soin pour garantir une qualit\u00e9 sup\u00e9rieure. Ce compl\u00e9ment alimentaire contient de la [&#8230;]\n","protected":false},"featured_media":279423,"comment_status":"closed","ping_status":"open","template":"","meta":[],"product_brand":[5356],"product_cat":[5053],"product_tag":[],"class_list":{"0":"post-305287","1":"product","2":"type-product","3":"status-publish","4":"has-post-thumbnail","6":"product_brand-hepatica-2","7":"product_cat-vitamines-et-mineraux","9":"first","10":"instock","11":"taxable","12":"shipping-taxable","13":"purchasable","14":"product-type-simple"},"yoast_head":"<!-- This site is optimized with the Yoast SEO Premium plugin v27.3 (Yoast SEO v27.3) - https:\/\/yoast.com\/product\/yoast-seo-premium-wordpress\/ -->\n<title>H\u00e9patique Nattokinase - NSK - SD 20 (60 g\u00e9lules) - ECO Supplements<\/title>\n<meta name=\"description\" content=\"Wij hebben een ruime keuze aan producten van H\u00e9patique Nattokinase - NSK - SD 20 (60 g\u00e9lules) . Winkel bij Eco Supplements altijd gratis verzending boven 100\u20ac\" \/>\n<meta name=\"robots\" content=\"index, follow, max-snippet:-1, max-image-preview:large, max-video-preview:-1\" \/>\n<link rel=\"canonical\" href=\"https:\/\/ecosupplements.be\/fr\/produit\/hepatica-nattokinaza-nsk-sd-20-60-caps\/\" \/>\n<meta property=\"og:locale\" content=\"fr_FR\" \/>\n<meta property=\"og:type\" content=\"article\" \/>\n<meta property=\"og:title\" content=\"H\u00e9patique Nattokinase - NSK - SD 20 (60 g\u00e9lules)\" \/>\n<meta property=\"og:description\" content=\"Wij hebben een ruime keuze aan producten van H\u00e9patique Nattokinase - NSK - SD 20 (60 g\u00e9lules) . Winkel bij Eco Supplements altijd gratis verzending boven 100\u20ac\" \/>\n<meta property=\"og:url\" content=\"https:\/\/ecosupplements.be\/fr\/produit\/hepatica-nattokinaza-nsk-sd-20-60-caps\/\" \/>\n<meta property=\"og:site_name\" content=\"ECO Supplements\" \/>\n<meta property=\"article:modified_time\" content=\"2025-08-28T03:37:09+00:00\" \/>\n<meta property=\"og:image\" content=\"https:\/\/ecosupplements.be\/wp-content\/uploads\/2025\/08\/Hepatica-HEPATICA-Nattokinaza-NSK-SD-20-60-caps.png\" \/>\n\t<meta property=\"og:image:width\" content=\"773\" \/>\n\t<meta property=\"og:image:height\" content=\"791\" \/>\n\t<meta property=\"og:image:type\" content=\"image\/jpeg\" \/>\n<meta name=\"twitter:card\" content=\"summary_large_image\" \/>\n<meta name=\"twitter:label1\" content=\"Prix\" \/>\n\t<meta name=\"twitter:data1\" content=\"20.89&nbsp;&euro;\" \/>\n\t<meta name=\"twitter:label2\" content=\"Disponibilit\u00e9\" \/>\n\t<meta name=\"twitter:data2\" content=\"En stock\" \/>\n<script type=\"application\/ld+json\" class=\"yoast-schema-graph\">{\"@context\":\"https:\\\/\\\/schema.org\",\"@graph\":[{\"@type\":[\"WebPage\",\"ItemPage\"],\"@id\":\"https:\\\/\\\/ecosupplements.be\\\/fr\\\/produit\\\/hepatica-nattokinaza-nsk-sd-20-60-caps\\\/\",\"url\":\"https:\\\/\\\/ecosupplements.be\\\/fr\\\/produit\\\/hepatica-nattokinaza-nsk-sd-20-60-caps\\\/\",\"name\":\"H\u00e9patique Nattokinase - NSK - SD 20 (60 g\u00e9lules) - ECO Supplements\",\"isPartOf\":{\"@id\":\"https:\\\/\\\/ecosupplements.be\\\/fr\\\/#website\"},\"primaryImageOfPage\":{\"@id\":\"https:\\\/\\\/ecosupplements.be\\\/fr\\\/produit\\\/hepatica-nattokinaza-nsk-sd-20-60-caps\\\/#primaryimage\"},\"image\":{\"@id\":\"https:\\\/\\\/ecosupplements.be\\\/fr\\\/produit\\\/hepatica-nattokinaza-nsk-sd-20-60-caps\\\/#primaryimage\"},\"thumbnailUrl\":\"https:\\\/\\\/ecosupplements.be\\\/wp-content\\\/uploads\\\/2025\\\/08\\\/HEPATICA-Nattokinaza-NSK-SD-20-60-caps.png\",\"datePublished\":\"2025-07-28T10:15:14+00:00\",\"dateModified\":\"2025-08-28T03:37:09+00:00\",\"description\":\"Wij hebben een ruime keuze aan producten van H\u00e9patique Nattokinase - NSK - SD 20 (60 g\u00e9lules) . Winkel bij Eco Supplements altijd gratis verzending boven 100\u20ac\",\"breadcrumb\":{\"@id\":\"https:\\\/\\\/ecosupplements.be\\\/fr\\\/produit\\\/hepatica-nattokinaza-nsk-sd-20-60-caps\\\/#breadcrumb\"},\"inLanguage\":\"fr-FR\",\"potentialAction\":[{\"@type\":\"ReadAction\",\"target\":[\"https:\\\/\\\/ecosupplements.be\\\/fr\\\/produit\\\/hepatica-nattokinaza-nsk-sd-20-60-caps\\\/\"]}]},{\"@type\":\"ImageObject\",\"inLanguage\":\"fr-FR\",\"@id\":\"https:\\\/\\\/ecosupplements.be\\\/fr\\\/produit\\\/hepatica-nattokinaza-nsk-sd-20-60-caps\\\/#primaryimage\",\"url\":\"https:\\\/\\\/ecosupplements.be\\\/wp-content\\\/uploads\\\/2025\\\/08\\\/HEPATICA-Nattokinaza-NSK-SD-20-60-caps.png\",\"contentUrl\":\"https:\\\/\\\/ecosupplements.be\\\/wp-content\\\/uploads\\\/2025\\\/08\\\/HEPATICA-Nattokinaza-NSK-SD-20-60-caps.png\",\"width\":773,\"height\":791},{\"@type\":\"BreadcrumbList\",\"@id\":\"https:\\\/\\\/ecosupplements.be\\\/fr\\\/produit\\\/hepatica-nattokinaza-nsk-sd-20-60-caps\\\/#breadcrumb\",\"itemListElement\":[{\"@type\":\"ListItem\",\"position\":1,\"name\":\"Home\",\"item\":\"https:\\\/\\\/ecosupplements.be\\\/fr\\\/\"},{\"@type\":\"ListItem\",\"position\":2,\"name\":\"Boutique\",\"item\":\"https:\\\/\\\/ecosupplements.be\\\/fr\\\/boutique\\\/\"},{\"@type\":\"ListItem\",\"position\":3,\"name\":\"H\u00e9patique Nattokinase &#8211; NSK &#8211; SD 20 (60 g\u00e9lules)\"}]},{\"@type\":\"WebSite\",\"@id\":\"https:\\\/\\\/ecosupplements.be\\\/fr\\\/#website\",\"url\":\"https:\\\/\\\/ecosupplements.be\\\/fr\\\/\",\"name\":\"ECO Supplements\",\"description\":\"Eco Supplements - Gezonde supplementen\",\"publisher\":{\"@id\":\"https:\\\/\\\/ecosupplements.be\\\/fr\\\/#organization\"},\"potentialAction\":[{\"@type\":\"SearchAction\",\"target\":{\"@type\":\"EntryPoint\",\"urlTemplate\":\"https:\\\/\\\/ecosupplements.be\\\/fr\\\/?s={search_term_string}\"},\"query-input\":{\"@type\":\"PropertyValueSpecification\",\"valueRequired\":true,\"valueName\":\"search_term_string\"}}],\"inLanguage\":\"fr-FR\"},{\"@type\":\"Organization\",\"@id\":\"https:\\\/\\\/ecosupplements.be\\\/fr\\\/#organization\",\"name\":\"Eco Supplements\",\"url\":\"https:\\\/\\\/ecosupplements.be\\\/fr\\\/\",\"logo\":{\"@type\":\"ImageObject\",\"inLanguage\":\"fr-FR\",\"@id\":\"https:\\\/\\\/ecosupplements.be\\\/fr\\\/#\\\/schema\\\/logo\\\/image\\\/\",\"url\":\"https:\\\/\\\/ecosupplements.be\\\/wp-content\\\/uploads\\\/2022\\\/06\\\/ecosupplement-family.png\",\"contentUrl\":\"https:\\\/\\\/ecosupplements.be\\\/wp-content\\\/uploads\\\/2022\\\/06\\\/ecosupplement-family.png\",\"width\":593,\"height\":374,\"caption\":\"Eco Supplements\"},\"image\":{\"@id\":\"https:\\\/\\\/ecosupplements.be\\\/fr\\\/#\\\/schema\\\/logo\\\/image\\\/\"}}]}<\/script>\n<meta property=\"product:brand\" content=\"Hepatica\" \/>\n<meta property=\"product:price:amount\" content=\"20.89\" \/>\n<meta property=\"product:price:currency\" content=\"EUR\" \/>\n<meta property=\"og:availability\" content=\"instock\" \/>\n<meta property=\"product:availability\" content=\"instock\" \/>\n<meta property=\"product:retailer_item_id\" content=\"5904996527792\" \/>\n<meta property=\"product:condition\" content=\"new\" \/>\n<!-- \/ Yoast SEO Premium plugin. -->","yoast_head_json":{"title":"H\u00e9patique Nattokinase - NSK - SD 20 (60 g\u00e9lules) - ECO Supplements","description":"Wij hebben een ruime keuze aan producten van H\u00e9patique Nattokinase - NSK - SD 20 (60 g\u00e9lules) . Winkel bij Eco Supplements altijd gratis verzending boven 100\u20ac","robots":{"index":"index","follow":"follow","max-snippet":"max-snippet:-1","max-image-preview":"max-image-preview:large","max-video-preview":"max-video-preview:-1"},"canonical":"https:\/\/ecosupplements.be\/fr\/produit\/hepatica-nattokinaza-nsk-sd-20-60-caps\/","og_locale":"fr_FR","og_type":"article","og_title":"H\u00e9patique Nattokinase - NSK - SD 20 (60 g\u00e9lules)","og_description":"Wij hebben een ruime keuze aan producten van H\u00e9patique Nattokinase - NSK - SD 20 (60 g\u00e9lules) . Winkel bij Eco Supplements altijd gratis verzending boven 100\u20ac","og_url":"https:\/\/ecosupplements.be\/fr\/produit\/hepatica-nattokinaza-nsk-sd-20-60-caps\/","og_site_name":"ECO Supplements","article_modified_time":"2025-08-28T03:37:09+00:00","og_image":[{"width":773,"height":791,"url":"https:\/\/ecosupplements.be\/wp-content\/uploads\/2025\/08\/Hepatica-HEPATICA-Nattokinaza-NSK-SD-20-60-caps.png","type":"image\/jpeg"}],"twitter_card":"summary_large_image","twitter_misc":{"Prix":"20.89&nbsp;&euro;","Disponibilit\u00e9":"En stock"},"schema":{"@context":"https:\/\/schema.org","@graph":[{"@type":["WebPage","ItemPage"],"@id":"https:\/\/ecosupplements.be\/fr\/produit\/hepatica-nattokinaza-nsk-sd-20-60-caps\/","url":"https:\/\/ecosupplements.be\/fr\/produit\/hepatica-nattokinaza-nsk-sd-20-60-caps\/","name":"H\u00e9patique Nattokinase - NSK - SD 20 (60 g\u00e9lules) - ECO Supplements","isPartOf":{"@id":"https:\/\/ecosupplements.be\/fr\/#website"},"primaryImageOfPage":{"@id":"https:\/\/ecosupplements.be\/fr\/produit\/hepatica-nattokinaza-nsk-sd-20-60-caps\/#primaryimage"},"image":{"@id":"https:\/\/ecosupplements.be\/fr\/produit\/hepatica-nattokinaza-nsk-sd-20-60-caps\/#primaryimage"},"thumbnailUrl":"https:\/\/ecosupplements.be\/wp-content\/uploads\/2025\/08\/HEPATICA-Nattokinaza-NSK-SD-20-60-caps.png","datePublished":"2025-07-28T10:15:14+00:00","dateModified":"2025-08-28T03:37:09+00:00","description":"Wij hebben een ruime keuze aan producten van H\u00e9patique Nattokinase - NSK - SD 20 (60 g\u00e9lules) . Winkel bij Eco Supplements altijd gratis verzending boven 100\u20ac","breadcrumb":{"@id":"https:\/\/ecosupplements.be\/fr\/produit\/hepatica-nattokinaza-nsk-sd-20-60-caps\/#breadcrumb"},"inLanguage":"fr-FR","potentialAction":[{"@type":"ReadAction","target":["https:\/\/ecosupplements.be\/fr\/produit\/hepatica-nattokinaza-nsk-sd-20-60-caps\/"]}]},{"@type":"ImageObject","inLanguage":"fr-FR","@id":"https:\/\/ecosupplements.be\/fr\/produit\/hepatica-nattokinaza-nsk-sd-20-60-caps\/#primaryimage","url":"https:\/\/ecosupplements.be\/wp-content\/uploads\/2025\/08\/HEPATICA-Nattokinaza-NSK-SD-20-60-caps.png","contentUrl":"https:\/\/ecosupplements.be\/wp-content\/uploads\/2025\/08\/HEPATICA-Nattokinaza-NSK-SD-20-60-caps.png","width":773,"height":791},{"@type":"BreadcrumbList","@id":"https:\/\/ecosupplements.be\/fr\/produit\/hepatica-nattokinaza-nsk-sd-20-60-caps\/#breadcrumb","itemListElement":[{"@type":"ListItem","position":1,"name":"Home","item":"https:\/\/ecosupplements.be\/fr\/"},{"@type":"ListItem","position":2,"name":"Boutique","item":"https:\/\/ecosupplements.be\/fr\/boutique\/"},{"@type":"ListItem","position":3,"name":"H\u00e9patique Nattokinase &#8211; NSK &#8211; SD 20 (60 g\u00e9lules)"}]},{"@type":"WebSite","@id":"https:\/\/ecosupplements.be\/fr\/#website","url":"https:\/\/ecosupplements.be\/fr\/","name":"ECO Supplements","description":"Eco Supplements - Gezonde supplementen","publisher":{"@id":"https:\/\/ecosupplements.be\/fr\/#organization"},"potentialAction":[{"@type":"SearchAction","target":{"@type":"EntryPoint","urlTemplate":"https:\/\/ecosupplements.be\/fr\/?s={search_term_string}"},"query-input":{"@type":"PropertyValueSpecification","valueRequired":true,"valueName":"search_term_string"}}],"inLanguage":"fr-FR"},{"@type":"Organization","@id":"https:\/\/ecosupplements.be\/fr\/#organization","name":"Eco Supplements","url":"https:\/\/ecosupplements.be\/fr\/","logo":{"@type":"ImageObject","inLanguage":"fr-FR","@id":"https:\/\/ecosupplements.be\/fr\/#\/schema\/logo\/image\/","url":"https:\/\/ecosupplements.be\/wp-content\/uploads\/2022\/06\/ecosupplement-family.png","contentUrl":"https:\/\/ecosupplements.be\/wp-content\/uploads\/2022\/06\/ecosupplement-family.png","width":593,"height":374,"caption":"Eco Supplements"},"image":{"@id":"https:\/\/ecosupplements.be\/fr\/#\/schema\/logo\/image\/"}}]},"product_brand":"Hepatica","product_price_amount":"20.89","product_price_currency":"EUR","og_availability":"instock","product_availability":"instock","product_retailer_item_id":"5904996527792","product_condition":"new"},"_links":{"self":[{"href":"https:\/\/ecosupplements.be\/fr\/wp-json\/wp\/v2\/product\/305287","targetHints":{"allow":["GET"]}}],"collection":[{"href":"https:\/\/ecosupplements.be\/fr\/wp-json\/wp\/v2\/product"}],"about":[{"href":"https:\/\/ecosupplements.be\/fr\/wp-json\/wp\/v2\/types\/product"}],"replies":[{"embeddable":true,"href":"https:\/\/ecosupplements.be\/fr\/wp-json\/wp\/v2\/comments?post=305287"}],"wp:featuredmedia":[{"embeddable":true,"href":"https:\/\/ecosupplements.be\/fr\/wp-json\/wp\/v2\/media\/279423"}],"wp:attachment":[{"href":"https:\/\/ecosupplements.be\/fr\/wp-json\/wp\/v2\/media?parent=305287"}],"wp:term":[{"taxonomy":"product_brand","embeddable":true,"href":"https:\/\/ecosupplements.be\/fr\/wp-json\/wp\/v2\/product_brand?post=305287"},{"taxonomy":"product_cat","embeddable":true,"href":"https:\/\/ecosupplements.be\/fr\/wp-json\/wp\/v2\/product_cat?post=305287"},{"taxonomy":"product_tag","embeddable":true,"href":"https:\/\/ecosupplements.be\/fr\/wp-json\/wp\/v2\/product_tag?post=305287"}],"curies":[{"name":"wp","href":"https:\/\/api.w.org\/{rel}","templated":true}]}}