{"id":305321,"date":"2025-07-28T12:00:31","date_gmt":"2025-07-28T11:00:31","guid":{"rendered":"https:\/\/ecosupplements.be\/product\/yango-fenugreek-101-extract-30-ml\/"},"modified":"2025-08-28T04:37:52","modified_gmt":"2025-08-28T03:37:52","slug":"yango-fenugreek-101-extract-30-ml","status":"publish","type":"product","link":"https:\/\/ecosupplements.be\/fr\/produit\/yango-fenugreek-101-extract-30-ml\/","title":{"rendered":"Extrait de Fenugrec YANGO &#8211; 10:1 (30 ml)"},"content":{"rendered":"<div>\n<h1>YANGO Fenugreek &#8211; Extrait 10:1 (30 ml)<\/h1>\n<p>D\u00e9couvrez YANGO Fenugreek, un extrait concentr\u00e9 10:1 de fenugrec, conditionn\u00e9 dans un flacon pratique de 30 ml. Cet extrait est obtenu \u00e0 partir de graines de fenugrec soigneusement s\u00e9lectionn\u00e9es pour leur qualit\u00e9 sup\u00e9rieure.<\/p>\n<h2>Composition<\/h2>\n<p>L&#8217;extrait est enrichi d&#8217;un ar\u00f4me naturel qui rend son utilisation agr\u00e9able. Les ingr\u00e9dients comprennent : eau purifi\u00e9e, glyc\u00e9rol (support), extrait de graines de fenugrec (Trigonella foenum-graecum) \u00e0 une concentration de 10:1, ar\u00f4me naturel, acide citrique (r\u00e9gulateur d&#8217;acidit\u00e9), sorbate de potassium (conservateur).<\/p>\n<h2>Utilisation<\/h2>\n<p>Pour une utilisation quotidienne simple et pratique,il est recommand\u00e9 d&#8217;ajouter quelques gouttes \u00e0 l&#8217;eau ou \u00e0 votre boisson pr\u00e9f\u00e9r\u00e9e. Agitez bien avant chaque usage. Apr\u00e8s ouverture, conserver au r\u00e9frig\u00e9rateur et consommer dans les dix semaines.<\/p>\n<h3>Caract\u00e9ristiques pratiques<\/h3>\n<p>Ce produit se distingue par sa facilit\u00e9 d&#8217;utilisation gr\u00e2ce \u00e0 son format en gouttes facilement dosables. Son go\u00fbt agr\u00e9ment\u00e9 par un ar\u00f4me naturel rend son incorporation dans votre routine quotidienne non seulement simple mais aussi plaisante.<\/p>\n<h3>Valeurs ajout\u00e9es<\/h3>\n<p>fabriqu\u00e9 avec des ingr\u00e9dients naturels et sans additifs superflus, YANGO Fenugreek s&#8217;int\u00e8gre parfaitement dans un mode de vie actif et \u00e9quilibr\u00e9. Ce choix premium convient parfaitement aux amateurs des produits purs et simples.<\/p>\n<h4>Note importante<\/h4>\n<p>Ce produit ne doit pas d\u00e9passer la dose journali\u00e8re indiqu\u00e9e. Il ne remplace pas une alimentation vari\u00e9e et \u00e9quilibr\u00e9e ni un mode de vie sain. Conservez le flacon dans un endroit sec et frais hors port\u00e9e des enfants.<\/p>\n<\/div>\n","protected":false},"excerpt":{"rendered":"<p>YANGO Fenugreek &#8211; Extrait 10:1 (30 ml) D\u00e9couvrez YANGO Fenugreek, un extrait concentr\u00e9 10:1 de fenugrec, conditionn\u00e9 dans un flacon pratique de 30 ml. Cet extrait est obtenu \u00e0 partir de graines de fenugrec soigneusement s\u00e9lectionn\u00e9es pour leur qualit\u00e9 sup\u00e9rieure. Composition L&#8217;extrait est enrichi d&#8217;un ar\u00f4me naturel qui rend son utilisation agr\u00e9able. Les ingr\u00e9dients comprennent [&#8230;]\n","protected":false},"featured_media":279453,"comment_status":"closed","ping_status":"open","template":"","meta":[],"product_brand":[5393],"product_cat":[5052,5094,5053],"product_tag":[],"class_list":{"0":"post-305321","1":"product","2":"type-product","3":"status-publish","4":"has-post-thumbnail","6":"product_brand-yango-2","7":"product_cat-sante-et-bien-etre","8":"product_cat-supplements-a-base-de-plantes","9":"product_cat-vitamines-et-mineraux","11":"first","12":"instock","13":"taxable","14":"shipping-taxable","15":"purchasable","16":"product-type-simple"},"yoast_head":"<!-- This site is optimized with the Yoast SEO Premium plugin v27.3 (Yoast SEO v27.3) - https:\/\/yoast.com\/product\/yoast-seo-premium-wordpress\/ -->\n<title>Extrait de Fenugrec YANGO - 10:1 (30 ml) - ECO Supplements<\/title>\n<meta name=\"description\" content=\"Wij hebben een ruime keuze aan producten van Extrait de Fenugrec YANGO - 10:1 (30 ml) . Winkel bij Eco Supplements altijd gratis verzending boven 100\u20ac\" \/>\n<meta name=\"robots\" content=\"index, follow, max-snippet:-1, max-image-preview:large, max-video-preview:-1\" \/>\n<link rel=\"canonical\" href=\"https:\/\/ecosupplements.be\/fr\/produit\/yango-fenugreek-101-extract-30-ml\/\" \/>\n<meta property=\"og:locale\" content=\"fr_FR\" \/>\n<meta property=\"og:type\" content=\"article\" \/>\n<meta property=\"og:title\" content=\"Extrait de Fenugrec YANGO - 10:1 (30 ml)\" \/>\n<meta property=\"og:description\" content=\"Wij hebben een ruime keuze aan producten van Extrait de Fenugrec YANGO - 10:1 (30 ml) . Winkel bij Eco Supplements altijd gratis verzending boven 100\u20ac\" \/>\n<meta property=\"og:url\" content=\"https:\/\/ecosupplements.be\/fr\/produit\/yango-fenugreek-101-extract-30-ml\/\" \/>\n<meta property=\"og:site_name\" content=\"ECO Supplements\" \/>\n<meta property=\"article:modified_time\" content=\"2025-08-28T03:37:52+00:00\" \/>\n<meta property=\"og:image\" content=\"https:\/\/ecosupplements.be\/wp-content\/uploads\/2025\/08\/Yango-YANGO-Fenugreek-101-extract-30-ml.jpg\" \/>\n\t<meta property=\"og:image:width\" content=\"398\" \/>\n\t<meta property=\"og:image:height\" content=\"547\" \/>\n\t<meta property=\"og:image:type\" content=\"image\/jpeg\" \/>\n<meta name=\"twitter:card\" content=\"summary_large_image\" \/>\n<meta name=\"twitter:label1\" content=\"Prix\" \/>\n\t<meta name=\"twitter:data1\" content=\"9.08&nbsp;&euro;\" \/>\n\t<meta name=\"twitter:label2\" content=\"Disponibilit\u00e9\" \/>\n\t<meta name=\"twitter:data2\" content=\"En stock\" \/>\n<script type=\"application\/ld+json\" class=\"yoast-schema-graph\">{\"@context\":\"https:\\\/\\\/schema.org\",\"@graph\":[{\"@type\":[\"WebPage\",\"ItemPage\"],\"@id\":\"https:\\\/\\\/ecosupplements.be\\\/fr\\\/produit\\\/yango-fenugreek-101-extract-30-ml\\\/\",\"url\":\"https:\\\/\\\/ecosupplements.be\\\/fr\\\/produit\\\/yango-fenugreek-101-extract-30-ml\\\/\",\"name\":\"Extrait de Fenugrec YANGO - 10:1 (30 ml) - ECO Supplements\",\"isPartOf\":{\"@id\":\"https:\\\/\\\/ecosupplements.be\\\/fr\\\/#website\"},\"primaryImageOfPage\":{\"@id\":\"https:\\\/\\\/ecosupplements.be\\\/fr\\\/produit\\\/yango-fenugreek-101-extract-30-ml\\\/#primaryimage\"},\"image\":{\"@id\":\"https:\\\/\\\/ecosupplements.be\\\/fr\\\/produit\\\/yango-fenugreek-101-extract-30-ml\\\/#primaryimage\"},\"thumbnailUrl\":\"https:\\\/\\\/ecosupplements.be\\\/wp-content\\\/uploads\\\/2025\\\/08\\\/YANGO-Fenugreek-101-extract-30-ml.jpg\",\"datePublished\":\"2025-07-28T11:00:31+00:00\",\"dateModified\":\"2025-08-28T03:37:52+00:00\",\"description\":\"Wij hebben een ruime keuze aan producten van Extrait de Fenugrec YANGO - 10:1 (30 ml) . Winkel bij Eco Supplements altijd gratis verzending boven 100\u20ac\",\"breadcrumb\":{\"@id\":\"https:\\\/\\\/ecosupplements.be\\\/fr\\\/produit\\\/yango-fenugreek-101-extract-30-ml\\\/#breadcrumb\"},\"inLanguage\":\"fr-FR\",\"potentialAction\":[{\"@type\":\"ReadAction\",\"target\":[\"https:\\\/\\\/ecosupplements.be\\\/fr\\\/produit\\\/yango-fenugreek-101-extract-30-ml\\\/\"]}]},{\"@type\":\"ImageObject\",\"inLanguage\":\"fr-FR\",\"@id\":\"https:\\\/\\\/ecosupplements.be\\\/fr\\\/produit\\\/yango-fenugreek-101-extract-30-ml\\\/#primaryimage\",\"url\":\"https:\\\/\\\/ecosupplements.be\\\/wp-content\\\/uploads\\\/2025\\\/08\\\/YANGO-Fenugreek-101-extract-30-ml.jpg\",\"contentUrl\":\"https:\\\/\\\/ecosupplements.be\\\/wp-content\\\/uploads\\\/2025\\\/08\\\/YANGO-Fenugreek-101-extract-30-ml.jpg\",\"width\":398,\"height\":547},{\"@type\":\"BreadcrumbList\",\"@id\":\"https:\\\/\\\/ecosupplements.be\\\/fr\\\/produit\\\/yango-fenugreek-101-extract-30-ml\\\/#breadcrumb\",\"itemListElement\":[{\"@type\":\"ListItem\",\"position\":1,\"name\":\"Home\",\"item\":\"https:\\\/\\\/ecosupplements.be\\\/fr\\\/\"},{\"@type\":\"ListItem\",\"position\":2,\"name\":\"Boutique\",\"item\":\"https:\\\/\\\/ecosupplements.be\\\/fr\\\/boutique\\\/\"},{\"@type\":\"ListItem\",\"position\":3,\"name\":\"Extrait de Fenugrec YANGO &#8211; 10:1 (30 ml)\"}]},{\"@type\":\"WebSite\",\"@id\":\"https:\\\/\\\/ecosupplements.be\\\/fr\\\/#website\",\"url\":\"https:\\\/\\\/ecosupplements.be\\\/fr\\\/\",\"name\":\"ECO Supplements\",\"description\":\"Eco Supplements - Gezonde supplementen\",\"publisher\":{\"@id\":\"https:\\\/\\\/ecosupplements.be\\\/fr\\\/#organization\"},\"potentialAction\":[{\"@type\":\"SearchAction\",\"target\":{\"@type\":\"EntryPoint\",\"urlTemplate\":\"https:\\\/\\\/ecosupplements.be\\\/fr\\\/?s={search_term_string}\"},\"query-input\":{\"@type\":\"PropertyValueSpecification\",\"valueRequired\":true,\"valueName\":\"search_term_string\"}}],\"inLanguage\":\"fr-FR\"},{\"@type\":\"Organization\",\"@id\":\"https:\\\/\\\/ecosupplements.be\\\/fr\\\/#organization\",\"name\":\"Eco Supplements\",\"url\":\"https:\\\/\\\/ecosupplements.be\\\/fr\\\/\",\"logo\":{\"@type\":\"ImageObject\",\"inLanguage\":\"fr-FR\",\"@id\":\"https:\\\/\\\/ecosupplements.be\\\/fr\\\/#\\\/schema\\\/logo\\\/image\\\/\",\"url\":\"https:\\\/\\\/ecosupplements.be\\\/wp-content\\\/uploads\\\/2022\\\/06\\\/ecosupplement-family.png\",\"contentUrl\":\"https:\\\/\\\/ecosupplements.be\\\/wp-content\\\/uploads\\\/2022\\\/06\\\/ecosupplement-family.png\",\"width\":593,\"height\":374,\"caption\":\"Eco Supplements\"},\"image\":{\"@id\":\"https:\\\/\\\/ecosupplements.be\\\/fr\\\/#\\\/schema\\\/logo\\\/image\\\/\"}}]}<\/script>\n<meta property=\"product:brand\" content=\"Yango\" \/>\n<meta property=\"product:price:amount\" content=\"9.08\" \/>\n<meta property=\"product:price:currency\" content=\"EUR\" \/>\n<meta property=\"og:availability\" content=\"instock\" \/>\n<meta property=\"product:availability\" content=\"instock\" \/>\n<meta property=\"product:retailer_item_id\" content=\"5904194064594\" \/>\n<meta property=\"product:condition\" content=\"new\" \/>\n<!-- \/ Yoast SEO Premium plugin. -->","yoast_head_json":{"title":"Extrait de Fenugrec YANGO - 10:1 (30 ml) - ECO Supplements","description":"Wij hebben een ruime keuze aan producten van Extrait de Fenugrec YANGO - 10:1 (30 ml) . Winkel bij Eco Supplements altijd gratis verzending boven 100\u20ac","robots":{"index":"index","follow":"follow","max-snippet":"max-snippet:-1","max-image-preview":"max-image-preview:large","max-video-preview":"max-video-preview:-1"},"canonical":"https:\/\/ecosupplements.be\/fr\/produit\/yango-fenugreek-101-extract-30-ml\/","og_locale":"fr_FR","og_type":"article","og_title":"Extrait de Fenugrec YANGO - 10:1 (30 ml)","og_description":"Wij hebben een ruime keuze aan producten van Extrait de Fenugrec YANGO - 10:1 (30 ml) . Winkel bij Eco Supplements altijd gratis verzending boven 100\u20ac","og_url":"https:\/\/ecosupplements.be\/fr\/produit\/yango-fenugreek-101-extract-30-ml\/","og_site_name":"ECO Supplements","article_modified_time":"2025-08-28T03:37:52+00:00","og_image":[{"width":398,"height":547,"url":"https:\/\/ecosupplements.be\/wp-content\/uploads\/2025\/08\/Yango-YANGO-Fenugreek-101-extract-30-ml.jpg","type":"image\/jpeg"}],"twitter_card":"summary_large_image","twitter_misc":{"Prix":"9.08&nbsp;&euro;","Disponibilit\u00e9":"En stock"},"schema":{"@context":"https:\/\/schema.org","@graph":[{"@type":["WebPage","ItemPage"],"@id":"https:\/\/ecosupplements.be\/fr\/produit\/yango-fenugreek-101-extract-30-ml\/","url":"https:\/\/ecosupplements.be\/fr\/produit\/yango-fenugreek-101-extract-30-ml\/","name":"Extrait de Fenugrec YANGO - 10:1 (30 ml) - ECO Supplements","isPartOf":{"@id":"https:\/\/ecosupplements.be\/fr\/#website"},"primaryImageOfPage":{"@id":"https:\/\/ecosupplements.be\/fr\/produit\/yango-fenugreek-101-extract-30-ml\/#primaryimage"},"image":{"@id":"https:\/\/ecosupplements.be\/fr\/produit\/yango-fenugreek-101-extract-30-ml\/#primaryimage"},"thumbnailUrl":"https:\/\/ecosupplements.be\/wp-content\/uploads\/2025\/08\/YANGO-Fenugreek-101-extract-30-ml.jpg","datePublished":"2025-07-28T11:00:31+00:00","dateModified":"2025-08-28T03:37:52+00:00","description":"Wij hebben een ruime keuze aan producten van Extrait de Fenugrec YANGO - 10:1 (30 ml) . Winkel bij Eco Supplements altijd gratis verzending boven 100\u20ac","breadcrumb":{"@id":"https:\/\/ecosupplements.be\/fr\/produit\/yango-fenugreek-101-extract-30-ml\/#breadcrumb"},"inLanguage":"fr-FR","potentialAction":[{"@type":"ReadAction","target":["https:\/\/ecosupplements.be\/fr\/produit\/yango-fenugreek-101-extract-30-ml\/"]}]},{"@type":"ImageObject","inLanguage":"fr-FR","@id":"https:\/\/ecosupplements.be\/fr\/produit\/yango-fenugreek-101-extract-30-ml\/#primaryimage","url":"https:\/\/ecosupplements.be\/wp-content\/uploads\/2025\/08\/YANGO-Fenugreek-101-extract-30-ml.jpg","contentUrl":"https:\/\/ecosupplements.be\/wp-content\/uploads\/2025\/08\/YANGO-Fenugreek-101-extract-30-ml.jpg","width":398,"height":547},{"@type":"BreadcrumbList","@id":"https:\/\/ecosupplements.be\/fr\/produit\/yango-fenugreek-101-extract-30-ml\/#breadcrumb","itemListElement":[{"@type":"ListItem","position":1,"name":"Home","item":"https:\/\/ecosupplements.be\/fr\/"},{"@type":"ListItem","position":2,"name":"Boutique","item":"https:\/\/ecosupplements.be\/fr\/boutique\/"},{"@type":"ListItem","position":3,"name":"Extrait de Fenugrec YANGO &#8211; 10:1 (30 ml)"}]},{"@type":"WebSite","@id":"https:\/\/ecosupplements.be\/fr\/#website","url":"https:\/\/ecosupplements.be\/fr\/","name":"ECO Supplements","description":"Eco Supplements - Gezonde supplementen","publisher":{"@id":"https:\/\/ecosupplements.be\/fr\/#organization"},"potentialAction":[{"@type":"SearchAction","target":{"@type":"EntryPoint","urlTemplate":"https:\/\/ecosupplements.be\/fr\/?s={search_term_string}"},"query-input":{"@type":"PropertyValueSpecification","valueRequired":true,"valueName":"search_term_string"}}],"inLanguage":"fr-FR"},{"@type":"Organization","@id":"https:\/\/ecosupplements.be\/fr\/#organization","name":"Eco Supplements","url":"https:\/\/ecosupplements.be\/fr\/","logo":{"@type":"ImageObject","inLanguage":"fr-FR","@id":"https:\/\/ecosupplements.be\/fr\/#\/schema\/logo\/image\/","url":"https:\/\/ecosupplements.be\/wp-content\/uploads\/2022\/06\/ecosupplement-family.png","contentUrl":"https:\/\/ecosupplements.be\/wp-content\/uploads\/2022\/06\/ecosupplement-family.png","width":593,"height":374,"caption":"Eco Supplements"},"image":{"@id":"https:\/\/ecosupplements.be\/fr\/#\/schema\/logo\/image\/"}}]},"product_brand":"Yango","product_price_amount":"9.08","product_price_currency":"EUR","og_availability":"instock","product_availability":"instock","product_retailer_item_id":"5904194064594","product_condition":"new"},"_links":{"self":[{"href":"https:\/\/ecosupplements.be\/fr\/wp-json\/wp\/v2\/product\/305321","targetHints":{"allow":["GET"]}}],"collection":[{"href":"https:\/\/ecosupplements.be\/fr\/wp-json\/wp\/v2\/product"}],"about":[{"href":"https:\/\/ecosupplements.be\/fr\/wp-json\/wp\/v2\/types\/product"}],"replies":[{"embeddable":true,"href":"https:\/\/ecosupplements.be\/fr\/wp-json\/wp\/v2\/comments?post=305321"}],"wp:featuredmedia":[{"embeddable":true,"href":"https:\/\/ecosupplements.be\/fr\/wp-json\/wp\/v2\/media\/279453"}],"wp:attachment":[{"href":"https:\/\/ecosupplements.be\/fr\/wp-json\/wp\/v2\/media?parent=305321"}],"wp:term":[{"taxonomy":"product_brand","embeddable":true,"href":"https:\/\/ecosupplements.be\/fr\/wp-json\/wp\/v2\/product_brand?post=305321"},{"taxonomy":"product_cat","embeddable":true,"href":"https:\/\/ecosupplements.be\/fr\/wp-json\/wp\/v2\/product_cat?post=305321"},{"taxonomy":"product_tag","embeddable":true,"href":"https:\/\/ecosupplements.be\/fr\/wp-json\/wp\/v2\/product_tag?post=305321"}],"curies":[{"name":"wp","href":"https:\/\/api.w.org\/{rel}","templated":true}]}}