{"id":305336,"date":"2025-07-27T11:15:12","date_gmt":"2025-07-27T10:15:12","guid":{"rendered":"https:\/\/ecosupplements.be\/product\/ormus-colon-micro-fibre-sodium-butyrate-60-caps\/"},"modified":"2025-08-28T04:38:11","modified_gmt":"2025-08-28T03:38:11","slug":"ormus-colon-micro-fibre-sodium-butyrate-60-caps","status":"publish","type":"product","link":"https:\/\/ecosupplements.be\/fr\/produit\/ormus-colon-micro-fibre-sodium-butyrate-60-caps\/","title":{"rendered":"Fibre de Colon Micro + Butyrate de Sodium ORMUS (60 g\u00e9lules)"},"content":{"rendered":"<h2>ORMUS Colon Micro Fibre + Sodium Butyrate (60 caps)<\/h2>\n<p>D\u00e9couvrez ORMUS Colon Micro Fibre + Sodium Butyrate, un choix parfait pour ceux qui appr\u00e9cient les ingr\u00e9dients naturels dans un mode de vie sain. Ce produit est con\u00e7u pour \u00eatre int\u00e9gr\u00e9 facilement \u00e0 votre quotidien gr\u00e2ce \u00e0 son format pratique en capsules.<\/p>\n<h3>Composition de qualit\u00e9<\/h3>\n<p>Ce compl\u00e9ment alimentaire contient du sodium butyrate et des fibres microscopiques issues d&#8217;origine naturelle, garantissant une grande puret\u00e9 sans ajout inutile. Chaque capsule apporte 150 mg de sodium butyrate et 150 mg de fibres non solubles provenant des son de bl\u00e9.<\/p>\n<ul>\n<li><strong>Ingr\u00e9dients :<\/strong> Fibre non soluble issue du son de bl\u00e9, sodium butyrate, agent liant : pullulan.<\/li>\n<\/ul>\n<h3>Caract\u00e9ristiques pratiques<\/h3>\n<p>Ce produit est pr\u00e9sent\u00e9 sous forme de capsules faciles \u00e0 avaler. Il convient aux v\u00e9g\u00e9tariens et v\u00e9gans car il ne contient ni ar\u00f4mes artificiels, ni colorants, ni \u00e9dulcorants ajout\u00e9s.<\/p>\n<h3>Utilisation recommand\u00e9e<\/h3>\n<p>pour une utilisation optimale, la dose journali\u00e8re recommand\u00e9e est d&#8217;une capsule. il suffit d&#8217;avaler la capsule avec un peu d&#8217;eau.<\/p>\n<h3>Conservation<\/h3>\n<p>Gardez le produit dans un endroit sec et frais, loin des sources directes de lumi\u00e8re et \u00e0 une temp\u00e9rature inf\u00e9rieure \u00e0 25\u00b0C. Assurez-vous que le flacon reste hors de port\u00e9e des enfants.<\/p>\n<hr \/>\n<p><strong>Note :<\/strong> Ce compl\u00e9ment alimentaire n&#8217;est pas destin\u00e9 \u00e0 remplacer une alimentation vari\u00e9e et \u00e9quilibr\u00e9e ni un mode de vie sain. Les femmes enceintes ou allaitantes devraient consulter leur m\u00e9decin avant toute utilisation.<\/p>\n","protected":false},"excerpt":{"rendered":"<p>ORMUS Colon Micro Fibre + Sodium Butyrate (60 caps) D\u00e9couvrez ORMUS Colon Micro Fibre + Sodium Butyrate, un choix parfait pour ceux qui appr\u00e9cient les ingr\u00e9dients naturels dans un mode de vie sain. Ce produit est con\u00e7u pour \u00eatre int\u00e9gr\u00e9 facilement \u00e0 votre quotidien gr\u00e2ce \u00e0 son format pratique en capsules. Composition de qualit\u00e9 Ce [&#8230;]\n","protected":false},"featured_media":0,"comment_status":"closed","ping_status":"open","template":"","meta":[],"product_brand":[5378],"product_cat":[5053],"product_tag":[],"class_list":{"0":"post-305336","1":"product","2":"type-product","3":"status-publish","5":"product_brand-ormus-2","6":"product_cat-vitamines-et-mineraux","8":"first","9":"instock","10":"taxable","11":"shipping-taxable","12":"purchasable","13":"product-type-simple"},"yoast_head":"<!-- This site is optimized with the Yoast SEO Premium plugin v27.3 (Yoast SEO v27.3) - https:\/\/yoast.com\/product\/yoast-seo-premium-wordpress\/ -->\n<title>Fibre de Colon Micro + Butyrate de Sodium ORMUS (60 g\u00e9lules) - ECO Supplements<\/title>\n<meta name=\"description\" content=\"Wij hebben een ruime keuze aan producten van Fibre de Colon Micro + Butyrate de Sodium ORMUS (60 g\u00e9lules) . Winkel bij Eco Supplements altijd gratis verzending boven 100\u20ac\" \/>\n<meta name=\"robots\" content=\"index, follow, max-snippet:-1, max-image-preview:large, max-video-preview:-1\" \/>\n<link rel=\"canonical\" href=\"https:\/\/ecosupplements.be\/fr\/produit\/ormus-colon-micro-fibre-sodium-butyrate-60-caps\/\" \/>\n<meta property=\"og:locale\" content=\"fr_FR\" \/>\n<meta property=\"og:type\" content=\"article\" \/>\n<meta property=\"og:title\" content=\"Fibre de Colon Micro + Butyrate de Sodium ORMUS (60 g\u00e9lules)\" \/>\n<meta property=\"og:description\" content=\"Wij hebben een ruime keuze aan producten van Fibre de Colon Micro + Butyrate de Sodium ORMUS (60 g\u00e9lules) . Winkel bij Eco Supplements altijd gratis verzending boven 100\u20ac\" \/>\n<meta property=\"og:url\" content=\"https:\/\/ecosupplements.be\/fr\/produit\/ormus-colon-micro-fibre-sodium-butyrate-60-caps\/\" \/>\n<meta property=\"og:site_name\" content=\"ECO Supplements\" \/>\n<meta property=\"article:modified_time\" content=\"2025-08-28T03:38:11+00:00\" \/>\n<meta property=\"og:image\" content=\"https:\/\/ecosupplements.be\/wp-content\/uploads\/2022\/06\/ecosupplement-family.png\" \/>\n\t<meta property=\"og:image:width\" content=\"593\" \/>\n\t<meta property=\"og:image:height\" content=\"374\" \/>\n\t<meta property=\"og:image:type\" content=\"image\/png\" \/>\n<meta name=\"twitter:card\" content=\"summary_large_image\" \/>\n<meta name=\"twitter:label1\" content=\"Prix\" \/>\n\t<meta name=\"twitter:data1\" content=\"11.96&nbsp;&euro;\" \/>\n\t<meta name=\"twitter:label2\" content=\"Disponibilit\u00e9\" \/>\n\t<meta name=\"twitter:data2\" content=\"En stock\" \/>\n<script type=\"application\/ld+json\" class=\"yoast-schema-graph\">{\"@context\":\"https:\\\/\\\/schema.org\",\"@graph\":[{\"@type\":[\"WebPage\",\"ItemPage\"],\"@id\":\"https:\\\/\\\/ecosupplements.be\\\/fr\\\/produit\\\/ormus-colon-micro-fibre-sodium-butyrate-60-caps\\\/\",\"url\":\"https:\\\/\\\/ecosupplements.be\\\/fr\\\/produit\\\/ormus-colon-micro-fibre-sodium-butyrate-60-caps\\\/\",\"name\":\"Fibre de Colon Micro + Butyrate de Sodium ORMUS (60 g\u00e9lules) - ECO Supplements\",\"isPartOf\":{\"@id\":\"https:\\\/\\\/ecosupplements.be\\\/fr\\\/#website\"},\"datePublished\":\"2025-07-27T10:15:12+00:00\",\"dateModified\":\"2025-08-28T03:38:11+00:00\",\"description\":\"Wij hebben een ruime keuze aan producten van Fibre de Colon Micro + Butyrate de Sodium ORMUS (60 g\u00e9lules) . Winkel bij Eco Supplements altijd gratis verzending boven 100\u20ac\",\"breadcrumb\":{\"@id\":\"https:\\\/\\\/ecosupplements.be\\\/fr\\\/produit\\\/ormus-colon-micro-fibre-sodium-butyrate-60-caps\\\/#breadcrumb\"},\"inLanguage\":\"fr-FR\",\"potentialAction\":[{\"@type\":\"ReadAction\",\"target\":[\"https:\\\/\\\/ecosupplements.be\\\/fr\\\/produit\\\/ormus-colon-micro-fibre-sodium-butyrate-60-caps\\\/\"]}]},{\"@type\":\"BreadcrumbList\",\"@id\":\"https:\\\/\\\/ecosupplements.be\\\/fr\\\/produit\\\/ormus-colon-micro-fibre-sodium-butyrate-60-caps\\\/#breadcrumb\",\"itemListElement\":[{\"@type\":\"ListItem\",\"position\":1,\"name\":\"Home\",\"item\":\"https:\\\/\\\/ecosupplements.be\\\/fr\\\/\"},{\"@type\":\"ListItem\",\"position\":2,\"name\":\"Boutique\",\"item\":\"https:\\\/\\\/ecosupplements.be\\\/fr\\\/boutique\\\/\"},{\"@type\":\"ListItem\",\"position\":3,\"name\":\"Fibre de Colon Micro + Butyrate de Sodium ORMUS (60 g\u00e9lules)\"}]},{\"@type\":\"WebSite\",\"@id\":\"https:\\\/\\\/ecosupplements.be\\\/fr\\\/#website\",\"url\":\"https:\\\/\\\/ecosupplements.be\\\/fr\\\/\",\"name\":\"ECO Supplements\",\"description\":\"Eco Supplements - Gezonde supplementen\",\"publisher\":{\"@id\":\"https:\\\/\\\/ecosupplements.be\\\/fr\\\/#organization\"},\"potentialAction\":[{\"@type\":\"SearchAction\",\"target\":{\"@type\":\"EntryPoint\",\"urlTemplate\":\"https:\\\/\\\/ecosupplements.be\\\/fr\\\/?s={search_term_string}\"},\"query-input\":{\"@type\":\"PropertyValueSpecification\",\"valueRequired\":true,\"valueName\":\"search_term_string\"}}],\"inLanguage\":\"fr-FR\"},{\"@type\":\"Organization\",\"@id\":\"https:\\\/\\\/ecosupplements.be\\\/fr\\\/#organization\",\"name\":\"Eco Supplements\",\"url\":\"https:\\\/\\\/ecosupplements.be\\\/fr\\\/\",\"logo\":{\"@type\":\"ImageObject\",\"inLanguage\":\"fr-FR\",\"@id\":\"https:\\\/\\\/ecosupplements.be\\\/fr\\\/#\\\/schema\\\/logo\\\/image\\\/\",\"url\":\"https:\\\/\\\/ecosupplements.be\\\/wp-content\\\/uploads\\\/2022\\\/06\\\/ecosupplement-family.png\",\"contentUrl\":\"https:\\\/\\\/ecosupplements.be\\\/wp-content\\\/uploads\\\/2022\\\/06\\\/ecosupplement-family.png\",\"width\":593,\"height\":374,\"caption\":\"Eco Supplements\"},\"image\":{\"@id\":\"https:\\\/\\\/ecosupplements.be\\\/fr\\\/#\\\/schema\\\/logo\\\/image\\\/\"}}]}<\/script>\n<meta property=\"product:brand\" content=\"ORMUS\" \/>\n<meta property=\"product:price:amount\" content=\"11.96\" \/>\n<meta property=\"product:price:currency\" content=\"EUR\" \/>\n<meta property=\"og:availability\" content=\"instock\" \/>\n<meta property=\"product:availability\" content=\"instock\" \/>\n<meta property=\"product:retailer_item_id\" content=\"5903943954995\" \/>\n<meta property=\"product:condition\" content=\"new\" \/>\n<!-- \/ Yoast SEO Premium plugin. -->","yoast_head_json":{"title":"Fibre de Colon Micro + Butyrate de Sodium ORMUS (60 g\u00e9lules) - ECO Supplements","description":"Wij hebben een ruime keuze aan producten van Fibre de Colon Micro + Butyrate de Sodium ORMUS (60 g\u00e9lules) . Winkel bij Eco Supplements altijd gratis verzending boven 100\u20ac","robots":{"index":"index","follow":"follow","max-snippet":"max-snippet:-1","max-image-preview":"max-image-preview:large","max-video-preview":"max-video-preview:-1"},"canonical":"https:\/\/ecosupplements.be\/fr\/produit\/ormus-colon-micro-fibre-sodium-butyrate-60-caps\/","og_locale":"fr_FR","og_type":"article","og_title":"Fibre de Colon Micro + Butyrate de Sodium ORMUS (60 g\u00e9lules)","og_description":"Wij hebben een ruime keuze aan producten van Fibre de Colon Micro + Butyrate de Sodium ORMUS (60 g\u00e9lules) . Winkel bij Eco Supplements altijd gratis verzending boven 100\u20ac","og_url":"https:\/\/ecosupplements.be\/fr\/produit\/ormus-colon-micro-fibre-sodium-butyrate-60-caps\/","og_site_name":"ECO Supplements","article_modified_time":"2025-08-28T03:38:11+00:00","og_image":[{"width":593,"height":374,"url":"https:\/\/ecosupplements.be\/wp-content\/uploads\/2022\/06\/ecosupplement-family.png","type":"image\/png"}],"twitter_card":"summary_large_image","twitter_misc":{"Prix":"11.96&nbsp;&euro;","Disponibilit\u00e9":"En stock"},"schema":{"@context":"https:\/\/schema.org","@graph":[{"@type":["WebPage","ItemPage"],"@id":"https:\/\/ecosupplements.be\/fr\/produit\/ormus-colon-micro-fibre-sodium-butyrate-60-caps\/","url":"https:\/\/ecosupplements.be\/fr\/produit\/ormus-colon-micro-fibre-sodium-butyrate-60-caps\/","name":"Fibre de Colon Micro + Butyrate de Sodium ORMUS (60 g\u00e9lules) - ECO Supplements","isPartOf":{"@id":"https:\/\/ecosupplements.be\/fr\/#website"},"datePublished":"2025-07-27T10:15:12+00:00","dateModified":"2025-08-28T03:38:11+00:00","description":"Wij hebben een ruime keuze aan producten van Fibre de Colon Micro + Butyrate de Sodium ORMUS (60 g\u00e9lules) . Winkel bij Eco Supplements altijd gratis verzending boven 100\u20ac","breadcrumb":{"@id":"https:\/\/ecosupplements.be\/fr\/produit\/ormus-colon-micro-fibre-sodium-butyrate-60-caps\/#breadcrumb"},"inLanguage":"fr-FR","potentialAction":[{"@type":"ReadAction","target":["https:\/\/ecosupplements.be\/fr\/produit\/ormus-colon-micro-fibre-sodium-butyrate-60-caps\/"]}]},{"@type":"BreadcrumbList","@id":"https:\/\/ecosupplements.be\/fr\/produit\/ormus-colon-micro-fibre-sodium-butyrate-60-caps\/#breadcrumb","itemListElement":[{"@type":"ListItem","position":1,"name":"Home","item":"https:\/\/ecosupplements.be\/fr\/"},{"@type":"ListItem","position":2,"name":"Boutique","item":"https:\/\/ecosupplements.be\/fr\/boutique\/"},{"@type":"ListItem","position":3,"name":"Fibre de Colon Micro + Butyrate de Sodium ORMUS (60 g\u00e9lules)"}]},{"@type":"WebSite","@id":"https:\/\/ecosupplements.be\/fr\/#website","url":"https:\/\/ecosupplements.be\/fr\/","name":"ECO Supplements","description":"Eco Supplements - Gezonde supplementen","publisher":{"@id":"https:\/\/ecosupplements.be\/fr\/#organization"},"potentialAction":[{"@type":"SearchAction","target":{"@type":"EntryPoint","urlTemplate":"https:\/\/ecosupplements.be\/fr\/?s={search_term_string}"},"query-input":{"@type":"PropertyValueSpecification","valueRequired":true,"valueName":"search_term_string"}}],"inLanguage":"fr-FR"},{"@type":"Organization","@id":"https:\/\/ecosupplements.be\/fr\/#organization","name":"Eco Supplements","url":"https:\/\/ecosupplements.be\/fr\/","logo":{"@type":"ImageObject","inLanguage":"fr-FR","@id":"https:\/\/ecosupplements.be\/fr\/#\/schema\/logo\/image\/","url":"https:\/\/ecosupplements.be\/wp-content\/uploads\/2022\/06\/ecosupplement-family.png","contentUrl":"https:\/\/ecosupplements.be\/wp-content\/uploads\/2022\/06\/ecosupplement-family.png","width":593,"height":374,"caption":"Eco Supplements"},"image":{"@id":"https:\/\/ecosupplements.be\/fr\/#\/schema\/logo\/image\/"}}]},"product_brand":"ORMUS","product_price_amount":"11.96","product_price_currency":"EUR","og_availability":"instock","product_availability":"instock","product_retailer_item_id":"5903943954995","product_condition":"new"},"_links":{"self":[{"href":"https:\/\/ecosupplements.be\/fr\/wp-json\/wp\/v2\/product\/305336","targetHints":{"allow":["GET"]}}],"collection":[{"href":"https:\/\/ecosupplements.be\/fr\/wp-json\/wp\/v2\/product"}],"about":[{"href":"https:\/\/ecosupplements.be\/fr\/wp-json\/wp\/v2\/types\/product"}],"replies":[{"embeddable":true,"href":"https:\/\/ecosupplements.be\/fr\/wp-json\/wp\/v2\/comments?post=305336"}],"wp:attachment":[{"href":"https:\/\/ecosupplements.be\/fr\/wp-json\/wp\/v2\/media?parent=305336"}],"wp:term":[{"taxonomy":"product_brand","embeddable":true,"href":"https:\/\/ecosupplements.be\/fr\/wp-json\/wp\/v2\/product_brand?post=305336"},{"taxonomy":"product_cat","embeddable":true,"href":"https:\/\/ecosupplements.be\/fr\/wp-json\/wp\/v2\/product_cat?post=305336"},{"taxonomy":"product_tag","embeddable":true,"href":"https:\/\/ecosupplements.be\/fr\/wp-json\/wp\/v2\/product_tag?post=305336"}],"curies":[{"name":"wp","href":"https:\/\/api.w.org\/{rel}","templated":true}]}}