{"id":305349,"date":"2025-07-28T12:30:27","date_gmt":"2025-07-28T11:30:27","guid":{"rendered":"https:\/\/ecosupplements.be\/product\/bosphaera-organic-castor-oil-500-ml\/"},"modified":"2025-08-28T04:38:26","modified_gmt":"2025-08-28T03:38:26","slug":"bosphaera-organic-castor-oil-500-ml","status":"publish","type":"product","link":"https:\/\/ecosupplements.be\/fr\/produit\/bosphaera-organic-castor-oil-500-ml\/","title":{"rendered":"Huile de Ricin Bio BOSPHAERA (500 ml)"},"content":{"rendered":"<p><strong>BOSPHAERA Organic Castor Oil (500 ml)<\/strong><\/p>\n<p>D\u00e9couvrez le <strong>BOSPHAERA Organic Castor Oil<\/strong>, une huile de ricin press\u00e9e \u00e0 froid, issue de semences de haute qualit\u00e9. Ce produit est un choix parfait pour ceux qui appr\u00e9cient les ingr\u00e9dients naturels dans un mode de vie actif.<\/p>\n<p>Cette huile est reconnue pour sa grande puret\u00e9 et son origine naturelle,sans aucun additif chimique comme l&#8217;hexane. Sa texture riche offre une application agr\u00e9able, id\u00e9ale pour int\u00e9grer dans votre routine quotidienne.<\/p>\n<p><strong>Ingr\u00e9dients :<\/strong> 100% huile de ricin organique.<\/p>\n<p>Utilisation recommand\u00e9e : Appliquer sur la zone souhait\u00e9e apr\u00e8s nettoyage et hydratation avec un hydrolat par exemple. Masser jusqu&#8217;\u00e0 absorption compl\u00e8te. Convient \u00e9galement pour une utilisation r\u00e9guli\u00e8re.<\/p>\n<p>L&#8217;emballage pratique de 500 ml assure une utilisation facile et durable, adapt\u00e9e \u00e0 un usage fr\u00e9quent.<\/p>\n<p>Le <em>BOSPHAERA Organic Castor Oil<\/em> est votre alli\u00e9 au quotidien, offrant une touche simple mais raffin\u00e9e \u00e0 votre routine personnelle d&#8217;entretien sans pr\u00e9tendre des effets m\u00e9dicaux ou th\u00e9rapeutiques.<\/p>\n","protected":false},"excerpt":{"rendered":"<p>BOSPHAERA Organic Castor Oil (500 ml) D\u00e9couvrez le BOSPHAERA Organic Castor Oil, une huile de ricin press\u00e9e \u00e0 froid, issue de semences de haute qualit\u00e9. Ce produit est un choix parfait pour ceux qui appr\u00e9cient les ingr\u00e9dients naturels dans un mode de vie actif. Cette huile est reconnue pour sa grande puret\u00e9 et son origine [&#8230;]\n","protected":false},"featured_media":279480,"comment_status":"closed","ping_status":"open","template":"","meta":[],"product_brand":[5398],"product_cat":[5155],"product_tag":[],"class_list":{"0":"post-305349","1":"product","2":"type-product","3":"status-publish","4":"has-post-thumbnail","6":"product_brand-bosphaera-2","7":"product_cat-cosmetiques","9":"first","10":"instock","11":"taxable","12":"shipping-taxable","13":"purchasable","14":"product-type-simple"},"yoast_head":"<!-- This site is optimized with the Yoast SEO Premium plugin v27.3 (Yoast SEO v27.3) - https:\/\/yoast.com\/product\/yoast-seo-premium-wordpress\/ -->\n<title>Huile de Ricin Bio BOSPHAERA (500 ml) - ECO Supplements<\/title>\n<meta name=\"description\" content=\"Wij hebben een ruime keuze aan producten van Huile de Ricin Bio BOSPHAERA (500 ml) . Winkel bij Eco Supplements altijd gratis verzending boven 100\u20ac\" \/>\n<meta name=\"robots\" content=\"index, follow, max-snippet:-1, max-image-preview:large, max-video-preview:-1\" \/>\n<link rel=\"canonical\" href=\"https:\/\/ecosupplements.be\/fr\/produit\/bosphaera-organic-castor-oil-500-ml\/\" \/>\n<meta property=\"og:locale\" content=\"fr_FR\" \/>\n<meta property=\"og:type\" content=\"article\" \/>\n<meta property=\"og:title\" content=\"Huile de Ricin Bio BOSPHAERA (500 ml)\" \/>\n<meta property=\"og:description\" content=\"Wij hebben een ruime keuze aan producten van Huile de Ricin Bio BOSPHAERA (500 ml) . Winkel bij Eco Supplements altijd gratis verzending boven 100\u20ac\" \/>\n<meta property=\"og:url\" content=\"https:\/\/ecosupplements.be\/fr\/produit\/bosphaera-organic-castor-oil-500-ml\/\" \/>\n<meta property=\"og:site_name\" content=\"ECO Supplements\" \/>\n<meta property=\"article:modified_time\" content=\"2025-08-28T03:38:26+00:00\" \/>\n<meta property=\"og:image\" content=\"https:\/\/ecosupplements.be\/wp-content\/uploads\/2025\/08\/BOSPHAERA-BOSPHAERA-Organic-Castor-Oil-500-ml.png\" \/>\n\t<meta property=\"og:image:width\" content=\"1000\" \/>\n\t<meta property=\"og:image:height\" content=\"1000\" \/>\n\t<meta property=\"og:image:type\" content=\"image\/jpeg\" \/>\n<meta name=\"twitter:card\" content=\"summary_large_image\" \/>\n<meta name=\"twitter:label1\" content=\"Prix\" \/>\n\t<meta name=\"twitter:data1\" content=\"20.28&nbsp;&euro;\" \/>\n\t<meta name=\"twitter:label2\" content=\"Disponibilit\u00e9\" \/>\n\t<meta name=\"twitter:data2\" content=\"En stock\" \/>\n<script type=\"application\/ld+json\" class=\"yoast-schema-graph\">{\"@context\":\"https:\\\/\\\/schema.org\",\"@graph\":[{\"@type\":[\"WebPage\",\"ItemPage\"],\"@id\":\"https:\\\/\\\/ecosupplements.be\\\/fr\\\/produit\\\/bosphaera-organic-castor-oil-500-ml\\\/\",\"url\":\"https:\\\/\\\/ecosupplements.be\\\/fr\\\/produit\\\/bosphaera-organic-castor-oil-500-ml\\\/\",\"name\":\"Huile de Ricin Bio BOSPHAERA (500 ml) - ECO Supplements\",\"isPartOf\":{\"@id\":\"https:\\\/\\\/ecosupplements.be\\\/fr\\\/#website\"},\"primaryImageOfPage\":{\"@id\":\"https:\\\/\\\/ecosupplements.be\\\/fr\\\/produit\\\/bosphaera-organic-castor-oil-500-ml\\\/#primaryimage\"},\"image\":{\"@id\":\"https:\\\/\\\/ecosupplements.be\\\/fr\\\/produit\\\/bosphaera-organic-castor-oil-500-ml\\\/#primaryimage\"},\"thumbnailUrl\":\"https:\\\/\\\/ecosupplements.be\\\/wp-content\\\/uploads\\\/2025\\\/08\\\/BOSPHAERA-Organic-Castor-Oil-500-ml.png\",\"datePublished\":\"2025-07-28T11:30:27+00:00\",\"dateModified\":\"2025-08-28T03:38:26+00:00\",\"description\":\"Wij hebben een ruime keuze aan producten van Huile de Ricin Bio BOSPHAERA (500 ml) . Winkel bij Eco Supplements altijd gratis verzending boven 100\u20ac\",\"breadcrumb\":{\"@id\":\"https:\\\/\\\/ecosupplements.be\\\/fr\\\/produit\\\/bosphaera-organic-castor-oil-500-ml\\\/#breadcrumb\"},\"inLanguage\":\"fr-FR\",\"potentialAction\":[{\"@type\":\"ReadAction\",\"target\":[\"https:\\\/\\\/ecosupplements.be\\\/fr\\\/produit\\\/bosphaera-organic-castor-oil-500-ml\\\/\"]}]},{\"@type\":\"ImageObject\",\"inLanguage\":\"fr-FR\",\"@id\":\"https:\\\/\\\/ecosupplements.be\\\/fr\\\/produit\\\/bosphaera-organic-castor-oil-500-ml\\\/#primaryimage\",\"url\":\"https:\\\/\\\/ecosupplements.be\\\/wp-content\\\/uploads\\\/2025\\\/08\\\/BOSPHAERA-Organic-Castor-Oil-500-ml.png\",\"contentUrl\":\"https:\\\/\\\/ecosupplements.be\\\/wp-content\\\/uploads\\\/2025\\\/08\\\/BOSPHAERA-Organic-Castor-Oil-500-ml.png\",\"width\":1000,\"height\":1000},{\"@type\":\"BreadcrumbList\",\"@id\":\"https:\\\/\\\/ecosupplements.be\\\/fr\\\/produit\\\/bosphaera-organic-castor-oil-500-ml\\\/#breadcrumb\",\"itemListElement\":[{\"@type\":\"ListItem\",\"position\":1,\"name\":\"Home\",\"item\":\"https:\\\/\\\/ecosupplements.be\\\/fr\\\/\"},{\"@type\":\"ListItem\",\"position\":2,\"name\":\"Boutique\",\"item\":\"https:\\\/\\\/ecosupplements.be\\\/fr\\\/boutique\\\/\"},{\"@type\":\"ListItem\",\"position\":3,\"name\":\"Huile de Ricin Bio BOSPHAERA (500 ml)\"}]},{\"@type\":\"WebSite\",\"@id\":\"https:\\\/\\\/ecosupplements.be\\\/fr\\\/#website\",\"url\":\"https:\\\/\\\/ecosupplements.be\\\/fr\\\/\",\"name\":\"ECO Supplements\",\"description\":\"Eco Supplements - Gezonde supplementen\",\"publisher\":{\"@id\":\"https:\\\/\\\/ecosupplements.be\\\/fr\\\/#organization\"},\"potentialAction\":[{\"@type\":\"SearchAction\",\"target\":{\"@type\":\"EntryPoint\",\"urlTemplate\":\"https:\\\/\\\/ecosupplements.be\\\/fr\\\/?s={search_term_string}\"},\"query-input\":{\"@type\":\"PropertyValueSpecification\",\"valueRequired\":true,\"valueName\":\"search_term_string\"}}],\"inLanguage\":\"fr-FR\"},{\"@type\":\"Organization\",\"@id\":\"https:\\\/\\\/ecosupplements.be\\\/fr\\\/#organization\",\"name\":\"Eco Supplements\",\"url\":\"https:\\\/\\\/ecosupplements.be\\\/fr\\\/\",\"logo\":{\"@type\":\"ImageObject\",\"inLanguage\":\"fr-FR\",\"@id\":\"https:\\\/\\\/ecosupplements.be\\\/fr\\\/#\\\/schema\\\/logo\\\/image\\\/\",\"url\":\"https:\\\/\\\/ecosupplements.be\\\/wp-content\\\/uploads\\\/2022\\\/06\\\/ecosupplement-family.png\",\"contentUrl\":\"https:\\\/\\\/ecosupplements.be\\\/wp-content\\\/uploads\\\/2022\\\/06\\\/ecosupplement-family.png\",\"width\":593,\"height\":374,\"caption\":\"Eco Supplements\"},\"image\":{\"@id\":\"https:\\\/\\\/ecosupplements.be\\\/fr\\\/#\\\/schema\\\/logo\\\/image\\\/\"}}]}<\/script>\n<meta property=\"product:brand\" content=\"BOSPHAERA\" \/>\n<meta property=\"product:price:amount\" content=\"20.28\" \/>\n<meta property=\"product:price:currency\" content=\"EUR\" \/>\n<meta property=\"og:availability\" content=\"instock\" \/>\n<meta property=\"product:availability\" content=\"instock\" \/>\n<meta property=\"product:retailer_item_id\" content=\"5903175903266\" \/>\n<meta property=\"product:condition\" content=\"new\" \/>\n<!-- \/ Yoast SEO Premium plugin. -->","yoast_head_json":{"title":"Huile de Ricin Bio BOSPHAERA (500 ml) - ECO Supplements","description":"Wij hebben een ruime keuze aan producten van Huile de Ricin Bio BOSPHAERA (500 ml) . Winkel bij Eco Supplements altijd gratis verzending boven 100\u20ac","robots":{"index":"index","follow":"follow","max-snippet":"max-snippet:-1","max-image-preview":"max-image-preview:large","max-video-preview":"max-video-preview:-1"},"canonical":"https:\/\/ecosupplements.be\/fr\/produit\/bosphaera-organic-castor-oil-500-ml\/","og_locale":"fr_FR","og_type":"article","og_title":"Huile de Ricin Bio BOSPHAERA (500 ml)","og_description":"Wij hebben een ruime keuze aan producten van Huile de Ricin Bio BOSPHAERA (500 ml) . Winkel bij Eco Supplements altijd gratis verzending boven 100\u20ac","og_url":"https:\/\/ecosupplements.be\/fr\/produit\/bosphaera-organic-castor-oil-500-ml\/","og_site_name":"ECO Supplements","article_modified_time":"2025-08-28T03:38:26+00:00","og_image":[{"width":1000,"height":1000,"url":"https:\/\/ecosupplements.be\/wp-content\/uploads\/2025\/08\/BOSPHAERA-BOSPHAERA-Organic-Castor-Oil-500-ml.png","type":"image\/jpeg"}],"twitter_card":"summary_large_image","twitter_misc":{"Prix":"20.28&nbsp;&euro;","Disponibilit\u00e9":"En stock"},"schema":{"@context":"https:\/\/schema.org","@graph":[{"@type":["WebPage","ItemPage"],"@id":"https:\/\/ecosupplements.be\/fr\/produit\/bosphaera-organic-castor-oil-500-ml\/","url":"https:\/\/ecosupplements.be\/fr\/produit\/bosphaera-organic-castor-oil-500-ml\/","name":"Huile de Ricin Bio BOSPHAERA (500 ml) - ECO Supplements","isPartOf":{"@id":"https:\/\/ecosupplements.be\/fr\/#website"},"primaryImageOfPage":{"@id":"https:\/\/ecosupplements.be\/fr\/produit\/bosphaera-organic-castor-oil-500-ml\/#primaryimage"},"image":{"@id":"https:\/\/ecosupplements.be\/fr\/produit\/bosphaera-organic-castor-oil-500-ml\/#primaryimage"},"thumbnailUrl":"https:\/\/ecosupplements.be\/wp-content\/uploads\/2025\/08\/BOSPHAERA-Organic-Castor-Oil-500-ml.png","datePublished":"2025-07-28T11:30:27+00:00","dateModified":"2025-08-28T03:38:26+00:00","description":"Wij hebben een ruime keuze aan producten van Huile de Ricin Bio BOSPHAERA (500 ml) . Winkel bij Eco Supplements altijd gratis verzending boven 100\u20ac","breadcrumb":{"@id":"https:\/\/ecosupplements.be\/fr\/produit\/bosphaera-organic-castor-oil-500-ml\/#breadcrumb"},"inLanguage":"fr-FR","potentialAction":[{"@type":"ReadAction","target":["https:\/\/ecosupplements.be\/fr\/produit\/bosphaera-organic-castor-oil-500-ml\/"]}]},{"@type":"ImageObject","inLanguage":"fr-FR","@id":"https:\/\/ecosupplements.be\/fr\/produit\/bosphaera-organic-castor-oil-500-ml\/#primaryimage","url":"https:\/\/ecosupplements.be\/wp-content\/uploads\/2025\/08\/BOSPHAERA-Organic-Castor-Oil-500-ml.png","contentUrl":"https:\/\/ecosupplements.be\/wp-content\/uploads\/2025\/08\/BOSPHAERA-Organic-Castor-Oil-500-ml.png","width":1000,"height":1000},{"@type":"BreadcrumbList","@id":"https:\/\/ecosupplements.be\/fr\/produit\/bosphaera-organic-castor-oil-500-ml\/#breadcrumb","itemListElement":[{"@type":"ListItem","position":1,"name":"Home","item":"https:\/\/ecosupplements.be\/fr\/"},{"@type":"ListItem","position":2,"name":"Boutique","item":"https:\/\/ecosupplements.be\/fr\/boutique\/"},{"@type":"ListItem","position":3,"name":"Huile de Ricin Bio BOSPHAERA (500 ml)"}]},{"@type":"WebSite","@id":"https:\/\/ecosupplements.be\/fr\/#website","url":"https:\/\/ecosupplements.be\/fr\/","name":"ECO Supplements","description":"Eco Supplements - Gezonde supplementen","publisher":{"@id":"https:\/\/ecosupplements.be\/fr\/#organization"},"potentialAction":[{"@type":"SearchAction","target":{"@type":"EntryPoint","urlTemplate":"https:\/\/ecosupplements.be\/fr\/?s={search_term_string}"},"query-input":{"@type":"PropertyValueSpecification","valueRequired":true,"valueName":"search_term_string"}}],"inLanguage":"fr-FR"},{"@type":"Organization","@id":"https:\/\/ecosupplements.be\/fr\/#organization","name":"Eco Supplements","url":"https:\/\/ecosupplements.be\/fr\/","logo":{"@type":"ImageObject","inLanguage":"fr-FR","@id":"https:\/\/ecosupplements.be\/fr\/#\/schema\/logo\/image\/","url":"https:\/\/ecosupplements.be\/wp-content\/uploads\/2022\/06\/ecosupplement-family.png","contentUrl":"https:\/\/ecosupplements.be\/wp-content\/uploads\/2022\/06\/ecosupplement-family.png","width":593,"height":374,"caption":"Eco Supplements"},"image":{"@id":"https:\/\/ecosupplements.be\/fr\/#\/schema\/logo\/image\/"}}]},"product_brand":"BOSPHAERA","product_price_amount":"20.28","product_price_currency":"EUR","og_availability":"instock","product_availability":"instock","product_retailer_item_id":"5903175903266","product_condition":"new"},"_links":{"self":[{"href":"https:\/\/ecosupplements.be\/fr\/wp-json\/wp\/v2\/product\/305349","targetHints":{"allow":["GET"]}}],"collection":[{"href":"https:\/\/ecosupplements.be\/fr\/wp-json\/wp\/v2\/product"}],"about":[{"href":"https:\/\/ecosupplements.be\/fr\/wp-json\/wp\/v2\/types\/product"}],"replies":[{"embeddable":true,"href":"https:\/\/ecosupplements.be\/fr\/wp-json\/wp\/v2\/comments?post=305349"}],"wp:featuredmedia":[{"embeddable":true,"href":"https:\/\/ecosupplements.be\/fr\/wp-json\/wp\/v2\/media\/279480"}],"wp:attachment":[{"href":"https:\/\/ecosupplements.be\/fr\/wp-json\/wp\/v2\/media?parent=305349"}],"wp:term":[{"taxonomy":"product_brand","embeddable":true,"href":"https:\/\/ecosupplements.be\/fr\/wp-json\/wp\/v2\/product_brand?post=305349"},{"taxonomy":"product_cat","embeddable":true,"href":"https:\/\/ecosupplements.be\/fr\/wp-json\/wp\/v2\/product_cat?post=305349"},{"taxonomy":"product_tag","embeddable":true,"href":"https:\/\/ecosupplements.be\/fr\/wp-json\/wp\/v2\/product_tag?post=305349"}],"curies":[{"name":"wp","href":"https:\/\/api.w.org\/{rel}","templated":true}]}}