{"id":305352,"date":"2025-07-28T12:30:27","date_gmt":"2025-07-28T11:30:27","guid":{"rendered":"https:\/\/ecosupplements.be\/product\/bosphaera-damask-rose-hydrolate-100-ml\/"},"modified":"2025-08-28T04:38:29","modified_gmt":"2025-08-28T03:38:29","slug":"bosphaera-damask-rose-hydrolate-100-ml","status":"publish","type":"product","link":"https:\/\/ecosupplements.be\/fr\/produit\/bosphaera-damask-rose-hydrolate-100-ml\/","title":{"rendered":"Hydrolat de rose de Damas BOSPHAERA (100 ml)"},"content":{"rendered":"<h2>BOSPHAERA Damask rose Hydrolate (100 ml)<\/h2>\n<p>D\u00e9couvrez la puret\u00e9 et l&#8217;\u00e9l\u00e9gance naturelle avec le BOSPHAERA Damask Rose Hydrolate,un produit de choix pour ceux qui appr\u00e9cient les ingr\u00e9dients naturels dans leur quotidien. Ce hydrolat est obtenu \u00e0 partir des fleurs de rose damasc\u00e8ne, reconnues pour leur parfum captivant et leur qualit\u00e9 exceptionnelle.<\/p>\n<p>Ce produit se pr\u00e9sente sous forme d&#8217;un liquide clear, sans colorant ajout\u00e9, avec un parfum caract\u00e9ristique de la rose qui en fait une exp\u00e9rience sensorielle agr\u00e9able. Il est conditionn\u00e9 dans un flacon pratique de 100 ml, facile \u00e0 utiliser au quotidien.<\/p>\n<p><strong>Ingr\u00e9dients:<\/strong><\/p>\n<ul>\n<li>Eau florale de Rosa Damascena<\/li>\n<li>Benzoate de sodium<\/li>\n<li>Gluconolactone<\/li>\n<li>Gluconate de calcium<\/li>\n<\/ul>\n<p>Utilisez ce hydrolat comme tonique ou brume rafra\u00eechissante. Pour tonifier et nettoyer votre peau, vaporisez sur un coton et passez d\u00e9licatement sur le visage et le cou. Pour une sensation de fra\u00eecheur instantan\u00e9e, vaporisez directement sur votre visage et corps en fermant les yeux lors de l&#8217;submission.<\/p>\n<p>Le BOSPHAERA Damask Rose Hydrolate est un choix parfait pour int\u00e9grer la simplicit\u00e9 et l&#8217;\u00e9l\u00e9gance naturelle dans votre routine quotidienne.<\/p>\n","protected":false},"excerpt":{"rendered":"<p>BOSPHAERA Damask rose Hydrolate (100 ml) D\u00e9couvrez la puret\u00e9 et l&#8217;\u00e9l\u00e9gance naturelle avec le BOSPHAERA Damask Rose Hydrolate,un produit de choix pour ceux qui appr\u00e9cient les ingr\u00e9dients naturels dans leur quotidien. Ce hydrolat est obtenu \u00e0 partir des fleurs de rose damasc\u00e8ne, reconnues pour leur parfum captivant et leur qualit\u00e9 exceptionnelle. Ce produit se pr\u00e9sente [&#8230;]\n","protected":false},"featured_media":279483,"comment_status":"closed","ping_status":"open","template":"","meta":[],"product_brand":[5398],"product_cat":[5155],"product_tag":[],"class_list":{"0":"post-305352","1":"product","2":"type-product","3":"status-publish","4":"has-post-thumbnail","6":"product_brand-bosphaera-2","7":"product_cat-cosmetiques","9":"first","10":"instock","11":"taxable","12":"shipping-taxable","13":"purchasable","14":"product-type-simple"},"yoast_head":"<!-- This site is optimized with the Yoast SEO Premium plugin v27.3 (Yoast SEO v27.3) - https:\/\/yoast.com\/product\/yoast-seo-premium-wordpress\/ -->\n<title>Hydrolat de rose de Damas BOSPHAERA (100 ml) - ECO Supplements<\/title>\n<meta name=\"description\" content=\"Wij hebben een ruime keuze aan producten van Hydrolat de rose de Damas BOSPHAERA (100 ml) . Winkel bij Eco Supplements altijd gratis verzending boven 100\u20ac\" \/>\n<meta name=\"robots\" content=\"index, follow, max-snippet:-1, max-image-preview:large, max-video-preview:-1\" \/>\n<link rel=\"canonical\" href=\"https:\/\/ecosupplements.be\/fr\/produit\/bosphaera-damask-rose-hydrolate-100-ml\/\" \/>\n<meta property=\"og:locale\" content=\"fr_FR\" \/>\n<meta property=\"og:type\" content=\"article\" \/>\n<meta property=\"og:title\" content=\"Hydrolat de rose de Damas BOSPHAERA (100 ml)\" \/>\n<meta property=\"og:description\" content=\"Wij hebben een ruime keuze aan producten van Hydrolat de rose de Damas BOSPHAERA (100 ml) . Winkel bij Eco Supplements altijd gratis verzending boven 100\u20ac\" \/>\n<meta property=\"og:url\" content=\"https:\/\/ecosupplements.be\/fr\/produit\/bosphaera-damask-rose-hydrolate-100-ml\/\" \/>\n<meta property=\"og:site_name\" content=\"ECO Supplements\" \/>\n<meta property=\"article:modified_time\" content=\"2025-08-28T03:38:29+00:00\" \/>\n<meta property=\"og:image\" content=\"https:\/\/ecosupplements.be\/wp-content\/uploads\/2025\/08\/BOSPHAERA-BOSPHAERA-Damask-rose-hydrolate-100-ml.png\" \/>\n\t<meta property=\"og:image:width\" content=\"800\" \/>\n\t<meta property=\"og:image:height\" content=\"800\" \/>\n\t<meta property=\"og:image:type\" content=\"image\/png\" \/>\n<meta name=\"twitter:card\" content=\"summary_large_image\" \/>\n<meta name=\"twitter:label1\" content=\"Prix\" \/>\n\t<meta name=\"twitter:data1\" content=\"5.05&nbsp;&euro;\" \/>\n\t<meta name=\"twitter:label2\" content=\"Disponibilit\u00e9\" \/>\n\t<meta name=\"twitter:data2\" content=\"En stock\" \/>\n<script type=\"application\/ld+json\" class=\"yoast-schema-graph\">{\"@context\":\"https:\\\/\\\/schema.org\",\"@graph\":[{\"@type\":[\"WebPage\",\"ItemPage\"],\"@id\":\"https:\\\/\\\/ecosupplements.be\\\/fr\\\/produit\\\/bosphaera-damask-rose-hydrolate-100-ml\\\/\",\"url\":\"https:\\\/\\\/ecosupplements.be\\\/fr\\\/produit\\\/bosphaera-damask-rose-hydrolate-100-ml\\\/\",\"name\":\"Hydrolat de rose de Damas BOSPHAERA (100 ml) - ECO Supplements\",\"isPartOf\":{\"@id\":\"https:\\\/\\\/ecosupplements.be\\\/fr\\\/#website\"},\"primaryImageOfPage\":{\"@id\":\"https:\\\/\\\/ecosupplements.be\\\/fr\\\/produit\\\/bosphaera-damask-rose-hydrolate-100-ml\\\/#primaryimage\"},\"image\":{\"@id\":\"https:\\\/\\\/ecosupplements.be\\\/fr\\\/produit\\\/bosphaera-damask-rose-hydrolate-100-ml\\\/#primaryimage\"},\"thumbnailUrl\":\"https:\\\/\\\/ecosupplements.be\\\/wp-content\\\/uploads\\\/2025\\\/08\\\/BOSPHAERA-Damask-rose-hydrolate-100-ml.png\",\"datePublished\":\"2025-07-28T11:30:27+00:00\",\"dateModified\":\"2025-08-28T03:38:29+00:00\",\"description\":\"Wij hebben een ruime keuze aan producten van Hydrolat de rose de Damas BOSPHAERA (100 ml) . Winkel bij Eco Supplements altijd gratis verzending boven 100\u20ac\",\"breadcrumb\":{\"@id\":\"https:\\\/\\\/ecosupplements.be\\\/fr\\\/produit\\\/bosphaera-damask-rose-hydrolate-100-ml\\\/#breadcrumb\"},\"inLanguage\":\"fr-FR\",\"potentialAction\":[{\"@type\":\"ReadAction\",\"target\":[\"https:\\\/\\\/ecosupplements.be\\\/fr\\\/produit\\\/bosphaera-damask-rose-hydrolate-100-ml\\\/\"]}]},{\"@type\":\"ImageObject\",\"inLanguage\":\"fr-FR\",\"@id\":\"https:\\\/\\\/ecosupplements.be\\\/fr\\\/produit\\\/bosphaera-damask-rose-hydrolate-100-ml\\\/#primaryimage\",\"url\":\"https:\\\/\\\/ecosupplements.be\\\/wp-content\\\/uploads\\\/2025\\\/08\\\/BOSPHAERA-Damask-rose-hydrolate-100-ml.png\",\"contentUrl\":\"https:\\\/\\\/ecosupplements.be\\\/wp-content\\\/uploads\\\/2025\\\/08\\\/BOSPHAERA-Damask-rose-hydrolate-100-ml.png\",\"width\":800,\"height\":800},{\"@type\":\"BreadcrumbList\",\"@id\":\"https:\\\/\\\/ecosupplements.be\\\/fr\\\/produit\\\/bosphaera-damask-rose-hydrolate-100-ml\\\/#breadcrumb\",\"itemListElement\":[{\"@type\":\"ListItem\",\"position\":1,\"name\":\"Home\",\"item\":\"https:\\\/\\\/ecosupplements.be\\\/fr\\\/\"},{\"@type\":\"ListItem\",\"position\":2,\"name\":\"Boutique\",\"item\":\"https:\\\/\\\/ecosupplements.be\\\/fr\\\/boutique\\\/\"},{\"@type\":\"ListItem\",\"position\":3,\"name\":\"Hydrolat de rose de Damas BOSPHAERA (100 ml)\"}]},{\"@type\":\"WebSite\",\"@id\":\"https:\\\/\\\/ecosupplements.be\\\/fr\\\/#website\",\"url\":\"https:\\\/\\\/ecosupplements.be\\\/fr\\\/\",\"name\":\"ECO Supplements\",\"description\":\"Eco Supplements - Gezonde supplementen\",\"publisher\":{\"@id\":\"https:\\\/\\\/ecosupplements.be\\\/fr\\\/#organization\"},\"potentialAction\":[{\"@type\":\"SearchAction\",\"target\":{\"@type\":\"EntryPoint\",\"urlTemplate\":\"https:\\\/\\\/ecosupplements.be\\\/fr\\\/?s={search_term_string}\"},\"query-input\":{\"@type\":\"PropertyValueSpecification\",\"valueRequired\":true,\"valueName\":\"search_term_string\"}}],\"inLanguage\":\"fr-FR\"},{\"@type\":\"Organization\",\"@id\":\"https:\\\/\\\/ecosupplements.be\\\/fr\\\/#organization\",\"name\":\"Eco Supplements\",\"url\":\"https:\\\/\\\/ecosupplements.be\\\/fr\\\/\",\"logo\":{\"@type\":\"ImageObject\",\"inLanguage\":\"fr-FR\",\"@id\":\"https:\\\/\\\/ecosupplements.be\\\/fr\\\/#\\\/schema\\\/logo\\\/image\\\/\",\"url\":\"https:\\\/\\\/ecosupplements.be\\\/wp-content\\\/uploads\\\/2022\\\/06\\\/ecosupplement-family.png\",\"contentUrl\":\"https:\\\/\\\/ecosupplements.be\\\/wp-content\\\/uploads\\\/2022\\\/06\\\/ecosupplement-family.png\",\"width\":593,\"height\":374,\"caption\":\"Eco Supplements\"},\"image\":{\"@id\":\"https:\\\/\\\/ecosupplements.be\\\/fr\\\/#\\\/schema\\\/logo\\\/image\\\/\"}}]}<\/script>\n<meta property=\"product:brand\" content=\"BOSPHAERA\" \/>\n<meta property=\"product:price:amount\" content=\"5.05\" \/>\n<meta property=\"product:price:currency\" content=\"EUR\" \/>\n<meta property=\"og:availability\" content=\"instock\" \/>\n<meta property=\"product:availability\" content=\"instock\" \/>\n<meta property=\"product:retailer_item_id\" content=\"5903175901088\" \/>\n<meta property=\"product:condition\" content=\"new\" \/>\n<!-- \/ Yoast SEO Premium plugin. -->","yoast_head_json":{"title":"Hydrolat de rose de Damas BOSPHAERA (100 ml) - ECO Supplements","description":"Wij hebben een ruime keuze aan producten van Hydrolat de rose de Damas BOSPHAERA (100 ml) . Winkel bij Eco Supplements altijd gratis verzending boven 100\u20ac","robots":{"index":"index","follow":"follow","max-snippet":"max-snippet:-1","max-image-preview":"max-image-preview:large","max-video-preview":"max-video-preview:-1"},"canonical":"https:\/\/ecosupplements.be\/fr\/produit\/bosphaera-damask-rose-hydrolate-100-ml\/","og_locale":"fr_FR","og_type":"article","og_title":"Hydrolat de rose de Damas BOSPHAERA (100 ml)","og_description":"Wij hebben een ruime keuze aan producten van Hydrolat de rose de Damas BOSPHAERA (100 ml) . Winkel bij Eco Supplements altijd gratis verzending boven 100\u20ac","og_url":"https:\/\/ecosupplements.be\/fr\/produit\/bosphaera-damask-rose-hydrolate-100-ml\/","og_site_name":"ECO Supplements","article_modified_time":"2025-08-28T03:38:29+00:00","og_image":[{"width":800,"height":800,"url":"https:\/\/ecosupplements.be\/wp-content\/uploads\/2025\/08\/BOSPHAERA-BOSPHAERA-Damask-rose-hydrolate-100-ml.png","type":"image\/png"}],"twitter_card":"summary_large_image","twitter_misc":{"Prix":"5.05&nbsp;&euro;","Disponibilit\u00e9":"En stock"},"schema":{"@context":"https:\/\/schema.org","@graph":[{"@type":["WebPage","ItemPage"],"@id":"https:\/\/ecosupplements.be\/fr\/produit\/bosphaera-damask-rose-hydrolate-100-ml\/","url":"https:\/\/ecosupplements.be\/fr\/produit\/bosphaera-damask-rose-hydrolate-100-ml\/","name":"Hydrolat de rose de Damas BOSPHAERA (100 ml) - ECO Supplements","isPartOf":{"@id":"https:\/\/ecosupplements.be\/fr\/#website"},"primaryImageOfPage":{"@id":"https:\/\/ecosupplements.be\/fr\/produit\/bosphaera-damask-rose-hydrolate-100-ml\/#primaryimage"},"image":{"@id":"https:\/\/ecosupplements.be\/fr\/produit\/bosphaera-damask-rose-hydrolate-100-ml\/#primaryimage"},"thumbnailUrl":"https:\/\/ecosupplements.be\/wp-content\/uploads\/2025\/08\/BOSPHAERA-Damask-rose-hydrolate-100-ml.png","datePublished":"2025-07-28T11:30:27+00:00","dateModified":"2025-08-28T03:38:29+00:00","description":"Wij hebben een ruime keuze aan producten van Hydrolat de rose de Damas BOSPHAERA (100 ml) . Winkel bij Eco Supplements altijd gratis verzending boven 100\u20ac","breadcrumb":{"@id":"https:\/\/ecosupplements.be\/fr\/produit\/bosphaera-damask-rose-hydrolate-100-ml\/#breadcrumb"},"inLanguage":"fr-FR","potentialAction":[{"@type":"ReadAction","target":["https:\/\/ecosupplements.be\/fr\/produit\/bosphaera-damask-rose-hydrolate-100-ml\/"]}]},{"@type":"ImageObject","inLanguage":"fr-FR","@id":"https:\/\/ecosupplements.be\/fr\/produit\/bosphaera-damask-rose-hydrolate-100-ml\/#primaryimage","url":"https:\/\/ecosupplements.be\/wp-content\/uploads\/2025\/08\/BOSPHAERA-Damask-rose-hydrolate-100-ml.png","contentUrl":"https:\/\/ecosupplements.be\/wp-content\/uploads\/2025\/08\/BOSPHAERA-Damask-rose-hydrolate-100-ml.png","width":800,"height":800},{"@type":"BreadcrumbList","@id":"https:\/\/ecosupplements.be\/fr\/produit\/bosphaera-damask-rose-hydrolate-100-ml\/#breadcrumb","itemListElement":[{"@type":"ListItem","position":1,"name":"Home","item":"https:\/\/ecosupplements.be\/fr\/"},{"@type":"ListItem","position":2,"name":"Boutique","item":"https:\/\/ecosupplements.be\/fr\/boutique\/"},{"@type":"ListItem","position":3,"name":"Hydrolat de rose de Damas BOSPHAERA (100 ml)"}]},{"@type":"WebSite","@id":"https:\/\/ecosupplements.be\/fr\/#website","url":"https:\/\/ecosupplements.be\/fr\/","name":"ECO Supplements","description":"Eco Supplements - Gezonde supplementen","publisher":{"@id":"https:\/\/ecosupplements.be\/fr\/#organization"},"potentialAction":[{"@type":"SearchAction","target":{"@type":"EntryPoint","urlTemplate":"https:\/\/ecosupplements.be\/fr\/?s={search_term_string}"},"query-input":{"@type":"PropertyValueSpecification","valueRequired":true,"valueName":"search_term_string"}}],"inLanguage":"fr-FR"},{"@type":"Organization","@id":"https:\/\/ecosupplements.be\/fr\/#organization","name":"Eco Supplements","url":"https:\/\/ecosupplements.be\/fr\/","logo":{"@type":"ImageObject","inLanguage":"fr-FR","@id":"https:\/\/ecosupplements.be\/fr\/#\/schema\/logo\/image\/","url":"https:\/\/ecosupplements.be\/wp-content\/uploads\/2022\/06\/ecosupplement-family.png","contentUrl":"https:\/\/ecosupplements.be\/wp-content\/uploads\/2022\/06\/ecosupplement-family.png","width":593,"height":374,"caption":"Eco Supplements"},"image":{"@id":"https:\/\/ecosupplements.be\/fr\/#\/schema\/logo\/image\/"}}]},"product_brand":"BOSPHAERA","product_price_amount":"5.05","product_price_currency":"EUR","og_availability":"instock","product_availability":"instock","product_retailer_item_id":"5903175901088","product_condition":"new"},"_links":{"self":[{"href":"https:\/\/ecosupplements.be\/fr\/wp-json\/wp\/v2\/product\/305352","targetHints":{"allow":["GET"]}}],"collection":[{"href":"https:\/\/ecosupplements.be\/fr\/wp-json\/wp\/v2\/product"}],"about":[{"href":"https:\/\/ecosupplements.be\/fr\/wp-json\/wp\/v2\/types\/product"}],"replies":[{"embeddable":true,"href":"https:\/\/ecosupplements.be\/fr\/wp-json\/wp\/v2\/comments?post=305352"}],"wp:featuredmedia":[{"embeddable":true,"href":"https:\/\/ecosupplements.be\/fr\/wp-json\/wp\/v2\/media\/279483"}],"wp:attachment":[{"href":"https:\/\/ecosupplements.be\/fr\/wp-json\/wp\/v2\/media?parent=305352"}],"wp:term":[{"taxonomy":"product_brand","embeddable":true,"href":"https:\/\/ecosupplements.be\/fr\/wp-json\/wp\/v2\/product_brand?post=305352"},{"taxonomy":"product_cat","embeddable":true,"href":"https:\/\/ecosupplements.be\/fr\/wp-json\/wp\/v2\/product_cat?post=305352"},{"taxonomy":"product_tag","embeddable":true,"href":"https:\/\/ecosupplements.be\/fr\/wp-json\/wp\/v2\/product_tag?post=305352"}],"curies":[{"name":"wp","href":"https:\/\/api.w.org\/{rel}","templated":true}]}}