{"id":305358,"date":"2025-07-28T12:45:13","date_gmt":"2025-07-28T11:45:13","guid":{"rendered":"https:\/\/ecosupplements.be\/product\/bosphaera-witch-hazel-hydrolate-100-ml\/"},"modified":"2025-08-28T04:38:38","modified_gmt":"2025-08-28T03:38:38","slug":"bosphaera-witch-hazel-hydrolate-100-ml","status":"publish","type":"product","link":"https:\/\/ecosupplements.be\/fr\/produit\/bosphaera-witch-hazel-hydrolate-100-ml\/","title":{"rendered":"Hydrolat d&#8217;Hamam\u00e9lis BOSPHAERA (100 ml)"},"content":{"rendered":"<h2>BOSPHAERA Witch Hazel Hydrolate (100 ml)<\/h2>\n<p>D\u00e9couvrez le BOSPHAERA Witch Hazel Hydrolate, un produit d&#8217;origine naturelle con\u00e7u pour s&#8217;int\u00e9grer harmonieusement \u00e0 votre routine quotidienne. Ce hydrolat est obtenu \u00e0 partir de feuilles de Hamamelis Virginia, reconnues pour leur grande puret\u00e9 et leur qualit\u00e9 exceptionnelle.<\/p>\n<p>Ce produit se pr\u00e9sente sous la forme d&#8217;un liquide transparent, presque inodore, avec un l\u00e9ger parfum herbac\u00e9 caract\u00e9ristique qui en fait un choix parfait pour ceux qui appr\u00e9cient les ingr\u00e9dients naturels. Sa composition inclut \u00e9galement du Propanediol, de l&#8217;Acide L\u00e9vulinique, de l&#8217;Acide Benzo\u00efque et de l&#8217;Acide Sorbique.<\/p>\n<h3>Utilisation<\/h3>\n<ul>\n<li><strong>Comme tonique ou brume :<\/strong> Appliquer sur la peau \u00e0 l&#8217;aide d&#8217;un coton ou vaporiser directement.<\/li>\n<li><strong>Pour une sensation rafra\u00eechissante :<\/strong> Vaporiser sur le visage, le corps et les cheveux. Fermer les yeux lors de l&#8217;request.<\/li>\n<\/ul>\n<p>Ce hydrolat est conditionn\u00e9 dans un emballage pratique de 100 ml qui facilite son utilisation au quotidien. Un compl\u00e9ment simple pour ceux qui cherchent \u00e0 int\u00e9grer des produits naturels dans leur vie active sans compromettre la qualit\u00e9.<\/p>\n<p>Avec BOSPHAERA Witch Hazel Hydrolate, optez pour une approche respectueuse et naturelle dans vos soins quotidiens.<\/p>\n","protected":false},"excerpt":{"rendered":"<p>BOSPHAERA Witch Hazel Hydrolate (100 ml) D\u00e9couvrez le BOSPHAERA Witch Hazel Hydrolate, un produit d&#8217;origine naturelle con\u00e7u pour s&#8217;int\u00e9grer harmonieusement \u00e0 votre routine quotidienne. Ce hydrolat est obtenu \u00e0 partir de feuilles de Hamamelis Virginia, reconnues pour leur grande puret\u00e9 et leur qualit\u00e9 exceptionnelle. Ce produit se pr\u00e9sente sous la forme d&#8217;un liquide transparent, presque [&#8230;]\n","protected":false},"featured_media":279489,"comment_status":"closed","ping_status":"open","template":"","meta":[],"product_brand":[5398],"product_cat":[5155],"product_tag":[],"class_list":{"0":"post-305358","1":"product","2":"type-product","3":"status-publish","4":"has-post-thumbnail","6":"product_brand-bosphaera-2","7":"product_cat-cosmetiques","9":"first","10":"instock","11":"taxable","12":"shipping-taxable","13":"purchasable","14":"product-type-simple"},"yoast_head":"<!-- This site is optimized with the Yoast SEO Premium plugin v27.3 (Yoast SEO v27.3) - https:\/\/yoast.com\/product\/yoast-seo-premium-wordpress\/ -->\n<title>Hydrolat d&#039;Hamam\u00e9lis BOSPHAERA (100 ml) - ECO Supplements<\/title>\n<meta name=\"description\" content=\"Wij hebben een ruime keuze aan producten van Hydrolat d&#039;Hamam\u00e9lis BOSPHAERA (100 ml) . Winkel bij Eco Supplements altijd gratis verzending boven 100\u20ac\" \/>\n<meta name=\"robots\" content=\"index, follow, max-snippet:-1, max-image-preview:large, max-video-preview:-1\" \/>\n<link rel=\"canonical\" href=\"https:\/\/ecosupplements.be\/fr\/produit\/bosphaera-witch-hazel-hydrolate-100-ml\/\" \/>\n<meta property=\"og:locale\" content=\"fr_FR\" \/>\n<meta property=\"og:type\" content=\"article\" \/>\n<meta property=\"og:title\" content=\"Hydrolat d&#039;Hamam\u00e9lis BOSPHAERA (100 ml)\" \/>\n<meta property=\"og:description\" content=\"Wij hebben een ruime keuze aan producten van Hydrolat d&#039;Hamam\u00e9lis BOSPHAERA (100 ml) . Winkel bij Eco Supplements altijd gratis verzending boven 100\u20ac\" \/>\n<meta property=\"og:url\" content=\"https:\/\/ecosupplements.be\/fr\/produit\/bosphaera-witch-hazel-hydrolate-100-ml\/\" \/>\n<meta property=\"og:site_name\" content=\"ECO Supplements\" \/>\n<meta property=\"article:modified_time\" content=\"2025-08-28T03:38:38+00:00\" \/>\n<meta property=\"og:image\" content=\"https:\/\/ecosupplements.be\/wp-content\/uploads\/2025\/08\/BOSPHAERA-BOSPHAERA-Witch-Hazel-Hydrolate-100-ml.png\" \/>\n\t<meta property=\"og:image:width\" content=\"800\" \/>\n\t<meta property=\"og:image:height\" content=\"800\" \/>\n\t<meta property=\"og:image:type\" content=\"image\/png\" \/>\n<meta name=\"twitter:card\" content=\"summary_large_image\" \/>\n<meta name=\"twitter:label1\" content=\"Prix\" \/>\n\t<meta name=\"twitter:data1\" content=\"5.14&nbsp;&euro;\" \/>\n\t<meta name=\"twitter:label2\" content=\"Disponibilit\u00e9\" \/>\n\t<meta name=\"twitter:data2\" content=\"En stock\" \/>\n<script type=\"application\/ld+json\" class=\"yoast-schema-graph\">{\"@context\":\"https:\\\/\\\/schema.org\",\"@graph\":[{\"@type\":[\"WebPage\",\"ItemPage\"],\"@id\":\"https:\\\/\\\/ecosupplements.be\\\/fr\\\/produit\\\/bosphaera-witch-hazel-hydrolate-100-ml\\\/\",\"url\":\"https:\\\/\\\/ecosupplements.be\\\/fr\\\/produit\\\/bosphaera-witch-hazel-hydrolate-100-ml\\\/\",\"name\":\"Hydrolat d'Hamam\u00e9lis BOSPHAERA (100 ml) - ECO Supplements\",\"isPartOf\":{\"@id\":\"https:\\\/\\\/ecosupplements.be\\\/fr\\\/#website\"},\"primaryImageOfPage\":{\"@id\":\"https:\\\/\\\/ecosupplements.be\\\/fr\\\/produit\\\/bosphaera-witch-hazel-hydrolate-100-ml\\\/#primaryimage\"},\"image\":{\"@id\":\"https:\\\/\\\/ecosupplements.be\\\/fr\\\/produit\\\/bosphaera-witch-hazel-hydrolate-100-ml\\\/#primaryimage\"},\"thumbnailUrl\":\"https:\\\/\\\/ecosupplements.be\\\/wp-content\\\/uploads\\\/2025\\\/08\\\/BOSPHAERA-Witch-Hazel-Hydrolate-100-ml.png\",\"datePublished\":\"2025-07-28T11:45:13+00:00\",\"dateModified\":\"2025-08-28T03:38:38+00:00\",\"description\":\"Wij hebben een ruime keuze aan producten van Hydrolat d'Hamam\u00e9lis BOSPHAERA (100 ml) . Winkel bij Eco Supplements altijd gratis verzending boven 100\u20ac\",\"breadcrumb\":{\"@id\":\"https:\\\/\\\/ecosupplements.be\\\/fr\\\/produit\\\/bosphaera-witch-hazel-hydrolate-100-ml\\\/#breadcrumb\"},\"inLanguage\":\"fr-FR\",\"potentialAction\":[{\"@type\":\"ReadAction\",\"target\":[\"https:\\\/\\\/ecosupplements.be\\\/fr\\\/produit\\\/bosphaera-witch-hazel-hydrolate-100-ml\\\/\"]}]},{\"@type\":\"ImageObject\",\"inLanguage\":\"fr-FR\",\"@id\":\"https:\\\/\\\/ecosupplements.be\\\/fr\\\/produit\\\/bosphaera-witch-hazel-hydrolate-100-ml\\\/#primaryimage\",\"url\":\"https:\\\/\\\/ecosupplements.be\\\/wp-content\\\/uploads\\\/2025\\\/08\\\/BOSPHAERA-Witch-Hazel-Hydrolate-100-ml.png\",\"contentUrl\":\"https:\\\/\\\/ecosupplements.be\\\/wp-content\\\/uploads\\\/2025\\\/08\\\/BOSPHAERA-Witch-Hazel-Hydrolate-100-ml.png\",\"width\":800,\"height\":800},{\"@type\":\"BreadcrumbList\",\"@id\":\"https:\\\/\\\/ecosupplements.be\\\/fr\\\/produit\\\/bosphaera-witch-hazel-hydrolate-100-ml\\\/#breadcrumb\",\"itemListElement\":[{\"@type\":\"ListItem\",\"position\":1,\"name\":\"Home\",\"item\":\"https:\\\/\\\/ecosupplements.be\\\/fr\\\/\"},{\"@type\":\"ListItem\",\"position\":2,\"name\":\"Boutique\",\"item\":\"https:\\\/\\\/ecosupplements.be\\\/fr\\\/boutique\\\/\"},{\"@type\":\"ListItem\",\"position\":3,\"name\":\"Hydrolat d&#8217;Hamam\u00e9lis BOSPHAERA (100 ml)\"}]},{\"@type\":\"WebSite\",\"@id\":\"https:\\\/\\\/ecosupplements.be\\\/fr\\\/#website\",\"url\":\"https:\\\/\\\/ecosupplements.be\\\/fr\\\/\",\"name\":\"ECO Supplements\",\"description\":\"Eco Supplements - Gezonde supplementen\",\"publisher\":{\"@id\":\"https:\\\/\\\/ecosupplements.be\\\/fr\\\/#organization\"},\"potentialAction\":[{\"@type\":\"SearchAction\",\"target\":{\"@type\":\"EntryPoint\",\"urlTemplate\":\"https:\\\/\\\/ecosupplements.be\\\/fr\\\/?s={search_term_string}\"},\"query-input\":{\"@type\":\"PropertyValueSpecification\",\"valueRequired\":true,\"valueName\":\"search_term_string\"}}],\"inLanguage\":\"fr-FR\"},{\"@type\":\"Organization\",\"@id\":\"https:\\\/\\\/ecosupplements.be\\\/fr\\\/#organization\",\"name\":\"Eco Supplements\",\"url\":\"https:\\\/\\\/ecosupplements.be\\\/fr\\\/\",\"logo\":{\"@type\":\"ImageObject\",\"inLanguage\":\"fr-FR\",\"@id\":\"https:\\\/\\\/ecosupplements.be\\\/fr\\\/#\\\/schema\\\/logo\\\/image\\\/\",\"url\":\"https:\\\/\\\/ecosupplements.be\\\/wp-content\\\/uploads\\\/2022\\\/06\\\/ecosupplement-family.png\",\"contentUrl\":\"https:\\\/\\\/ecosupplements.be\\\/wp-content\\\/uploads\\\/2022\\\/06\\\/ecosupplement-family.png\",\"width\":593,\"height\":374,\"caption\":\"Eco Supplements\"},\"image\":{\"@id\":\"https:\\\/\\\/ecosupplements.be\\\/fr\\\/#\\\/schema\\\/logo\\\/image\\\/\"}}]}<\/script>\n<meta property=\"product:brand\" content=\"BOSPHAERA\" \/>\n<meta property=\"product:price:amount\" content=\"5.14\" \/>\n<meta property=\"product:price:currency\" content=\"EUR\" \/>\n<meta property=\"og:availability\" content=\"instock\" \/>\n<meta property=\"product:availability\" content=\"instock\" \/>\n<meta property=\"product:retailer_item_id\" content=\"5903175901224\" \/>\n<meta property=\"product:condition\" content=\"new\" \/>\n<!-- \/ Yoast SEO Premium plugin. -->","yoast_head_json":{"title":"Hydrolat d'Hamam\u00e9lis BOSPHAERA (100 ml) - ECO Supplements","description":"Wij hebben een ruime keuze aan producten van Hydrolat d'Hamam\u00e9lis BOSPHAERA (100 ml) . Winkel bij Eco Supplements altijd gratis verzending boven 100\u20ac","robots":{"index":"index","follow":"follow","max-snippet":"max-snippet:-1","max-image-preview":"max-image-preview:large","max-video-preview":"max-video-preview:-1"},"canonical":"https:\/\/ecosupplements.be\/fr\/produit\/bosphaera-witch-hazel-hydrolate-100-ml\/","og_locale":"fr_FR","og_type":"article","og_title":"Hydrolat d'Hamam\u00e9lis BOSPHAERA (100 ml)","og_description":"Wij hebben een ruime keuze aan producten van Hydrolat d'Hamam\u00e9lis BOSPHAERA (100 ml) . Winkel bij Eco Supplements altijd gratis verzending boven 100\u20ac","og_url":"https:\/\/ecosupplements.be\/fr\/produit\/bosphaera-witch-hazel-hydrolate-100-ml\/","og_site_name":"ECO Supplements","article_modified_time":"2025-08-28T03:38:38+00:00","og_image":[{"width":800,"height":800,"url":"https:\/\/ecosupplements.be\/wp-content\/uploads\/2025\/08\/BOSPHAERA-BOSPHAERA-Witch-Hazel-Hydrolate-100-ml.png","type":"image\/png"}],"twitter_card":"summary_large_image","twitter_misc":{"Prix":"5.14&nbsp;&euro;","Disponibilit\u00e9":"En stock"},"schema":{"@context":"https:\/\/schema.org","@graph":[{"@type":["WebPage","ItemPage"],"@id":"https:\/\/ecosupplements.be\/fr\/produit\/bosphaera-witch-hazel-hydrolate-100-ml\/","url":"https:\/\/ecosupplements.be\/fr\/produit\/bosphaera-witch-hazel-hydrolate-100-ml\/","name":"Hydrolat d'Hamam\u00e9lis BOSPHAERA (100 ml) - ECO Supplements","isPartOf":{"@id":"https:\/\/ecosupplements.be\/fr\/#website"},"primaryImageOfPage":{"@id":"https:\/\/ecosupplements.be\/fr\/produit\/bosphaera-witch-hazel-hydrolate-100-ml\/#primaryimage"},"image":{"@id":"https:\/\/ecosupplements.be\/fr\/produit\/bosphaera-witch-hazel-hydrolate-100-ml\/#primaryimage"},"thumbnailUrl":"https:\/\/ecosupplements.be\/wp-content\/uploads\/2025\/08\/BOSPHAERA-Witch-Hazel-Hydrolate-100-ml.png","datePublished":"2025-07-28T11:45:13+00:00","dateModified":"2025-08-28T03:38:38+00:00","description":"Wij hebben een ruime keuze aan producten van Hydrolat d'Hamam\u00e9lis BOSPHAERA (100 ml) . Winkel bij Eco Supplements altijd gratis verzending boven 100\u20ac","breadcrumb":{"@id":"https:\/\/ecosupplements.be\/fr\/produit\/bosphaera-witch-hazel-hydrolate-100-ml\/#breadcrumb"},"inLanguage":"fr-FR","potentialAction":[{"@type":"ReadAction","target":["https:\/\/ecosupplements.be\/fr\/produit\/bosphaera-witch-hazel-hydrolate-100-ml\/"]}]},{"@type":"ImageObject","inLanguage":"fr-FR","@id":"https:\/\/ecosupplements.be\/fr\/produit\/bosphaera-witch-hazel-hydrolate-100-ml\/#primaryimage","url":"https:\/\/ecosupplements.be\/wp-content\/uploads\/2025\/08\/BOSPHAERA-Witch-Hazel-Hydrolate-100-ml.png","contentUrl":"https:\/\/ecosupplements.be\/wp-content\/uploads\/2025\/08\/BOSPHAERA-Witch-Hazel-Hydrolate-100-ml.png","width":800,"height":800},{"@type":"BreadcrumbList","@id":"https:\/\/ecosupplements.be\/fr\/produit\/bosphaera-witch-hazel-hydrolate-100-ml\/#breadcrumb","itemListElement":[{"@type":"ListItem","position":1,"name":"Home","item":"https:\/\/ecosupplements.be\/fr\/"},{"@type":"ListItem","position":2,"name":"Boutique","item":"https:\/\/ecosupplements.be\/fr\/boutique\/"},{"@type":"ListItem","position":3,"name":"Hydrolat d&#8217;Hamam\u00e9lis BOSPHAERA (100 ml)"}]},{"@type":"WebSite","@id":"https:\/\/ecosupplements.be\/fr\/#website","url":"https:\/\/ecosupplements.be\/fr\/","name":"ECO Supplements","description":"Eco Supplements - Gezonde supplementen","publisher":{"@id":"https:\/\/ecosupplements.be\/fr\/#organization"},"potentialAction":[{"@type":"SearchAction","target":{"@type":"EntryPoint","urlTemplate":"https:\/\/ecosupplements.be\/fr\/?s={search_term_string}"},"query-input":{"@type":"PropertyValueSpecification","valueRequired":true,"valueName":"search_term_string"}}],"inLanguage":"fr-FR"},{"@type":"Organization","@id":"https:\/\/ecosupplements.be\/fr\/#organization","name":"Eco Supplements","url":"https:\/\/ecosupplements.be\/fr\/","logo":{"@type":"ImageObject","inLanguage":"fr-FR","@id":"https:\/\/ecosupplements.be\/fr\/#\/schema\/logo\/image\/","url":"https:\/\/ecosupplements.be\/wp-content\/uploads\/2022\/06\/ecosupplement-family.png","contentUrl":"https:\/\/ecosupplements.be\/wp-content\/uploads\/2022\/06\/ecosupplement-family.png","width":593,"height":374,"caption":"Eco Supplements"},"image":{"@id":"https:\/\/ecosupplements.be\/fr\/#\/schema\/logo\/image\/"}}]},"product_brand":"BOSPHAERA","product_price_amount":"5.14","product_price_currency":"EUR","og_availability":"instock","product_availability":"instock","product_retailer_item_id":"5903175901224","product_condition":"new"},"_links":{"self":[{"href":"https:\/\/ecosupplements.be\/fr\/wp-json\/wp\/v2\/product\/305358","targetHints":{"allow":["GET"]}}],"collection":[{"href":"https:\/\/ecosupplements.be\/fr\/wp-json\/wp\/v2\/product"}],"about":[{"href":"https:\/\/ecosupplements.be\/fr\/wp-json\/wp\/v2\/types\/product"}],"replies":[{"embeddable":true,"href":"https:\/\/ecosupplements.be\/fr\/wp-json\/wp\/v2\/comments?post=305358"}],"wp:featuredmedia":[{"embeddable":true,"href":"https:\/\/ecosupplements.be\/fr\/wp-json\/wp\/v2\/media\/279489"}],"wp:attachment":[{"href":"https:\/\/ecosupplements.be\/fr\/wp-json\/wp\/v2\/media?parent=305358"}],"wp:term":[{"taxonomy":"product_brand","embeddable":true,"href":"https:\/\/ecosupplements.be\/fr\/wp-json\/wp\/v2\/product_brand?post=305358"},{"taxonomy":"product_cat","embeddable":true,"href":"https:\/\/ecosupplements.be\/fr\/wp-json\/wp\/v2\/product_cat?post=305358"},{"taxonomy":"product_tag","embeddable":true,"href":"https:\/\/ecosupplements.be\/fr\/wp-json\/wp\/v2\/product_tag?post=305358"}],"curies":[{"name":"wp","href":"https:\/\/api.w.org\/{rel}","templated":true}]}}