{"id":305370,"date":"2025-07-28T13:00:33","date_gmt":"2025-07-28T12:00:33","guid":{"rendered":"https:\/\/ecosupplements.be\/product\/bosphaera-jojoba-oil-50-ml\/"},"modified":"2025-08-28T04:38:48","modified_gmt":"2025-08-28T03:38:48","slug":"bosphaera-jojoba-oil-50-ml","status":"publish","type":"product","link":"https:\/\/ecosupplements.be\/fr\/produit\/bosphaera-jojoba-oil-50-ml\/","title":{"rendered":"Huile de Jojoba BOSPHAERA (50 ml)"},"content":{"rendered":"<h2>BOSPHAERA Huile de Jojoba (50 ml)<\/h2>\n<p>D\u00e9couvrez la puret\u00e9 et la qualit\u00e9 naturelle avec l&#8217;huile de jojoba BOSPHAERA, pr\u00e9sent\u00e9e dans un flacon pratique de 50 ml. Cette huile est obtenue \u00e0 partir des graines de Simmondsia Chinensis, connues pour leur composition riche et naturelle.<\/p>\n<p>Id\u00e9ale pour int\u00e9grer dans votre routine quotidienne, l&#8217;huile de jojoba BOSPHAERA peut \u00eatre utilis\u00e9e seule ou ajout\u00e9e \u00e0 vos produits cosm\u00e9tiques pr\u00e9f\u00e9r\u00e9s. Elle est parfaite pour ceux qui appr\u00e9cient les produits simples et naturels au quotidien.<\/p>\n<p><strong>Ingr\u00e9dients principaux :<\/strong> Simmondsia Chinensis Seed Oil<\/p>\n<p>Cette huile v\u00e9g\u00e9tale est versatile et peut \u00eatre appliqu\u00e9e directement sur la peau pr\u00e9alablement humidifi\u00e9e ou m\u00e9lang\u00e9e \u00e0 quelques gouttes d&#8217;une autre essence pour enrichir vos soins personnels.Son format en fait un choix id\u00e9al aussi bien pour le domicile que lors des d\u00e9placements.<\/p>\n<p>Un choix parfait pour ceux qui recherchent des ingr\u00e9dients purs et d&#8217;origine naturelle dans leur mode de vie actif sans compromettre la qualit\u00e9.<\/p>\n","protected":false},"excerpt":{"rendered":"<p>BOSPHAERA Huile de Jojoba (50 ml) D\u00e9couvrez la puret\u00e9 et la qualit\u00e9 naturelle avec l&#8217;huile de jojoba BOSPHAERA, pr\u00e9sent\u00e9e dans un flacon pratique de 50 ml. Cette huile est obtenue \u00e0 partir des graines de Simmondsia Chinensis, connues pour leur composition riche et naturelle. Id\u00e9ale pour int\u00e9grer dans votre routine quotidienne, l&#8217;huile de jojoba BOSPHAERA [&#8230;]\n","protected":false},"featured_media":279501,"comment_status":"closed","ping_status":"open","template":"","meta":[],"product_brand":[5398],"product_cat":[5155],"product_tag":[],"class_list":{"0":"post-305370","1":"product","2":"type-product","3":"status-publish","4":"has-post-thumbnail","6":"product_brand-bosphaera-2","7":"product_cat-cosmetiques","9":"first","10":"instock","11":"taxable","12":"shipping-taxable","13":"purchasable","14":"product-type-simple"},"yoast_head":"<!-- This site is optimized with the Yoast SEO Premium plugin v27.3 (Yoast SEO v27.3) - https:\/\/yoast.com\/product\/yoast-seo-premium-wordpress\/ -->\n<title>Huile de Jojoba BOSPHAERA (50 ml) - ECO Supplements<\/title>\n<meta name=\"description\" content=\"Wij hebben een ruime keuze aan producten van Huile de Jojoba BOSPHAERA (50 ml) . Winkel bij Eco Supplements altijd gratis verzending boven 100\u20ac\" \/>\n<meta name=\"robots\" content=\"index, follow, max-snippet:-1, max-image-preview:large, max-video-preview:-1\" \/>\n<link rel=\"canonical\" href=\"https:\/\/ecosupplements.be\/fr\/produit\/bosphaera-jojoba-oil-50-ml\/\" \/>\n<meta property=\"og:locale\" content=\"fr_FR\" \/>\n<meta property=\"og:type\" content=\"article\" \/>\n<meta property=\"og:title\" content=\"Huile de Jojoba BOSPHAERA (50 ml)\" \/>\n<meta property=\"og:description\" content=\"Wij hebben een ruime keuze aan producten van Huile de Jojoba BOSPHAERA (50 ml) . Winkel bij Eco Supplements altijd gratis verzending boven 100\u20ac\" \/>\n<meta property=\"og:url\" content=\"https:\/\/ecosupplements.be\/fr\/produit\/bosphaera-jojoba-oil-50-ml\/\" \/>\n<meta property=\"og:site_name\" content=\"ECO Supplements\" \/>\n<meta property=\"article:modified_time\" content=\"2025-08-28T03:38:48+00:00\" \/>\n<meta property=\"og:image\" content=\"https:\/\/ecosupplements.be\/wp-content\/uploads\/2025\/08\/BOSPHAERA-BOSPHAERA-Jojoba-oil-50-ml.png\" \/>\n\t<meta property=\"og:image:width\" content=\"525\" \/>\n\t<meta property=\"og:image:height\" content=\"475\" \/>\n\t<meta property=\"og:image:type\" content=\"image\/jpeg\" \/>\n<meta name=\"twitter:card\" content=\"summary_large_image\" \/>\n<meta name=\"twitter:label1\" content=\"Prix\" \/>\n\t<meta name=\"twitter:data1\" content=\"5.94&nbsp;&euro;\" \/>\n\t<meta name=\"twitter:label2\" content=\"Disponibilit\u00e9\" \/>\n\t<meta name=\"twitter:data2\" content=\"En stock\" \/>\n<script type=\"application\/ld+json\" class=\"yoast-schema-graph\">{\"@context\":\"https:\\\/\\\/schema.org\",\"@graph\":[{\"@type\":[\"WebPage\",\"ItemPage\"],\"@id\":\"https:\\\/\\\/ecosupplements.be\\\/fr\\\/produit\\\/bosphaera-jojoba-oil-50-ml\\\/\",\"url\":\"https:\\\/\\\/ecosupplements.be\\\/fr\\\/produit\\\/bosphaera-jojoba-oil-50-ml\\\/\",\"name\":\"Huile de Jojoba BOSPHAERA (50 ml) - ECO Supplements\",\"isPartOf\":{\"@id\":\"https:\\\/\\\/ecosupplements.be\\\/fr\\\/#website\"},\"primaryImageOfPage\":{\"@id\":\"https:\\\/\\\/ecosupplements.be\\\/fr\\\/produit\\\/bosphaera-jojoba-oil-50-ml\\\/#primaryimage\"},\"image\":{\"@id\":\"https:\\\/\\\/ecosupplements.be\\\/fr\\\/produit\\\/bosphaera-jojoba-oil-50-ml\\\/#primaryimage\"},\"thumbnailUrl\":\"https:\\\/\\\/ecosupplements.be\\\/wp-content\\\/uploads\\\/2025\\\/08\\\/BOSPHAERA-Jojoba-oil-50-ml.png\",\"datePublished\":\"2025-07-28T12:00:33+00:00\",\"dateModified\":\"2025-08-28T03:38:48+00:00\",\"description\":\"Wij hebben een ruime keuze aan producten van Huile de Jojoba BOSPHAERA (50 ml) . Winkel bij Eco Supplements altijd gratis verzending boven 100\u20ac\",\"breadcrumb\":{\"@id\":\"https:\\\/\\\/ecosupplements.be\\\/fr\\\/produit\\\/bosphaera-jojoba-oil-50-ml\\\/#breadcrumb\"},\"inLanguage\":\"fr-FR\",\"potentialAction\":[{\"@type\":\"ReadAction\",\"target\":[\"https:\\\/\\\/ecosupplements.be\\\/fr\\\/produit\\\/bosphaera-jojoba-oil-50-ml\\\/\"]}]},{\"@type\":\"ImageObject\",\"inLanguage\":\"fr-FR\",\"@id\":\"https:\\\/\\\/ecosupplements.be\\\/fr\\\/produit\\\/bosphaera-jojoba-oil-50-ml\\\/#primaryimage\",\"url\":\"https:\\\/\\\/ecosupplements.be\\\/wp-content\\\/uploads\\\/2025\\\/08\\\/BOSPHAERA-Jojoba-oil-50-ml.png\",\"contentUrl\":\"https:\\\/\\\/ecosupplements.be\\\/wp-content\\\/uploads\\\/2025\\\/08\\\/BOSPHAERA-Jojoba-oil-50-ml.png\",\"width\":525,\"height\":475},{\"@type\":\"BreadcrumbList\",\"@id\":\"https:\\\/\\\/ecosupplements.be\\\/fr\\\/produit\\\/bosphaera-jojoba-oil-50-ml\\\/#breadcrumb\",\"itemListElement\":[{\"@type\":\"ListItem\",\"position\":1,\"name\":\"Home\",\"item\":\"https:\\\/\\\/ecosupplements.be\\\/fr\\\/\"},{\"@type\":\"ListItem\",\"position\":2,\"name\":\"Boutique\",\"item\":\"https:\\\/\\\/ecosupplements.be\\\/fr\\\/boutique\\\/\"},{\"@type\":\"ListItem\",\"position\":3,\"name\":\"Huile de Jojoba BOSPHAERA (50 ml)\"}]},{\"@type\":\"WebSite\",\"@id\":\"https:\\\/\\\/ecosupplements.be\\\/fr\\\/#website\",\"url\":\"https:\\\/\\\/ecosupplements.be\\\/fr\\\/\",\"name\":\"ECO Supplements\",\"description\":\"Eco Supplements - Gezonde supplementen\",\"publisher\":{\"@id\":\"https:\\\/\\\/ecosupplements.be\\\/fr\\\/#organization\"},\"potentialAction\":[{\"@type\":\"SearchAction\",\"target\":{\"@type\":\"EntryPoint\",\"urlTemplate\":\"https:\\\/\\\/ecosupplements.be\\\/fr\\\/?s={search_term_string}\"},\"query-input\":{\"@type\":\"PropertyValueSpecification\",\"valueRequired\":true,\"valueName\":\"search_term_string\"}}],\"inLanguage\":\"fr-FR\"},{\"@type\":\"Organization\",\"@id\":\"https:\\\/\\\/ecosupplements.be\\\/fr\\\/#organization\",\"name\":\"Eco Supplements\",\"url\":\"https:\\\/\\\/ecosupplements.be\\\/fr\\\/\",\"logo\":{\"@type\":\"ImageObject\",\"inLanguage\":\"fr-FR\",\"@id\":\"https:\\\/\\\/ecosupplements.be\\\/fr\\\/#\\\/schema\\\/logo\\\/image\\\/\",\"url\":\"https:\\\/\\\/ecosupplements.be\\\/wp-content\\\/uploads\\\/2022\\\/06\\\/ecosupplement-family.png\",\"contentUrl\":\"https:\\\/\\\/ecosupplements.be\\\/wp-content\\\/uploads\\\/2022\\\/06\\\/ecosupplement-family.png\",\"width\":593,\"height\":374,\"caption\":\"Eco Supplements\"},\"image\":{\"@id\":\"https:\\\/\\\/ecosupplements.be\\\/fr\\\/#\\\/schema\\\/logo\\\/image\\\/\"}}]}<\/script>\n<meta property=\"product:brand\" content=\"BOSPHAERA\" \/>\n<meta property=\"product:price:amount\" content=\"5.94\" \/>\n<meta property=\"product:price:currency\" content=\"EUR\" \/>\n<meta property=\"og:availability\" content=\"instock\" \/>\n<meta property=\"product:availability\" content=\"instock\" \/>\n<meta property=\"product:retailer_item_id\" content=\"5903175901439\" \/>\n<meta property=\"product:condition\" content=\"new\" \/>\n<!-- \/ Yoast SEO Premium plugin. -->","yoast_head_json":{"title":"Huile de Jojoba BOSPHAERA (50 ml) - ECO Supplements","description":"Wij hebben een ruime keuze aan producten van Huile de Jojoba BOSPHAERA (50 ml) . Winkel bij Eco Supplements altijd gratis verzending boven 100\u20ac","robots":{"index":"index","follow":"follow","max-snippet":"max-snippet:-1","max-image-preview":"max-image-preview:large","max-video-preview":"max-video-preview:-1"},"canonical":"https:\/\/ecosupplements.be\/fr\/produit\/bosphaera-jojoba-oil-50-ml\/","og_locale":"fr_FR","og_type":"article","og_title":"Huile de Jojoba BOSPHAERA (50 ml)","og_description":"Wij hebben een ruime keuze aan producten van Huile de Jojoba BOSPHAERA (50 ml) . Winkel bij Eco Supplements altijd gratis verzending boven 100\u20ac","og_url":"https:\/\/ecosupplements.be\/fr\/produit\/bosphaera-jojoba-oil-50-ml\/","og_site_name":"ECO Supplements","article_modified_time":"2025-08-28T03:38:48+00:00","og_image":[{"width":525,"height":475,"url":"https:\/\/ecosupplements.be\/wp-content\/uploads\/2025\/08\/BOSPHAERA-BOSPHAERA-Jojoba-oil-50-ml.png","type":"image\/jpeg"}],"twitter_card":"summary_large_image","twitter_misc":{"Prix":"5.94&nbsp;&euro;","Disponibilit\u00e9":"En stock"},"schema":{"@context":"https:\/\/schema.org","@graph":[{"@type":["WebPage","ItemPage"],"@id":"https:\/\/ecosupplements.be\/fr\/produit\/bosphaera-jojoba-oil-50-ml\/","url":"https:\/\/ecosupplements.be\/fr\/produit\/bosphaera-jojoba-oil-50-ml\/","name":"Huile de Jojoba BOSPHAERA (50 ml) - ECO Supplements","isPartOf":{"@id":"https:\/\/ecosupplements.be\/fr\/#website"},"primaryImageOfPage":{"@id":"https:\/\/ecosupplements.be\/fr\/produit\/bosphaera-jojoba-oil-50-ml\/#primaryimage"},"image":{"@id":"https:\/\/ecosupplements.be\/fr\/produit\/bosphaera-jojoba-oil-50-ml\/#primaryimage"},"thumbnailUrl":"https:\/\/ecosupplements.be\/wp-content\/uploads\/2025\/08\/BOSPHAERA-Jojoba-oil-50-ml.png","datePublished":"2025-07-28T12:00:33+00:00","dateModified":"2025-08-28T03:38:48+00:00","description":"Wij hebben een ruime keuze aan producten van Huile de Jojoba BOSPHAERA (50 ml) . Winkel bij Eco Supplements altijd gratis verzending boven 100\u20ac","breadcrumb":{"@id":"https:\/\/ecosupplements.be\/fr\/produit\/bosphaera-jojoba-oil-50-ml\/#breadcrumb"},"inLanguage":"fr-FR","potentialAction":[{"@type":"ReadAction","target":["https:\/\/ecosupplements.be\/fr\/produit\/bosphaera-jojoba-oil-50-ml\/"]}]},{"@type":"ImageObject","inLanguage":"fr-FR","@id":"https:\/\/ecosupplements.be\/fr\/produit\/bosphaera-jojoba-oil-50-ml\/#primaryimage","url":"https:\/\/ecosupplements.be\/wp-content\/uploads\/2025\/08\/BOSPHAERA-Jojoba-oil-50-ml.png","contentUrl":"https:\/\/ecosupplements.be\/wp-content\/uploads\/2025\/08\/BOSPHAERA-Jojoba-oil-50-ml.png","width":525,"height":475},{"@type":"BreadcrumbList","@id":"https:\/\/ecosupplements.be\/fr\/produit\/bosphaera-jojoba-oil-50-ml\/#breadcrumb","itemListElement":[{"@type":"ListItem","position":1,"name":"Home","item":"https:\/\/ecosupplements.be\/fr\/"},{"@type":"ListItem","position":2,"name":"Boutique","item":"https:\/\/ecosupplements.be\/fr\/boutique\/"},{"@type":"ListItem","position":3,"name":"Huile de Jojoba BOSPHAERA (50 ml)"}]},{"@type":"WebSite","@id":"https:\/\/ecosupplements.be\/fr\/#website","url":"https:\/\/ecosupplements.be\/fr\/","name":"ECO Supplements","description":"Eco Supplements - Gezonde supplementen","publisher":{"@id":"https:\/\/ecosupplements.be\/fr\/#organization"},"potentialAction":[{"@type":"SearchAction","target":{"@type":"EntryPoint","urlTemplate":"https:\/\/ecosupplements.be\/fr\/?s={search_term_string}"},"query-input":{"@type":"PropertyValueSpecification","valueRequired":true,"valueName":"search_term_string"}}],"inLanguage":"fr-FR"},{"@type":"Organization","@id":"https:\/\/ecosupplements.be\/fr\/#organization","name":"Eco Supplements","url":"https:\/\/ecosupplements.be\/fr\/","logo":{"@type":"ImageObject","inLanguage":"fr-FR","@id":"https:\/\/ecosupplements.be\/fr\/#\/schema\/logo\/image\/","url":"https:\/\/ecosupplements.be\/wp-content\/uploads\/2022\/06\/ecosupplement-family.png","contentUrl":"https:\/\/ecosupplements.be\/wp-content\/uploads\/2022\/06\/ecosupplement-family.png","width":593,"height":374,"caption":"Eco Supplements"},"image":{"@id":"https:\/\/ecosupplements.be\/fr\/#\/schema\/logo\/image\/"}}]},"product_brand":"BOSPHAERA","product_price_amount":"5.94","product_price_currency":"EUR","og_availability":"instock","product_availability":"instock","product_retailer_item_id":"5903175901439","product_condition":"new"},"_links":{"self":[{"href":"https:\/\/ecosupplements.be\/fr\/wp-json\/wp\/v2\/product\/305370","targetHints":{"allow":["GET"]}}],"collection":[{"href":"https:\/\/ecosupplements.be\/fr\/wp-json\/wp\/v2\/product"}],"about":[{"href":"https:\/\/ecosupplements.be\/fr\/wp-json\/wp\/v2\/types\/product"}],"replies":[{"embeddable":true,"href":"https:\/\/ecosupplements.be\/fr\/wp-json\/wp\/v2\/comments?post=305370"}],"wp:featuredmedia":[{"embeddable":true,"href":"https:\/\/ecosupplements.be\/fr\/wp-json\/wp\/v2\/media\/279501"}],"wp:attachment":[{"href":"https:\/\/ecosupplements.be\/fr\/wp-json\/wp\/v2\/media?parent=305370"}],"wp:term":[{"taxonomy":"product_brand","embeddable":true,"href":"https:\/\/ecosupplements.be\/fr\/wp-json\/wp\/v2\/product_brand?post=305370"},{"taxonomy":"product_cat","embeddable":true,"href":"https:\/\/ecosupplements.be\/fr\/wp-json\/wp\/v2\/product_cat?post=305370"},{"taxonomy":"product_tag","embeddable":true,"href":"https:\/\/ecosupplements.be\/fr\/wp-json\/wp\/v2\/product_tag?post=305370"}],"curies":[{"name":"wp","href":"https:\/\/api.w.org\/{rel}","templated":true}]}}