{"id":305388,"date":"2025-07-28T13:15:13","date_gmt":"2025-07-28T12:15:13","guid":{"rendered":"https:\/\/ecosupplements.be\/product\/solgar-calcium-600-from-oyster-shell-with-vitamin-d3-wapn-z-muszli-ostryg-120-tabl\/"},"modified":"2025-08-28T04:39:09","modified_gmt":"2025-08-28T03:39:09","slug":"solgar-calcium-600-from-oyster-shell-with-vitamin-d3-wapn-z-muszli-ostryg-120-tabl","status":"publish","type":"product","link":"https:\/\/ecosupplements.be\/fr\/produit\/solgar-calcium-600-from-oyster-shell-with-vitamin-d3-wapn-z-muszli-ostryg-120-tabl\/","title":{"rendered":"SOLGAR Calcium &#8220;600&#8221; \u00e0 base de coquille d&#8217;hu\u00eetre avec vitamine D3 &#8211; Calcium provenant de la coquille d&#8217;hu\u00eetre (120 comprim\u00e9s)"},"content":{"rendered":"<h2>SOLGAR Calcium \u201e600&#8243; from Oyster Shell with Vitamin D3 &#8211; Wap\u0144 z muszli ostryg (120 tabl.)<\/h2>\n<p><strong>Description :<\/strong> D\u00e9couvrez le choix naturel pour ceux qui appr\u00e9cient les ingr\u00e9dients de haute qualit\u00e9. Ce produit combine la vitamine D3 et le calcium, tous deux issus de sources naturelles, pour une utilisation quotidienne pratique.<\/p>\n<p><strong>ingr\u00e9dients principaux :<\/strong> Vitamine D3 (sous forme de chol\u00e9calcif\u00e9rol) et Calcium (sous forme de carbonate de calcium issu de coquilles d&#8217;hu\u00eetres). Comprend \u00e9galement du sodium, cellulose microcristalline, enrobage \u00e0 base de cellulose v\u00e9g\u00e9tale, anti-agglom\u00e9rants \u00e0 base de sels magn\u00e9siens d&#8217;acides gras v\u00e9g\u00e9taux et liants tels que la glyc\u00e9rine v\u00e9g\u00e9tale et la cire carnauba.<\/p>\n<p><strong>Contenu et emballage :<\/strong> Bo\u00eete contenant 120 tablettes.<\/p>\n<p><strong>utilisation recommand\u00e9e :<\/strong> Prendre deux (2) tablettes par jour avec un repas.Ne pas d\u00e9passer la dose journali\u00e8re recommand\u00e9e. Ce produit est un compl\u00e9ment alimentaire et ne doit pas \u00eatre utilis\u00e9 comme substitut \u00e0 une alimentation vari\u00e9e.<\/p>\n<p><strong>caract\u00e9ristiques pratiques :<\/strong> Les tablettes sont con\u00e7ues pour \u00eatre faciles \u00e0 utiliser au quotidien. Elles sont conditionn\u00e9es dans un emballage pratique assurant leur conservation optimale.<\/p>\n<p><em>Note : La couleur des ingr\u00e9dients peut varier avec le temps mais cela n&#8217;affecte en rien la qualit\u00e9 du produit.<\/em><\/p>\n<p><strong>Rappel critically important:<\/strong><\/p>\n<ul>\n<li>Garder hors de port\u00e9e des enfants.<\/li>\n<li>A conserver dans un endroit frais et sec, loin des sources directes de lumi\u00e8re<\/li>\n<li>N&#8217;utilisez pas ce produit si vous \u00eates allergique \u00e0 l&#8217;un des composants list\u00e9s<\/li>\n<\/ul>\n","protected":false},"excerpt":{"rendered":"<p>SOLGAR Calcium \u201e600&#8243; from Oyster Shell with Vitamin D3 &#8211; Wap\u0144 z muszli ostryg (120 tabl.) Description : D\u00e9couvrez le choix naturel pour ceux qui appr\u00e9cient les ingr\u00e9dients de haute qualit\u00e9. Ce produit combine la vitamine D3 et le calcium, tous deux issus de sources naturelles, pour une utilisation quotidienne pratique. ingr\u00e9dients principaux : Vitamine [&#8230;]\n","protected":false},"featured_media":279519,"comment_status":"closed","ping_status":"open","template":"","meta":[],"product_brand":[4760],"product_cat":[5064,5053],"product_tag":[],"class_list":{"0":"post-305388","1":"product","2":"type-product","3":"status-publish","4":"has-post-thumbnail","6":"product_brand-solgar-2","7":"product_cat-mineraux-simples","8":"product_cat-vitamines-et-mineraux","10":"first","11":"instock","12":"taxable","13":"shipping-taxable","14":"purchasable","15":"product-type-simple"},"yoast_head":"<!-- This site is optimized with the Yoast SEO Premium plugin v27.3 (Yoast SEO v27.3) - https:\/\/yoast.com\/product\/yoast-seo-premium-wordpress\/ -->\n<title>SOLGAR Calcium &quot;600&quot; \u00e0 base de coquille d&#039;hu\u00eetre avec vitamine D3 - Calcium provenant de la coquille d&#039;hu\u00eetre (120 comprim\u00e9s) - ECO Supplements<\/title>\n<meta name=\"description\" content=\"Wij hebben een ruime keuze aan producten van SOLGAR Calcium &quot;600&quot; \u00e0 base de coquille d&#039;hu\u00eetre avec vitamine D3 - Calcium provenant de la coquille d&#039;hu\u00eetre (120 comprim\u00e9s) . Winkel bij Eco Supplements altijd gratis verzending boven 100\u20ac\" \/>\n<meta name=\"robots\" content=\"index, follow, max-snippet:-1, max-image-preview:large, max-video-preview:-1\" \/>\n<link rel=\"canonical\" href=\"https:\/\/ecosupplements.be\/fr\/produit\/solgar-calcium-600-from-oyster-shell-with-vitamin-d3-wapn-z-muszli-ostryg-120-tabl\/\" \/>\n<meta property=\"og:locale\" content=\"fr_FR\" \/>\n<meta property=\"og:type\" content=\"article\" \/>\n<meta property=\"og:title\" content=\"SOLGAR Calcium &quot;600&quot; \u00e0 base de coquille d&#039;hu\u00eetre avec vitamine D3 - Calcium provenant de la coquille d&#039;hu\u00eetre (120 comprim\u00e9s)\" \/>\n<meta property=\"og:description\" content=\"Wij hebben een ruime keuze aan producten van SOLGAR Calcium &quot;600&quot; \u00e0 base de coquille d&#039;hu\u00eetre avec vitamine D3 - Calcium provenant de la coquille d&#039;hu\u00eetre (120 comprim\u00e9s) . Winkel bij Eco Supplements altijd gratis verzending boven 100\u20ac\" \/>\n<meta property=\"og:url\" content=\"https:\/\/ecosupplements.be\/fr\/produit\/solgar-calcium-600-from-oyster-shell-with-vitamin-d3-wapn-z-muszli-ostryg-120-tabl\/\" \/>\n<meta property=\"og:site_name\" content=\"ECO Supplements\" \/>\n<meta property=\"article:modified_time\" content=\"2025-08-28T03:39:09+00:00\" \/>\n<meta property=\"og:image\" content=\"https:\/\/ecosupplements.be\/wp-content\/uploads\/2025\/08\/Solgar-SOLGAR-Calcium-\u201e600-from-Oyster-Shell-with-Vitamin-D3-Wapn-z-muszli-ostryg-120-tabl.png\" \/>\n\t<meta property=\"og:image:width\" content=\"499\" \/>\n\t<meta property=\"og:image:height\" content=\"500\" \/>\n\t<meta property=\"og:image:type\" content=\"image\/jpeg\" \/>\n<meta name=\"twitter:card\" content=\"summary_large_image\" \/>\n<meta name=\"twitter:label1\" content=\"Prix\" \/>\n\t<meta name=\"twitter:data1\" content=\"24.90&nbsp;&euro;\" \/>\n\t<meta name=\"twitter:label2\" content=\"Disponibilit\u00e9\" \/>\n\t<meta name=\"twitter:data2\" content=\"En stock\" \/>\n<script type=\"application\/ld+json\" class=\"yoast-schema-graph\">{\"@context\":\"https:\\\/\\\/schema.org\",\"@graph\":[{\"@type\":[\"WebPage\",\"ItemPage\"],\"@id\":\"https:\\\/\\\/ecosupplements.be\\\/fr\\\/produit\\\/solgar-calcium-600-from-oyster-shell-with-vitamin-d3-wapn-z-muszli-ostryg-120-tabl\\\/\",\"url\":\"https:\\\/\\\/ecosupplements.be\\\/fr\\\/produit\\\/solgar-calcium-600-from-oyster-shell-with-vitamin-d3-wapn-z-muszli-ostryg-120-tabl\\\/\",\"name\":\"SOLGAR Calcium \\\"600\\\" \u00e0 base de coquille d'hu\u00eetre avec vitamine D3 - Calcium provenant de la coquille d'hu\u00eetre (120 comprim\u00e9s) - ECO Supplements\",\"isPartOf\":{\"@id\":\"https:\\\/\\\/ecosupplements.be\\\/fr\\\/#website\"},\"primaryImageOfPage\":{\"@id\":\"https:\\\/\\\/ecosupplements.be\\\/fr\\\/produit\\\/solgar-calcium-600-from-oyster-shell-with-vitamin-d3-wapn-z-muszli-ostryg-120-tabl\\\/#primaryimage\"},\"image\":{\"@id\":\"https:\\\/\\\/ecosupplements.be\\\/fr\\\/produit\\\/solgar-calcium-600-from-oyster-shell-with-vitamin-d3-wapn-z-muszli-ostryg-120-tabl\\\/#primaryimage\"},\"thumbnailUrl\":\"https:\\\/\\\/ecosupplements.be\\\/wp-content\\\/uploads\\\/2025\\\/08\\\/SOLGAR-Calcium-\u201e600-from-Oyster-Shell-with-Vitamin-D3-Wapn-z-muszli-ostryg-120-tabl.png\",\"datePublished\":\"2025-07-28T12:15:13+00:00\",\"dateModified\":\"2025-08-28T03:39:09+00:00\",\"description\":\"Wij hebben een ruime keuze aan producten van SOLGAR Calcium \\\"600\\\" \u00e0 base de coquille d'hu\u00eetre avec vitamine D3 - Calcium provenant de la coquille d'hu\u00eetre (120 comprim\u00e9s) . Winkel bij Eco Supplements altijd gratis verzending boven 100\u20ac\",\"breadcrumb\":{\"@id\":\"https:\\\/\\\/ecosupplements.be\\\/fr\\\/produit\\\/solgar-calcium-600-from-oyster-shell-with-vitamin-d3-wapn-z-muszli-ostryg-120-tabl\\\/#breadcrumb\"},\"inLanguage\":\"fr-FR\",\"potentialAction\":[{\"@type\":\"ReadAction\",\"target\":[\"https:\\\/\\\/ecosupplements.be\\\/fr\\\/produit\\\/solgar-calcium-600-from-oyster-shell-with-vitamin-d3-wapn-z-muszli-ostryg-120-tabl\\\/\"]}]},{\"@type\":\"ImageObject\",\"inLanguage\":\"fr-FR\",\"@id\":\"https:\\\/\\\/ecosupplements.be\\\/fr\\\/produit\\\/solgar-calcium-600-from-oyster-shell-with-vitamin-d3-wapn-z-muszli-ostryg-120-tabl\\\/#primaryimage\",\"url\":\"https:\\\/\\\/ecosupplements.be\\\/wp-content\\\/uploads\\\/2025\\\/08\\\/SOLGAR-Calcium-\u201e600-from-Oyster-Shell-with-Vitamin-D3-Wapn-z-muszli-ostryg-120-tabl.png\",\"contentUrl\":\"https:\\\/\\\/ecosupplements.be\\\/wp-content\\\/uploads\\\/2025\\\/08\\\/SOLGAR-Calcium-\u201e600-from-Oyster-Shell-with-Vitamin-D3-Wapn-z-muszli-ostryg-120-tabl.png\",\"width\":499,\"height\":500},{\"@type\":\"BreadcrumbList\",\"@id\":\"https:\\\/\\\/ecosupplements.be\\\/fr\\\/produit\\\/solgar-calcium-600-from-oyster-shell-with-vitamin-d3-wapn-z-muszli-ostryg-120-tabl\\\/#breadcrumb\",\"itemListElement\":[{\"@type\":\"ListItem\",\"position\":1,\"name\":\"Home\",\"item\":\"https:\\\/\\\/ecosupplements.be\\\/fr\\\/\"},{\"@type\":\"ListItem\",\"position\":2,\"name\":\"Boutique\",\"item\":\"https:\\\/\\\/ecosupplements.be\\\/fr\\\/boutique\\\/\"},{\"@type\":\"ListItem\",\"position\":3,\"name\":\"SOLGAR Calcium &#8220;600&#8221; \u00e0 base de coquille d&#8217;hu\u00eetre avec vitamine D3 &#8211; Calcium provenant de la coquille d&#8217;hu\u00eetre (120 comprim\u00e9s)\"}]},{\"@type\":\"WebSite\",\"@id\":\"https:\\\/\\\/ecosupplements.be\\\/fr\\\/#website\",\"url\":\"https:\\\/\\\/ecosupplements.be\\\/fr\\\/\",\"name\":\"ECO Supplements\",\"description\":\"Eco Supplements - Gezonde supplementen\",\"publisher\":{\"@id\":\"https:\\\/\\\/ecosupplements.be\\\/fr\\\/#organization\"},\"potentialAction\":[{\"@type\":\"SearchAction\",\"target\":{\"@type\":\"EntryPoint\",\"urlTemplate\":\"https:\\\/\\\/ecosupplements.be\\\/fr\\\/?s={search_term_string}\"},\"query-input\":{\"@type\":\"PropertyValueSpecification\",\"valueRequired\":true,\"valueName\":\"search_term_string\"}}],\"inLanguage\":\"fr-FR\"},{\"@type\":\"Organization\",\"@id\":\"https:\\\/\\\/ecosupplements.be\\\/fr\\\/#organization\",\"name\":\"Eco Supplements\",\"url\":\"https:\\\/\\\/ecosupplements.be\\\/fr\\\/\",\"logo\":{\"@type\":\"ImageObject\",\"inLanguage\":\"fr-FR\",\"@id\":\"https:\\\/\\\/ecosupplements.be\\\/fr\\\/#\\\/schema\\\/logo\\\/image\\\/\",\"url\":\"https:\\\/\\\/ecosupplements.be\\\/wp-content\\\/uploads\\\/2022\\\/06\\\/ecosupplement-family.png\",\"contentUrl\":\"https:\\\/\\\/ecosupplements.be\\\/wp-content\\\/uploads\\\/2022\\\/06\\\/ecosupplement-family.png\",\"width\":593,\"height\":374,\"caption\":\"Eco Supplements\"},\"image\":{\"@id\":\"https:\\\/\\\/ecosupplements.be\\\/fr\\\/#\\\/schema\\\/logo\\\/image\\\/\"}}]}<\/script>\n<meta property=\"product:brand\" content=\"Solgar\" \/>\n<meta property=\"product:price:amount\" content=\"24.90\" \/>\n<meta property=\"product:price:currency\" content=\"EUR\" \/>\n<meta property=\"og:availability\" content=\"instock\" \/>\n<meta property=\"product:availability\" content=\"instock\" \/>\n<meta property=\"product:retailer_item_id\" content=\"033984004160\" \/>\n<meta property=\"product:condition\" content=\"new\" \/>\n<!-- \/ Yoast SEO Premium plugin. -->","yoast_head_json":{"title":"SOLGAR Calcium \"600\" \u00e0 base de coquille d'hu\u00eetre avec vitamine D3 - Calcium provenant de la coquille d'hu\u00eetre (120 comprim\u00e9s) - ECO Supplements","description":"Wij hebben een ruime keuze aan producten van SOLGAR Calcium \"600\" \u00e0 base de coquille d'hu\u00eetre avec vitamine D3 - Calcium provenant de la coquille d'hu\u00eetre (120 comprim\u00e9s) . Winkel bij Eco Supplements altijd gratis verzending boven 100\u20ac","robots":{"index":"index","follow":"follow","max-snippet":"max-snippet:-1","max-image-preview":"max-image-preview:large","max-video-preview":"max-video-preview:-1"},"canonical":"https:\/\/ecosupplements.be\/fr\/produit\/solgar-calcium-600-from-oyster-shell-with-vitamin-d3-wapn-z-muszli-ostryg-120-tabl\/","og_locale":"fr_FR","og_type":"article","og_title":"SOLGAR Calcium \"600\" \u00e0 base de coquille d'hu\u00eetre avec vitamine D3 - Calcium provenant de la coquille d'hu\u00eetre (120 comprim\u00e9s)","og_description":"Wij hebben een ruime keuze aan producten van SOLGAR Calcium \"600\" \u00e0 base de coquille d'hu\u00eetre avec vitamine D3 - Calcium provenant de la coquille d'hu\u00eetre (120 comprim\u00e9s) . Winkel bij Eco Supplements altijd gratis verzending boven 100\u20ac","og_url":"https:\/\/ecosupplements.be\/fr\/produit\/solgar-calcium-600-from-oyster-shell-with-vitamin-d3-wapn-z-muszli-ostryg-120-tabl\/","og_site_name":"ECO Supplements","article_modified_time":"2025-08-28T03:39:09+00:00","og_image":[{"width":499,"height":500,"url":"https:\/\/ecosupplements.be\/wp-content\/uploads\/2025\/08\/Solgar-SOLGAR-Calcium-\u201e600-from-Oyster-Shell-with-Vitamin-D3-Wapn-z-muszli-ostryg-120-tabl.png","type":"image\/jpeg"}],"twitter_card":"summary_large_image","twitter_misc":{"Prix":"24.90&nbsp;&euro;","Disponibilit\u00e9":"En stock"},"schema":{"@context":"https:\/\/schema.org","@graph":[{"@type":["WebPage","ItemPage"],"@id":"https:\/\/ecosupplements.be\/fr\/produit\/solgar-calcium-600-from-oyster-shell-with-vitamin-d3-wapn-z-muszli-ostryg-120-tabl\/","url":"https:\/\/ecosupplements.be\/fr\/produit\/solgar-calcium-600-from-oyster-shell-with-vitamin-d3-wapn-z-muszli-ostryg-120-tabl\/","name":"SOLGAR Calcium \"600\" \u00e0 base de coquille d'hu\u00eetre avec vitamine D3 - Calcium provenant de la coquille d'hu\u00eetre (120 comprim\u00e9s) - ECO Supplements","isPartOf":{"@id":"https:\/\/ecosupplements.be\/fr\/#website"},"primaryImageOfPage":{"@id":"https:\/\/ecosupplements.be\/fr\/produit\/solgar-calcium-600-from-oyster-shell-with-vitamin-d3-wapn-z-muszli-ostryg-120-tabl\/#primaryimage"},"image":{"@id":"https:\/\/ecosupplements.be\/fr\/produit\/solgar-calcium-600-from-oyster-shell-with-vitamin-d3-wapn-z-muszli-ostryg-120-tabl\/#primaryimage"},"thumbnailUrl":"https:\/\/ecosupplements.be\/wp-content\/uploads\/2025\/08\/SOLGAR-Calcium-\u201e600-from-Oyster-Shell-with-Vitamin-D3-Wapn-z-muszli-ostryg-120-tabl.png","datePublished":"2025-07-28T12:15:13+00:00","dateModified":"2025-08-28T03:39:09+00:00","description":"Wij hebben een ruime keuze aan producten van SOLGAR Calcium \"600\" \u00e0 base de coquille d'hu\u00eetre avec vitamine D3 - Calcium provenant de la coquille d'hu\u00eetre (120 comprim\u00e9s) . Winkel bij Eco Supplements altijd gratis verzending boven 100\u20ac","breadcrumb":{"@id":"https:\/\/ecosupplements.be\/fr\/produit\/solgar-calcium-600-from-oyster-shell-with-vitamin-d3-wapn-z-muszli-ostryg-120-tabl\/#breadcrumb"},"inLanguage":"fr-FR","potentialAction":[{"@type":"ReadAction","target":["https:\/\/ecosupplements.be\/fr\/produit\/solgar-calcium-600-from-oyster-shell-with-vitamin-d3-wapn-z-muszli-ostryg-120-tabl\/"]}]},{"@type":"ImageObject","inLanguage":"fr-FR","@id":"https:\/\/ecosupplements.be\/fr\/produit\/solgar-calcium-600-from-oyster-shell-with-vitamin-d3-wapn-z-muszli-ostryg-120-tabl\/#primaryimage","url":"https:\/\/ecosupplements.be\/wp-content\/uploads\/2025\/08\/SOLGAR-Calcium-\u201e600-from-Oyster-Shell-with-Vitamin-D3-Wapn-z-muszli-ostryg-120-tabl.png","contentUrl":"https:\/\/ecosupplements.be\/wp-content\/uploads\/2025\/08\/SOLGAR-Calcium-\u201e600-from-Oyster-Shell-with-Vitamin-D3-Wapn-z-muszli-ostryg-120-tabl.png","width":499,"height":500},{"@type":"BreadcrumbList","@id":"https:\/\/ecosupplements.be\/fr\/produit\/solgar-calcium-600-from-oyster-shell-with-vitamin-d3-wapn-z-muszli-ostryg-120-tabl\/#breadcrumb","itemListElement":[{"@type":"ListItem","position":1,"name":"Home","item":"https:\/\/ecosupplements.be\/fr\/"},{"@type":"ListItem","position":2,"name":"Boutique","item":"https:\/\/ecosupplements.be\/fr\/boutique\/"},{"@type":"ListItem","position":3,"name":"SOLGAR Calcium &#8220;600&#8221; \u00e0 base de coquille d&#8217;hu\u00eetre avec vitamine D3 &#8211; Calcium provenant de la coquille d&#8217;hu\u00eetre (120 comprim\u00e9s)"}]},{"@type":"WebSite","@id":"https:\/\/ecosupplements.be\/fr\/#website","url":"https:\/\/ecosupplements.be\/fr\/","name":"ECO Supplements","description":"Eco Supplements - Gezonde supplementen","publisher":{"@id":"https:\/\/ecosupplements.be\/fr\/#organization"},"potentialAction":[{"@type":"SearchAction","target":{"@type":"EntryPoint","urlTemplate":"https:\/\/ecosupplements.be\/fr\/?s={search_term_string}"},"query-input":{"@type":"PropertyValueSpecification","valueRequired":true,"valueName":"search_term_string"}}],"inLanguage":"fr-FR"},{"@type":"Organization","@id":"https:\/\/ecosupplements.be\/fr\/#organization","name":"Eco Supplements","url":"https:\/\/ecosupplements.be\/fr\/","logo":{"@type":"ImageObject","inLanguage":"fr-FR","@id":"https:\/\/ecosupplements.be\/fr\/#\/schema\/logo\/image\/","url":"https:\/\/ecosupplements.be\/wp-content\/uploads\/2022\/06\/ecosupplement-family.png","contentUrl":"https:\/\/ecosupplements.be\/wp-content\/uploads\/2022\/06\/ecosupplement-family.png","width":593,"height":374,"caption":"Eco Supplements"},"image":{"@id":"https:\/\/ecosupplements.be\/fr\/#\/schema\/logo\/image\/"}}]},"product_brand":"Solgar","product_price_amount":"24.90","product_price_currency":"EUR","og_availability":"instock","product_availability":"instock","product_retailer_item_id":"033984004160","product_condition":"new"},"_links":{"self":[{"href":"https:\/\/ecosupplements.be\/fr\/wp-json\/wp\/v2\/product\/305388","targetHints":{"allow":["GET"]}}],"collection":[{"href":"https:\/\/ecosupplements.be\/fr\/wp-json\/wp\/v2\/product"}],"about":[{"href":"https:\/\/ecosupplements.be\/fr\/wp-json\/wp\/v2\/types\/product"}],"replies":[{"embeddable":true,"href":"https:\/\/ecosupplements.be\/fr\/wp-json\/wp\/v2\/comments?post=305388"}],"wp:featuredmedia":[{"embeddable":true,"href":"https:\/\/ecosupplements.be\/fr\/wp-json\/wp\/v2\/media\/279519"}],"wp:attachment":[{"href":"https:\/\/ecosupplements.be\/fr\/wp-json\/wp\/v2\/media?parent=305388"}],"wp:term":[{"taxonomy":"product_brand","embeddable":true,"href":"https:\/\/ecosupplements.be\/fr\/wp-json\/wp\/v2\/product_brand?post=305388"},{"taxonomy":"product_cat","embeddable":true,"href":"https:\/\/ecosupplements.be\/fr\/wp-json\/wp\/v2\/product_cat?post=305388"},{"taxonomy":"product_tag","embeddable":true,"href":"https:\/\/ecosupplements.be\/fr\/wp-json\/wp\/v2\/product_tag?post=305388"}],"curies":[{"name":"wp","href":"https:\/\/api.w.org\/{rel}","templated":true}]}}