{"id":305400,"date":"2025-07-28T13:30:26","date_gmt":"2025-07-28T12:30:26","guid":{"rendered":"https:\/\/ecosupplements.be\/product\/solgar-resveratrol-250-mg-with-red-wine-extract-60-caps\/"},"modified":"2025-08-28T04:39:19","modified_gmt":"2025-08-28T03:39:19","slug":"solgar-resveratrol-250-mg-with-red-wine-extract-60-caps","status":"publish","type":"product","link":"https:\/\/ecosupplements.be\/fr\/produit\/solgar-resveratrol-250-mg-with-red-wine-extract-60-caps\/","title":{"rendered":"Solgar Resv\u00e9ratrol 250 mg avec extrait de vin rouge (60 g\u00e9lules)"},"content":{"rendered":"<h2>SOLGAR Resveratrol 250 mg with Red Wine Extract (60 caps)<\/h2>\n<p>D\u00e9couvrez le SOLGAR Resveratrol 250 mg, enrichi d&#8217;extrait de vin rouge, pr\u00e9sent\u00e9 dans un emballage contenant 60 capsules faciles \u00e0 utiliser. Ce produit est con\u00e7u pour s&#8217;int\u00e9grer harmonieusement \u00e0 votre quotidien gr\u00e2ce \u00e0 son format pratique.<\/p>\n<h3>Composition<\/h3>\n<p>Ce compl\u00e9ment alimentaire combine du resv\u00e9ratrol issu de racines de Polygonum cuspidatum s\u00e9ch\u00e9es et un extrait de vin rouge (Vitis vinifera), provenant sp\u00e9cifiquement des peaux de raisin. La formule est \u00e9galement compos\u00e9e d&#8217;huile de soja, gelatine, glyc\u00e9rine v\u00e9g\u00e9tale, curcuma (utilis\u00e9 comme colorant), l\u00e9cithine de soja, cire d&#8217;abeille jaune et dioxyde de silicium.<\/p>\n<h3>Utilisation<\/h3>\n<p>La dose recommand\u00e9e est d&#8217;une capsule par jour. Il est conseill\u00e9 de ne pas d\u00e9passer la quantit\u00e9 journali\u00e8re indiqu\u00e9e.<\/p>\n<h3>Caract\u00e9ristiques pratiques<\/h3>\n<p>ces capsules sont simples \u00e0 int\u00e9grer dans votre routine quotidienne.Elles sont con\u00e7ues pour \u00eatre facilement ing\u00e9r\u00e9es et stock\u00e9es dans un endroit frais et sec, loin des enfants et en dessous de 30\u00b0C pour une conservation optimale.<\/p>\n<h4>Note importante<\/h4>\n<p>Ce produit n&#8217;est pas destin\u00e9 \u00e0 diagnostiquer, traiter ou pr\u00e9venir une quelconque maladie. Il doit \u00eatre utilis\u00e9 dans le cadre d&#8217;une alimentation vari\u00e9e et \u00e9quilibr\u00e9e ainsi qu&#8217;un mode vie sain. Consultez un professionnel avant utilisation si vous \u00eates enceinte ou allaitante ou si vous avez des conditions m\u00e9dicales particuli\u00e8res.<\/p>\n<p><strong>Ingr\u00e9dients principaux :<\/strong> Resv\u00e9ratrol (250 mg par capsule), Extrait de vin rouge (10 mg par capsule).<\/p>\n","protected":false},"excerpt":{"rendered":"<p>SOLGAR Resveratrol 250 mg with Red Wine Extract (60 caps) D\u00e9couvrez le SOLGAR Resveratrol 250 mg, enrichi d&#8217;extrait de vin rouge, pr\u00e9sent\u00e9 dans un emballage contenant 60 capsules faciles \u00e0 utiliser. Ce produit est con\u00e7u pour s&#8217;int\u00e9grer harmonieusement \u00e0 votre quotidien gr\u00e2ce \u00e0 son format pratique. Composition Ce compl\u00e9ment alimentaire combine du resv\u00e9ratrol issu de [&#8230;]\n","protected":false},"featured_media":279531,"comment_status":"closed","ping_status":"open","template":"","meta":[],"product_brand":[4760],"product_cat":[5053],"product_tag":[],"class_list":{"0":"post-305400","1":"product","2":"type-product","3":"status-publish","4":"has-post-thumbnail","6":"product_brand-solgar-2","7":"product_cat-vitamines-et-mineraux","9":"first","10":"instock","11":"taxable","12":"shipping-taxable","13":"purchasable","14":"product-type-simple"},"yoast_head":"<!-- This site is optimized with the Yoast SEO Premium plugin v27.3 (Yoast SEO v27.3) - https:\/\/yoast.com\/product\/yoast-seo-premium-wordpress\/ -->\n<title>Solgar Resv\u00e9ratrol 250 mg avec extrait de vin rouge (60 g\u00e9lules) - ECO Supplements<\/title>\n<meta name=\"description\" content=\"Wij hebben een ruime keuze aan producten van Solgar Resv\u00e9ratrol 250 mg avec extrait de vin rouge (60 g\u00e9lules) . Winkel bij Eco Supplements altijd gratis verzending boven 100\u20ac\" \/>\n<meta name=\"robots\" content=\"index, follow, max-snippet:-1, max-image-preview:large, max-video-preview:-1\" \/>\n<link rel=\"canonical\" href=\"https:\/\/ecosupplements.be\/fr\/produit\/solgar-resveratrol-250-mg-with-red-wine-extract-60-caps\/\" \/>\n<meta property=\"og:locale\" content=\"fr_FR\" \/>\n<meta property=\"og:type\" content=\"article\" \/>\n<meta property=\"og:title\" content=\"Solgar Resv\u00e9ratrol 250 mg avec extrait de vin rouge (60 g\u00e9lules)\" \/>\n<meta property=\"og:description\" content=\"Wij hebben een ruime keuze aan producten van Solgar Resv\u00e9ratrol 250 mg avec extrait de vin rouge (60 g\u00e9lules) . Winkel bij Eco Supplements altijd gratis verzending boven 100\u20ac\" \/>\n<meta property=\"og:url\" content=\"https:\/\/ecosupplements.be\/fr\/produit\/solgar-resveratrol-250-mg-with-red-wine-extract-60-caps\/\" \/>\n<meta property=\"og:site_name\" content=\"ECO Supplements\" \/>\n<meta property=\"article:modified_time\" content=\"2025-08-28T03:39:19+00:00\" \/>\n<meta property=\"og:image\" content=\"https:\/\/ecosupplements.be\/wp-content\/uploads\/2025\/08\/Solgar-SOLGAR-Resveratrol-250-mg-with-Red-Wine-Extract-60-caps.png\" \/>\n\t<meta property=\"og:image:width\" content=\"498\" \/>\n\t<meta property=\"og:image:height\" content=\"501\" \/>\n\t<meta property=\"og:image:type\" content=\"image\/jpeg\" \/>\n<meta name=\"twitter:card\" content=\"summary_large_image\" \/>\n<meta name=\"twitter:label1\" content=\"Prix\" \/>\n\t<meta name=\"twitter:data1\" content=\"67.32&nbsp;&euro;\" \/>\n\t<meta name=\"twitter:label2\" content=\"Disponibilit\u00e9\" \/>\n\t<meta name=\"twitter:data2\" content=\"En stock\" \/>\n<script type=\"application\/ld+json\" class=\"yoast-schema-graph\">{\"@context\":\"https:\\\/\\\/schema.org\",\"@graph\":[{\"@type\":[\"WebPage\",\"ItemPage\"],\"@id\":\"https:\\\/\\\/ecosupplements.be\\\/fr\\\/produit\\\/solgar-resveratrol-250-mg-with-red-wine-extract-60-caps\\\/\",\"url\":\"https:\\\/\\\/ecosupplements.be\\\/fr\\\/produit\\\/solgar-resveratrol-250-mg-with-red-wine-extract-60-caps\\\/\",\"name\":\"Solgar Resv\u00e9ratrol 250 mg avec extrait de vin rouge (60 g\u00e9lules) - ECO Supplements\",\"isPartOf\":{\"@id\":\"https:\\\/\\\/ecosupplements.be\\\/fr\\\/#website\"},\"primaryImageOfPage\":{\"@id\":\"https:\\\/\\\/ecosupplements.be\\\/fr\\\/produit\\\/solgar-resveratrol-250-mg-with-red-wine-extract-60-caps\\\/#primaryimage\"},\"image\":{\"@id\":\"https:\\\/\\\/ecosupplements.be\\\/fr\\\/produit\\\/solgar-resveratrol-250-mg-with-red-wine-extract-60-caps\\\/#primaryimage\"},\"thumbnailUrl\":\"https:\\\/\\\/ecosupplements.be\\\/wp-content\\\/uploads\\\/2025\\\/08\\\/SOLGAR-Resveratrol-250-mg-with-Red-Wine-Extract-60-caps.png\",\"datePublished\":\"2025-07-28T12:30:26+00:00\",\"dateModified\":\"2025-08-28T03:39:19+00:00\",\"description\":\"Wij hebben een ruime keuze aan producten van Solgar Resv\u00e9ratrol 250 mg avec extrait de vin rouge (60 g\u00e9lules) . Winkel bij Eco Supplements altijd gratis verzending boven 100\u20ac\",\"breadcrumb\":{\"@id\":\"https:\\\/\\\/ecosupplements.be\\\/fr\\\/produit\\\/solgar-resveratrol-250-mg-with-red-wine-extract-60-caps\\\/#breadcrumb\"},\"inLanguage\":\"fr-FR\",\"potentialAction\":[{\"@type\":\"ReadAction\",\"target\":[\"https:\\\/\\\/ecosupplements.be\\\/fr\\\/produit\\\/solgar-resveratrol-250-mg-with-red-wine-extract-60-caps\\\/\"]}]},{\"@type\":\"ImageObject\",\"inLanguage\":\"fr-FR\",\"@id\":\"https:\\\/\\\/ecosupplements.be\\\/fr\\\/produit\\\/solgar-resveratrol-250-mg-with-red-wine-extract-60-caps\\\/#primaryimage\",\"url\":\"https:\\\/\\\/ecosupplements.be\\\/wp-content\\\/uploads\\\/2025\\\/08\\\/SOLGAR-Resveratrol-250-mg-with-Red-Wine-Extract-60-caps.png\",\"contentUrl\":\"https:\\\/\\\/ecosupplements.be\\\/wp-content\\\/uploads\\\/2025\\\/08\\\/SOLGAR-Resveratrol-250-mg-with-Red-Wine-Extract-60-caps.png\",\"width\":498,\"height\":501},{\"@type\":\"BreadcrumbList\",\"@id\":\"https:\\\/\\\/ecosupplements.be\\\/fr\\\/produit\\\/solgar-resveratrol-250-mg-with-red-wine-extract-60-caps\\\/#breadcrumb\",\"itemListElement\":[{\"@type\":\"ListItem\",\"position\":1,\"name\":\"Home\",\"item\":\"https:\\\/\\\/ecosupplements.be\\\/fr\\\/\"},{\"@type\":\"ListItem\",\"position\":2,\"name\":\"Boutique\",\"item\":\"https:\\\/\\\/ecosupplements.be\\\/fr\\\/boutique\\\/\"},{\"@type\":\"ListItem\",\"position\":3,\"name\":\"Solgar Resv\u00e9ratrol 250 mg avec extrait de vin rouge (60 g\u00e9lules)\"}]},{\"@type\":\"WebSite\",\"@id\":\"https:\\\/\\\/ecosupplements.be\\\/fr\\\/#website\",\"url\":\"https:\\\/\\\/ecosupplements.be\\\/fr\\\/\",\"name\":\"ECO Supplements\",\"description\":\"Eco Supplements - Gezonde supplementen\",\"publisher\":{\"@id\":\"https:\\\/\\\/ecosupplements.be\\\/fr\\\/#organization\"},\"potentialAction\":[{\"@type\":\"SearchAction\",\"target\":{\"@type\":\"EntryPoint\",\"urlTemplate\":\"https:\\\/\\\/ecosupplements.be\\\/fr\\\/?s={search_term_string}\"},\"query-input\":{\"@type\":\"PropertyValueSpecification\",\"valueRequired\":true,\"valueName\":\"search_term_string\"}}],\"inLanguage\":\"fr-FR\"},{\"@type\":\"Organization\",\"@id\":\"https:\\\/\\\/ecosupplements.be\\\/fr\\\/#organization\",\"name\":\"Eco Supplements\",\"url\":\"https:\\\/\\\/ecosupplements.be\\\/fr\\\/\",\"logo\":{\"@type\":\"ImageObject\",\"inLanguage\":\"fr-FR\",\"@id\":\"https:\\\/\\\/ecosupplements.be\\\/fr\\\/#\\\/schema\\\/logo\\\/image\\\/\",\"url\":\"https:\\\/\\\/ecosupplements.be\\\/wp-content\\\/uploads\\\/2022\\\/06\\\/ecosupplement-family.png\",\"contentUrl\":\"https:\\\/\\\/ecosupplements.be\\\/wp-content\\\/uploads\\\/2022\\\/06\\\/ecosupplement-family.png\",\"width\":593,\"height\":374,\"caption\":\"Eco Supplements\"},\"image\":{\"@id\":\"https:\\\/\\\/ecosupplements.be\\\/fr\\\/#\\\/schema\\\/logo\\\/image\\\/\"}}]}<\/script>\n<meta property=\"product:brand\" content=\"Solgar\" \/>\n<meta property=\"product:price:amount\" content=\"67.32\" \/>\n<meta property=\"product:price:currency\" content=\"EUR\" \/>\n<meta property=\"og:availability\" content=\"instock\" \/>\n<meta property=\"product:availability\" content=\"instock\" \/>\n<meta property=\"product:retailer_item_id\" content=\"033984024847\" \/>\n<meta property=\"product:condition\" content=\"new\" \/>\n<!-- \/ Yoast SEO Premium plugin. -->","yoast_head_json":{"title":"Solgar Resv\u00e9ratrol 250 mg avec extrait de vin rouge (60 g\u00e9lules) - ECO Supplements","description":"Wij hebben een ruime keuze aan producten van Solgar Resv\u00e9ratrol 250 mg avec extrait de vin rouge (60 g\u00e9lules) . Winkel bij Eco Supplements altijd gratis verzending boven 100\u20ac","robots":{"index":"index","follow":"follow","max-snippet":"max-snippet:-1","max-image-preview":"max-image-preview:large","max-video-preview":"max-video-preview:-1"},"canonical":"https:\/\/ecosupplements.be\/fr\/produit\/solgar-resveratrol-250-mg-with-red-wine-extract-60-caps\/","og_locale":"fr_FR","og_type":"article","og_title":"Solgar Resv\u00e9ratrol 250 mg avec extrait de vin rouge (60 g\u00e9lules)","og_description":"Wij hebben een ruime keuze aan producten van Solgar Resv\u00e9ratrol 250 mg avec extrait de vin rouge (60 g\u00e9lules) . Winkel bij Eco Supplements altijd gratis verzending boven 100\u20ac","og_url":"https:\/\/ecosupplements.be\/fr\/produit\/solgar-resveratrol-250-mg-with-red-wine-extract-60-caps\/","og_site_name":"ECO Supplements","article_modified_time":"2025-08-28T03:39:19+00:00","og_image":[{"width":498,"height":501,"url":"https:\/\/ecosupplements.be\/wp-content\/uploads\/2025\/08\/Solgar-SOLGAR-Resveratrol-250-mg-with-Red-Wine-Extract-60-caps.png","type":"image\/jpeg"}],"twitter_card":"summary_large_image","twitter_misc":{"Prix":"67.32&nbsp;&euro;","Disponibilit\u00e9":"En stock"},"schema":{"@context":"https:\/\/schema.org","@graph":[{"@type":["WebPage","ItemPage"],"@id":"https:\/\/ecosupplements.be\/fr\/produit\/solgar-resveratrol-250-mg-with-red-wine-extract-60-caps\/","url":"https:\/\/ecosupplements.be\/fr\/produit\/solgar-resveratrol-250-mg-with-red-wine-extract-60-caps\/","name":"Solgar Resv\u00e9ratrol 250 mg avec extrait de vin rouge (60 g\u00e9lules) - ECO Supplements","isPartOf":{"@id":"https:\/\/ecosupplements.be\/fr\/#website"},"primaryImageOfPage":{"@id":"https:\/\/ecosupplements.be\/fr\/produit\/solgar-resveratrol-250-mg-with-red-wine-extract-60-caps\/#primaryimage"},"image":{"@id":"https:\/\/ecosupplements.be\/fr\/produit\/solgar-resveratrol-250-mg-with-red-wine-extract-60-caps\/#primaryimage"},"thumbnailUrl":"https:\/\/ecosupplements.be\/wp-content\/uploads\/2025\/08\/SOLGAR-Resveratrol-250-mg-with-Red-Wine-Extract-60-caps.png","datePublished":"2025-07-28T12:30:26+00:00","dateModified":"2025-08-28T03:39:19+00:00","description":"Wij hebben een ruime keuze aan producten van Solgar Resv\u00e9ratrol 250 mg avec extrait de vin rouge (60 g\u00e9lules) . Winkel bij Eco Supplements altijd gratis verzending boven 100\u20ac","breadcrumb":{"@id":"https:\/\/ecosupplements.be\/fr\/produit\/solgar-resveratrol-250-mg-with-red-wine-extract-60-caps\/#breadcrumb"},"inLanguage":"fr-FR","potentialAction":[{"@type":"ReadAction","target":["https:\/\/ecosupplements.be\/fr\/produit\/solgar-resveratrol-250-mg-with-red-wine-extract-60-caps\/"]}]},{"@type":"ImageObject","inLanguage":"fr-FR","@id":"https:\/\/ecosupplements.be\/fr\/produit\/solgar-resveratrol-250-mg-with-red-wine-extract-60-caps\/#primaryimage","url":"https:\/\/ecosupplements.be\/wp-content\/uploads\/2025\/08\/SOLGAR-Resveratrol-250-mg-with-Red-Wine-Extract-60-caps.png","contentUrl":"https:\/\/ecosupplements.be\/wp-content\/uploads\/2025\/08\/SOLGAR-Resveratrol-250-mg-with-Red-Wine-Extract-60-caps.png","width":498,"height":501},{"@type":"BreadcrumbList","@id":"https:\/\/ecosupplements.be\/fr\/produit\/solgar-resveratrol-250-mg-with-red-wine-extract-60-caps\/#breadcrumb","itemListElement":[{"@type":"ListItem","position":1,"name":"Home","item":"https:\/\/ecosupplements.be\/fr\/"},{"@type":"ListItem","position":2,"name":"Boutique","item":"https:\/\/ecosupplements.be\/fr\/boutique\/"},{"@type":"ListItem","position":3,"name":"Solgar Resv\u00e9ratrol 250 mg avec extrait de vin rouge (60 g\u00e9lules)"}]},{"@type":"WebSite","@id":"https:\/\/ecosupplements.be\/fr\/#website","url":"https:\/\/ecosupplements.be\/fr\/","name":"ECO Supplements","description":"Eco Supplements - Gezonde supplementen","publisher":{"@id":"https:\/\/ecosupplements.be\/fr\/#organization"},"potentialAction":[{"@type":"SearchAction","target":{"@type":"EntryPoint","urlTemplate":"https:\/\/ecosupplements.be\/fr\/?s={search_term_string}"},"query-input":{"@type":"PropertyValueSpecification","valueRequired":true,"valueName":"search_term_string"}}],"inLanguage":"fr-FR"},{"@type":"Organization","@id":"https:\/\/ecosupplements.be\/fr\/#organization","name":"Eco Supplements","url":"https:\/\/ecosupplements.be\/fr\/","logo":{"@type":"ImageObject","inLanguage":"fr-FR","@id":"https:\/\/ecosupplements.be\/fr\/#\/schema\/logo\/image\/","url":"https:\/\/ecosupplements.be\/wp-content\/uploads\/2022\/06\/ecosupplement-family.png","contentUrl":"https:\/\/ecosupplements.be\/wp-content\/uploads\/2022\/06\/ecosupplement-family.png","width":593,"height":374,"caption":"Eco Supplements"},"image":{"@id":"https:\/\/ecosupplements.be\/fr\/#\/schema\/logo\/image\/"}}]},"product_brand":"Solgar","product_price_amount":"67.32","product_price_currency":"EUR","og_availability":"instock","product_availability":"instock","product_retailer_item_id":"033984024847","product_condition":"new"},"_links":{"self":[{"href":"https:\/\/ecosupplements.be\/fr\/wp-json\/wp\/v2\/product\/305400","targetHints":{"allow":["GET"]}}],"collection":[{"href":"https:\/\/ecosupplements.be\/fr\/wp-json\/wp\/v2\/product"}],"about":[{"href":"https:\/\/ecosupplements.be\/fr\/wp-json\/wp\/v2\/types\/product"}],"replies":[{"embeddable":true,"href":"https:\/\/ecosupplements.be\/fr\/wp-json\/wp\/v2\/comments?post=305400"}],"wp:featuredmedia":[{"embeddable":true,"href":"https:\/\/ecosupplements.be\/fr\/wp-json\/wp\/v2\/media\/279531"}],"wp:attachment":[{"href":"https:\/\/ecosupplements.be\/fr\/wp-json\/wp\/v2\/media?parent=305400"}],"wp:term":[{"taxonomy":"product_brand","embeddable":true,"href":"https:\/\/ecosupplements.be\/fr\/wp-json\/wp\/v2\/product_brand?post=305400"},{"taxonomy":"product_cat","embeddable":true,"href":"https:\/\/ecosupplements.be\/fr\/wp-json\/wp\/v2\/product_cat?post=305400"},{"taxonomy":"product_tag","embeddable":true,"href":"https:\/\/ecosupplements.be\/fr\/wp-json\/wp\/v2\/product_tag?post=305400"}],"curies":[{"name":"wp","href":"https:\/\/api.w.org\/{rel}","templated":true}]}}