{"id":305409,"date":"2025-07-28T13:45:13","date_gmt":"2025-07-28T12:45:13","guid":{"rendered":"https:\/\/ecosupplements.be\/product\/solgar-calcium-citrate-with-vitamin-d3-120-tabs\/"},"modified":"2025-08-28T04:39:28","modified_gmt":"2025-08-28T03:39:28","slug":"solgar-calcium-citrate-with-vitamin-d3-120-tabs","status":"publish","type":"product","link":"https:\/\/ecosupplements.be\/fr\/produit\/solgar-calcium-citrate-with-vitamin-d3-120-tabs\/","title":{"rendered":"Calcium citrate avec vitamine D3 de Solgar (120 comprim\u00e9s)"},"content":{"rendered":"<h2>SOLGAR Calcium Citrate with Vitamin D3 (120 tabs)<\/h2>\n<p><strong>Description :<\/strong><br \/>\nD\u00e9couvrez SOLGAR Calcium Citrate with Vitamin D3, un produit con\u00e7u pour s&#8217;int\u00e9grer harmonieusement \u00e0 votre quotidien. Chaque tablette est formul\u00e9e \u00e0 partir d&#8217;ingr\u00e9dients de haute qualit\u00e9 et d&#8217;origine naturelle, offrant une exp\u00e9rience simple et agr\u00e9able.<\/p>\n<p><strong>ingr\u00e9dients principaux :<\/strong><br \/>\nCe produit contient du citrate de calcium et de la vitamine D3. Les agents de charge tels que la cellulose,les phosphates de calcium et la gomme cellulosique sont utilis\u00e9s pour assurer une texture id\u00e9ale. Les agents anti-agglom\u00e9rants comme les sels magn\u00e9siens d&#8217;acides gras v\u00e9g\u00e9taux contribuent \u00e0 la puret\u00e9 du produit.<\/p>\n<table border=\"1\">\n<tbody>\n<tr>\n<td>Ingr\u00e9dient<\/td>\n<td>Par tablette<\/td>\n<td>Par dose quotidienne (4 tablettes)<\/td>\n<td>% Valeur Quotidienne<\/td>\n<\/tr>\n<tr>\n<td>Citrate de calcium<\/td>\n<td>250 mg<\/td>\n<td>1000 mg<\/td>\n<td>125%<\/td>\n<\/tr>\n<tr>\n<td>Vitamine D (chol\u00e9calcif\u00e9rol)<\/td>\n<td>3,75 mcg (150 IU)<\/\n  td><\/p>\n<td>15 mcg (600 IU)<\/\n  td><\/p>\n<td>300%<\/\n  \/tr><\/tbody>\n<\/table>\n<p>*Valeur Quotidienne bas\u00e9e sur un r\u00e9gime alimentaire standard.<\/p>\n<p><strong>Utilisation recommand\u00e9e :<\/strong><br \/>\nPrendre quatre (4) tablettes par jour, id\u00e9alement lors des repas.<\/p>\n<p>Ce compl\u00e9ment est pr\u00e9sent\u00e9 dans un emballage pratique contenant 120 tablettes faciles \u00e0 consommer avec votre repas quotidien.<\/p>\n<p>SOLGAR s&#8217;engage \u00e0 fournir des produits respectueux des normes les plus strictes en mati\u00e8re de puret\u00e9 et d&#8217;efficacit\u00e9, sans compromis sur le go\u00fbt ou la qualit\u00e9. Un choix parfait pour ceux qui appr\u00e9cient les ingr\u00e9dients naturels dans un mode de vie actif.<\/p>\n<p><strong>Note:<\/strong>N&#8217;utilisez pas ce produit si vous \u00eates allergique \u00e0 l&#8217;un des ingr\u00e9dients list\u00e9s. Consultez toujours un professionnel avant toute utilisation si vous \u00eates enceinte, allaitante ou sous m\u00e9dication.<\/p>\n<p><strong>Rangement:<\/strong>Maintenir hors de port\u00e9e des enfants et conserver dans un endroit frais et sec loin du soleil direct.<\/p>\n","protected":false},"excerpt":{"rendered":"<p>SOLGAR Calcium Citrate with Vitamin D3 (120 tabs) Description : D\u00e9couvrez SOLGAR Calcium Citrate with Vitamin D3, un produit con\u00e7u pour s&#8217;int\u00e9grer harmonieusement \u00e0 votre quotidien. Chaque tablette est formul\u00e9e \u00e0 partir d&#8217;ingr\u00e9dients de haute qualit\u00e9 et d&#8217;origine naturelle, offrant une exp\u00e9rience simple et agr\u00e9able. ingr\u00e9dients principaux : Ce produit contient du citrate de calcium [&#8230;]\n","protected":false},"featured_media":279540,"comment_status":"closed","ping_status":"open","template":"","meta":[],"product_brand":[4760],"product_cat":[5064,5053],"product_tag":[],"class_list":{"0":"post-305409","1":"product","2":"type-product","3":"status-publish","4":"has-post-thumbnail","6":"product_brand-solgar-2","7":"product_cat-mineraux-simples","8":"product_cat-vitamines-et-mineraux","10":"first","11":"instock","12":"taxable","13":"shipping-taxable","14":"purchasable","15":"product-type-simple"},"yoast_head":"<!-- This site is optimized with the Yoast SEO Premium plugin v27.5 (Yoast SEO v27.5) - https:\/\/yoast.com\/product\/yoast-seo-premium-wordpress\/ -->\n<title>Calcium citrate avec vitamine D3 de Solgar (120 comprim\u00e9s) - ECO Supplements<\/title>\n<meta name=\"description\" content=\"Wij hebben een ruime keuze aan producten van Calcium citrate avec vitamine D3 de Solgar (120 comprim\u00e9s) . Winkel bij Eco Supplements altijd gratis verzending boven 100\u20ac\" \/>\n<meta name=\"robots\" content=\"index, follow, max-snippet:-1, max-image-preview:large, max-video-preview:-1\" \/>\n<link rel=\"canonical\" href=\"https:\/\/ecosupplements.be\/fr\/produit\/solgar-calcium-citrate-with-vitamin-d3-120-tabs\/\" \/>\n<meta property=\"og:locale\" content=\"fr_FR\" \/>\n<meta property=\"og:type\" content=\"article\" \/>\n<meta property=\"og:title\" content=\"Calcium citrate avec vitamine D3 de Solgar (120 comprim\u00e9s)\" \/>\n<meta property=\"og:description\" content=\"Wij hebben een ruime keuze aan producten van Calcium citrate avec vitamine D3 de Solgar (120 comprim\u00e9s) . Winkel bij Eco Supplements altijd gratis verzending boven 100\u20ac\" \/>\n<meta property=\"og:url\" content=\"https:\/\/ecosupplements.be\/fr\/produit\/solgar-calcium-citrate-with-vitamin-d3-120-tabs\/\" \/>\n<meta property=\"og:site_name\" content=\"ECO Supplements\" \/>\n<meta property=\"article:modified_time\" content=\"2025-08-28T03:39:28+00:00\" \/>\n<meta property=\"og:image\" content=\"https:\/\/ecosupplements.be\/wp-content\/uploads\/2025\/08\/Solgar-SOLGAR-Calcium-Citrate-with-Vitamin-D3-120-tabs.png\" \/>\n\t<meta property=\"og:image:width\" content=\"367\" \/>\n\t<meta property=\"og:image:height\" content=\"371\" \/>\n\t<meta property=\"og:image:type\" content=\"image\/jpeg\" \/>\n<meta name=\"twitter:card\" content=\"summary_large_image\" \/>\n<meta name=\"twitter:label1\" content=\"Prix\" \/>\n\t<meta name=\"twitter:data1\" content=\"20.45&nbsp;&euro;\" \/>\n\t<meta name=\"twitter:label2\" content=\"Disponibilit\u00e9\" \/>\n\t<meta name=\"twitter:data2\" content=\"En stock\" \/>\n<script type=\"application\/ld+json\" class=\"yoast-schema-graph\">{\"@context\":\"https:\\\/\\\/schema.org\",\"@graph\":[{\"@type\":[\"WebPage\",\"ItemPage\"],\"@id\":\"https:\\\/\\\/ecosupplements.be\\\/fr\\\/produit\\\/solgar-calcium-citrate-with-vitamin-d3-120-tabs\\\/\",\"url\":\"https:\\\/\\\/ecosupplements.be\\\/fr\\\/produit\\\/solgar-calcium-citrate-with-vitamin-d3-120-tabs\\\/\",\"name\":\"Calcium citrate avec vitamine D3 de Solgar (120 comprim\u00e9s) - ECO Supplements\",\"isPartOf\":{\"@id\":\"https:\\\/\\\/ecosupplements.be\\\/fr\\\/#website\"},\"primaryImageOfPage\":{\"@id\":\"https:\\\/\\\/ecosupplements.be\\\/fr\\\/produit\\\/solgar-calcium-citrate-with-vitamin-d3-120-tabs\\\/#primaryimage\"},\"image\":{\"@id\":\"https:\\\/\\\/ecosupplements.be\\\/fr\\\/produit\\\/solgar-calcium-citrate-with-vitamin-d3-120-tabs\\\/#primaryimage\"},\"thumbnailUrl\":\"https:\\\/\\\/ecosupplements.be\\\/wp-content\\\/uploads\\\/2025\\\/08\\\/SOLGAR-Calcium-Citrate-with-Vitamin-D3-120-tabs.png\",\"datePublished\":\"2025-07-28T12:45:13+00:00\",\"dateModified\":\"2025-08-28T03:39:28+00:00\",\"description\":\"Wij hebben een ruime keuze aan producten van Calcium citrate avec vitamine D3 de Solgar (120 comprim\u00e9s) . Winkel bij Eco Supplements altijd gratis verzending boven 100\u20ac\",\"breadcrumb\":{\"@id\":\"https:\\\/\\\/ecosupplements.be\\\/fr\\\/produit\\\/solgar-calcium-citrate-with-vitamin-d3-120-tabs\\\/#breadcrumb\"},\"inLanguage\":\"fr-FR\",\"potentialAction\":[{\"@type\":\"ReadAction\",\"target\":[\"https:\\\/\\\/ecosupplements.be\\\/fr\\\/produit\\\/solgar-calcium-citrate-with-vitamin-d3-120-tabs\\\/\"]}]},{\"@type\":\"ImageObject\",\"inLanguage\":\"fr-FR\",\"@id\":\"https:\\\/\\\/ecosupplements.be\\\/fr\\\/produit\\\/solgar-calcium-citrate-with-vitamin-d3-120-tabs\\\/#primaryimage\",\"url\":\"https:\\\/\\\/ecosupplements.be\\\/wp-content\\\/uploads\\\/2025\\\/08\\\/SOLGAR-Calcium-Citrate-with-Vitamin-D3-120-tabs.png\",\"contentUrl\":\"https:\\\/\\\/ecosupplements.be\\\/wp-content\\\/uploads\\\/2025\\\/08\\\/SOLGAR-Calcium-Citrate-with-Vitamin-D3-120-tabs.png\",\"width\":367,\"height\":371},{\"@type\":\"BreadcrumbList\",\"@id\":\"https:\\\/\\\/ecosupplements.be\\\/fr\\\/produit\\\/solgar-calcium-citrate-with-vitamin-d3-120-tabs\\\/#breadcrumb\",\"itemListElement\":[{\"@type\":\"ListItem\",\"position\":1,\"name\":\"Home\",\"item\":\"https:\\\/\\\/ecosupplements.be\\\/fr\\\/\"},{\"@type\":\"ListItem\",\"position\":2,\"name\":\"Boutique\",\"item\":\"https:\\\/\\\/ecosupplements.be\\\/fr\\\/boutique\\\/\"},{\"@type\":\"ListItem\",\"position\":3,\"name\":\"Calcium citrate avec vitamine D3 de Solgar (120 comprim\u00e9s)\"}]},{\"@type\":\"WebSite\",\"@id\":\"https:\\\/\\\/ecosupplements.be\\\/fr\\\/#website\",\"url\":\"https:\\\/\\\/ecosupplements.be\\\/fr\\\/\",\"name\":\"ECO Supplements\",\"description\":\"Eco Supplements - Gezonde supplementen\",\"publisher\":{\"@id\":\"https:\\\/\\\/ecosupplements.be\\\/fr\\\/#organization\"},\"potentialAction\":[{\"@type\":\"SearchAction\",\"target\":{\"@type\":\"EntryPoint\",\"urlTemplate\":\"https:\\\/\\\/ecosupplements.be\\\/fr\\\/?s={search_term_string}\"},\"query-input\":{\"@type\":\"PropertyValueSpecification\",\"valueRequired\":true,\"valueName\":\"search_term_string\"}}],\"inLanguage\":\"fr-FR\"},{\"@type\":\"Organization\",\"@id\":\"https:\\\/\\\/ecosupplements.be\\\/fr\\\/#organization\",\"name\":\"Eco Supplements\",\"url\":\"https:\\\/\\\/ecosupplements.be\\\/fr\\\/\",\"logo\":{\"@type\":\"ImageObject\",\"inLanguage\":\"fr-FR\",\"@id\":\"https:\\\/\\\/ecosupplements.be\\\/fr\\\/#\\\/schema\\\/logo\\\/image\\\/\",\"url\":\"https:\\\/\\\/ecosupplements.be\\\/wp-content\\\/uploads\\\/2022\\\/06\\\/ecosupplement-family.png\",\"contentUrl\":\"https:\\\/\\\/ecosupplements.be\\\/wp-content\\\/uploads\\\/2022\\\/06\\\/ecosupplement-family.png\",\"width\":593,\"height\":374,\"caption\":\"Eco Supplements\"},\"image\":{\"@id\":\"https:\\\/\\\/ecosupplements.be\\\/fr\\\/#\\\/schema\\\/logo\\\/image\\\/\"}}]}<\/script>\n<meta property=\"product:brand\" content=\"Solgar\" \/>\n<meta property=\"product:price:amount\" content=\"20.45\" \/>\n<meta property=\"product:price:currency\" content=\"EUR\" \/>\n<meta property=\"og:availability\" content=\"instock\" \/>\n<meta property=\"product:availability\" content=\"instock\" \/>\n<meta property=\"product:retailer_item_id\" content=\"033984004313\" \/>\n<meta property=\"product:condition\" content=\"new\" \/>\n<!-- \/ Yoast SEO Premium plugin. -->","yoast_head_json":{"title":"Calcium citrate avec vitamine D3 de Solgar (120 comprim\u00e9s) - ECO Supplements","description":"Wij hebben een ruime keuze aan producten van Calcium citrate avec vitamine D3 de Solgar (120 comprim\u00e9s) . Winkel bij Eco Supplements altijd gratis verzending boven 100\u20ac","robots":{"index":"index","follow":"follow","max-snippet":"max-snippet:-1","max-image-preview":"max-image-preview:large","max-video-preview":"max-video-preview:-1"},"canonical":"https:\/\/ecosupplements.be\/fr\/produit\/solgar-calcium-citrate-with-vitamin-d3-120-tabs\/","og_locale":"fr_FR","og_type":"article","og_title":"Calcium citrate avec vitamine D3 de Solgar (120 comprim\u00e9s)","og_description":"Wij hebben een ruime keuze aan producten van Calcium citrate avec vitamine D3 de Solgar (120 comprim\u00e9s) . Winkel bij Eco Supplements altijd gratis verzending boven 100\u20ac","og_url":"https:\/\/ecosupplements.be\/fr\/produit\/solgar-calcium-citrate-with-vitamin-d3-120-tabs\/","og_site_name":"ECO Supplements","article_modified_time":"2025-08-28T03:39:28+00:00","og_image":[{"width":367,"height":371,"url":"https:\/\/ecosupplements.be\/wp-content\/uploads\/2025\/08\/Solgar-SOLGAR-Calcium-Citrate-with-Vitamin-D3-120-tabs.png","type":"image\/jpeg"}],"twitter_card":"summary_large_image","twitter_misc":{"Prix":"20.45&nbsp;&euro;","Disponibilit\u00e9":"En stock"},"schema":{"@context":"https:\/\/schema.org","@graph":[{"@type":["WebPage","ItemPage"],"@id":"https:\/\/ecosupplements.be\/fr\/produit\/solgar-calcium-citrate-with-vitamin-d3-120-tabs\/","url":"https:\/\/ecosupplements.be\/fr\/produit\/solgar-calcium-citrate-with-vitamin-d3-120-tabs\/","name":"Calcium citrate avec vitamine D3 de Solgar (120 comprim\u00e9s) - ECO Supplements","isPartOf":{"@id":"https:\/\/ecosupplements.be\/fr\/#website"},"primaryImageOfPage":{"@id":"https:\/\/ecosupplements.be\/fr\/produit\/solgar-calcium-citrate-with-vitamin-d3-120-tabs\/#primaryimage"},"image":{"@id":"https:\/\/ecosupplements.be\/fr\/produit\/solgar-calcium-citrate-with-vitamin-d3-120-tabs\/#primaryimage"},"thumbnailUrl":"https:\/\/ecosupplements.be\/wp-content\/uploads\/2025\/08\/SOLGAR-Calcium-Citrate-with-Vitamin-D3-120-tabs.png","datePublished":"2025-07-28T12:45:13+00:00","dateModified":"2025-08-28T03:39:28+00:00","description":"Wij hebben een ruime keuze aan producten van Calcium citrate avec vitamine D3 de Solgar (120 comprim\u00e9s) . Winkel bij Eco Supplements altijd gratis verzending boven 100\u20ac","breadcrumb":{"@id":"https:\/\/ecosupplements.be\/fr\/produit\/solgar-calcium-citrate-with-vitamin-d3-120-tabs\/#breadcrumb"},"inLanguage":"fr-FR","potentialAction":[{"@type":"ReadAction","target":["https:\/\/ecosupplements.be\/fr\/produit\/solgar-calcium-citrate-with-vitamin-d3-120-tabs\/"]}]},{"@type":"ImageObject","inLanguage":"fr-FR","@id":"https:\/\/ecosupplements.be\/fr\/produit\/solgar-calcium-citrate-with-vitamin-d3-120-tabs\/#primaryimage","url":"https:\/\/ecosupplements.be\/wp-content\/uploads\/2025\/08\/SOLGAR-Calcium-Citrate-with-Vitamin-D3-120-tabs.png","contentUrl":"https:\/\/ecosupplements.be\/wp-content\/uploads\/2025\/08\/SOLGAR-Calcium-Citrate-with-Vitamin-D3-120-tabs.png","width":367,"height":371},{"@type":"BreadcrumbList","@id":"https:\/\/ecosupplements.be\/fr\/produit\/solgar-calcium-citrate-with-vitamin-d3-120-tabs\/#breadcrumb","itemListElement":[{"@type":"ListItem","position":1,"name":"Home","item":"https:\/\/ecosupplements.be\/fr\/"},{"@type":"ListItem","position":2,"name":"Boutique","item":"https:\/\/ecosupplements.be\/fr\/boutique\/"},{"@type":"ListItem","position":3,"name":"Calcium citrate avec vitamine D3 de Solgar (120 comprim\u00e9s)"}]},{"@type":"WebSite","@id":"https:\/\/ecosupplements.be\/fr\/#website","url":"https:\/\/ecosupplements.be\/fr\/","name":"ECO Supplements","description":"Eco Supplements - Gezonde supplementen","publisher":{"@id":"https:\/\/ecosupplements.be\/fr\/#organization"},"potentialAction":[{"@type":"SearchAction","target":{"@type":"EntryPoint","urlTemplate":"https:\/\/ecosupplements.be\/fr\/?s={search_term_string}"},"query-input":{"@type":"PropertyValueSpecification","valueRequired":true,"valueName":"search_term_string"}}],"inLanguage":"fr-FR"},{"@type":"Organization","@id":"https:\/\/ecosupplements.be\/fr\/#organization","name":"Eco Supplements","url":"https:\/\/ecosupplements.be\/fr\/","logo":{"@type":"ImageObject","inLanguage":"fr-FR","@id":"https:\/\/ecosupplements.be\/fr\/#\/schema\/logo\/image\/","url":"https:\/\/ecosupplements.be\/wp-content\/uploads\/2022\/06\/ecosupplement-family.png","contentUrl":"https:\/\/ecosupplements.be\/wp-content\/uploads\/2022\/06\/ecosupplement-family.png","width":593,"height":374,"caption":"Eco Supplements"},"image":{"@id":"https:\/\/ecosupplements.be\/fr\/#\/schema\/logo\/image\/"}}]},"product_brand":"Solgar","product_price_amount":"20.45","product_price_currency":"EUR","og_availability":"instock","product_availability":"instock","product_retailer_item_id":"033984004313","product_condition":"new"},"_links":{"self":[{"href":"https:\/\/ecosupplements.be\/fr\/wp-json\/wp\/v2\/product\/305409","targetHints":{"allow":["GET"]}}],"collection":[{"href":"https:\/\/ecosupplements.be\/fr\/wp-json\/wp\/v2\/product"}],"about":[{"href":"https:\/\/ecosupplements.be\/fr\/wp-json\/wp\/v2\/types\/product"}],"replies":[{"embeddable":true,"href":"https:\/\/ecosupplements.be\/fr\/wp-json\/wp\/v2\/comments?post=305409"}],"wp:featuredmedia":[{"embeddable":true,"href":"https:\/\/ecosupplements.be\/fr\/wp-json\/wp\/v2\/media\/279540"}],"wp:attachment":[{"href":"https:\/\/ecosupplements.be\/fr\/wp-json\/wp\/v2\/media?parent=305409"}],"wp:term":[{"taxonomy":"product_brand","embeddable":true,"href":"https:\/\/ecosupplements.be\/fr\/wp-json\/wp\/v2\/product_brand?post=305409"},{"taxonomy":"product_cat","embeddable":true,"href":"https:\/\/ecosupplements.be\/fr\/wp-json\/wp\/v2\/product_cat?post=305409"},{"taxonomy":"product_tag","embeddable":true,"href":"https:\/\/ecosupplements.be\/fr\/wp-json\/wp\/v2\/product_tag?post=305409"}],"curies":[{"name":"wp","href":"https:\/\/api.w.org\/{rel}","templated":true}]}}