{"id":305442,"date":"2025-07-28T14:30:25","date_gmt":"2025-07-28T13:30:25","guid":{"rendered":"https:\/\/ecosupplements.be\/product\/now-foods-psyllium-husks-whole-680-g-24-oz\/"},"modified":"2025-08-28T04:40:17","modified_gmt":"2025-08-28T03:40:17","slug":"now-foods-psyllium-husks-whole-680-g-24-oz","status":"publish","type":"product","link":"https:\/\/ecosupplements.be\/fr\/produit\/now-foods-psyllium-husks-whole-680-g-24-oz\/","title":{"rendered":"NOW FOODS Enveloppes de Psyllium Enti\u00e8res (680 g \/ 24 oz)"},"content":{"rendered":"<p><strong>Nom du produit :<\/strong> NOW FOODS Psyllium Husks Whole (680 g \/ 24 oz)<\/p>\n<p><strong>Ingr\u00e9dients principaux :<\/strong> T\u00e9guments entiers de psyllium (Plantago psyllium L.).<\/p>\n<p>Ce produit est compos\u00e9 exclusivement de t\u00e9guments de psyllium, une source naturelle et pure. Il est id\u00e9al pour ceux qui cherchent \u00e0 int\u00e9grer des ingr\u00e9dients naturels dans leur quotidien.<\/p>\n<p><strong>Contenu et emballage :<\/strong> Le produit est conditionn\u00e9 dans un sachet pratique de 680 grammes, soit environ 24 onces.<\/p>\n<p><strong>Utilisation :<\/strong> M\u00e9langer vigoureusement 1 \u00e0 2 mesures plates (15 ml chacune) avec au moins 350 ml d&#8217;eau ou de jus et consommer imm\u00e9diatement, une fois par jour. Il est conseill\u00e9 d&#8217;augmenter progressivement la quantit\u00e9 jusqu&#8217;\u00e0 deux mesures plates sur plusieurs semaines. Ne pas d\u00e9passer la dose journali\u00e8re recommand\u00e9e.<\/p>\n<p><strong>Caract\u00e9ristiques pratiques :<\/strong> Ce produit se m\u00e9lange facilement avec des liquides pour une utilisation simple au quotidien. Il convient parfaitement aux personnes appr\u00e9ciant les solutions pratiques et naturelles.<\/p>\n<p><em>Note : Ce compl\u00e9ment alimentaire doit \u00eatre pris avec suffisamment de liquide pour \u00e9viter tout risque d&#8217;inconfort. Commencer par des doses plus faibles et augmenter progressivement selon les besoins personnels sans d\u00e9passer la dose recommand\u00e9e.<\/em><\/p>\n<p><em>Ce produit ne contient ni levure, bl\u00e9, gluten, soja, ma\u00efs, lait, \u0153uf, poisson ou fruits \u00e0 coque. Produit dans un \u00e9tablissement respectant les bonnes pratiques de fabrication (GMP) qui traite d&#8217;autres ingr\u00e9dients contenant ces allerg\u00e8nes.<\/em><\/p>\n","protected":false},"excerpt":{"rendered":"<p>Nom du produit : NOW FOODS Psyllium Husks Whole (680 g \/ 24 oz) Ingr\u00e9dients principaux : T\u00e9guments entiers de psyllium (Plantago psyllium L.). Ce produit est compos\u00e9 exclusivement de t\u00e9guments de psyllium, une source naturelle et pure. Il est id\u00e9al pour ceux qui cherchent \u00e0 int\u00e9grer des ingr\u00e9dients naturels dans leur quotidien. Contenu et [&#8230;]\n","protected":false},"featured_media":279573,"comment_status":"closed","ping_status":"open","template":"","meta":[],"product_brand":[4733],"product_cat":[5052,5094,5053],"product_tag":[],"class_list":{"0":"post-305442","1":"product","2":"type-product","3":"status-publish","4":"has-post-thumbnail","6":"product_brand-now-foods-2","7":"product_cat-sante-et-bien-etre","8":"product_cat-supplements-a-base-de-plantes","9":"product_cat-vitamines-et-mineraux","11":"first","12":"instock","13":"taxable","14":"shipping-taxable","15":"purchasable","16":"product-type-simple"},"yoast_head":"<!-- This site is optimized with the Yoast SEO Premium plugin v27.3 (Yoast SEO v27.3) - https:\/\/yoast.com\/product\/yoast-seo-premium-wordpress\/ -->\n<title>NOW FOODS Enveloppes de Psyllium Enti\u00e8res (680 g \/ 24 oz) - ECO Supplements<\/title>\n<meta name=\"description\" content=\"Wij hebben een ruime keuze aan producten van NOW FOODS Enveloppes de Psyllium Enti\u00e8res (680 g \/ 24 oz) . Winkel bij Eco Supplements altijd gratis verzending boven 100\u20ac\" \/>\n<meta name=\"robots\" content=\"index, follow, max-snippet:-1, max-image-preview:large, max-video-preview:-1\" \/>\n<link rel=\"canonical\" href=\"https:\/\/ecosupplements.be\/fr\/produit\/now-foods-psyllium-husks-whole-680-g-24-oz\/\" \/>\n<meta property=\"og:locale\" content=\"fr_FR\" \/>\n<meta property=\"og:type\" content=\"article\" \/>\n<meta property=\"og:title\" content=\"NOW FOODS Enveloppes de Psyllium Enti\u00e8res (680 g \/ 24 oz)\" \/>\n<meta property=\"og:description\" content=\"Wij hebben een ruime keuze aan producten van NOW FOODS Enveloppes de Psyllium Enti\u00e8res (680 g \/ 24 oz) . Winkel bij Eco Supplements altijd gratis verzending boven 100\u20ac\" \/>\n<meta property=\"og:url\" content=\"https:\/\/ecosupplements.be\/fr\/produit\/now-foods-psyllium-husks-whole-680-g-24-oz\/\" \/>\n<meta property=\"og:site_name\" content=\"ECO Supplements\" \/>\n<meta property=\"article:modified_time\" content=\"2025-08-28T03:40:17+00:00\" \/>\n<meta property=\"og:image\" content=\"https:\/\/ecosupplements.be\/wp-content\/uploads\/2025\/08\/NOW-Foods-NOW-FOODS-Psyllium-Husks-Whole-680-g-24-oz.png\" \/>\n\t<meta property=\"og:image:width\" content=\"456\" \/>\n\t<meta property=\"og:image:height\" content=\"880\" \/>\n\t<meta property=\"og:image:type\" content=\"image\/jpeg\" \/>\n<meta name=\"twitter:card\" content=\"summary_large_image\" \/>\n<meta name=\"twitter:label1\" content=\"Prix\" \/>\n\t<meta name=\"twitter:data1\" content=\"27.15&nbsp;&euro;\" \/>\n\t<meta name=\"twitter:label2\" content=\"Disponibilit\u00e9\" \/>\n\t<meta name=\"twitter:data2\" content=\"En stock\" \/>\n<script type=\"application\/ld+json\" class=\"yoast-schema-graph\">{\"@context\":\"https:\\\/\\\/schema.org\",\"@graph\":[{\"@type\":[\"WebPage\",\"ItemPage\"],\"@id\":\"https:\\\/\\\/ecosupplements.be\\\/fr\\\/produit\\\/now-foods-psyllium-husks-whole-680-g-24-oz\\\/\",\"url\":\"https:\\\/\\\/ecosupplements.be\\\/fr\\\/produit\\\/now-foods-psyllium-husks-whole-680-g-24-oz\\\/\",\"name\":\"NOW FOODS Enveloppes de Psyllium Enti\u00e8res (680 g \\\/ 24 oz) - ECO Supplements\",\"isPartOf\":{\"@id\":\"https:\\\/\\\/ecosupplements.be\\\/fr\\\/#website\"},\"primaryImageOfPage\":{\"@id\":\"https:\\\/\\\/ecosupplements.be\\\/fr\\\/produit\\\/now-foods-psyllium-husks-whole-680-g-24-oz\\\/#primaryimage\"},\"image\":{\"@id\":\"https:\\\/\\\/ecosupplements.be\\\/fr\\\/produit\\\/now-foods-psyllium-husks-whole-680-g-24-oz\\\/#primaryimage\"},\"thumbnailUrl\":\"https:\\\/\\\/ecosupplements.be\\\/wp-content\\\/uploads\\\/2025\\\/08\\\/NOW-FOODS-Psyllium-Husks-Whole-680-g-24-oz.png\",\"datePublished\":\"2025-07-28T13:30:25+00:00\",\"dateModified\":\"2025-08-28T03:40:17+00:00\",\"description\":\"Wij hebben een ruime keuze aan producten van NOW FOODS Enveloppes de Psyllium Enti\u00e8res (680 g \\\/ 24 oz) . Winkel bij Eco Supplements altijd gratis verzending boven 100\u20ac\",\"breadcrumb\":{\"@id\":\"https:\\\/\\\/ecosupplements.be\\\/fr\\\/produit\\\/now-foods-psyllium-husks-whole-680-g-24-oz\\\/#breadcrumb\"},\"inLanguage\":\"fr-FR\",\"potentialAction\":[{\"@type\":\"ReadAction\",\"target\":[\"https:\\\/\\\/ecosupplements.be\\\/fr\\\/produit\\\/now-foods-psyllium-husks-whole-680-g-24-oz\\\/\"]}]},{\"@type\":\"ImageObject\",\"inLanguage\":\"fr-FR\",\"@id\":\"https:\\\/\\\/ecosupplements.be\\\/fr\\\/produit\\\/now-foods-psyllium-husks-whole-680-g-24-oz\\\/#primaryimage\",\"url\":\"https:\\\/\\\/ecosupplements.be\\\/wp-content\\\/uploads\\\/2025\\\/08\\\/NOW-FOODS-Psyllium-Husks-Whole-680-g-24-oz.png\",\"contentUrl\":\"https:\\\/\\\/ecosupplements.be\\\/wp-content\\\/uploads\\\/2025\\\/08\\\/NOW-FOODS-Psyllium-Husks-Whole-680-g-24-oz.png\",\"width\":456,\"height\":880},{\"@type\":\"BreadcrumbList\",\"@id\":\"https:\\\/\\\/ecosupplements.be\\\/fr\\\/produit\\\/now-foods-psyllium-husks-whole-680-g-24-oz\\\/#breadcrumb\",\"itemListElement\":[{\"@type\":\"ListItem\",\"position\":1,\"name\":\"Home\",\"item\":\"https:\\\/\\\/ecosupplements.be\\\/fr\\\/\"},{\"@type\":\"ListItem\",\"position\":2,\"name\":\"Boutique\",\"item\":\"https:\\\/\\\/ecosupplements.be\\\/fr\\\/boutique\\\/\"},{\"@type\":\"ListItem\",\"position\":3,\"name\":\"NOW FOODS Enveloppes de Psyllium Enti\u00e8res (680 g \\\/ 24 oz)\"}]},{\"@type\":\"WebSite\",\"@id\":\"https:\\\/\\\/ecosupplements.be\\\/fr\\\/#website\",\"url\":\"https:\\\/\\\/ecosupplements.be\\\/fr\\\/\",\"name\":\"ECO Supplements\",\"description\":\"Eco Supplements - Gezonde supplementen\",\"publisher\":{\"@id\":\"https:\\\/\\\/ecosupplements.be\\\/fr\\\/#organization\"},\"potentialAction\":[{\"@type\":\"SearchAction\",\"target\":{\"@type\":\"EntryPoint\",\"urlTemplate\":\"https:\\\/\\\/ecosupplements.be\\\/fr\\\/?s={search_term_string}\"},\"query-input\":{\"@type\":\"PropertyValueSpecification\",\"valueRequired\":true,\"valueName\":\"search_term_string\"}}],\"inLanguage\":\"fr-FR\"},{\"@type\":\"Organization\",\"@id\":\"https:\\\/\\\/ecosupplements.be\\\/fr\\\/#organization\",\"name\":\"Eco Supplements\",\"url\":\"https:\\\/\\\/ecosupplements.be\\\/fr\\\/\",\"logo\":{\"@type\":\"ImageObject\",\"inLanguage\":\"fr-FR\",\"@id\":\"https:\\\/\\\/ecosupplements.be\\\/fr\\\/#\\\/schema\\\/logo\\\/image\\\/\",\"url\":\"https:\\\/\\\/ecosupplements.be\\\/wp-content\\\/uploads\\\/2022\\\/06\\\/ecosupplement-family.png\",\"contentUrl\":\"https:\\\/\\\/ecosupplements.be\\\/wp-content\\\/uploads\\\/2022\\\/06\\\/ecosupplement-family.png\",\"width\":593,\"height\":374,\"caption\":\"Eco Supplements\"},\"image\":{\"@id\":\"https:\\\/\\\/ecosupplements.be\\\/fr\\\/#\\\/schema\\\/logo\\\/image\\\/\"}}]}<\/script>\n<meta property=\"product:brand\" content=\"NOW Foods\" \/>\n<meta property=\"product:price:amount\" content=\"27.15\" \/>\n<meta property=\"product:price:currency\" content=\"EUR\" \/>\n<meta property=\"og:availability\" content=\"instock\" \/>\n<meta property=\"product:availability\" content=\"instock\" \/>\n<meta property=\"product:retailer_item_id\" content=\"733739059826\" \/>\n<meta property=\"product:condition\" content=\"new\" \/>\n<!-- \/ Yoast SEO Premium plugin. -->","yoast_head_json":{"title":"NOW FOODS Enveloppes de Psyllium Enti\u00e8res (680 g \/ 24 oz) - ECO Supplements","description":"Wij hebben een ruime keuze aan producten van NOW FOODS Enveloppes de Psyllium Enti\u00e8res (680 g \/ 24 oz) . Winkel bij Eco Supplements altijd gratis verzending boven 100\u20ac","robots":{"index":"index","follow":"follow","max-snippet":"max-snippet:-1","max-image-preview":"max-image-preview:large","max-video-preview":"max-video-preview:-1"},"canonical":"https:\/\/ecosupplements.be\/fr\/produit\/now-foods-psyllium-husks-whole-680-g-24-oz\/","og_locale":"fr_FR","og_type":"article","og_title":"NOW FOODS Enveloppes de Psyllium Enti\u00e8res (680 g \/ 24 oz)","og_description":"Wij hebben een ruime keuze aan producten van NOW FOODS Enveloppes de Psyllium Enti\u00e8res (680 g \/ 24 oz) . Winkel bij Eco Supplements altijd gratis verzending boven 100\u20ac","og_url":"https:\/\/ecosupplements.be\/fr\/produit\/now-foods-psyllium-husks-whole-680-g-24-oz\/","og_site_name":"ECO Supplements","article_modified_time":"2025-08-28T03:40:17+00:00","og_image":[{"width":456,"height":880,"url":"https:\/\/ecosupplements.be\/wp-content\/uploads\/2025\/08\/NOW-Foods-NOW-FOODS-Psyllium-Husks-Whole-680-g-24-oz.png","type":"image\/jpeg"}],"twitter_card":"summary_large_image","twitter_misc":{"Prix":"27.15&nbsp;&euro;","Disponibilit\u00e9":"En stock"},"schema":{"@context":"https:\/\/schema.org","@graph":[{"@type":["WebPage","ItemPage"],"@id":"https:\/\/ecosupplements.be\/fr\/produit\/now-foods-psyllium-husks-whole-680-g-24-oz\/","url":"https:\/\/ecosupplements.be\/fr\/produit\/now-foods-psyllium-husks-whole-680-g-24-oz\/","name":"NOW FOODS Enveloppes de Psyllium Enti\u00e8res (680 g \/ 24 oz) - ECO Supplements","isPartOf":{"@id":"https:\/\/ecosupplements.be\/fr\/#website"},"primaryImageOfPage":{"@id":"https:\/\/ecosupplements.be\/fr\/produit\/now-foods-psyllium-husks-whole-680-g-24-oz\/#primaryimage"},"image":{"@id":"https:\/\/ecosupplements.be\/fr\/produit\/now-foods-psyllium-husks-whole-680-g-24-oz\/#primaryimage"},"thumbnailUrl":"https:\/\/ecosupplements.be\/wp-content\/uploads\/2025\/08\/NOW-FOODS-Psyllium-Husks-Whole-680-g-24-oz.png","datePublished":"2025-07-28T13:30:25+00:00","dateModified":"2025-08-28T03:40:17+00:00","description":"Wij hebben een ruime keuze aan producten van NOW FOODS Enveloppes de Psyllium Enti\u00e8res (680 g \/ 24 oz) . Winkel bij Eco Supplements altijd gratis verzending boven 100\u20ac","breadcrumb":{"@id":"https:\/\/ecosupplements.be\/fr\/produit\/now-foods-psyllium-husks-whole-680-g-24-oz\/#breadcrumb"},"inLanguage":"fr-FR","potentialAction":[{"@type":"ReadAction","target":["https:\/\/ecosupplements.be\/fr\/produit\/now-foods-psyllium-husks-whole-680-g-24-oz\/"]}]},{"@type":"ImageObject","inLanguage":"fr-FR","@id":"https:\/\/ecosupplements.be\/fr\/produit\/now-foods-psyllium-husks-whole-680-g-24-oz\/#primaryimage","url":"https:\/\/ecosupplements.be\/wp-content\/uploads\/2025\/08\/NOW-FOODS-Psyllium-Husks-Whole-680-g-24-oz.png","contentUrl":"https:\/\/ecosupplements.be\/wp-content\/uploads\/2025\/08\/NOW-FOODS-Psyllium-Husks-Whole-680-g-24-oz.png","width":456,"height":880},{"@type":"BreadcrumbList","@id":"https:\/\/ecosupplements.be\/fr\/produit\/now-foods-psyllium-husks-whole-680-g-24-oz\/#breadcrumb","itemListElement":[{"@type":"ListItem","position":1,"name":"Home","item":"https:\/\/ecosupplements.be\/fr\/"},{"@type":"ListItem","position":2,"name":"Boutique","item":"https:\/\/ecosupplements.be\/fr\/boutique\/"},{"@type":"ListItem","position":3,"name":"NOW FOODS Enveloppes de Psyllium Enti\u00e8res (680 g \/ 24 oz)"}]},{"@type":"WebSite","@id":"https:\/\/ecosupplements.be\/fr\/#website","url":"https:\/\/ecosupplements.be\/fr\/","name":"ECO Supplements","description":"Eco Supplements - Gezonde supplementen","publisher":{"@id":"https:\/\/ecosupplements.be\/fr\/#organization"},"potentialAction":[{"@type":"SearchAction","target":{"@type":"EntryPoint","urlTemplate":"https:\/\/ecosupplements.be\/fr\/?s={search_term_string}"},"query-input":{"@type":"PropertyValueSpecification","valueRequired":true,"valueName":"search_term_string"}}],"inLanguage":"fr-FR"},{"@type":"Organization","@id":"https:\/\/ecosupplements.be\/fr\/#organization","name":"Eco Supplements","url":"https:\/\/ecosupplements.be\/fr\/","logo":{"@type":"ImageObject","inLanguage":"fr-FR","@id":"https:\/\/ecosupplements.be\/fr\/#\/schema\/logo\/image\/","url":"https:\/\/ecosupplements.be\/wp-content\/uploads\/2022\/06\/ecosupplement-family.png","contentUrl":"https:\/\/ecosupplements.be\/wp-content\/uploads\/2022\/06\/ecosupplement-family.png","width":593,"height":374,"caption":"Eco Supplements"},"image":{"@id":"https:\/\/ecosupplements.be\/fr\/#\/schema\/logo\/image\/"}}]},"product_brand":"NOW Foods","product_price_amount":"27.15","product_price_currency":"EUR","og_availability":"instock","product_availability":"instock","product_retailer_item_id":"733739059826","product_condition":"new"},"_links":{"self":[{"href":"https:\/\/ecosupplements.be\/fr\/wp-json\/wp\/v2\/product\/305442","targetHints":{"allow":["GET"]}}],"collection":[{"href":"https:\/\/ecosupplements.be\/fr\/wp-json\/wp\/v2\/product"}],"about":[{"href":"https:\/\/ecosupplements.be\/fr\/wp-json\/wp\/v2\/types\/product"}],"replies":[{"embeddable":true,"href":"https:\/\/ecosupplements.be\/fr\/wp-json\/wp\/v2\/comments?post=305442"}],"wp:featuredmedia":[{"embeddable":true,"href":"https:\/\/ecosupplements.be\/fr\/wp-json\/wp\/v2\/media\/279573"}],"wp:attachment":[{"href":"https:\/\/ecosupplements.be\/fr\/wp-json\/wp\/v2\/media?parent=305442"}],"wp:term":[{"taxonomy":"product_brand","embeddable":true,"href":"https:\/\/ecosupplements.be\/fr\/wp-json\/wp\/v2\/product_brand?post=305442"},{"taxonomy":"product_cat","embeddable":true,"href":"https:\/\/ecosupplements.be\/fr\/wp-json\/wp\/v2\/product_cat?post=305442"},{"taxonomy":"product_tag","embeddable":true,"href":"https:\/\/ecosupplements.be\/fr\/wp-json\/wp\/v2\/product_tag?post=305442"}],"curies":[{"name":"wp","href":"https:\/\/api.w.org\/{rel}","templated":true}]}}