{"id":305454,"date":"2025-07-28T14:45:13","date_gmt":"2025-07-28T13:45:13","guid":{"rendered":"https:\/\/ecosupplements.be\/product\/now-foods-sodium-ascorbate-powder-1361-g-3-lbs\/"},"modified":"2025-08-28T04:40:29","modified_gmt":"2025-08-28T03:40:29","slug":"now-foods-sodium-ascorbate-powder-1361-g-3-lbs","status":"publish","type":"product","link":"https:\/\/ecosupplements.be\/fr\/produit\/now-foods-sodium-ascorbate-powder-1361-g-3-lbs\/","title":{"rendered":"Poudre de Vitamine C Ascorbate de Sodium NOW FOODS (1361 g \/ 3 lbs.)"},"content":{"rendered":"<p><strong>Nom du produit :<\/strong> NOW FOODS Sodium Ascorbate Powder (1361 g \/ 3 lbs.)<\/p>\n<p><strong>Ingr\u00e9dients principaux :<\/strong> Vitamine C (sous forme de L-ascorbate de sodium).<\/p>\n<p>Ce produit se pr\u00e9sente sous forme de poudre, offrant une m\u00e9thode simple et pratique pour int\u00e9grer cet ingr\u00e9dient d&#8217;origine naturelle \u00e0 votre quotidien. Chaque emballage contient 1361 g (3 lbs.) de poudre, assurant une utilisation durable.<\/p>\n<p><strong>Utilisation :<\/strong> La dose recommand\u00e9e est d&#8217;une mesure (ou 1\/3 d&#8217;une cuill\u00e8re \u00e0 caf\u00e9 plate) par jour. Dissolvez simplement cette quantit\u00e9 dans un verre d&#8217;eau et consommez imm\u00e9diatement apr\u00e8s pr\u00e9paration.<\/p>\n<p>Cette poudre est appr\u00e9ci\u00e9e pour sa grande puret\u00e9 et son origine naturelle, sans ajout de levures, bl\u00e9, gluten, soja, lait, \u0153ufs, poissons ou crustac\u00e9s. Elle convient parfaitement aux v\u00e9gans et est produite dans un \u00e9tablissement respectant les normes GMP qui traite \u00e9galement d&#8217;autres ingr\u00e9dients susceptibles de contenir ces allerg\u00e8nes.<\/p>\n<p><strong>Caract\u00e9ristiques pratiques :<\/strong> Le format en poudre permet une dissolution facile et rapide dans l&#8217;eau ou toute autre boisson de votre choix. Ce produit est id\u00e9al pour ceux qui cherchent \u00e0 incorporer des composants naturels dans leur routine quotidienne sans complication.<\/p>\n<p>Pour maintenir la qualit\u00e9 optimale du produit, conservez-le dans un endroit sec et \u00e0 l&#8217;abri du soleil avec une temp\u00e9rature ne d\u00e9passant pas 25\u00b0C.Assurez-vous que le suppl\u00e9ment reste hors de port\u00e9e des enfants.<\/p>\n","protected":false},"excerpt":{"rendered":"<p>Nom du produit : NOW FOODS Sodium Ascorbate Powder (1361 g \/ 3 lbs.) Ingr\u00e9dients principaux : Vitamine C (sous forme de L-ascorbate de sodium). Ce produit se pr\u00e9sente sous forme de poudre, offrant une m\u00e9thode simple et pratique pour int\u00e9grer cet ingr\u00e9dient d&#8217;origine naturelle \u00e0 votre quotidien. Chaque emballage contient 1361 g (3 lbs.) [&#8230;]\n","protected":false},"featured_media":279585,"comment_status":"closed","ping_status":"open","template":"","meta":[],"product_brand":[4733],"product_cat":[5053,5059],"product_tag":[],"class_list":{"0":"post-305454","1":"product","2":"type-product","3":"status-publish","4":"has-post-thumbnail","6":"product_brand-now-foods-2","7":"product_cat-vitamines-et-mineraux","8":"product_cat-vitamines-simples","10":"first","11":"instock","12":"taxable","13":"shipping-taxable","14":"purchasable","15":"product-type-simple"},"yoast_head":"<!-- This site is optimized with the Yoast SEO Premium plugin v27.3 (Yoast SEO v27.3) - https:\/\/yoast.com\/product\/yoast-seo-premium-wordpress\/ -->\n<title>Poudre de Vitamine C Ascorbate de Sodium NOW FOODS (1361 g \/ 3 lbs.) - ECO Supplements<\/title>\n<meta name=\"description\" content=\"Wij hebben een ruime keuze aan producten van Poudre de Vitamine C Ascorbate de Sodium NOW FOODS (1361 g \/ 3 lbs.) . Winkel bij Eco Supplements altijd gratis verzending boven 100\u20ac\" \/>\n<meta name=\"robots\" content=\"index, follow, max-snippet:-1, max-image-preview:large, max-video-preview:-1\" \/>\n<link rel=\"canonical\" href=\"https:\/\/ecosupplements.be\/fr\/produit\/now-foods-sodium-ascorbate-powder-1361-g-3-lbs\/\" \/>\n<meta property=\"og:locale\" content=\"fr_FR\" \/>\n<meta property=\"og:type\" content=\"article\" \/>\n<meta property=\"og:title\" content=\"Poudre de Vitamine C Ascorbate de Sodium NOW FOODS (1361 g \/ 3 lbs.)\" \/>\n<meta property=\"og:description\" content=\"Wij hebben een ruime keuze aan producten van Poudre de Vitamine C Ascorbate de Sodium NOW FOODS (1361 g \/ 3 lbs.) . Winkel bij Eco Supplements altijd gratis verzending boven 100\u20ac\" \/>\n<meta property=\"og:url\" content=\"https:\/\/ecosupplements.be\/fr\/produit\/now-foods-sodium-ascorbate-powder-1361-g-3-lbs\/\" \/>\n<meta property=\"og:site_name\" content=\"ECO Supplements\" \/>\n<meta property=\"article:modified_time\" content=\"2025-08-28T03:40:29+00:00\" \/>\n<meta property=\"og:image\" content=\"https:\/\/ecosupplements.be\/wp-content\/uploads\/2025\/08\/NOW-Foods-NOW-FOODS-Sodium-Ascorbate-Powder-1361-g-3-lbs.png\" \/>\n\t<meta property=\"og:image:width\" content=\"468\" \/>\n\t<meta property=\"og:image:height\" content=\"880\" \/>\n\t<meta property=\"og:image:type\" content=\"image\/jpeg\" \/>\n<meta name=\"twitter:card\" content=\"summary_large_image\" \/>\n<meta name=\"twitter:label1\" content=\"Prix\" \/>\n\t<meta name=\"twitter:data1\" content=\"59.47&nbsp;&euro;\" \/>\n\t<meta name=\"twitter:label2\" content=\"Disponibilit\u00e9\" \/>\n\t<meta name=\"twitter:data2\" content=\"En stock\" \/>\n<script type=\"application\/ld+json\" class=\"yoast-schema-graph\">{\"@context\":\"https:\\\/\\\/schema.org\",\"@graph\":[{\"@type\":[\"WebPage\",\"ItemPage\"],\"@id\":\"https:\\\/\\\/ecosupplements.be\\\/fr\\\/produit\\\/now-foods-sodium-ascorbate-powder-1361-g-3-lbs\\\/\",\"url\":\"https:\\\/\\\/ecosupplements.be\\\/fr\\\/produit\\\/now-foods-sodium-ascorbate-powder-1361-g-3-lbs\\\/\",\"name\":\"Poudre de Vitamine C Ascorbate de Sodium NOW FOODS (1361 g \\\/ 3 lbs.) - ECO Supplements\",\"isPartOf\":{\"@id\":\"https:\\\/\\\/ecosupplements.be\\\/fr\\\/#website\"},\"primaryImageOfPage\":{\"@id\":\"https:\\\/\\\/ecosupplements.be\\\/fr\\\/produit\\\/now-foods-sodium-ascorbate-powder-1361-g-3-lbs\\\/#primaryimage\"},\"image\":{\"@id\":\"https:\\\/\\\/ecosupplements.be\\\/fr\\\/produit\\\/now-foods-sodium-ascorbate-powder-1361-g-3-lbs\\\/#primaryimage\"},\"thumbnailUrl\":\"https:\\\/\\\/ecosupplements.be\\\/wp-content\\\/uploads\\\/2025\\\/08\\\/NOW-FOODS-Sodium-Ascorbate-Powder-1361-g-3-lbs.png\",\"datePublished\":\"2025-07-28T13:45:13+00:00\",\"dateModified\":\"2025-08-28T03:40:29+00:00\",\"description\":\"Wij hebben een ruime keuze aan producten van Poudre de Vitamine C Ascorbate de Sodium NOW FOODS (1361 g \\\/ 3 lbs.) . Winkel bij Eco Supplements altijd gratis verzending boven 100\u20ac\",\"breadcrumb\":{\"@id\":\"https:\\\/\\\/ecosupplements.be\\\/fr\\\/produit\\\/now-foods-sodium-ascorbate-powder-1361-g-3-lbs\\\/#breadcrumb\"},\"inLanguage\":\"fr-FR\",\"potentialAction\":[{\"@type\":\"ReadAction\",\"target\":[\"https:\\\/\\\/ecosupplements.be\\\/fr\\\/produit\\\/now-foods-sodium-ascorbate-powder-1361-g-3-lbs\\\/\"]}]},{\"@type\":\"ImageObject\",\"inLanguage\":\"fr-FR\",\"@id\":\"https:\\\/\\\/ecosupplements.be\\\/fr\\\/produit\\\/now-foods-sodium-ascorbate-powder-1361-g-3-lbs\\\/#primaryimage\",\"url\":\"https:\\\/\\\/ecosupplements.be\\\/wp-content\\\/uploads\\\/2025\\\/08\\\/NOW-FOODS-Sodium-Ascorbate-Powder-1361-g-3-lbs.png\",\"contentUrl\":\"https:\\\/\\\/ecosupplements.be\\\/wp-content\\\/uploads\\\/2025\\\/08\\\/NOW-FOODS-Sodium-Ascorbate-Powder-1361-g-3-lbs.png\",\"width\":468,\"height\":880},{\"@type\":\"BreadcrumbList\",\"@id\":\"https:\\\/\\\/ecosupplements.be\\\/fr\\\/produit\\\/now-foods-sodium-ascorbate-powder-1361-g-3-lbs\\\/#breadcrumb\",\"itemListElement\":[{\"@type\":\"ListItem\",\"position\":1,\"name\":\"Home\",\"item\":\"https:\\\/\\\/ecosupplements.be\\\/fr\\\/\"},{\"@type\":\"ListItem\",\"position\":2,\"name\":\"Boutique\",\"item\":\"https:\\\/\\\/ecosupplements.be\\\/fr\\\/boutique\\\/\"},{\"@type\":\"ListItem\",\"position\":3,\"name\":\"Poudre de Vitamine C Ascorbate de Sodium NOW FOODS (1361 g \\\/ 3 lbs.)\"}]},{\"@type\":\"WebSite\",\"@id\":\"https:\\\/\\\/ecosupplements.be\\\/fr\\\/#website\",\"url\":\"https:\\\/\\\/ecosupplements.be\\\/fr\\\/\",\"name\":\"ECO Supplements\",\"description\":\"Eco Supplements - Gezonde supplementen\",\"publisher\":{\"@id\":\"https:\\\/\\\/ecosupplements.be\\\/fr\\\/#organization\"},\"potentialAction\":[{\"@type\":\"SearchAction\",\"target\":{\"@type\":\"EntryPoint\",\"urlTemplate\":\"https:\\\/\\\/ecosupplements.be\\\/fr\\\/?s={search_term_string}\"},\"query-input\":{\"@type\":\"PropertyValueSpecification\",\"valueRequired\":true,\"valueName\":\"search_term_string\"}}],\"inLanguage\":\"fr-FR\"},{\"@type\":\"Organization\",\"@id\":\"https:\\\/\\\/ecosupplements.be\\\/fr\\\/#organization\",\"name\":\"Eco Supplements\",\"url\":\"https:\\\/\\\/ecosupplements.be\\\/fr\\\/\",\"logo\":{\"@type\":\"ImageObject\",\"inLanguage\":\"fr-FR\",\"@id\":\"https:\\\/\\\/ecosupplements.be\\\/fr\\\/#\\\/schema\\\/logo\\\/image\\\/\",\"url\":\"https:\\\/\\\/ecosupplements.be\\\/wp-content\\\/uploads\\\/2022\\\/06\\\/ecosupplement-family.png\",\"contentUrl\":\"https:\\\/\\\/ecosupplements.be\\\/wp-content\\\/uploads\\\/2022\\\/06\\\/ecosupplement-family.png\",\"width\":593,\"height\":374,\"caption\":\"Eco Supplements\"},\"image\":{\"@id\":\"https:\\\/\\\/ecosupplements.be\\\/fr\\\/#\\\/schema\\\/logo\\\/image\\\/\"}}]}<\/script>\n<meta property=\"product:brand\" content=\"NOW Foods\" \/>\n<meta property=\"product:price:amount\" content=\"59.47\" \/>\n<meta property=\"product:price:currency\" content=\"EUR\" \/>\n<meta property=\"og:availability\" content=\"instock\" \/>\n<meta property=\"product:availability\" content=\"instock\" \/>\n<meta property=\"product:retailer_item_id\" content=\"733739007629\" \/>\n<meta property=\"product:condition\" content=\"new\" \/>\n<!-- \/ Yoast SEO Premium plugin. -->","yoast_head_json":{"title":"Poudre de Vitamine C Ascorbate de Sodium NOW FOODS (1361 g \/ 3 lbs.) - ECO Supplements","description":"Wij hebben een ruime keuze aan producten van Poudre de Vitamine C Ascorbate de Sodium NOW FOODS (1361 g \/ 3 lbs.) . Winkel bij Eco Supplements altijd gratis verzending boven 100\u20ac","robots":{"index":"index","follow":"follow","max-snippet":"max-snippet:-1","max-image-preview":"max-image-preview:large","max-video-preview":"max-video-preview:-1"},"canonical":"https:\/\/ecosupplements.be\/fr\/produit\/now-foods-sodium-ascorbate-powder-1361-g-3-lbs\/","og_locale":"fr_FR","og_type":"article","og_title":"Poudre de Vitamine C Ascorbate de Sodium NOW FOODS (1361 g \/ 3 lbs.)","og_description":"Wij hebben een ruime keuze aan producten van Poudre de Vitamine C Ascorbate de Sodium NOW FOODS (1361 g \/ 3 lbs.) . Winkel bij Eco Supplements altijd gratis verzending boven 100\u20ac","og_url":"https:\/\/ecosupplements.be\/fr\/produit\/now-foods-sodium-ascorbate-powder-1361-g-3-lbs\/","og_site_name":"ECO Supplements","article_modified_time":"2025-08-28T03:40:29+00:00","og_image":[{"width":468,"height":880,"url":"https:\/\/ecosupplements.be\/wp-content\/uploads\/2025\/08\/NOW-Foods-NOW-FOODS-Sodium-Ascorbate-Powder-1361-g-3-lbs.png","type":"image\/jpeg"}],"twitter_card":"summary_large_image","twitter_misc":{"Prix":"59.47&nbsp;&euro;","Disponibilit\u00e9":"En stock"},"schema":{"@context":"https:\/\/schema.org","@graph":[{"@type":["WebPage","ItemPage"],"@id":"https:\/\/ecosupplements.be\/fr\/produit\/now-foods-sodium-ascorbate-powder-1361-g-3-lbs\/","url":"https:\/\/ecosupplements.be\/fr\/produit\/now-foods-sodium-ascorbate-powder-1361-g-3-lbs\/","name":"Poudre de Vitamine C Ascorbate de Sodium NOW FOODS (1361 g \/ 3 lbs.) - ECO Supplements","isPartOf":{"@id":"https:\/\/ecosupplements.be\/fr\/#website"},"primaryImageOfPage":{"@id":"https:\/\/ecosupplements.be\/fr\/produit\/now-foods-sodium-ascorbate-powder-1361-g-3-lbs\/#primaryimage"},"image":{"@id":"https:\/\/ecosupplements.be\/fr\/produit\/now-foods-sodium-ascorbate-powder-1361-g-3-lbs\/#primaryimage"},"thumbnailUrl":"https:\/\/ecosupplements.be\/wp-content\/uploads\/2025\/08\/NOW-FOODS-Sodium-Ascorbate-Powder-1361-g-3-lbs.png","datePublished":"2025-07-28T13:45:13+00:00","dateModified":"2025-08-28T03:40:29+00:00","description":"Wij hebben een ruime keuze aan producten van Poudre de Vitamine C Ascorbate de Sodium NOW FOODS (1361 g \/ 3 lbs.) . Winkel bij Eco Supplements altijd gratis verzending boven 100\u20ac","breadcrumb":{"@id":"https:\/\/ecosupplements.be\/fr\/produit\/now-foods-sodium-ascorbate-powder-1361-g-3-lbs\/#breadcrumb"},"inLanguage":"fr-FR","potentialAction":[{"@type":"ReadAction","target":["https:\/\/ecosupplements.be\/fr\/produit\/now-foods-sodium-ascorbate-powder-1361-g-3-lbs\/"]}]},{"@type":"ImageObject","inLanguage":"fr-FR","@id":"https:\/\/ecosupplements.be\/fr\/produit\/now-foods-sodium-ascorbate-powder-1361-g-3-lbs\/#primaryimage","url":"https:\/\/ecosupplements.be\/wp-content\/uploads\/2025\/08\/NOW-FOODS-Sodium-Ascorbate-Powder-1361-g-3-lbs.png","contentUrl":"https:\/\/ecosupplements.be\/wp-content\/uploads\/2025\/08\/NOW-FOODS-Sodium-Ascorbate-Powder-1361-g-3-lbs.png","width":468,"height":880},{"@type":"BreadcrumbList","@id":"https:\/\/ecosupplements.be\/fr\/produit\/now-foods-sodium-ascorbate-powder-1361-g-3-lbs\/#breadcrumb","itemListElement":[{"@type":"ListItem","position":1,"name":"Home","item":"https:\/\/ecosupplements.be\/fr\/"},{"@type":"ListItem","position":2,"name":"Boutique","item":"https:\/\/ecosupplements.be\/fr\/boutique\/"},{"@type":"ListItem","position":3,"name":"Poudre de Vitamine C Ascorbate de Sodium NOW FOODS (1361 g \/ 3 lbs.)"}]},{"@type":"WebSite","@id":"https:\/\/ecosupplements.be\/fr\/#website","url":"https:\/\/ecosupplements.be\/fr\/","name":"ECO Supplements","description":"Eco Supplements - Gezonde supplementen","publisher":{"@id":"https:\/\/ecosupplements.be\/fr\/#organization"},"potentialAction":[{"@type":"SearchAction","target":{"@type":"EntryPoint","urlTemplate":"https:\/\/ecosupplements.be\/fr\/?s={search_term_string}"},"query-input":{"@type":"PropertyValueSpecification","valueRequired":true,"valueName":"search_term_string"}}],"inLanguage":"fr-FR"},{"@type":"Organization","@id":"https:\/\/ecosupplements.be\/fr\/#organization","name":"Eco Supplements","url":"https:\/\/ecosupplements.be\/fr\/","logo":{"@type":"ImageObject","inLanguage":"fr-FR","@id":"https:\/\/ecosupplements.be\/fr\/#\/schema\/logo\/image\/","url":"https:\/\/ecosupplements.be\/wp-content\/uploads\/2022\/06\/ecosupplement-family.png","contentUrl":"https:\/\/ecosupplements.be\/wp-content\/uploads\/2022\/06\/ecosupplement-family.png","width":593,"height":374,"caption":"Eco Supplements"},"image":{"@id":"https:\/\/ecosupplements.be\/fr\/#\/schema\/logo\/image\/"}}]},"product_brand":"NOW Foods","product_price_amount":"59.47","product_price_currency":"EUR","og_availability":"instock","product_availability":"instock","product_retailer_item_id":"733739007629","product_condition":"new"},"_links":{"self":[{"href":"https:\/\/ecosupplements.be\/fr\/wp-json\/wp\/v2\/product\/305454","targetHints":{"allow":["GET"]}}],"collection":[{"href":"https:\/\/ecosupplements.be\/fr\/wp-json\/wp\/v2\/product"}],"about":[{"href":"https:\/\/ecosupplements.be\/fr\/wp-json\/wp\/v2\/types\/product"}],"replies":[{"embeddable":true,"href":"https:\/\/ecosupplements.be\/fr\/wp-json\/wp\/v2\/comments?post=305454"}],"wp:featuredmedia":[{"embeddable":true,"href":"https:\/\/ecosupplements.be\/fr\/wp-json\/wp\/v2\/media\/279585"}],"wp:attachment":[{"href":"https:\/\/ecosupplements.be\/fr\/wp-json\/wp\/v2\/media?parent=305454"}],"wp:term":[{"taxonomy":"product_brand","embeddable":true,"href":"https:\/\/ecosupplements.be\/fr\/wp-json\/wp\/v2\/product_brand?post=305454"},{"taxonomy":"product_cat","embeddable":true,"href":"https:\/\/ecosupplements.be\/fr\/wp-json\/wp\/v2\/product_cat?post=305454"},{"taxonomy":"product_tag","embeddable":true,"href":"https:\/\/ecosupplements.be\/fr\/wp-json\/wp\/v2\/product_tag?post=305454"}],"curies":[{"name":"wp","href":"https:\/\/api.w.org\/{rel}","templated":true}]}}