{"id":305485,"date":"2025-07-28T15:15:14","date_gmt":"2025-07-28T14:15:14","guid":{"rendered":"https:\/\/ecosupplements.be\/product\/ostrovit-diet-rice-konjac-400-g\/"},"modified":"2025-08-28T04:41:04","modified_gmt":"2025-08-28T03:41:04","slug":"ostrovit-diet-rice-konjac-400-g","status":"publish","type":"product","link":"https:\/\/ecosupplements.be\/fr\/produit\/ostrovit-diet-rice-konjac-400-g\/","title":{"rendered":"Riz Konjac Di\u00e9t\u00e9tique OSTROVIT (400 g)"},"content":{"rendered":"<h1>OSTROVIT Diet Rice Konjac (400 g)<\/h1>\n<p>D\u00e9couvrez OSTROVIT diet Rice Konjac,un choix parfait pour ceux qui appr\u00e9cient les ingr\u00e9dients naturels dans un mode de vie actif. Ce produit est compos\u00e9 principalement d&#8217;eau et de konjac en poudre \u00e0 3%, avec un r\u00e9gulateur d&#8217;acidit\u00e9 \u00e0 base de citron pour maintenir la fra\u00eecheur et la qualit\u00e9.<\/p>\n<div>\n<h2>Ingr\u00e9dients<\/h2>\n<p>Ce riz di\u00e9t\u00e9tique inclut :<\/p>\n<ul>\n<li>Eau<\/li>\n<li>Konjac en poudre (3%)<\/li>\n<li>R\u00e9gulateur d&#8217;acidit\u00e9: Acide citrique<\/li>\n<\/ul>\n<p>Produit sans allerg\u00e8nes majeurs, sans gluten, sans prot\u00e9ines, ni sucre ajout\u00e9.Convient parfaitement aux v\u00e9gans et v\u00e9g\u00e9tariens gr\u00e2ce \u00e0 sa composition 100% v\u00e9g\u00e9tale.<\/p>\n<h2>Valeurs Nutritionnelles<\/h2>\n<table border=\"1\">\n<tbody>\n<tr>\n<th>valeur \u00e9nerg\u00e9tique par 100 g:<\/th>\n<td>26 kJ \/ 6 kcal<\/td>\n<\/tr>\n<tr>\n<td>Taux de lipides:<\/td>\n<td>&lt;0.01 g<\/td>\n<\/tr>\n<tr>\n<td>&#8211; dont acides gras satur\u00e9s:<\/td>\n<td>0 g<\/td>\n<\/tr>\n<tr>\n<td>Glucides:<\/td>\n<td>1.3 g<\/td>\n<\/tr>\n<tr>\n<td>&#8211; dont sucres:<\/td>\n<p><Td>0 g<\/Td><\/Tr>&lt;Tr<Td>Fibres alimentaires:&lt;\/Td&lt;Td\/Tr<br \/>\n                &gt;&lt;Tr&lt;Td&lt;Prot\u00e9ines:\/Td&lt;&lt;Td\/Tr<br \/>\n                    &gt;&lt;Tr&lt;&lt;Th&lt;Sel:\/Th&lt;&lt;Td\/TR<br \/>\n                        &gt;<\/Tbody>\/Table<\/p>\n<p>                            &lt;&lt;H2&lt;Mode D&#039;utilisation:\/H2&lt;<br \/>\n                                &lt;&lt;P&lt;Pour pr\u00e9parer ce riz di\u00e9t\u00e9tique :&lt;\/P&lt;<br \/>\n                                    &lt;&lt;Ul&lt;<br \/>\n                                        &lt;&lt;Li&lt;Ouvrir le paquet et \u00e9goutter l&#039;exc\u00e8s d&#039;eau.&lt;\/Li&lt;<br \/>\n                                            &lt;&lt;Li&lt;Rincer sous l&#039;eau courante pendant 2-3 minutes.&lt;\/Li&lt;<br \/>\n                                                &lt;&lt;Li&lt;Ajouter votre sauce favorite,faire sauter ou incorporer dans une soupe.&lt;\/LI&lt;LI&lt;Bonne d\u00e9gustation !\/LI&lt;&lt;\/UL&lt;&lt;&lt;P&lt;Gardez le produit dans un endroit sec et frais, \u00e0 l&#039;abri du soleil direct.\/P&lt;&lt;&lt;&lt;Div&lt;&lt;&lt;&lt;BR&lt;&lt;&lt;BR<\/p>\n","protected":false},"excerpt":{"rendered":"<p>OSTROVIT Diet Rice Konjac (400 g) D\u00e9couvrez OSTROVIT diet Rice Konjac,un choix parfait pour ceux qui appr\u00e9cient les ingr\u00e9dients naturels dans un mode de vie actif. Ce produit est compos\u00e9 principalement d&#8217;eau et de konjac en poudre \u00e0 3%, avec un r\u00e9gulateur d&#8217;acidit\u00e9 \u00e0 base de citron pour maintenir la fra\u00eecheur et la qualit\u00e9. Ingr\u00e9dients [&#8230;]\n","protected":false},"featured_media":279616,"comment_status":"closed","ping_status":"open","template":"","meta":[],"product_brand":[5326],"product_cat":[5054],"product_tag":[],"class_list":{"0":"post-305485","1":"product","2":"type-product","3":"status-publish","4":"has-post-thumbnail","6":"product_brand-ostrovit-2","7":"product_cat-nourriture-saine","9":"first","10":"instock","11":"taxable","12":"shipping-taxable","13":"purchasable","14":"product-type-simple"},"yoast_head":"<!-- This site is optimized with the Yoast SEO Premium plugin v27.3 (Yoast SEO v27.3) - https:\/\/yoast.com\/product\/yoast-seo-premium-wordpress\/ -->\n<title>Riz Konjac Di\u00e9t\u00e9tique OSTROVIT (400 g) - ECO Supplements<\/title>\n<meta name=\"description\" content=\"Wij hebben een ruime keuze aan producten van Riz Konjac Di\u00e9t\u00e9tique OSTROVIT (400 g) . Winkel bij Eco Supplements altijd gratis verzending boven 100\u20ac\" \/>\n<meta name=\"robots\" content=\"index, follow, max-snippet:-1, max-image-preview:large, max-video-preview:-1\" \/>\n<link rel=\"canonical\" href=\"https:\/\/ecosupplements.be\/fr\/produit\/ostrovit-diet-rice-konjac-400-g\/\" \/>\n<meta property=\"og:locale\" content=\"fr_FR\" \/>\n<meta property=\"og:type\" content=\"article\" \/>\n<meta property=\"og:title\" content=\"Riz Konjac Di\u00e9t\u00e9tique OSTROVIT (400 g)\" \/>\n<meta property=\"og:description\" content=\"Wij hebben een ruime keuze aan producten van Riz Konjac Di\u00e9t\u00e9tique OSTROVIT (400 g) . Winkel bij Eco Supplements altijd gratis verzending boven 100\u20ac\" \/>\n<meta property=\"og:url\" content=\"https:\/\/ecosupplements.be\/fr\/produit\/ostrovit-diet-rice-konjac-400-g\/\" \/>\n<meta property=\"og:site_name\" content=\"ECO Supplements\" \/>\n<meta property=\"article:modified_time\" content=\"2025-08-28T03:41:04+00:00\" \/>\n<meta property=\"og:image\" content=\"https:\/\/ecosupplements.be\/wp-content\/uploads\/2025\/08\/Ostrovit-OSTROVIT-Diet-Rice-Konjac-400-g.png\" \/>\n\t<meta property=\"og:image:width\" content=\"1000\" \/>\n\t<meta property=\"og:image:height\" content=\"1000\" \/>\n\t<meta property=\"og:image:type\" content=\"image\/jpeg\" \/>\n<meta name=\"twitter:card\" content=\"summary_large_image\" \/>\n<meta name=\"twitter:label1\" content=\"Prix\" \/>\n\t<meta name=\"twitter:data1\" content=\"1.64&nbsp;&euro;\" \/>\n\t<meta name=\"twitter:label2\" content=\"Disponibilit\u00e9\" \/>\n\t<meta name=\"twitter:data2\" content=\"En stock\" \/>\n<script type=\"application\/ld+json\" class=\"yoast-schema-graph\">{\"@context\":\"https:\\\/\\\/schema.org\",\"@graph\":[{\"@type\":[\"WebPage\",\"ItemPage\"],\"@id\":\"https:\\\/\\\/ecosupplements.be\\\/fr\\\/produit\\\/ostrovit-diet-rice-konjac-400-g\\\/\",\"url\":\"https:\\\/\\\/ecosupplements.be\\\/fr\\\/produit\\\/ostrovit-diet-rice-konjac-400-g\\\/\",\"name\":\"Riz Konjac Di\u00e9t\u00e9tique OSTROVIT (400 g) - ECO Supplements\",\"isPartOf\":{\"@id\":\"https:\\\/\\\/ecosupplements.be\\\/fr\\\/#website\"},\"primaryImageOfPage\":{\"@id\":\"https:\\\/\\\/ecosupplements.be\\\/fr\\\/produit\\\/ostrovit-diet-rice-konjac-400-g\\\/#primaryimage\"},\"image\":{\"@id\":\"https:\\\/\\\/ecosupplements.be\\\/fr\\\/produit\\\/ostrovit-diet-rice-konjac-400-g\\\/#primaryimage\"},\"thumbnailUrl\":\"https:\\\/\\\/ecosupplements.be\\\/wp-content\\\/uploads\\\/2025\\\/08\\\/OSTROVIT-Diet-Rice-Konjac-400-g.png\",\"datePublished\":\"2025-07-28T14:15:14+00:00\",\"dateModified\":\"2025-08-28T03:41:04+00:00\",\"description\":\"Wij hebben een ruime keuze aan producten van Riz Konjac Di\u00e9t\u00e9tique OSTROVIT (400 g) . Winkel bij Eco Supplements altijd gratis verzending boven 100\u20ac\",\"breadcrumb\":{\"@id\":\"https:\\\/\\\/ecosupplements.be\\\/fr\\\/produit\\\/ostrovit-diet-rice-konjac-400-g\\\/#breadcrumb\"},\"inLanguage\":\"fr-FR\",\"potentialAction\":[{\"@type\":\"ReadAction\",\"target\":[\"https:\\\/\\\/ecosupplements.be\\\/fr\\\/produit\\\/ostrovit-diet-rice-konjac-400-g\\\/\"]}]},{\"@type\":\"ImageObject\",\"inLanguage\":\"fr-FR\",\"@id\":\"https:\\\/\\\/ecosupplements.be\\\/fr\\\/produit\\\/ostrovit-diet-rice-konjac-400-g\\\/#primaryimage\",\"url\":\"https:\\\/\\\/ecosupplements.be\\\/wp-content\\\/uploads\\\/2025\\\/08\\\/OSTROVIT-Diet-Rice-Konjac-400-g.png\",\"contentUrl\":\"https:\\\/\\\/ecosupplements.be\\\/wp-content\\\/uploads\\\/2025\\\/08\\\/OSTROVIT-Diet-Rice-Konjac-400-g.png\",\"width\":1000,\"height\":1000},{\"@type\":\"BreadcrumbList\",\"@id\":\"https:\\\/\\\/ecosupplements.be\\\/fr\\\/produit\\\/ostrovit-diet-rice-konjac-400-g\\\/#breadcrumb\",\"itemListElement\":[{\"@type\":\"ListItem\",\"position\":1,\"name\":\"Home\",\"item\":\"https:\\\/\\\/ecosupplements.be\\\/fr\\\/\"},{\"@type\":\"ListItem\",\"position\":2,\"name\":\"Boutique\",\"item\":\"https:\\\/\\\/ecosupplements.be\\\/fr\\\/boutique\\\/\"},{\"@type\":\"ListItem\",\"position\":3,\"name\":\"Riz Konjac Di\u00e9t\u00e9tique OSTROVIT (400 g)\"}]},{\"@type\":\"WebSite\",\"@id\":\"https:\\\/\\\/ecosupplements.be\\\/fr\\\/#website\",\"url\":\"https:\\\/\\\/ecosupplements.be\\\/fr\\\/\",\"name\":\"ECO Supplements\",\"description\":\"Eco Supplements - Gezonde supplementen\",\"publisher\":{\"@id\":\"https:\\\/\\\/ecosupplements.be\\\/fr\\\/#organization\"},\"potentialAction\":[{\"@type\":\"SearchAction\",\"target\":{\"@type\":\"EntryPoint\",\"urlTemplate\":\"https:\\\/\\\/ecosupplements.be\\\/fr\\\/?s={search_term_string}\"},\"query-input\":{\"@type\":\"PropertyValueSpecification\",\"valueRequired\":true,\"valueName\":\"search_term_string\"}}],\"inLanguage\":\"fr-FR\"},{\"@type\":\"Organization\",\"@id\":\"https:\\\/\\\/ecosupplements.be\\\/fr\\\/#organization\",\"name\":\"Eco Supplements\",\"url\":\"https:\\\/\\\/ecosupplements.be\\\/fr\\\/\",\"logo\":{\"@type\":\"ImageObject\",\"inLanguage\":\"fr-FR\",\"@id\":\"https:\\\/\\\/ecosupplements.be\\\/fr\\\/#\\\/schema\\\/logo\\\/image\\\/\",\"url\":\"https:\\\/\\\/ecosupplements.be\\\/wp-content\\\/uploads\\\/2022\\\/06\\\/ecosupplement-family.png\",\"contentUrl\":\"https:\\\/\\\/ecosupplements.be\\\/wp-content\\\/uploads\\\/2022\\\/06\\\/ecosupplement-family.png\",\"width\":593,\"height\":374,\"caption\":\"Eco Supplements\"},\"image\":{\"@id\":\"https:\\\/\\\/ecosupplements.be\\\/fr\\\/#\\\/schema\\\/logo\\\/image\\\/\"}}]}<\/script>\n<meta property=\"product:brand\" content=\"Ostrovit\" \/>\n<meta property=\"product:price:amount\" content=\"1.64\" \/>\n<meta property=\"product:price:currency\" content=\"EUR\" \/>\n<meta property=\"og:availability\" content=\"instock\" \/>\n<meta property=\"product:availability\" content=\"instock\" \/>\n<meta property=\"product:retailer_item_id\" content=\"5903933902890\" \/>\n<meta property=\"product:condition\" content=\"new\" \/>\n<!-- \/ Yoast SEO Premium plugin. -->","yoast_head_json":{"title":"Riz Konjac Di\u00e9t\u00e9tique OSTROVIT (400 g) - ECO Supplements","description":"Wij hebben een ruime keuze aan producten van Riz Konjac Di\u00e9t\u00e9tique OSTROVIT (400 g) . Winkel bij Eco Supplements altijd gratis verzending boven 100\u20ac","robots":{"index":"index","follow":"follow","max-snippet":"max-snippet:-1","max-image-preview":"max-image-preview:large","max-video-preview":"max-video-preview:-1"},"canonical":"https:\/\/ecosupplements.be\/fr\/produit\/ostrovit-diet-rice-konjac-400-g\/","og_locale":"fr_FR","og_type":"article","og_title":"Riz Konjac Di\u00e9t\u00e9tique OSTROVIT (400 g)","og_description":"Wij hebben een ruime keuze aan producten van Riz Konjac Di\u00e9t\u00e9tique OSTROVIT (400 g) . Winkel bij Eco Supplements altijd gratis verzending boven 100\u20ac","og_url":"https:\/\/ecosupplements.be\/fr\/produit\/ostrovit-diet-rice-konjac-400-g\/","og_site_name":"ECO Supplements","article_modified_time":"2025-08-28T03:41:04+00:00","og_image":[{"width":1000,"height":1000,"url":"https:\/\/ecosupplements.be\/wp-content\/uploads\/2025\/08\/Ostrovit-OSTROVIT-Diet-Rice-Konjac-400-g.png","type":"image\/jpeg"}],"twitter_card":"summary_large_image","twitter_misc":{"Prix":"1.64&nbsp;&euro;","Disponibilit\u00e9":"En stock"},"schema":{"@context":"https:\/\/schema.org","@graph":[{"@type":["WebPage","ItemPage"],"@id":"https:\/\/ecosupplements.be\/fr\/produit\/ostrovit-diet-rice-konjac-400-g\/","url":"https:\/\/ecosupplements.be\/fr\/produit\/ostrovit-diet-rice-konjac-400-g\/","name":"Riz Konjac Di\u00e9t\u00e9tique OSTROVIT (400 g) - ECO Supplements","isPartOf":{"@id":"https:\/\/ecosupplements.be\/fr\/#website"},"primaryImageOfPage":{"@id":"https:\/\/ecosupplements.be\/fr\/produit\/ostrovit-diet-rice-konjac-400-g\/#primaryimage"},"image":{"@id":"https:\/\/ecosupplements.be\/fr\/produit\/ostrovit-diet-rice-konjac-400-g\/#primaryimage"},"thumbnailUrl":"https:\/\/ecosupplements.be\/wp-content\/uploads\/2025\/08\/OSTROVIT-Diet-Rice-Konjac-400-g.png","datePublished":"2025-07-28T14:15:14+00:00","dateModified":"2025-08-28T03:41:04+00:00","description":"Wij hebben een ruime keuze aan producten van Riz Konjac Di\u00e9t\u00e9tique OSTROVIT (400 g) . Winkel bij Eco Supplements altijd gratis verzending boven 100\u20ac","breadcrumb":{"@id":"https:\/\/ecosupplements.be\/fr\/produit\/ostrovit-diet-rice-konjac-400-g\/#breadcrumb"},"inLanguage":"fr-FR","potentialAction":[{"@type":"ReadAction","target":["https:\/\/ecosupplements.be\/fr\/produit\/ostrovit-diet-rice-konjac-400-g\/"]}]},{"@type":"ImageObject","inLanguage":"fr-FR","@id":"https:\/\/ecosupplements.be\/fr\/produit\/ostrovit-diet-rice-konjac-400-g\/#primaryimage","url":"https:\/\/ecosupplements.be\/wp-content\/uploads\/2025\/08\/OSTROVIT-Diet-Rice-Konjac-400-g.png","contentUrl":"https:\/\/ecosupplements.be\/wp-content\/uploads\/2025\/08\/OSTROVIT-Diet-Rice-Konjac-400-g.png","width":1000,"height":1000},{"@type":"BreadcrumbList","@id":"https:\/\/ecosupplements.be\/fr\/produit\/ostrovit-diet-rice-konjac-400-g\/#breadcrumb","itemListElement":[{"@type":"ListItem","position":1,"name":"Home","item":"https:\/\/ecosupplements.be\/fr\/"},{"@type":"ListItem","position":2,"name":"Boutique","item":"https:\/\/ecosupplements.be\/fr\/boutique\/"},{"@type":"ListItem","position":3,"name":"Riz Konjac Di\u00e9t\u00e9tique OSTROVIT (400 g)"}]},{"@type":"WebSite","@id":"https:\/\/ecosupplements.be\/fr\/#website","url":"https:\/\/ecosupplements.be\/fr\/","name":"ECO Supplements","description":"Eco Supplements - Gezonde supplementen","publisher":{"@id":"https:\/\/ecosupplements.be\/fr\/#organization"},"potentialAction":[{"@type":"SearchAction","target":{"@type":"EntryPoint","urlTemplate":"https:\/\/ecosupplements.be\/fr\/?s={search_term_string}"},"query-input":{"@type":"PropertyValueSpecification","valueRequired":true,"valueName":"search_term_string"}}],"inLanguage":"fr-FR"},{"@type":"Organization","@id":"https:\/\/ecosupplements.be\/fr\/#organization","name":"Eco Supplements","url":"https:\/\/ecosupplements.be\/fr\/","logo":{"@type":"ImageObject","inLanguage":"fr-FR","@id":"https:\/\/ecosupplements.be\/fr\/#\/schema\/logo\/image\/","url":"https:\/\/ecosupplements.be\/wp-content\/uploads\/2022\/06\/ecosupplement-family.png","contentUrl":"https:\/\/ecosupplements.be\/wp-content\/uploads\/2022\/06\/ecosupplement-family.png","width":593,"height":374,"caption":"Eco Supplements"},"image":{"@id":"https:\/\/ecosupplements.be\/fr\/#\/schema\/logo\/image\/"}}]},"product_brand":"Ostrovit","product_price_amount":"1.64","product_price_currency":"EUR","og_availability":"instock","product_availability":"instock","product_retailer_item_id":"5903933902890","product_condition":"new"},"_links":{"self":[{"href":"https:\/\/ecosupplements.be\/fr\/wp-json\/wp\/v2\/product\/305485","targetHints":{"allow":["GET"]}}],"collection":[{"href":"https:\/\/ecosupplements.be\/fr\/wp-json\/wp\/v2\/product"}],"about":[{"href":"https:\/\/ecosupplements.be\/fr\/wp-json\/wp\/v2\/types\/product"}],"replies":[{"embeddable":true,"href":"https:\/\/ecosupplements.be\/fr\/wp-json\/wp\/v2\/comments?post=305485"}],"wp:featuredmedia":[{"embeddable":true,"href":"https:\/\/ecosupplements.be\/fr\/wp-json\/wp\/v2\/media\/279616"}],"wp:attachment":[{"href":"https:\/\/ecosupplements.be\/fr\/wp-json\/wp\/v2\/media?parent=305485"}],"wp:term":[{"taxonomy":"product_brand","embeddable":true,"href":"https:\/\/ecosupplements.be\/fr\/wp-json\/wp\/v2\/product_brand?post=305485"},{"taxonomy":"product_cat","embeddable":true,"href":"https:\/\/ecosupplements.be\/fr\/wp-json\/wp\/v2\/product_cat?post=305485"},{"taxonomy":"product_tag","embeddable":true,"href":"https:\/\/ecosupplements.be\/fr\/wp-json\/wp\/v2\/product_tag?post=305485"}],"curies":[{"name":"wp","href":"https:\/\/api.w.org\/{rel}","templated":true}]}}