{"id":305527,"date":"2025-07-28T16:00:32","date_gmt":"2025-07-28T15:00:32","guid":{"rendered":"https:\/\/ecosupplements.be\/product\/solgar-taurine-500-mg-250-veg-caps\/"},"modified":"2025-08-28T04:41:46","modified_gmt":"2025-08-28T03:41:46","slug":"solgar-taurine-500-mg-250-veg-caps","status":"publish","type":"product","link":"https:\/\/ecosupplements.be\/fr\/produit\/solgar-taurine-500-mg-250-veg-caps\/","title":{"rendered":"SOLGAR Taurine 500 mg (250 capsules v\u00e9g\u00e9tales)"},"content":{"rendered":"<p><strong>Nom du produit :<\/strong> SOLGAR Taurine 500 mg (250 Veg Caps)<\/p>\n<p><strong>Ingr\u00e9dients principaux :<\/strong><br \/>\nLa taurine, cellulose v\u00e9g\u00e9tale, cellulose microcristalline, acide st\u00e9arique v\u00e9g\u00e9tal.<\/p>\n<p>Ce compl\u00e9ment alimentaire est compos\u00e9 de capsules \u00e0 base de taurine en forme libre. Chaque capsule contient 500 mg de taurine, un ingr\u00e9dient d&#8217;origine naturelle. Le produit est conditionn\u00e9 dans un emballage pratique contenant 250 capsules v\u00e9g\u00e9tales.<\/p>\n<p><strong>utilisation :<\/strong><br \/>\nPrendre une (1) capsule jusqu&#8217;\u00e0 quatre fois par jour au moment des repas.<\/p>\n<p>Ces capsules sont con\u00e7ues pour \u00eatre int\u00e9gr\u00e9es facilement dans votre routine quotidienne. Elles sont adapt\u00e9es \u00e0 ceux qui appr\u00e9cient les produits pratiques et de haute qualit\u00e9.<\/p>\n<p><strong>Caract\u00e9ristiques pratiques :<\/strong><br \/>\nLes capsules sont faciles \u00e0 utiliser et peuvent \u00eatre prises lors des repas, int\u00e9grant ainsi sans effort dans un mode de vie actif et \u00e9quilibr\u00e9.<\/p>\n<table border=\"1\" style=\"width: 369px\">\n<tbody>\n<tr>\n<td style=\"width: 142px\"><\/td>\n<td style=\"text-align: center;width: 72px\">1 capsule:<\/td>\n<td style=\"text-align: center;width: 68px\">4 capsules:<\/td>\n<td style=\"width: 60px\">\n<p style=\"text-align: center\">%RWS<\/p>\n<\/td>\n<\/tr>\n<tr>\n<td style=\"width: 142px\">Taurine (forme libre)<\/td>\n<td style=\"text-align:center;width:72px\">500 mg<\/td>\n<td style=\"text-align:center;width;68px\">2000 mg<\/td>\n<td>&#8211;<\/td>\n<\/tr>\n<\/tbody>\n<\/table>\n<p>*RWS &#8211; Valeur nutritionnelle de r\u00e9f\u00e9rence non \u00e9tablie<\/p>\n<p><strong>Note importante :<\/strong><br \/>\nNe pas d\u00e9passer la dose journali\u00e8re recommand\u00e9e.<br \/>\nLes compl\u00e9ments alimentaires ne doivent pas \u00eatre utilis\u00e9s comme substitut d&#8217;un r\u00e9gime alimentaire vari\u00e9.<\/p>\n<p><strong>Conditions de conservation :<\/strong><br \/>\nConserver hors de port\u00e9e des enfants.<br \/>\nConserver \u00e0 l&#8217;abri de la lumi\u00e8re dans un endroit sec et frais.<\/p>\n<p><strong>Mises en garde sp\u00e9ciales :<\/strong><Br \/><br \/>\nNe pas utiliser en cas d&#8217;allergie \u00e0 l&#8217;un des composants du produit.<Br \/><br \/>\nL&#8217;utilisation par les femmes enceintes ou allaitantes ainsi que les personnes sous m\u00e9dication devrait se faire apr\u00e8s consultation avec un professionnel de sant\u00e9.<\/P><\/p>\n","protected":false},"excerpt":{"rendered":"<p>Nom du produit : SOLGAR Taurine 500 mg (250 Veg Caps) Ingr\u00e9dients principaux : La taurine, cellulose v\u00e9g\u00e9tale, cellulose microcristalline, acide st\u00e9arique v\u00e9g\u00e9tal. Ce compl\u00e9ment alimentaire est compos\u00e9 de capsules \u00e0 base de taurine en forme libre. Chaque capsule contient 500 mg de taurine, un ingr\u00e9dient d&#8217;origine naturelle. Le produit est conditionn\u00e9 dans un emballage [&#8230;]\n","protected":false},"featured_media":279658,"comment_status":"closed","ping_status":"open","template":"","meta":[],"product_brand":[4760],"product_cat":[5053],"product_tag":[],"class_list":{"0":"post-305527","1":"product","2":"type-product","3":"status-publish","4":"has-post-thumbnail","6":"product_brand-solgar-2","7":"product_cat-vitamines-et-mineraux","9":"first","10":"instock","11":"taxable","12":"shipping-taxable","13":"purchasable","14":"product-type-simple"},"yoast_head":"<!-- This site is optimized with the Yoast SEO Premium plugin v27.3 (Yoast SEO v27.3) - https:\/\/yoast.com\/product\/yoast-seo-premium-wordpress\/ -->\n<title>SOLGAR Taurine 500 mg (250 capsules v\u00e9g\u00e9tales) - ECO Supplements<\/title>\n<meta name=\"description\" content=\"Wij hebben een ruime keuze aan producten van SOLGAR Taurine 500 mg (250 capsules v\u00e9g\u00e9tales) . Winkel bij Eco Supplements altijd gratis verzending boven 100\u20ac\" \/>\n<meta name=\"robots\" content=\"index, follow, max-snippet:-1, max-image-preview:large, max-video-preview:-1\" \/>\n<link rel=\"canonical\" href=\"https:\/\/ecosupplements.be\/fr\/produit\/solgar-taurine-500-mg-250-veg-caps\/\" \/>\n<meta property=\"og:locale\" content=\"fr_FR\" \/>\n<meta property=\"og:type\" content=\"article\" \/>\n<meta property=\"og:title\" content=\"SOLGAR Taurine 500 mg (250 capsules v\u00e9g\u00e9tales)\" \/>\n<meta property=\"og:description\" content=\"Wij hebben een ruime keuze aan producten van SOLGAR Taurine 500 mg (250 capsules v\u00e9g\u00e9tales) . Winkel bij Eco Supplements altijd gratis verzending boven 100\u20ac\" \/>\n<meta property=\"og:url\" content=\"https:\/\/ecosupplements.be\/fr\/produit\/solgar-taurine-500-mg-250-veg-caps\/\" \/>\n<meta property=\"og:site_name\" content=\"ECO Supplements\" \/>\n<meta property=\"article:modified_time\" content=\"2025-08-28T03:41:46+00:00\" \/>\n<meta property=\"og:image\" content=\"https:\/\/ecosupplements.be\/wp-content\/uploads\/2025\/08\/Solgar-SOLGAR-Taurine-500-mg-250-Veg-Caps.png\" \/>\n\t<meta property=\"og:image:width\" content=\"498\" \/>\n\t<meta property=\"og:image:height\" content=\"501\" \/>\n\t<meta property=\"og:image:type\" content=\"image\/jpeg\" \/>\n<meta name=\"twitter:card\" content=\"summary_large_image\" \/>\n<meta name=\"twitter:label1\" content=\"Prix\" \/>\n\t<meta name=\"twitter:data1\" content=\"40.41&nbsp;&euro;\" \/>\n\t<meta name=\"twitter:label2\" content=\"Disponibilit\u00e9\" \/>\n\t<meta name=\"twitter:data2\" content=\"En stock\" \/>\n<script type=\"application\/ld+json\" class=\"yoast-schema-graph\">{\"@context\":\"https:\\\/\\\/schema.org\",\"@graph\":[{\"@type\":[\"WebPage\",\"ItemPage\"],\"@id\":\"https:\\\/\\\/ecosupplements.be\\\/fr\\\/produit\\\/solgar-taurine-500-mg-250-veg-caps\\\/\",\"url\":\"https:\\\/\\\/ecosupplements.be\\\/fr\\\/produit\\\/solgar-taurine-500-mg-250-veg-caps\\\/\",\"name\":\"SOLGAR Taurine 500 mg (250 capsules v\u00e9g\u00e9tales) - ECO Supplements\",\"isPartOf\":{\"@id\":\"https:\\\/\\\/ecosupplements.be\\\/fr\\\/#website\"},\"primaryImageOfPage\":{\"@id\":\"https:\\\/\\\/ecosupplements.be\\\/fr\\\/produit\\\/solgar-taurine-500-mg-250-veg-caps\\\/#primaryimage\"},\"image\":{\"@id\":\"https:\\\/\\\/ecosupplements.be\\\/fr\\\/produit\\\/solgar-taurine-500-mg-250-veg-caps\\\/#primaryimage\"},\"thumbnailUrl\":\"https:\\\/\\\/ecosupplements.be\\\/wp-content\\\/uploads\\\/2025\\\/08\\\/SOLGAR-Taurine-500-mg-250-Veg-Caps.png\",\"datePublished\":\"2025-07-28T15:00:32+00:00\",\"dateModified\":\"2025-08-28T03:41:46+00:00\",\"description\":\"Wij hebben een ruime keuze aan producten van SOLGAR Taurine 500 mg (250 capsules v\u00e9g\u00e9tales) . Winkel bij Eco Supplements altijd gratis verzending boven 100\u20ac\",\"breadcrumb\":{\"@id\":\"https:\\\/\\\/ecosupplements.be\\\/fr\\\/produit\\\/solgar-taurine-500-mg-250-veg-caps\\\/#breadcrumb\"},\"inLanguage\":\"fr-FR\",\"potentialAction\":[{\"@type\":\"ReadAction\",\"target\":[\"https:\\\/\\\/ecosupplements.be\\\/fr\\\/produit\\\/solgar-taurine-500-mg-250-veg-caps\\\/\"]}]},{\"@type\":\"ImageObject\",\"inLanguage\":\"fr-FR\",\"@id\":\"https:\\\/\\\/ecosupplements.be\\\/fr\\\/produit\\\/solgar-taurine-500-mg-250-veg-caps\\\/#primaryimage\",\"url\":\"https:\\\/\\\/ecosupplements.be\\\/wp-content\\\/uploads\\\/2025\\\/08\\\/SOLGAR-Taurine-500-mg-250-Veg-Caps.png\",\"contentUrl\":\"https:\\\/\\\/ecosupplements.be\\\/wp-content\\\/uploads\\\/2025\\\/08\\\/SOLGAR-Taurine-500-mg-250-Veg-Caps.png\",\"width\":498,\"height\":501},{\"@type\":\"BreadcrumbList\",\"@id\":\"https:\\\/\\\/ecosupplements.be\\\/fr\\\/produit\\\/solgar-taurine-500-mg-250-veg-caps\\\/#breadcrumb\",\"itemListElement\":[{\"@type\":\"ListItem\",\"position\":1,\"name\":\"Home\",\"item\":\"https:\\\/\\\/ecosupplements.be\\\/fr\\\/\"},{\"@type\":\"ListItem\",\"position\":2,\"name\":\"Boutique\",\"item\":\"https:\\\/\\\/ecosupplements.be\\\/fr\\\/boutique\\\/\"},{\"@type\":\"ListItem\",\"position\":3,\"name\":\"SOLGAR Taurine 500 mg (250 capsules v\u00e9g\u00e9tales)\"}]},{\"@type\":\"WebSite\",\"@id\":\"https:\\\/\\\/ecosupplements.be\\\/fr\\\/#website\",\"url\":\"https:\\\/\\\/ecosupplements.be\\\/fr\\\/\",\"name\":\"ECO Supplements\",\"description\":\"Eco Supplements - Gezonde supplementen\",\"publisher\":{\"@id\":\"https:\\\/\\\/ecosupplements.be\\\/fr\\\/#organization\"},\"potentialAction\":[{\"@type\":\"SearchAction\",\"target\":{\"@type\":\"EntryPoint\",\"urlTemplate\":\"https:\\\/\\\/ecosupplements.be\\\/fr\\\/?s={search_term_string}\"},\"query-input\":{\"@type\":\"PropertyValueSpecification\",\"valueRequired\":true,\"valueName\":\"search_term_string\"}}],\"inLanguage\":\"fr-FR\"},{\"@type\":\"Organization\",\"@id\":\"https:\\\/\\\/ecosupplements.be\\\/fr\\\/#organization\",\"name\":\"Eco Supplements\",\"url\":\"https:\\\/\\\/ecosupplements.be\\\/fr\\\/\",\"logo\":{\"@type\":\"ImageObject\",\"inLanguage\":\"fr-FR\",\"@id\":\"https:\\\/\\\/ecosupplements.be\\\/fr\\\/#\\\/schema\\\/logo\\\/image\\\/\",\"url\":\"https:\\\/\\\/ecosupplements.be\\\/wp-content\\\/uploads\\\/2022\\\/06\\\/ecosupplement-family.png\",\"contentUrl\":\"https:\\\/\\\/ecosupplements.be\\\/wp-content\\\/uploads\\\/2022\\\/06\\\/ecosupplement-family.png\",\"width\":593,\"height\":374,\"caption\":\"Eco Supplements\"},\"image\":{\"@id\":\"https:\\\/\\\/ecosupplements.be\\\/fr\\\/#\\\/schema\\\/logo\\\/image\\\/\"}}]}<\/script>\n<meta property=\"product:brand\" content=\"Solgar\" \/>\n<meta property=\"product:price:amount\" content=\"40.41\" \/>\n<meta property=\"product:price:currency\" content=\"EUR\" \/>\n<meta property=\"og:availability\" content=\"instock\" \/>\n<meta property=\"product:availability\" content=\"instock\" \/>\n<meta property=\"product:retailer_item_id\" content=\"033984027022\" \/>\n<meta property=\"product:condition\" content=\"new\" \/>\n<!-- \/ Yoast SEO Premium plugin. -->","yoast_head_json":{"title":"SOLGAR Taurine 500 mg (250 capsules v\u00e9g\u00e9tales) - ECO Supplements","description":"Wij hebben een ruime keuze aan producten van SOLGAR Taurine 500 mg (250 capsules v\u00e9g\u00e9tales) . Winkel bij Eco Supplements altijd gratis verzending boven 100\u20ac","robots":{"index":"index","follow":"follow","max-snippet":"max-snippet:-1","max-image-preview":"max-image-preview:large","max-video-preview":"max-video-preview:-1"},"canonical":"https:\/\/ecosupplements.be\/fr\/produit\/solgar-taurine-500-mg-250-veg-caps\/","og_locale":"fr_FR","og_type":"article","og_title":"SOLGAR Taurine 500 mg (250 capsules v\u00e9g\u00e9tales)","og_description":"Wij hebben een ruime keuze aan producten van SOLGAR Taurine 500 mg (250 capsules v\u00e9g\u00e9tales) . Winkel bij Eco Supplements altijd gratis verzending boven 100\u20ac","og_url":"https:\/\/ecosupplements.be\/fr\/produit\/solgar-taurine-500-mg-250-veg-caps\/","og_site_name":"ECO Supplements","article_modified_time":"2025-08-28T03:41:46+00:00","og_image":[{"width":498,"height":501,"url":"https:\/\/ecosupplements.be\/wp-content\/uploads\/2025\/08\/Solgar-SOLGAR-Taurine-500-mg-250-Veg-Caps.png","type":"image\/jpeg"}],"twitter_card":"summary_large_image","twitter_misc":{"Prix":"40.41&nbsp;&euro;","Disponibilit\u00e9":"En stock"},"schema":{"@context":"https:\/\/schema.org","@graph":[{"@type":["WebPage","ItemPage"],"@id":"https:\/\/ecosupplements.be\/fr\/produit\/solgar-taurine-500-mg-250-veg-caps\/","url":"https:\/\/ecosupplements.be\/fr\/produit\/solgar-taurine-500-mg-250-veg-caps\/","name":"SOLGAR Taurine 500 mg (250 capsules v\u00e9g\u00e9tales) - ECO Supplements","isPartOf":{"@id":"https:\/\/ecosupplements.be\/fr\/#website"},"primaryImageOfPage":{"@id":"https:\/\/ecosupplements.be\/fr\/produit\/solgar-taurine-500-mg-250-veg-caps\/#primaryimage"},"image":{"@id":"https:\/\/ecosupplements.be\/fr\/produit\/solgar-taurine-500-mg-250-veg-caps\/#primaryimage"},"thumbnailUrl":"https:\/\/ecosupplements.be\/wp-content\/uploads\/2025\/08\/SOLGAR-Taurine-500-mg-250-Veg-Caps.png","datePublished":"2025-07-28T15:00:32+00:00","dateModified":"2025-08-28T03:41:46+00:00","description":"Wij hebben een ruime keuze aan producten van SOLGAR Taurine 500 mg (250 capsules v\u00e9g\u00e9tales) . Winkel bij Eco Supplements altijd gratis verzending boven 100\u20ac","breadcrumb":{"@id":"https:\/\/ecosupplements.be\/fr\/produit\/solgar-taurine-500-mg-250-veg-caps\/#breadcrumb"},"inLanguage":"fr-FR","potentialAction":[{"@type":"ReadAction","target":["https:\/\/ecosupplements.be\/fr\/produit\/solgar-taurine-500-mg-250-veg-caps\/"]}]},{"@type":"ImageObject","inLanguage":"fr-FR","@id":"https:\/\/ecosupplements.be\/fr\/produit\/solgar-taurine-500-mg-250-veg-caps\/#primaryimage","url":"https:\/\/ecosupplements.be\/wp-content\/uploads\/2025\/08\/SOLGAR-Taurine-500-mg-250-Veg-Caps.png","contentUrl":"https:\/\/ecosupplements.be\/wp-content\/uploads\/2025\/08\/SOLGAR-Taurine-500-mg-250-Veg-Caps.png","width":498,"height":501},{"@type":"BreadcrumbList","@id":"https:\/\/ecosupplements.be\/fr\/produit\/solgar-taurine-500-mg-250-veg-caps\/#breadcrumb","itemListElement":[{"@type":"ListItem","position":1,"name":"Home","item":"https:\/\/ecosupplements.be\/fr\/"},{"@type":"ListItem","position":2,"name":"Boutique","item":"https:\/\/ecosupplements.be\/fr\/boutique\/"},{"@type":"ListItem","position":3,"name":"SOLGAR Taurine 500 mg (250 capsules v\u00e9g\u00e9tales)"}]},{"@type":"WebSite","@id":"https:\/\/ecosupplements.be\/fr\/#website","url":"https:\/\/ecosupplements.be\/fr\/","name":"ECO Supplements","description":"Eco Supplements - Gezonde supplementen","publisher":{"@id":"https:\/\/ecosupplements.be\/fr\/#organization"},"potentialAction":[{"@type":"SearchAction","target":{"@type":"EntryPoint","urlTemplate":"https:\/\/ecosupplements.be\/fr\/?s={search_term_string}"},"query-input":{"@type":"PropertyValueSpecification","valueRequired":true,"valueName":"search_term_string"}}],"inLanguage":"fr-FR"},{"@type":"Organization","@id":"https:\/\/ecosupplements.be\/fr\/#organization","name":"Eco Supplements","url":"https:\/\/ecosupplements.be\/fr\/","logo":{"@type":"ImageObject","inLanguage":"fr-FR","@id":"https:\/\/ecosupplements.be\/fr\/#\/schema\/logo\/image\/","url":"https:\/\/ecosupplements.be\/wp-content\/uploads\/2022\/06\/ecosupplement-family.png","contentUrl":"https:\/\/ecosupplements.be\/wp-content\/uploads\/2022\/06\/ecosupplement-family.png","width":593,"height":374,"caption":"Eco Supplements"},"image":{"@id":"https:\/\/ecosupplements.be\/fr\/#\/schema\/logo\/image\/"}}]},"product_brand":"Solgar","product_price_amount":"40.41","product_price_currency":"EUR","og_availability":"instock","product_availability":"instock","product_retailer_item_id":"033984027022","product_condition":"new"},"_links":{"self":[{"href":"https:\/\/ecosupplements.be\/fr\/wp-json\/wp\/v2\/product\/305527","targetHints":{"allow":["GET"]}}],"collection":[{"href":"https:\/\/ecosupplements.be\/fr\/wp-json\/wp\/v2\/product"}],"about":[{"href":"https:\/\/ecosupplements.be\/fr\/wp-json\/wp\/v2\/types\/product"}],"replies":[{"embeddable":true,"href":"https:\/\/ecosupplements.be\/fr\/wp-json\/wp\/v2\/comments?post=305527"}],"wp:featuredmedia":[{"embeddable":true,"href":"https:\/\/ecosupplements.be\/fr\/wp-json\/wp\/v2\/media\/279658"}],"wp:attachment":[{"href":"https:\/\/ecosupplements.be\/fr\/wp-json\/wp\/v2\/media?parent=305527"}],"wp:term":[{"taxonomy":"product_brand","embeddable":true,"href":"https:\/\/ecosupplements.be\/fr\/wp-json\/wp\/v2\/product_brand?post=305527"},{"taxonomy":"product_cat","embeddable":true,"href":"https:\/\/ecosupplements.be\/fr\/wp-json\/wp\/v2\/product_cat?post=305527"},{"taxonomy":"product_tag","embeddable":true,"href":"https:\/\/ecosupplements.be\/fr\/wp-json\/wp\/v2\/product_tag?post=305527"}],"curies":[{"name":"wp","href":"https:\/\/api.w.org\/{rel}","templated":true}]}}