{"id":305533,"date":"2025-07-28T16:15:12","date_gmt":"2025-07-28T15:15:12","guid":{"rendered":"https:\/\/ecosupplements.be\/product\/solgar-vitamin-c-with-rose-hips-250-tabs\/"},"modified":"2025-08-28T04:41:51","modified_gmt":"2025-08-28T03:41:51","slug":"solgar-vitamin-c-with-rose-hips-250-tabs","status":"publish","type":"product","link":"https:\/\/ecosupplements.be\/fr\/produit\/solgar-vitamin-c-with-rose-hips-250-tabs\/","title":{"rendered":"Vitamine C avec \u00e9glantier de SOLGAR (250 comprim\u00e9s)"},"content":{"rendered":"<h2>SOLGAR Vitamin C with Rose Hips (250 tabs)<\/h2>\n<p><strong>Description :<\/strong><br \/>\nD\u00e9couvrez SOLGAR Vitamin C with Rose Hips, un choix parfait pour ceux qui appr\u00e9cient les ingr\u00e9dients naturels dans un mode de vie sain. Ce produit est formul\u00e9 \u00e0 partir de vitamine C et d&#8217;extrait de cynorrhodon,connus pour leur origine naturelle et leur grande puret\u00e9.<\/p>\n<p><strong>Ingr\u00e9dients principaux :<\/strong><br \/>\n&#8211; Vitamine C (sous forme d&#8217;acide L-ascorbique) : 500 mg par tablette.<br \/>\n&#8211; Extrait de cynorrhodon (rosa canina) : 75 mg par tablette.<\/p>\n<p>Ces composants sont int\u00e9gr\u00e9s dans une base non m\u00e9dicinale comprenant des agents anti-agglom\u00e9rants d&#8217;origine v\u00e9g\u00e9tale et une enrobage \u00e0 base de cellulose v\u00e9g\u00e9tale, garantissant ainsi une qualit\u00e9 sup\u00e9rieure.<\/p>\n<table border=\"1\" style=\"width: 100%\">\n<tbody>\n<tr>\n<td style=\"text-align: center\">Quantit\u00e9<\/td>\n<td style=\"text-align: center\">% Valeur quotidienne*<\/td>\n<\/tr>\n<tr>\n<td>Vitamine C<\/td>\n<td>625%<\/td>\n<\/tr>\n<tr>\n<td>Cynorrhodon<\/td>\n<td>&#8211;<\/td>\n<\/tr>\n<\/tbody>\n<\/table>\n<p>*Les valeurs quotidiennes percentuelles sont bas\u00e9es sur un r\u00e9gime alimentaire de 2000 calories.<\/p>\n<p><strong>Utilisation recommand\u00e9e :<\/strong><br \/>\nPrendre une (1) tablette par jour, id\u00e9alement lors d&#8217;un repas.Ce format pratique permet une utilisation simple au quotidien.<\/p>\n<p><strong>Packaging :<\/strong><br \/>\nLe produit est pr\u00e9sent\u00e9 en flacon contenant 250 tablettes faciles \u00e0 consommer gr\u00e2ce \u00e0 leur taille adapt\u00e9e et leur texture agr\u00e9able.<\/p>\n<p>SOLGAR Vitamin C with Rose Hips est un compl\u00e9ment simple pour un usage quotidien, con\u00e7u sans ar\u00f4mes artificiels ni conservateurs, refl\u00e9tant l&#8217;engagement de la marque envers la qualit\u00e9 et la naturalit\u00e9. Un excellent choix pour compl\u00e9menter votre routine journali\u00e8re avec des \u00e9l\u00e9ments issus de sources naturelles.<\/p>\n","protected":false},"excerpt":{"rendered":"<p>SOLGAR Vitamin C with Rose Hips (250 tabs) Description : D\u00e9couvrez SOLGAR Vitamin C with Rose Hips, un choix parfait pour ceux qui appr\u00e9cient les ingr\u00e9dients naturels dans un mode de vie sain. Ce produit est formul\u00e9 \u00e0 partir de vitamine C et d&#8217;extrait de cynorrhodon,connus pour leur origine naturelle et leur grande puret\u00e9. Ingr\u00e9dients [&#8230;]\n","protected":false},"featured_media":279664,"comment_status":"closed","ping_status":"open","template":"","meta":[],"product_brand":[4760],"product_cat":[5053],"product_tag":[],"class_list":{"0":"post-305533","1":"product","2":"type-product","3":"status-publish","4":"has-post-thumbnail","6":"product_brand-solgar-2","7":"product_cat-vitamines-et-mineraux","9":"first","10":"instock","11":"taxable","12":"shipping-taxable","13":"purchasable","14":"product-type-simple"},"yoast_head":"<!-- This site is optimized with the Yoast SEO Premium plugin v27.3 (Yoast SEO v27.3) - https:\/\/yoast.com\/product\/yoast-seo-premium-wordpress\/ -->\n<title>Vitamine C avec \u00e9glantier de SOLGAR (250 comprim\u00e9s) - ECO Supplements<\/title>\n<meta name=\"description\" content=\"Wij hebben een ruime keuze aan producten van Vitamine C avec \u00e9glantier de SOLGAR (250 comprim\u00e9s) . Winkel bij Eco Supplements altijd gratis verzending boven 100\u20ac\" \/>\n<meta name=\"robots\" content=\"index, follow, max-snippet:-1, max-image-preview:large, max-video-preview:-1\" \/>\n<link rel=\"canonical\" href=\"https:\/\/ecosupplements.be\/fr\/produit\/solgar-vitamin-c-with-rose-hips-250-tabs\/\" \/>\n<meta property=\"og:locale\" content=\"fr_FR\" \/>\n<meta property=\"og:type\" content=\"article\" \/>\n<meta property=\"og:title\" content=\"Vitamine C avec \u00e9glantier de SOLGAR (250 comprim\u00e9s)\" \/>\n<meta property=\"og:description\" content=\"Wij hebben een ruime keuze aan producten van Vitamine C avec \u00e9glantier de SOLGAR (250 comprim\u00e9s) . Winkel bij Eco Supplements altijd gratis verzending boven 100\u20ac\" \/>\n<meta property=\"og:url\" content=\"https:\/\/ecosupplements.be\/fr\/produit\/solgar-vitamin-c-with-rose-hips-250-tabs\/\" \/>\n<meta property=\"og:site_name\" content=\"ECO Supplements\" \/>\n<meta property=\"article:modified_time\" content=\"2025-08-28T03:41:51+00:00\" \/>\n<meta property=\"og:image\" content=\"https:\/\/ecosupplements.be\/wp-content\/uploads\/2025\/08\/Solgar-SOLGAR-Vitamin-C-with-Rose-Hips-250-tabs.png\" \/>\n\t<meta property=\"og:image:width\" content=\"500\" \/>\n\t<meta property=\"og:image:height\" content=\"499\" \/>\n\t<meta property=\"og:image:type\" content=\"image\/jpeg\" \/>\n<meta name=\"twitter:card\" content=\"summary_large_image\" \/>\n<meta name=\"twitter:label1\" content=\"Prix\" \/>\n\t<meta name=\"twitter:data1\" content=\"32.01&nbsp;&euro;\" \/>\n\t<meta name=\"twitter:label2\" content=\"Disponibilit\u00e9\" \/>\n\t<meta name=\"twitter:data2\" content=\"En stock\" \/>\n<script type=\"application\/ld+json\" class=\"yoast-schema-graph\">{\"@context\":\"https:\\\/\\\/schema.org\",\"@graph\":[{\"@type\":[\"WebPage\",\"ItemPage\"],\"@id\":\"https:\\\/\\\/ecosupplements.be\\\/fr\\\/produit\\\/solgar-vitamin-c-with-rose-hips-250-tabs\\\/\",\"url\":\"https:\\\/\\\/ecosupplements.be\\\/fr\\\/produit\\\/solgar-vitamin-c-with-rose-hips-250-tabs\\\/\",\"name\":\"Vitamine C avec \u00e9glantier de SOLGAR (250 comprim\u00e9s) - ECO Supplements\",\"isPartOf\":{\"@id\":\"https:\\\/\\\/ecosupplements.be\\\/fr\\\/#website\"},\"primaryImageOfPage\":{\"@id\":\"https:\\\/\\\/ecosupplements.be\\\/fr\\\/produit\\\/solgar-vitamin-c-with-rose-hips-250-tabs\\\/#primaryimage\"},\"image\":{\"@id\":\"https:\\\/\\\/ecosupplements.be\\\/fr\\\/produit\\\/solgar-vitamin-c-with-rose-hips-250-tabs\\\/#primaryimage\"},\"thumbnailUrl\":\"https:\\\/\\\/ecosupplements.be\\\/wp-content\\\/uploads\\\/2025\\\/08\\\/SOLGAR-Vitamin-C-with-Rose-Hips-250-tabs.png\",\"datePublished\":\"2025-07-28T15:15:12+00:00\",\"dateModified\":\"2025-08-28T03:41:51+00:00\",\"description\":\"Wij hebben een ruime keuze aan producten van Vitamine C avec \u00e9glantier de SOLGAR (250 comprim\u00e9s) . Winkel bij Eco Supplements altijd gratis verzending boven 100\u20ac\",\"breadcrumb\":{\"@id\":\"https:\\\/\\\/ecosupplements.be\\\/fr\\\/produit\\\/solgar-vitamin-c-with-rose-hips-250-tabs\\\/#breadcrumb\"},\"inLanguage\":\"fr-FR\",\"potentialAction\":[{\"@type\":\"ReadAction\",\"target\":[\"https:\\\/\\\/ecosupplements.be\\\/fr\\\/produit\\\/solgar-vitamin-c-with-rose-hips-250-tabs\\\/\"]}]},{\"@type\":\"ImageObject\",\"inLanguage\":\"fr-FR\",\"@id\":\"https:\\\/\\\/ecosupplements.be\\\/fr\\\/produit\\\/solgar-vitamin-c-with-rose-hips-250-tabs\\\/#primaryimage\",\"url\":\"https:\\\/\\\/ecosupplements.be\\\/wp-content\\\/uploads\\\/2025\\\/08\\\/SOLGAR-Vitamin-C-with-Rose-Hips-250-tabs.png\",\"contentUrl\":\"https:\\\/\\\/ecosupplements.be\\\/wp-content\\\/uploads\\\/2025\\\/08\\\/SOLGAR-Vitamin-C-with-Rose-Hips-250-tabs.png\",\"width\":500,\"height\":499},{\"@type\":\"BreadcrumbList\",\"@id\":\"https:\\\/\\\/ecosupplements.be\\\/fr\\\/produit\\\/solgar-vitamin-c-with-rose-hips-250-tabs\\\/#breadcrumb\",\"itemListElement\":[{\"@type\":\"ListItem\",\"position\":1,\"name\":\"Home\",\"item\":\"https:\\\/\\\/ecosupplements.be\\\/fr\\\/\"},{\"@type\":\"ListItem\",\"position\":2,\"name\":\"Boutique\",\"item\":\"https:\\\/\\\/ecosupplements.be\\\/fr\\\/boutique\\\/\"},{\"@type\":\"ListItem\",\"position\":3,\"name\":\"Vitamine C avec \u00e9glantier de SOLGAR (250 comprim\u00e9s)\"}]},{\"@type\":\"WebSite\",\"@id\":\"https:\\\/\\\/ecosupplements.be\\\/fr\\\/#website\",\"url\":\"https:\\\/\\\/ecosupplements.be\\\/fr\\\/\",\"name\":\"ECO Supplements\",\"description\":\"Eco Supplements - Gezonde supplementen\",\"publisher\":{\"@id\":\"https:\\\/\\\/ecosupplements.be\\\/fr\\\/#organization\"},\"potentialAction\":[{\"@type\":\"SearchAction\",\"target\":{\"@type\":\"EntryPoint\",\"urlTemplate\":\"https:\\\/\\\/ecosupplements.be\\\/fr\\\/?s={search_term_string}\"},\"query-input\":{\"@type\":\"PropertyValueSpecification\",\"valueRequired\":true,\"valueName\":\"search_term_string\"}}],\"inLanguage\":\"fr-FR\"},{\"@type\":\"Organization\",\"@id\":\"https:\\\/\\\/ecosupplements.be\\\/fr\\\/#organization\",\"name\":\"Eco Supplements\",\"url\":\"https:\\\/\\\/ecosupplements.be\\\/fr\\\/\",\"logo\":{\"@type\":\"ImageObject\",\"inLanguage\":\"fr-FR\",\"@id\":\"https:\\\/\\\/ecosupplements.be\\\/fr\\\/#\\\/schema\\\/logo\\\/image\\\/\",\"url\":\"https:\\\/\\\/ecosupplements.be\\\/wp-content\\\/uploads\\\/2022\\\/06\\\/ecosupplement-family.png\",\"contentUrl\":\"https:\\\/\\\/ecosupplements.be\\\/wp-content\\\/uploads\\\/2022\\\/06\\\/ecosupplement-family.png\",\"width\":593,\"height\":374,\"caption\":\"Eco Supplements\"},\"image\":{\"@id\":\"https:\\\/\\\/ecosupplements.be\\\/fr\\\/#\\\/schema\\\/logo\\\/image\\\/\"}}]}<\/script>\n<meta property=\"product:brand\" content=\"Solgar\" \/>\n<meta property=\"product:price:amount\" content=\"32.01\" \/>\n<meta property=\"product:price:currency\" content=\"EUR\" \/>\n<meta property=\"og:availability\" content=\"instock\" \/>\n<meta property=\"product:availability\" content=\"instock\" \/>\n<meta property=\"product:retailer_item_id\" content=\"033984023819\" \/>\n<meta property=\"product:condition\" content=\"new\" \/>\n<!-- \/ Yoast SEO Premium plugin. -->","yoast_head_json":{"title":"Vitamine C avec \u00e9glantier de SOLGAR (250 comprim\u00e9s) - ECO Supplements","description":"Wij hebben een ruime keuze aan producten van Vitamine C avec \u00e9glantier de SOLGAR (250 comprim\u00e9s) . Winkel bij Eco Supplements altijd gratis verzending boven 100\u20ac","robots":{"index":"index","follow":"follow","max-snippet":"max-snippet:-1","max-image-preview":"max-image-preview:large","max-video-preview":"max-video-preview:-1"},"canonical":"https:\/\/ecosupplements.be\/fr\/produit\/solgar-vitamin-c-with-rose-hips-250-tabs\/","og_locale":"fr_FR","og_type":"article","og_title":"Vitamine C avec \u00e9glantier de SOLGAR (250 comprim\u00e9s)","og_description":"Wij hebben een ruime keuze aan producten van Vitamine C avec \u00e9glantier de SOLGAR (250 comprim\u00e9s) . Winkel bij Eco Supplements altijd gratis verzending boven 100\u20ac","og_url":"https:\/\/ecosupplements.be\/fr\/produit\/solgar-vitamin-c-with-rose-hips-250-tabs\/","og_site_name":"ECO Supplements","article_modified_time":"2025-08-28T03:41:51+00:00","og_image":[{"width":500,"height":499,"url":"https:\/\/ecosupplements.be\/wp-content\/uploads\/2025\/08\/Solgar-SOLGAR-Vitamin-C-with-Rose-Hips-250-tabs.png","type":"image\/jpeg"}],"twitter_card":"summary_large_image","twitter_misc":{"Prix":"32.01&nbsp;&euro;","Disponibilit\u00e9":"En stock"},"schema":{"@context":"https:\/\/schema.org","@graph":[{"@type":["WebPage","ItemPage"],"@id":"https:\/\/ecosupplements.be\/fr\/produit\/solgar-vitamin-c-with-rose-hips-250-tabs\/","url":"https:\/\/ecosupplements.be\/fr\/produit\/solgar-vitamin-c-with-rose-hips-250-tabs\/","name":"Vitamine C avec \u00e9glantier de SOLGAR (250 comprim\u00e9s) - ECO Supplements","isPartOf":{"@id":"https:\/\/ecosupplements.be\/fr\/#website"},"primaryImageOfPage":{"@id":"https:\/\/ecosupplements.be\/fr\/produit\/solgar-vitamin-c-with-rose-hips-250-tabs\/#primaryimage"},"image":{"@id":"https:\/\/ecosupplements.be\/fr\/produit\/solgar-vitamin-c-with-rose-hips-250-tabs\/#primaryimage"},"thumbnailUrl":"https:\/\/ecosupplements.be\/wp-content\/uploads\/2025\/08\/SOLGAR-Vitamin-C-with-Rose-Hips-250-tabs.png","datePublished":"2025-07-28T15:15:12+00:00","dateModified":"2025-08-28T03:41:51+00:00","description":"Wij hebben een ruime keuze aan producten van Vitamine C avec \u00e9glantier de SOLGAR (250 comprim\u00e9s) . Winkel bij Eco Supplements altijd gratis verzending boven 100\u20ac","breadcrumb":{"@id":"https:\/\/ecosupplements.be\/fr\/produit\/solgar-vitamin-c-with-rose-hips-250-tabs\/#breadcrumb"},"inLanguage":"fr-FR","potentialAction":[{"@type":"ReadAction","target":["https:\/\/ecosupplements.be\/fr\/produit\/solgar-vitamin-c-with-rose-hips-250-tabs\/"]}]},{"@type":"ImageObject","inLanguage":"fr-FR","@id":"https:\/\/ecosupplements.be\/fr\/produit\/solgar-vitamin-c-with-rose-hips-250-tabs\/#primaryimage","url":"https:\/\/ecosupplements.be\/wp-content\/uploads\/2025\/08\/SOLGAR-Vitamin-C-with-Rose-Hips-250-tabs.png","contentUrl":"https:\/\/ecosupplements.be\/wp-content\/uploads\/2025\/08\/SOLGAR-Vitamin-C-with-Rose-Hips-250-tabs.png","width":500,"height":499},{"@type":"BreadcrumbList","@id":"https:\/\/ecosupplements.be\/fr\/produit\/solgar-vitamin-c-with-rose-hips-250-tabs\/#breadcrumb","itemListElement":[{"@type":"ListItem","position":1,"name":"Home","item":"https:\/\/ecosupplements.be\/fr\/"},{"@type":"ListItem","position":2,"name":"Boutique","item":"https:\/\/ecosupplements.be\/fr\/boutique\/"},{"@type":"ListItem","position":3,"name":"Vitamine C avec \u00e9glantier de SOLGAR (250 comprim\u00e9s)"}]},{"@type":"WebSite","@id":"https:\/\/ecosupplements.be\/fr\/#website","url":"https:\/\/ecosupplements.be\/fr\/","name":"ECO Supplements","description":"Eco Supplements - Gezonde supplementen","publisher":{"@id":"https:\/\/ecosupplements.be\/fr\/#organization"},"potentialAction":[{"@type":"SearchAction","target":{"@type":"EntryPoint","urlTemplate":"https:\/\/ecosupplements.be\/fr\/?s={search_term_string}"},"query-input":{"@type":"PropertyValueSpecification","valueRequired":true,"valueName":"search_term_string"}}],"inLanguage":"fr-FR"},{"@type":"Organization","@id":"https:\/\/ecosupplements.be\/fr\/#organization","name":"Eco Supplements","url":"https:\/\/ecosupplements.be\/fr\/","logo":{"@type":"ImageObject","inLanguage":"fr-FR","@id":"https:\/\/ecosupplements.be\/fr\/#\/schema\/logo\/image\/","url":"https:\/\/ecosupplements.be\/wp-content\/uploads\/2022\/06\/ecosupplement-family.png","contentUrl":"https:\/\/ecosupplements.be\/wp-content\/uploads\/2022\/06\/ecosupplement-family.png","width":593,"height":374,"caption":"Eco Supplements"},"image":{"@id":"https:\/\/ecosupplements.be\/fr\/#\/schema\/logo\/image\/"}}]},"product_brand":"Solgar","product_price_amount":"32.01","product_price_currency":"EUR","og_availability":"instock","product_availability":"instock","product_retailer_item_id":"033984023819","product_condition":"new"},"_links":{"self":[{"href":"https:\/\/ecosupplements.be\/fr\/wp-json\/wp\/v2\/product\/305533","targetHints":{"allow":["GET"]}}],"collection":[{"href":"https:\/\/ecosupplements.be\/fr\/wp-json\/wp\/v2\/product"}],"about":[{"href":"https:\/\/ecosupplements.be\/fr\/wp-json\/wp\/v2\/types\/product"}],"replies":[{"embeddable":true,"href":"https:\/\/ecosupplements.be\/fr\/wp-json\/wp\/v2\/comments?post=305533"}],"wp:featuredmedia":[{"embeddable":true,"href":"https:\/\/ecosupplements.be\/fr\/wp-json\/wp\/v2\/media\/279664"}],"wp:attachment":[{"href":"https:\/\/ecosupplements.be\/fr\/wp-json\/wp\/v2\/media?parent=305533"}],"wp:term":[{"taxonomy":"product_brand","embeddable":true,"href":"https:\/\/ecosupplements.be\/fr\/wp-json\/wp\/v2\/product_brand?post=305533"},{"taxonomy":"product_cat","embeddable":true,"href":"https:\/\/ecosupplements.be\/fr\/wp-json\/wp\/v2\/product_cat?post=305533"},{"taxonomy":"product_tag","embeddable":true,"href":"https:\/\/ecosupplements.be\/fr\/wp-json\/wp\/v2\/product_tag?post=305533"}],"curies":[{"name":"wp","href":"https:\/\/api.w.org\/{rel}","templated":true}]}}