{"id":305536,"date":"2025-07-28T16:15:12","date_gmt":"2025-07-28T15:15:12","guid":{"rendered":"https:\/\/ecosupplements.be\/product\/solgar-vitamin-d3-cholecalciferol-10-mcg-400-iu-250-caps\/"},"modified":"2025-08-28T04:41:54","modified_gmt":"2025-08-28T03:41:54","slug":"solgar-vitamin-d3-cholecalciferol-10-mcg-400-iu-250-caps","status":"publish","type":"product","link":"https:\/\/ecosupplements.be\/fr\/produit\/solgar-vitamin-d3-cholecalciferol-10-mcg-400-iu-250-caps\/","title":{"rendered":"SOLGAR Vitamine D3 (Chol\u00e9calcif\u00e9rol) 10 mcg (400 UI) (250 g\u00e9lules)"},"content":{"rendered":"<p><strong>Nom du produit :<\/strong> SOLGAR Vitamin D3 (Cholecalciferol) 10 mcg (400 IU) &#8211; 250 capsules<\/p>\n<p><strong>Ingr\u00e9dients principaux :<\/strong> Chaque capsule contient de la vitamine D3 issue de l&#8217;huile de foie de poisson et du chol\u00e9calcif\u00e9rol, encapsul\u00e9e avec de l&#8217;huile de carthame, gelatine bovine et glyc\u00e9rine v\u00e9g\u00e9tale.<\/p>\n<p><strong>contenu et emballage :<\/strong> Ce produit est pr\u00e9sent\u00e9 dans un flacon contenant 250 capsules faciles \u00e0 avaler.<\/p>\n<p><strong>Utilisation :<\/strong> Il est recommand\u00e9 de prendre une capsule jusqu&#8217;\u00e0 deux fois par jour, id\u00e9alement lors des repas pour une int\u00e9gration simple dans votre routine quotidienne.<\/p>\n<p><em>&#8220;un choix parfait pour ceux qui appr\u00e9cient les ingr\u00e9dients naturels dans un mode de vie sain.&#8221;<\/em><\/p>\n<p>Ces capsules sont con\u00e7ues pour \u00eatre simples d&#8217;utilisation avec leur format pratique qui s&#8217;int\u00e8gre ais\u00e9ment \u00e0 tout style de vie actif. Elles sont fabriqu\u00e9es sans ar\u00f4mes artificiels, ce qui en fait un choix naturel pour votre quotidien.<\/p>\n<p>SOLGAR s&#8217;engage \u00e0 fournir des produits d&#8217;une grande puret\u00e9 et qualit\u00e9, en utilisant des ingr\u00e9dients issus d&#8217;une source contr\u00f4l\u00e9e et durable. Ce compl\u00e9ment alimentaire est \u00e9labor\u00e9 selon les normes strictes garantissant la conservation optimale des propri\u00e9t\u00e9s naturelles des ingr\u00e9dients.<\/p>\n","protected":false},"excerpt":{"rendered":"<p>Nom du produit : SOLGAR Vitamin D3 (Cholecalciferol) 10 mcg (400 IU) &#8211; 250 capsules Ingr\u00e9dients principaux : Chaque capsule contient de la vitamine D3 issue de l&#8217;huile de foie de poisson et du chol\u00e9calcif\u00e9rol, encapsul\u00e9e avec de l&#8217;huile de carthame, gelatine bovine et glyc\u00e9rine v\u00e9g\u00e9tale. contenu et emballage : Ce produit est pr\u00e9sent\u00e9 dans [&#8230;]\n","protected":false},"featured_media":279667,"comment_status":"closed","ping_status":"open","template":"","meta":[],"product_brand":[4760],"product_cat":[5053],"product_tag":[],"class_list":{"0":"post-305536","1":"product","2":"type-product","3":"status-publish","4":"has-post-thumbnail","6":"product_brand-solgar-2","7":"product_cat-vitamines-et-mineraux","9":"first","10":"instock","11":"taxable","12":"shipping-taxable","13":"purchasable","14":"product-type-simple"},"yoast_head":"<!-- This site is optimized with the Yoast SEO Premium plugin v27.3 (Yoast SEO v27.3) - https:\/\/yoast.com\/product\/yoast-seo-premium-wordpress\/ -->\n<title>SOLGAR Vitamine D3 (Chol\u00e9calcif\u00e9rol) 10 mcg (400 UI) (250 g\u00e9lules) - ECO Supplements<\/title>\n<meta name=\"description\" content=\"Wij hebben een ruime keuze aan producten van SOLGAR Vitamine D3 (Chol\u00e9calcif\u00e9rol) 10 mcg (400 UI) (250 g\u00e9lules) . Winkel bij Eco Supplements altijd gratis verzending boven 100\u20ac\" \/>\n<meta name=\"robots\" content=\"index, follow, max-snippet:-1, max-image-preview:large, max-video-preview:-1\" \/>\n<link rel=\"canonical\" href=\"https:\/\/ecosupplements.be\/fr\/produit\/solgar-vitamin-d3-cholecalciferol-10-mcg-400-iu-250-caps\/\" \/>\n<meta property=\"og:locale\" content=\"fr_FR\" \/>\n<meta property=\"og:type\" content=\"article\" \/>\n<meta property=\"og:title\" content=\"SOLGAR Vitamine D3 (Chol\u00e9calcif\u00e9rol) 10 mcg (400 UI) (250 g\u00e9lules)\" \/>\n<meta property=\"og:description\" content=\"Wij hebben een ruime keuze aan producten van SOLGAR Vitamine D3 (Chol\u00e9calcif\u00e9rol) 10 mcg (400 UI) (250 g\u00e9lules) . Winkel bij Eco Supplements altijd gratis verzending boven 100\u20ac\" \/>\n<meta property=\"og:url\" content=\"https:\/\/ecosupplements.be\/fr\/produit\/solgar-vitamin-d3-cholecalciferol-10-mcg-400-iu-250-caps\/\" \/>\n<meta property=\"og:site_name\" content=\"ECO Supplements\" \/>\n<meta property=\"article:modified_time\" content=\"2025-08-28T03:41:54+00:00\" \/>\n<meta property=\"og:image\" content=\"https:\/\/ecosupplements.be\/wp-content\/uploads\/2025\/08\/Solgar-SOLGAR-Vitamin-D3-Cholecalciferol-10-mcg-400-IU-250-caps.png\" \/>\n\t<meta property=\"og:image:width\" content=\"499\" \/>\n\t<meta property=\"og:image:height\" content=\"500\" \/>\n\t<meta property=\"og:image:type\" content=\"image\/jpeg\" \/>\n<meta name=\"twitter:card\" content=\"summary_large_image\" \/>\n<meta name=\"twitter:label1\" content=\"Prix\" \/>\n\t<meta name=\"twitter:data1\" content=\"10.59&nbsp;&euro;\" \/>\n\t<meta name=\"twitter:label2\" content=\"Disponibilit\u00e9\" \/>\n\t<meta name=\"twitter:data2\" content=\"En stock\" \/>\n<script type=\"application\/ld+json\" class=\"yoast-schema-graph\">{\"@context\":\"https:\\\/\\\/schema.org\",\"@graph\":[{\"@type\":[\"WebPage\",\"ItemPage\"],\"@id\":\"https:\\\/\\\/ecosupplements.be\\\/fr\\\/produit\\\/solgar-vitamin-d3-cholecalciferol-10-mcg-400-iu-250-caps\\\/\",\"url\":\"https:\\\/\\\/ecosupplements.be\\\/fr\\\/produit\\\/solgar-vitamin-d3-cholecalciferol-10-mcg-400-iu-250-caps\\\/\",\"name\":\"SOLGAR Vitamine D3 (Chol\u00e9calcif\u00e9rol) 10 mcg (400 UI) (250 g\u00e9lules) - ECO Supplements\",\"isPartOf\":{\"@id\":\"https:\\\/\\\/ecosupplements.be\\\/fr\\\/#website\"},\"primaryImageOfPage\":{\"@id\":\"https:\\\/\\\/ecosupplements.be\\\/fr\\\/produit\\\/solgar-vitamin-d3-cholecalciferol-10-mcg-400-iu-250-caps\\\/#primaryimage\"},\"image\":{\"@id\":\"https:\\\/\\\/ecosupplements.be\\\/fr\\\/produit\\\/solgar-vitamin-d3-cholecalciferol-10-mcg-400-iu-250-caps\\\/#primaryimage\"},\"thumbnailUrl\":\"https:\\\/\\\/ecosupplements.be\\\/wp-content\\\/uploads\\\/2025\\\/08\\\/SOLGAR-Vitamin-D3-Cholecalciferol-10-mcg-400-IU-250-caps.png\",\"datePublished\":\"2025-07-28T15:15:12+00:00\",\"dateModified\":\"2025-08-28T03:41:54+00:00\",\"description\":\"Wij hebben een ruime keuze aan producten van SOLGAR Vitamine D3 (Chol\u00e9calcif\u00e9rol) 10 mcg (400 UI) (250 g\u00e9lules) . Winkel bij Eco Supplements altijd gratis verzending boven 100\u20ac\",\"breadcrumb\":{\"@id\":\"https:\\\/\\\/ecosupplements.be\\\/fr\\\/produit\\\/solgar-vitamin-d3-cholecalciferol-10-mcg-400-iu-250-caps\\\/#breadcrumb\"},\"inLanguage\":\"fr-FR\",\"potentialAction\":[{\"@type\":\"ReadAction\",\"target\":[\"https:\\\/\\\/ecosupplements.be\\\/fr\\\/produit\\\/solgar-vitamin-d3-cholecalciferol-10-mcg-400-iu-250-caps\\\/\"]}]},{\"@type\":\"ImageObject\",\"inLanguage\":\"fr-FR\",\"@id\":\"https:\\\/\\\/ecosupplements.be\\\/fr\\\/produit\\\/solgar-vitamin-d3-cholecalciferol-10-mcg-400-iu-250-caps\\\/#primaryimage\",\"url\":\"https:\\\/\\\/ecosupplements.be\\\/wp-content\\\/uploads\\\/2025\\\/08\\\/SOLGAR-Vitamin-D3-Cholecalciferol-10-mcg-400-IU-250-caps.png\",\"contentUrl\":\"https:\\\/\\\/ecosupplements.be\\\/wp-content\\\/uploads\\\/2025\\\/08\\\/SOLGAR-Vitamin-D3-Cholecalciferol-10-mcg-400-IU-250-caps.png\",\"width\":499,\"height\":500},{\"@type\":\"BreadcrumbList\",\"@id\":\"https:\\\/\\\/ecosupplements.be\\\/fr\\\/produit\\\/solgar-vitamin-d3-cholecalciferol-10-mcg-400-iu-250-caps\\\/#breadcrumb\",\"itemListElement\":[{\"@type\":\"ListItem\",\"position\":1,\"name\":\"Home\",\"item\":\"https:\\\/\\\/ecosupplements.be\\\/fr\\\/\"},{\"@type\":\"ListItem\",\"position\":2,\"name\":\"Boutique\",\"item\":\"https:\\\/\\\/ecosupplements.be\\\/fr\\\/boutique\\\/\"},{\"@type\":\"ListItem\",\"position\":3,\"name\":\"SOLGAR Vitamine D3 (Chol\u00e9calcif\u00e9rol) 10 mcg (400 UI) (250 g\u00e9lules)\"}]},{\"@type\":\"WebSite\",\"@id\":\"https:\\\/\\\/ecosupplements.be\\\/fr\\\/#website\",\"url\":\"https:\\\/\\\/ecosupplements.be\\\/fr\\\/\",\"name\":\"ECO Supplements\",\"description\":\"Eco Supplements - Gezonde supplementen\",\"publisher\":{\"@id\":\"https:\\\/\\\/ecosupplements.be\\\/fr\\\/#organization\"},\"potentialAction\":[{\"@type\":\"SearchAction\",\"target\":{\"@type\":\"EntryPoint\",\"urlTemplate\":\"https:\\\/\\\/ecosupplements.be\\\/fr\\\/?s={search_term_string}\"},\"query-input\":{\"@type\":\"PropertyValueSpecification\",\"valueRequired\":true,\"valueName\":\"search_term_string\"}}],\"inLanguage\":\"fr-FR\"},{\"@type\":\"Organization\",\"@id\":\"https:\\\/\\\/ecosupplements.be\\\/fr\\\/#organization\",\"name\":\"Eco Supplements\",\"url\":\"https:\\\/\\\/ecosupplements.be\\\/fr\\\/\",\"logo\":{\"@type\":\"ImageObject\",\"inLanguage\":\"fr-FR\",\"@id\":\"https:\\\/\\\/ecosupplements.be\\\/fr\\\/#\\\/schema\\\/logo\\\/image\\\/\",\"url\":\"https:\\\/\\\/ecosupplements.be\\\/wp-content\\\/uploads\\\/2022\\\/06\\\/ecosupplement-family.png\",\"contentUrl\":\"https:\\\/\\\/ecosupplements.be\\\/wp-content\\\/uploads\\\/2022\\\/06\\\/ecosupplement-family.png\",\"width\":593,\"height\":374,\"caption\":\"Eco Supplements\"},\"image\":{\"@id\":\"https:\\\/\\\/ecosupplements.be\\\/fr\\\/#\\\/schema\\\/logo\\\/image\\\/\"}}]}<\/script>\n<meta property=\"product:brand\" content=\"Solgar\" \/>\n<meta property=\"product:price:amount\" content=\"10.59\" \/>\n<meta property=\"product:price:currency\" content=\"EUR\" \/>\n<meta property=\"og:availability\" content=\"instock\" \/>\n<meta property=\"product:availability\" content=\"instock\" \/>\n<meta property=\"product:retailer_item_id\" content=\"033984033207\" \/>\n<meta property=\"product:condition\" content=\"new\" \/>\n<!-- \/ Yoast SEO Premium plugin. -->","yoast_head_json":{"title":"SOLGAR Vitamine D3 (Chol\u00e9calcif\u00e9rol) 10 mcg (400 UI) (250 g\u00e9lules) - ECO Supplements","description":"Wij hebben een ruime keuze aan producten van SOLGAR Vitamine D3 (Chol\u00e9calcif\u00e9rol) 10 mcg (400 UI) (250 g\u00e9lules) . Winkel bij Eco Supplements altijd gratis verzending boven 100\u20ac","robots":{"index":"index","follow":"follow","max-snippet":"max-snippet:-1","max-image-preview":"max-image-preview:large","max-video-preview":"max-video-preview:-1"},"canonical":"https:\/\/ecosupplements.be\/fr\/produit\/solgar-vitamin-d3-cholecalciferol-10-mcg-400-iu-250-caps\/","og_locale":"fr_FR","og_type":"article","og_title":"SOLGAR Vitamine D3 (Chol\u00e9calcif\u00e9rol) 10 mcg (400 UI) (250 g\u00e9lules)","og_description":"Wij hebben een ruime keuze aan producten van SOLGAR Vitamine D3 (Chol\u00e9calcif\u00e9rol) 10 mcg (400 UI) (250 g\u00e9lules) . Winkel bij Eco Supplements altijd gratis verzending boven 100\u20ac","og_url":"https:\/\/ecosupplements.be\/fr\/produit\/solgar-vitamin-d3-cholecalciferol-10-mcg-400-iu-250-caps\/","og_site_name":"ECO Supplements","article_modified_time":"2025-08-28T03:41:54+00:00","og_image":[{"width":499,"height":500,"url":"https:\/\/ecosupplements.be\/wp-content\/uploads\/2025\/08\/Solgar-SOLGAR-Vitamin-D3-Cholecalciferol-10-mcg-400-IU-250-caps.png","type":"image\/jpeg"}],"twitter_card":"summary_large_image","twitter_misc":{"Prix":"10.59&nbsp;&euro;","Disponibilit\u00e9":"En stock"},"schema":{"@context":"https:\/\/schema.org","@graph":[{"@type":["WebPage","ItemPage"],"@id":"https:\/\/ecosupplements.be\/fr\/produit\/solgar-vitamin-d3-cholecalciferol-10-mcg-400-iu-250-caps\/","url":"https:\/\/ecosupplements.be\/fr\/produit\/solgar-vitamin-d3-cholecalciferol-10-mcg-400-iu-250-caps\/","name":"SOLGAR Vitamine D3 (Chol\u00e9calcif\u00e9rol) 10 mcg (400 UI) (250 g\u00e9lules) - ECO Supplements","isPartOf":{"@id":"https:\/\/ecosupplements.be\/fr\/#website"},"primaryImageOfPage":{"@id":"https:\/\/ecosupplements.be\/fr\/produit\/solgar-vitamin-d3-cholecalciferol-10-mcg-400-iu-250-caps\/#primaryimage"},"image":{"@id":"https:\/\/ecosupplements.be\/fr\/produit\/solgar-vitamin-d3-cholecalciferol-10-mcg-400-iu-250-caps\/#primaryimage"},"thumbnailUrl":"https:\/\/ecosupplements.be\/wp-content\/uploads\/2025\/08\/SOLGAR-Vitamin-D3-Cholecalciferol-10-mcg-400-IU-250-caps.png","datePublished":"2025-07-28T15:15:12+00:00","dateModified":"2025-08-28T03:41:54+00:00","description":"Wij hebben een ruime keuze aan producten van SOLGAR Vitamine D3 (Chol\u00e9calcif\u00e9rol) 10 mcg (400 UI) (250 g\u00e9lules) . Winkel bij Eco Supplements altijd gratis verzending boven 100\u20ac","breadcrumb":{"@id":"https:\/\/ecosupplements.be\/fr\/produit\/solgar-vitamin-d3-cholecalciferol-10-mcg-400-iu-250-caps\/#breadcrumb"},"inLanguage":"fr-FR","potentialAction":[{"@type":"ReadAction","target":["https:\/\/ecosupplements.be\/fr\/produit\/solgar-vitamin-d3-cholecalciferol-10-mcg-400-iu-250-caps\/"]}]},{"@type":"ImageObject","inLanguage":"fr-FR","@id":"https:\/\/ecosupplements.be\/fr\/produit\/solgar-vitamin-d3-cholecalciferol-10-mcg-400-iu-250-caps\/#primaryimage","url":"https:\/\/ecosupplements.be\/wp-content\/uploads\/2025\/08\/SOLGAR-Vitamin-D3-Cholecalciferol-10-mcg-400-IU-250-caps.png","contentUrl":"https:\/\/ecosupplements.be\/wp-content\/uploads\/2025\/08\/SOLGAR-Vitamin-D3-Cholecalciferol-10-mcg-400-IU-250-caps.png","width":499,"height":500},{"@type":"BreadcrumbList","@id":"https:\/\/ecosupplements.be\/fr\/produit\/solgar-vitamin-d3-cholecalciferol-10-mcg-400-iu-250-caps\/#breadcrumb","itemListElement":[{"@type":"ListItem","position":1,"name":"Home","item":"https:\/\/ecosupplements.be\/fr\/"},{"@type":"ListItem","position":2,"name":"Boutique","item":"https:\/\/ecosupplements.be\/fr\/boutique\/"},{"@type":"ListItem","position":3,"name":"SOLGAR Vitamine D3 (Chol\u00e9calcif\u00e9rol) 10 mcg (400 UI) (250 g\u00e9lules)"}]},{"@type":"WebSite","@id":"https:\/\/ecosupplements.be\/fr\/#website","url":"https:\/\/ecosupplements.be\/fr\/","name":"ECO Supplements","description":"Eco Supplements - Gezonde supplementen","publisher":{"@id":"https:\/\/ecosupplements.be\/fr\/#organization"},"potentialAction":[{"@type":"SearchAction","target":{"@type":"EntryPoint","urlTemplate":"https:\/\/ecosupplements.be\/fr\/?s={search_term_string}"},"query-input":{"@type":"PropertyValueSpecification","valueRequired":true,"valueName":"search_term_string"}}],"inLanguage":"fr-FR"},{"@type":"Organization","@id":"https:\/\/ecosupplements.be\/fr\/#organization","name":"Eco Supplements","url":"https:\/\/ecosupplements.be\/fr\/","logo":{"@type":"ImageObject","inLanguage":"fr-FR","@id":"https:\/\/ecosupplements.be\/fr\/#\/schema\/logo\/image\/","url":"https:\/\/ecosupplements.be\/wp-content\/uploads\/2022\/06\/ecosupplement-family.png","contentUrl":"https:\/\/ecosupplements.be\/wp-content\/uploads\/2022\/06\/ecosupplement-family.png","width":593,"height":374,"caption":"Eco Supplements"},"image":{"@id":"https:\/\/ecosupplements.be\/fr\/#\/schema\/logo\/image\/"}}]},"product_brand":"Solgar","product_price_amount":"10.59","product_price_currency":"EUR","og_availability":"instock","product_availability":"instock","product_retailer_item_id":"033984033207","product_condition":"new"},"_links":{"self":[{"href":"https:\/\/ecosupplements.be\/fr\/wp-json\/wp\/v2\/product\/305536","targetHints":{"allow":["GET"]}}],"collection":[{"href":"https:\/\/ecosupplements.be\/fr\/wp-json\/wp\/v2\/product"}],"about":[{"href":"https:\/\/ecosupplements.be\/fr\/wp-json\/wp\/v2\/types\/product"}],"replies":[{"embeddable":true,"href":"https:\/\/ecosupplements.be\/fr\/wp-json\/wp\/v2\/comments?post=305536"}],"wp:featuredmedia":[{"embeddable":true,"href":"https:\/\/ecosupplements.be\/fr\/wp-json\/wp\/v2\/media\/279667"}],"wp:attachment":[{"href":"https:\/\/ecosupplements.be\/fr\/wp-json\/wp\/v2\/media?parent=305536"}],"wp:term":[{"taxonomy":"product_brand","embeddable":true,"href":"https:\/\/ecosupplements.be\/fr\/wp-json\/wp\/v2\/product_brand?post=305536"},{"taxonomy":"product_cat","embeddable":true,"href":"https:\/\/ecosupplements.be\/fr\/wp-json\/wp\/v2\/product_cat?post=305536"},{"taxonomy":"product_tag","embeddable":true,"href":"https:\/\/ecosupplements.be\/fr\/wp-json\/wp\/v2\/product_tag?post=305536"}],"curies":[{"name":"wp","href":"https:\/\/api.w.org\/{rel}","templated":true}]}}