{"id":305617,"date":"2025-07-28T18:00:32","date_gmt":"2025-07-28T17:00:32","guid":{"rendered":"https:\/\/ecosupplements.be\/product\/osavi-collagen-beauty-sport-advanced-225-g\/"},"modified":"2025-08-28T04:43:33","modified_gmt":"2025-08-28T03:43:33","slug":"osavi-collagen-beauty-sport-advanced-225-g","status":"publish","type":"product","link":"https:\/\/ecosupplements.be\/fr\/produit\/osavi-collagen-beauty-sport-advanced-225-g\/","title":{"rendered":"Collag\u00e8ne Beaut\u00e9 &amp; Sport OSAVI (Avanc\u00e9) (225 g)"},"content":{"rendered":"<p><strong>Nom du produit :<\/strong> OSAVI Collagen Beauty &amp; Sport (Advanced) (225 g)<\/p>\n<p><strong>Description :<\/strong> D\u00e9couvrez une formule sp\u00e9cialement con\u00e7ue pour ceux qui appr\u00e9cient les ingr\u00e9dients de haute qualit\u00e9 et d&#8217;origine naturelle. Ce produit contient des peptides de collag\u00e8ne bovin, issus des technologies VERISOL\u00ae et TENDOFORTE\u00ae, connues pour leur puret\u00e9 exceptionnelle.<\/p>\n<p><strong>Ingr\u00e9dients principaux :<\/strong> Peptides de collag\u00e8ne bovin (VERISOL\u00ae, TENDOFORTE\u00ae).<\/p>\n<table border=\"1\" cellspacing=\"1\" cellpadding=\"1\" style=\"width: 500px\">\n<tbody>\n<tr>\n<td style=\"width: 199px\"><strong>Ingr\u00e9dients actifs<\/strong><\/td>\n<td style=\"width: 88px;text-align: center\"><strong>Pour 100g<\/strong><\/td>\n<td style=\"width: 99px;text-align: center\"><strong>Par dose (7,5 g)<\/strong><\/td>\n<\/tr>\n<tr>\n<td>Bioactive collagen peptides<\/td>\n<td>100 g<\/td>\n<td>7,5 g<\/td>\n<\/tr>\n<tr>\n<td>VERISOL\u00ae<\/td>\n<td>33,33 g<\/td>\n<td>2,5 g<\/td>\n<\/tr>\n<tr>\n<td>TENDOFORTE\u00ae<\/td>\n<td>66.67g<\/td>\n<td>5g<\/td>\n<p>    <\/ tr ><br \/>\n        <\/ tbody ><\/ table ><\/p>\n<p><strong> Utilisation : <\/ strong ><\/ p ><\/p>\n<p> Pour une utilisation quotidienne simple et pratique, dissolvez une mesure (7.5g) dans 200ml d&#8217;eau ou ajoutez &#8211; la directement \u00e0 vos aliments pr\u00e9f\u00e9r\u00e9s comme les salades ou les smoothies.<\/ p ><\/p>\n<p><strong> Caract\u00e9ristiques pratiques : <\/ strong ><\/ p ><\/p>\n<p> Ce produit se pr\u00e9sente sous forme de poudre facile \u00e0 dissoudre, offrant un format pratique pour un usage quotidien sans contraintes.<\/p>\n<p><em>Note:<\/em>Ce compl\u00e9ment alimentaire est destin\u00e9 \u00e0 \u00eatre int\u00e9gr\u00e9 dans un mode de vie \u00e9quilibr\u00e9 et actif. Il ne remplace pas une alimentation vari\u00e9e et \u00e9quilibr\u00e9e.<\/p>\n<p><b>Rangement:<\/b>Gardez le produit dans un endroit sec et frais.&lt;\/p<\/p>\n","protected":false},"excerpt":{"rendered":"<p>Nom du produit : OSAVI Collagen Beauty &amp; Sport (Advanced) (225 g) Description : D\u00e9couvrez une formule sp\u00e9cialement con\u00e7ue pour ceux qui appr\u00e9cient les ingr\u00e9dients de haute qualit\u00e9 et d&#8217;origine naturelle. Ce produit contient des peptides de collag\u00e8ne bovin, issus des technologies VERISOL\u00ae et TENDOFORTE\u00ae, connues pour leur puret\u00e9 exceptionnelle. Ingr\u00e9dients principaux : Peptides de [&#8230;]\n","protected":false},"featured_media":279748,"comment_status":"closed","ping_status":"open","template":"","meta":[],"product_brand":[4756],"product_cat":[5053],"product_tag":[],"class_list":{"0":"post-305617","1":"product","2":"type-product","3":"status-publish","4":"has-post-thumbnail","6":"product_brand-osavi-2","7":"product_cat-vitamines-et-mineraux","9":"first","10":"instock","11":"taxable","12":"shipping-taxable","13":"purchasable","14":"product-type-simple"},"yoast_head":"<!-- This site is optimized with the Yoast SEO Premium plugin v27.3 (Yoast SEO v27.3) - https:\/\/yoast.com\/product\/yoast-seo-premium-wordpress\/ -->\n<title>Collag\u00e8ne Beaut\u00e9 &amp; Sport OSAVI (Avanc\u00e9) (225 g) - ECO Supplements<\/title>\n<meta name=\"description\" content=\"Wij hebben een ruime keuze aan producten van Collag\u00e8ne Beaut\u00e9 &amp; Sport OSAVI (Avanc\u00e9) (225 g) . Winkel bij Eco Supplements altijd gratis verzending boven 100\u20ac\" \/>\n<meta name=\"robots\" content=\"index, follow, max-snippet:-1, max-image-preview:large, max-video-preview:-1\" \/>\n<link rel=\"canonical\" href=\"https:\/\/ecosupplements.be\/fr\/produit\/osavi-collagen-beauty-sport-advanced-225-g\/\" \/>\n<meta property=\"og:locale\" content=\"fr_FR\" \/>\n<meta property=\"og:type\" content=\"article\" \/>\n<meta property=\"og:title\" content=\"Collag\u00e8ne Beaut\u00e9 &amp; Sport OSAVI (Avanc\u00e9) (225 g)\" \/>\n<meta property=\"og:description\" content=\"Wij hebben een ruime keuze aan producten van Collag\u00e8ne Beaut\u00e9 &amp; Sport OSAVI (Avanc\u00e9) (225 g) . Winkel bij Eco Supplements altijd gratis verzending boven 100\u20ac\" \/>\n<meta property=\"og:url\" content=\"https:\/\/ecosupplements.be\/fr\/produit\/osavi-collagen-beauty-sport-advanced-225-g\/\" \/>\n<meta property=\"og:site_name\" content=\"ECO Supplements\" \/>\n<meta property=\"article:modified_time\" content=\"2025-08-28T03:43:33+00:00\" \/>\n<meta property=\"og:image\" content=\"https:\/\/ecosupplements.be\/wp-content\/uploads\/2025\/08\/Osavi-OSAVI-Collagen-Beauty-Sport-Advanced-225-g.png\" \/>\n\t<meta property=\"og:image:width\" content=\"558\" \/>\n\t<meta property=\"og:image:height\" content=\"447\" \/>\n\t<meta property=\"og:image:type\" content=\"image\/jpeg\" \/>\n<meta name=\"twitter:card\" content=\"summary_large_image\" \/>\n<meta name=\"twitter:label1\" content=\"Prix\" \/>\n\t<meta name=\"twitter:data1\" content=\"27.54&nbsp;&euro;\" \/>\n\t<meta name=\"twitter:label2\" content=\"Disponibilit\u00e9\" \/>\n\t<meta name=\"twitter:data2\" content=\"En stock\" \/>\n<script type=\"application\/ld+json\" class=\"yoast-schema-graph\">{\"@context\":\"https:\\\/\\\/schema.org\",\"@graph\":[{\"@type\":[\"WebPage\",\"ItemPage\"],\"@id\":\"https:\\\/\\\/ecosupplements.be\\\/fr\\\/produit\\\/osavi-collagen-beauty-sport-advanced-225-g\\\/\",\"url\":\"https:\\\/\\\/ecosupplements.be\\\/fr\\\/produit\\\/osavi-collagen-beauty-sport-advanced-225-g\\\/\",\"name\":\"Collag\u00e8ne Beaut\u00e9 &amp; Sport OSAVI (Avanc\u00e9) (225 g) - ECO Supplements\",\"isPartOf\":{\"@id\":\"https:\\\/\\\/ecosupplements.be\\\/fr\\\/#website\"},\"primaryImageOfPage\":{\"@id\":\"https:\\\/\\\/ecosupplements.be\\\/fr\\\/produit\\\/osavi-collagen-beauty-sport-advanced-225-g\\\/#primaryimage\"},\"image\":{\"@id\":\"https:\\\/\\\/ecosupplements.be\\\/fr\\\/produit\\\/osavi-collagen-beauty-sport-advanced-225-g\\\/#primaryimage\"},\"thumbnailUrl\":\"https:\\\/\\\/ecosupplements.be\\\/wp-content\\\/uploads\\\/2025\\\/08\\\/OSAVI-Collagen-Beauty-Sport-Advanced-225-g.png\",\"datePublished\":\"2025-07-28T17:00:32+00:00\",\"dateModified\":\"2025-08-28T03:43:33+00:00\",\"description\":\"Wij hebben een ruime keuze aan producten van Collag\u00e8ne Beaut\u00e9 &amp; Sport OSAVI (Avanc\u00e9) (225 g) . Winkel bij Eco Supplements altijd gratis verzending boven 100\u20ac\",\"breadcrumb\":{\"@id\":\"https:\\\/\\\/ecosupplements.be\\\/fr\\\/produit\\\/osavi-collagen-beauty-sport-advanced-225-g\\\/#breadcrumb\"},\"inLanguage\":\"fr-FR\",\"potentialAction\":[{\"@type\":\"ReadAction\",\"target\":[\"https:\\\/\\\/ecosupplements.be\\\/fr\\\/produit\\\/osavi-collagen-beauty-sport-advanced-225-g\\\/\"]}]},{\"@type\":\"ImageObject\",\"inLanguage\":\"fr-FR\",\"@id\":\"https:\\\/\\\/ecosupplements.be\\\/fr\\\/produit\\\/osavi-collagen-beauty-sport-advanced-225-g\\\/#primaryimage\",\"url\":\"https:\\\/\\\/ecosupplements.be\\\/wp-content\\\/uploads\\\/2025\\\/08\\\/OSAVI-Collagen-Beauty-Sport-Advanced-225-g.png\",\"contentUrl\":\"https:\\\/\\\/ecosupplements.be\\\/wp-content\\\/uploads\\\/2025\\\/08\\\/OSAVI-Collagen-Beauty-Sport-Advanced-225-g.png\",\"width\":558,\"height\":447},{\"@type\":\"BreadcrumbList\",\"@id\":\"https:\\\/\\\/ecosupplements.be\\\/fr\\\/produit\\\/osavi-collagen-beauty-sport-advanced-225-g\\\/#breadcrumb\",\"itemListElement\":[{\"@type\":\"ListItem\",\"position\":1,\"name\":\"Home\",\"item\":\"https:\\\/\\\/ecosupplements.be\\\/fr\\\/\"},{\"@type\":\"ListItem\",\"position\":2,\"name\":\"Boutique\",\"item\":\"https:\\\/\\\/ecosupplements.be\\\/fr\\\/boutique\\\/\"},{\"@type\":\"ListItem\",\"position\":3,\"name\":\"Collag\u00e8ne Beaut\u00e9 &amp; Sport OSAVI (Avanc\u00e9) (225 g)\"}]},{\"@type\":\"WebSite\",\"@id\":\"https:\\\/\\\/ecosupplements.be\\\/fr\\\/#website\",\"url\":\"https:\\\/\\\/ecosupplements.be\\\/fr\\\/\",\"name\":\"ECO Supplements\",\"description\":\"Eco Supplements - Gezonde supplementen\",\"publisher\":{\"@id\":\"https:\\\/\\\/ecosupplements.be\\\/fr\\\/#organization\"},\"potentialAction\":[{\"@type\":\"SearchAction\",\"target\":{\"@type\":\"EntryPoint\",\"urlTemplate\":\"https:\\\/\\\/ecosupplements.be\\\/fr\\\/?s={search_term_string}\"},\"query-input\":{\"@type\":\"PropertyValueSpecification\",\"valueRequired\":true,\"valueName\":\"search_term_string\"}}],\"inLanguage\":\"fr-FR\"},{\"@type\":\"Organization\",\"@id\":\"https:\\\/\\\/ecosupplements.be\\\/fr\\\/#organization\",\"name\":\"Eco Supplements\",\"url\":\"https:\\\/\\\/ecosupplements.be\\\/fr\\\/\",\"logo\":{\"@type\":\"ImageObject\",\"inLanguage\":\"fr-FR\",\"@id\":\"https:\\\/\\\/ecosupplements.be\\\/fr\\\/#\\\/schema\\\/logo\\\/image\\\/\",\"url\":\"https:\\\/\\\/ecosupplements.be\\\/wp-content\\\/uploads\\\/2022\\\/06\\\/ecosupplement-family.png\",\"contentUrl\":\"https:\\\/\\\/ecosupplements.be\\\/wp-content\\\/uploads\\\/2022\\\/06\\\/ecosupplement-family.png\",\"width\":593,\"height\":374,\"caption\":\"Eco Supplements\"},\"image\":{\"@id\":\"https:\\\/\\\/ecosupplements.be\\\/fr\\\/#\\\/schema\\\/logo\\\/image\\\/\"}}]}<\/script>\n<meta property=\"product:brand\" content=\"Osavi\" \/>\n<meta property=\"product:price:amount\" content=\"27.54\" \/>\n<meta property=\"product:price:currency\" content=\"EUR\" \/>\n<meta property=\"og:availability\" content=\"instock\" \/>\n<meta property=\"product:availability\" content=\"instock\" \/>\n<meta property=\"product:retailer_item_id\" content=\"5904139924082\" \/>\n<meta property=\"product:condition\" content=\"new\" \/>\n<!-- \/ Yoast SEO Premium plugin. -->","yoast_head_json":{"title":"Collag\u00e8ne Beaut\u00e9 &amp; Sport OSAVI (Avanc\u00e9) (225 g) - ECO Supplements","description":"Wij hebben een ruime keuze aan producten van Collag\u00e8ne Beaut\u00e9 &amp; Sport OSAVI (Avanc\u00e9) (225 g) . Winkel bij Eco Supplements altijd gratis verzending boven 100\u20ac","robots":{"index":"index","follow":"follow","max-snippet":"max-snippet:-1","max-image-preview":"max-image-preview:large","max-video-preview":"max-video-preview:-1"},"canonical":"https:\/\/ecosupplements.be\/fr\/produit\/osavi-collagen-beauty-sport-advanced-225-g\/","og_locale":"fr_FR","og_type":"article","og_title":"Collag\u00e8ne Beaut\u00e9 &amp; Sport OSAVI (Avanc\u00e9) (225 g)","og_description":"Wij hebben een ruime keuze aan producten van Collag\u00e8ne Beaut\u00e9 &amp; Sport OSAVI (Avanc\u00e9) (225 g) . Winkel bij Eco Supplements altijd gratis verzending boven 100\u20ac","og_url":"https:\/\/ecosupplements.be\/fr\/produit\/osavi-collagen-beauty-sport-advanced-225-g\/","og_site_name":"ECO Supplements","article_modified_time":"2025-08-28T03:43:33+00:00","og_image":[{"width":558,"height":447,"url":"https:\/\/ecosupplements.be\/wp-content\/uploads\/2025\/08\/Osavi-OSAVI-Collagen-Beauty-Sport-Advanced-225-g.png","type":"image\/jpeg"}],"twitter_card":"summary_large_image","twitter_misc":{"Prix":"27.54&nbsp;&euro;","Disponibilit\u00e9":"En stock"},"schema":{"@context":"https:\/\/schema.org","@graph":[{"@type":["WebPage","ItemPage"],"@id":"https:\/\/ecosupplements.be\/fr\/produit\/osavi-collagen-beauty-sport-advanced-225-g\/","url":"https:\/\/ecosupplements.be\/fr\/produit\/osavi-collagen-beauty-sport-advanced-225-g\/","name":"Collag\u00e8ne Beaut\u00e9 &amp; Sport OSAVI (Avanc\u00e9) (225 g) - ECO Supplements","isPartOf":{"@id":"https:\/\/ecosupplements.be\/fr\/#website"},"primaryImageOfPage":{"@id":"https:\/\/ecosupplements.be\/fr\/produit\/osavi-collagen-beauty-sport-advanced-225-g\/#primaryimage"},"image":{"@id":"https:\/\/ecosupplements.be\/fr\/produit\/osavi-collagen-beauty-sport-advanced-225-g\/#primaryimage"},"thumbnailUrl":"https:\/\/ecosupplements.be\/wp-content\/uploads\/2025\/08\/OSAVI-Collagen-Beauty-Sport-Advanced-225-g.png","datePublished":"2025-07-28T17:00:32+00:00","dateModified":"2025-08-28T03:43:33+00:00","description":"Wij hebben een ruime keuze aan producten van Collag\u00e8ne Beaut\u00e9 &amp; Sport OSAVI (Avanc\u00e9) (225 g) . Winkel bij Eco Supplements altijd gratis verzending boven 100\u20ac","breadcrumb":{"@id":"https:\/\/ecosupplements.be\/fr\/produit\/osavi-collagen-beauty-sport-advanced-225-g\/#breadcrumb"},"inLanguage":"fr-FR","potentialAction":[{"@type":"ReadAction","target":["https:\/\/ecosupplements.be\/fr\/produit\/osavi-collagen-beauty-sport-advanced-225-g\/"]}]},{"@type":"ImageObject","inLanguage":"fr-FR","@id":"https:\/\/ecosupplements.be\/fr\/produit\/osavi-collagen-beauty-sport-advanced-225-g\/#primaryimage","url":"https:\/\/ecosupplements.be\/wp-content\/uploads\/2025\/08\/OSAVI-Collagen-Beauty-Sport-Advanced-225-g.png","contentUrl":"https:\/\/ecosupplements.be\/wp-content\/uploads\/2025\/08\/OSAVI-Collagen-Beauty-Sport-Advanced-225-g.png","width":558,"height":447},{"@type":"BreadcrumbList","@id":"https:\/\/ecosupplements.be\/fr\/produit\/osavi-collagen-beauty-sport-advanced-225-g\/#breadcrumb","itemListElement":[{"@type":"ListItem","position":1,"name":"Home","item":"https:\/\/ecosupplements.be\/fr\/"},{"@type":"ListItem","position":2,"name":"Boutique","item":"https:\/\/ecosupplements.be\/fr\/boutique\/"},{"@type":"ListItem","position":3,"name":"Collag\u00e8ne Beaut\u00e9 &amp; Sport OSAVI (Avanc\u00e9) (225 g)"}]},{"@type":"WebSite","@id":"https:\/\/ecosupplements.be\/fr\/#website","url":"https:\/\/ecosupplements.be\/fr\/","name":"ECO Supplements","description":"Eco Supplements - Gezonde supplementen","publisher":{"@id":"https:\/\/ecosupplements.be\/fr\/#organization"},"potentialAction":[{"@type":"SearchAction","target":{"@type":"EntryPoint","urlTemplate":"https:\/\/ecosupplements.be\/fr\/?s={search_term_string}"},"query-input":{"@type":"PropertyValueSpecification","valueRequired":true,"valueName":"search_term_string"}}],"inLanguage":"fr-FR"},{"@type":"Organization","@id":"https:\/\/ecosupplements.be\/fr\/#organization","name":"Eco Supplements","url":"https:\/\/ecosupplements.be\/fr\/","logo":{"@type":"ImageObject","inLanguage":"fr-FR","@id":"https:\/\/ecosupplements.be\/fr\/#\/schema\/logo\/image\/","url":"https:\/\/ecosupplements.be\/wp-content\/uploads\/2022\/06\/ecosupplement-family.png","contentUrl":"https:\/\/ecosupplements.be\/wp-content\/uploads\/2022\/06\/ecosupplement-family.png","width":593,"height":374,"caption":"Eco Supplements"},"image":{"@id":"https:\/\/ecosupplements.be\/fr\/#\/schema\/logo\/image\/"}}]},"product_brand":"Osavi","product_price_amount":"27.54","product_price_currency":"EUR","og_availability":"instock","product_availability":"instock","product_retailer_item_id":"5904139924082","product_condition":"new"},"_links":{"self":[{"href":"https:\/\/ecosupplements.be\/fr\/wp-json\/wp\/v2\/product\/305617","targetHints":{"allow":["GET"]}}],"collection":[{"href":"https:\/\/ecosupplements.be\/fr\/wp-json\/wp\/v2\/product"}],"about":[{"href":"https:\/\/ecosupplements.be\/fr\/wp-json\/wp\/v2\/types\/product"}],"replies":[{"embeddable":true,"href":"https:\/\/ecosupplements.be\/fr\/wp-json\/wp\/v2\/comments?post=305617"}],"wp:featuredmedia":[{"embeddable":true,"href":"https:\/\/ecosupplements.be\/fr\/wp-json\/wp\/v2\/media\/279748"}],"wp:attachment":[{"href":"https:\/\/ecosupplements.be\/fr\/wp-json\/wp\/v2\/media?parent=305617"}],"wp:term":[{"taxonomy":"product_brand","embeddable":true,"href":"https:\/\/ecosupplements.be\/fr\/wp-json\/wp\/v2\/product_brand?post=305617"},{"taxonomy":"product_cat","embeddable":true,"href":"https:\/\/ecosupplements.be\/fr\/wp-json\/wp\/v2\/product_cat?post=305617"},{"taxonomy":"product_tag","embeddable":true,"href":"https:\/\/ecosupplements.be\/fr\/wp-json\/wp\/v2\/product_tag?post=305617"}],"curies":[{"name":"wp","href":"https:\/\/api.w.org\/{rel}","templated":true}]}}