{"id":305623,"date":"2025-07-28T18:00:32","date_gmt":"2025-07-28T17:00:32","guid":{"rendered":"https:\/\/ecosupplements.be\/product\/osavi-fish-collagen-from-wild-cod-lemon-360-g\/"},"modified":"2025-08-28T04:43:38","modified_gmt":"2025-08-28T03:43:38","slug":"osavi-fish-collagen-from-wild-cod-lemon-360-g","status":"publish","type":"product","link":"https:\/\/ecosupplements.be\/fr\/produit\/osavi-fish-collagen-from-wild-cod-lemon-360-g\/","title":{"rendered":"Collag\u00e8ne de poisson OSAVI \u00e0 base de morue sauvage, citron (360 g)"},"content":{"rendered":"<p><strong>Nom du produit :<\/strong> OSAVI Fish Collagen from Wild Cod, Lemon (360 g)<\/p>\n<p><strong>Description :<\/strong> D\u00e9couvrez le choix naturel pour les amateurs de qualit\u00e9 avec notre collag\u00e8ne issu de morue sauvage.ce produit est enrichi d&#8217;un ar\u00f4me naturel de citron pour une exp\u00e9rience rafra\u00eechissante et agr\u00e9able.<\/p>\n<p><strong>Ingr\u00e9dients principaux :<\/strong> Peptides de collag\u00e8ne issus du poisson, ar\u00f4me naturel de citron, r\u00e9gulateur d&#8217;acidit\u00e9 : acide citrique, maltodextrine, vitamine C (acide L-ascorbique), \u00e9dulcorant : glycosides de st\u00e9viol.<\/p>\n<p><strong>Contenu et emballage :<\/strong> Chaque paquet contient 360 g de poudre.<\/p>\n<p><strong>Utilisation recommand\u00e9e :<\/strong> pour une utilisation quotidienne simple, dissolvez une mesure (12 g) dans 200 ml d&#8217;eau. Ne d\u00e9passez pas la dose journali\u00e8re recommand\u00e9e.<\/p>\n<p><strong>Caract\u00e9ristiques pratiques :<\/strong> Ce produit se pr\u00e9sente sous forme de poudre facile \u00e0 dissoudre et offre un go\u00fbt l\u00e9ger et agr\u00e9able gr\u00e2ce \u00e0 l&#8217;ar\u00f4me naturel de citron.<\/p>\n<p><em>Ce compl\u00e9ment alimentaire est un excellent ajout \u00e0 votre routine quotidienne. Il s&#8217;int\u00e8gre parfaitement dans un mode vie actif tout en apportant une touche rafra\u00eechissante gr\u00e2ce \u00e0 son go\u00fbt citronn\u00e9. Id\u00e9al pour ceux qui appr\u00e9cient les ingr\u00e9dients purs et simples dans leur alimentation quotidienne.<\/em><\/p>\n","protected":false},"excerpt":{"rendered":"<p>Nom du produit : OSAVI Fish Collagen from Wild Cod, Lemon (360 g) Description : D\u00e9couvrez le choix naturel pour les amateurs de qualit\u00e9 avec notre collag\u00e8ne issu de morue sauvage.ce produit est enrichi d&#8217;un ar\u00f4me naturel de citron pour une exp\u00e9rience rafra\u00eechissante et agr\u00e9able. Ingr\u00e9dients principaux : Peptides de collag\u00e8ne issus du poisson, ar\u00f4me [&#8230;]\n","protected":false},"featured_media":279754,"comment_status":"closed","ping_status":"open","template":"","meta":[],"product_brand":[4756],"product_cat":[5121,5052,5053],"product_tag":[],"class_list":{"0":"post-305623","1":"product","2":"type-product","3":"status-publish","4":"has-post-thumbnail","6":"product_brand-osavi-2","7":"product_cat-collagene","8":"product_cat-sante-et-bien-etre","9":"product_cat-vitamines-et-mineraux","11":"first","12":"instock","13":"taxable","14":"shipping-taxable","15":"purchasable","16":"product-type-simple"},"yoast_head":"<!-- This site is optimized with the Yoast SEO Premium plugin v27.3 (Yoast SEO v27.3) - https:\/\/yoast.com\/product\/yoast-seo-premium-wordpress\/ -->\n<title>Collag\u00e8ne de poisson OSAVI \u00e0 base de morue sauvage, citron (360 g) - ECO Supplements<\/title>\n<meta name=\"description\" content=\"Wij hebben een ruime keuze aan producten van Collag\u00e8ne de poisson OSAVI \u00e0 base de morue sauvage, citron (360 g) . Winkel bij Eco Supplements altijd gratis verzending boven 100\u20ac\" \/>\n<meta name=\"robots\" content=\"index, follow, max-snippet:-1, max-image-preview:large, max-video-preview:-1\" \/>\n<link rel=\"canonical\" href=\"https:\/\/ecosupplements.be\/fr\/produit\/osavi-fish-collagen-from-wild-cod-lemon-360-g\/\" \/>\n<meta property=\"og:locale\" content=\"fr_FR\" \/>\n<meta property=\"og:type\" content=\"article\" \/>\n<meta property=\"og:title\" content=\"Collag\u00e8ne de poisson OSAVI \u00e0 base de morue sauvage, citron (360 g)\" \/>\n<meta property=\"og:description\" content=\"Wij hebben een ruime keuze aan producten van Collag\u00e8ne de poisson OSAVI \u00e0 base de morue sauvage, citron (360 g) . Winkel bij Eco Supplements altijd gratis verzending boven 100\u20ac\" \/>\n<meta property=\"og:url\" content=\"https:\/\/ecosupplements.be\/fr\/produit\/osavi-fish-collagen-from-wild-cod-lemon-360-g\/\" \/>\n<meta property=\"og:site_name\" content=\"ECO Supplements\" \/>\n<meta property=\"article:modified_time\" content=\"2025-08-28T03:43:38+00:00\" \/>\n<meta property=\"og:image\" content=\"https:\/\/ecosupplements.be\/wp-content\/uploads\/2025\/08\/Osavi-OSAVI-Fish-Collagen-from-Wild-Cod-Lemon-360-g.png\" \/>\n\t<meta property=\"og:image:width\" content=\"485\" \/>\n\t<meta property=\"og:image:height\" content=\"514\" \/>\n\t<meta property=\"og:image:type\" content=\"image\/jpeg\" \/>\n<meta name=\"twitter:card\" content=\"summary_large_image\" \/>\n<meta name=\"twitter:label1\" content=\"Prix\" \/>\n\t<meta name=\"twitter:data1\" content=\"34.56&nbsp;&euro;\" \/>\n\t<meta name=\"twitter:label2\" content=\"Disponibilit\u00e9\" \/>\n\t<meta name=\"twitter:data2\" content=\"En stock\" \/>\n<script type=\"application\/ld+json\" class=\"yoast-schema-graph\">{\"@context\":\"https:\\\/\\\/schema.org\",\"@graph\":[{\"@type\":[\"WebPage\",\"ItemPage\"],\"@id\":\"https:\\\/\\\/ecosupplements.be\\\/fr\\\/produit\\\/osavi-fish-collagen-from-wild-cod-lemon-360-g\\\/\",\"url\":\"https:\\\/\\\/ecosupplements.be\\\/fr\\\/produit\\\/osavi-fish-collagen-from-wild-cod-lemon-360-g\\\/\",\"name\":\"Collag\u00e8ne de poisson OSAVI \u00e0 base de morue sauvage, citron (360 g) - ECO Supplements\",\"isPartOf\":{\"@id\":\"https:\\\/\\\/ecosupplements.be\\\/fr\\\/#website\"},\"primaryImageOfPage\":{\"@id\":\"https:\\\/\\\/ecosupplements.be\\\/fr\\\/produit\\\/osavi-fish-collagen-from-wild-cod-lemon-360-g\\\/#primaryimage\"},\"image\":{\"@id\":\"https:\\\/\\\/ecosupplements.be\\\/fr\\\/produit\\\/osavi-fish-collagen-from-wild-cod-lemon-360-g\\\/#primaryimage\"},\"thumbnailUrl\":\"https:\\\/\\\/ecosupplements.be\\\/wp-content\\\/uploads\\\/2025\\\/08\\\/OSAVI-Fish-Collagen-from-Wild-Cod-Lemon-360-g.png\",\"datePublished\":\"2025-07-28T17:00:32+00:00\",\"dateModified\":\"2025-08-28T03:43:38+00:00\",\"description\":\"Wij hebben een ruime keuze aan producten van Collag\u00e8ne de poisson OSAVI \u00e0 base de morue sauvage, citron (360 g) . Winkel bij Eco Supplements altijd gratis verzending boven 100\u20ac\",\"breadcrumb\":{\"@id\":\"https:\\\/\\\/ecosupplements.be\\\/fr\\\/produit\\\/osavi-fish-collagen-from-wild-cod-lemon-360-g\\\/#breadcrumb\"},\"inLanguage\":\"fr-FR\",\"potentialAction\":[{\"@type\":\"ReadAction\",\"target\":[\"https:\\\/\\\/ecosupplements.be\\\/fr\\\/produit\\\/osavi-fish-collagen-from-wild-cod-lemon-360-g\\\/\"]}]},{\"@type\":\"ImageObject\",\"inLanguage\":\"fr-FR\",\"@id\":\"https:\\\/\\\/ecosupplements.be\\\/fr\\\/produit\\\/osavi-fish-collagen-from-wild-cod-lemon-360-g\\\/#primaryimage\",\"url\":\"https:\\\/\\\/ecosupplements.be\\\/wp-content\\\/uploads\\\/2025\\\/08\\\/OSAVI-Fish-Collagen-from-Wild-Cod-Lemon-360-g.png\",\"contentUrl\":\"https:\\\/\\\/ecosupplements.be\\\/wp-content\\\/uploads\\\/2025\\\/08\\\/OSAVI-Fish-Collagen-from-Wild-Cod-Lemon-360-g.png\",\"width\":485,\"height\":514},{\"@type\":\"BreadcrumbList\",\"@id\":\"https:\\\/\\\/ecosupplements.be\\\/fr\\\/produit\\\/osavi-fish-collagen-from-wild-cod-lemon-360-g\\\/#breadcrumb\",\"itemListElement\":[{\"@type\":\"ListItem\",\"position\":1,\"name\":\"Home\",\"item\":\"https:\\\/\\\/ecosupplements.be\\\/fr\\\/\"},{\"@type\":\"ListItem\",\"position\":2,\"name\":\"Boutique\",\"item\":\"https:\\\/\\\/ecosupplements.be\\\/fr\\\/boutique\\\/\"},{\"@type\":\"ListItem\",\"position\":3,\"name\":\"Collag\u00e8ne de poisson OSAVI \u00e0 base de morue sauvage, citron (360 g)\"}]},{\"@type\":\"WebSite\",\"@id\":\"https:\\\/\\\/ecosupplements.be\\\/fr\\\/#website\",\"url\":\"https:\\\/\\\/ecosupplements.be\\\/fr\\\/\",\"name\":\"ECO Supplements\",\"description\":\"Eco Supplements - Gezonde supplementen\",\"publisher\":{\"@id\":\"https:\\\/\\\/ecosupplements.be\\\/fr\\\/#organization\"},\"potentialAction\":[{\"@type\":\"SearchAction\",\"target\":{\"@type\":\"EntryPoint\",\"urlTemplate\":\"https:\\\/\\\/ecosupplements.be\\\/fr\\\/?s={search_term_string}\"},\"query-input\":{\"@type\":\"PropertyValueSpecification\",\"valueRequired\":true,\"valueName\":\"search_term_string\"}}],\"inLanguage\":\"fr-FR\"},{\"@type\":\"Organization\",\"@id\":\"https:\\\/\\\/ecosupplements.be\\\/fr\\\/#organization\",\"name\":\"Eco Supplements\",\"url\":\"https:\\\/\\\/ecosupplements.be\\\/fr\\\/\",\"logo\":{\"@type\":\"ImageObject\",\"inLanguage\":\"fr-FR\",\"@id\":\"https:\\\/\\\/ecosupplements.be\\\/fr\\\/#\\\/schema\\\/logo\\\/image\\\/\",\"url\":\"https:\\\/\\\/ecosupplements.be\\\/wp-content\\\/uploads\\\/2022\\\/06\\\/ecosupplement-family.png\",\"contentUrl\":\"https:\\\/\\\/ecosupplements.be\\\/wp-content\\\/uploads\\\/2022\\\/06\\\/ecosupplement-family.png\",\"width\":593,\"height\":374,\"caption\":\"Eco Supplements\"},\"image\":{\"@id\":\"https:\\\/\\\/ecosupplements.be\\\/fr\\\/#\\\/schema\\\/logo\\\/image\\\/\"}}]}<\/script>\n<meta property=\"product:brand\" content=\"Osavi\" \/>\n<meta property=\"product:price:amount\" content=\"34.56\" \/>\n<meta property=\"product:price:currency\" content=\"EUR\" \/>\n<meta property=\"og:availability\" content=\"instock\" \/>\n<meta property=\"product:availability\" content=\"instock\" \/>\n<meta property=\"product:retailer_item_id\" content=\"5904139924044\" \/>\n<meta property=\"product:condition\" content=\"new\" \/>\n<!-- \/ Yoast SEO Premium plugin. -->","yoast_head_json":{"title":"Collag\u00e8ne de poisson OSAVI \u00e0 base de morue sauvage, citron (360 g) - ECO Supplements","description":"Wij hebben een ruime keuze aan producten van Collag\u00e8ne de poisson OSAVI \u00e0 base de morue sauvage, citron (360 g) . Winkel bij Eco Supplements altijd gratis verzending boven 100\u20ac","robots":{"index":"index","follow":"follow","max-snippet":"max-snippet:-1","max-image-preview":"max-image-preview:large","max-video-preview":"max-video-preview:-1"},"canonical":"https:\/\/ecosupplements.be\/fr\/produit\/osavi-fish-collagen-from-wild-cod-lemon-360-g\/","og_locale":"fr_FR","og_type":"article","og_title":"Collag\u00e8ne de poisson OSAVI \u00e0 base de morue sauvage, citron (360 g)","og_description":"Wij hebben een ruime keuze aan producten van Collag\u00e8ne de poisson OSAVI \u00e0 base de morue sauvage, citron (360 g) . Winkel bij Eco Supplements altijd gratis verzending boven 100\u20ac","og_url":"https:\/\/ecosupplements.be\/fr\/produit\/osavi-fish-collagen-from-wild-cod-lemon-360-g\/","og_site_name":"ECO Supplements","article_modified_time":"2025-08-28T03:43:38+00:00","og_image":[{"width":485,"height":514,"url":"https:\/\/ecosupplements.be\/wp-content\/uploads\/2025\/08\/Osavi-OSAVI-Fish-Collagen-from-Wild-Cod-Lemon-360-g.png","type":"image\/jpeg"}],"twitter_card":"summary_large_image","twitter_misc":{"Prix":"34.56&nbsp;&euro;","Disponibilit\u00e9":"En stock"},"schema":{"@context":"https:\/\/schema.org","@graph":[{"@type":["WebPage","ItemPage"],"@id":"https:\/\/ecosupplements.be\/fr\/produit\/osavi-fish-collagen-from-wild-cod-lemon-360-g\/","url":"https:\/\/ecosupplements.be\/fr\/produit\/osavi-fish-collagen-from-wild-cod-lemon-360-g\/","name":"Collag\u00e8ne de poisson OSAVI \u00e0 base de morue sauvage, citron (360 g) - ECO Supplements","isPartOf":{"@id":"https:\/\/ecosupplements.be\/fr\/#website"},"primaryImageOfPage":{"@id":"https:\/\/ecosupplements.be\/fr\/produit\/osavi-fish-collagen-from-wild-cod-lemon-360-g\/#primaryimage"},"image":{"@id":"https:\/\/ecosupplements.be\/fr\/produit\/osavi-fish-collagen-from-wild-cod-lemon-360-g\/#primaryimage"},"thumbnailUrl":"https:\/\/ecosupplements.be\/wp-content\/uploads\/2025\/08\/OSAVI-Fish-Collagen-from-Wild-Cod-Lemon-360-g.png","datePublished":"2025-07-28T17:00:32+00:00","dateModified":"2025-08-28T03:43:38+00:00","description":"Wij hebben een ruime keuze aan producten van Collag\u00e8ne de poisson OSAVI \u00e0 base de morue sauvage, citron (360 g) . Winkel bij Eco Supplements altijd gratis verzending boven 100\u20ac","breadcrumb":{"@id":"https:\/\/ecosupplements.be\/fr\/produit\/osavi-fish-collagen-from-wild-cod-lemon-360-g\/#breadcrumb"},"inLanguage":"fr-FR","potentialAction":[{"@type":"ReadAction","target":["https:\/\/ecosupplements.be\/fr\/produit\/osavi-fish-collagen-from-wild-cod-lemon-360-g\/"]}]},{"@type":"ImageObject","inLanguage":"fr-FR","@id":"https:\/\/ecosupplements.be\/fr\/produit\/osavi-fish-collagen-from-wild-cod-lemon-360-g\/#primaryimage","url":"https:\/\/ecosupplements.be\/wp-content\/uploads\/2025\/08\/OSAVI-Fish-Collagen-from-Wild-Cod-Lemon-360-g.png","contentUrl":"https:\/\/ecosupplements.be\/wp-content\/uploads\/2025\/08\/OSAVI-Fish-Collagen-from-Wild-Cod-Lemon-360-g.png","width":485,"height":514},{"@type":"BreadcrumbList","@id":"https:\/\/ecosupplements.be\/fr\/produit\/osavi-fish-collagen-from-wild-cod-lemon-360-g\/#breadcrumb","itemListElement":[{"@type":"ListItem","position":1,"name":"Home","item":"https:\/\/ecosupplements.be\/fr\/"},{"@type":"ListItem","position":2,"name":"Boutique","item":"https:\/\/ecosupplements.be\/fr\/boutique\/"},{"@type":"ListItem","position":3,"name":"Collag\u00e8ne de poisson OSAVI \u00e0 base de morue sauvage, citron (360 g)"}]},{"@type":"WebSite","@id":"https:\/\/ecosupplements.be\/fr\/#website","url":"https:\/\/ecosupplements.be\/fr\/","name":"ECO Supplements","description":"Eco Supplements - Gezonde supplementen","publisher":{"@id":"https:\/\/ecosupplements.be\/fr\/#organization"},"potentialAction":[{"@type":"SearchAction","target":{"@type":"EntryPoint","urlTemplate":"https:\/\/ecosupplements.be\/fr\/?s={search_term_string}"},"query-input":{"@type":"PropertyValueSpecification","valueRequired":true,"valueName":"search_term_string"}}],"inLanguage":"fr-FR"},{"@type":"Organization","@id":"https:\/\/ecosupplements.be\/fr\/#organization","name":"Eco Supplements","url":"https:\/\/ecosupplements.be\/fr\/","logo":{"@type":"ImageObject","inLanguage":"fr-FR","@id":"https:\/\/ecosupplements.be\/fr\/#\/schema\/logo\/image\/","url":"https:\/\/ecosupplements.be\/wp-content\/uploads\/2022\/06\/ecosupplement-family.png","contentUrl":"https:\/\/ecosupplements.be\/wp-content\/uploads\/2022\/06\/ecosupplement-family.png","width":593,"height":374,"caption":"Eco Supplements"},"image":{"@id":"https:\/\/ecosupplements.be\/fr\/#\/schema\/logo\/image\/"}}]},"product_brand":"Osavi","product_price_amount":"34.56","product_price_currency":"EUR","og_availability":"instock","product_availability":"instock","product_retailer_item_id":"5904139924044","product_condition":"new"},"_links":{"self":[{"href":"https:\/\/ecosupplements.be\/fr\/wp-json\/wp\/v2\/product\/305623","targetHints":{"allow":["GET"]}}],"collection":[{"href":"https:\/\/ecosupplements.be\/fr\/wp-json\/wp\/v2\/product"}],"about":[{"href":"https:\/\/ecosupplements.be\/fr\/wp-json\/wp\/v2\/types\/product"}],"replies":[{"embeddable":true,"href":"https:\/\/ecosupplements.be\/fr\/wp-json\/wp\/v2\/comments?post=305623"}],"wp:featuredmedia":[{"embeddable":true,"href":"https:\/\/ecosupplements.be\/fr\/wp-json\/wp\/v2\/media\/279754"}],"wp:attachment":[{"href":"https:\/\/ecosupplements.be\/fr\/wp-json\/wp\/v2\/media?parent=305623"}],"wp:term":[{"taxonomy":"product_brand","embeddable":true,"href":"https:\/\/ecosupplements.be\/fr\/wp-json\/wp\/v2\/product_brand?post=305623"},{"taxonomy":"product_cat","embeddable":true,"href":"https:\/\/ecosupplements.be\/fr\/wp-json\/wp\/v2\/product_cat?post=305623"},{"taxonomy":"product_tag","embeddable":true,"href":"https:\/\/ecosupplements.be\/fr\/wp-json\/wp\/v2\/product_tag?post=305623"}],"curies":[{"name":"wp","href":"https:\/\/api.w.org\/{rel}","templated":true}]}}