{"id":305641,"date":"2025-07-29T19:30:58","date_gmt":"2025-07-29T18:30:58","guid":{"rendered":"https:\/\/ecosupplements.be\/product\/vitalized-collagen-types-i-ii-v-x-60-caps\/"},"modified":"2025-08-28T04:44:00","modified_gmt":"2025-08-28T03:44:00","slug":"vitalized-collagen-types-i-ii-v-x-60-caps","status":"publish","type":"product","link":"https:\/\/ecosupplements.be\/fr\/produit\/vitalized-collagen-types-i-ii-v-x-60-caps\/","title":{"rendered":"Collag\u00e8ne VITALIS\u00c9 Types I, II, V, X (60 g\u00e9lules)"},"content":{"rendered":"<p><strong>Nom du produit :<\/strong> VITALIZED Collagen Types I, II, V, X (60 caps)<\/p>\n<p><strong>ingr\u00e9dients principaux :<\/strong> Ce produit contient de l&#8217;hydrolysat de collag\u00e8ne marin issu de sources durables, une poudre de coquille d&#8217;\u0153uf enrichie en collag\u00e8ne naturel des types I, V et X, ainsi que PureWay-C\u00ae (une forme innovante de vitamine C avec bioflavono\u00efdes) et du bisglycinate de zinc.<\/p>\n<p><strong>Contenu et emballage :<\/strong> Le produit est pr\u00e9sent\u00e9 sous forme de capsules v\u00e9g\u00e9tales faciles \u00e0 avaler. Chaque bo\u00eete contient 60 capsules.<\/p>\n<p><strong>Utilisation recommand\u00e9e :<\/strong> Pour une utilisation optimale, il est conseill\u00e9 de prendre deux capsules par jour avec un repas.<\/p>\n<p><em>Ce compl\u00e9ment alimentaire est fabriqu\u00e9 \u00e0 partir d&#8217;ingr\u00e9dients soigneusement s\u00e9lectionn\u00e9s pour leur puret\u00e9 et leur origine naturelle. Il s&#8217;int\u00e8gre parfaitement dans un mode de vie actif gr\u00e2ce \u00e0 son format pratique qui facilite son int\u00e9gration dans votre routine quotidienne. Un choix id\u00e9al pour ceux qui appr\u00e9cient les produits issus d&#8217;une source responsable et respectueuse des normes environnementales.<\/em><\/p>\n<p>Veuillez noter que ce produit doit \u00eatre conserv\u00e9 dans un endroit sec et frais pour maintenir sa qualit\u00e9 optimale. Il ne doit pas \u00eatre utilis\u00e9 comme substitut \u00e0 une alimentation vari\u00e9e et \u00e9quilibr\u00e9e ni d\u00e9passer la dose journali\u00e8re recommand\u00e9e.<\/p>\n","protected":false},"excerpt":{"rendered":"<p>Nom du produit : VITALIZED Collagen Types I, II, V, X (60 caps) ingr\u00e9dients principaux : Ce produit contient de l&#8217;hydrolysat de collag\u00e8ne marin issu de sources durables, une poudre de coquille d&#8217;\u0153uf enrichie en collag\u00e8ne naturel des types I, V et X, ainsi que PureWay-C\u00ae (une forme innovante de vitamine C avec bioflavono\u00efdes) et [&#8230;]\n","protected":false},"featured_media":305642,"comment_status":"closed","ping_status":"open","template":"","meta":[],"product_brand":[5400],"product_cat":[5053],"product_tag":[],"class_list":{"0":"post-305641","1":"product","2":"type-product","3":"status-publish","4":"has-post-thumbnail","6":"product_brand-vitalized-2","7":"product_cat-vitamines-et-mineraux","9":"first","10":"outofstock","11":"taxable","12":"shipping-taxable","13":"purchasable","14":"product-type-simple"},"yoast_head":"<!-- This site is optimized with the Yoast SEO Premium plugin v27.3 (Yoast SEO v27.3) - https:\/\/yoast.com\/product\/yoast-seo-premium-wordpress\/ -->\n<title>Collag\u00e8ne VITALIS\u00c9 Types I, II, V, X (60 g\u00e9lules) - ECO Supplements<\/title>\n<meta name=\"description\" content=\"Wij hebben een ruime keuze aan producten van Collag\u00e8ne VITALIS\u00c9 Types I, II, V, X (60 g\u00e9lules) . Winkel bij Eco Supplements altijd gratis verzending boven 100\u20ac\" \/>\n<meta name=\"robots\" content=\"index, follow, max-snippet:-1, max-image-preview:large, max-video-preview:-1\" \/>\n<link rel=\"canonical\" href=\"https:\/\/ecosupplements.be\/fr\/produit\/vitalized-collagen-types-i-ii-v-x-60-caps\/\" \/>\n<meta property=\"og:locale\" content=\"fr_FR\" \/>\n<meta property=\"og:type\" content=\"article\" \/>\n<meta property=\"og:title\" content=\"Collag\u00e8ne VITALIS\u00c9 Types I, II, V, X (60 g\u00e9lules)\" \/>\n<meta property=\"og:description\" content=\"Wij hebben een ruime keuze aan producten van Collag\u00e8ne VITALIS\u00c9 Types I, II, V, X (60 g\u00e9lules) . Winkel bij Eco Supplements altijd gratis verzending boven 100\u20ac\" \/>\n<meta property=\"og:url\" content=\"https:\/\/ecosupplements.be\/fr\/produit\/vitalized-collagen-types-i-ii-v-x-60-caps\/\" \/>\n<meta property=\"og:site_name\" content=\"ECO Supplements\" \/>\n<meta property=\"article:modified_time\" content=\"2025-08-28T03:44:00+00:00\" \/>\n<meta property=\"og:image\" content=\"https:\/\/ecosupplements.be\/wp-content\/uploads\/2025\/08\/Vitalized-VITALIZED-Collagen-Types-I-II-V-X-60-caps.png\" \/>\n\t<meta property=\"og:image:width\" content=\"459\" \/>\n\t<meta property=\"og:image:height\" content=\"544\" \/>\n\t<meta property=\"og:image:type\" content=\"image\/jpeg\" \/>\n<meta name=\"twitter:card\" content=\"summary_large_image\" \/>\n<meta name=\"twitter:label1\" content=\"Prix\" \/>\n\t<meta name=\"twitter:data1\" content=\"29&nbsp;&euro;\" \/>\n\t<meta name=\"twitter:label2\" content=\"Disponibilit\u00e9\" \/>\n\t<meta name=\"twitter:data2\" content=\"Rupture de stock\" \/>\n<script type=\"application\/ld+json\" class=\"yoast-schema-graph\">{\"@context\":\"https:\\\/\\\/schema.org\",\"@graph\":[{\"@type\":[\"WebPage\",\"ItemPage\"],\"@id\":\"https:\\\/\\\/ecosupplements.be\\\/fr\\\/produit\\\/vitalized-collagen-types-i-ii-v-x-60-caps\\\/\",\"url\":\"https:\\\/\\\/ecosupplements.be\\\/fr\\\/produit\\\/vitalized-collagen-types-i-ii-v-x-60-caps\\\/\",\"name\":\"Collag\u00e8ne VITALIS\u00c9 Types I, II, V, X (60 g\u00e9lules) - ECO Supplements\",\"isPartOf\":{\"@id\":\"https:\\\/\\\/ecosupplements.be\\\/fr\\\/#website\"},\"primaryImageOfPage\":{\"@id\":\"https:\\\/\\\/ecosupplements.be\\\/fr\\\/produit\\\/vitalized-collagen-types-i-ii-v-x-60-caps\\\/#primaryimage\"},\"image\":{\"@id\":\"https:\\\/\\\/ecosupplements.be\\\/fr\\\/produit\\\/vitalized-collagen-types-i-ii-v-x-60-caps\\\/#primaryimage\"},\"thumbnailUrl\":\"https:\\\/\\\/ecosupplements.be\\\/wp-content\\\/uploads\\\/2025\\\/08\\\/Vitalized-VITALIZED-Collagen-Types-I-II-V-X-60-caps.png\",\"datePublished\":\"2025-07-29T18:30:58+00:00\",\"dateModified\":\"2025-08-28T03:44:00+00:00\",\"description\":\"Wij hebben een ruime keuze aan producten van Collag\u00e8ne VITALIS\u00c9 Types I, II, V, X (60 g\u00e9lules) . Winkel bij Eco Supplements altijd gratis verzending boven 100\u20ac\",\"breadcrumb\":{\"@id\":\"https:\\\/\\\/ecosupplements.be\\\/fr\\\/produit\\\/vitalized-collagen-types-i-ii-v-x-60-caps\\\/#breadcrumb\"},\"inLanguage\":\"fr-FR\",\"potentialAction\":[{\"@type\":\"ReadAction\",\"target\":[\"https:\\\/\\\/ecosupplements.be\\\/fr\\\/produit\\\/vitalized-collagen-types-i-ii-v-x-60-caps\\\/\"]}]},{\"@type\":\"ImageObject\",\"inLanguage\":\"fr-FR\",\"@id\":\"https:\\\/\\\/ecosupplements.be\\\/fr\\\/produit\\\/vitalized-collagen-types-i-ii-v-x-60-caps\\\/#primaryimage\",\"url\":\"https:\\\/\\\/ecosupplements.be\\\/wp-content\\\/uploads\\\/2025\\\/08\\\/Vitalized-VITALIZED-Collagen-Types-I-II-V-X-60-caps.png\",\"contentUrl\":\"https:\\\/\\\/ecosupplements.be\\\/wp-content\\\/uploads\\\/2025\\\/08\\\/Vitalized-VITALIZED-Collagen-Types-I-II-V-X-60-caps.png\",\"width\":459,\"height\":544},{\"@type\":\"BreadcrumbList\",\"@id\":\"https:\\\/\\\/ecosupplements.be\\\/fr\\\/produit\\\/vitalized-collagen-types-i-ii-v-x-60-caps\\\/#breadcrumb\",\"itemListElement\":[{\"@type\":\"ListItem\",\"position\":1,\"name\":\"Home\",\"item\":\"https:\\\/\\\/ecosupplements.be\\\/fr\\\/\"},{\"@type\":\"ListItem\",\"position\":2,\"name\":\"Boutique\",\"item\":\"https:\\\/\\\/ecosupplements.be\\\/fr\\\/boutique\\\/\"},{\"@type\":\"ListItem\",\"position\":3,\"name\":\"Collag\u00e8ne VITALIS\u00c9 Types I, II, V, X (60 g\u00e9lules)\"}]},{\"@type\":\"WebSite\",\"@id\":\"https:\\\/\\\/ecosupplements.be\\\/fr\\\/#website\",\"url\":\"https:\\\/\\\/ecosupplements.be\\\/fr\\\/\",\"name\":\"ECO Supplements\",\"description\":\"Eco Supplements - Gezonde supplementen\",\"publisher\":{\"@id\":\"https:\\\/\\\/ecosupplements.be\\\/fr\\\/#organization\"},\"potentialAction\":[{\"@type\":\"SearchAction\",\"target\":{\"@type\":\"EntryPoint\",\"urlTemplate\":\"https:\\\/\\\/ecosupplements.be\\\/fr\\\/?s={search_term_string}\"},\"query-input\":{\"@type\":\"PropertyValueSpecification\",\"valueRequired\":true,\"valueName\":\"search_term_string\"}}],\"inLanguage\":\"fr-FR\"},{\"@type\":\"Organization\",\"@id\":\"https:\\\/\\\/ecosupplements.be\\\/fr\\\/#organization\",\"name\":\"Eco Supplements\",\"url\":\"https:\\\/\\\/ecosupplements.be\\\/fr\\\/\",\"logo\":{\"@type\":\"ImageObject\",\"inLanguage\":\"fr-FR\",\"@id\":\"https:\\\/\\\/ecosupplements.be\\\/fr\\\/#\\\/schema\\\/logo\\\/image\\\/\",\"url\":\"https:\\\/\\\/ecosupplements.be\\\/wp-content\\\/uploads\\\/2022\\\/06\\\/ecosupplement-family.png\",\"contentUrl\":\"https:\\\/\\\/ecosupplements.be\\\/wp-content\\\/uploads\\\/2022\\\/06\\\/ecosupplement-family.png\",\"width\":593,\"height\":374,\"caption\":\"Eco Supplements\"},\"image\":{\"@id\":\"https:\\\/\\\/ecosupplements.be\\\/fr\\\/#\\\/schema\\\/logo\\\/image\\\/\"}}]}<\/script>\n<meta property=\"product:brand\" content=\"Vitalized\" \/>\n<meta property=\"product:price:amount\" content=\"29.00\" \/>\n<meta property=\"product:price:currency\" content=\"EUR\" \/>\n<meta property=\"og:availability\" content=\"out of stock\" \/>\n<meta property=\"product:availability\" content=\"out of stock\" \/>\n<meta property=\"product:retailer_item_id\" content=\"8720648297694\" \/>\n<meta property=\"product:condition\" content=\"new\" \/>\n<!-- \/ Yoast SEO Premium plugin. -->","yoast_head_json":{"title":"Collag\u00e8ne VITALIS\u00c9 Types I, II, V, X (60 g\u00e9lules) - ECO Supplements","description":"Wij hebben een ruime keuze aan producten van Collag\u00e8ne VITALIS\u00c9 Types I, II, V, X (60 g\u00e9lules) . Winkel bij Eco Supplements altijd gratis verzending boven 100\u20ac","robots":{"index":"index","follow":"follow","max-snippet":"max-snippet:-1","max-image-preview":"max-image-preview:large","max-video-preview":"max-video-preview:-1"},"canonical":"https:\/\/ecosupplements.be\/fr\/produit\/vitalized-collagen-types-i-ii-v-x-60-caps\/","og_locale":"fr_FR","og_type":"article","og_title":"Collag\u00e8ne VITALIS\u00c9 Types I, II, V, X (60 g\u00e9lules)","og_description":"Wij hebben een ruime keuze aan producten van Collag\u00e8ne VITALIS\u00c9 Types I, II, V, X (60 g\u00e9lules) . Winkel bij Eco Supplements altijd gratis verzending boven 100\u20ac","og_url":"https:\/\/ecosupplements.be\/fr\/produit\/vitalized-collagen-types-i-ii-v-x-60-caps\/","og_site_name":"ECO Supplements","article_modified_time":"2025-08-28T03:44:00+00:00","og_image":[{"width":459,"height":544,"url":"https:\/\/ecosupplements.be\/wp-content\/uploads\/2025\/08\/Vitalized-VITALIZED-Collagen-Types-I-II-V-X-60-caps.png","type":"image\/jpeg"}],"twitter_card":"summary_large_image","twitter_misc":{"Prix":"29&nbsp;&euro;","Disponibilit\u00e9":"Rupture de stock"},"schema":{"@context":"https:\/\/schema.org","@graph":[{"@type":["WebPage","ItemPage"],"@id":"https:\/\/ecosupplements.be\/fr\/produit\/vitalized-collagen-types-i-ii-v-x-60-caps\/","url":"https:\/\/ecosupplements.be\/fr\/produit\/vitalized-collagen-types-i-ii-v-x-60-caps\/","name":"Collag\u00e8ne VITALIS\u00c9 Types I, II, V, X (60 g\u00e9lules) - ECO Supplements","isPartOf":{"@id":"https:\/\/ecosupplements.be\/fr\/#website"},"primaryImageOfPage":{"@id":"https:\/\/ecosupplements.be\/fr\/produit\/vitalized-collagen-types-i-ii-v-x-60-caps\/#primaryimage"},"image":{"@id":"https:\/\/ecosupplements.be\/fr\/produit\/vitalized-collagen-types-i-ii-v-x-60-caps\/#primaryimage"},"thumbnailUrl":"https:\/\/ecosupplements.be\/wp-content\/uploads\/2025\/08\/Vitalized-VITALIZED-Collagen-Types-I-II-V-X-60-caps.png","datePublished":"2025-07-29T18:30:58+00:00","dateModified":"2025-08-28T03:44:00+00:00","description":"Wij hebben een ruime keuze aan producten van Collag\u00e8ne VITALIS\u00c9 Types I, II, V, X (60 g\u00e9lules) . Winkel bij Eco Supplements altijd gratis verzending boven 100\u20ac","breadcrumb":{"@id":"https:\/\/ecosupplements.be\/fr\/produit\/vitalized-collagen-types-i-ii-v-x-60-caps\/#breadcrumb"},"inLanguage":"fr-FR","potentialAction":[{"@type":"ReadAction","target":["https:\/\/ecosupplements.be\/fr\/produit\/vitalized-collagen-types-i-ii-v-x-60-caps\/"]}]},{"@type":"ImageObject","inLanguage":"fr-FR","@id":"https:\/\/ecosupplements.be\/fr\/produit\/vitalized-collagen-types-i-ii-v-x-60-caps\/#primaryimage","url":"https:\/\/ecosupplements.be\/wp-content\/uploads\/2025\/08\/Vitalized-VITALIZED-Collagen-Types-I-II-V-X-60-caps.png","contentUrl":"https:\/\/ecosupplements.be\/wp-content\/uploads\/2025\/08\/Vitalized-VITALIZED-Collagen-Types-I-II-V-X-60-caps.png","width":459,"height":544},{"@type":"BreadcrumbList","@id":"https:\/\/ecosupplements.be\/fr\/produit\/vitalized-collagen-types-i-ii-v-x-60-caps\/#breadcrumb","itemListElement":[{"@type":"ListItem","position":1,"name":"Home","item":"https:\/\/ecosupplements.be\/fr\/"},{"@type":"ListItem","position":2,"name":"Boutique","item":"https:\/\/ecosupplements.be\/fr\/boutique\/"},{"@type":"ListItem","position":3,"name":"Collag\u00e8ne VITALIS\u00c9 Types I, II, V, X (60 g\u00e9lules)"}]},{"@type":"WebSite","@id":"https:\/\/ecosupplements.be\/fr\/#website","url":"https:\/\/ecosupplements.be\/fr\/","name":"ECO Supplements","description":"Eco Supplements - Gezonde supplementen","publisher":{"@id":"https:\/\/ecosupplements.be\/fr\/#organization"},"potentialAction":[{"@type":"SearchAction","target":{"@type":"EntryPoint","urlTemplate":"https:\/\/ecosupplements.be\/fr\/?s={search_term_string}"},"query-input":{"@type":"PropertyValueSpecification","valueRequired":true,"valueName":"search_term_string"}}],"inLanguage":"fr-FR"},{"@type":"Organization","@id":"https:\/\/ecosupplements.be\/fr\/#organization","name":"Eco Supplements","url":"https:\/\/ecosupplements.be\/fr\/","logo":{"@type":"ImageObject","inLanguage":"fr-FR","@id":"https:\/\/ecosupplements.be\/fr\/#\/schema\/logo\/image\/","url":"https:\/\/ecosupplements.be\/wp-content\/uploads\/2022\/06\/ecosupplement-family.png","contentUrl":"https:\/\/ecosupplements.be\/wp-content\/uploads\/2022\/06\/ecosupplement-family.png","width":593,"height":374,"caption":"Eco Supplements"},"image":{"@id":"https:\/\/ecosupplements.be\/fr\/#\/schema\/logo\/image\/"}}]},"product_brand":"Vitalized","product_price_amount":"29.00","product_price_currency":"EUR","og_availability":"out of stock","product_availability":"out of stock","product_retailer_item_id":"8720648297694","product_condition":"new"},"_links":{"self":[{"href":"https:\/\/ecosupplements.be\/fr\/wp-json\/wp\/v2\/product\/305641","targetHints":{"allow":["GET"]}}],"collection":[{"href":"https:\/\/ecosupplements.be\/fr\/wp-json\/wp\/v2\/product"}],"about":[{"href":"https:\/\/ecosupplements.be\/fr\/wp-json\/wp\/v2\/types\/product"}],"replies":[{"embeddable":true,"href":"https:\/\/ecosupplements.be\/fr\/wp-json\/wp\/v2\/comments?post=305641"}],"wp:featuredmedia":[{"embeddable":true,"href":"https:\/\/ecosupplements.be\/fr\/wp-json\/wp\/v2\/media\/305642"}],"wp:attachment":[{"href":"https:\/\/ecosupplements.be\/fr\/wp-json\/wp\/v2\/media?parent=305641"}],"wp:term":[{"taxonomy":"product_brand","embeddable":true,"href":"https:\/\/ecosupplements.be\/fr\/wp-json\/wp\/v2\/product_brand?post=305641"},{"taxonomy":"product_cat","embeddable":true,"href":"https:\/\/ecosupplements.be\/fr\/wp-json\/wp\/v2\/product_cat?post=305641"},{"taxonomy":"product_tag","embeddable":true,"href":"https:\/\/ecosupplements.be\/fr\/wp-json\/wp\/v2\/product_tag?post=305641"}],"curies":[{"name":"wp","href":"https:\/\/api.w.org\/{rel}","templated":true}]}}