{"id":305670,"date":"2025-07-31T15:15:37","date_gmt":"2025-07-31T14:15:37","guid":{"rendered":"https:\/\/ecosupplements.be\/product\/osavi-4-in-1-mushroom-complex-180-g\/"},"modified":"2025-08-28T04:44:31","modified_gmt":"2025-08-28T03:44:31","slug":"osavi-4-in-1-mushroom-complex-180-g","status":"publish","type":"product","link":"https:\/\/ecosupplements.be\/fr\/produit\/osavi-4-in-1-mushroom-complex-180-g\/","title":{"rendered":"OSAVI 4-in-1 Mushroom Complex (180 g)"},"content":{"rendered":"<p><strong>Sk\u0142adniki:<\/strong><br \/>Inulina, ekstrakt z owocnik\u00f3w sopl\u00f3wki je\u017cowatej (<i>Hericium erinaceus<\/i>)<i>,<\/i>&nbsp;ekstrakt z owocnik\u00f3w maczu\u017cnika chi\u0144skiego (<i>Cordyceps sinensis<\/i>)<i>,<\/i>&nbsp;ekstrakt z owocnik\u00f3w lakownicy \u017c\u00f3\u0142tawej (<i>Ganoderma lucidum<\/i>), ekstrakt z owocnik\u00f3w b\u0142yskoporka podkorowego (<i>Inonotus obliquus<\/i>)<i>.<\/i><\/p>\n<table border=\"1\" style=\"width: 482px;\">\n<tbody>\n<tr>\n<td style=\"width: 306px;\">Zawiera w porcji:<\/td>\n<td style=\"text-align: center; width: 90px;\">1 miarka:<\/td>\n<td style=\"width: 65px;\">\n<p style=\"text-align: center;\">*%RWS<\/p>\n<\/td>\n<\/tr>\n<tr>\n<td style=\"width: 306px;\">Ekstrakt z owocnik\u00f3w sopl\u00f3wki je\u017cowatej (Hericium erinaceus),<\/td>\n<td style=\"text-align: center; width: 90px;\">500 mg<\/td>\n<td style=\"text-align: center; width: 65px;\">&#8211;<\/td>\n<\/tr>\n<tr>\n<td style=\"width: 306px;\">DER 15:1, standaryzowany na min. 30% polisacharyd\u00f3w<\/td>\n<td style=\"width: 90px; text-align: center;\">min. 150 mg<\/td>\n<td style=\"width: 65px; text-align: center;\">&#8211;<\/td>\n<\/tr>\n<tr>\n<td style=\"width: 306px;\">Ekstrakt z owocnik\u00f3w maczu\u017cnika chi\u0144skiego (Cordyceps sinensis),<\/td>\n<td style=\"width: 90px; text-align: center;\">500 mg<\/td>\n<td style=\"width: 65px; text-align: center;\">&#8211;<\/td>\n<\/tr>\n<tr>\n<td style=\"width: 306px;\">DER 20:1, standaryzowany na min. 30% polisacharyd\u00f3w<\/td>\n<td style=\"width: 90px; text-align: center;\">min. 150mg<\/td>\n<td style=\"width: 65px; text-align: center;\">&#8211;<\/td>\n<\/tr>\n<tr>\n<td style=\"width: 306px;\">Ekstrakt z owocnik\u00f3w lakownicy \u017c\u00f3\u0142tawej (Ganoderma lucidum)<\/td>\n<td style=\"width: 90px; text-align: center;\">500 mg<\/td>\n<td style=\"width: 65px; text-align: center;\">&#8211;<\/td>\n<\/tr>\n<tr>\n<td style=\"width: 306px;\">DER 30:1, standaryzowany na min. 30% polisacharyd\u00f3w<\/td>\n<td style=\"width: 90px; text-align: center;\">min. 150 mg<\/td>\n<td style=\"width: 65px; text-align: center;\">&#8211;<\/td>\n<\/tr>\n<tr>\n<td style=\"width: 306px;\">Ekstrakt z owocnik\u00f3w b\u0142yskoporka podkorowego (Inonotus obliquus),<\/td>\n<td style=\"width: 90px; text-align: center;\">500 mg<\/td>\n<td style=\"width: 65px; text-align: center;\">&#8211;<\/td>\n<\/tr>\n<tr>\n<td style=\"width: 306px;\">DER 15:1, standaryzowany na min. 30% polisacharyd\u00f3w<\/td>\n<td style=\"width: 90px; text-align: center;\">min. 150 mg<\/td>\n<td style=\"width: 65px; text-align: center;\">&#8211;<\/td>\n<\/tr>\n<\/tbody>\n<\/table>\n<p>*RWS &#8211; Referencyjna warto\u015b\u0107 spo\u017cycia<\/p>\n<table border=\"1\" cellspacing=\"1\" cellpadding=\"1\" style=\"height: 200px; width: 500px;\">\n<tbody>\n<tr>\n<td style=\"width: 199px;\">Warto\u015b\u0107 od\u017cywcza<\/td>\n<td style=\"width: 88px; text-align: center;\"><strong>1 miarka<\/strong><\/td>\n<td style=\"width: 99px; text-align: center;\"><b>100 g<\/b><\/td>\n<\/tr>\n<tr>\n<td style=\"width: 199px;\">Warto\u015b\u0107 energetyczna<\/td>\n<td style=\"width: 88px; text-align: center;\">30 kJ \/ 7 kcal<\/td>\n<td style=\"width: 99px; text-align: center;\">1506 kJ \/ 362 kcal<\/td>\n<\/tr>\n<tr>\n<td style=\"width: 199px;\">T\u0142uszcz<\/td>\n<td style=\"width: 88px; text-align: center;\">0,1 g<\/td>\n<td style=\"width: 99px; text-align: center;\">3 g<\/td>\n<\/tr>\n<tr>\n<td style=\"width: 199px;\">w tym kwasy t\u0142uszczowe nasycone<\/td>\n<td style=\"width: 88px; text-align: center;\">0 g<\/td>\n<td style=\"width: 99px; text-align: center;\">0 g<\/td>\n<\/tr>\n<tr>\n<td style=\"width: 199px;\">W\u0119glowodany<\/td>\n<td style=\"width: 88px; text-align: center;\">1,1 g<\/td>\n<td style=\"width: 99px; text-align: center;\">52,5 g<\/td>\n<\/tr>\n<tr>\n<td style=\"width: 199px;\">w tym cukry<\/td>\n<td style=\"width: 88px; text-align: center;\">0,1 g<\/td>\n<td style=\"width: 99px; text-align: center;\">4 g<\/td>\n<\/tr>\n<tr>\n<td style=\"width: 199px;\">B\u0142onnik<\/td>\n<td style=\"width: 88px; text-align: center;\">0,9 g<\/td>\n<td style=\"width: 99px; text-align: center;\">53 g<\/td>\n<\/tr>\n<tr>\n<td style=\"width: 199px;\">Bia\u0142ko<\/td>\n<td style=\"width: 88px; text-align: center;\">0,2 g<\/td>\n<td style=\"width: 99px; text-align: center;\">9,4 g<\/td>\n<\/tr>\n<tr>\n<td style=\"width: 199px;\">S\u00f3l<\/td>\n<td style=\"width: 88px; text-align: center;\">0 g<\/td>\n<td style=\"width: 99px; text-align: center;\">0 g<\/td>\n<\/tr>\n<\/tbody>\n<\/table>\n<p><strong>Spos\u00f3b u\u017cycia:<\/strong><\/p>\n<p>1 miarka (3 g) dziennie.<br \/>Dodaj 1 miark\u0119 proszku do 200 ml ulubionego napoju, np. kawy, czy herbaty lub bezpo\u015brednio do posi\u0142ku np. zupy lub smoothie, dok\u0142adnie wymieszaj.<\/p>\n<p><strong>Uwagi:<\/strong><br \/>Nie nale\u017cy przekracza\u0107 zalecanej dziennej porcji.<br \/>Nie zaleca si\u0119 stosowania u dzieci, kobiet w ci\u0105\u017cy i karmi\u0105cych.<br \/>Suplement diety nie mo\u017ce by\u0107 stosowany jako substytut (zamiennik) zr\u00f3\u017cnicowanej diety.<\/p>\n<p><strong>Warunki przechowywania:<\/strong><br \/>Przechowywa\u0107 w ciemnym i suchym miejscu w temperaturze pokojowej, w spos\u00f3b niedost\u0119pny dla ma\u0142ych dzieci.<\/p>\n","protected":false},"excerpt":{"rendered":"<p>Sk\u0142adniki:Inulina, ekstrakt z owocnik\u00f3w sopl\u00f3wki je\u017cowatej (Hericium erinaceus),&nbsp;ekstrakt z owocnik\u00f3w maczu\u017cnika chi\u0144skiego (Cordyceps sinensis),&nbsp;ekstrakt z owocnik\u00f3w lakownicy \u017c\u00f3\u0142tawej (Ganoderma lucidum), ekstrakt z owocnik\u00f3w b\u0142yskoporka podkorowego (Inonotus obliquus). Zawiera w porcji: 1 miarka: *%RWS Ekstrakt z owocnik\u00f3w sopl\u00f3wki je\u017cowatej (Hericium erinaceus), 500 mg &#8211; DER 15:1, standaryzowany na min. 30% polisacharyd\u00f3w min. 150 mg &#8211; Ekstrakt [&#8230;]\n","protected":false},"featured_media":0,"comment_status":"closed","ping_status":"open","template":"","meta":[],"product_brand":[4756],"product_cat":[5168,5053],"product_tag":[],"class_list":{"0":"post-305670","1":"product","2":"type-product","3":"status-publish","5":"product_brand-osavi-2","6":"product_cat-champignons","7":"product_cat-vitamines-et-mineraux","9":"first","10":"outofstock","11":"taxable","12":"shipping-taxable","13":"purchasable","14":"product-type-simple"},"yoast_head":"<!-- This site is optimized with the Yoast SEO Premium plugin v27.3 (Yoast SEO v27.3) - https:\/\/yoast.com\/product\/yoast-seo-premium-wordpress\/ -->\n<title>OSAVI 4-in-1 Mushroom Complex (180 g) - ECO Supplements<\/title>\n<meta name=\"description\" content=\"Wij hebben een ruime keuze aan producten van OSAVI 4-in-1 Mushroom Complex (180 g) . Winkel bij Eco Supplements altijd gratis verzending boven 100\u20ac\" \/>\n<meta name=\"robots\" content=\"index, follow, max-snippet:-1, max-image-preview:large, max-video-preview:-1\" \/>\n<link rel=\"canonical\" href=\"https:\/\/ecosupplements.be\/fr\/produit\/osavi-4-in-1-mushroom-complex-180-g\/\" \/>\n<meta property=\"og:locale\" content=\"fr_FR\" \/>\n<meta property=\"og:type\" content=\"article\" \/>\n<meta property=\"og:title\" content=\"OSAVI 4-in-1 Mushroom Complex (180 g)\" \/>\n<meta property=\"og:description\" content=\"Wij hebben een ruime keuze aan producten van OSAVI 4-in-1 Mushroom Complex (180 g) . Winkel bij Eco Supplements altijd gratis verzending boven 100\u20ac\" \/>\n<meta property=\"og:url\" content=\"https:\/\/ecosupplements.be\/fr\/produit\/osavi-4-in-1-mushroom-complex-180-g\/\" \/>\n<meta property=\"og:site_name\" content=\"ECO Supplements\" \/>\n<meta property=\"article:modified_time\" content=\"2025-08-28T03:44:31+00:00\" \/>\n<meta property=\"og:image\" content=\"https:\/\/ecosupplements.be\/wp-content\/uploads\/2022\/06\/ecosupplement-family.png\" \/>\n\t<meta property=\"og:image:width\" content=\"593\" \/>\n\t<meta property=\"og:image:height\" content=\"374\" \/>\n\t<meta property=\"og:image:type\" content=\"image\/png\" \/>\n<meta name=\"twitter:card\" content=\"summary_large_image\" \/>\n<meta name=\"twitter:label1\" content=\"Prix\" \/>\n\t<meta name=\"twitter:data1\" content=\"29.16&nbsp;&euro;\" \/>\n\t<meta name=\"twitter:label2\" content=\"Disponibilit\u00e9\" \/>\n\t<meta name=\"twitter:data2\" content=\"Rupture de stock\" \/>\n<script type=\"application\/ld+json\" class=\"yoast-schema-graph\">{\"@context\":\"https:\\\/\\\/schema.org\",\"@graph\":[{\"@type\":[\"WebPage\",\"ItemPage\"],\"@id\":\"https:\\\/\\\/ecosupplements.be\\\/fr\\\/produit\\\/osavi-4-in-1-mushroom-complex-180-g\\\/\",\"url\":\"https:\\\/\\\/ecosupplements.be\\\/fr\\\/produit\\\/osavi-4-in-1-mushroom-complex-180-g\\\/\",\"name\":\"OSAVI 4-in-1 Mushroom Complex (180 g) - ECO Supplements\",\"isPartOf\":{\"@id\":\"https:\\\/\\\/ecosupplements.be\\\/fr\\\/#website\"},\"datePublished\":\"2025-07-31T14:15:37+00:00\",\"dateModified\":\"2025-08-28T03:44:31+00:00\",\"description\":\"Wij hebben een ruime keuze aan producten van OSAVI 4-in-1 Mushroom Complex (180 g) . Winkel bij Eco Supplements altijd gratis verzending boven 100\u20ac\",\"breadcrumb\":{\"@id\":\"https:\\\/\\\/ecosupplements.be\\\/fr\\\/produit\\\/osavi-4-in-1-mushroom-complex-180-g\\\/#breadcrumb\"},\"inLanguage\":\"fr-FR\",\"potentialAction\":[{\"@type\":\"ReadAction\",\"target\":[\"https:\\\/\\\/ecosupplements.be\\\/fr\\\/produit\\\/osavi-4-in-1-mushroom-complex-180-g\\\/\"]}]},{\"@type\":\"BreadcrumbList\",\"@id\":\"https:\\\/\\\/ecosupplements.be\\\/fr\\\/produit\\\/osavi-4-in-1-mushroom-complex-180-g\\\/#breadcrumb\",\"itemListElement\":[{\"@type\":\"ListItem\",\"position\":1,\"name\":\"Home\",\"item\":\"https:\\\/\\\/ecosupplements.be\\\/fr\\\/\"},{\"@type\":\"ListItem\",\"position\":2,\"name\":\"Boutique\",\"item\":\"https:\\\/\\\/ecosupplements.be\\\/fr\\\/boutique\\\/\"},{\"@type\":\"ListItem\",\"position\":3,\"name\":\"OSAVI 4-in-1 Mushroom Complex (180 g)\"}]},{\"@type\":\"WebSite\",\"@id\":\"https:\\\/\\\/ecosupplements.be\\\/fr\\\/#website\",\"url\":\"https:\\\/\\\/ecosupplements.be\\\/fr\\\/\",\"name\":\"ECO Supplements\",\"description\":\"Eco Supplements - Gezonde supplementen\",\"publisher\":{\"@id\":\"https:\\\/\\\/ecosupplements.be\\\/fr\\\/#organization\"},\"potentialAction\":[{\"@type\":\"SearchAction\",\"target\":{\"@type\":\"EntryPoint\",\"urlTemplate\":\"https:\\\/\\\/ecosupplements.be\\\/fr\\\/?s={search_term_string}\"},\"query-input\":{\"@type\":\"PropertyValueSpecification\",\"valueRequired\":true,\"valueName\":\"search_term_string\"}}],\"inLanguage\":\"fr-FR\"},{\"@type\":\"Organization\",\"@id\":\"https:\\\/\\\/ecosupplements.be\\\/fr\\\/#organization\",\"name\":\"Eco Supplements\",\"url\":\"https:\\\/\\\/ecosupplements.be\\\/fr\\\/\",\"logo\":{\"@type\":\"ImageObject\",\"inLanguage\":\"fr-FR\",\"@id\":\"https:\\\/\\\/ecosupplements.be\\\/fr\\\/#\\\/schema\\\/logo\\\/image\\\/\",\"url\":\"https:\\\/\\\/ecosupplements.be\\\/wp-content\\\/uploads\\\/2022\\\/06\\\/ecosupplement-family.png\",\"contentUrl\":\"https:\\\/\\\/ecosupplements.be\\\/wp-content\\\/uploads\\\/2022\\\/06\\\/ecosupplement-family.png\",\"width\":593,\"height\":374,\"caption\":\"Eco Supplements\"},\"image\":{\"@id\":\"https:\\\/\\\/ecosupplements.be\\\/fr\\\/#\\\/schema\\\/logo\\\/image\\\/\"}}]}<\/script>\n<meta property=\"product:brand\" content=\"Osavi\" \/>\n<meta property=\"product:price:amount\" content=\"29.16\" \/>\n<meta property=\"product:price:currency\" content=\"EUR\" \/>\n<meta property=\"og:availability\" content=\"out of stock\" \/>\n<meta property=\"product:availability\" content=\"out of stock\" \/>\n<meta property=\"product:retailer_item_id\" content=\"5904139925942\" \/>\n<meta property=\"product:condition\" content=\"new\" \/>\n<!-- \/ Yoast SEO Premium plugin. -->","yoast_head_json":{"title":"OSAVI 4-in-1 Mushroom Complex (180 g) - ECO Supplements","description":"Wij hebben een ruime keuze aan producten van OSAVI 4-in-1 Mushroom Complex (180 g) . Winkel bij Eco Supplements altijd gratis verzending boven 100\u20ac","robots":{"index":"index","follow":"follow","max-snippet":"max-snippet:-1","max-image-preview":"max-image-preview:large","max-video-preview":"max-video-preview:-1"},"canonical":"https:\/\/ecosupplements.be\/fr\/produit\/osavi-4-in-1-mushroom-complex-180-g\/","og_locale":"fr_FR","og_type":"article","og_title":"OSAVI 4-in-1 Mushroom Complex (180 g)","og_description":"Wij hebben een ruime keuze aan producten van OSAVI 4-in-1 Mushroom Complex (180 g) . Winkel bij Eco Supplements altijd gratis verzending boven 100\u20ac","og_url":"https:\/\/ecosupplements.be\/fr\/produit\/osavi-4-in-1-mushroom-complex-180-g\/","og_site_name":"ECO Supplements","article_modified_time":"2025-08-28T03:44:31+00:00","og_image":[{"width":593,"height":374,"url":"https:\/\/ecosupplements.be\/wp-content\/uploads\/2022\/06\/ecosupplement-family.png","type":"image\/png"}],"twitter_card":"summary_large_image","twitter_misc":{"Prix":"29.16&nbsp;&euro;","Disponibilit\u00e9":"Rupture de stock"},"schema":{"@context":"https:\/\/schema.org","@graph":[{"@type":["WebPage","ItemPage"],"@id":"https:\/\/ecosupplements.be\/fr\/produit\/osavi-4-in-1-mushroom-complex-180-g\/","url":"https:\/\/ecosupplements.be\/fr\/produit\/osavi-4-in-1-mushroom-complex-180-g\/","name":"OSAVI 4-in-1 Mushroom Complex (180 g) - ECO Supplements","isPartOf":{"@id":"https:\/\/ecosupplements.be\/fr\/#website"},"datePublished":"2025-07-31T14:15:37+00:00","dateModified":"2025-08-28T03:44:31+00:00","description":"Wij hebben een ruime keuze aan producten van OSAVI 4-in-1 Mushroom Complex (180 g) . Winkel bij Eco Supplements altijd gratis verzending boven 100\u20ac","breadcrumb":{"@id":"https:\/\/ecosupplements.be\/fr\/produit\/osavi-4-in-1-mushroom-complex-180-g\/#breadcrumb"},"inLanguage":"fr-FR","potentialAction":[{"@type":"ReadAction","target":["https:\/\/ecosupplements.be\/fr\/produit\/osavi-4-in-1-mushroom-complex-180-g\/"]}]},{"@type":"BreadcrumbList","@id":"https:\/\/ecosupplements.be\/fr\/produit\/osavi-4-in-1-mushroom-complex-180-g\/#breadcrumb","itemListElement":[{"@type":"ListItem","position":1,"name":"Home","item":"https:\/\/ecosupplements.be\/fr\/"},{"@type":"ListItem","position":2,"name":"Boutique","item":"https:\/\/ecosupplements.be\/fr\/boutique\/"},{"@type":"ListItem","position":3,"name":"OSAVI 4-in-1 Mushroom Complex (180 g)"}]},{"@type":"WebSite","@id":"https:\/\/ecosupplements.be\/fr\/#website","url":"https:\/\/ecosupplements.be\/fr\/","name":"ECO Supplements","description":"Eco Supplements - Gezonde supplementen","publisher":{"@id":"https:\/\/ecosupplements.be\/fr\/#organization"},"potentialAction":[{"@type":"SearchAction","target":{"@type":"EntryPoint","urlTemplate":"https:\/\/ecosupplements.be\/fr\/?s={search_term_string}"},"query-input":{"@type":"PropertyValueSpecification","valueRequired":true,"valueName":"search_term_string"}}],"inLanguage":"fr-FR"},{"@type":"Organization","@id":"https:\/\/ecosupplements.be\/fr\/#organization","name":"Eco Supplements","url":"https:\/\/ecosupplements.be\/fr\/","logo":{"@type":"ImageObject","inLanguage":"fr-FR","@id":"https:\/\/ecosupplements.be\/fr\/#\/schema\/logo\/image\/","url":"https:\/\/ecosupplements.be\/wp-content\/uploads\/2022\/06\/ecosupplement-family.png","contentUrl":"https:\/\/ecosupplements.be\/wp-content\/uploads\/2022\/06\/ecosupplement-family.png","width":593,"height":374,"caption":"Eco Supplements"},"image":{"@id":"https:\/\/ecosupplements.be\/fr\/#\/schema\/logo\/image\/"}}]},"product_brand":"Osavi","product_price_amount":"29.16","product_price_currency":"EUR","og_availability":"out of stock","product_availability":"out of stock","product_retailer_item_id":"5904139925942","product_condition":"new"},"_links":{"self":[{"href":"https:\/\/ecosupplements.be\/fr\/wp-json\/wp\/v2\/product\/305670","targetHints":{"allow":["GET"]}}],"collection":[{"href":"https:\/\/ecosupplements.be\/fr\/wp-json\/wp\/v2\/product"}],"about":[{"href":"https:\/\/ecosupplements.be\/fr\/wp-json\/wp\/v2\/types\/product"}],"replies":[{"embeddable":true,"href":"https:\/\/ecosupplements.be\/fr\/wp-json\/wp\/v2\/comments?post=305670"}],"wp:attachment":[{"href":"https:\/\/ecosupplements.be\/fr\/wp-json\/wp\/v2\/media?parent=305670"}],"wp:term":[{"taxonomy":"product_brand","embeddable":true,"href":"https:\/\/ecosupplements.be\/fr\/wp-json\/wp\/v2\/product_brand?post=305670"},{"taxonomy":"product_cat","embeddable":true,"href":"https:\/\/ecosupplements.be\/fr\/wp-json\/wp\/v2\/product_cat?post=305670"},{"taxonomy":"product_tag","embeddable":true,"href":"https:\/\/ecosupplements.be\/fr\/wp-json\/wp\/v2\/product_tag?post=305670"}],"curies":[{"name":"wp","href":"https:\/\/api.w.org\/{rel}","templated":true}]}}