{"id":305839,"date":"2025-08-10T12:31:03","date_gmt":"2025-08-10T11:31:03","guid":{"rendered":"https:\/\/ecosupplements.be\/product\/curcumin-c3-complex-60-vcaps\/"},"modified":"2025-08-28T04:47:06","modified_gmt":"2025-08-28T03:47:06","slug":"curcumin-c3-complex-60-vcaps","status":"publish","type":"product","link":"https:\/\/ecosupplements.be\/fr\/produit\/curcumin-c3-complex-60-vcaps\/","title":{"rendered":"Complexe de Curcumine C3 &#8211; 60 g\u00e9lules"},"content":{"rendered":"<h2>Curcumin C3 Complex &#8211; 60 vcaps<\/h2>\n<p>D\u00e9couvrez le <strong>Curcumin C3 Complex<\/strong>, un choix parfait pour ceux qui appr\u00e9cient les ingr\u00e9dients naturels dans un mode de vie sain. Ce produit est con\u00e7u avec une attention particuli\u00e8re \u00e0 la qualit\u00e9 et \u00e0 l&#8217;origine naturelle de ses composants.<\/p>\n<p>Fabriqu\u00e9 aux \u00c9tats-Unis, ce compl\u00e9ment se pr\u00e9sente sous forme de capsules v\u00e9g\u00e9tales, contenant chacune un extrait purifi\u00e9 et concentr\u00e9 de curcumine. Chaque flacon contient <strong>60 capsules<\/strong>, facilement int\u00e9grables dans votre routine quotidienne gr\u00e2ce \u00e0 leur format pratique.<\/p>\n<p>Ce produit est \u00e9labor\u00e9 sans ajout inutile, mettant en avant la puret\u00e9 des ingr\u00e9dients. Les capsules sont con\u00e7ues pour \u00eatre simples d&#8217;utilisation, offrant une exp\u00e9rience agr\u00e9able sans go\u00fbt prononc\u00e9.<\/p>\n<p>L&#8217;utilisation recommand\u00e9e est conforme aux standards habituels : consultez l&#8217;emballage pour la dose journali\u00e8re conseill\u00e9e et int\u00e9grez-le simplement \u00e0 votre r\u00e9gime quotidien.<\/p>\n<p>Le <em>Curcumin C3 Complex<\/em> est un excellent choix pour ceux qui recherchent des produits de haute qualit\u00e9 issus d&#8217;ingr\u00e9dients naturels. Il s&#8217;int\u00e8gre harmonieusement dans une d\u00e9marche de vie \u00e9quilibr\u00e9e et active, sans pr\u00e9tendre \u00e0 des effets sur la sant\u00e9.<\/p>\n","protected":false},"excerpt":{"rendered":"<p>Curcumin C3 Complex &#8211; 60 vcaps D\u00e9couvrez le Curcumin C3 Complex, un choix parfait pour ceux qui appr\u00e9cient les ingr\u00e9dients naturels dans un mode de vie sain. Ce produit est con\u00e7u avec une attention particuli\u00e8re \u00e0 la qualit\u00e9 et \u00e0 l&#8217;origine naturelle de ses composants. Fabriqu\u00e9 aux \u00c9tats-Unis, ce compl\u00e9ment se pr\u00e9sente sous forme de [&#8230;]\n","protected":false},"featured_media":279961,"comment_status":"closed","ping_status":"open","template":"","meta":[],"product_brand":[4759],"product_cat":[5052],"product_tag":[],"class_list":{"0":"post-305839","1":"product","2":"type-product","3":"status-publish","4":"has-post-thumbnail","6":"product_brand-revive-2","7":"product_cat-sante-et-bien-etre","9":"first","10":"instock","11":"taxable","12":"shipping-taxable","13":"purchasable","14":"product-type-simple"},"yoast_head":"<!-- This site is optimized with the Yoast SEO Premium plugin v27.3 (Yoast SEO v27.3) - https:\/\/yoast.com\/product\/yoast-seo-premium-wordpress\/ -->\n<title>Complexe de Curcumine C3 - 60 g\u00e9lules - ECO Supplements<\/title>\n<meta name=\"description\" content=\"Wij hebben een ruime keuze aan producten van Complexe de Curcumine C3 - 60 g\u00e9lules . Winkel bij Eco Supplements altijd gratis verzending boven 100\u20ac\" \/>\n<meta name=\"robots\" content=\"index, follow, max-snippet:-1, max-image-preview:large, max-video-preview:-1\" \/>\n<link rel=\"canonical\" href=\"https:\/\/ecosupplements.be\/fr\/produit\/curcumin-c3-complex-60-vcaps\/\" \/>\n<meta property=\"og:locale\" content=\"fr_FR\" \/>\n<meta property=\"og:type\" content=\"article\" \/>\n<meta property=\"og:title\" content=\"Complexe de Curcumine C3 - 60 g\u00e9lules\" \/>\n<meta property=\"og:description\" content=\"Wij hebben een ruime keuze aan producten van Complexe de Curcumine C3 - 60 g\u00e9lules . Winkel bij Eco Supplements altijd gratis verzending boven 100\u20ac\" \/>\n<meta property=\"og:url\" content=\"https:\/\/ecosupplements.be\/fr\/produit\/curcumin-c3-complex-60-vcaps\/\" \/>\n<meta property=\"og:site_name\" content=\"ECO Supplements\" \/>\n<meta property=\"article:modified_time\" content=\"2025-08-28T03:47:06+00:00\" \/>\n<meta property=\"og:image\" content=\"https:\/\/ecosupplements.be\/wp-content\/uploads\/2025\/08\/Revive-Curcumin-C3-Complex-60-vcaps.jpg\" \/>\n\t<meta property=\"og:image:width\" content=\"565\" \/>\n\t<meta property=\"og:image:height\" content=\"793\" \/>\n\t<meta property=\"og:image:type\" content=\"image\/jpeg\" \/>\n<meta name=\"twitter:card\" content=\"summary_large_image\" \/>\n<meta name=\"twitter:label1\" content=\"Prix\" \/>\n\t<meta name=\"twitter:data1\" content=\"36.24&nbsp;&euro;\" \/>\n\t<meta name=\"twitter:label2\" content=\"Disponibilit\u00e9\" \/>\n\t<meta name=\"twitter:data2\" content=\"En stock\" \/>\n<script type=\"application\/ld+json\" class=\"yoast-schema-graph\">{\"@context\":\"https:\\\/\\\/schema.org\",\"@graph\":[{\"@type\":[\"WebPage\",\"ItemPage\"],\"@id\":\"https:\\\/\\\/ecosupplements.be\\\/fr\\\/produit\\\/curcumin-c3-complex-60-vcaps\\\/\",\"url\":\"https:\\\/\\\/ecosupplements.be\\\/fr\\\/produit\\\/curcumin-c3-complex-60-vcaps\\\/\",\"name\":\"Complexe de Curcumine C3 - 60 g\u00e9lules - ECO Supplements\",\"isPartOf\":{\"@id\":\"https:\\\/\\\/ecosupplements.be\\\/fr\\\/#website\"},\"primaryImageOfPage\":{\"@id\":\"https:\\\/\\\/ecosupplements.be\\\/fr\\\/produit\\\/curcumin-c3-complex-60-vcaps\\\/#primaryimage\"},\"image\":{\"@id\":\"https:\\\/\\\/ecosupplements.be\\\/fr\\\/produit\\\/curcumin-c3-complex-60-vcaps\\\/#primaryimage\"},\"thumbnailUrl\":\"https:\\\/\\\/ecosupplements.be\\\/wp-content\\\/uploads\\\/2025\\\/08\\\/Revive-httpswww.powerbody.commediacatalogproductimimage_2025-06-25_685be315e8e1f-1.jpg\",\"datePublished\":\"2025-08-10T11:31:03+00:00\",\"dateModified\":\"2025-08-28T03:47:06+00:00\",\"description\":\"Wij hebben een ruime keuze aan producten van Complexe de Curcumine C3 - 60 g\u00e9lules . Winkel bij Eco Supplements altijd gratis verzending boven 100\u20ac\",\"breadcrumb\":{\"@id\":\"https:\\\/\\\/ecosupplements.be\\\/fr\\\/produit\\\/curcumin-c3-complex-60-vcaps\\\/#breadcrumb\"},\"inLanguage\":\"fr-FR\",\"potentialAction\":[{\"@type\":\"ReadAction\",\"target\":[\"https:\\\/\\\/ecosupplements.be\\\/fr\\\/produit\\\/curcumin-c3-complex-60-vcaps\\\/\"]}]},{\"@type\":\"ImageObject\",\"inLanguage\":\"fr-FR\",\"@id\":\"https:\\\/\\\/ecosupplements.be\\\/fr\\\/produit\\\/curcumin-c3-complex-60-vcaps\\\/#primaryimage\",\"url\":\"https:\\\/\\\/ecosupplements.be\\\/wp-content\\\/uploads\\\/2025\\\/08\\\/Revive-httpswww.powerbody.commediacatalogproductimimage_2025-06-25_685be315e8e1f-1.jpg\",\"contentUrl\":\"https:\\\/\\\/ecosupplements.be\\\/wp-content\\\/uploads\\\/2025\\\/08\\\/Revive-httpswww.powerbody.commediacatalogproductimimage_2025-06-25_685be315e8e1f-1.jpg\",\"width\":565,\"height\":793},{\"@type\":\"BreadcrumbList\",\"@id\":\"https:\\\/\\\/ecosupplements.be\\\/fr\\\/produit\\\/curcumin-c3-complex-60-vcaps\\\/#breadcrumb\",\"itemListElement\":[{\"@type\":\"ListItem\",\"position\":1,\"name\":\"Home\",\"item\":\"https:\\\/\\\/ecosupplements.be\\\/fr\\\/\"},{\"@type\":\"ListItem\",\"position\":2,\"name\":\"Boutique\",\"item\":\"https:\\\/\\\/ecosupplements.be\\\/fr\\\/boutique\\\/\"},{\"@type\":\"ListItem\",\"position\":3,\"name\":\"Complexe de Curcumine C3 &#8211; 60 g\u00e9lules\"}]},{\"@type\":\"WebSite\",\"@id\":\"https:\\\/\\\/ecosupplements.be\\\/fr\\\/#website\",\"url\":\"https:\\\/\\\/ecosupplements.be\\\/fr\\\/\",\"name\":\"ECO Supplements\",\"description\":\"Eco Supplements - Gezonde supplementen\",\"publisher\":{\"@id\":\"https:\\\/\\\/ecosupplements.be\\\/fr\\\/#organization\"},\"potentialAction\":[{\"@type\":\"SearchAction\",\"target\":{\"@type\":\"EntryPoint\",\"urlTemplate\":\"https:\\\/\\\/ecosupplements.be\\\/fr\\\/?s={search_term_string}\"},\"query-input\":{\"@type\":\"PropertyValueSpecification\",\"valueRequired\":true,\"valueName\":\"search_term_string\"}}],\"inLanguage\":\"fr-FR\"},{\"@type\":\"Organization\",\"@id\":\"https:\\\/\\\/ecosupplements.be\\\/fr\\\/#organization\",\"name\":\"Eco Supplements\",\"url\":\"https:\\\/\\\/ecosupplements.be\\\/fr\\\/\",\"logo\":{\"@type\":\"ImageObject\",\"inLanguage\":\"fr-FR\",\"@id\":\"https:\\\/\\\/ecosupplements.be\\\/fr\\\/#\\\/schema\\\/logo\\\/image\\\/\",\"url\":\"https:\\\/\\\/ecosupplements.be\\\/wp-content\\\/uploads\\\/2022\\\/06\\\/ecosupplement-family.png\",\"contentUrl\":\"https:\\\/\\\/ecosupplements.be\\\/wp-content\\\/uploads\\\/2022\\\/06\\\/ecosupplement-family.png\",\"width\":593,\"height\":374,\"caption\":\"Eco Supplements\"},\"image\":{\"@id\":\"https:\\\/\\\/ecosupplements.be\\\/fr\\\/#\\\/schema\\\/logo\\\/image\\\/\"}}]}<\/script>\n<meta property=\"product:brand\" content=\"Revive\" \/>\n<meta property=\"product:price:amount\" content=\"36.24\" \/>\n<meta property=\"product:price:currency\" content=\"EUR\" \/>\n<meta property=\"og:availability\" content=\"instock\" \/>\n<meta property=\"product:availability\" content=\"instock\" \/>\n<meta property=\"product:retailer_item_id\" content=\"850030689658\" \/>\n<meta property=\"product:condition\" content=\"new\" \/>\n<!-- \/ Yoast SEO Premium plugin. -->","yoast_head_json":{"title":"Complexe de Curcumine C3 - 60 g\u00e9lules - ECO Supplements","description":"Wij hebben een ruime keuze aan producten van Complexe de Curcumine C3 - 60 g\u00e9lules . Winkel bij Eco Supplements altijd gratis verzending boven 100\u20ac","robots":{"index":"index","follow":"follow","max-snippet":"max-snippet:-1","max-image-preview":"max-image-preview:large","max-video-preview":"max-video-preview:-1"},"canonical":"https:\/\/ecosupplements.be\/fr\/produit\/curcumin-c3-complex-60-vcaps\/","og_locale":"fr_FR","og_type":"article","og_title":"Complexe de Curcumine C3 - 60 g\u00e9lules","og_description":"Wij hebben een ruime keuze aan producten van Complexe de Curcumine C3 - 60 g\u00e9lules . Winkel bij Eco Supplements altijd gratis verzending boven 100\u20ac","og_url":"https:\/\/ecosupplements.be\/fr\/produit\/curcumin-c3-complex-60-vcaps\/","og_site_name":"ECO Supplements","article_modified_time":"2025-08-28T03:47:06+00:00","og_image":[{"width":565,"height":793,"url":"https:\/\/ecosupplements.be\/wp-content\/uploads\/2025\/08\/Revive-Curcumin-C3-Complex-60-vcaps.jpg","type":"image\/jpeg"}],"twitter_card":"summary_large_image","twitter_misc":{"Prix":"36.24&nbsp;&euro;","Disponibilit\u00e9":"En stock"},"schema":{"@context":"https:\/\/schema.org","@graph":[{"@type":["WebPage","ItemPage"],"@id":"https:\/\/ecosupplements.be\/fr\/produit\/curcumin-c3-complex-60-vcaps\/","url":"https:\/\/ecosupplements.be\/fr\/produit\/curcumin-c3-complex-60-vcaps\/","name":"Complexe de Curcumine C3 - 60 g\u00e9lules - ECO Supplements","isPartOf":{"@id":"https:\/\/ecosupplements.be\/fr\/#website"},"primaryImageOfPage":{"@id":"https:\/\/ecosupplements.be\/fr\/produit\/curcumin-c3-complex-60-vcaps\/#primaryimage"},"image":{"@id":"https:\/\/ecosupplements.be\/fr\/produit\/curcumin-c3-complex-60-vcaps\/#primaryimage"},"thumbnailUrl":"https:\/\/ecosupplements.be\/wp-content\/uploads\/2025\/08\/Revive-httpswww.powerbody.commediacatalogproductimimage_2025-06-25_685be315e8e1f-1.jpg","datePublished":"2025-08-10T11:31:03+00:00","dateModified":"2025-08-28T03:47:06+00:00","description":"Wij hebben een ruime keuze aan producten van Complexe de Curcumine C3 - 60 g\u00e9lules . Winkel bij Eco Supplements altijd gratis verzending boven 100\u20ac","breadcrumb":{"@id":"https:\/\/ecosupplements.be\/fr\/produit\/curcumin-c3-complex-60-vcaps\/#breadcrumb"},"inLanguage":"fr-FR","potentialAction":[{"@type":"ReadAction","target":["https:\/\/ecosupplements.be\/fr\/produit\/curcumin-c3-complex-60-vcaps\/"]}]},{"@type":"ImageObject","inLanguage":"fr-FR","@id":"https:\/\/ecosupplements.be\/fr\/produit\/curcumin-c3-complex-60-vcaps\/#primaryimage","url":"https:\/\/ecosupplements.be\/wp-content\/uploads\/2025\/08\/Revive-httpswww.powerbody.commediacatalogproductimimage_2025-06-25_685be315e8e1f-1.jpg","contentUrl":"https:\/\/ecosupplements.be\/wp-content\/uploads\/2025\/08\/Revive-httpswww.powerbody.commediacatalogproductimimage_2025-06-25_685be315e8e1f-1.jpg","width":565,"height":793},{"@type":"BreadcrumbList","@id":"https:\/\/ecosupplements.be\/fr\/produit\/curcumin-c3-complex-60-vcaps\/#breadcrumb","itemListElement":[{"@type":"ListItem","position":1,"name":"Home","item":"https:\/\/ecosupplements.be\/fr\/"},{"@type":"ListItem","position":2,"name":"Boutique","item":"https:\/\/ecosupplements.be\/fr\/boutique\/"},{"@type":"ListItem","position":3,"name":"Complexe de Curcumine C3 &#8211; 60 g\u00e9lules"}]},{"@type":"WebSite","@id":"https:\/\/ecosupplements.be\/fr\/#website","url":"https:\/\/ecosupplements.be\/fr\/","name":"ECO Supplements","description":"Eco Supplements - Gezonde supplementen","publisher":{"@id":"https:\/\/ecosupplements.be\/fr\/#organization"},"potentialAction":[{"@type":"SearchAction","target":{"@type":"EntryPoint","urlTemplate":"https:\/\/ecosupplements.be\/fr\/?s={search_term_string}"},"query-input":{"@type":"PropertyValueSpecification","valueRequired":true,"valueName":"search_term_string"}}],"inLanguage":"fr-FR"},{"@type":"Organization","@id":"https:\/\/ecosupplements.be\/fr\/#organization","name":"Eco Supplements","url":"https:\/\/ecosupplements.be\/fr\/","logo":{"@type":"ImageObject","inLanguage":"fr-FR","@id":"https:\/\/ecosupplements.be\/fr\/#\/schema\/logo\/image\/","url":"https:\/\/ecosupplements.be\/wp-content\/uploads\/2022\/06\/ecosupplement-family.png","contentUrl":"https:\/\/ecosupplements.be\/wp-content\/uploads\/2022\/06\/ecosupplement-family.png","width":593,"height":374,"caption":"Eco Supplements"},"image":{"@id":"https:\/\/ecosupplements.be\/fr\/#\/schema\/logo\/image\/"}}]},"product_brand":"Revive","product_price_amount":"36.24","product_price_currency":"EUR","og_availability":"instock","product_availability":"instock","product_retailer_item_id":"850030689658","product_condition":"new"},"_links":{"self":[{"href":"https:\/\/ecosupplements.be\/fr\/wp-json\/wp\/v2\/product\/305839","targetHints":{"allow":["GET"]}}],"collection":[{"href":"https:\/\/ecosupplements.be\/fr\/wp-json\/wp\/v2\/product"}],"about":[{"href":"https:\/\/ecosupplements.be\/fr\/wp-json\/wp\/v2\/types\/product"}],"replies":[{"embeddable":true,"href":"https:\/\/ecosupplements.be\/fr\/wp-json\/wp\/v2\/comments?post=305839"}],"wp:featuredmedia":[{"embeddable":true,"href":"https:\/\/ecosupplements.be\/fr\/wp-json\/wp\/v2\/media\/279961"}],"wp:attachment":[{"href":"https:\/\/ecosupplements.be\/fr\/wp-json\/wp\/v2\/media?parent=305839"}],"wp:term":[{"taxonomy":"product_brand","embeddable":true,"href":"https:\/\/ecosupplements.be\/fr\/wp-json\/wp\/v2\/product_brand?post=305839"},{"taxonomy":"product_cat","embeddable":true,"href":"https:\/\/ecosupplements.be\/fr\/wp-json\/wp\/v2\/product_cat?post=305839"},{"taxonomy":"product_tag","embeddable":true,"href":"https:\/\/ecosupplements.be\/fr\/wp-json\/wp\/v2\/product_tag?post=305839"}],"curies":[{"name":"wp","href":"https:\/\/api.w.org\/{rel}","templated":true}]}}