{"id":305860,"date":"2025-08-10T12:31:03","date_gmt":"2025-08-10T11:31:03","guid":{"rendered":"https:\/\/ecosupplements.be\/product\/agewell-40-prostate-support-mixed-berry-300g\/"},"modified":"2025-08-28T04:47:29","modified_gmt":"2025-08-28T03:47:29","slug":"agewell-40-prostate-support-mixed-berry-300g","status":"publish","type":"product","link":"https:\/\/ecosupplements.be\/fr\/produit\/agewell-40-prostate-support-mixed-berry-300g\/","title":{"rendered":"Soutien de la prostate Agewell 40+, Baies M\u00e9lang\u00e9es &#8211; 300g"},"content":{"rendered":"<h2>Agewell 40+ prostate Support,Mixed berry &#8211; 300g<\/h2>\n<p>D\u00e9couvrez Agewell 40+ Prostate Support,un choix parfait pour ceux qui appr\u00e9cient les ingr\u00e9dients naturels dans un mode de vie sain. Ce produit est con\u00e7u avec une attention particuli\u00e8re \u00e0 la qualit\u00e9 et au style de vie actif.<\/p>\n<p><strong>Ingr\u00e9dients principaux :<\/strong> Profitez d&#8217;une composition riche en extraits de plantes et en nutriments essentiels, tous issus de sources naturelles. Chaque portion vous offre une exp\u00e9rience gustative agr\u00e9able gr\u00e2ce \u00e0 son ar\u00f4me naturel de baies m\u00e9lang\u00e9es.<\/p>\n<p><strong>Origine :<\/strong> Fabriqu\u00e9 au Royaume-Uni, ce produit est le r\u00e9sultat d&#8217;un savoir-faire reconnu dans le respect des normes de puret\u00e9 \u00e9lev\u00e9es.<\/p>\n<p><strong>Contenu et emballage :<\/strong> Ce produit est pr\u00e9sent\u00e9 dans un emballage pratique contenant 300g du m\u00e9lange.<\/p>\n<p><strong>Utilisation :<\/strong> Pour une utilisation quotidienne simple, il suffit d&#8217;incorporer la dose recommand\u00e9e dans votre routine matinale ou comme indiqu\u00e9 sur l&#8217;emballage.<\/p>\n<p>Ce compl\u00e9ment alimentaire se distingue par sa facilit\u00e9 d&#8217;utilisation et son go\u00fbt d\u00e9licieux qui en fait un ajout agr\u00e9able \u00e0 votre quotidien. Un choix naturel pour ceux qui cherchent \u00e0 int\u00e9grer des produits de qualit\u00e9 sup\u00e9rieure dans leur routine journali\u00e8re sans compromis sur le go\u00fbt.<\/p>\n","protected":false},"excerpt":{"rendered":"<p>Agewell 40+ prostate Support,Mixed berry &#8211; 300g D\u00e9couvrez Agewell 40+ Prostate Support,un choix parfait pour ceux qui appr\u00e9cient les ingr\u00e9dients naturels dans un mode de vie sain. Ce produit est con\u00e7u avec une attention particuli\u00e8re \u00e0 la qualit\u00e9 et au style de vie actif. Ingr\u00e9dients principaux : Profitez d&#8217;une composition riche en extraits de plantes [&#8230;]\n","protected":false},"featured_media":279982,"comment_status":"closed","ping_status":"open","template":"","meta":[],"product_brand":[4651],"product_cat":[5052],"product_tag":[],"class_list":{"0":"post-305860","1":"product","2":"type-product","3":"status-publish","4":"has-post-thumbnail","6":"product_brand-applied-nutrition-2","7":"product_cat-sante-et-bien-etre","9":"first","10":"instock","11":"taxable","12":"shipping-taxable","13":"purchasable","14":"product-type-simple"},"yoast_head":"<!-- This site is optimized with the Yoast SEO Premium plugin v27.3 (Yoast SEO v27.3) - https:\/\/yoast.com\/product\/yoast-seo-premium-wordpress\/ -->\n<title>Soutien de la prostate Agewell 40+, Baies M\u00e9lang\u00e9es - 300g - ECO Supplements<\/title>\n<meta name=\"description\" content=\"Wij hebben een ruime keuze aan producten van Soutien de la prostate Agewell 40+, Baies M\u00e9lang\u00e9es - 300g . Winkel bij Eco Supplements altijd gratis verzending boven 100\u20ac\" \/>\n<meta name=\"robots\" content=\"index, follow, max-snippet:-1, max-image-preview:large, max-video-preview:-1\" \/>\n<link rel=\"canonical\" href=\"https:\/\/ecosupplements.be\/fr\/produit\/agewell-40-prostate-support-mixed-berry-300g\/\" \/>\n<meta property=\"og:locale\" content=\"fr_FR\" \/>\n<meta property=\"og:type\" content=\"article\" \/>\n<meta property=\"og:title\" content=\"Soutien de la prostate Agewell 40+, Baies M\u00e9lang\u00e9es - 300g\" \/>\n<meta property=\"og:description\" content=\"Wij hebben een ruime keuze aan producten van Soutien de la prostate Agewell 40+, Baies M\u00e9lang\u00e9es - 300g . Winkel bij Eco Supplements altijd gratis verzending boven 100\u20ac\" \/>\n<meta property=\"og:url\" content=\"https:\/\/ecosupplements.be\/fr\/produit\/agewell-40-prostate-support-mixed-berry-300g\/\" \/>\n<meta property=\"og:site_name\" content=\"ECO Supplements\" \/>\n<meta property=\"article:modified_time\" content=\"2025-08-28T03:47:29+00:00\" \/>\n<meta property=\"og:image\" content=\"https:\/\/ecosupplements.be\/wp-content\/uploads\/2025\/08\/Applied-Nutrition-Agewell-40-Prostate-Support-Mixed-Berry-300g.jpg\" \/>\n\t<meta property=\"og:image:width\" content=\"600\" \/>\n\t<meta property=\"og:image:height\" content=\"600\" \/>\n\t<meta property=\"og:image:type\" content=\"image\/jpeg\" \/>\n<meta name=\"twitter:card\" content=\"summary_large_image\" \/>\n<meta name=\"twitter:label1\" content=\"Prix\" \/>\n\t<meta name=\"twitter:data1\" content=\"26.17&nbsp;&euro;\" \/>\n\t<meta name=\"twitter:label2\" content=\"Disponibilit\u00e9\" \/>\n\t<meta name=\"twitter:data2\" content=\"En stock\" \/>\n<script type=\"application\/ld+json\" class=\"yoast-schema-graph\">{\"@context\":\"https:\\\/\\\/schema.org\",\"@graph\":[{\"@type\":[\"WebPage\",\"ItemPage\"],\"@id\":\"https:\\\/\\\/ecosupplements.be\\\/fr\\\/produit\\\/agewell-40-prostate-support-mixed-berry-300g\\\/\",\"url\":\"https:\\\/\\\/ecosupplements.be\\\/fr\\\/produit\\\/agewell-40-prostate-support-mixed-berry-300g\\\/\",\"name\":\"Soutien de la prostate Agewell 40+, Baies M\u00e9lang\u00e9es - 300g - ECO Supplements\",\"isPartOf\":{\"@id\":\"https:\\\/\\\/ecosupplements.be\\\/fr\\\/#website\"},\"primaryImageOfPage\":{\"@id\":\"https:\\\/\\\/ecosupplements.be\\\/fr\\\/produit\\\/agewell-40-prostate-support-mixed-berry-300g\\\/#primaryimage\"},\"image\":{\"@id\":\"https:\\\/\\\/ecosupplements.be\\\/fr\\\/produit\\\/agewell-40-prostate-support-mixed-berry-300g\\\/#primaryimage\"},\"thumbnailUrl\":\"https:\\\/\\\/ecosupplements.be\\\/wp-content\\\/uploads\\\/2025\\\/08\\\/Applied-Nutrition-httpswww.powerbody.commediacatalogproductimimage_2025-06-26_685d412f58af5-1.jpg\",\"datePublished\":\"2025-08-10T11:31:03+00:00\",\"dateModified\":\"2025-08-28T03:47:29+00:00\",\"description\":\"Wij hebben een ruime keuze aan producten van Soutien de la prostate Agewell 40+, Baies M\u00e9lang\u00e9es - 300g . Winkel bij Eco Supplements altijd gratis verzending boven 100\u20ac\",\"breadcrumb\":{\"@id\":\"https:\\\/\\\/ecosupplements.be\\\/fr\\\/produit\\\/agewell-40-prostate-support-mixed-berry-300g\\\/#breadcrumb\"},\"inLanguage\":\"fr-FR\",\"potentialAction\":[{\"@type\":\"ReadAction\",\"target\":[\"https:\\\/\\\/ecosupplements.be\\\/fr\\\/produit\\\/agewell-40-prostate-support-mixed-berry-300g\\\/\"]}]},{\"@type\":\"ImageObject\",\"inLanguage\":\"fr-FR\",\"@id\":\"https:\\\/\\\/ecosupplements.be\\\/fr\\\/produit\\\/agewell-40-prostate-support-mixed-berry-300g\\\/#primaryimage\",\"url\":\"https:\\\/\\\/ecosupplements.be\\\/wp-content\\\/uploads\\\/2025\\\/08\\\/Applied-Nutrition-httpswww.powerbody.commediacatalogproductimimage_2025-06-26_685d412f58af5-1.jpg\",\"contentUrl\":\"https:\\\/\\\/ecosupplements.be\\\/wp-content\\\/uploads\\\/2025\\\/08\\\/Applied-Nutrition-httpswww.powerbody.commediacatalogproductimimage_2025-06-26_685d412f58af5-1.jpg\",\"width\":600,\"height\":600},{\"@type\":\"BreadcrumbList\",\"@id\":\"https:\\\/\\\/ecosupplements.be\\\/fr\\\/produit\\\/agewell-40-prostate-support-mixed-berry-300g\\\/#breadcrumb\",\"itemListElement\":[{\"@type\":\"ListItem\",\"position\":1,\"name\":\"Home\",\"item\":\"https:\\\/\\\/ecosupplements.be\\\/fr\\\/\"},{\"@type\":\"ListItem\",\"position\":2,\"name\":\"Boutique\",\"item\":\"https:\\\/\\\/ecosupplements.be\\\/fr\\\/boutique\\\/\"},{\"@type\":\"ListItem\",\"position\":3,\"name\":\"Soutien de la prostate Agewell 40+, Baies M\u00e9lang\u00e9es &#8211; 300g\"}]},{\"@type\":\"WebSite\",\"@id\":\"https:\\\/\\\/ecosupplements.be\\\/fr\\\/#website\",\"url\":\"https:\\\/\\\/ecosupplements.be\\\/fr\\\/\",\"name\":\"ECO Supplements\",\"description\":\"Eco Supplements - Gezonde supplementen\",\"publisher\":{\"@id\":\"https:\\\/\\\/ecosupplements.be\\\/fr\\\/#organization\"},\"potentialAction\":[{\"@type\":\"SearchAction\",\"target\":{\"@type\":\"EntryPoint\",\"urlTemplate\":\"https:\\\/\\\/ecosupplements.be\\\/fr\\\/?s={search_term_string}\"},\"query-input\":{\"@type\":\"PropertyValueSpecification\",\"valueRequired\":true,\"valueName\":\"search_term_string\"}}],\"inLanguage\":\"fr-FR\"},{\"@type\":\"Organization\",\"@id\":\"https:\\\/\\\/ecosupplements.be\\\/fr\\\/#organization\",\"name\":\"Eco Supplements\",\"url\":\"https:\\\/\\\/ecosupplements.be\\\/fr\\\/\",\"logo\":{\"@type\":\"ImageObject\",\"inLanguage\":\"fr-FR\",\"@id\":\"https:\\\/\\\/ecosupplements.be\\\/fr\\\/#\\\/schema\\\/logo\\\/image\\\/\",\"url\":\"https:\\\/\\\/ecosupplements.be\\\/wp-content\\\/uploads\\\/2022\\\/06\\\/ecosupplement-family.png\",\"contentUrl\":\"https:\\\/\\\/ecosupplements.be\\\/wp-content\\\/uploads\\\/2022\\\/06\\\/ecosupplement-family.png\",\"width\":593,\"height\":374,\"caption\":\"Eco Supplements\"},\"image\":{\"@id\":\"https:\\\/\\\/ecosupplements.be\\\/fr\\\/#\\\/schema\\\/logo\\\/image\\\/\"}}]}<\/script>\n<meta property=\"product:brand\" content=\"Applied Nutrition\" \/>\n<meta property=\"product:price:amount\" content=\"26.17\" \/>\n<meta property=\"product:price:currency\" content=\"EUR\" \/>\n<meta property=\"og:availability\" content=\"instock\" \/>\n<meta property=\"product:availability\" content=\"instock\" \/>\n<meta property=\"product:retailer_item_id\" content=\"5056555210000\" \/>\n<meta property=\"product:condition\" content=\"new\" \/>\n<!-- \/ Yoast SEO Premium plugin. -->","yoast_head_json":{"title":"Soutien de la prostate Agewell 40+, Baies M\u00e9lang\u00e9es - 300g - ECO Supplements","description":"Wij hebben een ruime keuze aan producten van Soutien de la prostate Agewell 40+, Baies M\u00e9lang\u00e9es - 300g . Winkel bij Eco Supplements altijd gratis verzending boven 100\u20ac","robots":{"index":"index","follow":"follow","max-snippet":"max-snippet:-1","max-image-preview":"max-image-preview:large","max-video-preview":"max-video-preview:-1"},"canonical":"https:\/\/ecosupplements.be\/fr\/produit\/agewell-40-prostate-support-mixed-berry-300g\/","og_locale":"fr_FR","og_type":"article","og_title":"Soutien de la prostate Agewell 40+, Baies M\u00e9lang\u00e9es - 300g","og_description":"Wij hebben een ruime keuze aan producten van Soutien de la prostate Agewell 40+, Baies M\u00e9lang\u00e9es - 300g . Winkel bij Eco Supplements altijd gratis verzending boven 100\u20ac","og_url":"https:\/\/ecosupplements.be\/fr\/produit\/agewell-40-prostate-support-mixed-berry-300g\/","og_site_name":"ECO Supplements","article_modified_time":"2025-08-28T03:47:29+00:00","og_image":[{"width":600,"height":600,"url":"https:\/\/ecosupplements.be\/wp-content\/uploads\/2025\/08\/Applied-Nutrition-Agewell-40-Prostate-Support-Mixed-Berry-300g.jpg","type":"image\/jpeg"}],"twitter_card":"summary_large_image","twitter_misc":{"Prix":"26.17&nbsp;&euro;","Disponibilit\u00e9":"En stock"},"schema":{"@context":"https:\/\/schema.org","@graph":[{"@type":["WebPage","ItemPage"],"@id":"https:\/\/ecosupplements.be\/fr\/produit\/agewell-40-prostate-support-mixed-berry-300g\/","url":"https:\/\/ecosupplements.be\/fr\/produit\/agewell-40-prostate-support-mixed-berry-300g\/","name":"Soutien de la prostate Agewell 40+, Baies M\u00e9lang\u00e9es - 300g - ECO Supplements","isPartOf":{"@id":"https:\/\/ecosupplements.be\/fr\/#website"},"primaryImageOfPage":{"@id":"https:\/\/ecosupplements.be\/fr\/produit\/agewell-40-prostate-support-mixed-berry-300g\/#primaryimage"},"image":{"@id":"https:\/\/ecosupplements.be\/fr\/produit\/agewell-40-prostate-support-mixed-berry-300g\/#primaryimage"},"thumbnailUrl":"https:\/\/ecosupplements.be\/wp-content\/uploads\/2025\/08\/Applied-Nutrition-httpswww.powerbody.commediacatalogproductimimage_2025-06-26_685d412f58af5-1.jpg","datePublished":"2025-08-10T11:31:03+00:00","dateModified":"2025-08-28T03:47:29+00:00","description":"Wij hebben een ruime keuze aan producten van Soutien de la prostate Agewell 40+, Baies M\u00e9lang\u00e9es - 300g . Winkel bij Eco Supplements altijd gratis verzending boven 100\u20ac","breadcrumb":{"@id":"https:\/\/ecosupplements.be\/fr\/produit\/agewell-40-prostate-support-mixed-berry-300g\/#breadcrumb"},"inLanguage":"fr-FR","potentialAction":[{"@type":"ReadAction","target":["https:\/\/ecosupplements.be\/fr\/produit\/agewell-40-prostate-support-mixed-berry-300g\/"]}]},{"@type":"ImageObject","inLanguage":"fr-FR","@id":"https:\/\/ecosupplements.be\/fr\/produit\/agewell-40-prostate-support-mixed-berry-300g\/#primaryimage","url":"https:\/\/ecosupplements.be\/wp-content\/uploads\/2025\/08\/Applied-Nutrition-httpswww.powerbody.commediacatalogproductimimage_2025-06-26_685d412f58af5-1.jpg","contentUrl":"https:\/\/ecosupplements.be\/wp-content\/uploads\/2025\/08\/Applied-Nutrition-httpswww.powerbody.commediacatalogproductimimage_2025-06-26_685d412f58af5-1.jpg","width":600,"height":600},{"@type":"BreadcrumbList","@id":"https:\/\/ecosupplements.be\/fr\/produit\/agewell-40-prostate-support-mixed-berry-300g\/#breadcrumb","itemListElement":[{"@type":"ListItem","position":1,"name":"Home","item":"https:\/\/ecosupplements.be\/fr\/"},{"@type":"ListItem","position":2,"name":"Boutique","item":"https:\/\/ecosupplements.be\/fr\/boutique\/"},{"@type":"ListItem","position":3,"name":"Soutien de la prostate Agewell 40+, Baies M\u00e9lang\u00e9es &#8211; 300g"}]},{"@type":"WebSite","@id":"https:\/\/ecosupplements.be\/fr\/#website","url":"https:\/\/ecosupplements.be\/fr\/","name":"ECO Supplements","description":"Eco Supplements - Gezonde supplementen","publisher":{"@id":"https:\/\/ecosupplements.be\/fr\/#organization"},"potentialAction":[{"@type":"SearchAction","target":{"@type":"EntryPoint","urlTemplate":"https:\/\/ecosupplements.be\/fr\/?s={search_term_string}"},"query-input":{"@type":"PropertyValueSpecification","valueRequired":true,"valueName":"search_term_string"}}],"inLanguage":"fr-FR"},{"@type":"Organization","@id":"https:\/\/ecosupplements.be\/fr\/#organization","name":"Eco Supplements","url":"https:\/\/ecosupplements.be\/fr\/","logo":{"@type":"ImageObject","inLanguage":"fr-FR","@id":"https:\/\/ecosupplements.be\/fr\/#\/schema\/logo\/image\/","url":"https:\/\/ecosupplements.be\/wp-content\/uploads\/2022\/06\/ecosupplement-family.png","contentUrl":"https:\/\/ecosupplements.be\/wp-content\/uploads\/2022\/06\/ecosupplement-family.png","width":593,"height":374,"caption":"Eco Supplements"},"image":{"@id":"https:\/\/ecosupplements.be\/fr\/#\/schema\/logo\/image\/"}}]},"product_brand":"Applied Nutrition","product_price_amount":"26.17","product_price_currency":"EUR","og_availability":"instock","product_availability":"instock","product_retailer_item_id":"5056555210000","product_condition":"new"},"_links":{"self":[{"href":"https:\/\/ecosupplements.be\/fr\/wp-json\/wp\/v2\/product\/305860","targetHints":{"allow":["GET"]}}],"collection":[{"href":"https:\/\/ecosupplements.be\/fr\/wp-json\/wp\/v2\/product"}],"about":[{"href":"https:\/\/ecosupplements.be\/fr\/wp-json\/wp\/v2\/types\/product"}],"replies":[{"embeddable":true,"href":"https:\/\/ecosupplements.be\/fr\/wp-json\/wp\/v2\/comments?post=305860"}],"wp:featuredmedia":[{"embeddable":true,"href":"https:\/\/ecosupplements.be\/fr\/wp-json\/wp\/v2\/media\/279982"}],"wp:attachment":[{"href":"https:\/\/ecosupplements.be\/fr\/wp-json\/wp\/v2\/media?parent=305860"}],"wp:term":[{"taxonomy":"product_brand","embeddable":true,"href":"https:\/\/ecosupplements.be\/fr\/wp-json\/wp\/v2\/product_brand?post=305860"},{"taxonomy":"product_cat","embeddable":true,"href":"https:\/\/ecosupplements.be\/fr\/wp-json\/wp\/v2\/product_cat?post=305860"},{"taxonomy":"product_tag","embeddable":true,"href":"https:\/\/ecosupplements.be\/fr\/wp-json\/wp\/v2\/product_tag?post=305860"}],"curies":[{"name":"wp","href":"https:\/\/api.w.org\/{rel}","templated":true}]}}